

{"id":17400,"date":"2025-12-12T06:23:43","date_gmt":"2025-12-12T06:23:43","guid":{"rendered":"https:\/\/vapemaison.com\/?post_type=product&#038;p=17400"},"modified":"2025-12-22T09:18:46","modified_gmt":"2025-12-22T09:18:46","slug":"bang-pi-10k-puff-jednorazowe-vape","status":"publish","type":"product","link":"https:\/\/vapemaison.com\/pl\/product\/bang-pi-10k-puffs-disposable-vape\/","title":{"rendered":"Bang PI 10k Puffs Wy\u015bwietlacz LED Jednorazowy Vape"},"content":{"rendered":"<p>The <strong>Bang PI 10k Puffs <\/strong> Vape jednorazowego u\u017cytku dostarcza do <strong><a href=\"https:\/\/vapemaison.com\/product-category\/puffs-count\/10k-puffs\/\">10k puff<\/a><\/strong>, zapewniaj\u0105c d\u0142ugotrwa\u0142e i satysfakcjonuj\u0105ce doznania podczas waporyzacji. Wyposa\u017cony w <strong>Akumulator o pojemno\u015bci 500 mAh<\/strong> oraz <strong>Wst\u0119pnie nape\u0142niony e-sok o pojemno\u015bci 15 ml<\/strong>, Zapewnia g\u0142adk\u0105 i sp\u00f3jn\u0105 par\u0119 przy ka\u017cdym zaci\u0105gni\u0119ciu. The <strong>Wy\u015bwietlacz LED<\/strong> informuje u\u017cytkownika o poziomie na\u0142adowania baterii i poziomu e-cieczy, zapewniaj\u0105c dodatkow\u0105 wygod\u0119 i p\u0142ynno\u015b\u0107 waporyzacji. Do wyboru <strong>10 opcji smakowych<\/strong> i dostosuj swoje doznania dzi\u0119ki nikotynie o mocy od <strong>0%, 2%, 3% i 5%<\/strong>. Pakowane w zestawy <strong>10 waporyzator\u00f3w w pude\u0142ku ekspozycyjnym<\/strong>, To urz\u0105dzenie jest idealne zar\u00f3wno do u\u017cytku osobistego, jak i do udost\u0119pniania znajomym.<\/p>\n\n\n\n<h3 class=\"wp-block-heading\">Bang PI 10k Puffs <strong>Kluczowe cechy<\/strong><\/h3>\n\n\n\n<ul class=\"wp-block-list\">\n<li><strong>Pojemno\u015b\u0107 e-liquidu<\/strong>: <strong>Wst\u0119pnie nape\u0142niony 15 ml<\/strong><\/li>\n\n\n\n<li><strong>Si\u0142a nikotyny<\/strong>: <strong>0%, 2%, 3%, 5%<\/strong><\/li>\n\n\n\n<li><strong>Bateria<\/strong>: <strong>Akumulator 500 mAh<\/strong><\/li>\n\n\n\n<li><strong>Wy\u015bwietlacz<\/strong>: <strong>Wy\u015bwietlacz LED<\/strong> dla stanu baterii i e-cieczy<\/li>\n\n\n\n<li><strong>Opakowanie<\/strong>: <strong>10 waporyzator\u00f3w w pude\u0142ku ekspozycyjnym<\/strong><\/li>\n<\/ul>\n\n\n\n<h3 class=\"wp-block-heading\"><strong>Lista smak\u00f3w<\/strong><\/h3>\n\n\n\n<ul class=\"wp-block-list\">\n<li>Brzoskwinia Mango Arbuz<\/li>\n\n\n\n<li>Truskawka Kiwi<\/li>\n\n\n\n<li>Americano<\/li>\n\n\n\n<li>Lody z mango<\/li>\n\n\n\n<li>Arbuzowy l\u00f3d<\/li>\n\n\n\n<li>Kwa\u015bne jab\u0142ko malina<\/li>\n\n\n\n<li>Kiwi Passion Fruit Guava<\/li>\n\n\n\n<li>Arbuz truskawkowy<\/li>\n\n\n\n<li>Royal Grape Ice<\/li>\n\n\n\n<li>L\u00f3d jagodowy<\/li>\n<\/ul>\n\n\n\n<p>Fani produkt\u00f3w Bang cz\u0119sto eksploruj\u0105 nasz\u0105 pe\u0142n\u0105 ofert\u0119, aby znale\u017a\u0107 sw\u00f3j idealny waporyzator. Zacznij od <a href=\"https:\/\/vapemaison.com\">strona g\u0142\u00f3wna<\/a>, odkryj wszystkie produkty w naszym <a href=\"https:\/\/vapemaison.com\/shop\">sklep<\/a>, lub zanurzy\u0107 si\u0119 w <a href=\"https:\/\/vapemaison.com\/brand\/bang\">Marka Bang<\/a> aby zobaczy\u0107 pe\u0142n\u0105 ofert\u0119. Szukasz czego\u015b innego? Nasz <a href=\"https:\/\/vapemaison.com\/brand\/waspe\">Kolekcja WASPE<\/a> oraz <a href=\"https:\/\/vapemaison.com\/product-category\/puffs-count\/\">Kategoria Puffy<\/a> maj\u0105 wiele opcji dla ka\u017cdego wapera.<\/p>","protected":false},"excerpt":{"rendered":"<div id=\"model-response-message-contentr_7a2668d875d9bfa0\" class=\"markdown markdown-main-panel stronger enable-updated-hr-color\" dir=\"ltr\" aria-live=\"polite\" aria-busy=\"false\">\n<p data-path-to-node=\"0\">Ciesz si\u0119 10 000 p\u0142ynnych zaci\u0105gni\u0119\u0107 i wyra\u017anym wy\u015bwietlaczem LED do \u015bledzenia stanu baterii i p\u0142ynu w czasie rzeczywistym w kompaktowej, wst\u0119pnie nape\u0142nionej konstrukcji o pojemno\u015bci 15 ml. Wybierz sw\u00f3j ulubiony smak i poziom nikotyny ju\u017c dzi\u015b, aby zapewni\u0107 sobie niezawodn\u0105 codzienn\u0105 jazd\u0119, dop\u00f3ki dost\u0119pne s\u0105 nasze aktualne zapasy i promocyjna wysy\u0142ka.<\/p>\n<\/div>","protected":false},"featured_media":17441,"comment_status":"open","ping_status":"closed","template":"","meta":[],"product_brand":[57],"product_cat":[132],"product_tag":[],"class_list":{"0":"post-17400","1":"product","2":"type-product","3":"status-publish","4":"has-post-thumbnail","6":"product_brand-bang","7":"product_cat-10k-puffs","9":"first","10":"instock","11":"sale","12":"shipping-taxable","13":"purchasable","14":"product-type-variable"},"yoast_head":"<!-- This site is optimized with the Yoast SEO plugin v27.4 - https:\/\/yoast.com\/product\/yoast-seo-wordpress\/ -->\n<title>Bang PI 10k Puffs Disposable Vape \u2013 with LED Display - VapeMaison<\/title>\n<meta name=\"description\" content=\"Enjoy 10k puffs with the Bang PI10000 Vape. Featuring 15ml e-liquid, 10 flavors, and an LED display for battery and e-liquid levels.\" \/>\n<meta name=\"robots\" content=\"index, follow, max-snippet:-1, max-image-preview:large, max-video-preview:-1\" \/>\n<link rel=\"canonical\" href=\"https:\/\/vapemaison.com\/pl\/produkt\/bang-pi-10k-puff-jednorazowe-vape\/\" \/>\n<meta property=\"og:locale\" content=\"pl_PL\" \/>\n<meta property=\"og:type\" content=\"article\" \/>\n<meta property=\"og:title\" content=\"Bang PI 10k Puffs Disposable Vape \u2013 with LED Display - VapeMaison\" \/>\n<meta property=\"og:description\" content=\"Enjoy 10k puffs with the Bang PI10000 Vape. Featuring 15ml e-liquid, 10 flavors, and an LED display for battery and e-liquid levels.\" \/>\n<meta property=\"og:url\" content=\"https:\/\/vapemaison.com\/pl\/produkt\/bang-pi-10k-puff-jednorazowe-vape\/\" \/>\n<meta property=\"og:site_name\" content=\"VapeMaison\" \/>\n<meta property=\"article:modified_time\" content=\"2025-12-22T09:18:46+00:00\" \/>\n<meta property=\"og:image\" content=\"https:\/\/vapemaison.com\/wp-content\/uploads\/2025\/12\/vape-bang-PI10000-puffs-00001.webp\" \/>\n\t<meta property=\"og:image:width\" content=\"800\" \/>\n\t<meta property=\"og:image:height\" content=\"800\" \/>\n\t<meta property=\"og:image:type\" content=\"image\/webp\" \/>\n<meta name=\"twitter:card\" content=\"summary_large_image\" \/>\n<meta name=\"twitter:label1\" content=\"Szacowany czas czytania\" \/>\n\t<meta name=\"twitter:data1\" content=\"1 minuta\" \/>\n<!-- \/ Yoast SEO plugin. -->","yoast_head_json":{"title":"Bang PI 10k Puffs jednorazowy Vape - z wy\u015bwietlaczem LED - VapeMaison","description":"Ciesz si\u0119 10 tysi\u0105cami zaci\u0105gni\u0119\u0107 dzi\u0119ki Bang PI10000 Vape. Wyposa\u017cony w 15 ml e-liquidu, 10 smak\u00f3w i wy\u015bwietlacz LED poziomu baterii i e-liquidu.","robots":{"index":"index","follow":"follow","max-snippet":"max-snippet:-1","max-image-preview":"max-image-preview:large","max-video-preview":"max-video-preview:-1"},"canonical":"https:\/\/vapemaison.com\/pl\/produkt\/bang-pi-10k-puff-jednorazowe-vape\/","og_locale":"pl_PL","og_type":"article","og_title":"Bang PI 10k Puffs Disposable Vape \u2013 with LED Display - VapeMaison","og_description":"Enjoy 10k puffs with the Bang PI10000 Vape. Featuring 15ml e-liquid, 10 flavors, and an LED display for battery and e-liquid levels.","og_url":"https:\/\/vapemaison.com\/pl\/produkt\/bang-pi-10k-puff-jednorazowe-vape\/","og_site_name":"VapeMaison","article_modified_time":"2025-12-22T09:18:46+00:00","og_image":[{"width":800,"height":800,"url":"https:\/\/vapemaison.com\/wp-content\/uploads\/2025\/12\/vape-bang-PI10000-puffs-00001.webp","type":"image\/webp"}],"twitter_card":"summary_large_image","twitter_misc":{"Szacowany czas czytania":"1 minuta"},"schema":{"@context":"https:\/\/schema.org","@graph":[{"@type":"WebPage","@id":"https:\/\/vapemaison.com\/product\/bang-pi-10k-puffs-disposable-vape\/","url":"https:\/\/vapemaison.com\/product\/bang-pi-10k-puffs-disposable-vape\/","name":"Bang PI 10k Puffs jednorazowy Vape - z wy\u015bwietlaczem LED - VapeMaison","isPartOf":{"@id":"https:\/\/vapemaison.com\/#website"},"primaryImageOfPage":{"@id":"https:\/\/vapemaison.com\/product\/bang-pi-10k-puffs-disposable-vape\/#primaryimage"},"image":{"@id":"https:\/\/vapemaison.com\/product\/bang-pi-10k-puffs-disposable-vape\/#primaryimage"},"thumbnailUrl":"https:\/\/vapemaison.com\/wp-content\/uploads\/2025\/12\/vape-bang-PI10000-puffs-00001.webp","datePublished":"2025-12-12T06:23:43+00:00","dateModified":"2025-12-22T09:18:46+00:00","description":"Ciesz si\u0119 10 tysi\u0105cami zaci\u0105gni\u0119\u0107 dzi\u0119ki Bang PI10000 Vape. Wyposa\u017cony w 15 ml e-liquidu, 10 smak\u00f3w i wy\u015bwietlacz LED poziomu baterii i e-liquidu.","breadcrumb":{"@id":"https:\/\/vapemaison.com\/product\/bang-pi-10k-puffs-disposable-vape\/#breadcrumb"},"inLanguage":"pl-PL","potentialAction":[{"@type":"ReadAction","target":["https:\/\/vapemaison.com\/product\/bang-pi-10k-puffs-disposable-vape\/"]}]},{"@type":"ImageObject","inLanguage":"pl-PL","@id":"https:\/\/vapemaison.com\/product\/bang-pi-10k-puffs-disposable-vape\/#primaryimage","url":"https:\/\/vapemaison.com\/wp-content\/uploads\/2025\/12\/vape-bang-PI10000-puffs-00001.webp","contentUrl":"https:\/\/vapemaison.com\/wp-content\/uploads\/2025\/12\/vape-bang-PI10000-puffs-00001.webp","width":800,"height":800,"caption":"vape-bang-PI10000-puffs-00001"},{"@type":"BreadcrumbList","@id":"https:\/\/vapemaison.com\/product\/bang-pi-10k-puffs-disposable-vape\/#breadcrumb","itemListElement":[{"@type":"ListItem","position":1,"name":"\u9996\u9875","item":"https:\/\/vapemaison.com\/"},{"@type":"ListItem","position":2,"name":"Shop","item":"https:\/\/vapemaison.com\/shop\/"},{"@type":"ListItem","position":3,"name":"Bang","item":"https:\/\/vapemaison.com\/brand\/bang\/"},{"@type":"ListItem","position":4,"name":"Bang PI 10k Puffs LED Display Disposable Vape"}]},{"@type":"WebSite","@id":"https:\/\/vapemaison.com\/#website","url":"https:\/\/vapemaison.com\/","name":"VapeMaison","description":"Wysokiej jako\u015bci urz\u0105dzenia i akcesoria do waporyzacji","publisher":{"@id":"https:\/\/vapemaison.com\/#organization"},"potentialAction":[{"@type":"SearchAction","target":{"@type":"EntryPoint","urlTemplate":"https:\/\/vapemaison.com\/?s={search_term_string}"},"query-input":{"@type":"PropertyValueSpecification","valueRequired":true,"valueName":"search_term_string"}}],"inLanguage":"pl-PL"},{"@type":"Organization","@id":"https:\/\/vapemaison.com\/#organization","name":"VapeMaison","url":"https:\/\/vapemaison.com\/","logo":{"@type":"ImageObject","inLanguage":"pl-PL","@id":"https:\/\/vapemaison.com\/#\/schema\/logo\/image\/","url":"https:\/\/vapemaison.com\/wp-content\/uploads\/2026\/01\/cropped-vapemaison-logo-g-2026.webp","contentUrl":"https:\/\/vapemaison.com\/wp-content\/uploads\/2026\/01\/cropped-vapemaison-logo-g-2026.webp","width":350,"height":280,"caption":"VapeMaison"},"image":{"@id":"https:\/\/vapemaison.com\/#\/schema\/logo\/image\/"},"sameAs":["https:\/\/www.youtube.com\/@VapeMaison"]}]}},"tiered_pricing_type":"fixed","tiered_pricing_fixed_rules":{"30":"6.99","50":"6.54","100":"5.99","200":"5.69"},"tiered_pricing_product_settings":{"layout":"default","base_unit_name":{"singular":null,"plural":null},"default_variation":null},"tiered_pricing_minimum_quantity":10,"tiered_pricing_roles_data":[],"tiered_pricing_percentage_rules":[],"tiered_pricing_maximum_quantity":null,"tiered_pricing_quantity_step":"10","_links":{"self":[{"href":"https:\/\/vapemaison.com\/pl\/wp-json\/wp\/v2\/product\/17400","targetHints":{"allow":["GET"]}}],"collection":[{"href":"https:\/\/vapemaison.com\/pl\/wp-json\/wp\/v2\/product"}],"about":[{"href":"https:\/\/vapemaison.com\/pl\/wp-json\/wp\/v2\/types\/product"}],"replies":[{"embeddable":true,"href":"https:\/\/vapemaison.com\/pl\/wp-json\/wp\/v2\/comments?post=17400"}],"version-history":[{"count":0,"href":"https:\/\/vapemaison.com\/pl\/wp-json\/wp\/v2\/product\/17400\/revisions"}],"wp:featuredmedia":[{"embeddable":true,"href":"https:\/\/vapemaison.com\/pl\/wp-json\/wp\/v2\/media\/17441"}],"wp:attachment":[{"href":"https:\/\/vapemaison.com\/pl\/wp-json\/wp\/v2\/media?parent=17400"}],"wp:term":[{"taxonomy":"product_brand","embeddable":true,"href":"https:\/\/vapemaison.com\/pl\/wp-json\/wp\/v2\/product_brand?post=17400"},{"taxonomy":"product_cat","embeddable":true,"href":"https:\/\/vapemaison.com\/pl\/wp-json\/wp\/v2\/product_cat?post=17400"},{"taxonomy":"product_tag","embeddable":true,"href":"https:\/\/vapemaison.com\/pl\/wp-json\/wp\/v2\/product_tag?post=17400"}],"curies":[{"name":"wp","href":"https:\/\/api.w.org\/{rel}","templated":true}]}}