

{"id":17454,"date":"2025-12-12T06:39:43","date_gmt":"2025-12-12T06:39:43","guid":{"rendered":"https:\/\/vapemaison.com\/?post_type=product&#038;p=17454"},"modified":"2025-12-22T09:18:42","modified_gmt":"2025-12-22T09:18:42","slug":"bang-shisha-15000-puffow-jednorazowe-vape","status":"publish","type":"product","link":"https:\/\/vapemaison.com\/pl\/product\/bang-shisha-15000-puffs-disposable-vape\/","title":{"rendered":"Bang SHISHA 15000 Puff\u00f3w jednorazowego u\u017cytku Vape"},"content":{"rendered":"<p>The <strong>Bang SHISHA 15000 Puffs<\/strong> Jednorazowy papieros elektroniczny zosta\u0142 zaprojektowany dla tych, kt\u00f3rzy szukaj\u0105 wci\u0105gaj\u0105cego <strong>Bezpo\u015brednio do p\u0142uc (DTL)<\/strong> do\u015bwiadczenie waporyzacji. Dzi\u0119ki imponuj\u0105cej <strong>15 000 zaci\u0105gni\u0119\u0107<\/strong>, To urz\u0105dzenie zosta\u0142o zaprojektowane, aby zapewni\u0107 d\u0142ugotrwa\u0142\u0105 przyjemno\u015b\u0107 z u\u017cytkowania. Charakteryzuje si\u0119 du\u017c\u0105 pojemno\u015bci\u0105 <strong>Bateria 600 mAh<\/strong> i hojny <strong>Obj\u0119to\u015b\u0107 wtrysku oleju 23 ml<\/strong>, zapewniaj\u0105c d\u0142u\u017csze sesje waporyzacji bez konieczno\u015bci cz\u0119stego uzupe\u0142niania.<\/p>\n\n\n\n<p>Dost\u0119pne z dostosowywanymi mocami nikotyny <strong>0%, 2%, 3% i 5%<\/strong>, Ten vape zaspokaja r\u00f3\u017cnorodne preferencje, zapewniaj\u0105c p\u0142ynne i satysfakcjonuj\u0105ce zasysanie p\u0142uc. The <strong>18 opcji smakowych<\/strong> oferuj\u0105 szerok\u0105 gam\u0119 opcji na ka\u017cdy gust. Niezale\u017cnie od tego, czy masz ochot\u0119 na owocowe doznania, czy orze\u017awiaj\u0105cy lodowy kopniak, oferta <strong>Bang SHISHA<\/strong> zapewnia satysfakcjonuj\u0105ce doznania podczas waporyzacji. Idealny dla tych, kt\u00f3rzy preferuj\u0105 <strong>DTL<\/strong> vaping, \u0142\u0105czy wydajno\u015b\u0107, wygod\u0119 i smak w jednej eleganckiej konstrukcji.<\/p>\n\n\n\n<h3 class=\"wp-block-heading\"><strong>Kluczowe cechy<\/strong><\/h3>\n\n\n\n<figure class=\"wp-block-table\"><table class=\"has-fixed-layout\"><thead><tr><th><strong>Cecha<\/strong><\/th><th><strong>Specyfikacja<\/strong><\/th><\/tr><\/thead><tbody><tr><td><strong>Puffy<\/strong><\/td><td>Do <strong>15 000 zaci\u0105gni\u0119\u0107<\/strong><\/td><\/tr><tr><td><strong>Bateria<\/strong><\/td><td><strong>Akumulator 600 mAh<\/strong><\/td><\/tr><tr><td><strong>Obj\u0119to\u015b\u0107 wtrysku oleju<\/strong><\/td><td><strong>Wst\u0119pnie nape\u0142niony 23 ml<\/strong><\/td><\/tr><tr><td><strong>Si\u0142a nikotyny<\/strong><\/td><td><strong>0%, 2%, 3%, 5%<\/strong><\/td><\/tr><tr><td><strong>Typ waporyzacji<\/strong><\/td><td><strong>Bezpo\u015brednio do p\u0142uc (DTL)<\/strong><\/td><\/tr><tr><td><strong>Smaki<\/strong><\/td><td><strong>18 r\u00f3\u017cnorodnych opcji<\/strong><\/td><\/tr><\/tbody><\/table><\/figure>\n\n\n\n<h3 class=\"wp-block-heading\"><strong>Lista smak\u00f3w<\/strong><\/h3>\n\n\n\n<ul class=\"wp-block-list\">\n<li>L\u00f3d jagodowy<\/li>\n\n\n\n<li>Blue Razz Ice<\/li>\n\n\n\n<li>Arbuz wi\u015bniowy<\/li>\n\n\n\n<li>Mro\u017cone jab\u0142ko<\/li>\n\n\n\n<li>Gum Mint<\/li>\n\n\n\n<li>Mango Banana<\/li>\n\n\n\n<li>Mix Berry Ice<\/li>\n\n\n\n<li>Ananas Kokos<\/li>\n\n\n\n<li>Red Berry Slush<\/li>\n\n\n\n<li>Kiwi Passionfruit Guava<\/li>\n\n\n\n<li>\u017burawina Winogrono<\/li>\n\n\n\n<li>L\u00f3d truskawkowy<\/li>\n\n\n\n<li>Truskawka Kiwi<\/li>\n\n\n\n<li>Cukierki truskawkowo-malinowe<\/li>\n\n\n\n<li>Arbuzowy l\u00f3d<\/li>\n\n\n\n<li>Soczyste brzoskwinie<\/li>\n\n\n\n<li>Brzoskwinia Mango Arbuz<\/li>\n\n\n\n<li>Watermelon Strawberry Bubblegum<\/li>\n<\/ul>\n\n\n\n<p>Fani produkt\u00f3w Bang cz\u0119sto eksploruj\u0105 nasz\u0105 pe\u0142n\u0105 ofert\u0119, aby znale\u017a\u0107 sw\u00f3j idealny waporyzator. Zacznij od <a href=\"https:\/\/vapemaison.com\">strona g\u0142\u00f3wna<\/a>, odkryj wszystkie produkty w naszym <a href=\"https:\/\/vapemaison.com\/shop\">sklep<\/a>, lub zanurzy\u0107 si\u0119 w <a href=\"https:\/\/vapemaison.com\/brand\/bang\">Marka Bang<\/a> aby zobaczy\u0107 pe\u0142n\u0105 ofert\u0119. Szukasz czego\u015b innego? Nasz <a href=\"https:\/\/vapemaison.com\/brand\/waspe\">Kolekcja WASPE<\/a> oraz <a href=\"https:\/\/vapemaison.com\/product-category\/puffs-count\/\">Kategoria Puffy<\/a> maj\u0105 wiele opcji dla ka\u017cdego wapera.<\/p>","protected":false},"excerpt":{"rendered":"<div id=\"model-response-message-contentr_ea460eeb7b56c70d\" class=\"markdown markdown-main-panel stronger enable-updated-hr-color\" dir=\"ltr\" aria-live=\"polite\" aria-busy=\"false\">\n<p data-path-to-node=\"0\">Zanurz si\u0119 we wci\u0105gaj\u0105cym do\u015bwiadczeniu DTL z 15 000 zaci\u0105gni\u0119\u0107 i ogromnym zbiornikiem o pojemno\u015bci 23 ml, zaprojektowanym z my\u015bl\u0105 o g\u0142\u0119bokich, aromatycznych chmurach. Wybieraj spo\u015br\u00f3d 18 najwy\u017cszej jako\u015bci smak\u00f3w inspirowanych shish\u0105 i zapewnij sobie preferowan\u0105 moc nikotyny ju\u017c dzi\u015b, aby cieszy\u0107 si\u0119 naszymi aktualnymi oszcz\u0119dno\u015bciami przy zakupach hurtowych i szybk\u0105 dostaw\u0105 mi\u0119dzynarodow\u0105.<\/p>\n<\/div>","protected":false},"featured_media":17506,"comment_status":"open","ping_status":"closed","template":"","meta":[],"product_brand":[57],"product_cat":[167],"product_tag":[],"class_list":{"0":"post-17454","1":"product","2":"type-product","3":"status-publish","4":"has-post-thumbnail","6":"product_brand-bang","7":"product_cat-15k-puffs","9":"first","10":"instock","11":"sale","12":"shipping-taxable","13":"purchasable","14":"product-type-variable"},"yoast_head":"<!-- This site is optimized with the Yoast SEO plugin v27.4 - https:\/\/yoast.com\/product\/yoast-seo-wordpress\/ -->\n<title>Bang SHISHA 15000 Puffs Disposable Vape \u2013 To Lung Experience - VapeMaison<\/title>\n<meta name=\"description\" content=\"Enjoy 15,000 puffs with the Bang SHISHA Vape. 23ml e-liquid, 18 flavors, and customizable nicotine options. Perfect for Direct To Lung (DTL) vaping.\" \/>\n<meta name=\"robots\" content=\"index, follow, max-snippet:-1, max-image-preview:large, max-video-preview:-1\" \/>\n<link rel=\"canonical\" href=\"https:\/\/vapemaison.com\/pl\/produkt\/bang-shisha-15000-puffow-jednorazowe-vape\/\" \/>\n<meta property=\"og:locale\" content=\"pl_PL\" \/>\n<meta property=\"og:type\" content=\"article\" \/>\n<meta property=\"og:title\" content=\"Bang SHISHA 15000 Puffs Disposable Vape \u2013 To Lung Experience - VapeMaison\" \/>\n<meta property=\"og:description\" content=\"Enjoy 15,000 puffs with the Bang SHISHA Vape. 23ml e-liquid, 18 flavors, and customizable nicotine options. Perfect for Direct To Lung (DTL) vaping.\" \/>\n<meta property=\"og:url\" content=\"https:\/\/vapemaison.com\/pl\/produkt\/bang-shisha-15000-puffow-jednorazowe-vape\/\" \/>\n<meta property=\"og:site_name\" content=\"VapeMaison\" \/>\n<meta property=\"article:modified_time\" content=\"2025-12-22T09:18:42+00:00\" \/>\n<meta property=\"og:image\" content=\"https:\/\/vapemaison.com\/wp-content\/uploads\/2025\/12\/vape-bang-shi-sha-15000-puffs-1.webp\" \/>\n\t<meta property=\"og:image:width\" content=\"1000\" \/>\n\t<meta property=\"og:image:height\" content=\"1000\" \/>\n\t<meta property=\"og:image:type\" content=\"image\/webp\" \/>\n<meta name=\"twitter:card\" content=\"summary_large_image\" \/>\n<meta name=\"twitter:label1\" content=\"Szacowany czas czytania\" \/>\n\t<meta name=\"twitter:data1\" content=\"2 minuty\" \/>\n<!-- \/ Yoast SEO plugin. -->","yoast_head_json":{"title":"Bang SHISHA 15000 Puffs Jednorazowe Vape - To Lung Experience - VapeMaison","description":"Ciesz si\u0119 15 000 zaci\u0105gni\u0119\u0107 dzi\u0119ki Bang SHISHA Vape. 23 ml e-cieczy, 18 smak\u00f3w i konfigurowalne opcje nikotyny. Idealny do waporyzacji bezpo\u015brednio do p\u0142uc (DTL).","robots":{"index":"index","follow":"follow","max-snippet":"max-snippet:-1","max-image-preview":"max-image-preview:large","max-video-preview":"max-video-preview:-1"},"canonical":"https:\/\/vapemaison.com\/pl\/produkt\/bang-shisha-15000-puffow-jednorazowe-vape\/","og_locale":"pl_PL","og_type":"article","og_title":"Bang SHISHA 15000 Puffs Disposable Vape \u2013 To Lung Experience - VapeMaison","og_description":"Enjoy 15,000 puffs with the Bang SHISHA Vape. 23ml e-liquid, 18 flavors, and customizable nicotine options. Perfect for Direct To Lung (DTL) vaping.","og_url":"https:\/\/vapemaison.com\/pl\/produkt\/bang-shisha-15000-puffow-jednorazowe-vape\/","og_site_name":"VapeMaison","article_modified_time":"2025-12-22T09:18:42+00:00","og_image":[{"width":1000,"height":1000,"url":"https:\/\/vapemaison.com\/wp-content\/uploads\/2025\/12\/vape-bang-shi-sha-15000-puffs-1.webp","type":"image\/webp"}],"twitter_card":"summary_large_image","twitter_misc":{"Szacowany czas czytania":"2 minuty"},"schema":{"@context":"https:\/\/schema.org","@graph":[{"@type":"WebPage","@id":"https:\/\/vapemaison.com\/product\/bang-shisha-15000-puffs-disposable-vape\/","url":"https:\/\/vapemaison.com\/product\/bang-shisha-15000-puffs-disposable-vape\/","name":"Bang SHISHA 15000 Puffs Jednorazowe Vape - To Lung Experience - VapeMaison","isPartOf":{"@id":"https:\/\/vapemaison.com\/#website"},"primaryImageOfPage":{"@id":"https:\/\/vapemaison.com\/product\/bang-shisha-15000-puffs-disposable-vape\/#primaryimage"},"image":{"@id":"https:\/\/vapemaison.com\/product\/bang-shisha-15000-puffs-disposable-vape\/#primaryimage"},"thumbnailUrl":"https:\/\/vapemaison.com\/wp-content\/uploads\/2025\/12\/vape-bang-shi-sha-15000-puffs-1.webp","datePublished":"2025-12-12T06:39:43+00:00","dateModified":"2025-12-22T09:18:42+00:00","description":"Ciesz si\u0119 15 000 zaci\u0105gni\u0119\u0107 dzi\u0119ki Bang SHISHA Vape. 23 ml e-cieczy, 18 smak\u00f3w i konfigurowalne opcje nikotyny. Idealny do waporyzacji bezpo\u015brednio do p\u0142uc (DTL).","breadcrumb":{"@id":"https:\/\/vapemaison.com\/product\/bang-shisha-15000-puffs-disposable-vape\/#breadcrumb"},"inLanguage":"pl-PL","potentialAction":[{"@type":"ReadAction","target":["https:\/\/vapemaison.com\/product\/bang-shisha-15000-puffs-disposable-vape\/"]}]},{"@type":"ImageObject","inLanguage":"pl-PL","@id":"https:\/\/vapemaison.com\/product\/bang-shisha-15000-puffs-disposable-vape\/#primaryimage","url":"https:\/\/vapemaison.com\/wp-content\/uploads\/2025\/12\/vape-bang-shi-sha-15000-puffs-1.webp","contentUrl":"https:\/\/vapemaison.com\/wp-content\/uploads\/2025\/12\/vape-bang-shi-sha-15000-puffs-1.webp","width":1000,"height":1000,"caption":"Vape Bang Shi Sha Puffs view 2"},{"@type":"BreadcrumbList","@id":"https:\/\/vapemaison.com\/product\/bang-shisha-15000-puffs-disposable-vape\/#breadcrumb","itemListElement":[{"@type":"ListItem","position":1,"name":"\u9996\u9875","item":"https:\/\/vapemaison.com\/"},{"@type":"ListItem","position":2,"name":"Shop","item":"https:\/\/vapemaison.com\/shop\/"},{"@type":"ListItem","position":3,"name":"Bang","item":"https:\/\/vapemaison.com\/brand\/bang\/"},{"@type":"ListItem","position":4,"name":"Bang SHISHA 15000 Puffs Disposable Vape"}]},{"@type":"WebSite","@id":"https:\/\/vapemaison.com\/#website","url":"https:\/\/vapemaison.com\/","name":"VapeMaison","description":"Wysokiej jako\u015bci urz\u0105dzenia i akcesoria do waporyzacji","publisher":{"@id":"https:\/\/vapemaison.com\/#organization"},"potentialAction":[{"@type":"SearchAction","target":{"@type":"EntryPoint","urlTemplate":"https:\/\/vapemaison.com\/?s={search_term_string}"},"query-input":{"@type":"PropertyValueSpecification","valueRequired":true,"valueName":"search_term_string"}}],"inLanguage":"pl-PL"},{"@type":"Organization","@id":"https:\/\/vapemaison.com\/#organization","name":"VapeMaison","url":"https:\/\/vapemaison.com\/","logo":{"@type":"ImageObject","inLanguage":"pl-PL","@id":"https:\/\/vapemaison.com\/#\/schema\/logo\/image\/","url":"https:\/\/vapemaison.com\/wp-content\/uploads\/2026\/01\/cropped-vapemaison-logo-g-2026.webp","contentUrl":"https:\/\/vapemaison.com\/wp-content\/uploads\/2026\/01\/cropped-vapemaison-logo-g-2026.webp","width":350,"height":280,"caption":"VapeMaison"},"image":{"@id":"https:\/\/vapemaison.com\/#\/schema\/logo\/image\/"},"sameAs":["https:\/\/www.youtube.com\/@VapeMaison"]}]}},"tiered_pricing_type":"fixed","tiered_pricing_fixed_rules":{"30":"7.99","50":"7.36","100":"6.78","200":"6.24"},"tiered_pricing_product_settings":{"layout":"default","base_unit_name":{"singular":null,"plural":null},"default_variation":null},"tiered_pricing_minimum_quantity":10,"tiered_pricing_roles_data":[],"tiered_pricing_percentage_rules":[],"tiered_pricing_maximum_quantity":null,"tiered_pricing_quantity_step":"10","_links":{"self":[{"href":"https:\/\/vapemaison.com\/pl\/wp-json\/wp\/v2\/product\/17454","targetHints":{"allow":["GET"]}}],"collection":[{"href":"https:\/\/vapemaison.com\/pl\/wp-json\/wp\/v2\/product"}],"about":[{"href":"https:\/\/vapemaison.com\/pl\/wp-json\/wp\/v2\/types\/product"}],"replies":[{"embeddable":true,"href":"https:\/\/vapemaison.com\/pl\/wp-json\/wp\/v2\/comments?post=17454"}],"version-history":[{"count":0,"href":"https:\/\/vapemaison.com\/pl\/wp-json\/wp\/v2\/product\/17454\/revisions"}],"wp:featuredmedia":[{"embeddable":true,"href":"https:\/\/vapemaison.com\/pl\/wp-json\/wp\/v2\/media\/17506"}],"wp:attachment":[{"href":"https:\/\/vapemaison.com\/pl\/wp-json\/wp\/v2\/media?parent=17454"}],"wp:term":[{"taxonomy":"product_brand","embeddable":true,"href":"https:\/\/vapemaison.com\/pl\/wp-json\/wp\/v2\/product_brand?post=17454"},{"taxonomy":"product_cat","embeddable":true,"href":"https:\/\/vapemaison.com\/pl\/wp-json\/wp\/v2\/product_cat?post=17454"},{"taxonomy":"product_tag","embeddable":true,"href":"https:\/\/vapemaison.com\/pl\/wp-json\/wp\/v2\/product_tag?post=17454"}],"curies":[{"name":"wp","href":"https:\/\/api.w.org\/{rel}","templated":true}]}}