

{"id":17515,"date":"2025-12-12T07:19:29","date_gmt":"2025-12-12T07:19:29","guid":{"rendered":"https:\/\/vapemaison.com\/?post_type=product&#038;p=17515"},"modified":"2025-12-22T09:18:36","modified_gmt":"2025-12-22T09:18:36","slug":"bang-king-15000-puffow-jednorazowe-vape-2","status":"publish","type":"product","link":"https:\/\/vapemaison.com\/pl\/product\/bang-king-15000-puffs-disposable-vape-2\/","title":{"rendered":"Bang King 15000 Puffs jednorazowe Vape"},"content":{"rendered":"<p>The <strong>Bang King 15000 Puffs<\/strong> Disposable Vape to najlepiej sprzedaj\u0105ce si\u0119 urz\u0105dzenie, znane z wyj\u0105tkowej wydajno\u015bci i d\u0142ugotrwa\u0142ej satysfakcji. Wyposa\u017cony w <strong>Wbudowany akumulator o pojemno\u015bci 650 mAh<\/strong>, Zapewnia niezawodne i sp\u00f3jne dostarczanie energii podczas ka\u017cdej sesji, podczas gdy jego <strong>Wst\u0119pnie nape\u0142niony e-sok o pojemno\u015bci 25 ml<\/strong> zapewnia wystarczaj\u0105cy zapas do d\u0142ugotrwa\u0142ego u\u017cytkowania.<\/p>\n\n\n\n<p>Zaprojektowany z my\u015bl\u0105 o elastyczno\u015bci <strong>Bang King<\/strong> umo\u017cliwia dostosowanie wra\u017ce\u0144 z waporyzacji za pomoc\u0105 <strong>regulowany przep\u0142yw powietrza<\/strong>, oferuj\u0105c zar\u00f3wno intensywny smak, jak i p\u0142ynn\u0105 produkcj\u0119 pary. Zaspokaja szeroki zakres preferencji dzi\u0119ki poziomom nikotyny od <strong>0% do 5%<\/strong>, dzi\u0119ki czemu jest idealny zar\u00f3wno dla entuzjast\u00f3w nikotyny, jak i os\u00f3b poszukuj\u0105cych vape bez nikotyny.<\/p>\n\n\n\n<p>Z imponuj\u0105cym <strong>15 000 zaci\u0105gni\u0119\u0107<\/strong>, To urz\u0105dzenie gwarantuje d\u0142ugotrwa\u0142e, przyjemne doznania, idealne dla vaper\u00f3w, kt\u00f3rzy ceni\u0105 sobie niezawodno\u015b\u0107 i wygod\u0119 w eleganckiej, \u0142atwej w u\u017cyciu konstrukcji.<\/p>\n\n\n\n<h3 class=\"wp-block-heading\"><strong>Kluczowe cechy<\/strong><\/h3>\n\n\n\n<figure class=\"wp-block-table\"><table class=\"has-fixed-layout\"><thead><tr><th><strong>Cecha<\/strong><\/th><th><strong>Specyfikacja<\/strong><\/th><\/tr><\/thead><tbody><tr><td><strong>Bateria<\/strong><\/td><td><strong>Wbudowany akumulator 650 mAh<\/strong><\/td><\/tr><tr><td><strong>Pojemno\u015b\u0107 e-soku<\/strong><\/td><td><strong>Wst\u0119pnie nape\u0142niony 25 ml<\/strong><\/td><\/tr><tr><td><strong>Puffy<\/strong><\/td><td>Do <strong>15 000 zaci\u0105gni\u0119\u0107<\/strong><\/td><\/tr><tr><td><strong>Si\u0142a nikotyny<\/strong><\/td><td><strong>0%, 2%, 3%, 5%<\/strong><\/td><\/tr><tr><td><strong>Regulowany przep\u0142yw powietrza<\/strong><\/td><td>Tak<\/td><\/tr><tr><td><strong>Wydajno\u015b\u0107<\/strong><\/td><td><strong>Wydajne i sp\u00f3jne zasilanie<\/strong><\/td><\/tr><tr><td><strong>Idealny dla<\/strong><\/td><td><strong>D\u0142ugotrwa\u0142e i konfigurowalne waporyzowanie<\/strong><\/td><\/tr><\/tbody><\/table><\/figure>\n\n\n\n<h3 class=\"wp-block-heading\"><strong>Lista smak\u00f3w<\/strong><\/h3>\n\n\n\n<ol class=\"wp-block-list\">\n<li>Arbuz truskawkowy<\/li>\n\n\n\n<li>Triple Berry Ice<\/li>\n\n\n\n<li>Lush Ice<\/li>\n\n\n\n<li>L\u00f3d brzoskwiniowy<\/li>\n\n\n\n<li>Truskawka Kiwi<\/li>\n\n\n\n<li>Blue Razz Ice<\/li>\n\n\n\n<li>Aloe Grape<\/li>\n\n\n\n<li>Brzoskwinia Mango<\/li>\n\n\n\n<li>Podw\u00f3jne jab\u0142ko<\/li>\n\n\n\n<li>Owoce tropikalne<\/li>\n\n\n\n<li>Banan truskawkowy<\/li>\n\n\n\n<li>Kiwi Passion Fruit Guava<\/li>\n\n\n\n<li>Kwa\u015bne jab\u0142ko Razberry<\/li>\n\n\n\n<li>Arbuz Bubblegum<\/li>\n\n\n\n<li>Jogurt truskawkowy<\/li>\n\n\n\n<li>Black Dragon Ice<\/li>\n\n\n\n<li>R\u00f3\u017cowa Lemoniada<\/li>\n\n\n\n<li>Cherry Pop<\/li>\n\n\n\n<li>Cool Mint<\/li>\n\n\n\n<li>Wata cukrowa<\/li>\n<\/ol>\n\n\n\n<p>Fani produkt\u00f3w Bang cz\u0119sto eksploruj\u0105 nasz\u0105 pe\u0142n\u0105 ofert\u0119, aby znale\u017a\u0107 sw\u00f3j idealny waporyzator. Zacznij od <a href=\"https:\/\/vapemaison.com\">strona g\u0142\u00f3wna<\/a>, odkryj wszystkie produkty w naszym <a href=\"https:\/\/vapemaison.com\/shop\">sklep<\/a>, lub zanurzy\u0107 si\u0119 w <a href=\"https:\/\/vapemaison.com\/brand\/bang\">Marka Bang<\/a> aby zobaczy\u0107 pe\u0142n\u0105 ofert\u0119. Szukasz czego\u015b innego? Nasz <a href=\"https:\/\/vapemaison.com\/brand\/waspe\">Kolekcja WASPE<\/a> oraz <a href=\"https:\/\/vapemaison.com\/product-category\/puffs-count\/\">Kategoria Puffy<\/a> maj\u0105 wiele opcji dla ka\u017cdego wapera.<\/p>","protected":false},"excerpt":{"rendered":"<p><span class=\"\">Poznaj najlepiej sprzedaj\u0105cy si\u0119 Bang King 15000,<\/span><span class=\"\"> Posiada pojemno\u015b\u0107 25 ml i regulowany przep\u0142yw powietrza dla w pe\u0142ni spersonalizowanej pracy,<\/span><span class=\"\"> p\u0142ynna para.<\/span><\/p>","protected":false},"featured_media":17516,"comment_status":"open","ping_status":"closed","template":"","meta":[],"product_brand":[57],"product_cat":[167],"product_tag":[],"class_list":{"0":"post-17515","1":"product","2":"type-product","3":"status-publish","4":"has-post-thumbnail","6":"product_brand-bang","7":"product_cat-15k-puffs","9":"first","10":"instock","11":"sale","12":"shipping-taxable","13":"purchasable","14":"product-type-variable"},"yoast_head":"<!-- This site is optimized with the Yoast SEO plugin v27.4 - https:\/\/yoast.com\/product\/yoast-seo-wordpress\/ -->\n<title>Bang King 15000 Puffs Disposable Vape - VapeMaison<\/title>\n<meta name=\"description\" content=\"Enjoy 15,000 puffs with the Bang King Vape. Featuring a 25ml e-juice capacity, and 20 delicious flavors. Rechargeable with 0%-5% nicotine options.\" \/>\n<meta name=\"robots\" content=\"index, follow, max-snippet:-1, max-image-preview:large, max-video-preview:-1\" \/>\n<link rel=\"canonical\" href=\"https:\/\/vapemaison.com\/pl\/produkt\/bang-king-15000-puffow-jednorazowe-vape-2\/\" \/>\n<meta property=\"og:locale\" content=\"pl_PL\" \/>\n<meta property=\"og:type\" content=\"article\" \/>\n<meta property=\"og:title\" content=\"Bang King 15000 Puffs Disposable Vape - VapeMaison\" \/>\n<meta property=\"og:description\" content=\"Enjoy 15,000 puffs with the Bang King Vape. Featuring a 25ml e-juice capacity, and 20 delicious flavors. Rechargeable with 0%-5% nicotine options.\" \/>\n<meta property=\"og:url\" content=\"https:\/\/vapemaison.com\/pl\/produkt\/bang-king-15000-puffow-jednorazowe-vape-2\/\" \/>\n<meta property=\"og:site_name\" content=\"VapeMaison\" \/>\n<meta property=\"article:modified_time\" content=\"2025-12-22T09:18:36+00:00\" \/>\n<meta property=\"og:image\" content=\"https:\/\/vapemaison.com\/wp-content\/uploads\/2025\/12\/vape-bang-king-15000-puffs-1.webp\" \/>\n\t<meta property=\"og:image:width\" content=\"800\" \/>\n\t<meta property=\"og:image:height\" content=\"800\" \/>\n\t<meta property=\"og:image:type\" content=\"image\/webp\" \/>\n<meta name=\"twitter:card\" content=\"summary_large_image\" \/>\n<meta name=\"twitter:label1\" content=\"Szacowany czas czytania\" \/>\n\t<meta name=\"twitter:data1\" content=\"2 minuty\" \/>\n<!-- \/ Yoast SEO plugin. -->","yoast_head_json":{"title":"Bang King 15000 Puffs jednorazowe Vape - VapeMaison","description":"Ciesz si\u0119 15 000 zaci\u0105gni\u0119\u0107 dzi\u0119ki Bang King Vape. E-sok o pojemno\u015bci 25 ml i 20 pysznych smak\u00f3w. Akumulator z opcjami nikotynowymi 0%-5%.","robots":{"index":"index","follow":"follow","max-snippet":"max-snippet:-1","max-image-preview":"max-image-preview:large","max-video-preview":"max-video-preview:-1"},"canonical":"https:\/\/vapemaison.com\/pl\/produkt\/bang-king-15000-puffow-jednorazowe-vape-2\/","og_locale":"pl_PL","og_type":"article","og_title":"Bang King 15000 Puffs Disposable Vape - VapeMaison","og_description":"Enjoy 15,000 puffs with the Bang King Vape. Featuring a 25ml e-juice capacity, and 20 delicious flavors. Rechargeable with 0%-5% nicotine options.","og_url":"https:\/\/vapemaison.com\/pl\/produkt\/bang-king-15000-puffow-jednorazowe-vape-2\/","og_site_name":"VapeMaison","article_modified_time":"2025-12-22T09:18:36+00:00","og_image":[{"width":800,"height":800,"url":"https:\/\/vapemaison.com\/wp-content\/uploads\/2025\/12\/vape-bang-king-15000-puffs-1.webp","type":"image\/webp"}],"twitter_card":"summary_large_image","twitter_misc":{"Szacowany czas czytania":"2 minuty"},"schema":{"@context":"https:\/\/schema.org","@graph":[{"@type":"WebPage","@id":"https:\/\/vapemaison.com\/product\/bang-king-15000-puffs-disposable-vape-2\/","url":"https:\/\/vapemaison.com\/product\/bang-king-15000-puffs-disposable-vape-2\/","name":"Bang King 15000 Puffs jednorazowe Vape - VapeMaison","isPartOf":{"@id":"https:\/\/vapemaison.com\/#website"},"primaryImageOfPage":{"@id":"https:\/\/vapemaison.com\/product\/bang-king-15000-puffs-disposable-vape-2\/#primaryimage"},"image":{"@id":"https:\/\/vapemaison.com\/product\/bang-king-15000-puffs-disposable-vape-2\/#primaryimage"},"thumbnailUrl":"https:\/\/vapemaison.com\/wp-content\/uploads\/2025\/12\/vape-bang-king-15000-puffs-1.webp","datePublished":"2025-12-12T07:19:29+00:00","dateModified":"2025-12-22T09:18:36+00:00","description":"Ciesz si\u0119 15 000 zaci\u0105gni\u0119\u0107 dzi\u0119ki Bang King Vape. E-sok o pojemno\u015bci 25 ml i 20 pysznych smak\u00f3w. Akumulator z opcjami nikotynowymi 0%-5%.","breadcrumb":{"@id":"https:\/\/vapemaison.com\/product\/bang-king-15000-puffs-disposable-vape-2\/#breadcrumb"},"inLanguage":"pl-PL","potentialAction":[{"@type":"ReadAction","target":["https:\/\/vapemaison.com\/product\/bang-king-15000-puffs-disposable-vape-2\/"]}]},{"@type":"ImageObject","inLanguage":"pl-PL","@id":"https:\/\/vapemaison.com\/product\/bang-king-15000-puffs-disposable-vape-2\/#primaryimage","url":"https:\/\/vapemaison.com\/wp-content\/uploads\/2025\/12\/vape-bang-king-15000-puffs-1.webp","contentUrl":"https:\/\/vapemaison.com\/wp-content\/uploads\/2025\/12\/vape-bang-king-15000-puffs-1.webp","width":800,"height":800,"caption":"Vape Bang King Puffs view 2"},{"@type":"BreadcrumbList","@id":"https:\/\/vapemaison.com\/product\/bang-king-15000-puffs-disposable-vape-2\/#breadcrumb","itemListElement":[{"@type":"ListItem","position":1,"name":"\u9996\u9875","item":"https:\/\/vapemaison.com\/"},{"@type":"ListItem","position":2,"name":"Shop","item":"https:\/\/vapemaison.com\/shop\/"},{"@type":"ListItem","position":3,"name":"Bang","item":"https:\/\/vapemaison.com\/brand\/bang\/"},{"@type":"ListItem","position":4,"name":"Bang King 15000 Puffs Disposable Vape"}]},{"@type":"WebSite","@id":"https:\/\/vapemaison.com\/#website","url":"https:\/\/vapemaison.com\/","name":"VapeMaison","description":"Wysokiej jako\u015bci urz\u0105dzenia i akcesoria do waporyzacji","publisher":{"@id":"https:\/\/vapemaison.com\/#organization"},"potentialAction":[{"@type":"SearchAction","target":{"@type":"EntryPoint","urlTemplate":"https:\/\/vapemaison.com\/?s={search_term_string}"},"query-input":{"@type":"PropertyValueSpecification","valueRequired":true,"valueName":"search_term_string"}}],"inLanguage":"pl-PL"},{"@type":"Organization","@id":"https:\/\/vapemaison.com\/#organization","name":"VapeMaison","url":"https:\/\/vapemaison.com\/","logo":{"@type":"ImageObject","inLanguage":"pl-PL","@id":"https:\/\/vapemaison.com\/#\/schema\/logo\/image\/","url":"https:\/\/vapemaison.com\/wp-content\/uploads\/2026\/01\/cropped-vapemaison-logo-g-2026.webp","contentUrl":"https:\/\/vapemaison.com\/wp-content\/uploads\/2026\/01\/cropped-vapemaison-logo-g-2026.webp","width":350,"height":280,"caption":"VapeMaison"},"image":{"@id":"https:\/\/vapemaison.com\/#\/schema\/logo\/image\/"},"sameAs":["https:\/\/www.youtube.com\/@VapeMaison"]}]}},"tiered_pricing_type":"fixed","tiered_pricing_fixed_rules":{"30":"7.45","50":"7.12","100":"6.63","200":"6.12"},"tiered_pricing_product_settings":{"layout":"default","base_unit_name":{"singular":null,"plural":null},"default_variation":null},"tiered_pricing_minimum_quantity":10,"tiered_pricing_roles_data":[],"tiered_pricing_percentage_rules":[],"tiered_pricing_maximum_quantity":null,"tiered_pricing_quantity_step":"10","_links":{"self":[{"href":"https:\/\/vapemaison.com\/pl\/wp-json\/wp\/v2\/product\/17515","targetHints":{"allow":["GET"]}}],"collection":[{"href":"https:\/\/vapemaison.com\/pl\/wp-json\/wp\/v2\/product"}],"about":[{"href":"https:\/\/vapemaison.com\/pl\/wp-json\/wp\/v2\/types\/product"}],"replies":[{"embeddable":true,"href":"https:\/\/vapemaison.com\/pl\/wp-json\/wp\/v2\/comments?post=17515"}],"version-history":[{"count":0,"href":"https:\/\/vapemaison.com\/pl\/wp-json\/wp\/v2\/product\/17515\/revisions"}],"wp:featuredmedia":[{"embeddable":true,"href":"https:\/\/vapemaison.com\/pl\/wp-json\/wp\/v2\/media\/17516"}],"wp:attachment":[{"href":"https:\/\/vapemaison.com\/pl\/wp-json\/wp\/v2\/media?parent=17515"}],"wp:term":[{"taxonomy":"product_brand","embeddable":true,"href":"https:\/\/vapemaison.com\/pl\/wp-json\/wp\/v2\/product_brand?post=17515"},{"taxonomy":"product_cat","embeddable":true,"href":"https:\/\/vapemaison.com\/pl\/wp-json\/wp\/v2\/product_cat?post=17515"},{"taxonomy":"product_tag","embeddable":true,"href":"https:\/\/vapemaison.com\/pl\/wp-json\/wp\/v2\/product_tag?post=17515"}],"curies":[{"name":"wp","href":"https:\/\/api.w.org\/{rel}","templated":true}]}}