

{"id":17642,"date":"2025-12-12T07:56:29","date_gmt":"2025-12-12T07:56:29","guid":{"rendered":"https:\/\/vapemaison.com\/?post_type=product&#038;p=17642"},"modified":"2025-12-22T09:18:28","modified_gmt":"2025-12-22T09:18:28","slug":"bang-20000-puffs-wyswietlacz-led-jednorazowy-vape","status":"publish","type":"product","link":"https:\/\/vapemaison.com\/pl\/product\/bang-20000-puffs-led-display-disposable-vape\/","title":{"rendered":"Jednorazowy Vape Bang 20000 Puffs z wy\u015bwietlaczem LED"},"content":{"rendered":"<p>The <strong>Jednorazowy Vape Bang 20000 Puffs z wy\u015bwietlaczem LED<\/strong> zosta\u0142 zaprojektowany z my\u015bl\u0105 o doskona\u0142ych wra\u017ceniach z waporyzacji, oferuj\u0105c <strong>zdumiewaj\u0105ce 20000 zaci\u0105gni\u0119\u0107<\/strong> aby\u015b m\u00f3g\u0142 cieszy\u0107 si\u0119 d\u0142ugim, bezproblemowym wapowaniem. To innowacyjne urz\u0105dzenie zosta\u0142o zaprojektowane z my\u015bl\u0105 o dostarczaniu g\u0142adkiej, aromatycznej pary. <strong>Cewka siatkowa 0,8ohm<\/strong>, zapewniaj\u0105c sp\u00f3jny i bogaty smak z ka\u017cdym zaci\u0105gni\u0119ciem.<\/p>\n\n\n\n<p>Z hojnym <strong>Pojemno\u015b\u0107 25 ml e-liquidu<\/strong>, Bang 20000 oferuje wystarczaj\u0105cy zapas dla d\u0142ugotrwa\u0142ej przyjemno\u015bci. Konfigurowalne st\u0119\u017cenia nikotyny <strong>0%, 2%, 3% i 5%<\/strong> pozwalaj\u0105 u\u017cytkownikom dostosowa\u0107 swoje wra\u017cenia do preferencji, niezale\u017cnie od tego, czy szukasz wra\u017ce\u0144 bez nikotyny, czy satysfakcjonuj\u0105cego uderzenia.<\/p>\n\n\n\n<p>The <strong>Akumulator o pojemno\u015bci 650 mAh<\/strong> oraz <strong>Port \u0142adowania typu C<\/strong> sprawiaj\u0105, \u017ce \u0142adowanie jest szybkie i \u0142atwe, dzi\u0119ki czemu mo\u017cna cieszy\u0107 si\u0119 nieprzerwanymi sesjami. Zintegrowany <strong>Cyfrowy wy\u015bwietlacz LED<\/strong> zapewnia aktualizacje poziomu baterii i e-cieczy w czasie rzeczywistym, oferuj\u0105c dodatkow\u0105 wygod\u0119 i kontrol\u0119 podczas waporyzacji.<\/p>\n\n\n\n<h3 class=\"wp-block-heading\"><strong>Kluczowe cechy<\/strong><\/h3>\n\n\n\n<figure class=\"wp-block-table\"><table class=\"has-fixed-layout\"><thead><tr><th><strong>Cecha<\/strong><\/th><th><strong>Specyfikacja<\/strong><\/th><\/tr><\/thead><tbody><tr><td><strong>Puffy<\/strong><\/td><td>Do <strong>20000 zaci\u0105gni\u0119\u0107<\/strong><\/td><\/tr><tr><td><strong>Cewka<\/strong><\/td><td><strong>Cewka siatkowa 0,8ohm<\/strong><\/td><\/tr><tr><td><strong>Pojemno\u015b\u0107 e-liquidu<\/strong><\/td><td><strong>Wst\u0119pnie nape\u0142niony 25 ml<\/strong><\/td><\/tr><tr><td><strong>Si\u0142a nikotyny<\/strong><\/td><td><strong>0%, 2%, 3%, 5%<\/strong><\/td><\/tr><tr><td><strong>Bateria<\/strong><\/td><td><strong>Akumulator 650 mAh<\/strong><\/td><\/tr><tr><td><strong>\u0141adowanie<\/strong><\/td><td><strong>Port typu C<\/strong><\/td><\/tr><tr><td><strong>Wy\u015bwietlacz<\/strong><\/td><td><strong>Wy\u015bwietlacz cyfrowy LED<\/strong><\/td><\/tr><\/tbody><\/table><\/figure>\n\n\n\n<h3 class=\"wp-block-heading\">Bang 20000 Puffs <strong>Lista smak\u00f3w<\/strong><\/h3>\n\n\n\n<ul class=\"wp-block-list\">\n<li>Mi\u0119ta<\/li>\n\n\n\n<li>Liczi truskawkowe<\/li>\n\n\n\n<li>Truskawka Kiwi<\/li>\n\n\n\n<li>Red Bull<\/li>\n\n\n\n<li>Owoce mieszane<\/li>\n\n\n\n<li>L\u00f3d jagodowy<\/li>\n\n\n\n<li>Bor\u00f3wka Malina<\/li>\n\n\n\n<li>Arbuz jagodowy<\/li>\n\n\n\n<li>Arbuz<\/li>\n\n\n\n<li>Arbuz malinowy<\/li>\n\n\n\n<li>Mango truskawkowe<\/li>\n\n\n\n<li>Podw\u00f3jne jab\u0142ko<\/li>\n\n\n\n<li>Mango Brzoskwinia Arbuz<\/li>\n<\/ul>\n\n\n\n<p>Fani produkt\u00f3w Bang cz\u0119sto eksploruj\u0105 nasz\u0105 pe\u0142n\u0105 ofert\u0119, aby znale\u017a\u0107 sw\u00f3j idealny waporyzator. Zacznij od <a href=\"https:\/\/vapemaison.com\">strona g\u0142\u00f3wna<\/a>, odkryj wszystkie produkty w naszym <a href=\"https:\/\/vapemaison.com\/shop\">sklep<\/a>, lub zanurzy\u0107 si\u0119 w <a href=\"https:\/\/vapemaison.com\/brand\/bang\">Marka Bang<\/a> aby zobaczy\u0107 pe\u0142n\u0105 ofert\u0119. Szukasz czego\u015b innego? Nasz <a href=\"https:\/\/vapemaison.com\/brand\/waspe\">Kolekcja WASPE<\/a> oraz <a href=\"https:\/\/vapemaison.com\/product-category\/puffs-count\/\">Kategoria Puffy<\/a> maj\u0105 wiele opcji dla ka\u017cdego wapera.<\/p>","protected":false},"excerpt":{"rendered":"<p>Osi\u0105gnij satysfakcj\u0119 bez wysi\u0142ku dzi\u0119ki 20 000 zaci\u0105gni\u0119\u0107 i bogatemu systemowi cewek siatkowych 0,8ohm zaprojektowanemu z my\u015bl\u0105 o sta\u0142ej, wysokiej wydajno\u015bci. Monitoruj swoje poziomy w czasie rzeczywistym za pomoc\u0105 wbudowanego wy\u015bwietlacza cyfrowego i zam\u00f3w teraz, aby zablokowa\u0107 nasz\u0105 najlepsz\u0105 cen\u0119 i gwarantowan\u0105 szybk\u0105 wysy\u0142k\u0119.<\/p>","protected":false},"featured_media":17706,"comment_status":"open","ping_status":"closed","template":"","meta":[],"product_brand":[57],"product_cat":[133],"product_tag":[],"class_list":{"0":"post-17642","1":"product","2":"type-product","3":"status-publish","4":"has-post-thumbnail","6":"product_brand-bang","7":"product_cat-20k-puffs","9":"first","10":"instock","11":"sale","12":"shipping-taxable","13":"purchasable","14":"product-type-variable"},"yoast_head":"<!-- This site is optimized with the Yoast SEO plugin v27.4 - https:\/\/yoast.com\/product\/yoast-seo-wordpress\/ -->\n<title>Bang 20000 Puffs LED Display Disposable Vape - VapeMaison<\/title>\n<meta name=\"description\" content=\"Enjoy 20000 puffs with the Bang 20000 Vape. Featuring 25ml e-liquid, a 0.8ohm mesh coil, Type-C charging, and an LED display.\" \/>\n<meta name=\"robots\" content=\"index, follow, max-snippet:-1, max-image-preview:large, max-video-preview:-1\" \/>\n<link rel=\"canonical\" href=\"https:\/\/vapemaison.com\/pl\/produkt\/bang-20000-puffs-wyswietlacz-led-jednorazowy-vape\/\" \/>\n<meta property=\"og:locale\" content=\"pl_PL\" \/>\n<meta property=\"og:type\" content=\"article\" \/>\n<meta property=\"og:title\" content=\"Bang 20000 Puffs LED Display Disposable Vape - VapeMaison\" \/>\n<meta property=\"og:description\" content=\"Enjoy 20000 puffs with the Bang 20000 Vape. Featuring 25ml e-liquid, a 0.8ohm mesh coil, Type-C charging, and an LED display.\" \/>\n<meta property=\"og:url\" content=\"https:\/\/vapemaison.com\/pl\/produkt\/bang-20000-puffs-wyswietlacz-led-jednorazowy-vape\/\" \/>\n<meta property=\"og:site_name\" content=\"VapeMaison\" \/>\n<meta property=\"article:modified_time\" content=\"2025-12-22T09:18:28+00:00\" \/>\n<meta property=\"og:image\" content=\"https:\/\/vapemaison.com\/wp-content\/uploads\/2025\/12\/vape-bang-20000-Puffs-00018.jpg.webp\" \/>\n\t<meta property=\"og:image:width\" content=\"1000\" \/>\n\t<meta property=\"og:image:height\" content=\"1000\" \/>\n\t<meta property=\"og:image:type\" content=\"image\/webp\" \/>\n<meta name=\"twitter:card\" content=\"summary_large_image\" \/>\n<meta name=\"twitter:label1\" content=\"Szacowany czas czytania\" \/>\n\t<meta name=\"twitter:data1\" content=\"2 minuty\" \/>\n<!-- \/ Yoast SEO plugin. -->","yoast_head_json":{"title":"Jednorazowy Vape Bang 20000 Puffs z wy\u015bwietlaczem LED - VapeMaison","description":"Ciesz si\u0119 20000 zaci\u0105gni\u0119ciami dzi\u0119ki Bang 20000 Vape. Wyposa\u017cony w 25 ml e-liquidu, cewk\u0119 siatkow\u0105 0,8ohm, \u0142adowanie typu C i wy\u015bwietlacz LED.","robots":{"index":"index","follow":"follow","max-snippet":"max-snippet:-1","max-image-preview":"max-image-preview:large","max-video-preview":"max-video-preview:-1"},"canonical":"https:\/\/vapemaison.com\/pl\/produkt\/bang-20000-puffs-wyswietlacz-led-jednorazowy-vape\/","og_locale":"pl_PL","og_type":"article","og_title":"Bang 20000 Puffs LED Display Disposable Vape - VapeMaison","og_description":"Enjoy 20000 puffs with the Bang 20000 Vape. Featuring 25ml e-liquid, a 0.8ohm mesh coil, Type-C charging, and an LED display.","og_url":"https:\/\/vapemaison.com\/pl\/produkt\/bang-20000-puffs-wyswietlacz-led-jednorazowy-vape\/","og_site_name":"VapeMaison","article_modified_time":"2025-12-22T09:18:28+00:00","og_image":[{"width":1000,"height":1000,"url":"https:\/\/vapemaison.com\/wp-content\/uploads\/2025\/12\/vape-bang-20000-Puffs-00018.jpg.webp","type":"image\/webp"}],"twitter_card":"summary_large_image","twitter_misc":{"Szacowany czas czytania":"2 minuty"},"schema":{"@context":"https:\/\/schema.org","@graph":[{"@type":"WebPage","@id":"https:\/\/vapemaison.com\/product\/bang-20000-puffs-led-display-disposable-vape\/","url":"https:\/\/vapemaison.com\/product\/bang-20000-puffs-led-display-disposable-vape\/","name":"Jednorazowy Vape Bang 20000 Puffs z wy\u015bwietlaczem LED - VapeMaison","isPartOf":{"@id":"https:\/\/vapemaison.com\/#website"},"primaryImageOfPage":{"@id":"https:\/\/vapemaison.com\/product\/bang-20000-puffs-led-display-disposable-vape\/#primaryimage"},"image":{"@id":"https:\/\/vapemaison.com\/product\/bang-20000-puffs-led-display-disposable-vape\/#primaryimage"},"thumbnailUrl":"https:\/\/vapemaison.com\/wp-content\/uploads\/2025\/12\/vape-bang-20000-Puffs-00018.jpg.webp","datePublished":"2025-12-12T07:56:29+00:00","dateModified":"2025-12-22T09:18:28+00:00","description":"Ciesz si\u0119 20000 zaci\u0105gni\u0119ciami dzi\u0119ki Bang 20000 Vape. Wyposa\u017cony w 25 ml e-liquidu, cewk\u0119 siatkow\u0105 0,8ohm, \u0142adowanie typu C i wy\u015bwietlacz LED.","breadcrumb":{"@id":"https:\/\/vapemaison.com\/product\/bang-20000-puffs-led-display-disposable-vape\/#breadcrumb"},"inLanguage":"pl-PL","potentialAction":[{"@type":"ReadAction","target":["https:\/\/vapemaison.com\/product\/bang-20000-puffs-led-display-disposable-vape\/"]}]},{"@type":"ImageObject","inLanguage":"pl-PL","@id":"https:\/\/vapemaison.com\/product\/bang-20000-puffs-led-display-disposable-vape\/#primaryimage","url":"https:\/\/vapemaison.com\/wp-content\/uploads\/2025\/12\/vape-bang-20000-Puffs-00018.jpg.webp","contentUrl":"https:\/\/vapemaison.com\/wp-content\/uploads\/2025\/12\/vape-bang-20000-Puffs-00018.jpg.webp","width":1000,"height":1000,"caption":"Vape Bang Puffs.jpg"},{"@type":"BreadcrumbList","@id":"https:\/\/vapemaison.com\/product\/bang-20000-puffs-led-display-disposable-vape\/#breadcrumb","itemListElement":[{"@type":"ListItem","position":1,"name":"\u9996\u9875","item":"https:\/\/vapemaison.com\/"},{"@type":"ListItem","position":2,"name":"Shop","item":"https:\/\/vapemaison.com\/shop\/"},{"@type":"ListItem","position":3,"name":"Bang","item":"https:\/\/vapemaison.com\/brand\/bang\/"},{"@type":"ListItem","position":4,"name":"Bang 20000 Puffs LED Display Disposable Vape"}]},{"@type":"WebSite","@id":"https:\/\/vapemaison.com\/#website","url":"https:\/\/vapemaison.com\/","name":"VapeMaison","description":"Wysokiej jako\u015bci urz\u0105dzenia i akcesoria do waporyzacji","publisher":{"@id":"https:\/\/vapemaison.com\/#organization"},"potentialAction":[{"@type":"SearchAction","target":{"@type":"EntryPoint","urlTemplate":"https:\/\/vapemaison.com\/?s={search_term_string}"},"query-input":{"@type":"PropertyValueSpecification","valueRequired":true,"valueName":"search_term_string"}}],"inLanguage":"pl-PL"},{"@type":"Organization","@id":"https:\/\/vapemaison.com\/#organization","name":"VapeMaison","url":"https:\/\/vapemaison.com\/","logo":{"@type":"ImageObject","inLanguage":"pl-PL","@id":"https:\/\/vapemaison.com\/#\/schema\/logo\/image\/","url":"https:\/\/vapemaison.com\/wp-content\/uploads\/2026\/01\/cropped-vapemaison-logo-g-2026.webp","contentUrl":"https:\/\/vapemaison.com\/wp-content\/uploads\/2026\/01\/cropped-vapemaison-logo-g-2026.webp","width":350,"height":280,"caption":"VapeMaison"},"image":{"@id":"https:\/\/vapemaison.com\/#\/schema\/logo\/image\/"},"sameAs":["https:\/\/www.youtube.com\/@VapeMaison"]}]}},"tiered_pricing_type":"fixed","tiered_pricing_fixed_rules":{"30":"8.36","50":"7.89","100":"7.12","200":"6.63"},"tiered_pricing_product_settings":{"layout":"default","base_unit_name":{"singular":null,"plural":null},"default_variation":null},"tiered_pricing_minimum_quantity":10,"tiered_pricing_roles_data":[],"tiered_pricing_percentage_rules":[],"tiered_pricing_maximum_quantity":null,"tiered_pricing_quantity_step":"10","_links":{"self":[{"href":"https:\/\/vapemaison.com\/pl\/wp-json\/wp\/v2\/product\/17642","targetHints":{"allow":["GET"]}}],"collection":[{"href":"https:\/\/vapemaison.com\/pl\/wp-json\/wp\/v2\/product"}],"about":[{"href":"https:\/\/vapemaison.com\/pl\/wp-json\/wp\/v2\/types\/product"}],"replies":[{"embeddable":true,"href":"https:\/\/vapemaison.com\/pl\/wp-json\/wp\/v2\/comments?post=17642"}],"version-history":[{"count":0,"href":"https:\/\/vapemaison.com\/pl\/wp-json\/wp\/v2\/product\/17642\/revisions"}],"wp:featuredmedia":[{"embeddable":true,"href":"https:\/\/vapemaison.com\/pl\/wp-json\/wp\/v2\/media\/17706"}],"wp:attachment":[{"href":"https:\/\/vapemaison.com\/pl\/wp-json\/wp\/v2\/media?parent=17642"}],"wp:term":[{"taxonomy":"product_brand","embeddable":true,"href":"https:\/\/vapemaison.com\/pl\/wp-json\/wp\/v2\/product_brand?post=17642"},{"taxonomy":"product_cat","embeddable":true,"href":"https:\/\/vapemaison.com\/pl\/wp-json\/wp\/v2\/product_cat?post=17642"},{"taxonomy":"product_tag","embeddable":true,"href":"https:\/\/vapemaison.com\/pl\/wp-json\/wp\/v2\/product_tag?post=17642"}],"curies":[{"name":"wp","href":"https:\/\/api.w.org\/{rel}","templated":true}]}}