

{"id":17708,"date":"2025-12-12T08:37:35","date_gmt":"2025-12-12T08:37:35","guid":{"rendered":"https:\/\/vapemaison.com\/?post_type=product&#038;p=17708"},"modified":"2025-12-22T09:18:25","modified_gmt":"2025-12-22T09:18:25","slug":"bang-box-18000-puffow-wyswietlacz-led-jednorazowy-vape","status":"publish","type":"product","link":"https:\/\/vapemaison.com\/pl\/product\/bang-box-18000-puffs-led-display-disposable-vape\/","title":{"rendered":"Bang Box 18000 Puffs Wy\u015bwietlacz LED Jednorazowy Vape"},"content":{"rendered":"<p><strong>Vape jednorazowe Bang Box 18000 Puffs z wy\u015bwietlaczem LED - zaawansowana wydajno\u015b\u0107 i d\u0142ugotrwa\u0142e waporyzowanie<\/strong><\/p>\n\n\n\n<p>The <strong>Bang Box 18000 Puffs Wy\u015bwietlacz LED Jednorazowy Vape<\/strong> to innowacyjne urz\u0105dzenie zaprojektowane z my\u015bl\u0105 o zapewnieniu niezwyk\u0142ych wra\u017ce\u0144 z waporyzacji. Dzi\u0119ki imponuj\u0105cej <strong>18000 zaci\u0105gni\u0119\u0107<\/strong>, Ten vape zapewnia d\u0142ugotrwa\u0142\u0105 przyjemno\u015b\u0107 bez konieczno\u015bci uzupe\u0142niania lub \u0142adowania, dzi\u0119ki czemu jest idealny zar\u00f3wno dla zwyk\u0142ych, jak i do\u015bwiadczonych vaper\u00f3w.<\/p>\n\n\n\n<p>Wyposa\u017cony w <strong>Cewka siatkowa 0,8ohm<\/strong>, w <strong>Bang Box<\/strong> zapewnia g\u0142adk\u0105, aromatyczn\u0105 par\u0119 przy ka\u017cdym zaci\u0105gni\u0119ciu, zwi\u0119kszaj\u0105c wra\u017cenia z waporyzacji. Model <strong>Pojemno\u015b\u0107 e-liquidu 26 ml<\/strong> Zapewnia obfity zapas do d\u0142ugotrwa\u0142ego u\u017cytkowania, podczas gdy konfigurowalne poziomy nikotyny <strong>0%, 2%, 3% i 5%<\/strong> zapewniaj\u0105 elastyczno\u015b\u0107 w dostosowywaniu urz\u0105dzenia do preferencji u\u017cytkownika.<\/p>\n\n\n\n<p>The <strong>Akumulator o pojemno\u015bci 850 mAh<\/strong> gwarantuje wydajne dostarczanie energii, a dzi\u0119ki <strong>Port \u0142adowania typu C<\/strong>, \u0141adowanie jest szybkie i wygodne, co pozwala na nieprzerwane sesje. W zestawie <strong>Cyfrowy wy\u015bwietlacz LED<\/strong> umo\u017cliwia u\u017cytkownikom \u0142atwe monitorowanie poziomu baterii i e-cieczy, oferuj\u0105c p\u0142ynne i przyjazne dla u\u017cytkownika do\u015bwiadczenie waporyzacji.<\/p>\n\n\n\n<h3 class=\"wp-block-heading\"><strong>Kluczowe cechy<\/strong><\/h3>\n\n\n\n<figure class=\"wp-block-table\"><table class=\"has-fixed-layout\"><thead><tr><th><strong>Cecha<\/strong><\/th><th><strong>Specyfikacja<\/strong><\/th><\/tr><\/thead><tbody><tr><td><strong>Puffy<\/strong><\/td><td>Do <strong>18 000 zaci\u0105gni\u0119\u0107<\/strong><\/td><\/tr><tr><td><strong>Cewka<\/strong><\/td><td><strong>Cewka siatkowa 0,8ohm<\/strong><\/td><\/tr><tr><td><strong>Pojemno\u015b\u0107 e-liquidu<\/strong><\/td><td><strong>Wst\u0119pnie nape\u0142niony 26 ml<\/strong><\/td><\/tr><tr><td><strong>Si\u0142a nikotyny<\/strong><\/td><td><strong>0%, 2%, 3%, 5%<\/strong><\/td><\/tr><tr><td><strong>Bateria<\/strong><\/td><td><strong>Akumulator 850 mAh<\/strong><\/td><\/tr><tr><td><strong>\u0141adowanie<\/strong><\/td><td><strong>Port typu C<\/strong><\/td><\/tr><tr><td><strong>Wy\u015bwietlacz<\/strong><\/td><td><strong>Wy\u015bwietlacz cyfrowy LED<\/strong><\/td><\/tr><\/tbody><\/table><\/figure>\n\n\n\n<h3 class=\"wp-block-heading\">Bang Box <strong>Lista smak\u00f3w<\/strong><\/h3>\n\n\n\n<ol class=\"wp-block-list\">\n<li>Truskawka Kiwi<\/li>\n\n\n\n<li>L\u00f3d jagodowy<\/li>\n\n\n\n<li>Arbuz truskawkowy<\/li>\n\n\n\n<li>Arbuzowy l\u00f3d<\/li>\n\n\n\n<li>Kwa\u015bny l\u00f3d jagodowo-malinowy<\/li>\n\n\n\n<li>Arbuz malinowy<\/li>\n\n\n\n<li>Tygrysia Krew<\/li>\n\n\n\n<li>Triple Berry Ice<\/li>\n\n\n\n<li>Sok brzoskwiniowy<\/li>\n\n\n\n<li>Mango truskawkowe<\/li>\n\n\n\n<li>Podw\u00f3jne jab\u0142ko<\/li>\n\n\n\n<li>Mango Brzoskwinia Arbuz<\/li>\n<\/ol>\n\n\n\n<p>Fani produkt\u00f3w Bang cz\u0119sto eksploruj\u0105 nasz\u0105 pe\u0142n\u0105 ofert\u0119, aby znale\u017a\u0107 sw\u00f3j idealny waporyzator. Zacznij od <a href=\"https:\/\/vapemaison.com\">strona g\u0142\u00f3wna<\/a>, odkryj wszystkie produkty w naszym <a href=\"https:\/\/vapemaison.com\/shop\">sklep<\/a>, lub zanurzy\u0107 si\u0119 w <a href=\"https:\/\/vapemaison.com\/brand\/bang\">Marka Bang<\/a> aby zobaczy\u0107 pe\u0142n\u0105 ofert\u0119. Szukasz czego\u015b innego? Nasz <a href=\"https:\/\/vapemaison.com\/brand\/waspe\">Kolekcja WASPE<\/a> oraz <a href=\"https:\/\/vapemaison.com\/product-category\/puffs-count\/\">Kategoria Puffy<\/a> maj\u0105 wiele opcji dla ka\u017cdego wapera.<\/p>","protected":false},"excerpt":{"rendered":"<p>Ciesz si\u0119 18 000 aromatycznych zaci\u0105gni\u0119\u0107 i du\u017c\u0105 pojemno\u015bci\u0105 26 ml, a wszystko to nap\u0119dzane przez wysokowydajn\u0105 cewk\u0119 siatkow\u0105 0,8ohm i inteligentny wy\u015bwietlacz LED stanu. Wybierz idealn\u0105 moc nikotyny ju\u017c dzi\u015b, aby zabezpieczy\u0107 ten zaawansowany model o du\u017cej pojemno\u015bci, dop\u00f3ki nasza obecna oferta dostaw i szybkiej wysy\u0142ki pozostaje aktywna.<\/p>","protected":false},"featured_media":17709,"comment_status":"open","ping_status":"closed","template":"","meta":[],"product_brand":[57],"product_cat":[175],"product_tag":[],"class_list":{"0":"post-17708","1":"product","2":"type-product","3":"status-publish","4":"has-post-thumbnail","6":"product_brand-bang","7":"product_cat-18k-puffs","9":"first","10":"instock","11":"sale","12":"shipping-taxable","13":"purchasable","14":"product-type-variable"},"yoast_head":"<!-- This site is optimized with the Yoast SEO plugin v27.4 - https:\/\/yoast.com\/product\/yoast-seo-wordpress\/ -->\n<title>Bang Box 18000 Puffs LED Display Disposable Vape - VapeMaison<\/title>\n<meta name=\"description\" content=\"Enjoy 18,000 puffs with the Bang Box Vape. Featuring a 26ml e-liquid, Type-C charging, and LED display. Customize nicotine levels with 0%-5%.\" \/>\n<meta name=\"robots\" content=\"index, follow, max-snippet:-1, max-image-preview:large, max-video-preview:-1\" \/>\n<link rel=\"canonical\" href=\"https:\/\/vapemaison.com\/pl\/produkt\/bang-box-18000-puffow-wyswietlacz-led-jednorazowy-vape\/\" \/>\n<meta property=\"og:locale\" content=\"pl_PL\" \/>\n<meta property=\"og:type\" content=\"article\" \/>\n<meta property=\"og:title\" content=\"Bang Box 18000 Puffs LED Display Disposable Vape - VapeMaison\" \/>\n<meta property=\"og:description\" content=\"Enjoy 18,000 puffs with the Bang Box Vape. Featuring a 26ml e-liquid, Type-C charging, and LED display. Customize nicotine levels with 0%-5%.\" \/>\n<meta property=\"og:url\" content=\"https:\/\/vapemaison.com\/pl\/produkt\/bang-box-18000-puffow-wyswietlacz-led-jednorazowy-vape\/\" \/>\n<meta property=\"og:site_name\" content=\"VapeMaison\" \/>\n<meta property=\"article:modified_time\" content=\"2025-12-22T09:18:25+00:00\" \/>\n<meta property=\"og:image\" content=\"https:\/\/vapemaison.com\/wp-content\/uploads\/2025\/12\/vape-bang-box-18000-puffs-00018.png.webp\" \/>\n\t<meta property=\"og:image:width\" content=\"1000\" \/>\n\t<meta property=\"og:image:height\" content=\"1000\" \/>\n\t<meta property=\"og:image:type\" content=\"image\/webp\" \/>\n<meta name=\"twitter:card\" content=\"summary_large_image\" \/>\n<meta name=\"twitter:label1\" content=\"Szacowany czas czytania\" \/>\n\t<meta name=\"twitter:data1\" content=\"2 minuty\" \/>\n<!-- \/ Yoast SEO plugin. -->","yoast_head_json":{"title":"Bang Box 18000 Puffs Wy\u015bwietlacz LED Jednorazowe Vape - VapeMaison","description":"Ciesz si\u0119 18 000 zaci\u0105gni\u0119\u0107 dzi\u0119ki Bang Box Vape. Wyposa\u017cony w 26 ml e-liquidu, \u0142adowanie typu C i wy\u015bwietlacz LED. Dostosuj poziomy nikotyny za pomoc\u0105 0%-5%.","robots":{"index":"index","follow":"follow","max-snippet":"max-snippet:-1","max-image-preview":"max-image-preview:large","max-video-preview":"max-video-preview:-1"},"canonical":"https:\/\/vapemaison.com\/pl\/produkt\/bang-box-18000-puffow-wyswietlacz-led-jednorazowy-vape\/","og_locale":"pl_PL","og_type":"article","og_title":"Bang Box 18000 Puffs LED Display Disposable Vape - VapeMaison","og_description":"Enjoy 18,000 puffs with the Bang Box Vape. Featuring a 26ml e-liquid, Type-C charging, and LED display. Customize nicotine levels with 0%-5%.","og_url":"https:\/\/vapemaison.com\/pl\/produkt\/bang-box-18000-puffow-wyswietlacz-led-jednorazowy-vape\/","og_site_name":"VapeMaison","article_modified_time":"2025-12-22T09:18:25+00:00","og_image":[{"width":1000,"height":1000,"url":"https:\/\/vapemaison.com\/wp-content\/uploads\/2025\/12\/vape-bang-box-18000-puffs-00018.png.webp","type":"image\/webp"}],"twitter_card":"summary_large_image","twitter_misc":{"Szacowany czas czytania":"2 minuty"},"schema":{"@context":"https:\/\/schema.org","@graph":[{"@type":"WebPage","@id":"https:\/\/vapemaison.com\/product\/bang-box-18000-puffs-led-display-disposable-vape\/","url":"https:\/\/vapemaison.com\/product\/bang-box-18000-puffs-led-display-disposable-vape\/","name":"Bang Box 18000 Puffs Wy\u015bwietlacz LED Jednorazowe Vape - VapeMaison","isPartOf":{"@id":"https:\/\/vapemaison.com\/#website"},"primaryImageOfPage":{"@id":"https:\/\/vapemaison.com\/product\/bang-box-18000-puffs-led-display-disposable-vape\/#primaryimage"},"image":{"@id":"https:\/\/vapemaison.com\/product\/bang-box-18000-puffs-led-display-disposable-vape\/#primaryimage"},"thumbnailUrl":"https:\/\/vapemaison.com\/wp-content\/uploads\/2025\/12\/vape-bang-box-18000-puffs-00018.png.webp","datePublished":"2025-12-12T08:37:35+00:00","dateModified":"2025-12-22T09:18:25+00:00","description":"Ciesz si\u0119 18 000 zaci\u0105gni\u0119\u0107 dzi\u0119ki Bang Box Vape. Wyposa\u017cony w 26 ml e-liquidu, \u0142adowanie typu C i wy\u015bwietlacz LED. Dostosuj poziomy nikotyny za pomoc\u0105 0%-5%.","breadcrumb":{"@id":"https:\/\/vapemaison.com\/product\/bang-box-18000-puffs-led-display-disposable-vape\/#breadcrumb"},"inLanguage":"pl-PL","potentialAction":[{"@type":"ReadAction","target":["https:\/\/vapemaison.com\/product\/bang-box-18000-puffs-led-display-disposable-vape\/"]}]},{"@type":"ImageObject","inLanguage":"pl-PL","@id":"https:\/\/vapemaison.com\/product\/bang-box-18000-puffs-led-display-disposable-vape\/#primaryimage","url":"https:\/\/vapemaison.com\/wp-content\/uploads\/2025\/12\/vape-bang-box-18000-puffs-00018.png.webp","contentUrl":"https:\/\/vapemaison.com\/wp-content\/uploads\/2025\/12\/vape-bang-box-18000-puffs-00018.png.webp","width":1000,"height":1000,"caption":"vape-bang-box-18000-puffs-00018.png"},{"@type":"BreadcrumbList","@id":"https:\/\/vapemaison.com\/product\/bang-box-18000-puffs-led-display-disposable-vape\/#breadcrumb","itemListElement":[{"@type":"ListItem","position":1,"name":"\u9996\u9875","item":"https:\/\/vapemaison.com\/"},{"@type":"ListItem","position":2,"name":"Shop","item":"https:\/\/vapemaison.com\/shop\/"},{"@type":"ListItem","position":3,"name":"Bang","item":"https:\/\/vapemaison.com\/brand\/bang\/"},{"@type":"ListItem","position":4,"name":"Bang Box 18000 Puffs LED Display Disposable Vape"}]},{"@type":"WebSite","@id":"https:\/\/vapemaison.com\/#website","url":"https:\/\/vapemaison.com\/","name":"VapeMaison","description":"Wysokiej jako\u015bci urz\u0105dzenia i akcesoria do waporyzacji","publisher":{"@id":"https:\/\/vapemaison.com\/#organization"},"potentialAction":[{"@type":"SearchAction","target":{"@type":"EntryPoint","urlTemplate":"https:\/\/vapemaison.com\/?s={search_term_string}"},"query-input":{"@type":"PropertyValueSpecification","valueRequired":true,"valueName":"search_term_string"}}],"inLanguage":"pl-PL"},{"@type":"Organization","@id":"https:\/\/vapemaison.com\/#organization","name":"VapeMaison","url":"https:\/\/vapemaison.com\/","logo":{"@type":"ImageObject","inLanguage":"pl-PL","@id":"https:\/\/vapemaison.com\/#\/schema\/logo\/image\/","url":"https:\/\/vapemaison.com\/wp-content\/uploads\/2026\/01\/cropped-vapemaison-logo-g-2026.webp","contentUrl":"https:\/\/vapemaison.com\/wp-content\/uploads\/2026\/01\/cropped-vapemaison-logo-g-2026.webp","width":350,"height":280,"caption":"VapeMaison"},"image":{"@id":"https:\/\/vapemaison.com\/#\/schema\/logo\/image\/"},"sameAs":["https:\/\/www.youtube.com\/@VapeMaison"]}]}},"tiered_pricing_type":"fixed","tiered_pricing_fixed_rules":{"30":"7.43","50":"6.98","100":"6.63","200":"5.99"},"tiered_pricing_product_settings":{"layout":"default","base_unit_name":{"singular":null,"plural":null},"default_variation":null},"tiered_pricing_minimum_quantity":10,"tiered_pricing_roles_data":[],"tiered_pricing_percentage_rules":[],"tiered_pricing_maximum_quantity":null,"tiered_pricing_quantity_step":"10","_links":{"self":[{"href":"https:\/\/vapemaison.com\/pl\/wp-json\/wp\/v2\/product\/17708","targetHints":{"allow":["GET"]}}],"collection":[{"href":"https:\/\/vapemaison.com\/pl\/wp-json\/wp\/v2\/product"}],"about":[{"href":"https:\/\/vapemaison.com\/pl\/wp-json\/wp\/v2\/types\/product"}],"replies":[{"embeddable":true,"href":"https:\/\/vapemaison.com\/pl\/wp-json\/wp\/v2\/comments?post=17708"}],"version-history":[{"count":0,"href":"https:\/\/vapemaison.com\/pl\/wp-json\/wp\/v2\/product\/17708\/revisions"}],"wp:featuredmedia":[{"embeddable":true,"href":"https:\/\/vapemaison.com\/pl\/wp-json\/wp\/v2\/media\/17709"}],"wp:attachment":[{"href":"https:\/\/vapemaison.com\/pl\/wp-json\/wp\/v2\/media?parent=17708"}],"wp:term":[{"taxonomy":"product_brand","embeddable":true,"href":"https:\/\/vapemaison.com\/pl\/wp-json\/wp\/v2\/product_brand?post=17708"},{"taxonomy":"product_cat","embeddable":true,"href":"https:\/\/vapemaison.com\/pl\/wp-json\/wp\/v2\/product_cat?post=17708"},{"taxonomy":"product_tag","embeddable":true,"href":"https:\/\/vapemaison.com\/pl\/wp-json\/wp\/v2\/product_tag?post=17708"}],"curies":[{"name":"wp","href":"https:\/\/api.w.org\/{rel}","templated":true}]}}