

{"id":17768,"date":"2025-12-12T08:48:53","date_gmt":"2025-12-12T08:48:53","guid":{"rendered":"https:\/\/vapemaison.com\/?post_type=product&#038;p=17768"},"modified":"2025-12-22T09:18:20","modified_gmt":"2025-12-22T09:18:20","slug":"bang-tornado-12000-puffow-jednorazowe-vape","status":"publish","type":"product","link":"https:\/\/vapemaison.com\/pl\/product\/bang-tornado-12000-puffs-disposable-vape\/","title":{"rendered":"Bang Tornado 12000 puff\u00f3w jednorazowego u\u017cytku Vape"},"content":{"rendered":"<p>The <strong>Bang Tornado 12000 puff\u00f3w jednorazowego u\u017cytku Vape<\/strong> oferuje pot\u0119\u017cne i wizualnie uderzaj\u0105ce doznania podczas waporyzacji, idealne dla tych, kt\u00f3rzy pragn\u0105 d\u0142u\u017cszego u\u017cytkowania i wyj\u0105tkowego smaku. Dzi\u0119ki imponuj\u0105cej <strong>12 000 zaci\u0105gni\u0119\u0107<\/strong> oraz <strong>Zbiornik e-liquidu o pojemno\u015bci 20 ml<\/strong>, To urz\u0105dzenie zapewnia satysfakcjonuj\u0105c\u0105 i d\u0142ugotrwa\u0142\u0105 waporyzacj\u0119, idealn\u0105 do ca\u0142odziennej przyjemno\u015bci.<\/p>\n\n\n\n<p>Zasilany przez <strong>Akumulator o pojemno\u015bci 650 mAh<\/strong>, w <strong>Bang Tornado<\/strong> 12000 oferuje niezawodn\u0105 wydajno\u015b\u0107, a jego <strong>Port \u0142adowania typu C<\/strong> (5V 1A) zapewnia szybkie i wydajne \u0142adowanie, minimalizuj\u0105c przestoje. Wyposa\u017cony w <strong>Cewka siatkowa 1,0ohm<\/strong>, Zapewnia g\u0142adk\u0105, sp\u00f3jn\u0105 par\u0119 o ulepszonym smaku, dzi\u0119ki czemu ka\u017cde zaci\u0105gni\u0119cie si\u0119 jest doskona\u0142ym do\u015bwiadczeniem.<\/p>\n\n\n\n<p>Wykonany z wytrzyma\u0142ego <strong>Materia\u0142 PC<\/strong>, Urz\u0105dzenie jest zbudowane z my\u015bl\u0105 o trwa\u0142o\u015bci, a dodatek <strong>Kolorowe \u015bwiat\u0142a LED<\/strong> nadaje mu \u017cywy i nowoczesny wygl\u0105d, dodaj\u0105c uroku sesjom waporyzacji. Z moc\u0105 nikotyny w zakresie od <strong>0% do 5%<\/strong>, Bang Tornado mo\u017cna dostosowa\u0107 do preferowanego stylu waporyzacji.<\/p>\n\n\n\n<h3 class=\"wp-block-heading\"><strong>Kluczowe cechy<\/strong><\/h3>\n\n\n\n<figure class=\"wp-block-table\"><table class=\"has-fixed-layout\"><thead><tr><th><strong>Cecha<\/strong><\/th><th><strong>Specyfikacja<\/strong><\/th><\/tr><\/thead><tbody><tr><td><strong>Puffy<\/strong><\/td><td>Do <strong>12 000 zaci\u0105gni\u0119\u0107<\/strong><\/td><\/tr><tr><td><strong>Pojemno\u015b\u0107 e-liquidu<\/strong><\/td><td><strong>Wst\u0119pnie nape\u0142niony 20 ml<\/strong><\/td><\/tr><tr><td><strong>Si\u0142a nikotyny<\/strong><\/td><td><strong>0%, 2%, 3%, 5%<\/strong><\/td><\/tr><tr><td><strong>Bateria<\/strong><\/td><td><strong>Akumulator 650 mAh<\/strong><\/td><\/tr><tr><td><strong>\u0141adowanie<\/strong><\/td><td><strong>Port typu C<\/strong> (5V 1A)<\/td><\/tr><tr><td><strong>Materia\u0142<\/strong><\/td><td><strong>Wytrzyma\u0142y komputer<\/strong><\/td><\/tr><tr><td><strong>Cewka<\/strong><\/td><td><strong>Cewka siatkowa 1,0ohm<\/strong><\/td><\/tr><tr><td><strong>\u015awiat\u0142o LED<\/strong><\/td><td><strong>Kolorowe \u015bwiat\u0142a LED<\/strong><\/td><\/tr><tr><td><strong>Opakowanie<\/strong><\/td><td><strong>10 sztuk w opakowaniu<\/strong><\/td><\/tr><\/tbody><\/table><\/figure>\n\n\n\n<h3 class=\"wp-block-heading\"><strong>Lista smak\u00f3w<\/strong><\/h3>\n\n\n\n<ol class=\"wp-block-list\">\n<li>Banan truskawkowy<\/li>\n\n\n\n<li>Kiwi Passion Fruit Guava<\/li>\n\n\n\n<li>Truskawka Kiwi<\/li>\n\n\n\n<li>Blue Razz Ice<\/li>\n\n\n\n<li>Kwa\u015bne jab\u0142ko malina<\/li>\n\n\n\n<li>Arbuz Bubblegum<\/li>\n\n\n\n<li>Arbuz truskawkowy<\/li>\n\n\n\n<li>Sok truskawkowy<\/li>\n\n\n\n<li>Black Dragon Ice<\/li>\n\n\n\n<li>Arbuzowy l\u00f3d<\/li>\n\n\n\n<li>L\u00f3d jagodowy<\/li>\n\n\n\n<li>Brzoskwinia Mango Arbuz<\/li>\n\n\n\n<li>L\u00f3d winogronowy<\/li>\n\n\n\n<li>Owoce mieszane<\/li>\n\n\n\n<li>Liczi truskawkowe<\/li>\n\n\n\n<li>Mi\u0119towy l\u00f3d<\/li>\n\n\n\n<li>Arbuz malinowy<\/li>\n\n\n\n<li>L\u00f3d truskawkowy<\/li>\n\n\n\n<li>L\u00f3d brzoskwiniowy<\/li>\n\n\n\n<li>Mango truskawkowe<\/li>\n<\/ol>\n\n\n\n<p>Fani produkt\u00f3w Bang cz\u0119sto eksploruj\u0105 nasz\u0105 pe\u0142n\u0105 ofert\u0119, aby znale\u017a\u0107 sw\u00f3j idealny waporyzator. Zacznij od <a href=\"https:\/\/vapemaison.com\">strona g\u0142\u00f3wna<\/a>, odkryj wszystkie produkty w naszym <a href=\"https:\/\/vapemaison.com\/shop\">sklep<\/a>, lub zanurzy\u0107 si\u0119 w <a href=\"https:\/\/vapemaison.com\/brand\/bang\">Marka Bang<\/a> aby zobaczy\u0107 pe\u0142n\u0105 ofert\u0119. Szukasz czego\u015b innego? Nasz <a href=\"https:\/\/vapemaison.com\/brand\/waspe\">Kolekcja WASPE<\/a> oraz <a href=\"https:\/\/vapemaison.com\/product-category\/puffs-count\/\">Kategoria Puffy<\/a> maj\u0105 wiele opcji dla ka\u017cdego wapera.<\/p>","protected":false},"excerpt":{"rendered":"<div id=\"model-response-message-contentr_1390ad1f86f9ddbe\" class=\"markdown markdown-main-panel stronger enable-updated-hr-color\" dir=\"ltr\" aria-live=\"polite\" aria-busy=\"false\">\n<p data-path-to-node=\"0\">Do\u015bwiadcz 12 000 aromatycznych zaci\u0105gni\u0119\u0107 w po\u0142\u0105czeniu z \u017cywym pod\u015bwietleniem LED i wysokowydajn\u0105 cewk\u0105 siatkow\u0105 zapewniaj\u0105c\u0105 niezmiennie p\u0142ynne uderzenie. Wybierz sw\u00f3j idealny poziom nikotyny i kup go ju\u017c dzi\u015b, aby cieszy\u0107 si\u0119 tym wysokiej jako\u015bci, trwa\u0142ym urz\u0105dzeniem, dop\u00f3ki nasze aktualne zapasy s\u0105 dost\u0119pne.<\/p>\n<\/div>","protected":false},"featured_media":17779,"comment_status":"open","ping_status":"closed","template":"","meta":[],"product_brand":[57],"product_cat":[154],"product_tag":[],"class_list":{"0":"post-17768","1":"product","2":"type-product","3":"status-publish","4":"has-post-thumbnail","6":"product_brand-bang","7":"product_cat-12k-puffs","9":"first","10":"instock","11":"sale","12":"shipping-taxable","13":"purchasable","14":"product-type-variable"},"yoast_head":"<!-- This site is optimized with the Yoast SEO plugin v27.4 - https:\/\/yoast.com\/product\/yoast-seo-wordpress\/ -->\n<title>Bang Tornado 12000 Puffs Disposable Vape with LED Lights - VapeMaison<\/title>\n<meta name=\"description\" content=\"Enjoy Bang Tornado 12000 Puffs Vape. Featuring a 20ml e-liquid capacity, 1.0ohm mesh coil, LED lights, and Type-C charging. Available in 0%-5% nicotine.\" \/>\n<meta name=\"robots\" content=\"index, follow, max-snippet:-1, max-image-preview:large, max-video-preview:-1\" \/>\n<link rel=\"canonical\" href=\"https:\/\/vapemaison.com\/pl\/produkt\/bang-tornado-12000-puffow-jednorazowe-vape\/\" \/>\n<meta property=\"og:locale\" content=\"pl_PL\" \/>\n<meta property=\"og:type\" content=\"article\" \/>\n<meta property=\"og:title\" content=\"Bang Tornado 12000 Puffs Disposable Vape with LED Lights - VapeMaison\" \/>\n<meta property=\"og:description\" content=\"Enjoy Bang Tornado 12000 Puffs Vape. Featuring a 20ml e-liquid capacity, 1.0ohm mesh coil, LED lights, and Type-C charging. Available in 0%-5% nicotine.\" \/>\n<meta property=\"og:url\" content=\"https:\/\/vapemaison.com\/pl\/produkt\/bang-tornado-12000-puffow-jednorazowe-vape\/\" \/>\n<meta property=\"og:site_name\" content=\"VapeMaison\" \/>\n<meta property=\"article:modified_time\" content=\"2025-12-22T09:18:20+00:00\" \/>\n<meta property=\"og:image\" content=\"https:\/\/vapemaison.com\/wp-content\/uploads\/2025\/12\/vape-bang-tornado-12000-puffs-11.webp\" \/>\n\t<meta property=\"og:image:width\" content=\"1000\" \/>\n\t<meta property=\"og:image:height\" content=\"1000\" \/>\n\t<meta property=\"og:image:type\" content=\"image\/webp\" \/>\n<meta name=\"twitter:card\" content=\"summary_large_image\" \/>\n<meta name=\"twitter:label1\" content=\"Szacowany czas czytania\" \/>\n\t<meta name=\"twitter:data1\" content=\"2 minuty\" \/>\n<!-- \/ Yoast SEO plugin. -->","yoast_head_json":{"title":"Bang Tornado 12000 Puffs jednorazowy Vape z o\u015bwietleniem LED - VapeMaison","description":"Enjoy Bang Tornado 12000 Puffs Vape. Posiada pojemno\u015b\u0107 20 ml e-liquidu, cewk\u0119 siatkow\u0105 1,0ohm, o\u015bwietlenie LED i \u0142adowanie typu C. Dost\u0119pny w wersjach nikotynowych 0%-5%.","robots":{"index":"index","follow":"follow","max-snippet":"max-snippet:-1","max-image-preview":"max-image-preview:large","max-video-preview":"max-video-preview:-1"},"canonical":"https:\/\/vapemaison.com\/pl\/produkt\/bang-tornado-12000-puffow-jednorazowe-vape\/","og_locale":"pl_PL","og_type":"article","og_title":"Bang Tornado 12000 Puffs Disposable Vape with LED Lights - VapeMaison","og_description":"Enjoy Bang Tornado 12000 Puffs Vape. Featuring a 20ml e-liquid capacity, 1.0ohm mesh coil, LED lights, and Type-C charging. Available in 0%-5% nicotine.","og_url":"https:\/\/vapemaison.com\/pl\/produkt\/bang-tornado-12000-puffow-jednorazowe-vape\/","og_site_name":"VapeMaison","article_modified_time":"2025-12-22T09:18:20+00:00","og_image":[{"width":1000,"height":1000,"url":"https:\/\/vapemaison.com\/wp-content\/uploads\/2025\/12\/vape-bang-tornado-12000-puffs-11.webp","type":"image\/webp"}],"twitter_card":"summary_large_image","twitter_misc":{"Szacowany czas czytania":"2 minuty"},"schema":{"@context":"https:\/\/schema.org","@graph":[{"@type":"WebPage","@id":"https:\/\/vapemaison.com\/product\/bang-tornado-12000-puffs-disposable-vape\/","url":"https:\/\/vapemaison.com\/product\/bang-tornado-12000-puffs-disposable-vape\/","name":"Bang Tornado 12000 Puffs jednorazowy Vape z o\u015bwietleniem LED - VapeMaison","isPartOf":{"@id":"https:\/\/vapemaison.com\/#website"},"primaryImageOfPage":{"@id":"https:\/\/vapemaison.com\/product\/bang-tornado-12000-puffs-disposable-vape\/#primaryimage"},"image":{"@id":"https:\/\/vapemaison.com\/product\/bang-tornado-12000-puffs-disposable-vape\/#primaryimage"},"thumbnailUrl":"https:\/\/vapemaison.com\/wp-content\/uploads\/2025\/12\/vape-bang-tornado-12000-puffs-11.webp","datePublished":"2025-12-12T08:48:53+00:00","dateModified":"2025-12-22T09:18:20+00:00","description":"Enjoy Bang Tornado 12000 Puffs Vape. Posiada pojemno\u015b\u0107 20 ml e-liquidu, cewk\u0119 siatkow\u0105 1,0ohm, o\u015bwietlenie LED i \u0142adowanie typu C. Dost\u0119pny w wersjach nikotynowych 0%-5%.","breadcrumb":{"@id":"https:\/\/vapemaison.com\/product\/bang-tornado-12000-puffs-disposable-vape\/#breadcrumb"},"inLanguage":"pl-PL","potentialAction":[{"@type":"ReadAction","target":["https:\/\/vapemaison.com\/product\/bang-tornado-12000-puffs-disposable-vape\/"]}]},{"@type":"ImageObject","inLanguage":"pl-PL","@id":"https:\/\/vapemaison.com\/product\/bang-tornado-12000-puffs-disposable-vape\/#primaryimage","url":"https:\/\/vapemaison.com\/wp-content\/uploads\/2025\/12\/vape-bang-tornado-12000-puffs-11.webp","contentUrl":"https:\/\/vapemaison.com\/wp-content\/uploads\/2025\/12\/vape-bang-tornado-12000-puffs-11.webp","width":1000,"height":1000,"caption":"vape-bang-tornado-12000-puffs-11"},{"@type":"BreadcrumbList","@id":"https:\/\/vapemaison.com\/product\/bang-tornado-12000-puffs-disposable-vape\/#breadcrumb","itemListElement":[{"@type":"ListItem","position":1,"name":"\u9996\u9875","item":"https:\/\/vapemaison.com\/"},{"@type":"ListItem","position":2,"name":"Shop","item":"https:\/\/vapemaison.com\/shop\/"},{"@type":"ListItem","position":3,"name":"Bang","item":"https:\/\/vapemaison.com\/brand\/bang\/"},{"@type":"ListItem","position":4,"name":"Bang Tornado 12000 Puffs Disposable Vape"}]},{"@type":"WebSite","@id":"https:\/\/vapemaison.com\/#website","url":"https:\/\/vapemaison.com\/","name":"VapeMaison","description":"Wysokiej jako\u015bci urz\u0105dzenia i akcesoria do waporyzacji","publisher":{"@id":"https:\/\/vapemaison.com\/#organization"},"potentialAction":[{"@type":"SearchAction","target":{"@type":"EntryPoint","urlTemplate":"https:\/\/vapemaison.com\/?s={search_term_string}"},"query-input":{"@type":"PropertyValueSpecification","valueRequired":true,"valueName":"search_term_string"}}],"inLanguage":"pl-PL"},{"@type":"Organization","@id":"https:\/\/vapemaison.com\/#organization","name":"VapeMaison","url":"https:\/\/vapemaison.com\/","logo":{"@type":"ImageObject","inLanguage":"pl-PL","@id":"https:\/\/vapemaison.com\/#\/schema\/logo\/image\/","url":"https:\/\/vapemaison.com\/wp-content\/uploads\/2026\/01\/cropped-vapemaison-logo-g-2026.webp","contentUrl":"https:\/\/vapemaison.com\/wp-content\/uploads\/2026\/01\/cropped-vapemaison-logo-g-2026.webp","width":350,"height":280,"caption":"VapeMaison"},"image":{"@id":"https:\/\/vapemaison.com\/#\/schema\/logo\/image\/"},"sameAs":["https:\/\/www.youtube.com\/@VapeMaison"]}]}},"tiered_pricing_type":"fixed","tiered_pricing_fixed_rules":{"30":"7.63","50":"7.12","100":"6.77","200":"6.23"},"tiered_pricing_product_settings":{"layout":"default","base_unit_name":{"singular":null,"plural":null},"default_variation":null},"tiered_pricing_minimum_quantity":10,"tiered_pricing_roles_data":[],"tiered_pricing_percentage_rules":[],"tiered_pricing_maximum_quantity":null,"tiered_pricing_quantity_step":"10","_links":{"self":[{"href":"https:\/\/vapemaison.com\/pl\/wp-json\/wp\/v2\/product\/17768","targetHints":{"allow":["GET"]}}],"collection":[{"href":"https:\/\/vapemaison.com\/pl\/wp-json\/wp\/v2\/product"}],"about":[{"href":"https:\/\/vapemaison.com\/pl\/wp-json\/wp\/v2\/types\/product"}],"replies":[{"embeddable":true,"href":"https:\/\/vapemaison.com\/pl\/wp-json\/wp\/v2\/comments?post=17768"}],"version-history":[{"count":0,"href":"https:\/\/vapemaison.com\/pl\/wp-json\/wp\/v2\/product\/17768\/revisions"}],"wp:featuredmedia":[{"embeddable":true,"href":"https:\/\/vapemaison.com\/pl\/wp-json\/wp\/v2\/media\/17779"}],"wp:attachment":[{"href":"https:\/\/vapemaison.com\/pl\/wp-json\/wp\/v2\/media?parent=17768"}],"wp:term":[{"taxonomy":"product_brand","embeddable":true,"href":"https:\/\/vapemaison.com\/pl\/wp-json\/wp\/v2\/product_brand?post=17768"},{"taxonomy":"product_cat","embeddable":true,"href":"https:\/\/vapemaison.com\/pl\/wp-json\/wp\/v2\/product_cat?post=17768"},{"taxonomy":"product_tag","embeddable":true,"href":"https:\/\/vapemaison.com\/pl\/wp-json\/wp\/v2\/product_tag?post=17768"}],"curies":[{"name":"wp","href":"https:\/\/api.w.org\/{rel}","templated":true}]}}