

{"id":17861,"date":"2025-12-12T09:03:53","date_gmt":"2025-12-12T09:03:53","guid":{"rendered":"https:\/\/vapemaison.com\/?post_type=product&#038;p=17861"},"modified":"2026-01-09T08:36:04","modified_gmt":"2026-01-09T08:36:04","slug":"bang-king-smart-screen-15000-puffow-vape","status":"publish","type":"product","link":"https:\/\/vapemaison.com\/pl\/product\/bang-king-smart-screen-15000-puffs-vape\/","title":{"rendered":"Bang King Smart Screen 15000 Puffs jednorazowy Vape"},"content":{"rendered":"<p>The <strong>Bang King Smartscreen 15000 Puffs z wy\u015bwietlaczem LED Jednorazowy Vape<\/strong> to wysokiej klasy urz\u0105dzenie zaprojektowane dla tych, kt\u00f3rzy wymagaj\u0105 najwy\u017cszej wydajno\u015bci i wygody. Dzi\u0119ki imponuj\u0105cej <strong>Pojemno\u015b\u0107 25 ml e-liquidu<\/strong> oraz <strong>15000 zaci\u0105gni\u0119\u0107<\/strong>, Waporyzator ten zapewnia d\u0142ugotrwa\u0142e i satysfakcjonuj\u0105ce doznania. The <strong>Akumulator 650 mAh<\/strong> zapewnia niezawodne zasilanie, podczas gdy <strong>Port \u0142adowania typu C<\/strong> zapewnia szybkie i wydajne \u0142adowanie.<\/p>\n\n\n\n<p>The <strong>Drut grzewczy z rdzeniem siatkowym 1,0\u03a9<\/strong> zapewnia sp\u00f3jn\u0105, g\u0142adk\u0105 par\u0119, maksymalizuj\u0105c smak i wydajno\u015b\u0107 przy ka\u017cdym zaci\u0105gni\u0119ciu. Model <strong>Wy\u015bwietlacz LED<\/strong> oferuje widoczno\u015b\u0107 w czasie rzeczywistym zar\u00f3wno <strong>bateria<\/strong> oraz <strong>Poziomy e-cieczy<\/strong>, pozwalaj\u0105c u\u017cytkownikom by\u0107 na bie\u017c\u0105co i mie\u0107 kontrol\u0119 podczas sesji waporyzacji.<\/p>\n\n\n\n<p>Z <strong>regulowane st\u0119\u017cenie nikotyny<\/strong> z <strong>0%, 2%, 3% i 5%<\/strong>, w <strong>Bang King Smartscreen<\/strong> zaspokaja wszystkie preferencje, zapewniaj\u0105c zoptymalizowane wra\u017cenia, niezale\u017cnie od tego, czy wolisz bez nikotyny, czy mocniejsze uderzenie.<\/p>\n\n\n\n<h3 class=\"wp-block-heading\">Bang King <strong>Kluczowe cechy<\/strong><\/h3>\n\n\n\n<figure class=\"wp-block-table\"><table class=\"has-fixed-layout\"><thead><tr><th><strong>Cecha<\/strong><\/th><th><strong>Specyfikacja<\/strong><\/th><\/tr><\/thead><tbody><tr><td><strong>Pojemno\u015b\u0107 e-liquidu<\/strong><\/td><td><strong>Wst\u0119pnie nape\u0142niony 25 ml<\/strong><\/td><\/tr><tr><td><strong>Si\u0142a nikotyny<\/strong><\/td><td><strong>0%, 2%, 3%, 5%<\/strong><\/td><\/tr><tr><td><strong>Bateria<\/strong><\/td><td><strong>Akumulator 650 mAh<\/strong><\/td><\/tr><tr><td><strong>Puffy<\/strong><\/td><td>Do <strong>15 000 zaci\u0105gni\u0119\u0107<\/strong><\/td><\/tr><tr><td><strong>\u0141adowanie<\/strong><\/td><td><strong>Port typu C<\/strong><\/td><\/tr><tr><td><strong>Przew\u00f3d grzejny<\/strong><\/td><td><strong>Rdze\u0144 siatki 1,0\u03a9<\/strong><\/td><\/tr><tr><td><strong>Wy\u015bwietlacz<\/strong><\/td><td><strong>Wy\u015bwietlacz LED<\/strong> dla poziom\u00f3w baterii i e-cieczy<\/td><\/tr><tr><td><strong>Opakowanie<\/strong><\/td><td><strong>1 opakowanie zawiera 10 sztuk<\/strong><\/td><\/tr><\/tbody><\/table><\/figure>\n\n\n\n<h3 class=\"wp-block-heading\"><strong>Lista smak\u00f3w<\/strong><\/h3>\n\n\n\n<ol class=\"wp-block-list\">\n<li>Blue Freeze<\/li>\n\n\n\n<li>Berry Blast<\/li>\n\n\n\n<li>Blue Cherry Lemon<\/li>\n\n\n\n<li>Peach Freeze<\/li>\n\n\n\n<li>Grape Freeze<\/li>\n\n\n\n<li>Peach Berry<\/li>\n\n\n\n<li>Kwa\u015bne jab\u0142ko Razberry<\/li>\n\n\n\n<li>Potr\u00f3jny owoc<\/li>\n\n\n\n<li>Lush Ice<\/li>\n\n\n\n<li>Arbuz truskawkowy<\/li>\n<\/ol>\n\n\n\n<p>Fani produkt\u00f3w Bang cz\u0119sto eksploruj\u0105 nasz\u0105 pe\u0142n\u0105 ofert\u0119, aby znale\u017a\u0107 sw\u00f3j idealny waporyzator. Zacznij od <a href=\"https:\/\/vapemaison.com\">strona g\u0142\u00f3wna<\/a>, i nasz <a href=\"https:\/\/vapemaison.com\/product-category\/hot-series\/\">Bestsellery<\/a> Odkryj wszystkie produkty w naszej ofercie <a href=\"https:\/\/vapemaison.com\/shop\">sklep<\/a>, lub zanurzy\u0107 si\u0119 w <a href=\"https:\/\/vapemaison.com\/brand\/bang\">Marka Bang<\/a> aby zobaczy\u0107 pe\u0142n\u0105 ofert\u0119. Szukasz czego\u015b innego? Nasz <a href=\"https:\/\/vapemaison.com\/brand\/waspe\">Kolekcja WASPE<\/a> oraz <a href=\"https:\/\/vapemaison.com\/product-category\/puffs-count\/\">Kategoria Puffy<\/a> maj\u0105 wiele opcji dla ka\u017cdego wapera. <\/p>","protected":false},"excerpt":{"rendered":"<div id=\"model-response-message-contentr_24982b67bbe72fe7\" class=\"markdown markdown-main-panel stronger enable-updated-hr-color\" dir=\"ltr\" aria-live=\"polite\" aria-busy=\"false\">\n<p data-path-to-node=\"0\">Zmaksymalizuj swoj\u0105 satysfakcj\u0119 dzi\u0119ki 15 000 p\u0142ynnych zaci\u0105gni\u0119\u0107 i pojemno\u015bci 25 ml, a wszystko to monitorowane za pomoc\u0105 wy\u015bwietlacza LED w czasie rzeczywistym dla pe\u0142nej kontroli baterii i p\u0142ynu. Wybierz preferowan\u0105 moc nikotyny i zam\u00f3w teraz, aby skorzysta\u0107 z naszej aktualnej dost\u0119pno\u015bci i priorytetowej wysy\u0142ki.<\/p>\n<\/div>","protected":false},"featured_media":17866,"comment_status":"open","ping_status":"closed","template":"","meta":[],"product_brand":[57],"product_cat":[167],"product_tag":[],"class_list":{"0":"post-17861","1":"product","2":"type-product","3":"status-publish","4":"has-post-thumbnail","6":"product_brand-bang","7":"product_cat-15k-puffs","9":"first","10":"instock","11":"sale","12":"shipping-taxable","13":"purchasable","14":"product-type-variable"},"yoast_head":"<!-- This site is optimized with the Yoast SEO plugin v27.4 - https:\/\/yoast.com\/product\/yoast-seo-wordpress\/ -->\n<title>Bang King Smart Screen 15000 Puffs Vape \u2013 LED Display - VapeMaison<\/title>\n<meta name=\"description\" content=\"Enjoy 15,000 puffs with the Bang King Smartscreen Vape. 25ml e-liquid, mesh coil, LED display. Choose your nicotine strength and vape with style.\" \/>\n<meta name=\"robots\" content=\"index, follow, max-snippet:-1, max-image-preview:large, max-video-preview:-1\" \/>\n<link rel=\"canonical\" href=\"https:\/\/vapemaison.com\/pl\/produkt\/bang-king-smart-screen-15000-puffow-vape\/\" \/>\n<meta property=\"og:locale\" content=\"pl_PL\" \/>\n<meta property=\"og:type\" content=\"article\" \/>\n<meta property=\"og:title\" content=\"Bang King Smart Screen 15000 Puffs Vape \u2013 LED Display - VapeMaison\" \/>\n<meta property=\"og:description\" content=\"Enjoy 15,000 puffs with the Bang King Smartscreen Vape. 25ml e-liquid, mesh coil, LED display. Choose your nicotine strength and vape with style.\" \/>\n<meta property=\"og:url\" content=\"https:\/\/vapemaison.com\/pl\/produkt\/bang-king-smart-screen-15000-puffow-vape\/\" \/>\n<meta property=\"og:site_name\" content=\"VapeMaison\" \/>\n<meta property=\"article:modified_time\" content=\"2026-01-09T08:36:04+00:00\" \/>\n<meta property=\"og:image\" content=\"https:\/\/vapemaison.com\/wp-content\/uploads\/2025\/12\/vape-bang-king-smartscreen-15000-puffs-00001-00006.png.webp\" \/>\n\t<meta property=\"og:image:width\" content=\"1000\" \/>\n\t<meta property=\"og:image:height\" content=\"1000\" \/>\n\t<meta property=\"og:image:type\" content=\"image\/webp\" \/>\n<meta name=\"twitter:card\" content=\"summary_large_image\" \/>\n<meta name=\"twitter:label1\" content=\"Szacowany czas czytania\" \/>\n\t<meta name=\"twitter:data1\" content=\"2 minuty\" \/>\n<!-- \/ Yoast SEO plugin. -->","yoast_head_json":{"title":"Bang King Smart Screen 15000 Puffs Vape - wy\u015bwietlacz LED - VapeMaison","description":"Ciesz si\u0119 15 000 zaci\u0105gni\u0119\u0107 dzi\u0119ki Bang King Smartscreen Vape. 25 ml e-liquidu, cewka siatkowa, wy\u015bwietlacz LED. Wybierz moc nikotyny i wapuj ze stylem.","robots":{"index":"index","follow":"follow","max-snippet":"max-snippet:-1","max-image-preview":"max-image-preview:large","max-video-preview":"max-video-preview:-1"},"canonical":"https:\/\/vapemaison.com\/pl\/produkt\/bang-king-smart-screen-15000-puffow-vape\/","og_locale":"pl_PL","og_type":"article","og_title":"Bang King Smart Screen 15000 Puffs Vape \u2013 LED Display - VapeMaison","og_description":"Enjoy 15,000 puffs with the Bang King Smartscreen Vape. 25ml e-liquid, mesh coil, LED display. Choose your nicotine strength and vape with style.","og_url":"https:\/\/vapemaison.com\/pl\/produkt\/bang-king-smart-screen-15000-puffow-vape\/","og_site_name":"VapeMaison","article_modified_time":"2026-01-09T08:36:04+00:00","og_image":[{"width":1000,"height":1000,"url":"https:\/\/vapemaison.com\/wp-content\/uploads\/2025\/12\/vape-bang-king-smartscreen-15000-puffs-00001-00006.png.webp","type":"image\/webp"}],"twitter_card":"summary_large_image","twitter_misc":{"Szacowany czas czytania":"2 minuty"},"schema":{"@context":"https:\/\/schema.org","@graph":[{"@type":"WebPage","@id":"https:\/\/vapemaison.com\/product\/bang-king-smart-screen-15000-puffs-vape\/","url":"https:\/\/vapemaison.com\/product\/bang-king-smart-screen-15000-puffs-vape\/","name":"Bang King Smart Screen 15000 Puffs Vape - wy\u015bwietlacz LED - VapeMaison","isPartOf":{"@id":"https:\/\/vapemaison.com\/#website"},"primaryImageOfPage":{"@id":"https:\/\/vapemaison.com\/product\/bang-king-smart-screen-15000-puffs-vape\/#primaryimage"},"image":{"@id":"https:\/\/vapemaison.com\/product\/bang-king-smart-screen-15000-puffs-vape\/#primaryimage"},"thumbnailUrl":"https:\/\/vapemaison.com\/wp-content\/uploads\/2025\/12\/vape-bang-king-smartscreen-15000-puffs-00001-00006.png.webp","datePublished":"2025-12-12T09:03:53+00:00","dateModified":"2026-01-09T08:36:04+00:00","description":"Ciesz si\u0119 15 000 zaci\u0105gni\u0119\u0107 dzi\u0119ki Bang King Smartscreen Vape. 25 ml e-liquidu, cewka siatkowa, wy\u015bwietlacz LED. Wybierz moc nikotyny i wapuj ze stylem.","breadcrumb":{"@id":"https:\/\/vapemaison.com\/product\/bang-king-smart-screen-15000-puffs-vape\/#breadcrumb"},"inLanguage":"pl-PL","potentialAction":[{"@type":"ReadAction","target":["https:\/\/vapemaison.com\/product\/bang-king-smart-screen-15000-puffs-vape\/"]}]},{"@type":"ImageObject","inLanguage":"pl-PL","@id":"https:\/\/vapemaison.com\/product\/bang-king-smart-screen-15000-puffs-vape\/#primaryimage","url":"https:\/\/vapemaison.com\/wp-content\/uploads\/2025\/12\/vape-bang-king-smartscreen-15000-puffs-00001-00006.png.webp","contentUrl":"https:\/\/vapemaison.com\/wp-content\/uploads\/2025\/12\/vape-bang-king-smartscreen-15000-puffs-00001-00006.png.webp","width":1000,"height":1000,"caption":"vape-bang-king-smartscreen-15000-puffs-00001-00006.png"},{"@type":"BreadcrumbList","@id":"https:\/\/vapemaison.com\/product\/bang-king-smart-screen-15000-puffs-vape\/#breadcrumb","itemListElement":[{"@type":"ListItem","position":1,"name":"\u9996\u9875","item":"https:\/\/vapemaison.com\/"},{"@type":"ListItem","position":2,"name":"Shop","item":"https:\/\/vapemaison.com\/shop\/"},{"@type":"ListItem","position":3,"name":"Bang","item":"https:\/\/vapemaison.com\/brand\/bang\/"},{"@type":"ListItem","position":4,"name":"Bang King Smart Screen 15000 Puffs Disposable Vape"}]},{"@type":"WebSite","@id":"https:\/\/vapemaison.com\/#website","url":"https:\/\/vapemaison.com\/","name":"VapeMaison","description":"Wysokiej jako\u015bci urz\u0105dzenia i akcesoria do waporyzacji","publisher":{"@id":"https:\/\/vapemaison.com\/#organization"},"potentialAction":[{"@type":"SearchAction","target":{"@type":"EntryPoint","urlTemplate":"https:\/\/vapemaison.com\/?s={search_term_string}"},"query-input":{"@type":"PropertyValueSpecification","valueRequired":true,"valueName":"search_term_string"}}],"inLanguage":"pl-PL"},{"@type":"Organization","@id":"https:\/\/vapemaison.com\/#organization","name":"VapeMaison","url":"https:\/\/vapemaison.com\/","logo":{"@type":"ImageObject","inLanguage":"pl-PL","@id":"https:\/\/vapemaison.com\/#\/schema\/logo\/image\/","url":"https:\/\/vapemaison.com\/wp-content\/uploads\/2026\/01\/cropped-vapemaison-logo-g-2026.webp","contentUrl":"https:\/\/vapemaison.com\/wp-content\/uploads\/2026\/01\/cropped-vapemaison-logo-g-2026.webp","width":350,"height":280,"caption":"VapeMaison"},"image":{"@id":"https:\/\/vapemaison.com\/#\/schema\/logo\/image\/"},"sameAs":["https:\/\/www.youtube.com\/@VapeMaison"]}]}},"tiered_pricing_type":"fixed","tiered_pricing_fixed_rules":{"30":"6.99","50":"6.63","100":"5.79","200":"5.24"},"tiered_pricing_product_settings":{"layout":"default","base_unit_name":{"singular":null,"plural":null},"default_variation":null},"tiered_pricing_minimum_quantity":10,"tiered_pricing_roles_data":[],"tiered_pricing_percentage_rules":[],"tiered_pricing_maximum_quantity":null,"tiered_pricing_quantity_step":"10","_links":{"self":[{"href":"https:\/\/vapemaison.com\/pl\/wp-json\/wp\/v2\/product\/17861","targetHints":{"allow":["GET"]}}],"collection":[{"href":"https:\/\/vapemaison.com\/pl\/wp-json\/wp\/v2\/product"}],"about":[{"href":"https:\/\/vapemaison.com\/pl\/wp-json\/wp\/v2\/types\/product"}],"replies":[{"embeddable":true,"href":"https:\/\/vapemaison.com\/pl\/wp-json\/wp\/v2\/comments?post=17861"}],"version-history":[{"count":0,"href":"https:\/\/vapemaison.com\/pl\/wp-json\/wp\/v2\/product\/17861\/revisions"}],"wp:featuredmedia":[{"embeddable":true,"href":"https:\/\/vapemaison.com\/pl\/wp-json\/wp\/v2\/media\/17866"}],"wp:attachment":[{"href":"https:\/\/vapemaison.com\/pl\/wp-json\/wp\/v2\/media?parent=17861"}],"wp:term":[{"taxonomy":"product_brand","embeddable":true,"href":"https:\/\/vapemaison.com\/pl\/wp-json\/wp\/v2\/product_brand?post=17861"},{"taxonomy":"product_cat","embeddable":true,"href":"https:\/\/vapemaison.com\/pl\/wp-json\/wp\/v2\/product_cat?post=17861"},{"taxonomy":"product_tag","embeddable":true,"href":"https:\/\/vapemaison.com\/pl\/wp-json\/wp\/v2\/product_tag?post=17861"}],"curies":[{"name":"wp","href":"https:\/\/api.w.org\/{rel}","templated":true}]}}