

{"id":18302,"date":"2025-12-15T07:19:08","date_gmt":"2025-12-15T07:19:08","guid":{"rendered":"https:\/\/vapemaison.com\/?post_type=product&#038;p=18302"},"modified":"2025-12-20T09:19:08","modified_gmt":"2025-12-20T09:19:08","slug":"vozol-rave-blue-razz-ice-led-display-40k-puff-jednorazowy-vape","status":"publish","type":"product","link":"https:\/\/vapemaison.com\/pl\/product\/vozol-rave-blue-razz-ice-led-display-40k-puffs-disposable-vape\/","title":{"rendered":"VOZOL RAVE Blue Razz Ice LED Display | 40k Puffs Jednorazowy Vape"},"content":{"rendered":"<h2 class=\"wp-block-heading\">VOZOL RAVE 40000 Puffs Blue Razz Ice: Chill &amp; Thrill<\/h2>\n\n\n\n<p>The <strong>VOZOL RAVE 40000 puff\u00f3w jednorazowych Vape<\/strong> w Blue Razz Ice zapewnia ekscytuj\u0105ce po\u0142\u0105czenie s\u0142odkiego, cierpkiego i lodowatego orze\u017awienia. Zaprojektowane z my\u015bl\u0105 o wydajno\u015bci i zabawie, urz\u0105dzenie to oferuje bezprecedensow\u0105 <strong>Liczba zaci\u0105gni\u0119\u0107 40000<\/strong> i jest podkre\u015blony przez dynamik\u0119 <strong>270\u00b0 LED Light Show<\/strong>. Dzi\u0119ki ogromnej pojemno\u015bci 20 ml e-liquidu zapewnia d\u0142ugotrwa\u0142\u0105, osza\u0142amiaj\u0105c\u0105 wizualnie i intensywnie aromatyczn\u0105 sesj\u0119 waporyzacji od pocz\u0105tku do ko\u0144ca.<\/p>\n\n\n\n<h4 class=\"wp-block-heading\">Uczta smak\u00f3w: Odkryj sw\u00f3j ulubiony<\/h4>\n\n\n\n<h2 class=\"wp-block-heading\">Blue Razz Ice: idealna r\u00f3wnowaga pikantno\u015bci i mrozu<\/h2>\n\n\n\n<p>Profil smakowy Blue Razz Ice jest ulubie\u0144cem fan\u00f3w nie bez powodu. Zaczyna si\u0119 od <strong>odwa\u017cny, \u017cywy smak niebieskiej maliny<\/strong>, trafiaj\u0105c w idealne miejsce mi\u0119dzy s\u0142odycz\u0105 a pikantno\u015bci\u0105. Natychmiast po tym nast\u0119puje fala <strong>czysty, arktyczny mentol<\/strong>, tworz\u0105c mro\u017any wydech, kt\u00f3ry o\u017cywia podniebienie.<\/p>\n\n\n\n<ul class=\"wp-block-list\">\n<li><strong>Blue Razz Ice:<\/strong> Kwintesencja s\u0142odko-kwa\u015bnego smaku niebieskich malin, wzmocniona ostrym, ch\u0142odz\u0105cym doznaniem.<\/li>\n\n\n\n<li>L\u00f3d jagodowy<\/li>\n\n\n\n<li>Arbuz jagodowy<\/li>\n\n\n\n<li>Truskawka z wi\u015bni\u0105<\/li>\n\n\n\n<li>Cool Mint<\/li>\n\n\n\n<li>Podw\u00f3jne jab\u0142ko<\/li>\n\n\n\n<li>L\u00f3d winogronowy<\/li>\n\n\n\n<li>Love 777<\/li>\n\n\n\n<li>Mango Ice<\/li>\n\n\n\n<li>Mango Brzoskwinia<\/li>\n\n\n\n<li>L\u00f3d brzoskwiniowy<\/li>\n\n\n\n<li>Lemoniada brzoskwiniowo-malinowa<\/li>\n\n\n\n<li>L\u00f3d truskawkowy<\/li>\n\n\n\n<li>Truskawka Kiwi<\/li>\n\n\n\n<li>Mango truskawkowe<\/li>\n\n\n\n<li>Arbuz truskawkowy<\/li>\n\n\n\n<li>Brzoskwinia truskawkowa<\/li>\n\n\n\n<li>Arbuz Bubblegum<\/li>\n\n\n\n<li>Arbuzowy l\u00f3d<\/li>\n\n\n\n<li>Arbuz Razz Rancher<\/li>\n<\/ul>\n\n\n\n<h4 class=\"wp-block-heading\">Specyfikacja techniczna i najwa\u017cniejsze cechy konstrukcyjne<\/h4>\n\n\n\n<h2 class=\"wp-block-heading\">Specyfikacja techniczna i innowacje VOZOL RAVE 40000<\/h2>\n\n\n\n<p>VOZOL RAVE 40000 zosta\u0142 zbudowany w oparciu o najnowocze\u015bniejsz\u0105 technologi\u0119, aby zagwarantowa\u0107 najwy\u017cszej jako\u015bci wra\u017cenia dla ka\u017cdego puffa.<\/p>\n\n\n\n<ul class=\"wp-block-list\">\n<li><strong>Max Puffs:<\/strong> Oko\u0142o. <strong>40000 Puff\u00f3w<\/strong><\/li>\n\n\n\n<li><strong>Pojemno\u015b\u0107 e-liquidu:<\/strong> 20 ml<\/li>\n\n\n\n<li><strong>Bateria:<\/strong> 1000 mAh <strong>Akumulator<\/strong><\/li>\n\n\n\n<li><strong>Moc nikotyny:<\/strong> 5% (50mg\/ml) S\u00f3l nikotynowa<\/li>\n\n\n\n<li><strong>System cewek:<\/strong> <strong>Cewka z podw\u00f3jn\u0105 siatk\u0105<\/strong> z S.i.L.C. Tech<\/li>\n\n\n\n<li><strong>\u0141adowanie:<\/strong> Port USB typu C (szybkie \u0142adowanie)<\/li>\n\n\n\n<li><strong>Funkcja specjalna:<\/strong> <strong>Wy\u015bwietlacz LED wykrywaj\u0105cy rytm 270<\/strong><\/li>\n\n\n\n<li><strong>Aktywacja:<\/strong> Aktywowany rysowaniem<\/li>\n<\/ul>\n\n\n\n<p>Wyposa\u017cony w zaawansowany <strong>Cewka z podw\u00f3jn\u0105 siatk\u0105<\/strong> System VOZOL RAVE 40000 zapewnia maksymalne nasycenie smaku i sta\u0142\u0105 produkcj\u0119 pary, wydobywaj\u0105c odwa\u017cne nuty Blue Razz Ice z doskona\u0142\u0105 wyrazisto\u015bci\u0105.<\/p>\n\n\n\n<h4 class=\"wp-block-heading\">Powody, dla kt\u00f3rych warto kupi\u0107 teraz<\/h4>\n\n\n\n<h2 class=\"wp-block-heading\">Alert o ograniczonych zapasach: Chwy\u0107 sw\u00f3j Blue Razz Ice VOZOL RAVE!<\/h2>\n\n\n\n<p>The <strong>40000 Puff\u00f3w jednorazowego u\u017cytku Vape<\/strong> to najlepszy wyb\u00f3r dla waper\u00f3w wymagaj\u0105cych d\u0142ugiej \u017cywotno\u015bci, spektakularnego smaku i wyj\u0105tkowego stylu. Smak Blue Razz Ice cieszy si\u0119 du\u017cym popytem na ca\u0142ym \u015bwiecie. <strong>Zapasy s\u0105 bardzo ograniczone!<\/strong><\/p>\n\n\n\n<p><strong>Dzia\u0142aj szybko:<\/strong> Zabezpiecz sw\u00f3j VOZOL RAVE 40000 ju\u017c teraz i do\u015bwiadcz szczytu technologii jednorazowego wapowania w po\u0142\u0105czeniu z ol\u015bniewaj\u0105cym pokazem \u015bwietlnym. <strong>Nie przegap tej wyj\u0105tkowej okazji - dodaj do koszyka natychmiast!<\/strong><\/p>\n\n\n\n<p><\/p>","protected":false},"excerpt":{"rendered":"<p>VOZOL RAVE 40000 Puffs Blue Razz Ice: Chill &amp; Thrill The VOZOL RAVE 40000 Puffs Disposable Vape in Blue Razz Ice delivers an exhilarating combination of sweet, tart, and icy refreshment. Engineered for performance and fun, this device boasts an unprecedented 40000 puff count and is highlighted by the dynamic 270\u00b0 LED Light Show. With [&hellip;]<\/p>\n","protected":false},"featured_media":19288,"comment_status":"open","ping_status":"closed","template":"","meta":[],"product_brand":[178],"product_cat":[135],"product_tag":[],"class_list":{"0":"post-18302","1":"product","2":"type-product","3":"status-publish","4":"has-post-thumbnail","6":"product_brand-vozol","7":"product_cat-40k-puffs","9":"first","10":"instock","11":"sale","12":"shipping-taxable","13":"purchasable","14":"product-type-variable"},"yoast_head":"<!-- This site is optimized with the Yoast SEO plugin v27.4 - https:\/\/yoast.com\/product\/yoast-seo-wordpress\/ -->\n<title>40k Puffs | VOZOL RAVE Blue Razz Ice LED Display<\/title>\n<meta name=\"description\" content=\"Experience the electrifying Blue Razz Ice VOZOL RAVE 40000. Features 40000 ultra-long puffs, a powerful 20ml capacity, and the thrilling 270\u00b0 Beat-Sensing LED Light. This flavor blends tangy blue raspberry with a frosty finish. Get your Rechargeable Vape today for ultimate flavor consistency and party vibes.\" \/>\n<meta name=\"robots\" content=\"index, follow, max-snippet:-1, max-image-preview:large, max-video-preview:-1\" \/>\n<link rel=\"canonical\" href=\"https:\/\/vapemaison.com\/pl\/produkt\/vozol-rave-blue-razz-ice-led-display-40k-puff-jednorazowy-vape\/\" \/>\n<meta property=\"og:locale\" content=\"pl_PL\" \/>\n<meta property=\"og:type\" content=\"article\" \/>\n<meta property=\"og:title\" content=\"40k Puffs | VOZOL RAVE Blue Razz Ice LED Display\" \/>\n<meta property=\"og:description\" content=\"Experience the electrifying Blue Razz Ice VOZOL RAVE 40000. Features 40000 ultra-long puffs, a powerful 20ml capacity, and the thrilling 270\u00b0 Beat-Sensing LED Light. This flavor blends tangy blue raspberry with a frosty finish. Get your Rechargeable Vape today for ultimate flavor consistency and party vibes.\" \/>\n<meta property=\"og:url\" content=\"https:\/\/vapemaison.com\/pl\/produkt\/vozol-rave-blue-razz-ice-led-display-40k-puff-jednorazowy-vape\/\" \/>\n<meta property=\"og:site_name\" content=\"VapeMaison\" \/>\n<meta property=\"article:modified_time\" content=\"2025-12-20T09:19:08+00:00\" \/>\n<meta property=\"og:image\" content=\"https:\/\/vapemaison.com\/wp-content\/uploads\/2025\/12\/vozol-rave-40000-cool-mint-3-768x768-1.webp\" \/>\n\t<meta property=\"og:image:width\" content=\"768\" \/>\n\t<meta property=\"og:image:height\" content=\"768\" \/>\n\t<meta property=\"og:image:type\" content=\"image\/webp\" \/>\n<meta name=\"twitter:card\" content=\"summary_large_image\" \/>\n<meta name=\"twitter:label1\" content=\"Szacowany czas czytania\" \/>\n\t<meta name=\"twitter:data1\" content=\"2 minuty\" \/>\n<!-- \/ Yoast SEO plugin. -->","yoast_head_json":{"title":"40k Puffs | VOZOL RAVE Blue Razz Ice LED Display","description":"Poznaj elektryzuj\u0105cy Blue Razz Ice VOZOL RAVE 40000. Posiada 40000 ultra d\u0142ugich zaci\u0105gni\u0119\u0107, pot\u0119\u017cn\u0105 pojemno\u015b\u0107 20 ml i ekscytuj\u0105ce \u015bwiat\u0142o LED wykrywaj\u0105ce bicie 270\u00b0. Ten smak \u0142\u0105czy pikantn\u0105 niebiesk\u0105 malin\u0119 z mro\u017anym wyko\u0144czeniem. Kup sw\u00f3j akumulator Vape ju\u017c dzi\u015b, aby uzyska\u0107 najwy\u017csz\u0105 konsystencj\u0119 smaku i imprezowe wibracje.","robots":{"index":"index","follow":"follow","max-snippet":"max-snippet:-1","max-image-preview":"max-image-preview:large","max-video-preview":"max-video-preview:-1"},"canonical":"https:\/\/vapemaison.com\/pl\/produkt\/vozol-rave-blue-razz-ice-led-display-40k-puff-jednorazowy-vape\/","og_locale":"pl_PL","og_type":"article","og_title":"40k Puffs | VOZOL RAVE Blue Razz Ice LED Display","og_description":"Experience the electrifying Blue Razz Ice VOZOL RAVE 40000. Features 40000 ultra-long puffs, a powerful 20ml capacity, and the thrilling 270\u00b0 Beat-Sensing LED Light. This flavor blends tangy blue raspberry with a frosty finish. Get your Rechargeable Vape today for ultimate flavor consistency and party vibes.","og_url":"https:\/\/vapemaison.com\/pl\/produkt\/vozol-rave-blue-razz-ice-led-display-40k-puff-jednorazowy-vape\/","og_site_name":"VapeMaison","article_modified_time":"2025-12-20T09:19:08+00:00","og_image":[{"width":768,"height":768,"url":"https:\/\/vapemaison.com\/wp-content\/uploads\/2025\/12\/vozol-rave-40000-cool-mint-3-768x768-1.webp","type":"image\/webp"}],"twitter_card":"summary_large_image","twitter_misc":{"Szacowany czas czytania":"2 minuty"},"schema":{"@context":"https:\/\/schema.org","@graph":[{"@type":"WebPage","@id":"https:\/\/vapemaison.com\/product\/vozol-rave-blue-razz-ice-led-display-40k-puffs-disposable-vape\/","url":"https:\/\/vapemaison.com\/product\/vozol-rave-blue-razz-ice-led-display-40k-puffs-disposable-vape\/","name":"40k Puffs | VOZOL RAVE Blue Razz Ice LED Display","isPartOf":{"@id":"https:\/\/vapemaison.com\/#website"},"primaryImageOfPage":{"@id":"https:\/\/vapemaison.com\/product\/vozol-rave-blue-razz-ice-led-display-40k-puffs-disposable-vape\/#primaryimage"},"image":{"@id":"https:\/\/vapemaison.com\/product\/vozol-rave-blue-razz-ice-led-display-40k-puffs-disposable-vape\/#primaryimage"},"thumbnailUrl":"https:\/\/vapemaison.com\/wp-content\/uploads\/2025\/12\/vozol-rave-40000-cool-mint-3-768x768-1.webp","datePublished":"2025-12-15T07:19:08+00:00","dateModified":"2025-12-20T09:19:08+00:00","description":"Poznaj elektryzuj\u0105cy Blue Razz Ice VOZOL RAVE 40000. Posiada 40000 ultra d\u0142ugich zaci\u0105gni\u0119\u0107, pot\u0119\u017cn\u0105 pojemno\u015b\u0107 20 ml i ekscytuj\u0105ce \u015bwiat\u0142o LED wykrywaj\u0105ce bicie 270\u00b0. Ten smak \u0142\u0105czy pikantn\u0105 niebiesk\u0105 malin\u0119 z mro\u017anym wyko\u0144czeniem. Kup sw\u00f3j akumulator Vape ju\u017c dzi\u015b, aby uzyska\u0107 najwy\u017csz\u0105 konsystencj\u0119 smaku i imprezowe wibracje.","breadcrumb":{"@id":"https:\/\/vapemaison.com\/product\/vozol-rave-blue-razz-ice-led-display-40k-puffs-disposable-vape\/#breadcrumb"},"inLanguage":"pl-PL","potentialAction":[{"@type":"ReadAction","target":["https:\/\/vapemaison.com\/product\/vozol-rave-blue-razz-ice-led-display-40k-puffs-disposable-vape\/"]}]},{"@type":"ImageObject","inLanguage":"pl-PL","@id":"https:\/\/vapemaison.com\/product\/vozol-rave-blue-razz-ice-led-display-40k-puffs-disposable-vape\/#primaryimage","url":"https:\/\/vapemaison.com\/wp-content\/uploads\/2025\/12\/vozol-rave-40000-cool-mint-3-768x768-1.webp","contentUrl":"https:\/\/vapemaison.com\/wp-content\/uploads\/2025\/12\/vozol-rave-40000-cool-mint-3-768x768-1.webp","width":768,"height":768,"caption":"vozol-rave-40000-cool-mint-3-768x768"},{"@type":"BreadcrumbList","@id":"https:\/\/vapemaison.com\/product\/vozol-rave-blue-razz-ice-led-display-40k-puffs-disposable-vape\/#breadcrumb","itemListElement":[{"@type":"ListItem","position":1,"name":"\u9996\u9875","item":"https:\/\/vapemaison.com\/"},{"@type":"ListItem","position":2,"name":"Shop","item":"https:\/\/vapemaison.com\/shop\/"},{"@type":"ListItem","position":3,"name":"Vozol","item":"https:\/\/vapemaison.com\/brand\/vozol\/"},{"@type":"ListItem","position":4,"name":"VOZOL RAVE Blue Razz Ice LED Display | 40k Puffs Disposable Vape"}]},{"@type":"WebSite","@id":"https:\/\/vapemaison.com\/#website","url":"https:\/\/vapemaison.com\/","name":"VapeMaison","description":"Wysokiej jako\u015bci urz\u0105dzenia i akcesoria do waporyzacji","publisher":{"@id":"https:\/\/vapemaison.com\/#organization"},"potentialAction":[{"@type":"SearchAction","target":{"@type":"EntryPoint","urlTemplate":"https:\/\/vapemaison.com\/?s={search_term_string}"},"query-input":{"@type":"PropertyValueSpecification","valueRequired":true,"valueName":"search_term_string"}}],"inLanguage":"pl-PL"},{"@type":"Organization","@id":"https:\/\/vapemaison.com\/#organization","name":"VapeMaison","url":"https:\/\/vapemaison.com\/","logo":{"@type":"ImageObject","inLanguage":"pl-PL","@id":"https:\/\/vapemaison.com\/#\/schema\/logo\/image\/","url":"https:\/\/vapemaison.com\/wp-content\/uploads\/2026\/01\/cropped-vapemaison-logo-g-2026.webp","contentUrl":"https:\/\/vapemaison.com\/wp-content\/uploads\/2026\/01\/cropped-vapemaison-logo-g-2026.webp","width":350,"height":280,"caption":"VapeMaison"},"image":{"@id":"https:\/\/vapemaison.com\/#\/schema\/logo\/image\/"},"sameAs":["https:\/\/www.youtube.com\/@VapeMaison"]}]}},"tiered_pricing_type":"fixed","tiered_pricing_fixed_rules":{"30":"12.24","50":"11.63","100":"10.86","200":"9.98"},"tiered_pricing_product_settings":{"layout":"default","base_unit_name":{"singular":null,"plural":null},"default_variation":null},"tiered_pricing_minimum_quantity":10,"tiered_pricing_roles_data":[],"tiered_pricing_percentage_rules":[],"tiered_pricing_maximum_quantity":null,"tiered_pricing_quantity_step":"10","_links":{"self":[{"href":"https:\/\/vapemaison.com\/pl\/wp-json\/wp\/v2\/product\/18302","targetHints":{"allow":["GET"]}}],"collection":[{"href":"https:\/\/vapemaison.com\/pl\/wp-json\/wp\/v2\/product"}],"about":[{"href":"https:\/\/vapemaison.com\/pl\/wp-json\/wp\/v2\/types\/product"}],"replies":[{"embeddable":true,"href":"https:\/\/vapemaison.com\/pl\/wp-json\/wp\/v2\/comments?post=18302"}],"version-history":[{"count":0,"href":"https:\/\/vapemaison.com\/pl\/wp-json\/wp\/v2\/product\/18302\/revisions"}],"wp:featuredmedia":[{"embeddable":true,"href":"https:\/\/vapemaison.com\/pl\/wp-json\/wp\/v2\/media\/19288"}],"wp:attachment":[{"href":"https:\/\/vapemaison.com\/pl\/wp-json\/wp\/v2\/media?parent=18302"}],"wp:term":[{"taxonomy":"product_brand","embeddable":true,"href":"https:\/\/vapemaison.com\/pl\/wp-json\/wp\/v2\/product_brand?post=18302"},{"taxonomy":"product_cat","embeddable":true,"href":"https:\/\/vapemaison.com\/pl\/wp-json\/wp\/v2\/product_cat?post=18302"},{"taxonomy":"product_tag","embeddable":true,"href":"https:\/\/vapemaison.com\/pl\/wp-json\/wp\/v2\/product_tag?post=18302"}],"curies":[{"name":"wp","href":"https:\/\/api.w.org\/{rel}","templated":true}]}}