

{"id":18372,"date":"2025-12-15T07:51:39","date_gmt":"2025-12-15T07:51:39","guid":{"rendered":"https:\/\/vapemaison.com\/?post_type=product&#038;p=18372"},"modified":"2026-01-09T08:58:38","modified_gmt":"2026-01-09T08:58:38","slug":"akumulator-vape-vozol-rave-40000-zaciagniec-o-smaku-jagodowego-lodu","status":"publish","type":"product","link":"https:\/\/vapemaison.com\/pl\/product\/rechargeable-vape-vozol-rave-40000-puffs-blueberry-ice-flavor\/","title":{"rendered":"VOZOL RAVE 40000 Puffs | Blueberry Watermelon Flavor LED Display | VOZOL Vapes"},"content":{"rendered":"<h2 class=\"wp-block-heading\">VOZOL RAVE 40000 Puff Blueberry Watermelon: Soczysty duet<\/h2>\n\n\n\n<p>The <strong>VOZOL RAVE 40000 puff\u00f3w jednorazowych Vape<\/strong> w Blueberry Watermelon oferuje zachwycaj\u0105cy letni mashup, \u0142\u0105cz\u0105c dwa najpopularniejsze smaki owocowe w jedno niezapomniane do\u015bwiadczenie. Zaprojektowany z my\u015bl\u0105 o niezr\u00f3wnanej wytrzyma\u0142o\u015bci, model ten oferuje osza\u0142amiaj\u0105c\u0105 <strong>Pojemno\u015b\u0107 40000 puff\u00f3w<\/strong> i zawiera przyci\u0105gaj\u0105ce uwag\u0119 <strong>270\u00b0 LED Light Show<\/strong>. To <strong>Akumulator Vape<\/strong> jest przeznaczony dla vaper\u00f3w, kt\u00f3rzy wymagaj\u0105 zar\u00f3wno doskona\u0142ej wierno\u015bci smaku, jak i ekstremalnej trwa\u0142o\u015bci.<\/p>\n\n\n\n<h4 class=\"wp-block-heading\">Uczta smak\u00f3w: Odkryj sw\u00f3j ulubiony<\/h4>\n\n\n\n<h2 class=\"wp-block-heading\">Arbuz z jagodami: S\u0142odkie jagody i nawil\u017caj\u0105cy melon<\/h2>\n\n\n\n<p>Blueberry Watermelon to wyrafinowana mieszanka smakowa, kt\u00f3ra r\u00f3wnowa\u017cy g\u0142\u0119bokie, lekko cierpkie nuty <strong>\u015bwie\u017ce jagody<\/strong> z <strong>lekka, nawil\u017caj\u0105ca s\u0142odycz dojrza\u0142ego arbuza<\/strong>. Ta kombinacja jest niewiarygodnie g\u0142adka i orze\u017awiaj\u0105ca, dzi\u0119ki czemu doskonale nadaje si\u0119 do ca\u0142odziennej waporyzacji bez przyt\u0142aczaj\u0105cego ch\u0142odu.<\/p>\n\n\n\n<ul class=\"wp-block-list\">\n<li>Blue Razz Ice<\/li>\n\n\n\n<li>L\u00f3d jagodowy<\/li>\n\n\n\n<li><strong>Arbuz z jagodami:<\/strong> Zr\u00f3wnowa\u017cone po\u0142\u0105czenie s\u0142odkich, bogatych jag\u00f3d i soczystego, orze\u017awiaj\u0105cego arbuza.<\/li>\n\n\n\n<li>Truskawka z wi\u015bni\u0105<\/li>\n\n\n\n<li>Cool Mint<\/li>\n\n\n\n<li>Podw\u00f3jne jab\u0142ko<\/li>\n\n\n\n<li>L\u00f3d winogronowy<\/li>\n\n\n\n<li>Love 777<\/li>\n\n\n\n<li>Mango Ice<\/li>\n\n\n\n<li>Mango Brzoskwinia<\/li>\n\n\n\n<li>L\u00f3d brzoskwiniowy<\/li>\n\n\n\n<li>Lemoniada brzoskwiniowo-malinowa<\/li>\n\n\n\n<li>L\u00f3d truskawkowy<\/li>\n\n\n\n<li>Truskawka Kiwi<\/li>\n\n\n\n<li>Mango truskawkowe<\/li>\n\n\n\n<li>Arbuz truskawkowy<\/li>\n\n\n\n<li>Brzoskwinia truskawkowa<\/li>\n\n\n\n<li>Arbuz Bubblegum<\/li>\n\n\n\n<li>Arbuzowy l\u00f3d<\/li>\n\n\n\n<li>Arbuz Razz Rancher<\/li>\n<\/ul>\n\n\n\n<h4 class=\"wp-block-heading\">Specyfikacja techniczna i najwa\u017cniejsze cechy konstrukcyjne<\/h4>\n\n\n\n<h2 class=\"wp-block-heading\">Specyfikacja techniczna i innowacje VOZOL RAVE 40000<\/h2>\n\n\n\n<p>VOZOL RAVE 40000 zosta\u0142 zbudowany w oparciu o najnowocze\u015bniejsz\u0105 technologi\u0119, aby zagwarantowa\u0107 najwy\u017cszej jako\u015bci wra\u017cenia dla ka\u017cdego puffa.<\/p>\n\n\n\n<ul class=\"wp-block-list\">\n<li><strong>Max Puffs:<\/strong> Oko\u0142o. <strong>40000 Puff\u00f3w<\/strong><\/li>\n\n\n\n<li><strong>Pojemno\u015b\u0107 e-liquidu:<\/strong> 20 ml<\/li>\n\n\n\n<li><strong>Bateria:<\/strong> 1000 mAh <strong>Akumulator<\/strong><\/li>\n\n\n\n<li><strong>Moc nikotyny:<\/strong> 5% (50mg\/ml) S\u00f3l nikotynowa<\/li>\n\n\n\n<li><strong>System cewek:<\/strong> <strong>Cewka z podw\u00f3jn\u0105 siatk\u0105<\/strong> z S.i.L.C. Tech<\/li>\n\n\n\n<li><strong>\u0141adowanie:<\/strong> Port USB typu C (szybkie \u0142adowanie)<\/li>\n\n\n\n<li><strong>Funkcja specjalna:<\/strong> <strong>Wy\u015bwietlacz LED wykrywaj\u0105cy rytm 270<\/strong><\/li>\n\n\n\n<li><strong>Aktywacja:<\/strong> Aktywowany rysowaniem<\/li>\n<\/ul>\n\n\n\n<p>Dzi\u0119ki najnowocze\u015bniejszym rozwi\u0105zaniom <strong>Cewka z podw\u00f3jn\u0105 siatk\u0105<\/strong> System VOZOL RAVE 40000 doskonale oddziela i wzmacnia wyra\u017ane nuty zar\u00f3wno bor\u00f3wki, jak i arbuza, zapewniaj\u0105c niezmiennie g\u0142adki i zniuansowany profil smakowy we wszystkich smakach. <strong>40000 zaci\u0105gni\u0119\u0107<\/strong>.<\/p>\n\n\n\n<h4 class=\"wp-block-heading\">Powody, dla kt\u00f3rych warto kupi\u0107 teraz<\/h4>\n\n\n\n<h2 class=\"wp-block-heading\">Alert o ograniczonych zapasach: Chwy\u0107 sw\u00f3j Blueberry Watermelon VOZOL RAVE!<\/h2>\n\n\n\n<p>VOZOL RAVE 40000 szturmem zdoby\u0142 rynek, ustanawiaj\u0105c poprzeczk\u0119 dla <strong>VOZOL vapes<\/strong> oraz <strong>40000 Puff\u00f3w jednorazowego u\u017cytku Vape<\/strong> urz\u0105dzenia. Z\u0142o\u017cony i satysfakcjonuj\u0105cy smak Blueberry Watermelon jest obowi\u0105zkowy do wypr\u00f3bowania. <strong>Ta konkretna partia smakowa jest limitowana!<\/strong><\/p>\n\n\n\n<p><strong>Dzia\u0142aj szybko:<\/strong> Zabezpiecz sw\u00f3j VOZOL RAVE 40000 ju\u017c teraz i do\u015bwiadcz doskona\u0142ej harmonii smaku popartej niespotykan\u0105 liczb\u0105 zaci\u0105gni\u0119\u0107. <strong>Nie zwlekaj - dodaj ten innowacyjny akumulator Vape do swojej kolekcji ju\u017c dzi\u015b!<\/strong><\/p>","protected":false},"excerpt":{"rendered":"<p>VOZOL RAVE 40000 Puffs Blueberry Watermelon: A Juicy Duet The VOZOL RAVE 40000 Puffs Disposable Vape in Blueberry Watermelon offers a delightful summer mashup, combining two of the most popular fruit flavors into one unforgettable experience. Engineered for unparalleled endurance, this model boasts a stunning 40000 puff capacity and features the attention-grabbing 270\u00b0 LED Light [&hellip;]<\/p>\n","protected":false},"featured_media":19283,"comment_status":"open","ping_status":"closed","template":"","meta":[],"product_brand":[178],"product_cat":[135],"product_tag":[],"class_list":{"0":"post-18372","1":"product","2":"type-product","3":"status-publish","4":"has-post-thumbnail","6":"product_brand-vozol","7":"product_cat-40k-puffs","9":"first","10":"instock","11":"sale","12":"featured","13":"shipping-taxable","14":"purchasable","15":"product-type-variable"},"yoast_head":"<!-- This site is optimized with the Yoast SEO plugin v27.4 - https:\/\/yoast.com\/product\/yoast-seo-wordpress\/ -->\n<title>VOZOL RAVE 40000 Puffs | Blueberry Watermelon Flavor LED Display | VOZOL Vapes<\/title>\n<meta name=\"description\" content=\"Try the exotic Blueberry Watermelon VOZOL RAVE 40000 Puffs Disposable Vape. Features a massive 20ml pre-filled tank and the revolutionary 270\u00b0 Beat-Sensing LED Light for a vibrant look. The perfect blend of sweet blueberry and juicy watermelon is waiting. Buy this premium Rechargeable Vape today for maximum flavor and enjoyment.\" \/>\n<meta name=\"robots\" content=\"index, follow, max-snippet:-1, max-image-preview:large, max-video-preview:-1\" \/>\n<link rel=\"canonical\" href=\"https:\/\/vapemaison.com\/pl\/produkt\/akumulator-vape-vozol-rave-40000-zaciagniec-o-smaku-jagodowego-lodu\/\" \/>\n<meta property=\"og:locale\" content=\"pl_PL\" \/>\n<meta property=\"og:type\" content=\"article\" \/>\n<meta property=\"og:title\" content=\"VOZOL RAVE 40000 Puffs | Blueberry Watermelon Flavor LED Display | VOZOL Vapes\" \/>\n<meta property=\"og:description\" content=\"Try the exotic Blueberry Watermelon VOZOL RAVE 40000 Puffs Disposable Vape. Features a massive 20ml pre-filled tank and the revolutionary 270\u00b0 Beat-Sensing LED Light for a vibrant look. The perfect blend of sweet blueberry and juicy watermelon is waiting. Buy this premium Rechargeable Vape today for maximum flavor and enjoyment.\" \/>\n<meta property=\"og:url\" content=\"https:\/\/vapemaison.com\/pl\/produkt\/akumulator-vape-vozol-rave-40000-zaciagniec-o-smaku-jagodowego-lodu\/\" \/>\n<meta property=\"og:site_name\" content=\"VapeMaison\" \/>\n<meta property=\"article:modified_time\" content=\"2026-01-09T08:58:38+00:00\" \/>\n<meta property=\"og:image\" content=\"https:\/\/vapemaison.com\/wp-content\/uploads\/2025\/12\/vozol-rave-40000-Blueberry-Ice-2-768x768-1.webp\" \/>\n\t<meta property=\"og:image:width\" content=\"768\" \/>\n\t<meta property=\"og:image:height\" content=\"768\" \/>\n\t<meta property=\"og:image:type\" content=\"image\/webp\" \/>\n<meta name=\"twitter:card\" content=\"summary_large_image\" \/>\n<meta name=\"twitter:label1\" content=\"Szacowany czas czytania\" \/>\n\t<meta name=\"twitter:data1\" content=\"2 minuty\" \/>\n<!-- \/ Yoast SEO plugin. -->","yoast_head_json":{"title":"VOZOL RAVE 40000 Puffs | Blueberry Watermelon Flavor LED Display | VOZOL Vapes","description":"Wypr\u00f3buj egzotyczny Vape jednorazowy Blueberry Watermelon VOZOL RAVE 40000 Puffs. Wyposa\u017cony jest w masywny, wst\u0119pnie nape\u0142niony zbiornik o pojemno\u015bci 20 ml i rewolucyjne \u015bwiat\u0142o LED 270\u00b0 Beat-Sensing zapewniaj\u0105ce \u017cywy wygl\u0105d. Idealne po\u0142\u0105czenie s\u0142odkiej bor\u00f3wki i soczystego arbuza czeka. Kup ten wysokiej jako\u015bci akumulator Vape ju\u017c dzi\u015b, aby uzyska\u0107 maksymalny smak i przyjemno\u015b\u0107.","robots":{"index":"index","follow":"follow","max-snippet":"max-snippet:-1","max-image-preview":"max-image-preview:large","max-video-preview":"max-video-preview:-1"},"canonical":"https:\/\/vapemaison.com\/pl\/produkt\/akumulator-vape-vozol-rave-40000-zaciagniec-o-smaku-jagodowego-lodu\/","og_locale":"pl_PL","og_type":"article","og_title":"VOZOL RAVE 40000 Puffs | Blueberry Watermelon Flavor LED Display | VOZOL Vapes","og_description":"Try the exotic Blueberry Watermelon VOZOL RAVE 40000 Puffs Disposable Vape. Features a massive 20ml pre-filled tank and the revolutionary 270\u00b0 Beat-Sensing LED Light for a vibrant look. The perfect blend of sweet blueberry and juicy watermelon is waiting. Buy this premium Rechargeable Vape today for maximum flavor and enjoyment.","og_url":"https:\/\/vapemaison.com\/pl\/produkt\/akumulator-vape-vozol-rave-40000-zaciagniec-o-smaku-jagodowego-lodu\/","og_site_name":"VapeMaison","article_modified_time":"2026-01-09T08:58:38+00:00","og_image":[{"width":768,"height":768,"url":"https:\/\/vapemaison.com\/wp-content\/uploads\/2025\/12\/vozol-rave-40000-Blueberry-Ice-2-768x768-1.webp","type":"image\/webp"}],"twitter_card":"summary_large_image","twitter_misc":{"Szacowany czas czytania":"2 minuty"},"schema":{"@context":"https:\/\/schema.org","@graph":[{"@type":"WebPage","@id":"https:\/\/vapemaison.com\/product\/rechargeable-vape-vozol-rave-40000-puffs-blueberry-ice-flavor\/","url":"https:\/\/vapemaison.com\/product\/rechargeable-vape-vozol-rave-40000-puffs-blueberry-ice-flavor\/","name":"VOZOL RAVE 40000 Puffs | Blueberry Watermelon Flavor LED Display | VOZOL Vapes","isPartOf":{"@id":"https:\/\/vapemaison.com\/#website"},"primaryImageOfPage":{"@id":"https:\/\/vapemaison.com\/product\/rechargeable-vape-vozol-rave-40000-puffs-blueberry-ice-flavor\/#primaryimage"},"image":{"@id":"https:\/\/vapemaison.com\/product\/rechargeable-vape-vozol-rave-40000-puffs-blueberry-ice-flavor\/#primaryimage"},"thumbnailUrl":"https:\/\/vapemaison.com\/wp-content\/uploads\/2025\/12\/vozol-rave-40000-Blueberry-Ice-2-768x768-1.webp","datePublished":"2025-12-15T07:51:39+00:00","dateModified":"2026-01-09T08:58:38+00:00","description":"Wypr\u00f3buj egzotyczny Vape jednorazowy Blueberry Watermelon VOZOL RAVE 40000 Puffs. Wyposa\u017cony jest w masywny, wst\u0119pnie nape\u0142niony zbiornik o pojemno\u015bci 20 ml i rewolucyjne \u015bwiat\u0142o LED 270\u00b0 Beat-Sensing zapewniaj\u0105ce \u017cywy wygl\u0105d. Idealne po\u0142\u0105czenie s\u0142odkiej bor\u00f3wki i soczystego arbuza czeka. Kup ten wysokiej jako\u015bci akumulator Vape ju\u017c dzi\u015b, aby uzyska\u0107 maksymalny smak i przyjemno\u015b\u0107.","breadcrumb":{"@id":"https:\/\/vapemaison.com\/product\/rechargeable-vape-vozol-rave-40000-puffs-blueberry-ice-flavor\/#breadcrumb"},"inLanguage":"pl-PL","potentialAction":[{"@type":"ReadAction","target":["https:\/\/vapemaison.com\/product\/rechargeable-vape-vozol-rave-40000-puffs-blueberry-ice-flavor\/"]}]},{"@type":"ImageObject","inLanguage":"pl-PL","@id":"https:\/\/vapemaison.com\/product\/rechargeable-vape-vozol-rave-40000-puffs-blueberry-ice-flavor\/#primaryimage","url":"https:\/\/vapemaison.com\/wp-content\/uploads\/2025\/12\/vozol-rave-40000-Blueberry-Ice-2-768x768-1.webp","contentUrl":"https:\/\/vapemaison.com\/wp-content\/uploads\/2025\/12\/vozol-rave-40000-Blueberry-Ice-2-768x768-1.webp","width":768,"height":768,"caption":"Vozol Rave Blueberry Ice 2 768x768 Disposable Vape Device"},{"@type":"BreadcrumbList","@id":"https:\/\/vapemaison.com\/product\/rechargeable-vape-vozol-rave-40000-puffs-blueberry-ice-flavor\/#breadcrumb","itemListElement":[{"@type":"ListItem","position":1,"name":"\u9996\u9875","item":"https:\/\/vapemaison.com\/"},{"@type":"ListItem","position":2,"name":"Shop","item":"https:\/\/vapemaison.com\/shop\/"},{"@type":"ListItem","position":3,"name":"Vozol","item":"https:\/\/vapemaison.com\/brand\/vozol\/"},{"@type":"ListItem","position":4,"name":"VOZOL RAVE 40000 Puffs | Blueberry Watermelon Flavor LED Display | VOZOL Vapes"}]},{"@type":"WebSite","@id":"https:\/\/vapemaison.com\/#website","url":"https:\/\/vapemaison.com\/","name":"VapeMaison","description":"Wysokiej jako\u015bci urz\u0105dzenia i akcesoria do waporyzacji","publisher":{"@id":"https:\/\/vapemaison.com\/#organization"},"potentialAction":[{"@type":"SearchAction","target":{"@type":"EntryPoint","urlTemplate":"https:\/\/vapemaison.com\/?s={search_term_string}"},"query-input":{"@type":"PropertyValueSpecification","valueRequired":true,"valueName":"search_term_string"}}],"inLanguage":"pl-PL"},{"@type":"Organization","@id":"https:\/\/vapemaison.com\/#organization","name":"VapeMaison","url":"https:\/\/vapemaison.com\/","logo":{"@type":"ImageObject","inLanguage":"pl-PL","@id":"https:\/\/vapemaison.com\/#\/schema\/logo\/image\/","url":"https:\/\/vapemaison.com\/wp-content\/uploads\/2026\/01\/cropped-vapemaison-logo-g-2026.webp","contentUrl":"https:\/\/vapemaison.com\/wp-content\/uploads\/2026\/01\/cropped-vapemaison-logo-g-2026.webp","width":350,"height":280,"caption":"VapeMaison"},"image":{"@id":"https:\/\/vapemaison.com\/#\/schema\/logo\/image\/"},"sameAs":["https:\/\/www.youtube.com\/@VapeMaison"]}]}},"tiered_pricing_type":"fixed","tiered_pricing_fixed_rules":{"30":"12.24","50":"11.63","100":"10.86","200":"9.98"},"tiered_pricing_product_settings":{"layout":"default","base_unit_name":{"singular":null,"plural":null},"default_variation":null},"tiered_pricing_minimum_quantity":10,"tiered_pricing_roles_data":[],"tiered_pricing_percentage_rules":[],"tiered_pricing_maximum_quantity":null,"tiered_pricing_quantity_step":"10","_links":{"self":[{"href":"https:\/\/vapemaison.com\/pl\/wp-json\/wp\/v2\/product\/18372","targetHints":{"allow":["GET"]}}],"collection":[{"href":"https:\/\/vapemaison.com\/pl\/wp-json\/wp\/v2\/product"}],"about":[{"href":"https:\/\/vapemaison.com\/pl\/wp-json\/wp\/v2\/types\/product"}],"replies":[{"embeddable":true,"href":"https:\/\/vapemaison.com\/pl\/wp-json\/wp\/v2\/comments?post=18372"}],"version-history":[{"count":0,"href":"https:\/\/vapemaison.com\/pl\/wp-json\/wp\/v2\/product\/18372\/revisions"}],"wp:featuredmedia":[{"embeddable":true,"href":"https:\/\/vapemaison.com\/pl\/wp-json\/wp\/v2\/media\/19283"}],"wp:attachment":[{"href":"https:\/\/vapemaison.com\/pl\/wp-json\/wp\/v2\/media?parent=18372"}],"wp:term":[{"taxonomy":"product_brand","embeddable":true,"href":"https:\/\/vapemaison.com\/pl\/wp-json\/wp\/v2\/product_brand?post=18372"},{"taxonomy":"product_cat","embeddable":true,"href":"https:\/\/vapemaison.com\/pl\/wp-json\/wp\/v2\/product_cat?post=18372"},{"taxonomy":"product_tag","embeddable":true,"href":"https:\/\/vapemaison.com\/pl\/wp-json\/wp\/v2\/product_tag?post=18372"}],"curies":[{"name":"wp","href":"https:\/\/api.w.org\/{rel}","templated":true}]}}