

{"id":18422,"date":"2025-12-15T07:51:49","date_gmt":"2025-12-15T07:51:49","guid":{"rendered":"https:\/\/vapemaison.com\/?post_type=product&#038;p=18422"},"modified":"2025-12-20T09:17:38","modified_gmt":"2025-12-20T09:17:38","slug":"vozol-rave-cherry-strawberry-led-display-40k-puff-jednorazowy-vape","status":"publish","type":"product","link":"https:\/\/vapemaison.com\/pl\/product\/vozol-rave-cherry-strawberry-led-display-40k-puffs-disposable-vape\/","title":{"rendered":"VOZOL RAVE Cherry Strawberry LED Display | 40k Puffs Jednorazowy Vape"},"content":{"rendered":"<p>The <strong>VOZOL RAVE 40000 puff\u00f3w jednorazowych Vape<\/strong> w Blue Razz Ice zapewnia ekscytuj\u0105ce po\u0142\u0105czenie s\u0142odkiego, cierpkiego i lodowatego orze\u017awienia. Zaprojektowane z my\u015bl\u0105 o wydajno\u015bci i zabawie, urz\u0105dzenie to oferuje bezprecedensow\u0105 <strong>Liczba zaci\u0105gni\u0119\u0107 40000<\/strong> i jest nim VOZOL RAVE 40000 Puffs Cherry Strawberry: Podw\u00f3jna rozkosz<\/p>\n\n\n\n<p>The <strong>VOZOL RAVE 40000 puff\u00f3w jednorazowych Vape<\/strong> w Cherry Strawberry oferuje g\u0142\u0119boki, pob\u0142a\u017cliwy profil smakowy dla mi\u0142o\u015bnik\u00f3w mieszanek czerwonych owoc\u00f3w. To wyj\u0105tkowe urz\u0105dzenie zapewnia nie tylko wy\u015bmienity smak, ale tak\u017ce wyj\u0105tkow\u0105 jako\u015b\u0107. <strong>Liczba zaci\u0105gni\u0119\u0107 40000<\/strong> i uderzaj\u0105cy, zabawny design z <strong>Wy\u015bwietlacz imprezowy LED 270<\/strong>. Jest to idealny <strong>Akumulator Vape<\/strong> Rozwi\u0105zanie do d\u0142ugotrwa\u0142ego u\u017cytkowania bez uszczerbku dla intensywno\u015bci smaku lub atrakcyjno\u015bci wizualnej.<\/p>\n\n\n\n<h4 class=\"wp-block-heading\">Uczta smak\u00f3w: Odkryj sw\u00f3j ulubiony<\/h4>\n\n\n\n<h2 class=\"wp-block-heading\">Wi\u015bnia i truskawka: Klasyczne, s\u0142odkie po\u0142\u0105czenie<\/h2>\n\n\n\n<p>Cherry Strawberry to bogate i satysfakcjonuj\u0105ce po\u0142\u0105czenie, w kt\u00f3rym <strong>g\u0142\u0119boka, lekko kwa\u015bna nuta dojrza\u0142ych wi\u015bni<\/strong> harmonizuje z <strong>jasny, s\u0142odki smak \u015bwie\u017cych truskawek ogrodowych<\/strong>. Uzyskany smak jest z\u0142o\u017cony, ale znajomy, oferuj\u0105c s\u0142odkie i komfortowe doznania przez ca\u0142y dzie\u0144.<\/p>\n\n\n\n<ul class=\"wp-block-list\">\n<li>Blue Razz Ice<\/li>\n\n\n\n<li>L\u00f3d jagodowy<\/li>\n\n\n\n<li>Arbuz jagodowy<\/li>\n\n\n\n<li><strong>Cherry Strawberry:<\/strong> Odwa\u017cna i s\u0142odka mieszanka, w kt\u00f3rej wyra\u017any smak wi\u015bni uzupe\u0142nia klasyczn\u0105 s\u0142odycz truskawki.<\/li>\n\n\n\n<li>Cool Mint<\/li>\n\n\n\n<li>Podw\u00f3jne jab\u0142ko<\/li>\n\n\n\n<li>L\u00f3d winogronowy<\/li>\n\n\n\n<li>Love 777<\/li>\n\n\n\n<li>Mango Ice<\/li>\n\n\n\n<li>Mango Brzoskwinia<\/li>\n\n\n\n<li>L\u00f3d brzoskwiniowy<\/li>\n\n\n\n<li>Lemoniada brzoskwiniowo-malinowa<\/li>\n\n\n\n<li>L\u00f3d truskawkowy<\/li>\n\n\n\n<li>Truskawka Kiwi<\/li>\n\n\n\n<li>Mango truskawkowe<\/li>\n\n\n\n<li>Arbuz truskawkowy<\/li>\n\n\n\n<li>Brzoskwinia truskawkowa<\/li>\n\n\n\n<li>Arbuz Bubblegum<\/li>\n\n\n\n<li>Arbuzowy l\u00f3d<\/li>\n\n\n\n<li>Arbuz Razz Rancher<\/li>\n<\/ul>\n\n\n\n<h4 class=\"wp-block-heading\">Specyfikacja techniczna i najwa\u017cniejsze cechy konstrukcyjne<\/h4>\n\n\n\n<h2 class=\"wp-block-heading\">Specyfikacja techniczna i innowacje VOZOL RAVE 40000<\/h2>\n\n\n\n<p>VOZOL RAVE 40000 zosta\u0142 zbudowany w oparciu o najnowocze\u015bniejsz\u0105 technologi\u0119, aby zagwarantowa\u0107 najwy\u017cszej jako\u015bci wra\u017cenia dla ka\u017cdego puffa.<\/p>\n\n\n\n<ul class=\"wp-block-list\">\n<li><strong>Max Puffs:<\/strong> Oko\u0142o. <strong>40000 Puff\u00f3w<\/strong><\/li>\n\n\n\n<li><strong>Pojemno\u015b\u0107 e-liquidu:<\/strong> 20 ml<\/li>\n\n\n\n<li><strong>Bateria:<\/strong> 1000 mAh <strong>Akumulator<\/strong><\/li>\n\n\n\n<li><strong>Moc nikotyny:<\/strong> 5% (50mg\/ml) S\u00f3l nikotynowa<\/li>\n\n\n\n<li><strong>System cewek:<\/strong> <strong>Cewka z podw\u00f3jn\u0105 siatk\u0105<\/strong> z S.i.L.C. Tech<\/li>\n\n\n\n<li><strong>\u0141adowanie:<\/strong> Port USB typu C (szybkie \u0142adowanie)<\/li>\n\n\n\n<li><strong>Funkcja specjalna:<\/strong> <strong>Wy\u015bwietlacz LED wykrywaj\u0105cy rytm 270<\/strong><\/li>\n\n\n\n<li><strong>Aktywacja:<\/strong> Aktywowany rysowaniem<\/li>\n<\/ul>\n\n\n\n<p>Pot\u0119\u017cny <strong>Cewka z podw\u00f3jn\u0105 siatk\u0105<\/strong> Wewn\u0105trz VOZOL RAVE 40000 doskonale radzi sobie z bogat\u0105 mieszank\u0105 Cherry Strawberry, dostarczaj\u0105c g\u0142\u0119bokie nuty owocowe z maksymalnym ciep\u0142em i g\u0119sto\u015bci\u0105 chmury, zapewniaj\u0105c naprawd\u0119 satysfakcjonuj\u0105ce zaci\u0105ganie si\u0119 za ka\u017cdym razem.<\/p>\n\n\n\n<h4 class=\"wp-block-heading\">D. Powody, dla kt\u00f3rych warto kupi\u0107 teraz<\/h4>\n\n\n\n<h2 class=\"wp-block-heading\">Alert o ograniczonych zapasach: Chwy\u0107 sw\u00f3j wi\u015bniowo-truskawkowy VOZOL RAVE!<\/h2>\n\n\n\n<p>VOZOL RAVE 40000 szybko staje si\u0119 punktem odniesienia dla <strong>40000 Puff\u00f3w jednorazowego u\u017cytku Vape<\/strong> urz\u0105dzenia na ca\u0142ym \u015bwiecie, cenione za trwa\u0142o\u015b\u0107 i wydajno\u015b\u0107. Pyszny smak Cherry Strawberry jest zawsze bardzo poszukiwany. <strong>Pozosta\u0142a ograniczona liczba jednostek!<\/strong><\/p>\n\n\n\n<p><strong>Dzia\u0142aj szybko:<\/strong> Zabezpiecz sw\u00f3j VOZOL RAVE 40000 ju\u017c teraz i ciesz si\u0119 najwy\u017cszej jako\u015bci, nieprzerwanym vapingiem wspartym spektakularnym pokazem \u015bwietlnym. <strong>Zam\u00f3w ten niesamowity vape VOZOL, zanim zostanie wyprzedany!<\/strong><\/p>\n\n\n\n<p><\/p>","protected":false},"excerpt":{"rendered":"<p>The VOZOL RAVE 40000 Puffs Disposable Vape in Blue Razz Ice delivers an exhilarating combination of sweet, tart, and icy refreshment. Engineered for performance and fun, this device boasts an unprecedented 40000 puff count and is VOZOL RAVE 40000 Puffs Cherry Strawberry: Double the Delight The VOZOL RAVE 40000 Puffs Disposable Vape in Cherry Strawberry [&hellip;]<\/p>\n","protected":false},"featured_media":19296,"comment_status":"open","ping_status":"closed","template":"","meta":[],"product_brand":[178],"product_cat":[135],"product_tag":[],"class_list":{"0":"post-18422","1":"product","2":"type-product","3":"status-publish","4":"has-post-thumbnail","6":"product_brand-vozol","7":"product_cat-40k-puffs","9":"first","10":"instock","11":"sale","12":"shipping-taxable","13":"purchasable","14":"product-type-variable"},"yoast_head":"<!-- This site is optimized with the Yoast SEO plugin v27.4 - https:\/\/yoast.com\/product\/yoast-seo-wordpress\/ -->\n<title>40k Puffs Disposable Vape | VOZOL RAVE Cherry Strawberry<\/title>\n<meta name=\"description\" content=\"Discover the luscious Cherry Strawberry VOZOL RAVE 40000, combining two sweet red fruits for an intense flavor. Enjoy 40000 Puffs, a massive 20ml capacity, and the thrilling 270\u00b0 Beat-Sensing LED Display. This is the ultimate VOZOL vapes experience. Order your long-lasting, flavor-rich device today!\" \/>\n<meta name=\"robots\" content=\"index, follow, max-snippet:-1, max-image-preview:large, max-video-preview:-1\" \/>\n<link rel=\"canonical\" href=\"https:\/\/vapemaison.com\/pl\/produkt\/vozol-rave-cherry-strawberry-led-display-40k-puff-jednorazowy-vape\/\" \/>\n<meta property=\"og:locale\" content=\"pl_PL\" \/>\n<meta property=\"og:type\" content=\"article\" \/>\n<meta property=\"og:title\" content=\"40k Puffs Disposable Vape | VOZOL RAVE Cherry Strawberry\" \/>\n<meta property=\"og:description\" content=\"Discover the luscious Cherry Strawberry VOZOL RAVE 40000, combining two sweet red fruits for an intense flavor. Enjoy 40000 Puffs, a massive 20ml capacity, and the thrilling 270\u00b0 Beat-Sensing LED Display. This is the ultimate VOZOL vapes experience. Order your long-lasting, flavor-rich device today!\" \/>\n<meta property=\"og:url\" content=\"https:\/\/vapemaison.com\/pl\/produkt\/vozol-rave-cherry-strawberry-led-display-40k-puff-jednorazowy-vape\/\" \/>\n<meta property=\"og:site_name\" content=\"VapeMaison\" \/>\n<meta property=\"article:modified_time\" content=\"2025-12-20T09:17:38+00:00\" \/>\n<meta property=\"og:image\" content=\"https:\/\/vapemaison.com\/wp-content\/uploads\/2025\/12\/vozol-rave-40000-Peach-Ice-3-768x768-1.webp\" \/>\n\t<meta property=\"og:image:width\" content=\"768\" \/>\n\t<meta property=\"og:image:height\" content=\"768\" \/>\n\t<meta property=\"og:image:type\" content=\"image\/webp\" \/>\n<meta name=\"twitter:card\" content=\"summary_large_image\" \/>\n<meta name=\"twitter:label1\" content=\"Szacowany czas czytania\" \/>\n\t<meta name=\"twitter:data1\" content=\"3 minuty\" \/>\n<!-- \/ Yoast SEO plugin. -->","yoast_head_json":{"title":"40k Puffs Jednorazowe Vape | VOZOL RAVE Cherry Strawberry","description":"Odkryj soczysty Cherry Strawberry VOZOL RAVE 40000, \u0142\u0105cz\u0105cy dwa s\u0142odkie czerwone owoce dla intensywnego smaku. Ciesz si\u0119 40000 zaci\u0105gni\u0119ciami, ogromn\u0105 pojemno\u015bci\u0105 20 ml i ekscytuj\u0105cym wy\u015bwietlaczem LED wykrywaj\u0105cym rytm 270\u00b0. To najlepsze do\u015bwiadczenie z waporyzacj\u0105 VOZOL. Zam\u00f3w swoje d\u0142ugotrwa\u0142e, bogate w smak urz\u0105dzenie ju\u017c dzi\u015b!","robots":{"index":"index","follow":"follow","max-snippet":"max-snippet:-1","max-image-preview":"max-image-preview:large","max-video-preview":"max-video-preview:-1"},"canonical":"https:\/\/vapemaison.com\/pl\/produkt\/vozol-rave-cherry-strawberry-led-display-40k-puff-jednorazowy-vape\/","og_locale":"pl_PL","og_type":"article","og_title":"40k Puffs Disposable Vape | VOZOL RAVE Cherry Strawberry","og_description":"Discover the luscious Cherry Strawberry VOZOL RAVE 40000, combining two sweet red fruits for an intense flavor. Enjoy 40000 Puffs, a massive 20ml capacity, and the thrilling 270\u00b0 Beat-Sensing LED Display. This is the ultimate VOZOL vapes experience. Order your long-lasting, flavor-rich device today!","og_url":"https:\/\/vapemaison.com\/pl\/produkt\/vozol-rave-cherry-strawberry-led-display-40k-puff-jednorazowy-vape\/","og_site_name":"VapeMaison","article_modified_time":"2025-12-20T09:17:38+00:00","og_image":[{"width":768,"height":768,"url":"https:\/\/vapemaison.com\/wp-content\/uploads\/2025\/12\/vozol-rave-40000-Peach-Ice-3-768x768-1.webp","type":"image\/webp"}],"twitter_card":"summary_large_image","twitter_misc":{"Szacowany czas czytania":"3 minuty"},"schema":{"@context":"https:\/\/schema.org","@graph":[{"@type":"WebPage","@id":"https:\/\/vapemaison.com\/product\/vozol-rave-cherry-strawberry-led-display-40k-puffs-disposable-vape\/","url":"https:\/\/vapemaison.com\/product\/vozol-rave-cherry-strawberry-led-display-40k-puffs-disposable-vape\/","name":"40k Puffs Jednorazowe Vape | VOZOL RAVE Cherry Strawberry","isPartOf":{"@id":"https:\/\/vapemaison.com\/#website"},"primaryImageOfPage":{"@id":"https:\/\/vapemaison.com\/product\/vozol-rave-cherry-strawberry-led-display-40k-puffs-disposable-vape\/#primaryimage"},"image":{"@id":"https:\/\/vapemaison.com\/product\/vozol-rave-cherry-strawberry-led-display-40k-puffs-disposable-vape\/#primaryimage"},"thumbnailUrl":"https:\/\/vapemaison.com\/wp-content\/uploads\/2025\/12\/vozol-rave-40000-Peach-Ice-3-768x768-1.webp","datePublished":"2025-12-15T07:51:49+00:00","dateModified":"2025-12-20T09:17:38+00:00","description":"Odkryj soczysty Cherry Strawberry VOZOL RAVE 40000, \u0142\u0105cz\u0105cy dwa s\u0142odkie czerwone owoce dla intensywnego smaku. Ciesz si\u0119 40000 zaci\u0105gni\u0119ciami, ogromn\u0105 pojemno\u015bci\u0105 20 ml i ekscytuj\u0105cym wy\u015bwietlaczem LED wykrywaj\u0105cym rytm 270\u00b0. To najlepsze do\u015bwiadczenie z waporyzacj\u0105 VOZOL. Zam\u00f3w swoje d\u0142ugotrwa\u0142e, bogate w smak urz\u0105dzenie ju\u017c dzi\u015b!","breadcrumb":{"@id":"https:\/\/vapemaison.com\/product\/vozol-rave-cherry-strawberry-led-display-40k-puffs-disposable-vape\/#breadcrumb"},"inLanguage":"pl-PL","potentialAction":[{"@type":"ReadAction","target":["https:\/\/vapemaison.com\/product\/vozol-rave-cherry-strawberry-led-display-40k-puffs-disposable-vape\/"]}]},{"@type":"ImageObject","inLanguage":"pl-PL","@id":"https:\/\/vapemaison.com\/product\/vozol-rave-cherry-strawberry-led-display-40k-puffs-disposable-vape\/#primaryimage","url":"https:\/\/vapemaison.com\/wp-content\/uploads\/2025\/12\/vozol-rave-40000-Peach-Ice-3-768x768-1.webp","contentUrl":"https:\/\/vapemaison.com\/wp-content\/uploads\/2025\/12\/vozol-rave-40000-Peach-Ice-3-768x768-1.webp","width":768,"height":768,"caption":"Vozol Rave Peach Ice 3 768x768 Disposable Vape Device"},{"@type":"BreadcrumbList","@id":"https:\/\/vapemaison.com\/product\/vozol-rave-cherry-strawberry-led-display-40k-puffs-disposable-vape\/#breadcrumb","itemListElement":[{"@type":"ListItem","position":1,"name":"\u9996\u9875","item":"https:\/\/vapemaison.com\/"},{"@type":"ListItem","position":2,"name":"Shop","item":"https:\/\/vapemaison.com\/shop\/"},{"@type":"ListItem","position":3,"name":"Vozol","item":"https:\/\/vapemaison.com\/brand\/vozol\/"},{"@type":"ListItem","position":4,"name":"VOZOL RAVE Cherry Strawberry LED Display | 40k Puffs Disposable Vape"}]},{"@type":"WebSite","@id":"https:\/\/vapemaison.com\/#website","url":"https:\/\/vapemaison.com\/","name":"VapeMaison","description":"Wysokiej jako\u015bci urz\u0105dzenia i akcesoria do waporyzacji","publisher":{"@id":"https:\/\/vapemaison.com\/#organization"},"potentialAction":[{"@type":"SearchAction","target":{"@type":"EntryPoint","urlTemplate":"https:\/\/vapemaison.com\/?s={search_term_string}"},"query-input":{"@type":"PropertyValueSpecification","valueRequired":true,"valueName":"search_term_string"}}],"inLanguage":"pl-PL"},{"@type":"Organization","@id":"https:\/\/vapemaison.com\/#organization","name":"VapeMaison","url":"https:\/\/vapemaison.com\/","logo":{"@type":"ImageObject","inLanguage":"pl-PL","@id":"https:\/\/vapemaison.com\/#\/schema\/logo\/image\/","url":"https:\/\/vapemaison.com\/wp-content\/uploads\/2026\/01\/cropped-vapemaison-logo-g-2026.webp","contentUrl":"https:\/\/vapemaison.com\/wp-content\/uploads\/2026\/01\/cropped-vapemaison-logo-g-2026.webp","width":350,"height":280,"caption":"VapeMaison"},"image":{"@id":"https:\/\/vapemaison.com\/#\/schema\/logo\/image\/"},"sameAs":["https:\/\/www.youtube.com\/@VapeMaison"]}]}},"tiered_pricing_type":"fixed","tiered_pricing_fixed_rules":{"30":"12.24","50":"11.63","100":"10.86","200":"9.98"},"tiered_pricing_product_settings":{"layout":"default","base_unit_name":{"singular":null,"plural":null},"default_variation":null},"tiered_pricing_minimum_quantity":10,"tiered_pricing_roles_data":[],"tiered_pricing_percentage_rules":[],"tiered_pricing_maximum_quantity":null,"tiered_pricing_quantity_step":"10","_links":{"self":[{"href":"https:\/\/vapemaison.com\/pl\/wp-json\/wp\/v2\/product\/18422","targetHints":{"allow":["GET"]}}],"collection":[{"href":"https:\/\/vapemaison.com\/pl\/wp-json\/wp\/v2\/product"}],"about":[{"href":"https:\/\/vapemaison.com\/pl\/wp-json\/wp\/v2\/types\/product"}],"replies":[{"embeddable":true,"href":"https:\/\/vapemaison.com\/pl\/wp-json\/wp\/v2\/comments?post=18422"}],"version-history":[{"count":0,"href":"https:\/\/vapemaison.com\/pl\/wp-json\/wp\/v2\/product\/18422\/revisions"}],"wp:featuredmedia":[{"embeddable":true,"href":"https:\/\/vapemaison.com\/pl\/wp-json\/wp\/v2\/media\/19296"}],"wp:attachment":[{"href":"https:\/\/vapemaison.com\/pl\/wp-json\/wp\/v2\/media?parent=18422"}],"wp:term":[{"taxonomy":"product_brand","embeddable":true,"href":"https:\/\/vapemaison.com\/pl\/wp-json\/wp\/v2\/product_brand?post=18422"},{"taxonomy":"product_cat","embeddable":true,"href":"https:\/\/vapemaison.com\/pl\/wp-json\/wp\/v2\/product_cat?post=18422"},{"taxonomy":"product_tag","embeddable":true,"href":"https:\/\/vapemaison.com\/pl\/wp-json\/wp\/v2\/product_tag?post=18422"}],"curies":[{"name":"wp","href":"https:\/\/api.w.org\/{rel}","templated":true}]}}