

{"id":18447,"date":"2025-12-15T07:51:51","date_gmt":"2025-12-15T07:51:51","guid":{"rendered":"https:\/\/vapemaison.com\/?post_type=product&#038;p=18447"},"modified":"2025-12-20T09:17:12","modified_gmt":"2025-12-20T09:17:12","slug":"vozol-rave-grape-ice-display-40k-puff-jednorazowy-vape","status":"publish","type":"product","link":"https:\/\/vapemaison.com\/pl\/product\/vozol-rave-grape-ice-display-40k-puffs-disposable-vape\/","title":{"rendered":"40000 puff\u00f3w jednorazowego u\u017cytku Vape | VOZOL RAVE Grape Ice Flavor LED | Vape z akumulatorem"},"content":{"rendered":"<h2 class=\"wp-block-heading\">VOZOL RAVE 40000 Puffs Grape Ice: Bogaty smak, lodowate wyko\u0144czenie<\/h2>\n\n\n\n<p>The <strong>VOZOL RAVE 40000 puff\u00f3w jednorazowych Vape<\/strong> in Grape Ice zapewnia intensywnie s\u0142odki i znajomy smak dojrza\u0142ych winogron Concord, zako\u0144czony ch\u0142odz\u0105cym podmuchem mentolu. To urz\u0105dzenie jest liderem w bran\u017cy, szczyc\u0105cym si\u0119 niesamowitym <strong>Liczba zaci\u0105gni\u0119\u0107 40000<\/strong> i pot\u0119\u017cny akumulator 1000 mAh <strong>Akumulator Vape<\/strong> akumulator. Centralny element wizualny <strong>270\u00b0 LED Light Show<\/strong>, Zapewnia to, \u017ce doznania z waporyzacji s\u0105 r\u00f3wnie ekscytuj\u0105ce, jak smak.<\/p>\n\n\n\n<h4 class=\"wp-block-heading\">Uczta smak\u00f3w: Odkryj sw\u00f3j ulubiony<\/h4>\n\n\n\n<h2 class=\"wp-block-heading\">Grape Ice: S\u0142odki, odwa\u017cny i arktycznie zimny<\/h2>\n\n\n\n<p>Grape Ice to przede wszystkim intensywno\u015b\u0107. Zapewnia <strong>g\u0142\u0119boki, syropowo-s\u0142odki smak winogron<\/strong> po kt\u00f3rym natychmiast nast\u0119puje <strong>silny, czysty mentolowy ch\u0142\u00f3d<\/strong>. Smakuje dok\u0142adnie jak mro\u017cony sok winogronowy, oferuj\u0105c bardzo satysfakcjonuj\u0105c\u0105, odwa\u017cn\u0105 i niesamowicie orze\u017awiaj\u0105c\u0105 vape, kt\u00f3ra trwa.<\/p>\n\n\n\n<ul class=\"wp-block-list\">\n<li>Blue Razz Ice<\/li>\n\n\n\n<li>L\u00f3d jagodowy<\/li>\n\n\n\n<li>Arbuz jagodowy<\/li>\n\n\n\n<li>Truskawka z wi\u015bni\u0105<\/li>\n\n\n\n<li>Cool Mint<\/li>\n\n\n\n<li>Podw\u00f3jne jab\u0142ko<\/li>\n\n\n\n<li><strong>Grape Ice:<\/strong> Mocny, s\u0142odki smak fioletowych winogron, po kt\u00f3rym nast\u0119puje orze\u017awiaj\u0105cy, lodowaty, mentolowy finisz.<\/li>\n\n\n\n<li>Love 777<\/li>\n\n\n\n<li>Mango Ice<\/li>\n\n\n\n<li>Mango Brzoskwinia<\/li>\n\n\n\n<li>L\u00f3d brzoskwiniowy<\/li>\n\n\n\n<li>Lemoniada brzoskwiniowo-malinowa<\/li>\n\n\n\n<li>L\u00f3d truskawkowy<\/li>\n\n\n\n<li>Truskawka Kiwi<\/li>\n\n\n\n<li>Mango truskawkowe<\/li>\n\n\n\n<li>Arbuz truskawkowy<\/li>\n\n\n\n<li>Brzoskwinia truskawkowa<\/li>\n\n\n\n<li>Arbuz Bubblegum<\/li>\n\n\n\n<li>Arbuzowy l\u00f3d<\/li>\n\n\n\n<li>Arbuz Razz Rancher<\/li>\n<\/ul>\n\n\n\n<h4 class=\"wp-block-heading\">Specyfikacja techniczna i najwa\u017cniejsze cechy konstrukcyjne<\/h4>\n\n\n\n<h2 class=\"wp-block-heading\">Specyfikacja techniczna i innowacje VOZOL RAVE 40000<\/h2>\n\n\n\n<p>VOZOL RAVE 40000 zosta\u0142 zbudowany w oparciu o najnowocze\u015bniejsz\u0105 technologi\u0119, aby zagwarantowa\u0107 najwy\u017cszej jako\u015bci wra\u017cenia dla ka\u017cdego puffa.<\/p>\n\n\n\n<ul class=\"wp-block-list\">\n<li><strong>Max Puffs:<\/strong> Oko\u0142o. <strong>40000 Puff\u00f3w<\/strong><\/li>\n\n\n\n<li><strong>Pojemno\u015b\u0107 e-liquidu:<\/strong> 20 ml<\/li>\n\n\n\n<li><strong>Bateria:<\/strong> 1000 mAh <strong>Akumulator<\/strong><\/li>\n\n\n\n<li><strong>Moc nikotyny:<\/strong> 5% (50mg\/ml) S\u00f3l nikotynowa<\/li>\n\n\n\n<li><strong>System cewek:<\/strong> <strong>Cewka z podw\u00f3jn\u0105 siatk\u0105<\/strong> z S.i.L.C. Tech<\/li>\n\n\n\n<li><strong>\u0141adowanie:<\/strong> Port USB typu C (szybkie \u0142adowanie)<\/li>\n\n\n\n<li><strong>Funkcja specjalna:<\/strong> <strong>Wy\u015bwietlacz LED wykrywaj\u0105cy rytm 270<\/strong><\/li>\n\n\n\n<li><strong>Aktywacja:<\/strong> Aktywowany rysowaniem<\/li>\n<\/ul>\n\n\n\n<p>Solidny <strong>Cewka z podw\u00f3jn\u0105 siatk\u0105<\/strong> System ten ma kluczowe znaczenie dla dostarczania g\u0119stej, aromatycznej pary oczekiwanej od bogatego profilu, takiego jak Grape Ice, zapewniaj\u0105c, \u017ce intensywno\u015b\u0107 s\u0142odkich winogron jest idealnie zr\u00f3wnowa\u017cona z mro\u017anym mentolem przez ca\u0142y okres u\u017cytkowania. <strong>40000 Puff\u00f3w jednorazowego u\u017cytku Vape<\/strong>.<\/p>\n\n\n\n<h4 class=\"wp-block-heading\">Powody, dla kt\u00f3rych warto kupi\u0107 teraz<\/h4>\n\n\n\n<h2 class=\"wp-block-heading\">Alert o ograniczonych zapasach: Chwy\u0107 sw\u00f3j Grape Ice VOZOL RAVE!<\/h2>\n\n\n\n<p>VOZOL RAVE 40000 wyznacza nowy standard wydajno\u015bci w\u015br\u00f3d <strong>VOZOL vapes<\/strong> oraz <strong>40000 Puff\u00f3w jednorazowego u\u017cytku Vape<\/strong> urz\u0105dzenia. Mocny smak Grape Ice jest zawsze bardzo poszukiwany. <strong>Nie przegap okazji - nasze aktualne zapasy s\u0105 na wyczerpaniu!<\/strong><\/p>\n\n\n\n<p><strong>Dzia\u0142aj szybko:<\/strong> Zabezpiecz sw\u00f3j VOZOL RAVE 40000 ju\u017c teraz i ciesz si\u0119 wysokiej jako\u015bci urz\u0105dzeniem o du\u017cej liczbie zaci\u0105gni\u0119\u0107, kt\u00f3re nie rezygnuje ze smaku. <strong>Ju\u017c dzi\u015b zam\u00f3w ten wyj\u0105tkowy akumulator Vape, kt\u00f3ry zapewni Ci intensywne i satysfakcjonuj\u0105ce doznania!<\/strong><\/p>","protected":false},"excerpt":{"rendered":"<p>VOZOL RAVE 40000 Puffs Grape Ice: Rich Flavor, Icy Finish The VOZOL RAVE 40000 Puffs Disposable Vape in Grape Ice delivers the intensely sweet and familiar flavor of ripe Concord grapes, finished with a cooling blast of menthol. This device is an industry leader, boasting an incredible 40000 puff count and a powerful 1000mAh Rechargeable [&hellip;]<\/p>\n","protected":false},"featured_media":19284,"comment_status":"open","ping_status":"closed","template":"","meta":[],"product_brand":[178],"product_cat":[135],"product_tag":[],"class_list":{"0":"post-18447","1":"product","2":"type-product","3":"status-publish","4":"has-post-thumbnail","6":"product_brand-vozol","7":"product_cat-40k-puffs","9":"first","10":"instock","11":"sale","12":"shipping-taxable","13":"purchasable","14":"product-type-variable"},"yoast_head":"<!-- This site is optimized with the Yoast SEO plugin v27.4 - https:\/\/yoast.com\/product\/yoast-seo-wordpress\/ -->\n<title>40000 Puffs Disposable Vape | VOZOL RAVE Grape Ice Flavor LED | Rechargeable Vape<\/title>\n<meta name=\"description\" content=\"Experience the bold, sweet Grape Ice with the VOZOL RAVE 40000. Features a massive 40000 puff capacity, 20ml e-liquid reserve, and the mesmerizing 270\u00b0 Beat-Sensing LED Light. Get the best of VOZOL vapes with this intensely flavored, long-lasting device. Shop now for consistent, frosty grape flavor!\" \/>\n<meta name=\"robots\" content=\"index, follow, max-snippet:-1, max-image-preview:large, max-video-preview:-1\" \/>\n<link rel=\"canonical\" href=\"https:\/\/vapemaison.com\/pl\/produkt\/vozol-rave-grape-ice-display-40k-puff-jednorazowy-vape\/\" \/>\n<meta property=\"og:locale\" content=\"pl_PL\" \/>\n<meta property=\"og:type\" content=\"article\" \/>\n<meta property=\"og:title\" content=\"40000 Puffs Disposable Vape | VOZOL RAVE Grape Ice Flavor LED | Rechargeable Vape\" \/>\n<meta property=\"og:description\" content=\"Experience the bold, sweet Grape Ice with the VOZOL RAVE 40000. Features a massive 40000 puff capacity, 20ml e-liquid reserve, and the mesmerizing 270\u00b0 Beat-Sensing LED Light. Get the best of VOZOL vapes with this intensely flavored, long-lasting device. Shop now for consistent, frosty grape flavor!\" \/>\n<meta property=\"og:url\" content=\"https:\/\/vapemaison.com\/pl\/produkt\/vozol-rave-grape-ice-display-40k-puff-jednorazowy-vape\/\" \/>\n<meta property=\"og:site_name\" content=\"VapeMaison\" \/>\n<meta property=\"article:modified_time\" content=\"2025-12-20T09:17:12+00:00\" \/>\n<meta property=\"og:image\" content=\"https:\/\/vapemaison.com\/wp-content\/uploads\/2025\/12\/vozol-rave-40000-Blueberry-Ice-3.webp\" \/>\n\t<meta property=\"og:image:width\" content=\"1200\" \/>\n\t<meta property=\"og:image:height\" content=\"1200\" \/>\n\t<meta property=\"og:image:type\" content=\"image\/webp\" \/>\n<meta name=\"twitter:card\" content=\"summary_large_image\" \/>\n<meta name=\"twitter:label1\" content=\"Szacowany czas czytania\" \/>\n\t<meta name=\"twitter:data1\" content=\"2 minuty\" \/>\n<!-- \/ Yoast SEO plugin. -->","yoast_head_json":{"title":"40000 puff\u00f3w jednorazowego u\u017cytku Vape | VOZOL RAVE Grape Ice Flavor LED | Vape z akumulatorem","description":"Do\u015bwiadcz odwa\u017cnego, s\u0142odkiego Grape Ice z VOZOL RAVE 40000. Charakteryzuje si\u0119 ogromn\u0105 pojemno\u015bci\u0105 40000 zaci\u0105gni\u0119\u0107, rezerw\u0105 20 ml e-liquidu i hipnotyzuj\u0105cym \u015bwiat\u0142em LED wykrywaj\u0105cym rytm 270\u00b0. Uzyskaj to, co najlepsze w waporyzatorach VOZOL dzi\u0119ki temu intensywnie aromatyzowanemu, trwa\u0142emu urz\u0105dzeniu. Kup teraz, aby uzyska\u0107 sp\u00f3jny, mro\u017any smak winogron!","robots":{"index":"index","follow":"follow","max-snippet":"max-snippet:-1","max-image-preview":"max-image-preview:large","max-video-preview":"max-video-preview:-1"},"canonical":"https:\/\/vapemaison.com\/pl\/produkt\/vozol-rave-grape-ice-display-40k-puff-jednorazowy-vape\/","og_locale":"pl_PL","og_type":"article","og_title":"40000 Puffs Disposable Vape | VOZOL RAVE Grape Ice Flavor LED | Rechargeable Vape","og_description":"Experience the bold, sweet Grape Ice with the VOZOL RAVE 40000. Features a massive 40000 puff capacity, 20ml e-liquid reserve, and the mesmerizing 270\u00b0 Beat-Sensing LED Light. Get the best of VOZOL vapes with this intensely flavored, long-lasting device. Shop now for consistent, frosty grape flavor!","og_url":"https:\/\/vapemaison.com\/pl\/produkt\/vozol-rave-grape-ice-display-40k-puff-jednorazowy-vape\/","og_site_name":"VapeMaison","article_modified_time":"2025-12-20T09:17:12+00:00","og_image":[{"width":1200,"height":1200,"url":"https:\/\/vapemaison.com\/wp-content\/uploads\/2025\/12\/vozol-rave-40000-Blueberry-Ice-3.webp","type":"image\/webp"}],"twitter_card":"summary_large_image","twitter_misc":{"Szacowany czas czytania":"2 minuty"},"schema":{"@context":"https:\/\/schema.org","@graph":[{"@type":"WebPage","@id":"https:\/\/vapemaison.com\/product\/vozol-rave-grape-ice-display-40k-puffs-disposable-vape\/","url":"https:\/\/vapemaison.com\/product\/vozol-rave-grape-ice-display-40k-puffs-disposable-vape\/","name":"40000 puff\u00f3w jednorazowego u\u017cytku Vape | VOZOL RAVE Grape Ice Flavor LED | Vape z akumulatorem","isPartOf":{"@id":"https:\/\/vapemaison.com\/#website"},"primaryImageOfPage":{"@id":"https:\/\/vapemaison.com\/product\/vozol-rave-grape-ice-display-40k-puffs-disposable-vape\/#primaryimage"},"image":{"@id":"https:\/\/vapemaison.com\/product\/vozol-rave-grape-ice-display-40k-puffs-disposable-vape\/#primaryimage"},"thumbnailUrl":"https:\/\/vapemaison.com\/wp-content\/uploads\/2025\/12\/vozol-rave-40000-Blueberry-Ice-3.webp","datePublished":"2025-12-15T07:51:51+00:00","dateModified":"2025-12-20T09:17:12+00:00","description":"Do\u015bwiadcz odwa\u017cnego, s\u0142odkiego Grape Ice z VOZOL RAVE 40000. Charakteryzuje si\u0119 ogromn\u0105 pojemno\u015bci\u0105 40000 zaci\u0105gni\u0119\u0107, rezerw\u0105 20 ml e-liquidu i hipnotyzuj\u0105cym \u015bwiat\u0142em LED wykrywaj\u0105cym rytm 270\u00b0. Uzyskaj to, co najlepsze w waporyzatorach VOZOL dzi\u0119ki temu intensywnie aromatyzowanemu, trwa\u0142emu urz\u0105dzeniu. Kup teraz, aby uzyska\u0107 sp\u00f3jny, mro\u017any smak winogron!","breadcrumb":{"@id":"https:\/\/vapemaison.com\/product\/vozol-rave-grape-ice-display-40k-puffs-disposable-vape\/#breadcrumb"},"inLanguage":"pl-PL","potentialAction":[{"@type":"ReadAction","target":["https:\/\/vapemaison.com\/product\/vozol-rave-grape-ice-display-40k-puffs-disposable-vape\/"]}]},{"@type":"ImageObject","inLanguage":"pl-PL","@id":"https:\/\/vapemaison.com\/product\/vozol-rave-grape-ice-display-40k-puffs-disposable-vape\/#primaryimage","url":"https:\/\/vapemaison.com\/wp-content\/uploads\/2025\/12\/vozol-rave-40000-Blueberry-Ice-3.webp","contentUrl":"https:\/\/vapemaison.com\/wp-content\/uploads\/2025\/12\/vozol-rave-40000-Blueberry-Ice-3.webp","width":1200,"height":1200,"caption":"Vozol Rave Blueberry Ice Disposable Vape Device"},{"@type":"BreadcrumbList","@id":"https:\/\/vapemaison.com\/product\/vozol-rave-grape-ice-display-40k-puffs-disposable-vape\/#breadcrumb","itemListElement":[{"@type":"ListItem","position":1,"name":"\u9996\u9875","item":"https:\/\/vapemaison.com\/"},{"@type":"ListItem","position":2,"name":"Shop","item":"https:\/\/vapemaison.com\/shop\/"},{"@type":"ListItem","position":3,"name":"Vozol","item":"https:\/\/vapemaison.com\/brand\/vozol\/"},{"@type":"ListItem","position":4,"name":"40000 Puffs Disposable Vape | VOZOL RAVE Grape Ice Flavor LED | Rechargeable Vape"}]},{"@type":"WebSite","@id":"https:\/\/vapemaison.com\/#website","url":"https:\/\/vapemaison.com\/","name":"VapeMaison","description":"Wysokiej jako\u015bci urz\u0105dzenia i akcesoria do waporyzacji","publisher":{"@id":"https:\/\/vapemaison.com\/#organization"},"potentialAction":[{"@type":"SearchAction","target":{"@type":"EntryPoint","urlTemplate":"https:\/\/vapemaison.com\/?s={search_term_string}"},"query-input":{"@type":"PropertyValueSpecification","valueRequired":true,"valueName":"search_term_string"}}],"inLanguage":"pl-PL"},{"@type":"Organization","@id":"https:\/\/vapemaison.com\/#organization","name":"VapeMaison","url":"https:\/\/vapemaison.com\/","logo":{"@type":"ImageObject","inLanguage":"pl-PL","@id":"https:\/\/vapemaison.com\/#\/schema\/logo\/image\/","url":"https:\/\/vapemaison.com\/wp-content\/uploads\/2026\/01\/cropped-vapemaison-logo-g-2026.webp","contentUrl":"https:\/\/vapemaison.com\/wp-content\/uploads\/2026\/01\/cropped-vapemaison-logo-g-2026.webp","width":350,"height":280,"caption":"VapeMaison"},"image":{"@id":"https:\/\/vapemaison.com\/#\/schema\/logo\/image\/"},"sameAs":["https:\/\/www.youtube.com\/@VapeMaison"]}]}},"tiered_pricing_type":"fixed","tiered_pricing_fixed_rules":{"30":"12.24","50":"11.63","100":"10.86","200":"9.98"},"tiered_pricing_product_settings":{"layout":"default","base_unit_name":{"singular":null,"plural":null},"default_variation":null},"tiered_pricing_minimum_quantity":10,"tiered_pricing_roles_data":[],"tiered_pricing_percentage_rules":[],"tiered_pricing_maximum_quantity":null,"tiered_pricing_quantity_step":"10","_links":{"self":[{"href":"https:\/\/vapemaison.com\/pl\/wp-json\/wp\/v2\/product\/18447","targetHints":{"allow":["GET"]}}],"collection":[{"href":"https:\/\/vapemaison.com\/pl\/wp-json\/wp\/v2\/product"}],"about":[{"href":"https:\/\/vapemaison.com\/pl\/wp-json\/wp\/v2\/types\/product"}],"replies":[{"embeddable":true,"href":"https:\/\/vapemaison.com\/pl\/wp-json\/wp\/v2\/comments?post=18447"}],"version-history":[{"count":0,"href":"https:\/\/vapemaison.com\/pl\/wp-json\/wp\/v2\/product\/18447\/revisions"}],"wp:featuredmedia":[{"embeddable":true,"href":"https:\/\/vapemaison.com\/pl\/wp-json\/wp\/v2\/media\/19284"}],"wp:attachment":[{"href":"https:\/\/vapemaison.com\/pl\/wp-json\/wp\/v2\/media?parent=18447"}],"wp:term":[{"taxonomy":"product_brand","embeddable":true,"href":"https:\/\/vapemaison.com\/pl\/wp-json\/wp\/v2\/product_brand?post=18447"},{"taxonomy":"product_cat","embeddable":true,"href":"https:\/\/vapemaison.com\/pl\/wp-json\/wp\/v2\/product_cat?post=18447"},{"taxonomy":"product_tag","embeddable":true,"href":"https:\/\/vapemaison.com\/pl\/wp-json\/wp\/v2\/product_tag?post=18447"}],"curies":[{"name":"wp","href":"https:\/\/api.w.org\/{rel}","templated":true}]}}