

{"id":18472,"date":"2025-12-15T07:51:55","date_gmt":"2025-12-15T07:51:55","guid":{"rendered":"https:\/\/vapemaison.com\/?post_type=product&#038;p=18472"},"modified":"2026-01-09T08:58:17","modified_gmt":"2026-01-09T08:58:17","slug":"vozol-rave-double-apple-led-display-40k-puff-jednorazowy-vape","status":"publish","type":"product","link":"https:\/\/vapemaison.com\/pl\/product\/vozol-rave-double-apple-led-display-40k-puffs-disposable-vape\/","title":{"rendered":"Double Apple Vape | VOZOL RAVE 40000 Puffs LED Display | 40000 Puffs Disposable Vape"},"content":{"rendered":"<h2 class=\"wp-block-heading\">VVOZOL RAVE 40000 Puffs Double Apple: Ponadczasowy klasyk<\/h2>\n\n\n\n<p>The <strong>VOZOL RAVE 40000 puff\u00f3w jednorazowych Vape<\/strong> Double Apple zapewnia ponadczasowe, g\u0142\u0119boko satysfakcjonuj\u0105ce doznania owocowe, \u0142\u0105cz\u0105c w sobie zar\u00f3wno nuty czerwonego, jak i zielonego jab\u0142ka. Zaprojektowany z my\u015bl\u0105 o wytrzyma\u0142o\u015bci, model ten oferuje niewiarygodn\u0105 <strong>Liczba zaci\u0105gni\u0119\u0107 40000<\/strong> zasilany niezawodn\u0105 bateri\u0105 o pojemno\u015bci 1000 mAh. Wyj\u0105tkowy <strong>270\u00b0 LED Light Show<\/strong> dodaje nowoczesny akcent do tego klasycznego smaku, dzi\u0119ki czemu VOZOL RAVE jest ostatecznym, d\u0142ugotrwa\u0142ym i wizualnie dynamicznym produktem. <strong>Akumulator Vape<\/strong> na rynku.<\/p>\n\n\n\n<h4 class=\"wp-block-heading\">Uczta smak\u00f3w: Odkryj sw\u00f3j ulubiony<\/h4>\n\n\n\n<h2 class=\"wp-block-heading\">Podw\u00f3jne jab\u0142ko: Idealna owocowa mieszanka<\/h2>\n\n\n\n<p>Smak Double Apple jest znany ze swojej z\u0142o\u017cono\u015bci, \u0142\u0105cz\u0105c w sobie <strong>rze\u015bkie, lekko cierpkie nuty zielonego jab\u0142ka<\/strong> z <strong>s\u0142odkie, \u0142agodne nuty czerwonego jab\u0142ka<\/strong>. Uzyskany smak jest pe\u0142ny, aromatyczny i zapewnia doskonale zbalansowany, lekko ziemisty owocowy smak, kt\u00f3ry przemawia do szerokiego grona waper\u00f3w.<\/p>\n\n\n\n<ul class=\"wp-block-list\">\n<li>Blue Razz Ice<\/li>\n\n\n\n<li>L\u00f3d jagodowy<\/li>\n\n\n\n<li>Arbuz jagodowy<\/li>\n\n\n\n<li>Truskawka z wi\u015bni\u0105<\/li>\n\n\n\n<li>Cool Mint<\/li>\n\n\n\n<li><strong>Podw\u00f3jne jab\u0142ko:<\/strong> Bogata i z\u0142o\u017cona mieszanka s\u0142odkiego czerwonego jab\u0142ka i cierpkiego zielonego jab\u0142ka, zapewniaj\u0105ca autentyczn\u0105 esencj\u0119 owocow\u0105.<\/li>\n\n\n\n<li>L\u00f3d winogronowy<\/li>\n\n\n\n<li>Love 777<\/li>\n\n\n\n<li>Mango Ice<\/li>\n\n\n\n<li>Mango Brzoskwinia<\/li>\n\n\n\n<li>L\u00f3d brzoskwiniowy<\/li>\n\n\n\n<li>Lemoniada brzoskwiniowo-malinowa<\/li>\n\n\n\n<li>L\u00f3d truskawkowy<\/li>\n\n\n\n<li>Truskawka Kiwi<\/li>\n\n\n\n<li>Mango truskawkowe<\/li>\n\n\n\n<li>Arbuz truskawkowy<\/li>\n\n\n\n<li>Brzoskwinia truskawkowa<\/li>\n\n\n\n<li>Arbuz Bubblegum<\/li>\n\n\n\n<li>Arbuzowy l\u00f3d<\/li>\n\n\n\n<li>Arbuz Razz Rancher<\/li>\n<\/ul>\n\n\n\n<h4 class=\"wp-block-heading\">Specyfikacja techniczna i najwa\u017cniejsze cechy konstrukcyjne<\/h4>\n\n\n\n<h2 class=\"wp-block-heading\">Specyfikacja techniczna i innowacje VOZOL RAVE 40000<\/h2>\n\n\n\n<p>VOZOL RAVE 40000 zosta\u0142 zbudowany w oparciu o najnowocze\u015bniejsz\u0105 technologi\u0119, aby zagwarantowa\u0107 najwy\u017cszej jako\u015bci wra\u017cenia dla ka\u017cdego puffa.<\/p>\n\n\n\n<ul class=\"wp-block-list\">\n<li><strong>Max Puffs:<\/strong> Oko\u0142o. <strong>40000 Puff\u00f3w<\/strong><\/li>\n\n\n\n<li><strong>Pojemno\u015b\u0107 e-liquidu:<\/strong> 20 ml<\/li>\n\n\n\n<li><strong>Bateria:<\/strong> 1000 mAh <strong>Akumulator<\/strong><\/li>\n\n\n\n<li><strong>Moc nikotyny:<\/strong> 5% (50mg\/ml) S\u00f3l nikotynowa<\/li>\n\n\n\n<li><strong>System cewek:<\/strong> <strong>Cewka z podw\u00f3jn\u0105 siatk\u0105<\/strong> z S.i.L.C. Tech<\/li>\n\n\n\n<li><strong>\u0141adowanie:<\/strong> Port USB typu C (szybkie \u0142adowanie)<\/li>\n\n\n\n<li><strong>Funkcja specjalna:<\/strong> <strong>Wy\u015bwietlacz LED wykrywaj\u0105cy rytm 270<\/strong><\/li>\n\n\n\n<li><strong>Aktywacja:<\/strong> Aktywowany rysowaniem<\/li>\n<\/ul>\n\n\n\n<p>Specjalistyczny <strong>Cewka z podw\u00f3jn\u0105 siatk\u0105<\/strong> technologia zapewnia, \u017ce subtelne r\u00f3\u017cnice mi\u0119dzy dwiema odmianami jab\u0142ek s\u0105 w pe\u0142ni wyartyku\u0142owane, dzi\u0119ki czemu Double Apple VOZOL RAVE 40000 ma g\u0142\u0119boki, sp\u00f3jny smak od pierwszego do ostatniego zaci\u0105gni\u0119cia.<\/p>\n\n\n\n<h4 class=\"wp-block-heading\">Powody, dla kt\u00f3rych warto kupi\u0107 teraz<\/h4>\n\n\n\n<h2 class=\"wp-block-heading\">Alert o ograniczonych zapasach: Chwy\u0107 Double Apple VOZOL RAVE!<\/h2>\n\n\n\n<p>VOZOL RAVE 40000 rewolucjonizuje rynek urz\u0105dze\u0144 jednorazowego u\u017cytku dzi\u0119ki swoim niezwyk\u0142ym w\u0142a\u015bciwo\u015bciom. <strong>40000 Puff\u00f3w jednorazowego u\u017cytku Vape<\/strong> liczy\u0107. Klasyczny smak Double Apple jest sta\u0142ym faworytem na ca\u0142ym \u015bwiecie. <strong>Ten smak jest obecnie szybko wyprzedawany!<\/strong><\/p>\n\n\n\n<p><strong>Dzia\u0142aj szybko:<\/strong> Zabezpiecz sw\u00f3j VOZOL RAVE 40000 ju\u017c teraz i ciesz si\u0119 najwy\u017cszej jako\u015bci, nieprzerwanym do\u015bwiadczeniem waporyzacji z klas\u0105. <strong>Nie przegap tego popularnego vape'a VOZOL - zam\u00f3w ju\u017c dzi\u015b!<\/strong><\/p>","protected":false},"excerpt":{"rendered":"<p>VVOZOL RAVE 40000 Puffs Double Apple: The Timeless Classic The VOZOL RAVE 40000 Puffs Disposable Vape in Double Apple delivers a timeless, deeply satisfying fruit experience, combining both red and green apple notes. Engineered for endurance, this model offers an unbelievable 40000 puff count powered by a reliable 1000mAh battery. The unique 270\u00b0 LED Light [&hellip;]<\/p>\n","protected":false},"featured_media":19290,"comment_status":"open","ping_status":"closed","template":"","meta":[],"product_brand":[178],"product_cat":[135],"product_tag":[],"class_list":{"0":"post-18472","1":"product","2":"type-product","3":"status-publish","4":"has-post-thumbnail","6":"product_brand-vozol","7":"product_cat-40k-puffs","9":"first","10":"instock","11":"sale","12":"featured","13":"shipping-taxable","14":"purchasable","15":"product-type-variable"},"yoast_head":"<!-- This site is optimized with the Yoast SEO plugin v27.4 - https:\/\/yoast.com\/product\/yoast-seo-wordpress\/ -->\n<title>Double Apple Vape | VOZOL RAVE 40000 Puffs LED Display | 40000 Puffs Disposable Vape<\/title>\n<meta name=\"description\" content=\"Savor the rich, aromatic Double Apple VOZOL RAVE 40000. A classic blend delivered with 40000 puffs, a 20ml e-liquid capacity, and the dazzling 270\u00b0 Beat-Sensing LED Light. This premium Rechargeable Vape ensures maximum flavor fidelity and longevity. Shop VOZOL vapes now for an unparalleled vaping journey!\" \/>\n<meta name=\"robots\" content=\"index, follow, max-snippet:-1, max-image-preview:large, max-video-preview:-1\" \/>\n<link rel=\"canonical\" href=\"https:\/\/vapemaison.com\/pl\/produkt\/vozol-rave-double-apple-led-display-40k-puff-jednorazowy-vape\/\" \/>\n<meta property=\"og:locale\" content=\"pl_PL\" \/>\n<meta property=\"og:type\" content=\"article\" \/>\n<meta property=\"og:title\" content=\"Double Apple Vape | VOZOL RAVE 40000 Puffs LED Display | 40000 Puffs Disposable Vape\" \/>\n<meta property=\"og:description\" content=\"Savor the rich, aromatic Double Apple VOZOL RAVE 40000. A classic blend delivered with 40000 puffs, a 20ml e-liquid capacity, and the dazzling 270\u00b0 Beat-Sensing LED Light. This premium Rechargeable Vape ensures maximum flavor fidelity and longevity. Shop VOZOL vapes now for an unparalleled vaping journey!\" \/>\n<meta property=\"og:url\" content=\"https:\/\/vapemaison.com\/pl\/produkt\/vozol-rave-double-apple-led-display-40k-puff-jednorazowy-vape\/\" \/>\n<meta property=\"og:site_name\" content=\"VapeMaison\" \/>\n<meta property=\"article:modified_time\" content=\"2026-01-09T08:58:17+00:00\" \/>\n<meta property=\"og:image\" content=\"https:\/\/vapemaison.com\/wp-content\/uploads\/2025\/12\/vozol-rave-40000-Double-Apple-3.webp\" \/>\n\t<meta property=\"og:image:width\" content=\"1200\" \/>\n\t<meta property=\"og:image:height\" content=\"1200\" \/>\n\t<meta property=\"og:image:type\" content=\"image\/webp\" \/>\n<meta name=\"twitter:card\" content=\"summary_large_image\" \/>\n<meta name=\"twitter:label1\" content=\"Szacowany czas czytania\" \/>\n\t<meta name=\"twitter:data1\" content=\"2 minuty\" \/>\n<!-- \/ Yoast SEO plugin. -->","yoast_head_json":{"title":"Double Apple Vape | VOZOL RAVE 40000 Puffs LED Display | 40000 Puffs Disposable Vape","description":"Delektuj si\u0119 bogatym, aromatycznym Double Apple VOZOL RAVE 40000. Klasyczna mieszanka z 40000 zaci\u0105gni\u0119ciami, pojemno\u015bci\u0105 20 ml e-liquidu i ol\u015bniewaj\u0105cym \u015bwiat\u0142em LED wykrywaj\u0105cym rytm 270\u00b0. Ten wysokiej jako\u015bci akumulator Vape zapewnia maksymaln\u0105 wierno\u015b\u0107 smaku i d\u0142ugowieczno\u015b\u0107. Kup VOZOL vapes ju\u017c teraz, aby odby\u0107 niezr\u00f3wnan\u0105 podr\u00f3\u017c!","robots":{"index":"index","follow":"follow","max-snippet":"max-snippet:-1","max-image-preview":"max-image-preview:large","max-video-preview":"max-video-preview:-1"},"canonical":"https:\/\/vapemaison.com\/pl\/produkt\/vozol-rave-double-apple-led-display-40k-puff-jednorazowy-vape\/","og_locale":"pl_PL","og_type":"article","og_title":"Double Apple Vape | VOZOL RAVE 40000 Puffs LED Display | 40000 Puffs Disposable Vape","og_description":"Savor the rich, aromatic Double Apple VOZOL RAVE 40000. A classic blend delivered with 40000 puffs, a 20ml e-liquid capacity, and the dazzling 270\u00b0 Beat-Sensing LED Light. This premium Rechargeable Vape ensures maximum flavor fidelity and longevity. Shop VOZOL vapes now for an unparalleled vaping journey!","og_url":"https:\/\/vapemaison.com\/pl\/produkt\/vozol-rave-double-apple-led-display-40k-puff-jednorazowy-vape\/","og_site_name":"VapeMaison","article_modified_time":"2026-01-09T08:58:17+00:00","og_image":[{"width":1200,"height":1200,"url":"https:\/\/vapemaison.com\/wp-content\/uploads\/2025\/12\/vozol-rave-40000-Double-Apple-3.webp","type":"image\/webp"}],"twitter_card":"summary_large_image","twitter_misc":{"Szacowany czas czytania":"2 minuty"},"schema":{"@context":"https:\/\/schema.org","@graph":[{"@type":"WebPage","@id":"https:\/\/vapemaison.com\/product\/vozol-rave-double-apple-led-display-40k-puffs-disposable-vape\/","url":"https:\/\/vapemaison.com\/product\/vozol-rave-double-apple-led-display-40k-puffs-disposable-vape\/","name":"Double Apple Vape | VOZOL RAVE 40000 Puffs LED Display | 40000 Puffs Disposable Vape","isPartOf":{"@id":"https:\/\/vapemaison.com\/#website"},"primaryImageOfPage":{"@id":"https:\/\/vapemaison.com\/product\/vozol-rave-double-apple-led-display-40k-puffs-disposable-vape\/#primaryimage"},"image":{"@id":"https:\/\/vapemaison.com\/product\/vozol-rave-double-apple-led-display-40k-puffs-disposable-vape\/#primaryimage"},"thumbnailUrl":"https:\/\/vapemaison.com\/wp-content\/uploads\/2025\/12\/vozol-rave-40000-Double-Apple-3.webp","datePublished":"2025-12-15T07:51:55+00:00","dateModified":"2026-01-09T08:58:17+00:00","description":"Delektuj si\u0119 bogatym, aromatycznym Double Apple VOZOL RAVE 40000. Klasyczna mieszanka z 40000 zaci\u0105gni\u0119ciami, pojemno\u015bci\u0105 20 ml e-liquidu i ol\u015bniewaj\u0105cym \u015bwiat\u0142em LED wykrywaj\u0105cym rytm 270\u00b0. Ten wysokiej jako\u015bci akumulator Vape zapewnia maksymaln\u0105 wierno\u015b\u0107 smaku i d\u0142ugowieczno\u015b\u0107. Kup VOZOL vapes ju\u017c teraz, aby odby\u0107 niezr\u00f3wnan\u0105 podr\u00f3\u017c!","breadcrumb":{"@id":"https:\/\/vapemaison.com\/product\/vozol-rave-double-apple-led-display-40k-puffs-disposable-vape\/#breadcrumb"},"inLanguage":"pl-PL","potentialAction":[{"@type":"ReadAction","target":["https:\/\/vapemaison.com\/product\/vozol-rave-double-apple-led-display-40k-puffs-disposable-vape\/"]}]},{"@type":"ImageObject","inLanguage":"pl-PL","@id":"https:\/\/vapemaison.com\/product\/vozol-rave-double-apple-led-display-40k-puffs-disposable-vape\/#primaryimage","url":"https:\/\/vapemaison.com\/wp-content\/uploads\/2025\/12\/vozol-rave-40000-Double-Apple-3.webp","contentUrl":"https:\/\/vapemaison.com\/wp-content\/uploads\/2025\/12\/vozol-rave-40000-Double-Apple-3.webp","width":1200,"height":1200,"caption":"Vozol Rave Double Apple Disposable Vape Device"},{"@type":"BreadcrumbList","@id":"https:\/\/vapemaison.com\/product\/vozol-rave-double-apple-led-display-40k-puffs-disposable-vape\/#breadcrumb","itemListElement":[{"@type":"ListItem","position":1,"name":"\u9996\u9875","item":"https:\/\/vapemaison.com\/"},{"@type":"ListItem","position":2,"name":"Shop","item":"https:\/\/vapemaison.com\/shop\/"},{"@type":"ListItem","position":3,"name":"Vozol","item":"https:\/\/vapemaison.com\/brand\/vozol\/"},{"@type":"ListItem","position":4,"name":"Double Apple Vape | VOZOL RAVE 40000 Puffs LED Display | 40000 Puffs Disposable Vape"}]},{"@type":"WebSite","@id":"https:\/\/vapemaison.com\/#website","url":"https:\/\/vapemaison.com\/","name":"VapeMaison","description":"Wysokiej jako\u015bci urz\u0105dzenia i akcesoria do waporyzacji","publisher":{"@id":"https:\/\/vapemaison.com\/#organization"},"potentialAction":[{"@type":"SearchAction","target":{"@type":"EntryPoint","urlTemplate":"https:\/\/vapemaison.com\/?s={search_term_string}"},"query-input":{"@type":"PropertyValueSpecification","valueRequired":true,"valueName":"search_term_string"}}],"inLanguage":"pl-PL"},{"@type":"Organization","@id":"https:\/\/vapemaison.com\/#organization","name":"VapeMaison","url":"https:\/\/vapemaison.com\/","logo":{"@type":"ImageObject","inLanguage":"pl-PL","@id":"https:\/\/vapemaison.com\/#\/schema\/logo\/image\/","url":"https:\/\/vapemaison.com\/wp-content\/uploads\/2026\/01\/cropped-vapemaison-logo-g-2026.webp","contentUrl":"https:\/\/vapemaison.com\/wp-content\/uploads\/2026\/01\/cropped-vapemaison-logo-g-2026.webp","width":350,"height":280,"caption":"VapeMaison"},"image":{"@id":"https:\/\/vapemaison.com\/#\/schema\/logo\/image\/"},"sameAs":["https:\/\/www.youtube.com\/@VapeMaison"]}]}},"tiered_pricing_type":"fixed","tiered_pricing_fixed_rules":{"30":"12.24","50":"11.63","100":"10.86","200":"9.98"},"tiered_pricing_product_settings":{"layout":"default","base_unit_name":{"singular":null,"plural":null},"default_variation":null},"tiered_pricing_minimum_quantity":10,"tiered_pricing_roles_data":[],"tiered_pricing_percentage_rules":[],"tiered_pricing_maximum_quantity":null,"tiered_pricing_quantity_step":"10","_links":{"self":[{"href":"https:\/\/vapemaison.com\/pl\/wp-json\/wp\/v2\/product\/18472","targetHints":{"allow":["GET"]}}],"collection":[{"href":"https:\/\/vapemaison.com\/pl\/wp-json\/wp\/v2\/product"}],"about":[{"href":"https:\/\/vapemaison.com\/pl\/wp-json\/wp\/v2\/types\/product"}],"replies":[{"embeddable":true,"href":"https:\/\/vapemaison.com\/pl\/wp-json\/wp\/v2\/comments?post=18472"}],"version-history":[{"count":0,"href":"https:\/\/vapemaison.com\/pl\/wp-json\/wp\/v2\/product\/18472\/revisions"}],"wp:featuredmedia":[{"embeddable":true,"href":"https:\/\/vapemaison.com\/pl\/wp-json\/wp\/v2\/media\/19290"}],"wp:attachment":[{"href":"https:\/\/vapemaison.com\/pl\/wp-json\/wp\/v2\/media?parent=18472"}],"wp:term":[{"taxonomy":"product_brand","embeddable":true,"href":"https:\/\/vapemaison.com\/pl\/wp-json\/wp\/v2\/product_brand?post=18472"},{"taxonomy":"product_cat","embeddable":true,"href":"https:\/\/vapemaison.com\/pl\/wp-json\/wp\/v2\/product_cat?post=18472"},{"taxonomy":"product_tag","embeddable":true,"href":"https:\/\/vapemaison.com\/pl\/wp-json\/wp\/v2\/product_tag?post=18472"}],"curies":[{"name":"wp","href":"https:\/\/api.w.org\/{rel}","templated":true}]}}