

{"id":18522,"date":"2025-12-15T07:52:00","date_gmt":"2025-12-15T07:52:00","guid":{"rendered":"https:\/\/vapemaison.com\/?post_type=product&#038;p=18522"},"modified":"2025-12-20T09:15:30","modified_gmt":"2025-12-20T09:15:30","slug":"40000-zaciagniec-jednorazowych-vape-vozol-rave-mango-ice-flavor-led-akumulator-vape","status":"publish","type":"product","link":"https:\/\/vapemaison.com\/pl\/product\/40000-puffs-disposable-vape-vozol-rave-mango-ice-flavor-led-rechargeable-vape\/","title":{"rendered":"40000 Puffs Jednorazowe Vape | VOZOL RAVE Mango Ice Flavor LED | Vape z akumulatorem"},"content":{"rendered":"<p>The <strong>VOZOL RAVE 40000 puff\u00f3w jednorazowych Vape<\/strong> w intryguj\u0105cym smaku Love 777 oferuje naprawd\u0119 wyj\u0105tkowe i urzekaj\u0105ce wra\u017cenia z waporyzacji, kt\u00f3re nie pozwalaj\u0105 Ci zgadn\u0105\u0107. Zaprojektowane dla \u017c\u0105dnych przyg\u00f3d waper\u00f3w, urz\u0105dzenie to zapewnia niezr\u00f3wnane doznania. <strong>40000 <\/strong>VOZOL RAVE 40000 Puffs Mango Ice: Tropical Paradise, Arctic Blast<\/p>\n\n\n\n<p>The <strong>VOZOL RAVE 40000 puff\u00f3w jednorazowych Vape<\/strong> w Mango Ice to idealne po\u0142\u0105czenie egzotycznej s\u0142odyczy i orze\u017awiaj\u0105cego mentolu. To urz\u0105dzenie jest niekwestionowanym mistrzem d\u0142ugowieczno\u015bci, oferuj\u0105c bezprecedensow\u0105 trwa\u0142o\u015b\u0107. <strong>Pojemno\u015b\u0107 40000 puff\u00f3w<\/strong> i przyci\u0105gaj\u0105ce wzrok <strong>270\u00b0 LED Light Show<\/strong>. VOZOL RAVE jest ostatecznym <strong>Akumulator Vape<\/strong> dla tych, kt\u00f3rzy pragn\u0105 silnej, d\u0142ugotrwa\u0142ej tropikalnej ucieczki przy ka\u017cdym zaci\u0105gni\u0119ciu.<\/p>\n\n\n\n<h4 class=\"wp-block-heading\">Uczta smak\u00f3w: Odkryj sw\u00f3j ulubiony<\/h4>\n\n\n\n<h2 class=\"wp-block-heading\">Mango Ice: s\u0142odkie, soczyste i ch\u0142odne<\/h2>\n\n\n\n<p>Mango Ice zapewnia autentyczno\u015b\u0107, <strong>soczysty smak idealnie dojrza\u0142ego, s\u0142odkiego mango<\/strong>, charakteryzuj\u0105 si\u0119 g\u0142\u0119bokim, aromatycznym profilem. S\u0142odycz jest pi\u0119knie skontrastowana przez <strong>wydech mentolowy o \u015bredniej mocy<\/strong>, tworz\u0105c satysfakcjonuj\u0105co ch\u0142odne i soczyste tropikalne doznanie, kt\u00f3re nigdy nie jest zbyt ostre.<\/p>\n\n\n\n<ul class=\"wp-block-list\">\n<li>Blue Razz Ice<\/li>\n\n\n\n<li>L\u00f3d jagodowy<\/li>\n\n\n\n<li>Arbuz jagodowy<\/li>\n\n\n\n<li>Truskawka z wi\u015bni\u0105<\/li>\n\n\n\n<li>Cool Mint<\/li>\n\n\n\n<li>Podw\u00f3jne jab\u0142ko<\/li>\n\n\n\n<li>L\u00f3d winogronowy<\/li>\n\n\n\n<li>Love 777<\/li>\n\n\n\n<li><strong>Mango Ice:<\/strong> Pachn\u0105cy, g\u0142\u0119boko s\u0142odki smak dojrza\u0142ego mango wyko\u0144czony czyst\u0105, orze\u017awiaj\u0105c\u0105 warstw\u0105 lodu.<\/li>\n\n\n\n<li>Mango Brzoskwinia<\/li>\n\n\n\n<li>L\u00f3d brzoskwiniowy<\/li>\n\n\n\n<li>Lemoniada brzoskwiniowo-malinowa<\/li>\n\n\n\n<li>L\u00f3d truskawkowy<\/li>\n\n\n\n<li>Truskawka Kiwi<\/li>\n\n\n\n<li>Mango truskawkowe<\/li>\n\n\n\n<li>Arbuz truskawkowy<\/li>\n\n\n\n<li>Brzoskwinia truskawkowa<\/li>\n\n\n\n<li>Arbuz Bubblegum<\/li>\n\n\n\n<li>Arbuzowy l\u00f3d<\/li>\n\n\n\n<li>Arbuz Razz Rancher<\/li>\n<\/ul>\n\n\n\n<h4 class=\"wp-block-heading\">Specyfikacja techniczna i najwa\u017cniejsze cechy konstrukcyjne<\/h4>\n\n\n\n<h2 class=\"wp-block-heading\">Specyfikacja techniczna i innowacje VOZOL RAVE 40000<\/h2>\n\n\n\n<p>VOZOL RAVE 40000 zosta\u0142 zbudowany w oparciu o najnowocze\u015bniejsz\u0105 technologi\u0119, aby zagwarantowa\u0107 najwy\u017cszej jako\u015bci wra\u017cenia dla ka\u017cdego puffa.<\/p>\n\n\n\n<ul class=\"wp-block-list\">\n<li><strong>Max Puffs:<\/strong> Oko\u0142o. <strong>40000 Puff\u00f3w<\/strong><\/li>\n\n\n\n<li><strong>Pojemno\u015b\u0107 e-liquidu:<\/strong> 20 ml<\/li>\n\n\n\n<li><strong>Bateria:<\/strong> 1000 mAh <strong>Akumulator<\/strong><\/li>\n\n\n\n<li><strong>Moc nikotyny:<\/strong> 5% (50mg\/ml) S\u00f3l nikotynowa<\/li>\n\n\n\n<li><strong>System cewek:<\/strong> <strong>Cewka z podw\u00f3jn\u0105 siatk\u0105<\/strong> z S.i.L.C. Tech<\/li>\n\n\n\n<li><strong>\u0141adowanie:<\/strong> Port USB typu C (szybkie \u0142adowanie)<\/li>\n\n\n\n<li><strong>Funkcja specjalna:<\/strong> <strong>Wy\u015bwietlacz LED wykrywaj\u0105cy rytm 270<\/strong><\/li>\n\n\n\n<li><strong>Aktywacja:<\/strong> Aktywowany rysowaniem<\/li>\n<\/ul>\n\n\n\n<p>Pot\u0119\u017cny <strong>Cewka z podw\u00f3jn\u0105 siatk\u0105<\/strong> System jest fachowo dostrojony do intensywno\u015bci owoc\u00f3w tropikalnych, zapewniaj\u0105c aromatyczne nuty mango i ch\u0142odny mentol doskonale dostarczane z g\u0119st\u0105, sp\u00f3jn\u0105 par\u0105 przez ca\u0142y czas palenia. <strong>40000 Puff\u00f3w jednorazowego u\u017cytku Vape<\/strong> d\u0142ugo\u015b\u0107 \u017cycia.<\/p>\n\n\n\n<h4 class=\"wp-block-heading\">Powody, dla kt\u00f3rych warto kupi\u0107 teraz<\/h4>\n\n\n\n<h2 class=\"wp-block-heading\">Alert o ograniczonych zapasach: Chwy\u0107 sw\u00f3j Mango Ice VOZOL RAVE!<\/h2>\n\n\n\n<p>VOZOL RAVE 40000 to oczywisty wyb\u00f3r dla vaper\u00f3w poszukuj\u0105cych najlepszych rozwi\u0105za\u0144. <strong>40000 Puff\u00f3w jednorazowego u\u017cytku Vape<\/strong> na rynku. Mango Ice to powszechnie lubiany, szybko sprzedaj\u0105cy si\u0119 smak. <strong>Obecne zapasy szybko si\u0119 zmniejszaj\u0105!<\/strong><\/p>\n\n\n\n<p><strong>Dzia\u0142aj szybko:<\/strong> Zabezpiecz sw\u00f3j VOZOL RAVE 40000 ju\u017c teraz i ciesz si\u0119 wysokiej jako\u015bci, d\u0142ugotrwa\u0142ym tropikalnym waporyzatorem z wyj\u0105tkowym imprezowym charakterem. <strong>Nie przegap tego popularnego vape'a VOZOL - dodaj do koszyka natychmiast!<\/strong><\/p>","protected":false},"excerpt":{"rendered":"<p>The VOZOL RAVE 40000 Puffs Disposable Vape in the intriguing Love 777 flavor offers a truly unique and captivating vaping experience that keeps you guessing. Designed for the adventurous vaper, this device provides an unparalleled 40000 VOZOL RAVE 40000 Puffs Mango Ice: Tropical Paradise, Arctic Blast The VOZOL RAVE 40000 Puffs Disposable Vape in Mango [&hellip;]<\/p>\n","protected":false},"featured_media":19302,"comment_status":"open","ping_status":"closed","template":"","meta":[],"product_brand":[178],"product_cat":[135],"product_tag":[],"class_list":{"0":"post-18522","1":"product","2":"type-product","3":"status-publish","4":"has-post-thumbnail","6":"product_brand-vozol","7":"product_cat-40k-puffs","9":"first","10":"instock","11":"sale","12":"shipping-taxable","13":"purchasable","14":"product-type-variable"},"yoast_head":"<!-- This site is optimized with the Yoast SEO plugin v27.4 - https:\/\/yoast.com\/product\/yoast-seo-wordpress\/ -->\n<title>40000 Puffs Disposable Vape | VOZOL RAVE Mango Ice Flavor LED | Rechargeable Vape<\/title>\n<meta name=\"description\" content=\"Taste the tropical chill of Mango Ice with the VOZOL RAVE 40000. Features 40000 ultra-long puffs, a 20ml e-liquid capacity, and the thrilling 270\u00b0 Beat-Sensing LED Light. Get this premium VOZOL vapes device for intense, frosty mango flavor and unmatched longevity. Shop now for your reliable Rechargeable Vape!\" \/>\n<meta name=\"robots\" content=\"index, follow, max-snippet:-1, max-image-preview:large, max-video-preview:-1\" \/>\n<link rel=\"canonical\" href=\"https:\/\/vapemaison.com\/pl\/produkt\/40000-zaciagniec-jednorazowych-vape-vozol-rave-mango-ice-flavor-led-akumulator-vape\/\" \/>\n<meta property=\"og:locale\" content=\"pl_PL\" \/>\n<meta property=\"og:type\" content=\"article\" \/>\n<meta property=\"og:title\" content=\"40000 Puffs Disposable Vape | VOZOL RAVE Mango Ice Flavor LED | Rechargeable Vape\" \/>\n<meta property=\"og:description\" content=\"Taste the tropical chill of Mango Ice with the VOZOL RAVE 40000. Features 40000 ultra-long puffs, a 20ml e-liquid capacity, and the thrilling 270\u00b0 Beat-Sensing LED Light. Get this premium VOZOL vapes device for intense, frosty mango flavor and unmatched longevity. Shop now for your reliable Rechargeable Vape!\" \/>\n<meta property=\"og:url\" content=\"https:\/\/vapemaison.com\/pl\/produkt\/40000-zaciagniec-jednorazowych-vape-vozol-rave-mango-ice-flavor-led-akumulator-vape\/\" \/>\n<meta property=\"og:site_name\" content=\"VapeMaison\" \/>\n<meta property=\"article:modified_time\" content=\"2025-12-20T09:15:30+00:00\" \/>\n<meta property=\"og:image\" content=\"https:\/\/vapemaison.com\/wp-content\/uploads\/2025\/12\/vozol-rave-40000-Strawberry-Mango-3-768x768-1.webp\" \/>\n\t<meta property=\"og:image:width\" content=\"768\" \/>\n\t<meta property=\"og:image:height\" content=\"768\" \/>\n\t<meta property=\"og:image:type\" content=\"image\/webp\" \/>\n<meta name=\"twitter:card\" content=\"summary_large_image\" \/>\n<meta name=\"twitter:label1\" content=\"Szacowany czas czytania\" \/>\n\t<meta name=\"twitter:data1\" content=\"2 minuty\" \/>\n<!-- \/ Yoast SEO plugin. -->","yoast_head_json":{"title":"40000 Puffs Jednorazowe Vape | VOZOL RAVE Mango Ice Flavor LED | Vape z akumulatorem","description":"Poczuj tropikalny ch\u0142\u00f3d Mango Ice dzi\u0119ki VOZOL RAVE 40000. Posiada 40000 ultra d\u0142ugich zaci\u0105gni\u0119\u0107, pojemno\u015b\u0107 20 ml e-liquidu i ekscytuj\u0105ce \u015bwiat\u0142o LED wykrywaj\u0105ce rytm 270\u00b0. Kup to wysokiej jako\u015bci urz\u0105dzenie vapes VOZOL, aby cieszy\u0107 si\u0119 intensywnym, mro\u017anym smakiem mango i niezr\u00f3wnan\u0105 trwa\u0142o\u015bci\u0105. Kup teraz sw\u00f3j niezawodny akumulator Vape!","robots":{"index":"index","follow":"follow","max-snippet":"max-snippet:-1","max-image-preview":"max-image-preview:large","max-video-preview":"max-video-preview:-1"},"canonical":"https:\/\/vapemaison.com\/pl\/produkt\/40000-zaciagniec-jednorazowych-vape-vozol-rave-mango-ice-flavor-led-akumulator-vape\/","og_locale":"pl_PL","og_type":"article","og_title":"40000 Puffs Disposable Vape | VOZOL RAVE Mango Ice Flavor LED | Rechargeable Vape","og_description":"Taste the tropical chill of Mango Ice with the VOZOL RAVE 40000. Features 40000 ultra-long puffs, a 20ml e-liquid capacity, and the thrilling 270\u00b0 Beat-Sensing LED Light. Get this premium VOZOL vapes device for intense, frosty mango flavor and unmatched longevity. Shop now for your reliable Rechargeable Vape!","og_url":"https:\/\/vapemaison.com\/pl\/produkt\/40000-zaciagniec-jednorazowych-vape-vozol-rave-mango-ice-flavor-led-akumulator-vape\/","og_site_name":"VapeMaison","article_modified_time":"2025-12-20T09:15:30+00:00","og_image":[{"width":768,"height":768,"url":"https:\/\/vapemaison.com\/wp-content\/uploads\/2025\/12\/vozol-rave-40000-Strawberry-Mango-3-768x768-1.webp","type":"image\/webp"}],"twitter_card":"summary_large_image","twitter_misc":{"Szacowany czas czytania":"2 minuty"},"schema":{"@context":"https:\/\/schema.org","@graph":[{"@type":"WebPage","@id":"https:\/\/vapemaison.com\/product\/40000-puffs-disposable-vape-vozol-rave-mango-ice-flavor-led-rechargeable-vape\/","url":"https:\/\/vapemaison.com\/product\/40000-puffs-disposable-vape-vozol-rave-mango-ice-flavor-led-rechargeable-vape\/","name":"40000 Puffs Jednorazowe Vape | VOZOL RAVE Mango Ice Flavor LED | Vape z akumulatorem","isPartOf":{"@id":"https:\/\/vapemaison.com\/#website"},"primaryImageOfPage":{"@id":"https:\/\/vapemaison.com\/product\/40000-puffs-disposable-vape-vozol-rave-mango-ice-flavor-led-rechargeable-vape\/#primaryimage"},"image":{"@id":"https:\/\/vapemaison.com\/product\/40000-puffs-disposable-vape-vozol-rave-mango-ice-flavor-led-rechargeable-vape\/#primaryimage"},"thumbnailUrl":"https:\/\/vapemaison.com\/wp-content\/uploads\/2025\/12\/vozol-rave-40000-Strawberry-Mango-3-768x768-1.webp","datePublished":"2025-12-15T07:52:00+00:00","dateModified":"2025-12-20T09:15:30+00:00","description":"Poczuj tropikalny ch\u0142\u00f3d Mango Ice dzi\u0119ki VOZOL RAVE 40000. Posiada 40000 ultra d\u0142ugich zaci\u0105gni\u0119\u0107, pojemno\u015b\u0107 20 ml e-liquidu i ekscytuj\u0105ce \u015bwiat\u0142o LED wykrywaj\u0105ce rytm 270\u00b0. Kup to wysokiej jako\u015bci urz\u0105dzenie vapes VOZOL, aby cieszy\u0107 si\u0119 intensywnym, mro\u017anym smakiem mango i niezr\u00f3wnan\u0105 trwa\u0142o\u015bci\u0105. Kup teraz sw\u00f3j niezawodny akumulator Vape!","breadcrumb":{"@id":"https:\/\/vapemaison.com\/product\/40000-puffs-disposable-vape-vozol-rave-mango-ice-flavor-led-rechargeable-vape\/#breadcrumb"},"inLanguage":"pl-PL","potentialAction":[{"@type":"ReadAction","target":["https:\/\/vapemaison.com\/product\/40000-puffs-disposable-vape-vozol-rave-mango-ice-flavor-led-rechargeable-vape\/"]}]},{"@type":"ImageObject","inLanguage":"pl-PL","@id":"https:\/\/vapemaison.com\/product\/40000-puffs-disposable-vape-vozol-rave-mango-ice-flavor-led-rechargeable-vape\/#primaryimage","url":"https:\/\/vapemaison.com\/wp-content\/uploads\/2025\/12\/vozol-rave-40000-Strawberry-Mango-3-768x768-1.webp","contentUrl":"https:\/\/vapemaison.com\/wp-content\/uploads\/2025\/12\/vozol-rave-40000-Strawberry-Mango-3-768x768-1.webp","width":768,"height":768,"caption":"Vozol Rave Strawberry Mango 3 768x768 Disposable Vape Device"},{"@type":"BreadcrumbList","@id":"https:\/\/vapemaison.com\/product\/40000-puffs-disposable-vape-vozol-rave-mango-ice-flavor-led-rechargeable-vape\/#breadcrumb","itemListElement":[{"@type":"ListItem","position":1,"name":"\u9996\u9875","item":"https:\/\/vapemaison.com\/"},{"@type":"ListItem","position":2,"name":"Shop","item":"https:\/\/vapemaison.com\/shop\/"},{"@type":"ListItem","position":3,"name":"Vozol","item":"https:\/\/vapemaison.com\/brand\/vozol\/"},{"@type":"ListItem","position":4,"name":"40000 Puffs Disposable Vape | VOZOL RAVE Mango Ice Flavor LED | Rechargeable Vape"}]},{"@type":"WebSite","@id":"https:\/\/vapemaison.com\/#website","url":"https:\/\/vapemaison.com\/","name":"VapeMaison","description":"Wysokiej jako\u015bci urz\u0105dzenia i akcesoria do waporyzacji","publisher":{"@id":"https:\/\/vapemaison.com\/#organization"},"potentialAction":[{"@type":"SearchAction","target":{"@type":"EntryPoint","urlTemplate":"https:\/\/vapemaison.com\/?s={search_term_string}"},"query-input":{"@type":"PropertyValueSpecification","valueRequired":true,"valueName":"search_term_string"}}],"inLanguage":"pl-PL"},{"@type":"Organization","@id":"https:\/\/vapemaison.com\/#organization","name":"VapeMaison","url":"https:\/\/vapemaison.com\/","logo":{"@type":"ImageObject","inLanguage":"pl-PL","@id":"https:\/\/vapemaison.com\/#\/schema\/logo\/image\/","url":"https:\/\/vapemaison.com\/wp-content\/uploads\/2026\/01\/cropped-vapemaison-logo-g-2026.webp","contentUrl":"https:\/\/vapemaison.com\/wp-content\/uploads\/2026\/01\/cropped-vapemaison-logo-g-2026.webp","width":350,"height":280,"caption":"VapeMaison"},"image":{"@id":"https:\/\/vapemaison.com\/#\/schema\/logo\/image\/"},"sameAs":["https:\/\/www.youtube.com\/@VapeMaison"]}]}},"tiered_pricing_type":"fixed","tiered_pricing_fixed_rules":{"30":"12.24","50":"11.63","100":"10.86","200":"9.98"},"tiered_pricing_product_settings":{"layout":"default","base_unit_name":{"singular":null,"plural":null},"default_variation":null},"tiered_pricing_minimum_quantity":10,"tiered_pricing_roles_data":[],"tiered_pricing_percentage_rules":[],"tiered_pricing_maximum_quantity":null,"tiered_pricing_quantity_step":"10","_links":{"self":[{"href":"https:\/\/vapemaison.com\/pl\/wp-json\/wp\/v2\/product\/18522","targetHints":{"allow":["GET"]}}],"collection":[{"href":"https:\/\/vapemaison.com\/pl\/wp-json\/wp\/v2\/product"}],"about":[{"href":"https:\/\/vapemaison.com\/pl\/wp-json\/wp\/v2\/types\/product"}],"replies":[{"embeddable":true,"href":"https:\/\/vapemaison.com\/pl\/wp-json\/wp\/v2\/comments?post=18522"}],"version-history":[{"count":0,"href":"https:\/\/vapemaison.com\/pl\/wp-json\/wp\/v2\/product\/18522\/revisions"}],"wp:featuredmedia":[{"embeddable":true,"href":"https:\/\/vapemaison.com\/pl\/wp-json\/wp\/v2\/media\/19302"}],"wp:attachment":[{"href":"https:\/\/vapemaison.com\/pl\/wp-json\/wp\/v2\/media?parent=18522"}],"wp:term":[{"taxonomy":"product_brand","embeddable":true,"href":"https:\/\/vapemaison.com\/pl\/wp-json\/wp\/v2\/product_brand?post=18522"},{"taxonomy":"product_cat","embeddable":true,"href":"https:\/\/vapemaison.com\/pl\/wp-json\/wp\/v2\/product_cat?post=18522"},{"taxonomy":"product_tag","embeddable":true,"href":"https:\/\/vapemaison.com\/pl\/wp-json\/wp\/v2\/product_tag?post=18522"}],"curies":[{"name":"wp","href":"https:\/\/api.w.org\/{rel}","templated":true}]}}