

{"id":18644,"date":"2025-12-15T09:13:33","date_gmt":"2025-12-15T09:13:33","guid":{"rendered":"https:\/\/vapemaison.com\/?post_type=product&#038;p=18644"},"modified":"2025-12-20T09:12:04","modified_gmt":"2025-12-20T09:12:04","slug":"akumulator-vape-vozol-rave-40000-zaciagniec-o-smaku-lodu-truskawkowego-vozol-vapes","status":"publish","type":"product","link":"https:\/\/vapemaison.com\/pl\/product\/rechargeable-vape-vozol-rave-40000-puffs-strawberry-ice-flavor-vozol-vapes\/","title":{"rendered":"Akumulator Vape | VOZOL RAVE 40000 Puffs Strawberry Ice Flavor | VOZOL Vapes"},"content":{"rendered":"<h2 class=\"wp-block-heading\">VOZOL RAVE 40000 Puffs Strawberry Ice: Klasyczna s\u0142odycz z lodow\u0105 nut\u0105<\/h2>\n\n\n\n<p>The <strong>VOZOL RAVE 40000 puff\u00f3w jednorazowych Vape<\/strong> w Strawberry Ice zapewnia jeden z najbardziej lubianych i sp\u00f3jnych profili smakowych - s\u0142odk\u0105 truskawk\u0119 z ch\u0142odnym wydechem. Zaprojektowane z my\u015bl\u0105 o maksymalnej satysfakcji u\u017cytkownika, urz\u0105dzenie to posiada niezwyk\u0142\u0105 <strong>Pojemno\u015b\u0107 40000 puff\u00f3w<\/strong> i jest wizualnie osza\u0142amiaj\u0105cy z jego \u017cywymi <strong>270\u00b0 LED Light Show<\/strong>. VOZOL RAVE jest idealnym <strong>Akumulator Vape<\/strong> dla vaper\u00f3w, kt\u00f3rzy szukaj\u0105 klasycznego, niezawodnego smaku w wydajnym i trwa\u0142ym formacie.<\/p>\n\n\n\n<h4 class=\"wp-block-heading\">Uczta smak\u00f3w: Odkryj sw\u00f3j ulubiony<\/h4>\n\n\n\n<h2 class=\"wp-block-heading\">L\u00f3d truskawkowy: prosta perfekcja<\/h2>\n\n\n\n<p>Strawberry Ice to klasyk nie bez powodu. Dostarcza <strong>czysty, rozpoznawalny smak rozgrzanych s\u0142o\u0144cem, s\u0142odkich truskawek ogrodowych<\/strong> i ko\u0144czy do\u015bwiadczenie z <strong>rze\u015bka, czysta fala mentolu<\/strong>. Smak jest nieskomplikowany, niezwykle g\u0142adki i oferuje orze\u017awiaj\u0105ce, owocowe doznania, kt\u00f3rymi mo\u017cna cieszy\u0107 si\u0119 przez ca\u0142y dzie\u0144.<\/p>\n\n\n\n<ul class=\"wp-block-list\">\n<li>Blue Razz Ice<\/li>\n\n\n\n<li>L\u00f3d jagodowy<\/li>\n\n\n\n<li>Arbuz jagodowy<\/li>\n\n\n\n<li>Truskawka z wi\u015bni\u0105<\/li>\n\n\n\n<li>Cool Mint<\/li>\n\n\n\n<li>Podw\u00f3jne jab\u0142ko<\/li>\n\n\n\n<li>L\u00f3d winogronowy<\/li>\n\n\n\n<li>Love 777<\/li>\n\n\n\n<li>Mango Ice<\/li>\n\n\n\n<li>Mango Brzoskwinia<\/li>\n\n\n\n<li>L\u00f3d brzoskwiniowy<\/li>\n\n\n\n<li>Lemoniada brzoskwiniowo-malinowa<\/li>\n\n\n\n<li><strong>L\u00f3d truskawkowy:<\/strong> Ponadczasowa s\u0142odycz \u015bwie\u017cych, dojrza\u0142ych truskawek zako\u0144czona doskonale zbalansowanym mentolowym ch\u0142odem.<\/li>\n\n\n\n<li>Truskawka Kiwi<\/li>\n\n\n\n<li>Mango truskawkowe<\/li>\n\n\n\n<li>Arbuz truskawkowy<\/li>\n\n\n\n<li>Brzoskwinia truskawkowa<\/li>\n\n\n\n<li>Arbuz Bubblegum<\/li>\n\n\n\n<li>Arbuzowy l\u00f3d<\/li>\n\n\n\n<li>Arbuz Razz Rancher<\/li>\n<\/ul>\n\n\n\n<h4 class=\"wp-block-heading\">Specyfikacja techniczna i najwa\u017cniejsze cechy konstrukcyjne<\/h4>\n\n\n\n<h2 class=\"wp-block-heading\">Specyfikacja techniczna i innowacje VOZOL RAVE 40000<\/h2>\n\n\n\n<p>VOZOL RAVE 40000 zosta\u0142 zbudowany w oparciu o najnowocze\u015bniejsz\u0105 technologi\u0119, aby zagwarantowa\u0107 najwy\u017cszej jako\u015bci wra\u017cenia dla ka\u017cdego puffa.<\/p>\n\n\n\n<ul class=\"wp-block-list\">\n<li><strong>Max Puffs:<\/strong> Oko\u0142o. <strong>40000 Puff\u00f3w<\/strong><\/li>\n\n\n\n<li><strong>Pojemno\u015b\u0107 e-liquidu:<\/strong> 20 ml<\/li>\n\n\n\n<li><strong>Bateria:<\/strong> 1000 mAh <strong>Akumulator<\/strong><\/li>\n\n\n\n<li><strong>Moc nikotyny:<\/strong> 5% (50mg\/ml) S\u00f3l nikotynowa<\/li>\n\n\n\n<li><strong>System cewek:<\/strong> <strong>Cewka z podw\u00f3jn\u0105 siatk\u0105<\/strong> z S.i.L.C. Tech<\/li>\n\n\n\n<li><strong>\u0141adowanie:<\/strong> Port USB typu C (szybkie \u0142adowanie)<\/li>\n\n\n\n<li><strong>Funkcja specjalna:<\/strong> <strong>Wy\u015bwietlacz LED wykrywaj\u0105cy rytm 270<\/strong><\/li>\n\n\n\n<li><strong>Aktywacja:<\/strong> Aktywowany rysowaniem<\/li>\n<\/ul>\n\n\n\n<p>Dzi\u0119ki wysokiej wydajno\u015bci <strong>Cewka z podw\u00f3jn\u0105 siatk\u0105<\/strong> System VOZOL RAVE 40000 jest w stanie zachowa\u0107 delikatny, s\u0142odki charakter truskawki, jednocze\u015bnie dostarczaj\u0105c ch\u0142odny, satysfakcjonuj\u0105cy l\u00f3d, zapewniaj\u0105c idealn\u0105 konsystencj\u0119 smaku przez ca\u0142y czas jego trwania. <strong>40000 Puff\u00f3w jednorazowego u\u017cytku Vape<\/strong> d\u0142ugo\u015b\u0107 \u017cycia.<\/p>\n\n\n\n<h4 class=\"wp-block-heading\">D. Powody, dla kt\u00f3rych warto kupi\u0107 teraz<\/h4>\n\n\n\n<h2 class=\"wp-block-heading\">Alert o ograniczonych zapasach: Chwy\u0107 sw\u00f3j truskawkowy l\u00f3d VOZOL RAVE!<\/h2>\n\n\n\n<p>VOZOL RAVE 40000 jest z\u0142otym standardem dla <strong>40000 Puff\u00f3w jednorazowego u\u017cytku Vape<\/strong> \u0142\u0105cz\u0105c rewolucyjn\u0105 liczb\u0119 puff\u00f3w z doskona\u0142ym dostarczaniem smaku. Strawberry Ice to jeden z naszych najlepiej sprzedaj\u0105cych si\u0119 smak\u00f3w. <strong>Obecne poziomy zapas\u00f3w s\u0105 bardzo niskie!<\/strong><\/p>\n\n\n\n<p><strong>Dzia\u0142aj szybko:<\/strong> Zabezpiecz sw\u00f3j VOZOL RAVE 40000 ju\u017c teraz i ciesz si\u0119 najwy\u017cszej jako\u015bci, d\u0142ugotrwa\u0142ym i orze\u017awiaj\u0105co s\u0142odkim doznaniem z waporyzacji. <strong>Nie czekaj - zam\u00f3w ten niezb\u0119dny vape VOZOL ju\u017c dzi\u015b!<\/strong><\/p>","protected":false},"excerpt":{"rendered":"<p>VOZOL RAVE 40000 Puffs Strawberry Ice: Classic Sweetness, Icy Twist The VOZOL RAVE 40000 Puffs Disposable Vape in Strawberry Ice provides one of the most beloved and consistent flavor profiles\u2014sweet strawberry with a cool exhale. Designed for maximum user satisfaction, this device features an extraordinary 40000 puff capacity and is visually stunning with its vibrant [&hellip;]<\/p>\n","protected":false},"featured_media":19297,"comment_status":"open","ping_status":"closed","template":"","meta":[],"product_brand":[178],"product_cat":[135],"product_tag":[],"class_list":{"0":"post-18644","1":"product","2":"type-product","3":"status-publish","4":"has-post-thumbnail","6":"product_brand-vozol","7":"product_cat-40k-puffs","9":"first","10":"instock","11":"sale","12":"shipping-taxable","13":"purchasable","14":"product-type-variable"},"yoast_head":"<!-- This site is optimized with the Yoast SEO plugin v27.4 - https:\/\/yoast.com\/product\/yoast-seo-wordpress\/ -->\n<title>Rechargeable Vape | VOZOL RAVE 40000 Puffs Strawberry Ice Flavor | VOZOL Vapes<\/title>\n<meta name=\"description\" content=\"Taste the pure, sweet delight of Strawberry Ice with the VOZOL RAVE 40000. This 40000 Puffs Disposable Vape offers a huge 20ml capacity and the mesmerizing 270\u00b0 Beat-Sensing LED Light. Get the best of VOZOL vapes with this classic, frosty strawberry blend. Order your long-lasting, flavorful device today!\" \/>\n<meta name=\"robots\" content=\"index, follow, max-snippet:-1, max-image-preview:large, max-video-preview:-1\" \/>\n<link rel=\"canonical\" href=\"https:\/\/vapemaison.com\/pl\/produkt\/akumulator-vape-vozol-rave-40000-zaciagniec-o-smaku-lodu-truskawkowego-vozol-vapes\/\" \/>\n<meta property=\"og:locale\" content=\"pl_PL\" \/>\n<meta property=\"og:type\" content=\"article\" \/>\n<meta property=\"og:title\" content=\"Rechargeable Vape | VOZOL RAVE 40000 Puffs Strawberry Ice Flavor | VOZOL Vapes\" \/>\n<meta property=\"og:description\" content=\"Taste the pure, sweet delight of Strawberry Ice with the VOZOL RAVE 40000. This 40000 Puffs Disposable Vape offers a huge 20ml capacity and the mesmerizing 270\u00b0 Beat-Sensing LED Light. Get the best of VOZOL vapes with this classic, frosty strawberry blend. Order your long-lasting, flavorful device today!\" \/>\n<meta property=\"og:url\" content=\"https:\/\/vapemaison.com\/pl\/produkt\/akumulator-vape-vozol-rave-40000-zaciagniec-o-smaku-lodu-truskawkowego-vozol-vapes\/\" \/>\n<meta property=\"og:site_name\" content=\"VapeMaison\" \/>\n<meta property=\"article:modified_time\" content=\"2025-12-20T09:12:04+00:00\" \/>\n<meta property=\"og:image\" content=\"https:\/\/vapemaison.com\/wp-content\/uploads\/2025\/12\/vozol-rave-40000-Strawberry-Ice-2-800x800-1.webp\" \/>\n\t<meta property=\"og:image:width\" content=\"800\" \/>\n\t<meta property=\"og:image:height\" content=\"800\" \/>\n\t<meta property=\"og:image:type\" content=\"image\/webp\" \/>\n<meta name=\"twitter:card\" content=\"summary_large_image\" \/>\n<meta name=\"twitter:label1\" content=\"Szacowany czas czytania\" \/>\n\t<meta name=\"twitter:data1\" content=\"2 minuty\" \/>\n<!-- \/ Yoast SEO plugin. -->","yoast_head_json":{"title":"Akumulator Vape | VOZOL RAVE 40000 Puffs Strawberry Ice Flavor | VOZOL Vapes","description":"Zasmakuj czystej, s\u0142odkiej rozkoszy Strawberry Ice z VOZOL RAVE 40000. Ten jednorazowy waporyzator 40000 Puffs oferuje ogromn\u0105 pojemno\u015b\u0107 20 ml i hipnotyzuj\u0105ce \u015bwiat\u0142o LED wykrywaj\u0105ce rytm 270\u00b0. Uzyskaj to, co najlepsze w waporyzatorach VOZOL dzi\u0119ki tej klasycznej, mro\u017anej mieszance truskawek. Zam\u00f3w swoje trwa\u0142e, aromatyczne urz\u0105dzenie ju\u017c dzi\u015b!","robots":{"index":"index","follow":"follow","max-snippet":"max-snippet:-1","max-image-preview":"max-image-preview:large","max-video-preview":"max-video-preview:-1"},"canonical":"https:\/\/vapemaison.com\/pl\/produkt\/akumulator-vape-vozol-rave-40000-zaciagniec-o-smaku-lodu-truskawkowego-vozol-vapes\/","og_locale":"pl_PL","og_type":"article","og_title":"Rechargeable Vape | VOZOL RAVE 40000 Puffs Strawberry Ice Flavor | VOZOL Vapes","og_description":"Taste the pure, sweet delight of Strawberry Ice with the VOZOL RAVE 40000. This 40000 Puffs Disposable Vape offers a huge 20ml capacity and the mesmerizing 270\u00b0 Beat-Sensing LED Light. Get the best of VOZOL vapes with this classic, frosty strawberry blend. Order your long-lasting, flavorful device today!","og_url":"https:\/\/vapemaison.com\/pl\/produkt\/akumulator-vape-vozol-rave-40000-zaciagniec-o-smaku-lodu-truskawkowego-vozol-vapes\/","og_site_name":"VapeMaison","article_modified_time":"2025-12-20T09:12:04+00:00","og_image":[{"width":800,"height":800,"url":"https:\/\/vapemaison.com\/wp-content\/uploads\/2025\/12\/vozol-rave-40000-Strawberry-Ice-2-800x800-1.webp","type":"image\/webp"}],"twitter_card":"summary_large_image","twitter_misc":{"Szacowany czas czytania":"2 minuty"},"schema":{"@context":"https:\/\/schema.org","@graph":[{"@type":"WebPage","@id":"https:\/\/vapemaison.com\/product\/rechargeable-vape-vozol-rave-40000-puffs-strawberry-ice-flavor-vozol-vapes\/","url":"https:\/\/vapemaison.com\/product\/rechargeable-vape-vozol-rave-40000-puffs-strawberry-ice-flavor-vozol-vapes\/","name":"Akumulator Vape | VOZOL RAVE 40000 Puffs Strawberry Ice Flavor | VOZOL Vapes","isPartOf":{"@id":"https:\/\/vapemaison.com\/#website"},"primaryImageOfPage":{"@id":"https:\/\/vapemaison.com\/product\/rechargeable-vape-vozol-rave-40000-puffs-strawberry-ice-flavor-vozol-vapes\/#primaryimage"},"image":{"@id":"https:\/\/vapemaison.com\/product\/rechargeable-vape-vozol-rave-40000-puffs-strawberry-ice-flavor-vozol-vapes\/#primaryimage"},"thumbnailUrl":"https:\/\/vapemaison.com\/wp-content\/uploads\/2025\/12\/vozol-rave-40000-Strawberry-Ice-2-800x800-1.webp","datePublished":"2025-12-15T09:13:33+00:00","dateModified":"2025-12-20T09:12:04+00:00","description":"Zasmakuj czystej, s\u0142odkiej rozkoszy Strawberry Ice z VOZOL RAVE 40000. Ten jednorazowy waporyzator 40000 Puffs oferuje ogromn\u0105 pojemno\u015b\u0107 20 ml i hipnotyzuj\u0105ce \u015bwiat\u0142o LED wykrywaj\u0105ce rytm 270\u00b0. Uzyskaj to, co najlepsze w waporyzatorach VOZOL dzi\u0119ki tej klasycznej, mro\u017anej mieszance truskawek. Zam\u00f3w swoje trwa\u0142e, aromatyczne urz\u0105dzenie ju\u017c dzi\u015b!","breadcrumb":{"@id":"https:\/\/vapemaison.com\/product\/rechargeable-vape-vozol-rave-40000-puffs-strawberry-ice-flavor-vozol-vapes\/#breadcrumb"},"inLanguage":"pl-PL","potentialAction":[{"@type":"ReadAction","target":["https:\/\/vapemaison.com\/product\/rechargeable-vape-vozol-rave-40000-puffs-strawberry-ice-flavor-vozol-vapes\/"]}]},{"@type":"ImageObject","inLanguage":"pl-PL","@id":"https:\/\/vapemaison.com\/product\/rechargeable-vape-vozol-rave-40000-puffs-strawberry-ice-flavor-vozol-vapes\/#primaryimage","url":"https:\/\/vapemaison.com\/wp-content\/uploads\/2025\/12\/vozol-rave-40000-Strawberry-Ice-2-800x800-1.webp","contentUrl":"https:\/\/vapemaison.com\/wp-content\/uploads\/2025\/12\/vozol-rave-40000-Strawberry-Ice-2-800x800-1.webp","width":800,"height":800,"caption":"Vozol Rave Strawberry Ice 2 800x800 Disposable Vape Device"},{"@type":"BreadcrumbList","@id":"https:\/\/vapemaison.com\/product\/rechargeable-vape-vozol-rave-40000-puffs-strawberry-ice-flavor-vozol-vapes\/#breadcrumb","itemListElement":[{"@type":"ListItem","position":1,"name":"\u9996\u9875","item":"https:\/\/vapemaison.com\/"},{"@type":"ListItem","position":2,"name":"Shop","item":"https:\/\/vapemaison.com\/shop\/"},{"@type":"ListItem","position":3,"name":"Vozol","item":"https:\/\/vapemaison.com\/brand\/vozol\/"},{"@type":"ListItem","position":4,"name":"Rechargeable Vape | VOZOL RAVE 40000 Puffs Strawberry Ice Flavor | VOZOL Vapes"}]},{"@type":"WebSite","@id":"https:\/\/vapemaison.com\/#website","url":"https:\/\/vapemaison.com\/","name":"VapeMaison","description":"Wysokiej jako\u015bci urz\u0105dzenia i akcesoria do waporyzacji","publisher":{"@id":"https:\/\/vapemaison.com\/#organization"},"potentialAction":[{"@type":"SearchAction","target":{"@type":"EntryPoint","urlTemplate":"https:\/\/vapemaison.com\/?s={search_term_string}"},"query-input":{"@type":"PropertyValueSpecification","valueRequired":true,"valueName":"search_term_string"}}],"inLanguage":"pl-PL"},{"@type":"Organization","@id":"https:\/\/vapemaison.com\/#organization","name":"VapeMaison","url":"https:\/\/vapemaison.com\/","logo":{"@type":"ImageObject","inLanguage":"pl-PL","@id":"https:\/\/vapemaison.com\/#\/schema\/logo\/image\/","url":"https:\/\/vapemaison.com\/wp-content\/uploads\/2026\/01\/cropped-vapemaison-logo-g-2026.webp","contentUrl":"https:\/\/vapemaison.com\/wp-content\/uploads\/2026\/01\/cropped-vapemaison-logo-g-2026.webp","width":350,"height":280,"caption":"VapeMaison"},"image":{"@id":"https:\/\/vapemaison.com\/#\/schema\/logo\/image\/"},"sameAs":["https:\/\/www.youtube.com\/@VapeMaison"]}]}},"tiered_pricing_type":"fixed","tiered_pricing_fixed_rules":{"30":"12.24","50":"11.63","100":"10.86","200":"9.98"},"tiered_pricing_product_settings":{"layout":"default","base_unit_name":{"singular":null,"plural":null},"default_variation":null},"tiered_pricing_minimum_quantity":10,"tiered_pricing_roles_data":[],"tiered_pricing_percentage_rules":[],"tiered_pricing_maximum_quantity":null,"tiered_pricing_quantity_step":"10","_links":{"self":[{"href":"https:\/\/vapemaison.com\/pl\/wp-json\/wp\/v2\/product\/18644","targetHints":{"allow":["GET"]}}],"collection":[{"href":"https:\/\/vapemaison.com\/pl\/wp-json\/wp\/v2\/product"}],"about":[{"href":"https:\/\/vapemaison.com\/pl\/wp-json\/wp\/v2\/types\/product"}],"replies":[{"embeddable":true,"href":"https:\/\/vapemaison.com\/pl\/wp-json\/wp\/v2\/comments?post=18644"}],"version-history":[{"count":0,"href":"https:\/\/vapemaison.com\/pl\/wp-json\/wp\/v2\/product\/18644\/revisions"}],"wp:featuredmedia":[{"embeddable":true,"href":"https:\/\/vapemaison.com\/pl\/wp-json\/wp\/v2\/media\/19297"}],"wp:attachment":[{"href":"https:\/\/vapemaison.com\/pl\/wp-json\/wp\/v2\/media?parent=18644"}],"wp:term":[{"taxonomy":"product_brand","embeddable":true,"href":"https:\/\/vapemaison.com\/pl\/wp-json\/wp\/v2\/product_brand?post=18644"},{"taxonomy":"product_cat","embeddable":true,"href":"https:\/\/vapemaison.com\/pl\/wp-json\/wp\/v2\/product_cat?post=18644"},{"taxonomy":"product_tag","embeddable":true,"href":"https:\/\/vapemaison.com\/pl\/wp-json\/wp\/v2\/product_tag?post=18644"}],"curies":[{"name":"wp","href":"https:\/\/api.w.org\/{rel}","templated":true}]}}