

{"id":18669,"date":"2025-12-15T09:13:34","date_gmt":"2025-12-15T09:13:34","guid":{"rendered":"https:\/\/vapemaison.com\/?post_type=product&#038;p=18669"},"modified":"2025-12-20T09:20:25","modified_gmt":"2025-12-20T09:20:25","slug":"40k-puffow-vozol-rave-o-smaku-truskawki-i-kiwi-led-vape-do-wielokrotnego-ladowania","status":"publish","type":"product","link":"https:\/\/vapemaison.com\/pl\/product\/40k-puffs-vozol-rave-strawberry-kiwi-flavor-led-rechargeable-vape\/","title":{"rendered":"40k Puffs VOZOL RAVE Strawberry Kiwi Flavor LED | Akumulator Vape"},"content":{"rendered":"<h2 class=\"wp-block-heading\">VOZOL RAVE 40000 Puffs Strawberry Kiwi: Idealny s\u0142odko-cierpki duet<\/h2>\n\n\n\n<p>The <strong>VOZOL RAVE 40000 puff\u00f3w jednorazowych Vape<\/strong> Strawberry Kiwi zapewnia pi\u0119knie zbalansowany profil, \u0142\u0105cz\u0105c znajom\u0105 s\u0142odycz truskawki z pikantn\u0105 nut\u0105 kiwi. To wysokiej klasy urz\u0105dzenie oferuje niezwyk\u0142e <strong>Pojemno\u015b\u0107 40000 puff\u00f3w<\/strong> i zawiera bardzo widoczne <strong>270\u00b0 LED Light Show<\/strong>. VOZOL RAVE jest najlepszym <strong>Akumulator Vape<\/strong> dla waper\u00f3w, kt\u00f3rzy szukaj\u0105 jasnego, z\u0142o\u017conego i niezawodnego smaku owocowego o niezr\u00f3wnanej wytrzyma\u0142o\u015bci.<\/p>\n\n\n\n<h4 class=\"wp-block-heading\">Uczta smak\u00f3w: Odkryj sw\u00f3j ulubiony<\/h4>\n\n\n\n<h2 class=\"wp-block-heading\">Truskawka Kiwi: Pikantna i s\u0142odka harmonia<\/h2>\n\n\n\n<p>Strawberry Kiwi to bardzo popularne po\u0142\u0105czenie smakowe, kt\u00f3re zapewnia idealn\u0105 harmoni\u0119. The <strong>jasne, s\u0142odkie nuty truskawki<\/strong> prowadzi profil, po kt\u00f3rym natychmiast nast\u0119puje <strong>egzotyczny, lekko kwa\u015bny i soczysty smak kiwi<\/strong>. Mieszanka jest niesamowicie orze\u017awiaj\u0105ca i zapewnia warstwowe doznania owocowe, kt\u00f3re s\u0105 zar\u00f3wno proste, jak i wyrafinowane.<\/p>\n\n\n\n<ul class=\"wp-block-list\">\n<li>Blue Razz Ice<\/li>\n\n\n\n<li>L\u00f3d jagodowy<\/li>\n\n\n\n<li>Arbuz jagodowy<\/li>\n\n\n\n<li>Truskawka z wi\u015bni\u0105<\/li>\n\n\n\n<li>Cool Mint<\/li>\n\n\n\n<li>Podw\u00f3jne jab\u0142ko<\/li>\n\n\n\n<li>L\u00f3d winogronowy<\/li>\n\n\n\n<li>Love 777<\/li>\n\n\n\n<li>Mango Ice<\/li>\n\n\n\n<li>Mango Brzoskwinia<\/li>\n\n\n\n<li>L\u00f3d brzoskwiniowy<\/li>\n\n\n\n<li>Lemoniada brzoskwiniowo-malinowa<\/li>\n\n\n\n<li>L\u00f3d truskawkowy<\/li>\n\n\n\n<li><strong>Truskawka Kiwi:<\/strong> Wibruj\u0105ce po\u0142\u0105czenie s\u0142odkich truskawek ogrodowych i lekko cierpkiej, orze\u017awiaj\u0105cej sk\u00f3rki kiwi.<\/li>\n\n\n\n<li>Mango truskawkowe<\/li>\n\n\n\n<li>Arbuz truskawkowy<\/li>\n\n\n\n<li>Brzoskwinia truskawkowa<\/li>\n\n\n\n<li>Arbuz Bubblegum<\/li>\n\n\n\n<li>Arbuzowy l\u00f3d<\/li>\n\n\n\n<li>Arbuz Razz Rancher<\/li>\n<\/ul>\n\n\n\n<h4 class=\"wp-block-heading\">Specyfikacja techniczna i najwa\u017cniejsze cechy konstrukcyjne<\/h4>\n\n\n\n<h2 class=\"wp-block-heading\">Specyfikacja techniczna i innowacje VOZOL RAVE 40000<\/h2>\n\n\n\n<p>VOZOL RAVE 40000 zosta\u0142 zbudowany w oparciu o najnowocze\u015bniejsz\u0105 technologi\u0119, aby zagwarantowa\u0107 najwy\u017cszej jako\u015bci wra\u017cenia dla ka\u017cdego puffa.<\/p>\n\n\n\n<ul class=\"wp-block-list\">\n<li><strong>Max Puffs:<\/strong> Oko\u0142o. <strong>40000 Puff\u00f3w<\/strong><\/li>\n\n\n\n<li><strong>Pojemno\u015b\u0107 e-liquidu:<\/strong> 20 ml<\/li>\n\n\n\n<li><strong>Bateria:<\/strong> 1000 mAh <strong>Akumulator<\/strong><\/li>\n\n\n\n<li><strong>Moc nikotyny:<\/strong> 5% (50mg\/ml) S\u00f3l nikotynowa<\/li>\n\n\n\n<li><strong>System cewek:<\/strong> <strong>Cewka z podw\u00f3jn\u0105 siatk\u0105<\/strong> z S.i.L.C. Tech<\/li>\n\n\n\n<li><strong>\u0141adowanie:<\/strong> Port USB typu C (szybkie \u0142adowanie)<\/li>\n\n\n\n<li><strong>Funkcja specjalna:<\/strong> <strong>Wy\u015bwietlacz LED wykrywaj\u0105cy rytm 270<\/strong><\/li>\n\n\n\n<li><strong>Aktywacja:<\/strong> Aktywowany rysowaniem<\/li>\n<\/ul>\n\n\n\n<p>Wyrafinowany <strong>Cewka z podw\u00f3jn\u0105 siatk\u0105<\/strong> System zosta\u0142 zaprojektowany tak, aby uchwyci\u0107 r\u00f3\u017cne profile smakowe zar\u00f3wno truskawki, jak i kiwi, zapewniaj\u0105c bezb\u0142\u0119dne utrzymanie r\u00f3wnowagi mi\u0119dzy s\u0142odycz\u0105 a cierpko\u015bci\u0105 w ca\u0142ym produkcie. <strong>40000 Puff\u00f3w jednorazowego u\u017cytku Vape<\/strong> zapewniaj\u0105c g\u0119st\u0105 i aromatyczn\u0105 par\u0119.<\/p>\n\n\n\n<h4 class=\"wp-block-heading\">Powody, dla kt\u00f3rych warto kupi\u0107 teraz<\/h4>\n\n\n\n<h2 class=\"wp-block-heading\">Alert o ograniczonych zapasach: Chwy\u0107 sw\u00f3j Strawberry Kiwi VOZOL RAVE!<\/h2>\n\n\n\n<p>VOZOL RAVE 40000 dominuje na rynku ze wzgl\u0119du na swoje prze\u0142omowe w\u0142a\u015bciwo\u015bci. <strong>40000 Puff\u00f3w jednorazowego u\u017cytku Vape<\/strong> liczba i wydajno\u015b\u0107. Popularna mieszanka Strawberry Kiwi jest bardzo poszukiwana. <strong>Aktualne stany magazynowe szybko si\u0119 rozchodz\u0105 - zarezerwuj sw\u00f3j ju\u017c dzi\u015b!<\/strong><\/p>\n\n\n\n<p><strong>Dzia\u0142aj szybko:<\/strong> Zabezpiecz sw\u00f3j VOZOL RAVE 40000 ju\u017c teraz i ciesz si\u0119 najwy\u017cszej jako\u015bci, d\u0142ugotrwa\u0142ymi doznaniami smakowymi o wyj\u0105tkowo stylowym wygl\u0105dzie. <strong>Nie przegap tego popularnego vape'a VOZOL - zam\u00f3w natychmiast!<\/strong><\/p>","protected":false},"excerpt":{"rendered":"<p>VOZOL RAVE 40000 Puffs Strawberry Kiwi: The Perfect Sweet &amp; Tart Duo The VOZOL RAVE 40000 Puffs Disposable Vape in Strawberry Kiwi provides a beautifully balanced profile, pairing the familiar sweetness of strawberry with the zesty kick of kiwi. This high-end device offers an extraordinary 40000 puff capacity and features the highly visible 270\u00b0 LED [&hellip;]<\/p>\n","protected":false},"featured_media":19292,"comment_status":"open","ping_status":"closed","template":"","meta":[],"product_brand":[178],"product_cat":[135],"product_tag":[],"class_list":{"0":"post-18669","1":"product","2":"type-product","3":"status-publish","4":"has-post-thumbnail","6":"product_brand-vozol","7":"product_cat-40k-puffs","9":"first","10":"instock","11":"sale","12":"shipping-taxable","13":"purchasable","14":"product-type-variable"},"yoast_head":"<!-- This site is optimized with the Yoast SEO plugin v27.4 - https:\/\/yoast.com\/product\/yoast-seo-wordpress\/ -->\n<title>40000 Puffs Disposable Vape | VOZOL RAVE Strawberry Kiwi Flavor LED | Rechargeable Vape<\/title>\n<meta name=\"description\" content=\"Experience the dynamic duo of Strawberry Kiwi with the VOZOL RAVE 40000. A perfect balance of sweet and tart, delivered over 40000 puffs, featuring a 20ml capacity and the vibrant 270\u00b0 Beat-Sensing LED Light. Get this premium VOZOL vapes device today for a fresh, long-lasting flavor journey!\" \/>\n<meta name=\"robots\" content=\"index, follow, max-snippet:-1, max-image-preview:large, max-video-preview:-1\" \/>\n<link rel=\"canonical\" href=\"https:\/\/vapemaison.com\/pl\/produkt\/40k-puffow-vozol-rave-o-smaku-truskawki-i-kiwi-led-vape-do-wielokrotnego-ladowania\/\" \/>\n<meta property=\"og:locale\" content=\"pl_PL\" \/>\n<meta property=\"og:type\" content=\"article\" \/>\n<meta property=\"og:title\" content=\"40000 Puffs Disposable Vape | VOZOL RAVE Strawberry Kiwi Flavor LED | Rechargeable Vape\" \/>\n<meta property=\"og:description\" content=\"Experience the dynamic duo of Strawberry Kiwi with the VOZOL RAVE 40000. A perfect balance of sweet and tart, delivered over 40000 puffs, featuring a 20ml capacity and the vibrant 270\u00b0 Beat-Sensing LED Light. Get this premium VOZOL vapes device today for a fresh, long-lasting flavor journey!\" \/>\n<meta property=\"og:url\" content=\"https:\/\/vapemaison.com\/pl\/produkt\/40k-puffow-vozol-rave-o-smaku-truskawki-i-kiwi-led-vape-do-wielokrotnego-ladowania\/\" \/>\n<meta property=\"og:site_name\" content=\"VapeMaison\" \/>\n<meta property=\"article:modified_time\" content=\"2025-12-20T09:20:25+00:00\" \/>\n<meta property=\"og:image\" content=\"https:\/\/vapemaison.com\/wp-content\/uploads\/2025\/12\/vozol-rave-40000-Grape-Ice-3-768x768-1.webp\" \/>\n\t<meta property=\"og:image:width\" content=\"768\" \/>\n\t<meta property=\"og:image:height\" content=\"768\" \/>\n\t<meta property=\"og:image:type\" content=\"image\/webp\" \/>\n<meta name=\"twitter:card\" content=\"summary_large_image\" \/>\n<meta name=\"twitter:label1\" content=\"Szacowany czas czytania\" \/>\n\t<meta name=\"twitter:data1\" content=\"2 minuty\" \/>\n<!-- \/ Yoast SEO plugin. -->","yoast_head_json":{"title":"40000 Puff\u00f3w jednorazowych Vape | VOZOL RAVE Strawberry Kiwi Flavor LED | Akumulator Vape","description":"Do\u015bwiadcz dynamicznego duetu Strawberry Kiwi dzi\u0119ki VOZOL RAVE 40000. Idealna r\u00f3wnowaga s\u0142odyczy i cierpko\u015bci, dostarczana przez ponad 40000 zaci\u0105gni\u0119\u0107, o pojemno\u015bci 20 ml i z \u017cywym \u015bwiat\u0142em LED wykrywaj\u0105cym rytm 270\u00b0. Kup to wysokiej jako\u015bci urz\u0105dzenie VOZOL vapes ju\u017c dzi\u015b, aby cieszy\u0107 si\u0119 \u015bwie\u017cym, d\u0142ugotrwa\u0142ym smakiem!","robots":{"index":"index","follow":"follow","max-snippet":"max-snippet:-1","max-image-preview":"max-image-preview:large","max-video-preview":"max-video-preview:-1"},"canonical":"https:\/\/vapemaison.com\/pl\/produkt\/40k-puffow-vozol-rave-o-smaku-truskawki-i-kiwi-led-vape-do-wielokrotnego-ladowania\/","og_locale":"pl_PL","og_type":"article","og_title":"40000 Puffs Disposable Vape | VOZOL RAVE Strawberry Kiwi Flavor LED | Rechargeable Vape","og_description":"Experience the dynamic duo of Strawberry Kiwi with the VOZOL RAVE 40000. A perfect balance of sweet and tart, delivered over 40000 puffs, featuring a 20ml capacity and the vibrant 270\u00b0 Beat-Sensing LED Light. Get this premium VOZOL vapes device today for a fresh, long-lasting flavor journey!","og_url":"https:\/\/vapemaison.com\/pl\/produkt\/40k-puffow-vozol-rave-o-smaku-truskawki-i-kiwi-led-vape-do-wielokrotnego-ladowania\/","og_site_name":"VapeMaison","article_modified_time":"2025-12-20T09:20:25+00:00","og_image":[{"width":768,"height":768,"url":"https:\/\/vapemaison.com\/wp-content\/uploads\/2025\/12\/vozol-rave-40000-Grape-Ice-3-768x768-1.webp","type":"image\/webp"}],"twitter_card":"summary_large_image","twitter_misc":{"Szacowany czas czytania":"2 minuty"},"schema":{"@context":"https:\/\/schema.org","@graph":[{"@type":"WebPage","@id":"https:\/\/vapemaison.com\/product\/40k-puffs-vozol-rave-strawberry-kiwi-flavor-led-rechargeable-vape\/","url":"https:\/\/vapemaison.com\/product\/40k-puffs-vozol-rave-strawberry-kiwi-flavor-led-rechargeable-vape\/","name":"40000 Puff\u00f3w jednorazowych Vape | VOZOL RAVE Strawberry Kiwi Flavor LED | Akumulator Vape","isPartOf":{"@id":"https:\/\/vapemaison.com\/#website"},"primaryImageOfPage":{"@id":"https:\/\/vapemaison.com\/product\/40k-puffs-vozol-rave-strawberry-kiwi-flavor-led-rechargeable-vape\/#primaryimage"},"image":{"@id":"https:\/\/vapemaison.com\/product\/40k-puffs-vozol-rave-strawberry-kiwi-flavor-led-rechargeable-vape\/#primaryimage"},"thumbnailUrl":"https:\/\/vapemaison.com\/wp-content\/uploads\/2025\/12\/vozol-rave-40000-Grape-Ice-3-768x768-1.webp","datePublished":"2025-12-15T09:13:34+00:00","dateModified":"2025-12-20T09:20:25+00:00","description":"Do\u015bwiadcz dynamicznego duetu Strawberry Kiwi dzi\u0119ki VOZOL RAVE 40000. Idealna r\u00f3wnowaga s\u0142odyczy i cierpko\u015bci, dostarczana przez ponad 40000 zaci\u0105gni\u0119\u0107, o pojemno\u015bci 20 ml i z \u017cywym \u015bwiat\u0142em LED wykrywaj\u0105cym rytm 270\u00b0. Kup to wysokiej jako\u015bci urz\u0105dzenie VOZOL vapes ju\u017c dzi\u015b, aby cieszy\u0107 si\u0119 \u015bwie\u017cym, d\u0142ugotrwa\u0142ym smakiem!","breadcrumb":{"@id":"https:\/\/vapemaison.com\/product\/40k-puffs-vozol-rave-strawberry-kiwi-flavor-led-rechargeable-vape\/#breadcrumb"},"inLanguage":"pl-PL","potentialAction":[{"@type":"ReadAction","target":["https:\/\/vapemaison.com\/product\/40k-puffs-vozol-rave-strawberry-kiwi-flavor-led-rechargeable-vape\/"]}]},{"@type":"ImageObject","inLanguage":"pl-PL","@id":"https:\/\/vapemaison.com\/product\/40k-puffs-vozol-rave-strawberry-kiwi-flavor-led-rechargeable-vape\/#primaryimage","url":"https:\/\/vapemaison.com\/wp-content\/uploads\/2025\/12\/vozol-rave-40000-Grape-Ice-3-768x768-1.webp","contentUrl":"https:\/\/vapemaison.com\/wp-content\/uploads\/2025\/12\/vozol-rave-40000-Grape-Ice-3-768x768-1.webp","width":768,"height":768,"caption":"Vozol Rave Grape Ice 3 768x768 Disposable Vape Device"},{"@type":"BreadcrumbList","@id":"https:\/\/vapemaison.com\/product\/40k-puffs-vozol-rave-strawberry-kiwi-flavor-led-rechargeable-vape\/#breadcrumb","itemListElement":[{"@type":"ListItem","position":1,"name":"\u9996\u9875","item":"https:\/\/vapemaison.com\/"},{"@type":"ListItem","position":2,"name":"Shop","item":"https:\/\/vapemaison.com\/shop\/"},{"@type":"ListItem","position":3,"name":"Vozol","item":"https:\/\/vapemaison.com\/brand\/vozol\/"},{"@type":"ListItem","position":4,"name":"40k Puffs VOZOL RAVE Strawberry Kiwi Flavor LED | Rechargeable Vape"}]},{"@type":"WebSite","@id":"https:\/\/vapemaison.com\/#website","url":"https:\/\/vapemaison.com\/","name":"VapeMaison","description":"Wysokiej jako\u015bci urz\u0105dzenia i akcesoria do waporyzacji","publisher":{"@id":"https:\/\/vapemaison.com\/#organization"},"potentialAction":[{"@type":"SearchAction","target":{"@type":"EntryPoint","urlTemplate":"https:\/\/vapemaison.com\/?s={search_term_string}"},"query-input":{"@type":"PropertyValueSpecification","valueRequired":true,"valueName":"search_term_string"}}],"inLanguage":"pl-PL"},{"@type":"Organization","@id":"https:\/\/vapemaison.com\/#organization","name":"VapeMaison","url":"https:\/\/vapemaison.com\/","logo":{"@type":"ImageObject","inLanguage":"pl-PL","@id":"https:\/\/vapemaison.com\/#\/schema\/logo\/image\/","url":"https:\/\/vapemaison.com\/wp-content\/uploads\/2026\/01\/cropped-vapemaison-logo-g-2026.webp","contentUrl":"https:\/\/vapemaison.com\/wp-content\/uploads\/2026\/01\/cropped-vapemaison-logo-g-2026.webp","width":350,"height":280,"caption":"VapeMaison"},"image":{"@id":"https:\/\/vapemaison.com\/#\/schema\/logo\/image\/"},"sameAs":["https:\/\/www.youtube.com\/@VapeMaison"]}]}},"tiered_pricing_type":"fixed","tiered_pricing_fixed_rules":{"30":"12.24","50":"11.63","100":"10.86","200":"9.98"},"tiered_pricing_product_settings":{"layout":"default","base_unit_name":{"singular":null,"plural":null},"default_variation":null},"tiered_pricing_minimum_quantity":10,"tiered_pricing_roles_data":[],"tiered_pricing_percentage_rules":[],"tiered_pricing_maximum_quantity":null,"tiered_pricing_quantity_step":"10","_links":{"self":[{"href":"https:\/\/vapemaison.com\/pl\/wp-json\/wp\/v2\/product\/18669","targetHints":{"allow":["GET"]}}],"collection":[{"href":"https:\/\/vapemaison.com\/pl\/wp-json\/wp\/v2\/product"}],"about":[{"href":"https:\/\/vapemaison.com\/pl\/wp-json\/wp\/v2\/types\/product"}],"replies":[{"embeddable":true,"href":"https:\/\/vapemaison.com\/pl\/wp-json\/wp\/v2\/comments?post=18669"}],"version-history":[{"count":0,"href":"https:\/\/vapemaison.com\/pl\/wp-json\/wp\/v2\/product\/18669\/revisions"}],"wp:featuredmedia":[{"embeddable":true,"href":"https:\/\/vapemaison.com\/pl\/wp-json\/wp\/v2\/media\/19292"}],"wp:attachment":[{"href":"https:\/\/vapemaison.com\/pl\/wp-json\/wp\/v2\/media?parent=18669"}],"wp:term":[{"taxonomy":"product_brand","embeddable":true,"href":"https:\/\/vapemaison.com\/pl\/wp-json\/wp\/v2\/product_brand?post=18669"},{"taxonomy":"product_cat","embeddable":true,"href":"https:\/\/vapemaison.com\/pl\/wp-json\/wp\/v2\/product_cat?post=18669"},{"taxonomy":"product_tag","embeddable":true,"href":"https:\/\/vapemaison.com\/pl\/wp-json\/wp\/v2\/product_tag?post=18669"}],"curies":[{"name":"wp","href":"https:\/\/api.w.org\/{rel}","templated":true}]}}