

{"id":18694,"date":"2025-12-15T09:13:37","date_gmt":"2025-12-15T09:13:37","guid":{"rendered":"https:\/\/vapemaison.com\/?post_type=product&#038;p=18694"},"modified":"2025-12-24T06:52:56","modified_gmt":"2025-12-24T06:52:56","slug":"akumulator-vape-vozol-rave-40000-zaciagniec-smak-truskawka-mango-vozol-vapes","status":"publish","type":"product","link":"https:\/\/vapemaison.com\/pl\/product\/rechargeable-vape-vozol-rave-40000-puffs-strawberry-mango-flavor-vozol-vapes\/","title":{"rendered":"Akumulator Vape | VOZOL RAVE 40000 Puffs Strawberry Mango Flavor | VOZOL Vapes"},"content":{"rendered":"<h2 class=\"wp-block-heading\">VOZOL RAVE 40000 Puffs Strawberry Mango: S\u0142odycz tropik\u00f3w i ogrodu<\/h2>\n\n\n\n<p>The <strong>VOZOL RAVE 40000 puff\u00f3w jednorazowych Vape<\/strong> Strawberry Mango \u0142\u0105czy w sobie jasny, znajomy smak truskawki z bujn\u0105, egzotyczn\u0105 g\u0142\u0119bi\u0105 mango. To urz\u0105dzenie zosta\u0142o zbudowane z my\u015bl\u0105 o maksymalnej wytrzyma\u0142o\u015bci, zapewniaj\u0105c niewiarygodny <strong>Pojemno\u015b\u0107 40000 puff\u00f3w<\/strong> i przyci\u0105gaj\u0105ce wzrok <strong>270\u00b0 LED Light Show<\/strong>. VOZOL RAVE jest najlepszym <strong>Akumulator Vape<\/strong> dla tych, kt\u00f3rzy pragn\u0105 kremowej, z\u0142o\u017conej mieszanki owoc\u00f3w o niezr\u00f3wnanej trwa\u0142o\u015bci.<\/p>\n\n\n\n<h4 class=\"wp-block-heading\">Uczta smak\u00f3w: Odkryj sw\u00f3j ulubiony<\/h4>\n\n\n\n<h2 class=\"wp-block-heading\">Strawberry Mango: G\u0142adki, s\u0142odki i egzotyczny<\/h2>\n\n\n\n<p>Strawberry Mango to bardzo udany profil smakowy, kt\u00f3ry zapewnia niezwykle g\u0142adk\u0105 waporyzacj\u0119. The <strong>s\u0142odkie, lekko kwa\u015bne nuty truskawki<\/strong> s\u0105 doskonale otoczone przez <strong>aromatyczna, ma\u015blana konsystencja dojrza\u0142ego mango<\/strong>. Tworzy to kremowy, tropikalny profil, kt\u00f3ry jest niezwykle satysfakcjonuj\u0105cy i \u0142atwy do picia przez ca\u0142y dzie\u0144.<\/p>\n\n\n\n<ul class=\"wp-block-list\">\n<li>Blue Razz Ice<\/li>\n\n\n\n<li>L\u00f3d jagodowy<\/li>\n\n\n\n<li>Arbuz jagodowy<\/li>\n\n\n\n<li>Truskawka z wi\u015bni\u0105<\/li>\n\n\n\n<li>Cool Mint<\/li>\n\n\n\n<li>Podw\u00f3jne jab\u0142ko<\/li>\n\n\n\n<li>L\u00f3d winogronowy<\/li>\n\n\n\n<li>Love 777<\/li>\n\n\n\n<li>Mango Ice<\/li>\n\n\n\n<li>Mango Brzoskwinia<\/li>\n\n\n\n<li>L\u00f3d brzoskwiniowy<\/li>\n\n\n\n<li>Lemoniada brzoskwiniowo-malinowa<\/li>\n\n\n\n<li>L\u00f3d truskawkowy<\/li>\n\n\n\n<li>Truskawka Kiwi<\/li>\n\n\n\n<li><strong>Truskawka Mango:<\/strong> Bogate, g\u0142adkie po\u0142\u0105czenie s\u0142odkiej truskawki ogrodowej i bujnego, egzotycznego, kremowego smaku dojrza\u0142ego mango.<\/li>\n\n\n\n<li>Arbuz truskawkowy<\/li>\n\n\n\n<li>Brzoskwinia truskawkowa<\/li>\n\n\n\n<li>Arbuz Bubblegum<\/li>\n\n\n\n<li>Arbuzowy l\u00f3d<\/li>\n\n\n\n<li>Arbuz Razz Rancher<\/li>\n<\/ul>\n\n\n\n<h4 class=\"wp-block-heading\">Specyfikacja techniczna i najwa\u017cniejsze cechy konstrukcyjne<\/h4>\n\n\n\n<h2 class=\"wp-block-heading\">Specyfikacja techniczna i innowacje VOZOL RAVE 40000<\/h2>\n\n\n\n<p>VOZOL RAVE 40000 zosta\u0142 zbudowany w oparciu o najnowocze\u015bniejsz\u0105 technologi\u0119, aby zagwarantowa\u0107 najwy\u017cszej jako\u015bci wra\u017cenia dla ka\u017cdego puffa.<\/p>\n\n\n\n<ul class=\"wp-block-list\">\n<li><strong>Max Puffs:<\/strong> Oko\u0142o. <strong>40000 Puff\u00f3w<\/strong><\/li>\n\n\n\n<li><strong>Pojemno\u015b\u0107 e-liquidu:<\/strong> 20 ml<\/li>\n\n\n\n<li><strong>Bateria:<\/strong> 1000 mAh <strong>Akumulator<\/strong><\/li>\n\n\n\n<li><strong>Moc nikotyny:<\/strong> 5% (50mg\/ml) S\u00f3l nikotynowa<\/li>\n\n\n\n<li><strong>System cewek:<\/strong> <strong>Cewka z podw\u00f3jn\u0105 siatk\u0105<\/strong> z S.i.L.C. Tech<\/li>\n\n\n\n<li><strong>\u0141adowanie:<\/strong> Port USB typu C (szybkie \u0142adowanie)<\/li>\n\n\n\n<li><strong>Funkcja specjalna:<\/strong> <strong>Wy\u015bwietlacz LED wykrywaj\u0105cy rytm 270<\/strong><\/li>\n\n\n\n<li><strong>Aktywacja:<\/strong> Aktywowany rysowaniem<\/li>\n<\/ul>\n\n\n\n<p>Odkryj pe\u0142n\u0105 gam\u0119 wysokiej jako\u015bci waporyzator\u00f3w jednorazowych i akcesori\u00f3w, zapoznaj\u0105c si\u0119 z nasz\u0105 ofert\u0105 <strong><a href=\"https:\/\/vapemaison.com\/\">Strona g\u0142\u00f3wna <\/a><\/strong>, gdzie mo\u017cna dowiedzie\u0107 si\u0119 wi\u0119cej o naszym zaanga\u017cowaniu w jako\u015b\u0107, autentyczno\u015b\u0107 i zadowolenie klienta. Je\u015bli jeste\u015b gotowy do zakupu, odwied\u017a nasz\u0105 stron\u0119 <strong><a href=\"https:\/\/vapemaison.com\/shop\/\">Sklep<\/a><\/strong> aby przejrze\u0107 najnowsze urz\u0105dzenia VOZOL, popularne smaki i ekskluzywne oferty dost\u0119pne do szybkiej wysy\u0142ki na ca\u0142y \u015bwiat. Aby uzyska\u0107 pe\u0142ny przegl\u0105d marki, w tym najlepiej sprzedaj\u0105ce si\u0119 modele i innowacje produktowe, sprawd\u017a dedykowan\u0105 stron\u0119 <strong><a href=\"https:\/\/vapemaison.com\/brand\/vozol\/\">VOZOL<\/a><\/strong>, gdzie wszystkie aktualne kolekcje VOZOL s\u0105 wygodnie zorganizowane w jednym miejscu.<\/p>\n\n\n\n<p><\/p>","protected":false},"excerpt":{"rendered":"<p>VOZOL RAVE 40000 Puffs Strawberry Mango: Tropical Meets Garden Sweetness The VOZOL RAVE 40000 Puffs Disposable Vape in Strawberry Mango brings together the bright, familiar taste of strawberry with the lush, exotic depth of mango. This device is built for maximum endurance, providing an incredible 40000 puff capacity and featuring the eye-catching 270\u00b0 LED Light [&hellip;]<\/p>\n","protected":false},"featured_media":19301,"comment_status":"open","ping_status":"closed","template":"","meta":[],"product_brand":[178],"product_cat":[135],"product_tag":[],"class_list":{"0":"post-18694","1":"product","2":"type-product","3":"status-publish","4":"has-post-thumbnail","6":"product_brand-vozol","7":"product_cat-40k-puffs","9":"first","10":"instock","11":"sale","12":"shipping-taxable","13":"purchasable","14":"product-type-variable"},"yoast_head":"<!-- This site is optimized with the Yoast SEO plugin v27.4 - https:\/\/yoast.com\/product\/yoast-seo-wordpress\/ -->\n<title>Rechargeable Vape | VOZOL RAVE 40000 Puffs Strawberry Mango Flavor | VOZOL Vapes<\/title>\n<meta name=\"description\" content=\"Indulge in the tropical-sweet mix of Strawberry Mango with the VOZOL RAVE 40000. A smooth, intense flavor over 40000 puffs, featuring a 20ml tank and the vibrant 270\u00b0 Beat-Sensing LED Light. Get the best of VOZOL vapes today for a long-lasting, satisfying flavor journey!\" \/>\n<meta name=\"robots\" content=\"index, follow, max-snippet:-1, max-image-preview:large, max-video-preview:-1\" \/>\n<link rel=\"canonical\" href=\"https:\/\/vapemaison.com\/pl\/produkt\/akumulator-vape-vozol-rave-40000-zaciagniec-smak-truskawka-mango-vozol-vapes\/\" \/>\n<meta property=\"og:locale\" content=\"pl_PL\" \/>\n<meta property=\"og:type\" content=\"article\" \/>\n<meta property=\"og:title\" content=\"Rechargeable Vape | VOZOL RAVE 40000 Puffs Strawberry Mango Flavor | VOZOL Vapes\" \/>\n<meta property=\"og:description\" content=\"Indulge in the tropical-sweet mix of Strawberry Mango with the VOZOL RAVE 40000. A smooth, intense flavor over 40000 puffs, featuring a 20ml tank and the vibrant 270\u00b0 Beat-Sensing LED Light. Get the best of VOZOL vapes today for a long-lasting, satisfying flavor journey!\" \/>\n<meta property=\"og:url\" content=\"https:\/\/vapemaison.com\/pl\/produkt\/akumulator-vape-vozol-rave-40000-zaciagniec-smak-truskawka-mango-vozol-vapes\/\" \/>\n<meta property=\"og:site_name\" content=\"VapeMaison\" \/>\n<meta property=\"article:modified_time\" content=\"2025-12-24T06:52:56+00:00\" \/>\n<meta property=\"og:image\" content=\"https:\/\/vapemaison.com\/wp-content\/uploads\/2025\/12\/vozol-rave-40000-Strawberry-Mango-2-800x800-1.webp\" \/>\n\t<meta property=\"og:image:width\" content=\"800\" \/>\n\t<meta property=\"og:image:height\" content=\"800\" \/>\n\t<meta property=\"og:image:type\" content=\"image\/webp\" \/>\n<meta name=\"twitter:card\" content=\"summary_large_image\" \/>\n<meta name=\"twitter:label1\" content=\"Szacowany czas czytania\" \/>\n\t<meta name=\"twitter:data1\" content=\"2 minuty\" \/>\n<!-- \/ Yoast SEO plugin. -->","yoast_head_json":{"title":"Akumulator Vape | VOZOL RAVE 40000 Puffs Strawberry Mango Flavor | VOZOL Vapes","description":"Zanurz si\u0119 w tropikalno-s\u0142odkiej mieszance Strawberry Mango z VOZOL RAVE 40000. G\u0142adki, intensywny smak przez 40000 zaci\u0105gni\u0119\u0107, ze zbiornikiem o pojemno\u015bci 20 ml i \u017cywym \u015bwiat\u0142em LED wykrywaj\u0105cym rytm 270\u00b0. Zdob\u0105d\u017a to, co najlepsze w waporyzatorach VOZOL ju\u017c dzi\u015b, aby odby\u0107 d\u0142ugotrwa\u0142\u0105, satysfakcjonuj\u0105c\u0105 podr\u00f3\u017c smakow\u0105!","robots":{"index":"index","follow":"follow","max-snippet":"max-snippet:-1","max-image-preview":"max-image-preview:large","max-video-preview":"max-video-preview:-1"},"canonical":"https:\/\/vapemaison.com\/pl\/produkt\/akumulator-vape-vozol-rave-40000-zaciagniec-smak-truskawka-mango-vozol-vapes\/","og_locale":"pl_PL","og_type":"article","og_title":"Rechargeable Vape | VOZOL RAVE 40000 Puffs Strawberry Mango Flavor | VOZOL Vapes","og_description":"Indulge in the tropical-sweet mix of Strawberry Mango with the VOZOL RAVE 40000. A smooth, intense flavor over 40000 puffs, featuring a 20ml tank and the vibrant 270\u00b0 Beat-Sensing LED Light. Get the best of VOZOL vapes today for a long-lasting, satisfying flavor journey!","og_url":"https:\/\/vapemaison.com\/pl\/produkt\/akumulator-vape-vozol-rave-40000-zaciagniec-smak-truskawka-mango-vozol-vapes\/","og_site_name":"VapeMaison","article_modified_time":"2025-12-24T06:52:56+00:00","og_image":[{"width":800,"height":800,"url":"https:\/\/vapemaison.com\/wp-content\/uploads\/2025\/12\/vozol-rave-40000-Strawberry-Mango-2-800x800-1.webp","type":"image\/webp"}],"twitter_card":"summary_large_image","twitter_misc":{"Szacowany czas czytania":"2 minuty"},"schema":{"@context":"https:\/\/schema.org","@graph":[{"@type":"WebPage","@id":"https:\/\/vapemaison.com\/product\/rechargeable-vape-vozol-rave-40000-puffs-strawberry-mango-flavor-vozol-vapes\/","url":"https:\/\/vapemaison.com\/product\/rechargeable-vape-vozol-rave-40000-puffs-strawberry-mango-flavor-vozol-vapes\/","name":"Akumulator Vape | VOZOL RAVE 40000 Puffs Strawberry Mango Flavor | VOZOL Vapes","isPartOf":{"@id":"https:\/\/vapemaison.com\/#website"},"primaryImageOfPage":{"@id":"https:\/\/vapemaison.com\/product\/rechargeable-vape-vozol-rave-40000-puffs-strawberry-mango-flavor-vozol-vapes\/#primaryimage"},"image":{"@id":"https:\/\/vapemaison.com\/product\/rechargeable-vape-vozol-rave-40000-puffs-strawberry-mango-flavor-vozol-vapes\/#primaryimage"},"thumbnailUrl":"https:\/\/vapemaison.com\/wp-content\/uploads\/2025\/12\/vozol-rave-40000-Strawberry-Mango-2-800x800-1.webp","datePublished":"2025-12-15T09:13:37+00:00","dateModified":"2025-12-24T06:52:56+00:00","description":"Zanurz si\u0119 w tropikalno-s\u0142odkiej mieszance Strawberry Mango z VOZOL RAVE 40000. G\u0142adki, intensywny smak przez 40000 zaci\u0105gni\u0119\u0107, ze zbiornikiem o pojemno\u015bci 20 ml i \u017cywym \u015bwiat\u0142em LED wykrywaj\u0105cym rytm 270\u00b0. Zdob\u0105d\u017a to, co najlepsze w waporyzatorach VOZOL ju\u017c dzi\u015b, aby odby\u0107 d\u0142ugotrwa\u0142\u0105, satysfakcjonuj\u0105c\u0105 podr\u00f3\u017c smakow\u0105!","breadcrumb":{"@id":"https:\/\/vapemaison.com\/product\/rechargeable-vape-vozol-rave-40000-puffs-strawberry-mango-flavor-vozol-vapes\/#breadcrumb"},"inLanguage":"pl-PL","potentialAction":[{"@type":"ReadAction","target":["https:\/\/vapemaison.com\/product\/rechargeable-vape-vozol-rave-40000-puffs-strawberry-mango-flavor-vozol-vapes\/"]}]},{"@type":"ImageObject","inLanguage":"pl-PL","@id":"https:\/\/vapemaison.com\/product\/rechargeable-vape-vozol-rave-40000-puffs-strawberry-mango-flavor-vozol-vapes\/#primaryimage","url":"https:\/\/vapemaison.com\/wp-content\/uploads\/2025\/12\/vozol-rave-40000-Strawberry-Mango-2-800x800-1.webp","contentUrl":"https:\/\/vapemaison.com\/wp-content\/uploads\/2025\/12\/vozol-rave-40000-Strawberry-Mango-2-800x800-1.webp","width":800,"height":800,"caption":"Vozol Rave Strawberry Mango 2 800x800 Disposable Vape Device"},{"@type":"BreadcrumbList","@id":"https:\/\/vapemaison.com\/product\/rechargeable-vape-vozol-rave-40000-puffs-strawberry-mango-flavor-vozol-vapes\/#breadcrumb","itemListElement":[{"@type":"ListItem","position":1,"name":"\u9996\u9875","item":"https:\/\/vapemaison.com\/"},{"@type":"ListItem","position":2,"name":"Shop","item":"https:\/\/vapemaison.com\/shop\/"},{"@type":"ListItem","position":3,"name":"Vozol","item":"https:\/\/vapemaison.com\/brand\/vozol\/"},{"@type":"ListItem","position":4,"name":"Rechargeable Vape | VOZOL RAVE 40000 Puffs Strawberry Mango Flavor | VOZOL Vapes"}]},{"@type":"WebSite","@id":"https:\/\/vapemaison.com\/#website","url":"https:\/\/vapemaison.com\/","name":"VapeMaison","description":"Wysokiej jako\u015bci urz\u0105dzenia i akcesoria do waporyzacji","publisher":{"@id":"https:\/\/vapemaison.com\/#organization"},"potentialAction":[{"@type":"SearchAction","target":{"@type":"EntryPoint","urlTemplate":"https:\/\/vapemaison.com\/?s={search_term_string}"},"query-input":{"@type":"PropertyValueSpecification","valueRequired":true,"valueName":"search_term_string"}}],"inLanguage":"pl-PL"},{"@type":"Organization","@id":"https:\/\/vapemaison.com\/#organization","name":"VapeMaison","url":"https:\/\/vapemaison.com\/","logo":{"@type":"ImageObject","inLanguage":"pl-PL","@id":"https:\/\/vapemaison.com\/#\/schema\/logo\/image\/","url":"https:\/\/vapemaison.com\/wp-content\/uploads\/2026\/01\/cropped-vapemaison-logo-g-2026.webp","contentUrl":"https:\/\/vapemaison.com\/wp-content\/uploads\/2026\/01\/cropped-vapemaison-logo-g-2026.webp","width":350,"height":280,"caption":"VapeMaison"},"image":{"@id":"https:\/\/vapemaison.com\/#\/schema\/logo\/image\/"},"sameAs":["https:\/\/www.youtube.com\/@VapeMaison"]}]}},"tiered_pricing_type":"fixed","tiered_pricing_fixed_rules":{"30":"12.24","50":"11.63","100":"10.86","200":"9.98"},"tiered_pricing_product_settings":{"layout":"default","base_unit_name":{"singular":null,"plural":null},"default_variation":null},"tiered_pricing_minimum_quantity":10,"tiered_pricing_roles_data":[],"tiered_pricing_percentage_rules":[],"tiered_pricing_maximum_quantity":null,"tiered_pricing_quantity_step":"10","_links":{"self":[{"href":"https:\/\/vapemaison.com\/pl\/wp-json\/wp\/v2\/product\/18694","targetHints":{"allow":["GET"]}}],"collection":[{"href":"https:\/\/vapemaison.com\/pl\/wp-json\/wp\/v2\/product"}],"about":[{"href":"https:\/\/vapemaison.com\/pl\/wp-json\/wp\/v2\/types\/product"}],"replies":[{"embeddable":true,"href":"https:\/\/vapemaison.com\/pl\/wp-json\/wp\/v2\/comments?post=18694"}],"version-history":[{"count":0,"href":"https:\/\/vapemaison.com\/pl\/wp-json\/wp\/v2\/product\/18694\/revisions"}],"wp:featuredmedia":[{"embeddable":true,"href":"https:\/\/vapemaison.com\/pl\/wp-json\/wp\/v2\/media\/19301"}],"wp:attachment":[{"href":"https:\/\/vapemaison.com\/pl\/wp-json\/wp\/v2\/media?parent=18694"}],"wp:term":[{"taxonomy":"product_brand","embeddable":true,"href":"https:\/\/vapemaison.com\/pl\/wp-json\/wp\/v2\/product_brand?post=18694"},{"taxonomy":"product_cat","embeddable":true,"href":"https:\/\/vapemaison.com\/pl\/wp-json\/wp\/v2\/product_cat?post=18694"},{"taxonomy":"product_tag","embeddable":true,"href":"https:\/\/vapemaison.com\/pl\/wp-json\/wp\/v2\/product_tag?post=18694"}],"curies":[{"name":"wp","href":"https:\/\/api.w.org\/{rel}","templated":true}]}}