

{"id":18796,"date":"2025-12-16T07:02:40","date_gmt":"2025-12-16T07:02:40","guid":{"rendered":"https:\/\/vapemaison.com\/?post_type=product&#038;p=18796"},"modified":"2026-05-14T03:28:24","modified_gmt":"2026-05-14T03:28:24","slug":"etui-humo-iphone-14-30000-zaciagniec-jednorazowe-vape","status":"publish","type":"product","link":"https:\/\/vapemaison.com\/pl\/product\/humo-case-iphone-14-30000-puffs-disposable-vape\/","title":{"rendered":"Etui Humo iPhone 14 30000 Puffs jednorazowe Vape"},"content":{"rendered":"<p><strong>Etui HumoCase Ecig na telefon iPhone 14<\/strong><\/p>\n\n\n\n<p>HumoCase \u0142\u0105czy ochron\u0119 telefonu i waporyzacj\u0119 w jednym innowacyjnym urz\u0105dzeniu, zaprojektowanym specjalnie dla u\u017cytkownik\u00f3w iPhone'a 14. Pe\u0142ni ono funkcj\u0119 wytrzyma\u0142ego etui na telefon, a jednocze\u015bnie mie\u015bci w sobie akumulator vape, pozwalaj\u0105c cieszy\u0107 si\u0119 p\u0142ynnym wapowaniem w dowolnym momencie bez konieczno\u015bci noszenia dodatkowych urz\u0105dze\u0144.<\/p>\n\n\n\n<p>Jego kompaktowa, ergonomiczna konstrukcja naturalnie pasuje do codziennego \u017cycia. Niezale\u017cnie od tego, czy jeste\u015b w pracy, na si\u0142owni, czy wychodzisz, HumoCase jest \u0142atwy do przenoszenia bez zwi\u0119kszania obj\u0119to\u015bci. Wbudowana zaawansowana cewka siatkowa zapewnia sp\u00f3jne, p\u0142ynne uderzenia, a d\u0142ugotrwa\u0142a bateria obs\u0142uguje d\u0142u\u017csze sesje waporyzacji.<\/p>\n\n\n\n<p>HumoCase \u0142\u0105czy w sobie praktyczno\u015b\u0107 i technologi\u0119, daj\u0105c u\u017cytkownikom iPhone'a 14 bezproblemowy spos\u00f3b na ochron\u0119 telefonu, jednocze\u015bnie ciesz\u0105c si\u0119 wygod\u0105 waporyzacji.<\/p>\n\n\n\n<p><strong>Specyfikacje<\/strong><\/p>\n\n\n\n<ul class=\"wp-block-list\">\n<li>Liczba zaci\u0105gni\u0119\u0107: 30000<\/li>\n\n\n\n<li>Rezystancja cewki: 1,2\u03a9<\/li>\n\n\n\n<li>Pojemno\u015b\u0107 e-cieczy: 20 ml<\/li>\n\n\n\n<li>Moc nikotyny: 5%<\/li>\n<\/ul>\n\n\n\n<p><strong>Uwaga dotycz\u0105ca bezpiecze\u0144stwa<\/strong><br>Wy\u0142\u0105cznie do u\u017cytku przez osoby doros\u0142e (21+). Przechowywa\u0107 poza zasi\u0119giem dzieci i zwierz\u0105t domowych. Zawiera nikotyn\u0119, uzale\u017cniaj\u0105c\u0105 substancj\u0119 chemiczn\u0105.<\/p>\n\n\n\n<p>Poznaj najnowsze innowacje w dziedzinie przeno\u015bnej waporyzacji na stronie <a href=\"https:\/\/vapemaison.com\/\">VapeMaison<\/a>, gdzie wygoda \u0142\u0105czy si\u0119 ze stylem. Sprawd\u017a pe\u0142n\u0105 gam\u0119 naszych produkt\u00f3w na stronie <a href=\"https:\/\/vapemaison.com\/shop\/\">Sklep<\/a> strona, w tym popularne <strong>Humo Case<\/strong> przez <a href=\"https:\/\/vapemaison.com\/brand\/humocase\/\"><\/a><a href=\"https:\/\/vapemaison.com\/brand\/humocase\/\">Humocase<\/a> to idealne po\u0142\u0105czenie eleganckiego wzornictwa i p\u0142ynnej waporyzacji. Niezale\u017cnie od tego, czy szukasz inteligentnych towarzyszy na co dzie\u0144, czy pomys\u0142\u00f3w na prezent, znajdziesz co\u015b, co pasuje do Twojego stylu \u017cycia.<\/p>\n\n\n\n<p><\/p>","protected":false},"excerpt":{"rendered":"<p data-start=\"132\" data-end=\"389\">Zaprojektowany specjalnie dla <strong data-start=\"158\" data-end=\"171\">iPhone 14<\/strong>, <strong data-start=\"173\" data-end=\"185\">HumoCase<\/strong> pozwala chroni\u0107 telefon i cieszy\u0107 si\u0119 p\u0142ynn\u0105 waporyzacj\u0105 w jednym eleganckim etui z mo\u017cliwo\u015bci\u0105 \u0142adowania. Brak dodatkowych urz\u0105dze\u0144, brak dodatkowych rozmiar\u00f3w - po prostu czyste, wygodne codzienne rozwi\u0105zanie, kt\u00f3re naturalnie pasuje do Twojej rutyny. Je\u015bli cenisz sobie wygod\u0119, inteligentny design i niezawodn\u0105 wydajno\u015b\u0107, HumoCase jest \u0142atwym wyborem do codziennego u\u017cytku.<\/p>","protected":false},"featured_media":18824,"comment_status":"open","ping_status":"closed","template":"","meta":[],"product_brand":[163],"product_cat":[134],"product_tag":[],"class_list":{"0":"post-18796","1":"product","2":"type-product","3":"status-publish","4":"has-post-thumbnail","6":"product_brand-humocase","7":"product_cat-30k-puffs","9":"first","10":"instock","11":"sale","12":"shipping-taxable","13":"purchasable","14":"product-type-variable"},"yoast_head":"<!-- This site is optimized with the Yoast SEO plugin v27.4 - https:\/\/yoast.com\/product\/yoast-seo-wordpress\/ -->\n<title>Humocase Blue Razz Ice Vape | Ecig Phone Case 2025<\/title>\n<meta name=\"description\" content=\"Innovative HumoCase phone case doubles as a vape for iPhone 13 series. Enjoy Blue Razz Ice flavor, smooth hits, and long-lasting battery anytime, anywhere.\" \/>\n<meta name=\"robots\" content=\"index, follow, max-snippet:-1, max-image-preview:large, max-video-preview:-1\" \/>\n<link rel=\"canonical\" href=\"https:\/\/vapemaison.com\/pl\/produkt\/etui-humo-iphone-14-30000-zaciagniec-jednorazowe-vape\/\" \/>\n<meta property=\"og:locale\" content=\"pl_PL\" \/>\n<meta property=\"og:type\" content=\"article\" \/>\n<meta property=\"og:title\" content=\"Humocase Blue Razz Ice Vape | Ecig Phone Case 2025\" \/>\n<meta property=\"og:description\" content=\"Innovative HumoCase phone case doubles as a vape for iPhone 13 series. Enjoy Blue Razz Ice flavor, smooth hits, and long-lasting battery anytime, anywhere.\" \/>\n<meta property=\"og:url\" content=\"https:\/\/vapemaison.com\/pl\/produkt\/etui-humo-iphone-14-30000-zaciagniec-jednorazowe-vape\/\" \/>\n<meta property=\"og:site_name\" content=\"VapeMaison\" \/>\n<meta property=\"article:modified_time\" content=\"2026-05-14T03:28:24+00:00\" \/>\n<meta property=\"og:image\" content=\"https:\/\/vapemaison.com\/wp-content\/uploads\/2025\/12\/humo-case-more-flavor-display.webp\" \/>\n\t<meta property=\"og:image:width\" content=\"1200\" \/>\n\t<meta property=\"og:image:height\" content=\"750\" \/>\n\t<meta property=\"og:image:type\" content=\"image\/webp\" \/>\n<meta name=\"twitter:card\" content=\"summary_large_image\" \/>\n<meta name=\"twitter:label1\" content=\"Szacowany czas czytania\" \/>\n\t<meta name=\"twitter:data1\" content=\"2 minuty\" \/>\n<!-- \/ Yoast SEO plugin. -->","yoast_head_json":{"title":"Etui na telefon Humocase Blue Razz Ice Vape | Ecig 2025","description":"Innowacyjne etui na telefon HumoCase s\u0142u\u017cy r\u00f3wnie\u017c jako waporyzator do iPhone'a z serii 13. Ciesz si\u0119 smakiem Blue Razz Ice, p\u0142ynnymi uderzeniami i d\u0142ugotrwa\u0142\u0105 bateri\u0105 w dowolnym miejscu i czasie.","robots":{"index":"index","follow":"follow","max-snippet":"max-snippet:-1","max-image-preview":"max-image-preview:large","max-video-preview":"max-video-preview:-1"},"canonical":"https:\/\/vapemaison.com\/pl\/produkt\/etui-humo-iphone-14-30000-zaciagniec-jednorazowe-vape\/","og_locale":"pl_PL","og_type":"article","og_title":"Humocase Blue Razz Ice Vape | Ecig Phone Case 2025","og_description":"Innovative HumoCase phone case doubles as a vape for iPhone 13 series. Enjoy Blue Razz Ice flavor, smooth hits, and long-lasting battery anytime, anywhere.","og_url":"https:\/\/vapemaison.com\/pl\/produkt\/etui-humo-iphone-14-30000-zaciagniec-jednorazowe-vape\/","og_site_name":"VapeMaison","article_modified_time":"2026-05-14T03:28:24+00:00","og_image":[{"width":1200,"height":750,"url":"https:\/\/vapemaison.com\/wp-content\/uploads\/2025\/12\/humo-case-more-flavor-display.webp","type":"image\/webp"}],"twitter_card":"summary_large_image","twitter_misc":{"Szacowany czas czytania":"2 minuty"},"schema":{"@context":"https:\/\/schema.org","@graph":[{"@type":"WebPage","@id":"https:\/\/vapemaison.com\/product\/humo-case-iphone-14-30000-puffs-disposable-vape\/","url":"https:\/\/vapemaison.com\/product\/humo-case-iphone-14-30000-puffs-disposable-vape\/","name":"Etui na telefon Humocase Blue Razz Ice Vape | Ecig 2025","isPartOf":{"@id":"https:\/\/vapemaison.com\/#website"},"primaryImageOfPage":{"@id":"https:\/\/vapemaison.com\/product\/humo-case-iphone-14-30000-puffs-disposable-vape\/#primaryimage"},"image":{"@id":"https:\/\/vapemaison.com\/product\/humo-case-iphone-14-30000-puffs-disposable-vape\/#primaryimage"},"thumbnailUrl":"https:\/\/vapemaison.com\/wp-content\/uploads\/2025\/12\/humo-case-more-flavor-display.webp","datePublished":"2025-12-16T07:02:40+00:00","dateModified":"2026-05-14T03:28:24+00:00","description":"Innowacyjne etui na telefon HumoCase s\u0142u\u017cy r\u00f3wnie\u017c jako waporyzator do iPhone'a z serii 13. Ciesz si\u0119 smakiem Blue Razz Ice, p\u0142ynnymi uderzeniami i d\u0142ugotrwa\u0142\u0105 bateri\u0105 w dowolnym miejscu i czasie.","breadcrumb":{"@id":"https:\/\/vapemaison.com\/product\/humo-case-iphone-14-30000-puffs-disposable-vape\/#breadcrumb"},"inLanguage":"pl-PL","potentialAction":[{"@type":"ReadAction","target":["https:\/\/vapemaison.com\/product\/humo-case-iphone-14-30000-puffs-disposable-vape\/"]}]},{"@type":"ImageObject","inLanguage":"pl-PL","@id":"https:\/\/vapemaison.com\/product\/humo-case-iphone-14-30000-puffs-disposable-vape\/#primaryimage","url":"https:\/\/vapemaison.com\/wp-content\/uploads\/2025\/12\/humo-case-more-flavor-display.webp","contentUrl":"https:\/\/vapemaison.com\/wp-content\/uploads\/2025\/12\/humo-case-more-flavor-display.webp","width":1200,"height":750,"caption":"Humo Case More Flavor Display"},{"@type":"BreadcrumbList","@id":"https:\/\/vapemaison.com\/product\/humo-case-iphone-14-30000-puffs-disposable-vape\/#breadcrumb","itemListElement":[{"@type":"ListItem","position":1,"name":"\u9996\u9875","item":"https:\/\/vapemaison.com\/"},{"@type":"ListItem","position":2,"name":"Shop","item":"https:\/\/vapemaison.com\/shop\/"},{"@type":"ListItem","position":3,"name":"HumoCase","item":"https:\/\/vapemaison.com\/brand\/humocase\/"},{"@type":"ListItem","position":4,"name":"Humo Case iPhone 14 30000 Puffs Disposable Vape"}]},{"@type":"WebSite","@id":"https:\/\/vapemaison.com\/#website","url":"https:\/\/vapemaison.com\/","name":"VapeMaison","description":"Wysokiej jako\u015bci urz\u0105dzenia i akcesoria do waporyzacji","publisher":{"@id":"https:\/\/vapemaison.com\/#organization"},"potentialAction":[{"@type":"SearchAction","target":{"@type":"EntryPoint","urlTemplate":"https:\/\/vapemaison.com\/?s={search_term_string}"},"query-input":{"@type":"PropertyValueSpecification","valueRequired":true,"valueName":"search_term_string"}}],"inLanguage":"pl-PL"},{"@type":"Organization","@id":"https:\/\/vapemaison.com\/#organization","name":"VapeMaison","url":"https:\/\/vapemaison.com\/","logo":{"@type":"ImageObject","inLanguage":"pl-PL","@id":"https:\/\/vapemaison.com\/#\/schema\/logo\/image\/","url":"https:\/\/vapemaison.com\/wp-content\/uploads\/2026\/01\/cropped-vapemaison-logo-g-2026.webp","contentUrl":"https:\/\/vapemaison.com\/wp-content\/uploads\/2026\/01\/cropped-vapemaison-logo-g-2026.webp","width":350,"height":280,"caption":"VapeMaison"},"image":{"@id":"https:\/\/vapemaison.com\/#\/schema\/logo\/image\/"},"sameAs":["https:\/\/www.youtube.com\/@VapeMaison"]}]}},"tiered_pricing_type":"fixed","tiered_pricing_fixed_rules":{"30":"9.78","50":"8.44","100":"7.86","200":"6.25"},"tiered_pricing_product_settings":{"layout":"default","base_unit_name":{"singular":null,"plural":null},"default_variation":null},"tiered_pricing_minimum_quantity":5,"tiered_pricing_roles_data":[],"tiered_pricing_percentage_rules":[],"tiered_pricing_maximum_quantity":null,"tiered_pricing_quantity_step":"5","_links":{"self":[{"href":"https:\/\/vapemaison.com\/pl\/wp-json\/wp\/v2\/product\/18796","targetHints":{"allow":["GET"]}}],"collection":[{"href":"https:\/\/vapemaison.com\/pl\/wp-json\/wp\/v2\/product"}],"about":[{"href":"https:\/\/vapemaison.com\/pl\/wp-json\/wp\/v2\/types\/product"}],"replies":[{"embeddable":true,"href":"https:\/\/vapemaison.com\/pl\/wp-json\/wp\/v2\/comments?post=18796"}],"version-history":[{"count":1,"href":"https:\/\/vapemaison.com\/pl\/wp-json\/wp\/v2\/product\/18796\/revisions"}],"predecessor-version":[{"id":30314,"href":"https:\/\/vapemaison.com\/pl\/wp-json\/wp\/v2\/product\/18796\/revisions\/30314"}],"wp:featuredmedia":[{"embeddable":true,"href":"https:\/\/vapemaison.com\/pl\/wp-json\/wp\/v2\/media\/18824"}],"wp:attachment":[{"href":"https:\/\/vapemaison.com\/pl\/wp-json\/wp\/v2\/media?parent=18796"}],"wp:term":[{"taxonomy":"product_brand","embeddable":true,"href":"https:\/\/vapemaison.com\/pl\/wp-json\/wp\/v2\/product_brand?post=18796"},{"taxonomy":"product_cat","embeddable":true,"href":"https:\/\/vapemaison.com\/pl\/wp-json\/wp\/v2\/product_cat?post=18796"},{"taxonomy":"product_tag","embeddable":true,"href":"https:\/\/vapemaison.com\/pl\/wp-json\/wp\/v2\/product_tag?post=18796"}],"curies":[{"name":"wp","href":"https:\/\/api.w.org\/{rel}","templated":true}]}}