

{"id":18898,"date":"2025-12-16T10:15:37","date_gmt":"2025-12-16T10:15:37","guid":{"rendered":"https:\/\/vapemaison.com\/?post_type=product&#038;p=18898"},"modified":"2026-03-08T17:54:01","modified_gmt":"2026-03-08T17:54:01","slug":"humo-azul-24000-puffow-vape-arbuz-lod","status":"publish","type":"product","link":"https:\/\/vapemaison.com\/pl\/product\/humo-azul-24000-puffs-vape-watermelon-ice\/","title":{"rendered":"Humo Azul 24000 Puffs Vape - Watermelon Ice"},"content":{"rendered":"<h3 class=\"wp-block-heading\"><strong>Humo Azul 24000 puff\u00f3w jednorazowego u\u017cytku - arbuzowy l\u00f3d<\/strong><\/h3>\n\n\n\n<p>Humo Azul 24000 Puffs Disposable Vape in Watermelon Ice jest przeznaczony dla vaper\u00f3w, kt\u00f3rzy ceni\u0105 sobie d\u0142ugotrwa\u0142\u0105 wydajno\u015b\u0107 i orze\u017awiaj\u0105cy smak. Dzi\u0119ki imponuj\u0105cej pojemno\u015bci wynosz\u0105cej do 24 000 zaci\u0105gni\u0119\u0107, urz\u0105dzenie to oferuje d\u0142ugi czas u\u017cytkowania przy zachowaniu sta\u0142ej jako\u015bci pary od pocz\u0105tku do ko\u0144ca.<\/p>\n\n\n\n<p>Wyposa\u017cony w zaawansowan\u0105 technologi\u0119 cewek siatkowych, Humo Azul zapewnia g\u0142adk\u0105, r\u00f3wnomiernie podgrzan\u0105 par\u0119 dla czystego i stabilnego zaci\u0105gania si\u0119. Wbudowany akumulator o pojemno\u015bci 600 mAh zapewnia niezawodn\u0105 moc podczas codziennego u\u017cytkowania, a port \u0142adowania typu C umo\u017cliwia szybkie i wygodne \u0142adowanie.<\/p>\n\n\n\n<figure class=\"wp-block-embed is-type-video is-provider-youtube wp-block-embed-youtube wp-embed-aspect-9-16 wp-has-aspect-ratio\"><div class=\"wp-block-embed__wrapper\">\n<div class=\"video-container\"><iframe title=\"Humo Azul 24000 Puffs Vape - Unboxing i jak u\u017cywa\u0107 | Smak lodu arbuzowego\" width=\"563\" height=\"1000\" src=\"https:\/\/www.youtube.com\/embed\/U0POWHMEwbU?feature=oembed\" frameborder=\"0\" allow=\"accelerometer; autoplay; clipboard-write; encrypted-media; gyroscope; picture-in-picture; web-share\" referrerpolicy=\"strict-origin-when-cross-origin\" allowfullscreen><\/iframe><\/div>\n<\/div><\/figure>\n\n\n\n<p><strong>Arbuzowe doznania smakowe<\/strong><br>Watermelon Ice \u0142\u0105czy w sobie soczyst\u0105 s\u0142odycz dojrza\u0142ego arbuza z lekkim ch\u0142odz\u0105cym wyko\u0144czeniem. Ka\u017cde zaci\u0105gni\u0119cie si\u0119 zapewnia \u015bwie\u017cy, rze\u015bki smak, po kt\u00f3rym nast\u0119puje g\u0142adkie uczucie lodu, tworz\u0105c zr\u00f3wnowa\u017cone i orze\u017awiaj\u0105ce doznania podczas waporyzacji bez przyt\u0142aczaj\u0105cej s\u0142odyczy.<\/p>\n\n\n\n<p>Dzi\u0119ki zawarto\u015bci nikotyny 2%, Humo Azul zapewnia satysfakcjonuj\u0105ce, a jednocze\u015bnie \u0142agodne uderzenie w gard\u0142o, dzi\u0119ki czemu nadaje si\u0119 zar\u00f3wno dla regularnych, jak i okazjonalnych waper\u00f3w. Zaprojektowany z my\u015bl\u0105 o wygodzie i trwa\u0142o\u015bci, jest idealnym wyborem dla os\u00f3b poszukuj\u0105cych niezawodnego jednorazowego waporyzatora o czystym owocowym profilu.<\/p>\n\n\n\n<p><strong>Kluczowe cechy<\/strong><\/p>\n\n\n\n<ul class=\"wp-block-list\">\n<li>Do 24 000 zaci\u0105gni\u0119\u0107 na urz\u0105dzenie<\/li>\n\n\n\n<li>Smak Watermelon Ice<\/li>\n\n\n\n<li>Technologia cewki siatkowej dla sp\u00f3jnej pary<\/li>\n\n\n\n<li>Akumulator o pojemno\u015bci 600 mAh<\/li>\n\n\n\n<li>Szybkie \u0142adowanie typu C<\/li>\n\n\n\n<li>Moc nikotyny 2%<\/li>\n<\/ul>\n\n\n\n<p>Poznaj \u015bwiat waporyzacji premium na stronie <a href=\"https:\/\/vapemaison.com\/\">VapeMaison<\/a>, gdzie innowacja \u0142\u0105czy si\u0119 ze stylem. Przegl\u0105daj nasz\u0105 pe\u0142n\u0105 kolekcj\u0119 na <a href=\"https:\/\/vapemaison.com\/shop\/\">Sklep<\/a> lub odkryj popularn\u0105 stron\u0119 <a href=\"https:\/\/vapemaison.com\/brand\/humo-azul\/\">Kolekcja marki Humo Vape<\/a> oraz <a href=\"https:\/\/vapemaison.com\/brand\/bang\/\">Bang<\/a> produkty, uwielbiane przez vaper\u00f3w na ca\u0142ym \u015bwiecie. Szukasz wi\u0119cej opcji? Sprawd\u017a wszystkie nasze <a href=\"https:\/\/vapemaison.com\/product-category\/puffs-count\/\">Puffy<\/a> urz\u0105dzenia i znale\u017a\u0107 idealne dopasowanie do swojego gustu i stylu \u017cycia.<\/p>\n\n\n\n<p><\/p>","protected":false},"excerpt":{"rendered":"<p data-start=\"103\" data-end=\"367\">The <strong data-start=\"107\" data-end=\"165\">Humo Azul 24000 puff\u00f3w jednorazowego u\u017cytku - arbuzowy l\u00f3d<\/strong> oferuje d\u0142ugotrwa\u0142\u0105 wydajno\u015b\u0107 i g\u0142adki, orze\u017awiaj\u0105cy smak. Zaprojektowany z my\u015bl\u0105 o sp\u00f3jnej parze od pierwszego do ostatniego zaci\u0105gni\u0119cia, zapewnia czysty smak arbuza zr\u00f3wnowa\u017cony lekkim lodowym wyko\u0144czeniem. Niezawodny, \u0142adowalny i \u0142atwy w u\u017cyciu, jest solidn\u0105 opcj\u0105 na co dzie\u0144 dla vaper\u00f3w, kt\u00f3rzy chc\u0105 przed\u0142u\u017cy\u0107 u\u017cytkowanie bez po\u015bwi\u0119cania smaku lub komfortu.<\/p>","protected":false},"featured_media":8996,"comment_status":"open","ping_status":"closed","template":"","meta":[],"product_brand":[166],"product_cat":[292],"product_tag":[],"class_list":{"0":"post-18898","1":"product","2":"type-product","3":"status-publish","4":"has-post-thumbnail","6":"product_brand-humo-azul","7":"product_cat-24k-puffs","9":"first","10":"instock","11":"sale","12":"shipping-taxable","13":"purchasable","14":"product-type-variable"},"yoast_head":"<!-- This site is optimized with the Yoast SEO plugin v27.4 - https:\/\/yoast.com\/product\/yoast-seo-wordpress\/ -->\n<title>Humo Azul 24000 Puffs Disposable Vape \u2013 Watermelon Ice<\/title>\n<meta name=\"description\" content=\"Enjoy Humo Azul Watermelon Ice disposable vape with up to 24k puffs, mesh coil technology, 600mAh rechargeable battery,and smooth 2% nicotine.\" \/>\n<meta name=\"robots\" content=\"index, follow, max-snippet:-1, max-image-preview:large, max-video-preview:-1\" \/>\n<link rel=\"canonical\" href=\"https:\/\/vapemaison.com\/pl\/produkt\/humo-azul-24000-puffow-vape-arbuz-lod\/\" \/>\n<meta property=\"og:locale\" content=\"pl_PL\" \/>\n<meta property=\"og:type\" content=\"article\" \/>\n<meta property=\"og:title\" content=\"Humo Azul 24000 Puffs Disposable Vape \u2013 Watermelon Ice\" \/>\n<meta property=\"og:description\" content=\"Enjoy Humo Azul Watermelon Ice disposable vape with up to 24k puffs, mesh coil technology, 600mAh rechargeable battery,and smooth 2% nicotine.\" \/>\n<meta property=\"og:url\" content=\"https:\/\/vapemaison.com\/pl\/produkt\/humo-azul-24000-puffow-vape-arbuz-lod\/\" \/>\n<meta property=\"og:site_name\" content=\"VapeMaison\" \/>\n<meta property=\"article:modified_time\" content=\"2026-03-08T17:54:01+00:00\" \/>\n<meta property=\"og:image\" content=\"https:\/\/vapemaison.com\/wp-content\/uploads\/2025\/10\/humo-azul-24000-puffs-flavor-watermelon-ice-picture-scaled.png\" \/>\n\t<meta property=\"og:image:width\" content=\"2560\" \/>\n\t<meta property=\"og:image:height\" content=\"2560\" \/>\n\t<meta property=\"og:image:type\" content=\"image\/png\" \/>\n<meta name=\"twitter:card\" content=\"summary_large_image\" \/>\n<meta name=\"twitter:label1\" content=\"Szacowany czas czytania\" \/>\n\t<meta name=\"twitter:data1\" content=\"2 minuty\" \/>\n<!-- \/ Yoast SEO plugin. -->","yoast_head_json":{"title":"Humo Azul 24000 puff\u00f3w jednorazowego u\u017cytku - arbuzowy l\u00f3d","description":"Ciesz si\u0119 jednorazowym waporyzatorem Humo Azul Watermelon Ice z nawet 24 tysi\u0105cami zaci\u0105gni\u0119\u0107, technologi\u0105 cewki siatkowej, akumulatorem 600 mAh i p\u0142ynn\u0105 nikotyn\u0105 2%.","robots":{"index":"index","follow":"follow","max-snippet":"max-snippet:-1","max-image-preview":"max-image-preview:large","max-video-preview":"max-video-preview:-1"},"canonical":"https:\/\/vapemaison.com\/pl\/produkt\/humo-azul-24000-puffow-vape-arbuz-lod\/","og_locale":"pl_PL","og_type":"article","og_title":"Humo Azul 24000 Puffs Disposable Vape \u2013 Watermelon Ice","og_description":"Enjoy Humo Azul Watermelon Ice disposable vape with up to 24k puffs, mesh coil technology, 600mAh rechargeable battery,and smooth 2% nicotine.","og_url":"https:\/\/vapemaison.com\/pl\/produkt\/humo-azul-24000-puffow-vape-arbuz-lod\/","og_site_name":"VapeMaison","article_modified_time":"2026-03-08T17:54:01+00:00","og_image":[{"width":2560,"height":2560,"url":"https:\/\/vapemaison.com\/wp-content\/uploads\/2025\/10\/humo-azul-24000-puffs-flavor-watermelon-ice-picture-scaled.png","type":"image\/png"}],"twitter_card":"summary_large_image","twitter_misc":{"Szacowany czas czytania":"2 minuty"},"schema":{"@context":"https:\/\/schema.org","@graph":[{"@type":"WebPage","@id":"https:\/\/vapemaison.com\/product\/humo-azul-24000-puffs-vape-watermelon-ice\/","url":"https:\/\/vapemaison.com\/product\/humo-azul-24000-puffs-vape-watermelon-ice\/","name":"Humo Azul 24000 puff\u00f3w jednorazowego u\u017cytku - arbuzowy l\u00f3d","isPartOf":{"@id":"https:\/\/vapemaison.com\/#website"},"primaryImageOfPage":{"@id":"https:\/\/vapemaison.com\/product\/humo-azul-24000-puffs-vape-watermelon-ice\/#primaryimage"},"image":{"@id":"https:\/\/vapemaison.com\/product\/humo-azul-24000-puffs-vape-watermelon-ice\/#primaryimage"},"thumbnailUrl":"https:\/\/vapemaison.com\/wp-content\/uploads\/2025\/10\/humo-azul-24000-puffs-flavor-watermelon-ice-picture-scaled.png","datePublished":"2025-12-16T10:15:37+00:00","dateModified":"2026-03-08T17:54:01+00:00","description":"Ciesz si\u0119 jednorazowym waporyzatorem Humo Azul Watermelon Ice z nawet 24 tysi\u0105cami zaci\u0105gni\u0119\u0107, technologi\u0105 cewki siatkowej, akumulatorem 600 mAh i p\u0142ynn\u0105 nikotyn\u0105 2%.","breadcrumb":{"@id":"https:\/\/vapemaison.com\/product\/humo-azul-24000-puffs-vape-watermelon-ice\/#breadcrumb"},"inLanguage":"pl-PL","potentialAction":[{"@type":"ReadAction","target":["https:\/\/vapemaison.com\/product\/humo-azul-24000-puffs-vape-watermelon-ice\/"]}]},{"@type":"ImageObject","inLanguage":"pl-PL","@id":"https:\/\/vapemaison.com\/product\/humo-azul-24000-puffs-vape-watermelon-ice\/#primaryimage","url":"https:\/\/vapemaison.com\/wp-content\/uploads\/2025\/10\/humo-azul-24000-puffs-flavor-watermelon-ice-picture-scaled.png","contentUrl":"https:\/\/vapemaison.com\/wp-content\/uploads\/2025\/10\/humo-azul-24000-puffs-flavor-watermelon-ice-picture-scaled.png","width":2560,"height":2560,"caption":"humo-azul-24000-puffs-flavor-watermelon-ice-picture"},{"@type":"BreadcrumbList","@id":"https:\/\/vapemaison.com\/product\/humo-azul-24000-puffs-vape-watermelon-ice\/#breadcrumb","itemListElement":[{"@type":"ListItem","position":1,"name":"\u9996\u9875","item":"https:\/\/vapemaison.com\/"},{"@type":"ListItem","position":2,"name":"Shop","item":"https:\/\/vapemaison.com\/shop\/"},{"@type":"ListItem","position":3,"name":"Humo Azul","item":"https:\/\/vapemaison.com\/brand\/humo-azul\/"},{"@type":"ListItem","position":4,"name":"Humo Azul 24000 Puffs Vape \u2013 Watermelon Ice"}]},{"@type":"WebSite","@id":"https:\/\/vapemaison.com\/#website","url":"https:\/\/vapemaison.com\/","name":"VapeMaison","description":"Wysokiej jako\u015bci urz\u0105dzenia i akcesoria do waporyzacji","publisher":{"@id":"https:\/\/vapemaison.com\/#organization"},"potentialAction":[{"@type":"SearchAction","target":{"@type":"EntryPoint","urlTemplate":"https:\/\/vapemaison.com\/?s={search_term_string}"},"query-input":{"@type":"PropertyValueSpecification","valueRequired":true,"valueName":"search_term_string"}}],"inLanguage":"pl-PL"},{"@type":"Organization","@id":"https:\/\/vapemaison.com\/#organization","name":"VapeMaison","url":"https:\/\/vapemaison.com\/","logo":{"@type":"ImageObject","inLanguage":"pl-PL","@id":"https:\/\/vapemaison.com\/#\/schema\/logo\/image\/","url":"https:\/\/vapemaison.com\/wp-content\/uploads\/2026\/01\/cropped-vapemaison-logo-g-2026.webp","contentUrl":"https:\/\/vapemaison.com\/wp-content\/uploads\/2026\/01\/cropped-vapemaison-logo-g-2026.webp","width":350,"height":280,"caption":"VapeMaison"},"image":{"@id":"https:\/\/vapemaison.com\/#\/schema\/logo\/image\/"},"sameAs":["https:\/\/www.youtube.com\/@VapeMaison"]}]}},"tiered_pricing_type":"fixed","tiered_pricing_fixed_rules":{"30":"8.48","50":"7.99","100":"7.34","200":"6.78"},"tiered_pricing_product_settings":{"layout":"default","base_unit_name":{"singular":null,"plural":null},"default_variation":null},"tiered_pricing_minimum_quantity":10,"tiered_pricing_roles_data":[],"tiered_pricing_percentage_rules":[],"tiered_pricing_maximum_quantity":null,"tiered_pricing_quantity_step":"10","_links":{"self":[{"href":"https:\/\/vapemaison.com\/pl\/wp-json\/wp\/v2\/product\/18898","targetHints":{"allow":["GET"]}}],"collection":[{"href":"https:\/\/vapemaison.com\/pl\/wp-json\/wp\/v2\/product"}],"about":[{"href":"https:\/\/vapemaison.com\/pl\/wp-json\/wp\/v2\/types\/product"}],"replies":[{"embeddable":true,"href":"https:\/\/vapemaison.com\/pl\/wp-json\/wp\/v2\/comments?post=18898"}],"version-history":[{"count":2,"href":"https:\/\/vapemaison.com\/pl\/wp-json\/wp\/v2\/product\/18898\/revisions"}],"predecessor-version":[{"id":25482,"href":"https:\/\/vapemaison.com\/pl\/wp-json\/wp\/v2\/product\/18898\/revisions\/25482"}],"wp:featuredmedia":[{"embeddable":true,"href":"https:\/\/vapemaison.com\/pl\/wp-json\/wp\/v2\/media\/8996"}],"wp:attachment":[{"href":"https:\/\/vapemaison.com\/pl\/wp-json\/wp\/v2\/media?parent=18898"}],"wp:term":[{"taxonomy":"product_brand","embeddable":true,"href":"https:\/\/vapemaison.com\/pl\/wp-json\/wp\/v2\/product_brand?post=18898"},{"taxonomy":"product_cat","embeddable":true,"href":"https:\/\/vapemaison.com\/pl\/wp-json\/wp\/v2\/product_cat?post=18898"},{"taxonomy":"product_tag","embeddable":true,"href":"https:\/\/vapemaison.com\/pl\/wp-json\/wp\/v2\/product_tag?post=18898"}],"curies":[{"name":"wp","href":"https:\/\/api.w.org\/{rel}","templated":true}]}}