

{"id":18935,"date":"2025-12-17T05:56:45","date_gmt":"2025-12-17T05:56:45","guid":{"rendered":"https:\/\/vapemaison.com\/?post_type=product&#038;p=18935"},"modified":"2026-01-09T08:34:20","modified_gmt":"2026-01-09T08:34:20","slug":"bang-leader-stoll-100k-100000-puff-4-w-1-smaki-wyswietlacz-led-jednorazowe-vape","status":"publish","type":"product","link":"https:\/\/vapemaison.com\/pl\/product\/bang-leader-stoll-100k-100000-puffs-4-in-1-flavors-led-display-disposable-vape\/","title":{"rendered":"Bang Leader Stoll 100K 100000 Puffs 4 w 1 Smaki i wy\u015bwietlacz LED Jednorazowe Vape"},"content":{"rendered":"<h2 class=\"wp-block-heading\"><strong>Vape jednorazowe Bang Leader Stoll 100K - 100 000 zaci\u0105gni\u0119\u0107<\/strong><\/h2>\n\n\n\n<p>The <strong>Vape jednorazowe Bang Leader Stoll 100K<\/strong> zosta\u0142 zaprojektowany dla u\u017cytkownik\u00f3w, kt\u00f3rzy wymagaj\u0105 ekstremalnej trwa\u0142o\u015bci, pot\u0119\u017cnej wydajno\u015bci i dostarczania najwy\u017cszej jako\u015bci smaku. Dzi\u0119ki niesamowitej pojemno\u015bci do <strong>100 000 zaci\u0105gni\u0119\u0107<\/strong>, Urz\u0105dzenie to znacznie zmniejsza cz\u0119stotliwo\u015b\u0107 wymiany, zachowuj\u0105c sta\u0142\u0105 jako\u015b\u0107 przez ca\u0142y okres u\u017cytkowania.<\/p>\n\n\n\n<p>Zaprojektowany z <strong>System aromat\u00f3w 4 w 1<\/strong>, Stoll 100K posiada nast\u0119puj\u0105ce cechy <strong>4 oddzielne komory na e-liquid o pojemno\u015bci 14 ml<\/strong>, dzi\u0119ki czemu u\u017cytkownicy mog\u0105 bez wysi\u0142ku prze\u0142\u0105cza\u0107 si\u0119 mi\u0119dzy smakami w jednym urz\u0105dzeniu. Ta innowacyjna konstrukcja zapewnia r\u00f3\u017cnorodno\u015b\u0107, wygod\u0119 i od\u015bwie\u017cone doznania podczas waporyzacji w dowolnym momencie.<\/p>\n\n\n\n<p>W swojej podstawowej funkcji urz\u0105dzenie wykorzystuje <strong>Technologia Quad 1.0\u03a9 Mesh Coil<\/strong>, zapewniaj\u0105c r\u00f3wnomierne nagrzewanie, zwi\u0119kszon\u0105 intensywno\u015b\u0107 smaku i p\u0142ynn\u0105 produkcj\u0119 pary od pierwszego do ostatniego zaci\u0105gni\u0119cia. Wydajno\u015b\u0107 pozostaje stabilna, nawet przy d\u0142u\u017cszym u\u017cytkowaniu.<\/p>\n\n\n\n<p>Wbudowany <strong>Inteligentny wy\u015bwietlacz LED<\/strong> zapewnia widoczno\u015b\u0107 poziomu na\u0142adowania baterii i stanu e-liquidu w czasie rzeczywistym, umo\u017cliwiaj\u0105c u\u017cytkownikom \u0142atwe monitorowanie zu\u017cycia i waporyzacj\u0119 z pewno\u015bci\u0105 siebie.<\/p>\n\n\n\n<p>Zasilany przez <strong>Akumulator o pojemno\u015bci 850 mAh<\/strong>, Lider Bang Stoll popiera <strong>Szybkie \u0142adowanie przez USB typu C<\/strong>, minimalizuj\u0105c przestoje i zapewniaj\u0105c ci\u0105g\u0142\u0105 wydajno\u015b\u0107. W pe\u0142ni <strong>Zgodno\u015b\u0107 z dyrektyw\u0105 TPD<\/strong>, Spe\u0142nia normy regulacyjne i bezpiecze\u0144stwa UE, dzi\u0119ki czemu nadaje si\u0119 na rynek europejski.<\/p>\n\n\n\n<p>Z <strong>Dost\u0119pnych jest 10 kombinacji smakowych<\/strong>, Urz\u0105dzenie to zapewnia wszechstronno\u015b\u0107, niezawodno\u015b\u0107 i najwy\u017cszej jako\u015bci wra\u017cenia z waporyzacji - idealne zar\u00f3wno do u\u017cytku osobistego, jak i sprzeda\u017cy detalicznej.<\/p>\n\n\n\n<h3 class=\"wp-block-heading\"><strong>Kluczowe cechy<\/strong><\/h3>\n\n\n\n<ul class=\"wp-block-list\">\n<li>Do <strong>100 000 zaci\u0105gni\u0119\u0107<\/strong> na urz\u0105dzenie<\/li>\n\n\n\n<li><strong>4 \u00d7 14 ml<\/strong> Pojemno\u015b\u0107 e-liquidu (4 smaki w jednym urz\u0105dzeniu)<\/li>\n\n\n\n<li><strong>Siatkowe cewki Quad 1,0\u03a9<\/strong> dla lepszego smaku i g\u0142adkiej pary<\/li>\n\n\n\n<li><strong>Akumulator o pojemno\u015bci 850 mAh<\/strong><\/li>\n\n\n\n<li><strong>Szybkie \u0142adowanie przez USB typu C<\/strong><\/li>\n\n\n\n<li><strong>Inteligentny ekran LED<\/strong> (wska\u017aniki baterii i e-cieczy)<\/li>\n\n\n\n<li><strong>Moc nikotyny:<\/strong> 2%, 3%, 5%<\/li>\n\n\n\n<li><strong>Zgodno\u015b\u0107 z dyrektyw\u0105 TPD<\/strong> (norma UE)<\/li>\n\n\n\n<li><strong>Dost\u0119pnych jest 10 wariant\u00f3w smakowych<\/strong><\/li>\n\n\n\n<li><strong>Opakowanie:<\/strong> 10 sztuk w opakowaniu<\/li>\n<\/ul>\n\n\n\n<h3 class=\"wp-block-heading\"><strong>Kombinacje smak\u00f3w<\/strong><\/h3>\n\n\n\n<ul class=\"wp-block-list\">\n<li>Lemon Lime \/ Watermelon Ice \/ Black Dragon Ice \/ Dragon Fruit Strawberry \/ Love 666<\/li>\n\n\n\n<li>Vanilla Cola \/ Lemon Peach \/ Strawberry Raspberry Cherry Ice \/ Grape Ice<\/li>\n\n\n\n<li>Grape Burst \/ Lychee Ice \/ Peach Berry \/ Kiwi Passion Fruit Guava<\/li>\n\n\n\n<li>Watermelon Ice \/ Strawberry Mango \/ Blueberry Ice \/ Fizzy Cherry<\/li>\n\n\n\n<li>Truskawkowy arbuz \/ Wi\u015bniowa cola \/ Soczysty l\u00f3d brzoskwiniowy \/ Grejpfrutowy orze\u017awiaj\u0105cy<\/li>\n\n\n\n<li>Lemon Lime \/ Strawberry Ice \/ Raspberry Watermelon \/ Fizzy Cherry<\/li>\n\n\n\n<li>Pink Lemonade \/ Kiwi Passion Fruit Guava \/ Peach Berry \/ Strawberry Banana<\/li>\n\n\n\n<li>Strawberry Mango \/ Blue Razz Lemonade \/ Vanilla Ice Cream \/ Sour Triple Berry<\/li>\n\n\n\n<li>Mixed Berry \/ Cherry Lemon \/ Strawberry Kiwi \/ Strawberry Watermelon Bubblegum<\/li>\n\n\n\n<li>Mojito \/ Monster Mango \/ Lady Killer \/ Pink Lemonade<\/li>\n<\/ul>\n\n\n\n<h3 class=\"wp-block-heading\"><strong>Idealny dla<\/strong><\/h3>\n\n\n\n<ul class=\"wp-block-list\">\n<li>U\u017cytkownicy szukaj\u0105cy <strong>Maksymalna wydajno\u015b\u0107 nadmuchu<\/strong><\/li>\n\n\n\n<li>Vaperzy, kt\u00f3rzy lubi\u0105 <strong>Wiele smak\u00f3w w jednym urz\u0105dzeniu<\/strong><\/li>\n\n\n\n<li>Detali\u015bci i hurtownicy poszukuj\u0105cy <strong>Produkty p\u00f3\u0142kowe o wysokiej warto\u015bci<\/strong><\/li>\n\n\n\n<li>Rynki UE wymagaj\u0105ce <strong>Urz\u0105dzenia zgodne z TPD<\/strong><\/li>\n<\/ul>\n\n\n\n<p>Fani produkt\u00f3w Bang cz\u0119sto eksploruj\u0105 nasz\u0105 pe\u0142n\u0105 ofert\u0119, aby znale\u017a\u0107 sw\u00f3j idealny waporyzator. Zacznij od <a href=\"https:\/\/vapemaison.com\">strona g\u0142\u00f3wna<\/a>, odkryj wszystkie produkty w naszym <a href=\"https:\/\/vapemaison.com\/shop\">sklep<\/a>, lub zanurzy\u0107 si\u0119 w <a href=\"https:\/\/vapemaison.com\/brand\/bang\">Marka Bang<\/a> aby zobaczy\u0107 pe\u0142n\u0105 ofert\u0119. Szukasz czego\u015b innego? Nasz <a href=\"https:\/\/vapemaison.com\/brand\/waspe\">Kolekcja WASPE<\/a> oraz <a href=\"https:\/\/vapemaison.com\/product-category\/puffs-count\/\">Kategoria Puffy<\/a> maj\u0105 wiele opcji dla ka\u017cdego wapera.<\/p>","protected":false},"excerpt":{"rendered":"<p>Ciesz si\u0119 100 000 zaci\u0105gni\u0119\u0107 i unikalnym systemem smakowym 4 w 1, kt\u00f3ry pozwala prze\u0142\u0105cza\u0107 si\u0119 mi\u0119dzy czterema r\u00f3\u017cnymi smakami w jednym inteligentnym urz\u0105dzeniu zgodnym z TPD. Ju\u017c dzi\u015b zapewnij sobie t\u0119 pot\u0119\u017cn\u0105 moc, aby ulepszy\u0107 swoje wra\u017cenia dzi\u0119ki naszej aktualnej gwarancji szybkiej wysy\u0142ki, zanim nast\u0119pna partia zostanie wyprzedana.<\/p>","protected":false},"featured_media":18944,"comment_status":"open","ping_status":"closed","template":"","meta":[],"product_brand":[57],"product_cat":[151],"product_tag":[],"class_list":{"0":"post-18935","1":"product","2":"type-product","3":"status-publish","4":"has-post-thumbnail","6":"product_brand-bang","7":"product_cat-100k-puffs","9":"first","10":"instock","11":"sale","12":"featured","13":"shipping-taxable","14":"purchasable","15":"product-type-variable"},"yoast_head":"<!-- This site is optimized with the Yoast SEO plugin v27.4 - https:\/\/yoast.com\/product\/yoast-seo-wordpress\/ -->\n<title>Bang Leader Stoll 100K Disposable Vape \u2013 4-in-1 Flavor<\/title>\n<meta name=\"description\" content=\"Bang Leader Stoll 100K disposable vape delivers up to 100,000 puffs with 4-in-1 flavor design, smooth vapor, and powerful performance for long-term vaping.\" \/>\n<meta name=\"robots\" content=\"index, follow, max-snippet:-1, max-image-preview:large, max-video-preview:-1\" \/>\n<link rel=\"canonical\" href=\"https:\/\/vapemaison.com\/pl\/produkt\/bang-leader-stoll-100k-100000-puff-4-w-1-smaki-wyswietlacz-led-jednorazowe-vape\/\" \/>\n<meta property=\"og:locale\" content=\"pl_PL\" \/>\n<meta property=\"og:type\" content=\"article\" \/>\n<meta property=\"og:title\" content=\"Bang Leader Stoll 100K Disposable Vape \u2013 4-in-1 Flavor\" \/>\n<meta property=\"og:description\" content=\"Bang Leader Stoll 100K disposable vape delivers up to 100,000 puffs with 4-in-1 flavor design, smooth vapor, and powerful performance for long-term vaping.\" \/>\n<meta property=\"og:url\" content=\"https:\/\/vapemaison.com\/pl\/produkt\/bang-leader-stoll-100k-100000-puff-4-w-1-smaki-wyswietlacz-led-jednorazowe-vape\/\" \/>\n<meta property=\"og:site_name\" content=\"VapeMaison\" \/>\n<meta property=\"article:modified_time\" content=\"2026-01-09T08:34:20+00:00\" \/>\n<meta property=\"og:image\" content=\"https:\/\/vapemaison.com\/wp-content\/uploads\/2025\/12\/bang-leader-stoll-100k-100000-puffs-strawberry-mango-blue-razz-lemonade-vanilla-ice-cream-sour-triple-berry.jpg.webp\" \/>\n\t<meta property=\"og:image:width\" content=\"800\" \/>\n\t<meta property=\"og:image:height\" content=\"800\" \/>\n\t<meta property=\"og:image:type\" content=\"image\/webp\" \/>\n<meta name=\"twitter:card\" content=\"summary_large_image\" \/>\n<meta name=\"twitter:label1\" content=\"Szacowany czas czytania\" \/>\n\t<meta name=\"twitter:data1\" content=\"3 minuty\" \/>\n<!-- \/ Yoast SEO plugin. -->","yoast_head_json":{"title":"Vape jednorazowe Bang Leader Stoll 100K - smak 4 w 1","description":"Jednorazowy waporyzator Bang Leader Stoll 100K zapewnia do 100 000 zaci\u0105gni\u0119\u0107, smak 4 w 1, g\u0142adk\u0105 par\u0119 i pot\u0119\u017cn\u0105 wydajno\u015b\u0107 do d\u0142ugotrwa\u0142ego waporyzowania.","robots":{"index":"index","follow":"follow","max-snippet":"max-snippet:-1","max-image-preview":"max-image-preview:large","max-video-preview":"max-video-preview:-1"},"canonical":"https:\/\/vapemaison.com\/pl\/produkt\/bang-leader-stoll-100k-100000-puff-4-w-1-smaki-wyswietlacz-led-jednorazowe-vape\/","og_locale":"pl_PL","og_type":"article","og_title":"Bang Leader Stoll 100K Disposable Vape \u2013 4-in-1 Flavor","og_description":"Bang Leader Stoll 100K disposable vape delivers up to 100,000 puffs with 4-in-1 flavor design, smooth vapor, and powerful performance for long-term vaping.","og_url":"https:\/\/vapemaison.com\/pl\/produkt\/bang-leader-stoll-100k-100000-puff-4-w-1-smaki-wyswietlacz-led-jednorazowe-vape\/","og_site_name":"VapeMaison","article_modified_time":"2026-01-09T08:34:20+00:00","og_image":[{"width":800,"height":800,"url":"https:\/\/vapemaison.com\/wp-content\/uploads\/2025\/12\/bang-leader-stoll-100k-100000-puffs-strawberry-mango-blue-razz-lemonade-vanilla-ice-cream-sour-triple-berry.jpg.webp","type":"image\/webp"}],"twitter_card":"summary_large_image","twitter_misc":{"Szacowany czas czytania":"3 minuty"},"schema":{"@context":"https:\/\/schema.org","@graph":[{"@type":"WebPage","@id":"https:\/\/vapemaison.com\/product\/bang-leader-stoll-100k-100000-puffs-4-in-1-flavors-led-display-disposable-vape\/","url":"https:\/\/vapemaison.com\/product\/bang-leader-stoll-100k-100000-puffs-4-in-1-flavors-led-display-disposable-vape\/","name":"Vape jednorazowe Bang Leader Stoll 100K - smak 4 w 1","isPartOf":{"@id":"https:\/\/vapemaison.com\/#website"},"primaryImageOfPage":{"@id":"https:\/\/vapemaison.com\/product\/bang-leader-stoll-100k-100000-puffs-4-in-1-flavors-led-display-disposable-vape\/#primaryimage"},"image":{"@id":"https:\/\/vapemaison.com\/product\/bang-leader-stoll-100k-100000-puffs-4-in-1-flavors-led-display-disposable-vape\/#primaryimage"},"thumbnailUrl":"https:\/\/vapemaison.com\/wp-content\/uploads\/2025\/12\/bang-leader-stoll-100k-100000-puffs-strawberry-mango-blue-razz-lemonade-vanilla-ice-cream-sour-triple-berry.jpg.webp","datePublished":"2025-12-17T05:56:45+00:00","dateModified":"2026-01-09T08:34:20+00:00","description":"Jednorazowy waporyzator Bang Leader Stoll 100K zapewnia do 100 000 zaci\u0105gni\u0119\u0107, smak 4 w 1, g\u0142adk\u0105 par\u0119 i pot\u0119\u017cn\u0105 wydajno\u015b\u0107 do d\u0142ugotrwa\u0142ego waporyzowania.","breadcrumb":{"@id":"https:\/\/vapemaison.com\/product\/bang-leader-stoll-100k-100000-puffs-4-in-1-flavors-led-display-disposable-vape\/#breadcrumb"},"inLanguage":"pl-PL","potentialAction":[{"@type":"ReadAction","target":["https:\/\/vapemaison.com\/product\/bang-leader-stoll-100k-100000-puffs-4-in-1-flavors-led-display-disposable-vape\/"]}]},{"@type":"ImageObject","inLanguage":"pl-PL","@id":"https:\/\/vapemaison.com\/product\/bang-leader-stoll-100k-100000-puffs-4-in-1-flavors-led-display-disposable-vape\/#primaryimage","url":"https:\/\/vapemaison.com\/wp-content\/uploads\/2025\/12\/bang-leader-stoll-100k-100000-puffs-strawberry-mango-blue-razz-lemonade-vanilla-ice-cream-sour-triple-berry.jpg.webp","contentUrl":"https:\/\/vapemaison.com\/wp-content\/uploads\/2025\/12\/bang-leader-stoll-100k-100000-puffs-strawberry-mango-blue-razz-lemonade-vanilla-ice-cream-sour-triple-berry.jpg.webp","width":800,"height":800,"caption":"Bang Leader Stoll 100k Puffs Strawberry Mango Blue Razz Lemonade Vanilla Ice Cream Sour Triple Berry.jpg Disposable"},{"@type":"BreadcrumbList","@id":"https:\/\/vapemaison.com\/product\/bang-leader-stoll-100k-100000-puffs-4-in-1-flavors-led-display-disposable-vape\/#breadcrumb","itemListElement":[{"@type":"ListItem","position":1,"name":"\u9996\u9875","item":"https:\/\/vapemaison.com\/"},{"@type":"ListItem","position":2,"name":"Shop","item":"https:\/\/vapemaison.com\/shop\/"},{"@type":"ListItem","position":3,"name":"Bang","item":"https:\/\/vapemaison.com\/brand\/bang\/"},{"@type":"ListItem","position":4,"name":"Bang Leader Stoll 100K 100000 Puffs 4 in 1 Flavors &amp; LED Display Disposable Vape"}]},{"@type":"WebSite","@id":"https:\/\/vapemaison.com\/#website","url":"https:\/\/vapemaison.com\/","name":"VapeMaison","description":"Wysokiej jako\u015bci urz\u0105dzenia i akcesoria do waporyzacji","publisher":{"@id":"https:\/\/vapemaison.com\/#organization"},"potentialAction":[{"@type":"SearchAction","target":{"@type":"EntryPoint","urlTemplate":"https:\/\/vapemaison.com\/?s={search_term_string}"},"query-input":{"@type":"PropertyValueSpecification","valueRequired":true,"valueName":"search_term_string"}}],"inLanguage":"pl-PL"},{"@type":"Organization","@id":"https:\/\/vapemaison.com\/#organization","name":"VapeMaison","url":"https:\/\/vapemaison.com\/","logo":{"@type":"ImageObject","inLanguage":"pl-PL","@id":"https:\/\/vapemaison.com\/#\/schema\/logo\/image\/","url":"https:\/\/vapemaison.com\/wp-content\/uploads\/2026\/01\/cropped-vapemaison-logo-g-2026.webp","contentUrl":"https:\/\/vapemaison.com\/wp-content\/uploads\/2026\/01\/cropped-vapemaison-logo-g-2026.webp","width":350,"height":280,"caption":"VapeMaison"},"image":{"@id":"https:\/\/vapemaison.com\/#\/schema\/logo\/image\/"},"sameAs":["https:\/\/www.youtube.com\/@VapeMaison"]}]}},"tiered_pricing_type":"fixed","tiered_pricing_fixed_rules":{"30":"10.65","50":"9.72","100":"8.98","200":"8.36"},"tiered_pricing_product_settings":{"layout":"default","base_unit_name":{"singular":null,"plural":null},"default_variation":null},"tiered_pricing_minimum_quantity":10,"tiered_pricing_roles_data":[],"tiered_pricing_percentage_rules":[],"tiered_pricing_maximum_quantity":null,"tiered_pricing_quantity_step":"10","_links":{"self":[{"href":"https:\/\/vapemaison.com\/pl\/wp-json\/wp\/v2\/product\/18935","targetHints":{"allow":["GET"]}}],"collection":[{"href":"https:\/\/vapemaison.com\/pl\/wp-json\/wp\/v2\/product"}],"about":[{"href":"https:\/\/vapemaison.com\/pl\/wp-json\/wp\/v2\/types\/product"}],"replies":[{"embeddable":true,"href":"https:\/\/vapemaison.com\/pl\/wp-json\/wp\/v2\/comments?post=18935"}],"version-history":[{"count":0,"href":"https:\/\/vapemaison.com\/pl\/wp-json\/wp\/v2\/product\/18935\/revisions"}],"wp:featuredmedia":[{"embeddable":true,"href":"https:\/\/vapemaison.com\/pl\/wp-json\/wp\/v2\/media\/18944"}],"wp:attachment":[{"href":"https:\/\/vapemaison.com\/pl\/wp-json\/wp\/v2\/media?parent=18935"}],"wp:term":[{"taxonomy":"product_brand","embeddable":true,"href":"https:\/\/vapemaison.com\/pl\/wp-json\/wp\/v2\/product_brand?post=18935"},{"taxonomy":"product_cat","embeddable":true,"href":"https:\/\/vapemaison.com\/pl\/wp-json\/wp\/v2\/product_cat?post=18935"},{"taxonomy":"product_tag","embeddable":true,"href":"https:\/\/vapemaison.com\/pl\/wp-json\/wp\/v2\/product_tag?post=18935"}],"curies":[{"name":"wp","href":"https:\/\/api.w.org\/{rel}","templated":true}]}}