

{"id":18980,"date":"2025-12-17T07:00:30","date_gmt":"2025-12-17T07:00:30","guid":{"rendered":"https:\/\/vapemaison.com\/?post_type=product&#038;p=18980"},"modified":"2026-01-09T08:34:11","modified_gmt":"2026-01-09T08:34:11","slug":"bang-leader-stoll-120k-jednorazowy-vape-dual-flavor","status":"publish","type":"product","link":"https:\/\/vapemaison.com\/pl\/product\/bang-leader-stoll-120k-disposable-vape-dual-flavor\/","title":{"rendered":"Vape jednorazowe Bang Leader Stoll 120K - podw\u00f3jny smak"},"content":{"rendered":"<p>The <strong>Vape jednorazowe Bang Leader Stoll 120K<\/strong> zosta\u0142 stworzony z my\u015bl\u0105 o u\u017cytkownikach, kt\u00f3rzy oczekuj\u0105 maksymalnej wytrzyma\u0142o\u015bci, p\u0142ynnego dzia\u0142ania i pe\u0142nej swobody smaku w jednym urz\u0105dzeniu. Dzi\u0119ki ultra-wysokiej pojemno\u015bci <strong>do 120 000 zaci\u0105gni\u0119\u0107<\/strong>, Zapewnia d\u0142ugotrwa\u0142\u0105 satysfakcj\u0119 bez konieczno\u015bci cz\u0119stej wymiany, dzi\u0119ki czemu jest idealny zar\u00f3wno dla codziennych, jak i intensywnych u\u017cytkownik\u00f3w.<\/p>\n\n\n\n<p>To, co naprawd\u0119 wyr\u00f3\u017cnia Stoll 120K, to jego <strong>Magnetyczny prze\u0142\u0105cznik dwusmakowy<\/strong>. Za pomoc\u0105 prostego suwaka mo\u017cna natychmiast prze\u0142\u0105cza\u0107 si\u0119 mi\u0119dzy <strong>dwa r\u00f3\u017cne smaki<\/strong> w jednym urz\u0105dzeniu - bez zmiany kapsu\u0142y, bez przerw. Ka\u017cde urz\u0105dzenie jest wyposa\u017cone w <strong>Podw\u00f3jnie nape\u0142niane kapsu\u0142ki<\/strong>, zapewniaj\u0105c r\u00f3\u017cnorodno\u015b\u0107 i kontrol\u0119 przez ca\u0142y dzie\u0144.<\/p>\n\n\n\n<p>Zasilany przez <strong>Zaawansowany system cewek siatkowych<\/strong>, Ka\u017cde zaci\u0105gni\u0119cie jest g\u0142adkie, aromatyczne i sp\u00f3jne od pierwszego do ostatniego zaci\u0105gni\u0119cia. W <strong>Inteligentny wy\u015bwietlacz OLED<\/strong> Wy\u015bwietla poziom na\u0142adowania baterii, stan e-liquidu i aktywny kana\u0142 smakowy, dzi\u0119ki czemu zawsze masz kontrol\u0119 nad sesj\u0105.<\/p>\n\n\n\n<p>Zaprojektowany z my\u015bl\u0105 o trwa\u0142o\u015bci, Stoll 120K posiada <strong>Ulepszona struktura zapobiegaj\u0105ca wyciekom<\/strong> aby zminimalizowa\u0107 ba\u0142agan i odpady. Ergonomiczne, matowe wyko\u0144czenie zapewnia wygodny chwyt i nowoczesny wygl\u0105d. Dzi\u0119ki wielu opcjom nikotynowym i szerokiej gamie kombinacji smakowych, zapewnia elastyczne i satysfakcjonuj\u0105ce wra\u017cenia z waporyzacji dla r\u00f3\u017cnych preferencji.<\/p>\n\n\n\n<p>Niezale\u017cnie od tego, czy chodzi o u\u017cytek osobisty, czy ekspozycj\u0119 detaliczn\u0105, Bang Leader Stoll 120K \u0142\u0105czy w sobie <strong>Ogromna pojemno\u015b\u0107, innowacyjny podw\u00f3jny smak i \u0142atwa obs\u0142uga<\/strong> w jednym pot\u0119\u017cnym jednorazowym vape.<\/p>\n\n\n\n<h3 class=\"wp-block-heading\"><strong>Najwa\u017cniejsze informacje<\/strong><\/h3>\n\n\n\n<ul class=\"wp-block-list\">\n<li>Do <strong>120 000 zaci\u0105gni\u0119\u0107<\/strong> do bardzo d\u0142ugiego u\u017cytkowania<\/li>\n\n\n\n<li><strong>Prze\u0142\u0105cznik suwakowy dw\u00f3ch smak\u00f3w<\/strong> dla natychmiastowej zmiany smaku<\/li>\n\n\n\n<li>G\u0142adka, bogata para dzi\u0119ki zaawansowanej technologii cewek siatkowych<\/li>\n\n\n\n<li>Inteligentny ekran OLED do monitorowania stanu w czasie rzeczywistym<\/li>\n\n\n\n<li>Konstrukcja zapobiegaj\u0105ca przeciekaniu z ergonomicznym matowym wyko\u0144czeniem<\/li>\n\n\n\n<li>Dost\u0119pne w <strong>Moc nikotyny 2%, 3% i 5%<\/strong><\/li>\n\n\n\n<li><strong>12 podw\u00f3jnych kombinacji smakowych<\/strong> dost\u0119pny<\/li>\n\n\n\n<li>Opakowanie: <strong>10 sztuk w opakowaniu<\/strong><\/li>\n<\/ul>\n\n\n\n<h3 class=\"wp-block-heading\"><strong>Dost\u0119pne kombinacje smak\u00f3w<\/strong><\/h3>\n\n\n\n<ul class=\"wp-block-list\">\n<li>Blue Razz &amp; Love 66<\/li>\n\n\n\n<li>Strawberry Cherry &amp; Kiwi Passion Fruit Guava<\/li>\n\n\n\n<li>Arbuzowa guma balonowa i mieszane owoce<\/li>\n\n\n\n<li>Truskawkowo-bananowo-wi\u015bniowa fiesta<\/li>\n\n\n\n<li>Arbuzowy l\u00f3d i brzoskwinia z mango<\/li>\n\n\n\n<li>L\u00f3d jagodowy i malina z cytryn\u0105<\/li>\n\n\n\n<li>Red Energy &amp; Grape Ice<\/li>\n\n\n\n<li>Nap\u00f3j gazowany truskawkowo-arbuzowo-pomara\u0144czowy<\/li>\n\n\n\n<li>Cola Ice &amp; Cherry Cranberry<\/li>\n\n\n\n<li>L\u00f3d jagodowy i czarna porzeczka<\/li>\n\n\n\n<li>Raspberry Mojito Peach Ice &amp; Lady Killer<\/li>\n\n\n\n<li>Arbuzowy l\u00f3d i truskawkowa mamba<\/li>\n<\/ul>\n\n\n\n<p>Fani produkt\u00f3w Bang cz\u0119sto eksploruj\u0105 nasz\u0105 pe\u0142n\u0105 ofert\u0119, aby znale\u017a\u0107 sw\u00f3j idealny waporyzator. Zacznij od <a href=\"https:\/\/vapemaison.com\">strona g\u0142\u00f3wna<\/a>, odkryj wszystkie produkty w naszym <a href=\"https:\/\/vapemaison.com\/shop\">sklep<\/a>, lub zanurzy\u0107 si\u0119 w <a href=\"https:\/\/vapemaison.com\/brand\/bang\">Marka Bang<\/a> aby zobaczy\u0107 pe\u0142n\u0105 ofert\u0119. Szukasz czego\u015b innego? Nasz <a href=\"https:\/\/vapemaison.com\/brand\/waspe\">Kolekcja WASPE<\/a> oraz <a href=\"https:\/\/vapemaison.com\/product-category\/puffs-count\/\">Kategoria Puffy<\/a> maj\u0105 wiele opcji dla ka\u017cdego wapera.<\/p>\n\n\n\n<p><\/p>","protected":false},"excerpt":{"rendered":"<p>Natychmiastowe prze\u0142\u0105czanie mi\u0119dzy dwoma smakami dzi\u0119ki 120 000 zaci\u0105gni\u0119\u0107 g\u0142adkiej, sp\u00f3jnej pary i inteligentnemu wy\u015bwietlaczowi OLED zapewniaj\u0105cemu pe\u0142n\u0105 kontrol\u0119. Zdob\u0105d\u017a sw\u00f3j ju\u017c dzi\u015b, aby cieszy\u0107 si\u0119 najd\u0142u\u017cej dzia\u0142aj\u0105cym waporyzatorem na rynku z bezp\u0142atn\u0105 wysy\u0142k\u0105 do wyczerpania zapas\u00f3w.<\/p>","protected":false},"featured_media":18987,"comment_status":"open","ping_status":"closed","template":"","meta":[],"product_brand":[57],"product_cat":[153],"product_tag":[],"class_list":{"0":"post-18980","1":"product","2":"type-product","3":"status-publish","4":"has-post-thumbnail","6":"product_brand-bang","7":"product_cat-120k-puffs","9":"first","10":"instock","11":"sale","12":"featured","13":"shipping-taxable","14":"purchasable","15":"product-type-variable"},"yoast_head":"<!-- This site is optimized with the Yoast SEO plugin v27.4 - https:\/\/yoast.com\/product\/yoast-seo-wordpress\/ -->\n<title>Bang Leader Stoll 120K 120000 Puffs Disposable Vap - Vapemaison<\/title>\n<meta name=\"description\" content=\"Experience extreme longevity with the Bang Leader Stoll 120K disposable vape. Dual-flavor slide switch, and up to 120k puffs in one premium device.\" \/>\n<meta name=\"robots\" content=\"index, follow, max-snippet:-1, max-image-preview:large, max-video-preview:-1\" \/>\n<link rel=\"canonical\" href=\"https:\/\/vapemaison.com\/pl\/produkt\/bang-leader-stoll-120k-jednorazowy-vape-dual-flavor\/\" \/>\n<meta property=\"og:locale\" content=\"pl_PL\" \/>\n<meta property=\"og:type\" content=\"article\" \/>\n<meta property=\"og:title\" content=\"Bang Leader Stoll 120K 120000 Puffs Disposable Vap - Vapemaison\" \/>\n<meta property=\"og:description\" content=\"Experience extreme longevity with the Bang Leader Stoll 120K disposable vape. Dual-flavor slide switch, and up to 120k puffs in one premium device.\" \/>\n<meta property=\"og:url\" content=\"https:\/\/vapemaison.com\/pl\/produkt\/bang-leader-stoll-120k-jednorazowy-vape-dual-flavor\/\" \/>\n<meta property=\"og:site_name\" content=\"VapeMaison\" \/>\n<meta property=\"article:modified_time\" content=\"2026-01-09T08:34:11+00:00\" \/>\n<meta property=\"og:image\" content=\"https:\/\/vapemaison.com\/wp-content\/uploads\/2025\/12\/bang-leader-stoll-120k-120000-puff-raspberry-mojito-peach-ice-lady-killer-654x690.jpg.webp\" \/>\n\t<meta property=\"og:image:width\" content=\"654\" \/>\n\t<meta property=\"og:image:height\" content=\"690\" \/>\n\t<meta property=\"og:image:type\" content=\"image\/webp\" \/>\n<meta name=\"twitter:card\" content=\"summary_large_image\" \/>\n<meta name=\"twitter:label1\" content=\"Szacowany czas czytania\" \/>\n\t<meta name=\"twitter:data1\" content=\"2 minuty\" \/>\n<!-- \/ Yoast SEO plugin. -->","yoast_head_json":{"title":"Bang Leader Stoll 120K 120000 Puffs Jednorazowy Vap - Vapemaison","description":"Do\u015bwiadcz ekstremalnej trwa\u0142o\u015bci dzi\u0119ki jednorazowemu waporyzatorowi Bang Leader Stoll 120K. Dwusmakowy prze\u0142\u0105cznik suwakowy i do 120 tysi\u0119cy zaci\u0105gni\u0119\u0107 w jednym urz\u0105dzeniu klasy premium.","robots":{"index":"index","follow":"follow","max-snippet":"max-snippet:-1","max-image-preview":"max-image-preview:large","max-video-preview":"max-video-preview:-1"},"canonical":"https:\/\/vapemaison.com\/pl\/produkt\/bang-leader-stoll-120k-jednorazowy-vape-dual-flavor\/","og_locale":"pl_PL","og_type":"article","og_title":"Bang Leader Stoll 120K 120000 Puffs Disposable Vap - Vapemaison","og_description":"Experience extreme longevity with the Bang Leader Stoll 120K disposable vape. Dual-flavor slide switch, and up to 120k puffs in one premium device.","og_url":"https:\/\/vapemaison.com\/pl\/produkt\/bang-leader-stoll-120k-jednorazowy-vape-dual-flavor\/","og_site_name":"VapeMaison","article_modified_time":"2026-01-09T08:34:11+00:00","og_image":[{"width":654,"height":690,"url":"https:\/\/vapemaison.com\/wp-content\/uploads\/2025\/12\/bang-leader-stoll-120k-120000-puff-raspberry-mojito-peach-ice-lady-killer-654x690.jpg.webp","type":"image\/webp"}],"twitter_card":"summary_large_image","twitter_misc":{"Szacowany czas czytania":"2 minuty"},"schema":{"@context":"https:\/\/schema.org","@graph":[{"@type":"WebPage","@id":"https:\/\/vapemaison.com\/product\/bang-leader-stoll-120k-disposable-vape-dual-flavor\/","url":"https:\/\/vapemaison.com\/product\/bang-leader-stoll-120k-disposable-vape-dual-flavor\/","name":"Bang Leader Stoll 120K 120000 Puffs Jednorazowy Vap - Vapemaison","isPartOf":{"@id":"https:\/\/vapemaison.com\/#website"},"primaryImageOfPage":{"@id":"https:\/\/vapemaison.com\/product\/bang-leader-stoll-120k-disposable-vape-dual-flavor\/#primaryimage"},"image":{"@id":"https:\/\/vapemaison.com\/product\/bang-leader-stoll-120k-disposable-vape-dual-flavor\/#primaryimage"},"thumbnailUrl":"https:\/\/vapemaison.com\/wp-content\/uploads\/2025\/12\/bang-leader-stoll-120k-120000-puff-raspberry-mojito-peach-ice-lady-killer-654x690.jpg.webp","datePublished":"2025-12-17T07:00:30+00:00","dateModified":"2026-01-09T08:34:11+00:00","description":"Do\u015bwiadcz ekstremalnej trwa\u0142o\u015bci dzi\u0119ki jednorazowemu waporyzatorowi Bang Leader Stoll 120K. Dwusmakowy prze\u0142\u0105cznik suwakowy i do 120 tysi\u0119cy zaci\u0105gni\u0119\u0107 w jednym urz\u0105dzeniu klasy premium.","breadcrumb":{"@id":"https:\/\/vapemaison.com\/product\/bang-leader-stoll-120k-disposable-vape-dual-flavor\/#breadcrumb"},"inLanguage":"pl-PL","potentialAction":[{"@type":"ReadAction","target":["https:\/\/vapemaison.com\/product\/bang-leader-stoll-120k-disposable-vape-dual-flavor\/"]}]},{"@type":"ImageObject","inLanguage":"pl-PL","@id":"https:\/\/vapemaison.com\/product\/bang-leader-stoll-120k-disposable-vape-dual-flavor\/#primaryimage","url":"https:\/\/vapemaison.com\/wp-content\/uploads\/2025\/12\/bang-leader-stoll-120k-120000-puff-raspberry-mojito-peach-ice-lady-killer-654x690.jpg.webp","contentUrl":"https:\/\/vapemaison.com\/wp-content\/uploads\/2025\/12\/bang-leader-stoll-120k-120000-puff-raspberry-mojito-peach-ice-lady-killer-654x690.jpg.webp","width":654,"height":690,"caption":"bang-leader-stoll-120k-120000-puff-raspberry-mojito-peach-ice-lady-killer-654x690.jpg"},{"@type":"BreadcrumbList","@id":"https:\/\/vapemaison.com\/product\/bang-leader-stoll-120k-disposable-vape-dual-flavor\/#breadcrumb","itemListElement":[{"@type":"ListItem","position":1,"name":"\u9996\u9875","item":"https:\/\/vapemaison.com\/"},{"@type":"ListItem","position":2,"name":"Shop","item":"https:\/\/vapemaison.com\/shop\/"},{"@type":"ListItem","position":3,"name":"Bang","item":"https:\/\/vapemaison.com\/brand\/bang\/"},{"@type":"ListItem","position":4,"name":"Bang Leader Stoll 120K Disposable Vape \u2013 Dual Flavor"}]},{"@type":"WebSite","@id":"https:\/\/vapemaison.com\/#website","url":"https:\/\/vapemaison.com\/","name":"VapeMaison","description":"Wysokiej jako\u015bci urz\u0105dzenia i akcesoria do waporyzacji","publisher":{"@id":"https:\/\/vapemaison.com\/#organization"},"potentialAction":[{"@type":"SearchAction","target":{"@type":"EntryPoint","urlTemplate":"https:\/\/vapemaison.com\/?s={search_term_string}"},"query-input":{"@type":"PropertyValueSpecification","valueRequired":true,"valueName":"search_term_string"}}],"inLanguage":"pl-PL"},{"@type":"Organization","@id":"https:\/\/vapemaison.com\/#organization","name":"VapeMaison","url":"https:\/\/vapemaison.com\/","logo":{"@type":"ImageObject","inLanguage":"pl-PL","@id":"https:\/\/vapemaison.com\/#\/schema\/logo\/image\/","url":"https:\/\/vapemaison.com\/wp-content\/uploads\/2026\/01\/cropped-vapemaison-logo-g-2026.webp","contentUrl":"https:\/\/vapemaison.com\/wp-content\/uploads\/2026\/01\/cropped-vapemaison-logo-g-2026.webp","width":350,"height":280,"caption":"VapeMaison"},"image":{"@id":"https:\/\/vapemaison.com\/#\/schema\/logo\/image\/"},"sameAs":["https:\/\/www.youtube.com\/@VapeMaison"]}]}},"tiered_pricing_type":"fixed","tiered_pricing_fixed_rules":{"30":"9.24","50":"8.98","100":"8.36","200":"7.99"},"tiered_pricing_product_settings":{"layout":"default","base_unit_name":{"singular":null,"plural":null},"default_variation":null},"tiered_pricing_minimum_quantity":10,"tiered_pricing_roles_data":[],"tiered_pricing_percentage_rules":[],"tiered_pricing_maximum_quantity":null,"tiered_pricing_quantity_step":"10","_links":{"self":[{"href":"https:\/\/vapemaison.com\/pl\/wp-json\/wp\/v2\/product\/18980","targetHints":{"allow":["GET"]}}],"collection":[{"href":"https:\/\/vapemaison.com\/pl\/wp-json\/wp\/v2\/product"}],"about":[{"href":"https:\/\/vapemaison.com\/pl\/wp-json\/wp\/v2\/types\/product"}],"replies":[{"embeddable":true,"href":"https:\/\/vapemaison.com\/pl\/wp-json\/wp\/v2\/comments?post=18980"}],"version-history":[{"count":0,"href":"https:\/\/vapemaison.com\/pl\/wp-json\/wp\/v2\/product\/18980\/revisions"}],"wp:featuredmedia":[{"embeddable":true,"href":"https:\/\/vapemaison.com\/pl\/wp-json\/wp\/v2\/media\/18987"}],"wp:attachment":[{"href":"https:\/\/vapemaison.com\/pl\/wp-json\/wp\/v2\/media?parent=18980"}],"wp:term":[{"taxonomy":"product_brand","embeddable":true,"href":"https:\/\/vapemaison.com\/pl\/wp-json\/wp\/v2\/product_brand?post=18980"},{"taxonomy":"product_cat","embeddable":true,"href":"https:\/\/vapemaison.com\/pl\/wp-json\/wp\/v2\/product_cat?post=18980"},{"taxonomy":"product_tag","embeddable":true,"href":"https:\/\/vapemaison.com\/pl\/wp-json\/wp\/v2\/product_tag?post=18980"}],"curies":[{"name":"wp","href":"https:\/\/api.w.org\/{rel}","templated":true}]}}