

{"id":20146,"date":"2025-12-22T08:00:11","date_gmt":"2025-12-22T08:00:11","guid":{"rendered":"https:\/\/vapemaison.com\/?post_type=product&#038;p=20146"},"modified":"2026-04-15T10:42:53","modified_gmt":"2026-04-15T10:42:53","slug":"waspe-fihp-40000-puffs-40k-jednorazowe-vape-hurtowa-kopia","status":"publish","type":"product","link":"https:\/\/vapemaison.com\/pl\/product\/waspe-fihp-40000-puffs-40k-disposable-vape-wholesale-copy\/","title":{"rendered":"Waspe FIHP 40000 Puffs 40K Jednorazowa sprzeda\u017c hurtowa Vape"},"content":{"rendered":"<h3 class=\"wp-block-heading\"><strong>WASPE FIHP 40000 Puffs jednorazowe Vape - podw\u00f3jny smak, podw\u00f3jna cewka, podw\u00f3jna moc<\/strong><\/h3>\n\n\n\n<p>The <strong><a href=\"https:\/\/vapemaison.com\/brand\/waspe\/\">WASPE<\/a> FIHP 40000 Puffs Vape jednorazowego u\u017cytku<\/strong> na nowo definiuje wygod\u0119 i wydajno\u015b\u0107.<br>Z <strong>do 40 000 zaci\u0105gni\u0119\u0107<\/strong>, <strong>str\u0105ki o podw\u00f3jnym smaku<\/strong>, oraz <strong>Inteligentny wy\u015bwietlacz LED<\/strong>, Zosta\u0142 zaprojektowany dla vaper\u00f3w, kt\u00f3rzy oczekuj\u0105 innowacji i niezawodno\u015bci w jednym eleganckim urz\u0105dzeniu.<\/p>\n\n\n\n<p>Ciesz si\u0119 <strong>Dwa smaki w jednym vape<\/strong> - Wystarczy obr\u00f3ci\u0107 dysz\u0119, aby natychmiast prze\u0142\u0105cza\u0107 si\u0119 mi\u0119dzy kapsu\u0142kami. Ka\u017cda kapsu\u0142ka dostarcza <strong>g\u0142adka, aromatyczna para<\/strong> zasilany przez <strong>Podw\u00f3jne cewki siatkowe 0,9\u03a9<\/strong>, zapewniaj\u0105c g\u0119ste chmury i sp\u00f3jny smak przy ka\u017cdym zaci\u0105gni\u0119ciu.<\/p>\n\n\n\n<p>Wyposa\u017cony w <strong>36 ml najwy\u017cszej jako\u015bci e-liquidu<\/strong> i <strong>Akumulator o pojemno\u015bci 850 mAh<\/strong>, WASPE FIHP 40000 oferuje d\u0142ugotrwa\u0142e sesje bez przerw.<br>Jego <strong>Szybkie \u0142adowanie typu C<\/strong> zapewnia zasilanie, podczas gdy <strong>Ekran LED<\/strong> Wy\u015bwietla poziom baterii i e-cieczy w czasie rzeczywistym, zapewniaj\u0105c \u0142atw\u0105 kontrol\u0119.<\/p>\n\n\n\n<p>Dost\u0119pne w <strong>Moc nikotyny 0%, 2% i 5%<\/strong>, oraz <strong>16 r\u00f3\u017cnych opcji smakowych<\/strong>, To urz\u0105dzenie zapewnia pe\u0142n\u0105 swobod\u0119 personalizacji wra\u017ce\u0144 z waporyzacji - od g\u0142adkich i owocowych po lodowate i<\/p>\n\n\n\n<h2 class=\"wp-block-heading\">VASPE FIHP 40000 40K jednorazowe Vape Szybkie szczeg\u00f3\u0142y<\/h2>\n\n\n\n<ul class=\"wp-block-list\">\n<li>Podw\u00f3jne kapsu\u0142ki, podw\u00f3jne smaki<\/li>\n\n\n\n<li>Moc nikotyny: 0%\/2%\/5%<\/li>\n\n\n\n<li>Puffs Deliers: 40000 Puff\u00f3w<\/li>\n\n\n\n<li>Pojemno\u015b\u0107 e-cieczy: 36 ml<\/li>\n\n\n\n<li>Podw\u00f3jne cewki siatkowe 0,9ohm zapewniaj\u0105 p\u0142ynne, aromatyczne ci\u0105gni\u0119cia<\/li>\n\n\n\n<li>Akumulator typu C do szybkiego \u0142adowania<\/li>\n\n\n\n<li>Akumulator o pojemno\u015bci 850 mAh<\/li>\n\n\n\n<li>Inteligentny wy\u015bwietlacz LED pokazuje \u017cywotno\u015b\u0107 baterii i poziom e-cieczy<\/li>\n\n\n\n<li>16 smak\u00f3w do wyboru<\/li>\n<\/ul>\n\n\n\n<h2 class=\"wp-block-heading\">Dost\u0119pne smaki<\/h2>\n\n\n\n<ol class=\"wp-block-list\">\n<li>L\u00f3d arbuzowy i limonka cytrynowa<\/li>\n\n\n\n<li>Fizzy Cherry Ice i jagodowa wata cukrowa<\/li>\n\n\n\n<li>Arbuz truskawkowy i malina z jagodami<\/li>\n\n\n\n<li>Red Bull Ice &amp; Strawberry Mango<\/li>\n\n\n\n<li>Peach Ice &amp; Pineapple Mango Peach<\/li>\n\n\n\n<li>Grape Ice &amp; Strawberry Kiwi<\/li>\n\n\n\n<li>Mieszane jagody i podw\u00f3jny l\u00f3d jab\u0142kowy<\/li>\n\n\n\n<li>Blue Razz Lemonade &amp; Watermelon Bubblegum<\/li>\n\n\n\n<li>Strawberry Raspberry Cherry &amp; Love 666<\/li>\n\n\n\n<li>L\u00f3d truskawkowo-bananowo-ananasowo-kokosowy<\/li>\n\n\n\n<li>Truskawka, arbuz, guma balonowa i mieszane owoce<\/li>\n\n\n\n<li>Cherry Cola Ice i cukierki truskawkowo-malinowe<\/li>\n\n\n\n<li>Kwa\u015bne jab\u0142ko, malina i truskawka Big Bang<\/li>\n\n\n\n<li>Peach Berry &amp; Watermelon Mango Peach<\/li>\n\n\n\n<li>Blueberry Ice i Black Dragon Ice<\/li>\n\n\n\n<li>Truskawka z wi\u015bni\u0105 i kiwi z marakuj\u0105<\/li>\n\n\n\n<li>Gummy Bear &amp; Strawberry Cola<\/li>\n\n\n\n<li>L\u00f3d bananowo-ananasowy i Red Bull Ice<\/li>\n\n\n\n<li>Red Bull Strawberry &amp; Blackcurrant Ice<\/li>\n\n\n\n<li>Potr\u00f3jny l\u00f3d melonowy i arbuz malinowy<\/li>\n<\/ol>\n\n\n\n<h2 class=\"wp-block-heading\">Szczeg\u00f3\u0142y pakowania<\/h2>\n\n\n\n<ul class=\"wp-block-list\">\n<li>Waga produktu: 120 g\/szt<\/li>\n\n\n\n<li>Rozmiar produktu: 61*31*115mm<\/li>\n\n\n\n<li>1 sztuka\/pojedyncze pude\u0142ko<\/li>\n\n\n\n<li>10 sztuk \/ pude\u0142ko ekspozycyjne<\/li>\n\n\n\n<li>ILO\u015a\u0106: 160 sztuk\/szt., 10 sztuk\/pude\u0142ko<\/li>\n\n\n\n<li>G.W.: 20 kg<\/li>\n<\/ul>\n\n\n\n<p>Odkryj waporyzacj\u0119 premium na <a href=\"https:\/\/vapemaison.com\/\">VapeMaison<\/a>, to miejsce, w kt\u00f3rym stawiasz na jako\u015b\u0107 i innowacyjno\u015b\u0107. Zapoznaj si\u0119 z nasz\u0105 pe\u0142n\u0105 ofert\u0105 na stronie <a href=\"https:\/\/vapemaison.com\/shop\/\">Sklep<\/a> lub sprawd\u017a popularn\u0105 stron\u0119 <a href=\"https:\/\/vapemaison.com\/brand\/bang\/\">Bang<\/a> oraz <a href=\"https:\/\/vapemaison.com\/brand\/waspe\/\">WASPE<\/a> produkty, uwielbiane przez vaper\u00f3w na ca\u0142ym \u015bwiecie. Szukasz wi\u0119cej opcji? Przejrzyj wszystkie nasze <a href=\"https:\/\/vapemaison.com\/product-category\/puffs-count\/\">Puffy<\/a> urz\u0105dze\u0144, aby znale\u017a\u0107 idealny vape dla swojego stylu i gustu.<\/p>","protected":false},"excerpt":{"rendered":"<p>WASPE FIHP 40000 Puffs Vape \u0142\u0105czy w sobie podw\u00f3jne smaki, podw\u00f3jne cewki siatkowe i inteligentny wy\u015bwietlacz LED, zapewniaj\u0105c najwy\u017cszy poziom wra\u017ce\u0144 z waporyzacji. 36 ml e-liquidu, akumulator 850 mAh typu C i do 40 000 zaci\u0105gni\u0119\u0107 zapewnia g\u0142adki, bogaty smak - zawsze i wsz\u0119dzie.<\/p>","protected":false},"featured_media":8212,"comment_status":"open","ping_status":"closed","template":"","meta":[],"product_brand":[59],"product_cat":[135,142],"product_tag":[],"class_list":{"0":"post-20146","1":"product","2":"type-product","3":"status-publish","4":"has-post-thumbnail","6":"product_brand-waspe","7":"product_cat-40k-puffs","8":"product_cat-eu-stock","10":"first","11":"instock","12":"sale","13":"shipping-taxable","14":"purchasable","15":"product-type-variable"},"yoast_head":"<!-- This site is optimized with the Yoast SEO plugin v27.4 - https:\/\/yoast.com\/product\/yoast-seo-wordpress\/ -->\n<title>WASPE FIHP 40000 Puffs Disposable Vape Dual-Flavor<\/title>\n<meta name=\"description\" content=\"Experience the WASPE FIHP 40000 Puffs Disposable Vape featuring dual flavors, LED display, and Type-C. Enjoy long-lasting performance\" \/>\n<meta name=\"robots\" content=\"index, follow, max-snippet:-1, max-image-preview:large, max-video-preview:-1\" \/>\n<link rel=\"canonical\" href=\"https:\/\/vapemaison.com\/pl\/produkt\/waspe-fihp-40000-puffs-40k-jednorazowe-vape-hurtowa-kopia\/\" \/>\n<meta property=\"og:locale\" content=\"pl_PL\" \/>\n<meta property=\"og:type\" content=\"article\" \/>\n<meta property=\"og:title\" content=\"WASPE FIHP 40000 Puffs Disposable Vape Dual-Flavor\" \/>\n<meta property=\"og:description\" content=\"Experience the WASPE FIHP 40000 Puffs Disposable Vape featuring dual flavors, LED display, and Type-C. Enjoy long-lasting performance\" \/>\n<meta property=\"og:url\" content=\"https:\/\/vapemaison.com\/pl\/produkt\/waspe-fihp-40000-puffs-40k-jednorazowe-vape-hurtowa-kopia\/\" \/>\n<meta property=\"og:site_name\" content=\"VapeMaison\" \/>\n<meta property=\"article:modified_time\" content=\"2026-04-15T10:42:53+00:00\" \/>\n<meta property=\"og:image\" content=\"https:\/\/vapemaison.com\/wp-content\/uploads\/2025\/10\/WASPE-FIHP-40000-Puffs-40K-Disposable-Vape-Wholesale.png\" \/>\n\t<meta property=\"og:image:width\" content=\"1200\" \/>\n\t<meta property=\"og:image:height\" content=\"1200\" \/>\n\t<meta property=\"og:image:type\" content=\"image\/png\" \/>\n<meta name=\"twitter:card\" content=\"summary_large_image\" \/>\n<meta name=\"twitter:label1\" content=\"Szacowany czas czytania\" \/>\n\t<meta name=\"twitter:data1\" content=\"2 minuty\" \/>\n<!-- \/ Yoast SEO plugin. -->","yoast_head_json":{"title":"WASPE FIHP 40000 Puffs Jednorazowy Vape Podw\u00f3jny Smak","description":"Poznaj WASPE FIHP 40000 Puffs Disposable Vape z dwoma smakami, wy\u015bwietlaczem LED i Type-C. Ciesz si\u0119 d\u0142ugotrwa\u0142\u0105 wydajno\u015bci\u0105","robots":{"index":"index","follow":"follow","max-snippet":"max-snippet:-1","max-image-preview":"max-image-preview:large","max-video-preview":"max-video-preview:-1"},"canonical":"https:\/\/vapemaison.com\/pl\/produkt\/waspe-fihp-40000-puffs-40k-jednorazowe-vape-hurtowa-kopia\/","og_locale":"pl_PL","og_type":"article","og_title":"WASPE FIHP 40000 Puffs Disposable Vape Dual-Flavor","og_description":"Experience the WASPE FIHP 40000 Puffs Disposable Vape featuring dual flavors, LED display, and Type-C. Enjoy long-lasting performance","og_url":"https:\/\/vapemaison.com\/pl\/produkt\/waspe-fihp-40000-puffs-40k-jednorazowe-vape-hurtowa-kopia\/","og_site_name":"VapeMaison","article_modified_time":"2026-04-15T10:42:53+00:00","og_image":[{"width":1200,"height":1200,"url":"https:\/\/vapemaison.com\/wp-content\/uploads\/2025\/10\/WASPE-FIHP-40000-Puffs-40K-Disposable-Vape-Wholesale.png","type":"image\/png"}],"twitter_card":"summary_large_image","twitter_misc":{"Szacowany czas czytania":"2 minuty"},"schema":{"@context":"https:\/\/schema.org","@graph":[{"@type":"WebPage","@id":"https:\/\/vapemaison.com\/product\/waspe-fihp-40000-puffs-40k-disposable-vape-wholesale-copy\/","url":"https:\/\/vapemaison.com\/product\/waspe-fihp-40000-puffs-40k-disposable-vape-wholesale-copy\/","name":"WASPE FIHP 40000 Puffs Jednorazowy Vape Podw\u00f3jny Smak","isPartOf":{"@id":"https:\/\/vapemaison.com\/#website"},"primaryImageOfPage":{"@id":"https:\/\/vapemaison.com\/product\/waspe-fihp-40000-puffs-40k-disposable-vape-wholesale-copy\/#primaryimage"},"image":{"@id":"https:\/\/vapemaison.com\/product\/waspe-fihp-40000-puffs-40k-disposable-vape-wholesale-copy\/#primaryimage"},"thumbnailUrl":"https:\/\/vapemaison.com\/wp-content\/uploads\/2025\/10\/WASPE-FIHP-40000-Puffs-40K-Disposable-Vape-Wholesale.png","datePublished":"2025-12-22T08:00:11+00:00","dateModified":"2026-04-15T10:42:53+00:00","description":"Poznaj WASPE FIHP 40000 Puffs Disposable Vape z dwoma smakami, wy\u015bwietlaczem LED i Type-C. Ciesz si\u0119 d\u0142ugotrwa\u0142\u0105 wydajno\u015bci\u0105","breadcrumb":{"@id":"https:\/\/vapemaison.com\/product\/waspe-fihp-40000-puffs-40k-disposable-vape-wholesale-copy\/#breadcrumb"},"inLanguage":"pl-PL","potentialAction":[{"@type":"ReadAction","target":["https:\/\/vapemaison.com\/product\/waspe-fihp-40000-puffs-40k-disposable-vape-wholesale-copy\/"]}]},{"@type":"ImageObject","inLanguage":"pl-PL","@id":"https:\/\/vapemaison.com\/product\/waspe-fihp-40000-puffs-40k-disposable-vape-wholesale-copy\/#primaryimage","url":"https:\/\/vapemaison.com\/wp-content\/uploads\/2025\/10\/WASPE-FIHP-40000-Puffs-40K-Disposable-Vape-Wholesale.png","contentUrl":"https:\/\/vapemaison.com\/wp-content\/uploads\/2025\/10\/WASPE-FIHP-40000-Puffs-40K-Disposable-Vape-Wholesale.png","width":1200,"height":1200,"caption":"WASPE-FIHP-40000-Puffs-40K-Disposable-Vape-Wholesale"},{"@type":"BreadcrumbList","@id":"https:\/\/vapemaison.com\/product\/waspe-fihp-40000-puffs-40k-disposable-vape-wholesale-copy\/#breadcrumb","itemListElement":[{"@type":"ListItem","position":1,"name":"\u9996\u9875","item":"https:\/\/vapemaison.com\/"},{"@type":"ListItem","position":2,"name":"Shop","item":"https:\/\/vapemaison.com\/shop\/"},{"@type":"ListItem","position":3,"name":"Waspe","item":"https:\/\/vapemaison.com\/brand\/waspe\/"},{"@type":"ListItem","position":4,"name":"Waspe FIHP 40000 Puffs 40K Disposable Vape Wholesale"}]},{"@type":"WebSite","@id":"https:\/\/vapemaison.com\/#website","url":"https:\/\/vapemaison.com\/","name":"VapeMaison","description":"Wysokiej jako\u015bci urz\u0105dzenia i akcesoria do waporyzacji","publisher":{"@id":"https:\/\/vapemaison.com\/#organization"},"potentialAction":[{"@type":"SearchAction","target":{"@type":"EntryPoint","urlTemplate":"https:\/\/vapemaison.com\/?s={search_term_string}"},"query-input":{"@type":"PropertyValueSpecification","valueRequired":true,"valueName":"search_term_string"}}],"inLanguage":"pl-PL"},{"@type":"Organization","@id":"https:\/\/vapemaison.com\/#organization","name":"VapeMaison","url":"https:\/\/vapemaison.com\/","logo":{"@type":"ImageObject","inLanguage":"pl-PL","@id":"https:\/\/vapemaison.com\/#\/schema\/logo\/image\/","url":"https:\/\/vapemaison.com\/wp-content\/uploads\/2026\/01\/cropped-vapemaison-logo-g-2026.webp","contentUrl":"https:\/\/vapemaison.com\/wp-content\/uploads\/2026\/01\/cropped-vapemaison-logo-g-2026.webp","width":350,"height":280,"caption":"VapeMaison"},"image":{"@id":"https:\/\/vapemaison.com\/#\/schema\/logo\/image\/"},"sameAs":["https:\/\/www.youtube.com\/@VapeMaison"]}]}},"tiered_pricing_type":"fixed","tiered_pricing_fixed_rules":{"30":"11.63","50":"10.99","100":"10.69","200":"9.99"},"tiered_pricing_product_settings":{"layout":"default","base_unit_name":{"singular":null,"plural":null},"default_variation":null},"tiered_pricing_minimum_quantity":10,"tiered_pricing_roles_data":[],"tiered_pricing_percentage_rules":[],"tiered_pricing_maximum_quantity":null,"tiered_pricing_quantity_step":"10","_links":{"self":[{"href":"https:\/\/vapemaison.com\/pl\/wp-json\/wp\/v2\/product\/20146","targetHints":{"allow":["GET"]}}],"collection":[{"href":"https:\/\/vapemaison.com\/pl\/wp-json\/wp\/v2\/product"}],"about":[{"href":"https:\/\/vapemaison.com\/pl\/wp-json\/wp\/v2\/types\/product"}],"replies":[{"embeddable":true,"href":"https:\/\/vapemaison.com\/pl\/wp-json\/wp\/v2\/comments?post=20146"}],"version-history":[{"count":1,"href":"https:\/\/vapemaison.com\/pl\/wp-json\/wp\/v2\/product\/20146\/revisions"}],"predecessor-version":[{"id":27179,"href":"https:\/\/vapemaison.com\/pl\/wp-json\/wp\/v2\/product\/20146\/revisions\/27179"}],"wp:featuredmedia":[{"embeddable":true,"href":"https:\/\/vapemaison.com\/pl\/wp-json\/wp\/v2\/media\/8212"}],"wp:attachment":[{"href":"https:\/\/vapemaison.com\/pl\/wp-json\/wp\/v2\/media?parent=20146"}],"wp:term":[{"taxonomy":"product_brand","embeddable":true,"href":"https:\/\/vapemaison.com\/pl\/wp-json\/wp\/v2\/product_brand?post=20146"},{"taxonomy":"product_cat","embeddable":true,"href":"https:\/\/vapemaison.com\/pl\/wp-json\/wp\/v2\/product_cat?post=20146"},{"taxonomy":"product_tag","embeddable":true,"href":"https:\/\/vapemaison.com\/pl\/wp-json\/wp\/v2\/product_tag?post=20146"}],"curies":[{"name":"wp","href":"https:\/\/api.w.org\/{rel}","templated":true}]}}