

{"id":20204,"date":"2025-12-22T08:00:18","date_gmt":"2025-12-22T08:00:18","guid":{"rendered":"https:\/\/vapemaison.com\/?post_type=product&#038;p=20204"},"modified":"2026-03-23T19:54:01","modified_gmt":"2026-03-23T19:54:01","slug":"waspe-100k-puff-jednorazowy-vape-o-niskiej-zawartosci-nikotyny","status":"publish","type":"product","link":"https:\/\/vapemaison.com\/pl\/product\/waspe-100k-puffs-disposable-vape-low-nicotine\/","title":{"rendered":"WASPE 100k Puffs Jednorazowe Vape o niskiej zawarto\u015bci nikotyny"},"content":{"rendered":"<p>Do\u015bwiadcz czterech smak\u00f3w w jednym pot\u0119\u017cnym urz\u0105dzeniu. The <strong>WASPE 4-w-1 Flavor 100000 Puffs<\/strong> zosta\u0142 zaprojektowany dla vaper\u00f3w, kt\u00f3rzy oczekuj\u0105 d\u0142ugiej \u017cywotno\u015bci, wysokiej wydajno\u015bci i natychmiastowej zmiany smaku. Z maksymalnie <strong>100 000 zaci\u0105gni\u0119\u0107<\/strong>, a <strong>system akumulatorowy<\/strong>, oraz <strong>poczw\u00f3rny selektor smaku<\/strong>, To urz\u0105dzenie zapewnia maksymaln\u0105 wygod\u0119 bez konieczno\u015bci noszenia ze sob\u0105 wielu waporyzator\u00f3w.<\/p>\n\n\n\n<p>Dost\u0119pne dla <strong>Zam\u00f3wienia hurtowe i hurtowe<\/strong> za po\u015brednictwem firmy Gleevape, ciesz\u0105cej si\u0119 zaufaniem sprzedawc\u00f3w detalicznych i dystrybutor\u00f3w w ca\u0142ej Europie.<\/p>\n\n\n\n<p>Urz\u0105dzenie jest wyposa\u017cone w <strong>System prze\u0142\u0105czania 4 smak\u00f3w<\/strong>, umo\u017cliwiaj\u0105c zmian\u0119 pomi\u0119dzy czterema wst\u0119pnie za\u0142adowanymi smakami w dowolnym momencie bez konieczno\u015bci stosowania kapsu\u0142ek lub wk\u0142ad\u00f3w. Zbudowany z my\u015bl\u0105 o bardzo d\u0142ugim u\u017cytkowaniu, zapewnia do <strong>100 tysi\u0119cy puff\u00f3w<\/strong> ze stabiln\u0105 par\u0105 od pierwszego do ostatniego zaci\u0105gni\u0119cia. Zasilany przez <strong>Akumulator o pojemno\u015bci 650 mAh<\/strong> z szybkim \u0142adowaniem typu C, zapewnia ci\u0105g\u0142\u0105 wydajno\u015b\u0107, podczas gdy <strong>Cewki z poczw\u00f3rn\u0105 siatk\u0105 1,0\u03a9<\/strong> zapewniaj\u0105 bogaty smak, g\u0142adkie uderzenia w gard\u0142o i g\u0119st\u0105 par\u0119. Z hojnym <strong>Ca\u0142kowita pojemno\u015b\u0107 e-liquidu 56 ml<\/strong> i wiele opcji nikotyny (0%, 2% lub 5%), ten vape spe\u0142nia zar\u00f3wno potrzeby osobiste, jak i rynkowe. Kompaktowe opakowanie idealnie nadaje si\u0119 r\u00f3wnie\u017c do sprzeda\u017cy hurtowej i detalicznej.<\/p>\n\n\n\n<h3 class=\"wp-block-heading\"><strong>Dlaczego sprzedawcy detaliczni wybieraj\u0105 WASPE 4 w 1<\/strong><\/h3>\n\n\n\n<ul class=\"wp-block-list\">\n<li>Lepsza warto\u015b\u0107 w przeliczeniu na urz\u0105dzenie<\/li>\n\n\n\n<li>Wysoki wska\u017anik ponownych zakup\u00f3w przez klient\u00f3w<\/li>\n\n\n\n<li>Cztery smaki w jednym = ni\u017csze ci\u015bnienie SKU<\/li>\n\n\n\n<li>Idealny do sklep\u00f3w, kiosk\u00f3w i internetowych sklep\u00f3w vape<\/li>\n<\/ul>\n\n\n\n<h3 class=\"wp-block-heading\"><strong>Zestawy smakowe WASPE 4 w 1<\/strong><\/h3>\n\n\n\n<p>Wybieraj spo\u015br\u00f3d 12 wyselekcjonowanych kombinacji smakowych, z kt\u00f3rych ka\u017cda oferuje cztery unikalne mieszanki:<\/p>\n\n\n\n<ol class=\"wp-block-list\">\n<li>Watermelon Ice \/ Strawberry Kiwi \/ Raspberry Watermelon \/ Lemon Lime<\/li>\n\n\n\n<li>Truskawkowy arbuz \/ Pan Niebieski \/ L\u00f3d winogronowy \/ T\u0119czowe cukierki<\/li>\n\n\n\n<li>Red Bull Ice \/ Banana Ice \/ Pineapple Coconut Ice \/ Triple Mango Ice<\/li>\n\n\n\n<li>Strawberry Raspberry Cherry \/ Crazy Cherry Ice \/ Blue Cherry Ice \/ Cola Ice<\/li>\n\n\n\n<li>Truskawkowy banan \/ Truskawkowy Red Bull \/ Truskawkowe mango \/ R\u00f3\u017cowa lemoniada<\/li>\n\n\n\n<li>Blueberry Ice \/ Black Knight \/ Strawberry Ice \/ Strawberry Watermelon<\/li>\n\n\n\n<li>Cherry Cola Ice \/ Strawberry Cherry Ice \/ Strawberry Cola Ice \/ Strawberry Watermelon Bubblegum<\/li>\n\n\n\n<li>Juicy Peach Ice \/ Tropical Fruit \/ Fruit Blast \/ Peach Berry<\/li>\n\n\n\n<li>Grape Ice \/ Strawberry Kiwi \/ Strawberry Raspberry Cherry \/ Black Knight<\/li>\n\n\n\n<li>Mieszane jagody \/ Podw\u00f3jny l\u00f3d jab\u0142kowy \/ Jagoda malina \/ Jagoda mi\u00f3d<\/li>\n\n\n\n<li>Strawberry Red Bull \/ Strawberry Watermelon Bubblegum \/ Red Bull Ice \/ Cherry Cola Ice<\/li>\n\n\n\n<li>Malina z jagodami \/ Lemoniada z jagodami \/ Mieszane jagody \/ L\u00f3d miodowo-winogronowy<\/li>\n<\/ol>\n\n\n\n<h2 class=\"wp-block-heading\"><strong>Specyfikacje<\/strong><\/h2>\n\n\n\n<ul class=\"wp-block-list\">\n<li><strong>Moc nikotyny:<\/strong> 0% \/ 2% \/ 5%<\/li>\n\n\n\n<li><strong>Bateria:<\/strong> 650 mAh (akumulator)<\/li>\n\n\n\n<li><strong>Cewka:<\/strong> 1.0\u03a9 Quad Mesh<\/li>\n\n\n\n<li><strong>Port \u0142adowania:<\/strong> Typ-C<\/li>\n\n\n\n<li><strong>Obj\u0119to\u015b\u0107 e-liquidu:<\/strong> 56 ml<\/li>\n\n\n\n<li><strong>Rozmiar urz\u0105dzenia:<\/strong> 47 \u00d7 47 \u00d7 118 mm<\/li>\n\n\n\n<li><strong>Waga:<\/strong> 142g<\/li>\n\n\n\n<li><strong>Opakowanie:<\/strong> 10 urz\u0105dze\u0144\/pude\u0142ko; 160 urz\u0105dze\u0144\/karton<\/li>\n\n\n\n<li><strong>Waga brutto\/karton:<\/strong> 23 kg<\/li>\n<\/ul>\n\n\n\n<p>Odkryj waporyzacj\u0119 premium na <a href=\"https:\/\/vapemaison.com\/\">VapeMaison<\/a>, to miejsce, w kt\u00f3rym stawiasz na jako\u015b\u0107 i innowacyjno\u015b\u0107. Zapoznaj si\u0119 z nasz\u0105 pe\u0142n\u0105 ofert\u0105 na stronie <a href=\"https:\/\/vapemaison.com\/shop\/\">Sklep<\/a> lub sprawd\u017a popularn\u0105 stron\u0119 <a href=\"https:\/\/vapemaison.com\/brand\/bang\/\">Bang<\/a> oraz <a href=\"https:\/\/vapemaison.com\/brand\/waspe\/\">WASPE<\/a> produkty, uwielbiane przez vaper\u00f3w na ca\u0142ym \u015bwiecie. Szukasz wi\u0119cej opcji? Przejrzyj wszystkie nasze <a href=\"https:\/\/vapemaison.com\/product-category\/puffs-count\/\">Puffy<\/a> urz\u0105dzenia, aby znale\u017a\u0107 idealny vape dla swojego stylu i gustu, lub zobacz ich popularne <strong><a href=\"https:\/\/vapemaison.com\/product-category\/hot-series\/\">bestseller<\/a><\/strong> kolekcje.<\/p>\n\n\n\n<p><\/p>","protected":false},"excerpt":{"rendered":"<p>Do\u015bwiadcz najwy\u017cszej wygody i smaku dzi\u0119ki <strong data-start=\"190\" data-end=\"226\">WASPE 4-w-1 Flavor 100000 Puffs<\/strong>. Ten pot\u0119\u017cny jednorazowy waporyzator pozwala prze\u0142\u0105cza\u0107 si\u0119 mi\u0119dzy czterema pysznymi smakami w dowolnym momencie, zapewniaj\u0105c jednocze\u015bnie do 100 000 zaci\u0105gni\u0119\u0107 g\u0142adkiej, sp\u00f3jnej pary. Kompaktowy, \u0142adowalny i bezproblemowy, jest przeznaczony dla vaper\u00f3w, kt\u00f3rzy ceni\u0105 sobie r\u00f3\u017cnorodno\u015b\u0107, d\u0142ugotrwa\u0142\u0105 wydajno\u015b\u0107 i bezwysi\u0142kow\u0105 przyjemno\u015b\u0107 w jednym urz\u0105dzeniu.<\/p>","protected":false},"featured_media":9504,"comment_status":"open","ping_status":"closed","template":"","meta":[],"product_brand":[59],"product_cat":[151,142],"product_tag":[],"class_list":{"0":"post-20204","1":"product","2":"type-product","3":"status-publish","4":"has-post-thumbnail","6":"product_brand-waspe","7":"product_cat-100k-puffs","8":"product_cat-eu-stock","10":"first","11":"instock","12":"sale","13":"shipping-taxable","14":"purchasable","15":"product-type-variable"},"yoast_head":"<!-- This site is optimized with the Yoast SEO plugin v27.4 - https:\/\/yoast.com\/product\/yoast-seo-wordpress\/ -->\n<title>WASPE 100k Puffs Disposable Vape Low Nicotine<\/title>\n<meta name=\"description\" content=\"WASPE 100k Puffs\u00a0is a rechargeable vape featuring four switchable flavors, a 650mAh battery,your trusted European low-nicotine vape supplier.\" \/>\n<meta name=\"robots\" content=\"index, follow, max-snippet:-1, max-image-preview:large, max-video-preview:-1\" \/>\n<link rel=\"canonical\" href=\"https:\/\/vapemaison.com\/pl\/produkt\/waspe-100k-puff-jednorazowy-vape-o-niskiej-zawartosci-nikotyny\/\" \/>\n<meta property=\"og:locale\" content=\"pl_PL\" \/>\n<meta property=\"og:type\" content=\"article\" \/>\n<meta property=\"og:title\" content=\"WASPE 100k Puffs Disposable Vape Low Nicotine\" \/>\n<meta property=\"og:description\" content=\"WASPE 100k Puffs\u00a0is a rechargeable vape featuring four switchable flavors, a 650mAh battery,your trusted European low-nicotine vape supplier.\" \/>\n<meta property=\"og:url\" content=\"https:\/\/vapemaison.com\/pl\/produkt\/waspe-100k-puff-jednorazowy-vape-o-niskiej-zawartosci-nikotyny\/\" \/>\n<meta property=\"og:site_name\" content=\"VapeMaison\" \/>\n<meta property=\"article:modified_time\" content=\"2026-03-23T19:54:01+00:00\" \/>\n<meta property=\"og:image\" content=\"https:\/\/vapemaison.com\/wp-content\/uploads\/2025\/10\/waspe-100000-puffs-flavor-picture-5.jpg\" \/>\n\t<meta property=\"og:image:width\" content=\"1500\" \/>\n\t<meta property=\"og:image:height\" content=\"1500\" \/>\n\t<meta property=\"og:image:type\" content=\"image\/jpeg\" \/>\n<meta name=\"twitter:card\" content=\"summary_large_image\" \/>\n<meta name=\"twitter:label1\" content=\"Szacowany czas czytania\" \/>\n\t<meta name=\"twitter:data1\" content=\"3 minuty\" \/>\n<!-- \/ Yoast SEO plugin. -->","yoast_head_json":{"title":"WASPE 100k Puffs Jednorazowe Vape o niskiej zawarto\u015bci nikotyny","description":"WASPE 100k Puffs to vape wielokrotnego \u0142adowania z czterema prze\u0142\u0105czanymi smakami, bateri\u0105 650 mAh, zaufanym europejskim dostawc\u0105 vape o niskiej zawarto\u015bci nikotyny.","robots":{"index":"index","follow":"follow","max-snippet":"max-snippet:-1","max-image-preview":"max-image-preview:large","max-video-preview":"max-video-preview:-1"},"canonical":"https:\/\/vapemaison.com\/pl\/produkt\/waspe-100k-puff-jednorazowy-vape-o-niskiej-zawartosci-nikotyny\/","og_locale":"pl_PL","og_type":"article","og_title":"WASPE 100k Puffs Disposable Vape Low Nicotine","og_description":"WASPE 100k Puffs\u00a0is a rechargeable vape featuring four switchable flavors, a 650mAh battery,your trusted European low-nicotine vape supplier.","og_url":"https:\/\/vapemaison.com\/pl\/produkt\/waspe-100k-puff-jednorazowy-vape-o-niskiej-zawartosci-nikotyny\/","og_site_name":"VapeMaison","article_modified_time":"2026-03-23T19:54:01+00:00","og_image":[{"width":1500,"height":1500,"url":"https:\/\/vapemaison.com\/wp-content\/uploads\/2025\/10\/waspe-100000-puffs-flavor-picture-5.jpg","type":"image\/jpeg"}],"twitter_card":"summary_large_image","twitter_misc":{"Szacowany czas czytania":"3 minuty"},"schema":{"@context":"https:\/\/schema.org","@graph":[{"@type":"WebPage","@id":"https:\/\/vapemaison.com\/product\/waspe-100k-puffs-disposable-vape-low-nicotine\/","url":"https:\/\/vapemaison.com\/product\/waspe-100k-puffs-disposable-vape-low-nicotine\/","name":"WASPE 100k Puffs Jednorazowe Vape o niskiej zawarto\u015bci nikotyny","isPartOf":{"@id":"https:\/\/vapemaison.com\/#website"},"primaryImageOfPage":{"@id":"https:\/\/vapemaison.com\/product\/waspe-100k-puffs-disposable-vape-low-nicotine\/#primaryimage"},"image":{"@id":"https:\/\/vapemaison.com\/product\/waspe-100k-puffs-disposable-vape-low-nicotine\/#primaryimage"},"thumbnailUrl":"https:\/\/vapemaison.com\/wp-content\/uploads\/2025\/10\/waspe-100000-puffs-flavor-picture-5.jpg","datePublished":"2025-12-22T08:00:18+00:00","dateModified":"2026-03-23T19:54:01+00:00","description":"WASPE 100k Puffs to vape wielokrotnego \u0142adowania z czterema prze\u0142\u0105czanymi smakami, bateri\u0105 650 mAh, zaufanym europejskim dostawc\u0105 vape o niskiej zawarto\u015bci nikotyny.","breadcrumb":{"@id":"https:\/\/vapemaison.com\/product\/waspe-100k-puffs-disposable-vape-low-nicotine\/#breadcrumb"},"inLanguage":"pl-PL","potentialAction":[{"@type":"ReadAction","target":["https:\/\/vapemaison.com\/product\/waspe-100k-puffs-disposable-vape-low-nicotine\/"]}]},{"@type":"ImageObject","inLanguage":"pl-PL","@id":"https:\/\/vapemaison.com\/product\/waspe-100k-puffs-disposable-vape-low-nicotine\/#primaryimage","url":"https:\/\/vapemaison.com\/wp-content\/uploads\/2025\/10\/waspe-100000-puffs-flavor-picture-5.jpg","contentUrl":"https:\/\/vapemaison.com\/wp-content\/uploads\/2025\/10\/waspe-100000-puffs-flavor-picture-5.jpg","width":1500,"height":1500,"caption":"waspe-100000-puffs-flavor-picture-5"},{"@type":"BreadcrumbList","@id":"https:\/\/vapemaison.com\/product\/waspe-100k-puffs-disposable-vape-low-nicotine\/#breadcrumb","itemListElement":[{"@type":"ListItem","position":1,"name":"\u9996\u9875","item":"https:\/\/vapemaison.com\/"},{"@type":"ListItem","position":2,"name":"Shop","item":"https:\/\/vapemaison.com\/shop\/"},{"@type":"ListItem","position":3,"name":"Waspe","item":"https:\/\/vapemaison.com\/brand\/waspe\/"},{"@type":"ListItem","position":4,"name":"WASPE 100k Puffs Disposable Vape Low Nicotine"}]},{"@type":"WebSite","@id":"https:\/\/vapemaison.com\/#website","url":"https:\/\/vapemaison.com\/","name":"VapeMaison","description":"Wysokiej jako\u015bci urz\u0105dzenia i akcesoria do waporyzacji","publisher":{"@id":"https:\/\/vapemaison.com\/#organization"},"potentialAction":[{"@type":"SearchAction","target":{"@type":"EntryPoint","urlTemplate":"https:\/\/vapemaison.com\/?s={search_term_string}"},"query-input":{"@type":"PropertyValueSpecification","valueRequired":true,"valueName":"search_term_string"}}],"inLanguage":"pl-PL"},{"@type":"Organization","@id":"https:\/\/vapemaison.com\/#organization","name":"VapeMaison","url":"https:\/\/vapemaison.com\/","logo":{"@type":"ImageObject","inLanguage":"pl-PL","@id":"https:\/\/vapemaison.com\/#\/schema\/logo\/image\/","url":"https:\/\/vapemaison.com\/wp-content\/uploads\/2026\/01\/cropped-vapemaison-logo-g-2026.webp","contentUrl":"https:\/\/vapemaison.com\/wp-content\/uploads\/2026\/01\/cropped-vapemaison-logo-g-2026.webp","width":350,"height":280,"caption":"VapeMaison"},"image":{"@id":"https:\/\/vapemaison.com\/#\/schema\/logo\/image\/"},"sameAs":["https:\/\/www.youtube.com\/@VapeMaison"]}]}},"tiered_pricing_type":"fixed","tiered_pricing_fixed_rules":{"30":"11.88","50":"11.42","100":"10.88","200":"9.98"},"tiered_pricing_product_settings":{"layout":"default","base_unit_name":{"singular":null,"plural":null},"default_variation":null},"tiered_pricing_minimum_quantity":10,"tiered_pricing_roles_data":[],"tiered_pricing_percentage_rules":[],"tiered_pricing_maximum_quantity":null,"tiered_pricing_quantity_step":"10","_links":{"self":[{"href":"https:\/\/vapemaison.com\/pl\/wp-json\/wp\/v2\/product\/20204","targetHints":{"allow":["GET"]}}],"collection":[{"href":"https:\/\/vapemaison.com\/pl\/wp-json\/wp\/v2\/product"}],"about":[{"href":"https:\/\/vapemaison.com\/pl\/wp-json\/wp\/v2\/types\/product"}],"replies":[{"embeddable":true,"href":"https:\/\/vapemaison.com\/pl\/wp-json\/wp\/v2\/comments?post=20204"}],"version-history":[{"count":0,"href":"https:\/\/vapemaison.com\/pl\/wp-json\/wp\/v2\/product\/20204\/revisions"}],"wp:featuredmedia":[{"embeddable":true,"href":"https:\/\/vapemaison.com\/pl\/wp-json\/wp\/v2\/media\/9504"}],"wp:attachment":[{"href":"https:\/\/vapemaison.com\/pl\/wp-json\/wp\/v2\/media?parent=20204"}],"wp:term":[{"taxonomy":"product_brand","embeddable":true,"href":"https:\/\/vapemaison.com\/pl\/wp-json\/wp\/v2\/product_brand?post=20204"},{"taxonomy":"product_cat","embeddable":true,"href":"https:\/\/vapemaison.com\/pl\/wp-json\/wp\/v2\/product_cat?post=20204"},{"taxonomy":"product_tag","embeddable":true,"href":"https:\/\/vapemaison.com\/pl\/wp-json\/wp\/v2\/product_tag?post=20204"}],"curies":[{"name":"wp","href":"https:\/\/api.w.org\/{rel}","templated":true}]}}