

{"id":20241,"date":"2025-12-22T08:00:20","date_gmt":"2025-12-22T08:00:20","guid":{"rendered":"https:\/\/vapemaison.com\/?post_type=product&#038;p=20241"},"modified":"2026-01-22T06:12:47","modified_gmt":"2026-01-22T06:12:47","slug":"waspe-60k-puff-ekran-led-do-ladowania-vape","status":"publish","type":"product","link":"https:\/\/vapemaison.com\/pl\/product\/waspe-60k-puffs-rechargeable-vape-led-screen\/","title":{"rendered":"WASPE AIVIOU 60k Puffs jednorazowe Vape - potr\u00f3jne smaki"},"content":{"rendered":"<p>WASPE AIVIOU 60000 to jednorazowy waporyzator o du\u017cej pojemno\u015bci przeznaczony dla u\u017cytkownik\u00f3w i sprzedawc\u00f3w detalicznych, kt\u00f3rzy ceni\u0105 sobie wyd\u0142u\u017con\u0105 \u017cywotno\u015b\u0107, r\u00f3\u017cnorodno\u015b\u0107 smak\u00f3w i wygod\u0119 obs\u0142ugi. Wyposa\u017cony w system trzech smak\u00f3w w jednym urz\u0105dzeniu, pozwala u\u017cytkownikom prze\u0142\u0105cza\u0107 si\u0119 mi\u0119dzy trzema r\u00f3\u017cnymi profilami smakowymi bez konieczno\u015bci wymiany urz\u0105dzenia.<\/p>\n\n\n\n<p>Dzi\u0119ki du\u017cemu, wst\u0119pnie nape\u0142nionemu zbiornikowi e-cieczy o pojemno\u015bci 54 ml, technologii cewki siatkowej i akumulatorowi, urz\u0105dzenie zosta\u0142o zaprojektowane z my\u015bl\u0105 o d\u0142ugotrwa\u0142ej, stabilnej pracy. Zintegrowany wy\u015bwietlacz zapewnia informacje w czasie rzeczywistym na temat poziomu na\u0142adowania baterii i pozosta\u0142ej ilo\u015bci e-cieczy, poprawiaj\u0105c u\u017cyteczno\u015b\u0107 i zmniejszaj\u0105c przerwy podczas u\u017cytkowania.<\/p>\n\n\n\n<h2 class=\"wp-block-heading\">Specyfikacja techniczna<\/h2>\n\n\n\n<figure class=\"wp-block-table is-style-stripes\"><table class=\"has-fixed-layout\"><thead><tr><th>Pozycja<\/th><th>Specyfikacja<\/th><\/tr><\/thead><tbody><tr><td>Typ produktu<\/td><td>Vape jednorazowego u\u017cytku<\/td><\/tr><tr><td>Pojemno\u015b\u0107 dmuchawy<\/td><td>Do 60 000 zaci\u0105gni\u0119\u0107<\/td><\/tr><tr><td>Pojemno\u015b\u0107 e-liquidu<\/td><td>54 ml (wst\u0119pnie nape\u0142niony)<\/td><\/tr><tr><td>Mocne strony nikotyny<\/td><td>0% \/ 2% \/ 5%<\/td><\/tr><tr><td>Typ cewki<\/td><td>Siatkowa cewka<\/td><\/tr><tr><td>Pojemno\u015b\u0107 akumulatora<\/td><td>650 mAh (akumulator)<\/td><\/tr><tr><td>Interfejs \u0142adowania<\/td><td>Typ-C<\/td><\/tr><tr><td>Wy\u015bwietlacz<\/td><td>Wska\u017anik poziomu baterii i e-cieczy<\/td><\/tr><tr><td>System aromat\u00f3w<\/td><td>Potr\u00f3jny smak (prze\u0142\u0105czany)<\/td><\/tr><tr><td>Waga urz\u0105dzenia<\/td><td>Oko\u0142o 130 g<\/td><\/tr><tr><td>Opakowania (sprzeda\u017c hurtowa)<\/td><td>10 sztuk \/ pude\u0142ko, 160 sztuk \/ karton<\/td><\/tr><\/tbody><\/table><\/figure>\n\n\n\n<h2 class=\"wp-block-heading\">Kluczowe cechy<\/h2>\n\n\n\n<h3 class=\"wp-block-heading\">System potr\u00f3jnego smaku<\/h3>\n\n\n\n<p>Trzy smaki s\u0105 zintegrowane w jednym urz\u0105dzeniu, umo\u017cliwiaj\u0105c u\u017cytkownikom prze\u0142\u0105czanie si\u0119 mi\u0119dzy profilami i zachowanie r\u00f3\u017cnorodno\u015bci podczas d\u0142ugotrwa\u0142ego u\u017cytkowania.<\/p>\n\n\n\n<h3 class=\"wp-block-heading\">Rozszerzona pojemno\u015b\u0107 u\u017cytkowa<\/h3>\n\n\n\n<p>Dzi\u0119ki pojemno\u015bci 54 ml e-liquidu i 60 000 zaci\u0105gni\u0119\u0107, urz\u0105dzenie jest odpowiednie dla u\u017cytkownik\u00f3w o wysokiej cz\u0119stotliwo\u015bci i d\u0142ugoterminowym popycie detalicznym.<\/p>\n\n\n\n<h3 class=\"wp-block-heading\">Technologia cewki siatkowej<\/h3>\n\n\n\n<p>Siatkowa struktura cewki zapewnia r\u00f3wnomierne ogrzewanie i sta\u0142\u0105 produkcj\u0119 pary, pomagaj\u0105c utrzyma\u0107 stabilny smak przez ca\u0142y okres u\u017cytkowania urz\u0105dzenia.<\/p>\n\n\n\n<h3 class=\"wp-block-heading\">Konstrukcja wielokrotnego \u0142adowania<\/h3>\n\n\n\n<p>Wbudowana bateria o pojemno\u015bci 650 mAh z funkcj\u0105 \u0142adowania typu C umo\u017cliwia ci\u0105g\u0142e u\u017cytkowanie do momentu ca\u0142kowitego zu\u017cycia e-liquidu.<\/p>\n\n\n\n<h3 class=\"wp-block-heading\">Zintegrowany wy\u015bwietlacz<\/h3>\n\n\n\n<p>Ekran wy\u015bwietlacza pokazuje stan baterii i pozosta\u0142\u0105 ilo\u015b\u0107 e-liquidu, pomagaj\u0105c u\u017cytkownikom efektywniej zarz\u0105dza\u0107 \u0142adowaniem i u\u017cytkowaniem.<\/p>\n\n\n\n<h3 class=\"wp-block-heading\">Praktyczne dla sprzeda\u017cy detalicznej i hurtowej<\/h3>\n\n\n\n<p>Standaryzowane opakowanie i konstrukcja o du\u017cej pojemno\u015bci sprawiaj\u0105, \u017ce AIVIOU 60000 nadaje si\u0119 do p\u00f3\u0142ek detalicznych i dystrybucji masowej.<\/p>\n\n\n\n<h2 class=\"wp-block-heading\">Dost\u0119pne kombinacje trzech smak\u00f3w<\/h2>\n\n\n\n<p>Ka\u017cde urz\u0105dzenie zawiera <strong>trzy zintegrowane smaki<\/strong>. Dost\u0119pne kombinacje obejmuj\u0105:<\/p>\n\n\n\n<ol class=\"wp-block-list\">\n<li>Watermelon Ice \/ Strawberry Kiwi \/ Lemon Lime<\/li>\n\n\n\n<li>Arbuz truskawkowy \/ Cukierki malinowe truskawkowe \/ L\u00f3d winogronowy<\/li>\n\n\n\n<li>Blueberry Ice \/ Black Dragon Ice \/ Fizzy Cherry Ice<\/li>\n\n\n\n<li>Truskawka z malin\u0105 i wi\u015bni\u0105 \/ Love 666 \/ Cherry Candy Ice<\/li>\n\n\n\n<li>Peach Ice \/ Pineapple Mango Peach \/ Cranberry Lemon<\/li>\n\n\n\n<li>Red Bull Ice \/ Strawberry Mango \/ Strawberry Watermelon Bubblegum<\/li>\n\n\n\n<li>Mieszane jagody \/ \u017celki \/ mieszane owoce<\/li>\n\n\n\n<li>Triple Melon Ice \/ Rainbow Candy \/ Blueberry Candy<\/li>\n\n\n\n<li>Grape Ice \/ Strawberry Candy \/ Strawberry Raspberry Cherry<\/li>\n\n\n\n<li>L\u00f3d truskawkowo-bananowy \/ l\u00f3d ananasowo-kokosowy \/ l\u00f3d mango<\/li>\n\n\n\n<li>Cherry Cola Ice \/ Strawberry Cola \/ Cola Ice<\/li>\n\n\n\n<li>Jagodowa malina \/ Jagodowa wata cukrowa \/ Podw\u00f3jny l\u00f3d jab\u0142kowy<\/li>\n<\/ol>\n\n\n\n<h2 class=\"wp-block-heading\">Odpowiednie zastosowania<\/h2>\n\n\n\n<ul class=\"wp-block-list\">\n<li>Sprzedawcy detaliczni oferuj\u0105cy <strong>jednorazowe urz\u0105dzenia vape o du\u017cej pojemno\u015bci<\/strong><\/li>\n\n\n\n<li>Hurtownicy poszukuj\u0105cy <strong>Produkty wielosmakowe o d\u0142ugim okresie przydatno\u015bci do spo\u017cycia<\/strong><\/li>\n\n\n\n<li>U\u017cytkownicy, kt\u00f3rzy preferuj\u0105 <strong>r\u00f3\u017cnorodno\u015b\u0107 smak\u00f3w bez konieczno\u015bci cz\u0119stej wymiany<\/strong><\/li>\n\n\n\n<li>Rynki wymagaj\u0105ce <strong>Jednoraz\u00f3wki z wy\u015bwietlaczem i mo\u017cliwo\u015bci\u0105 \u0142adowania<\/strong><\/li>\n<\/ul>\n\n\n\n<p><\/p>","protected":false},"excerpt":{"rendered":"<p>Do\u015bwiadcz d\u0142ugotrwa\u0142ej waporyzacji dzi\u0119ki <strong data-start=\"1068\" data-end=\"1112\">WASPE AIVIOU 60000 puff\u00f3w jednorazowych Vape<\/strong>. Zaprojektowane z my\u015bl\u0105 o europejskich hurtownikach i mi\u0142o\u015bnikach waporyzacji, to urz\u0105dzenie 3 w 1 \u0142\u0105czy w sobie wygod\u0119, r\u00f3\u017cnorodno\u015b\u0107 i wydajno\u015b\u0107. Pozwala ono cieszy\u0107 si\u0119 nawet 60 000 zaci\u0105gni\u0119\u0107 dzi\u0119ki ekranowi LED, 54 ml e-liquidu i akumulatorowi typu C.<\/p>","protected":false},"featured_media":7985,"comment_status":"open","ping_status":"closed","template":"","meta":[],"product_brand":[59],"product_cat":[137],"product_tag":[],"class_list":{"0":"post-20241","1":"product","2":"type-product","3":"status-publish","4":"has-post-thumbnail","6":"product_brand-waspe","7":"product_cat-60k-puffs","9":"first","10":"instock","11":"sale","12":"shipping-taxable","13":"purchasable","14":"product-type-variable"},"yoast_head":"<!-- This site is optimized with the Yoast SEO plugin v27.4 - https:\/\/yoast.com\/product\/yoast-seo-wordpress\/ -->\n<title>WASPE AIVIOU 60k Puffs | 3 in 1 Flavors Disposable Vape<\/title>\n<meta name=\"description\" content=\"Discover the WASPE AIVIOU 60k Puffs Disposable Vape.featuring 3 flavors in one device. Perfect for wholesalers and vape retailers across Europe.\" \/>\n<meta name=\"robots\" content=\"index, follow, max-snippet:-1, max-image-preview:large, max-video-preview:-1\" \/>\n<link rel=\"canonical\" href=\"https:\/\/vapemaison.com\/pl\/produkt\/waspe-60k-puff-ekran-led-do-ladowania-vape\/\" \/>\n<meta property=\"og:locale\" content=\"pl_PL\" \/>\n<meta property=\"og:type\" content=\"article\" \/>\n<meta property=\"og:title\" content=\"WASPE AIVIOU 60k Puffs | 3 in 1 Flavors Disposable Vape\" \/>\n<meta property=\"og:description\" content=\"Discover the WASPE AIVIOU 60k Puffs Disposable Vape.featuring 3 flavors in one device. Perfect for wholesalers and vape retailers across Europe.\" \/>\n<meta property=\"og:url\" content=\"https:\/\/vapemaison.com\/pl\/produkt\/waspe-60k-puff-ekran-led-do-ladowania-vape\/\" \/>\n<meta property=\"og:site_name\" content=\"VapeMaison\" \/>\n<meta property=\"article:modified_time\" content=\"2026-01-22T06:12:47+00:00\" \/>\n<meta property=\"og:image\" content=\"https:\/\/vapemaison.com\/wp-content\/uploads\/2025\/10\/waspe-3in1-60k-0.jpg\" \/>\n\t<meta property=\"og:image:width\" content=\"1200\" \/>\n\t<meta property=\"og:image:height\" content=\"1200\" \/>\n\t<meta property=\"og:image:type\" content=\"image\/jpeg\" \/>\n<meta name=\"twitter:card\" content=\"summary_large_image\" \/>\n<meta name=\"twitter:label1\" content=\"Szacowany czas czytania\" \/>\n\t<meta name=\"twitter:data1\" content=\"3 minuty\" \/>\n<!-- \/ Yoast SEO plugin. -->","yoast_head_json":{"title":"WASPE AIVIOU 60k Puffs | 3 w 1 Smaki Jednorazowe Vape","description":"Odkryj WASPE AIVIOU 60k Puffs Disposable Vape.featuring 3 smaki w jednym urz\u0105dzeniu. Idealny dla hurtownik\u00f3w i sprzedawc\u00f3w vape w ca\u0142ej Europie.","robots":{"index":"index","follow":"follow","max-snippet":"max-snippet:-1","max-image-preview":"max-image-preview:large","max-video-preview":"max-video-preview:-1"},"canonical":"https:\/\/vapemaison.com\/pl\/produkt\/waspe-60k-puff-ekran-led-do-ladowania-vape\/","og_locale":"pl_PL","og_type":"article","og_title":"WASPE AIVIOU 60k Puffs | 3 in 1 Flavors Disposable Vape","og_description":"Discover the WASPE AIVIOU 60k Puffs Disposable Vape.featuring 3 flavors in one device. Perfect for wholesalers and vape retailers across Europe.","og_url":"https:\/\/vapemaison.com\/pl\/produkt\/waspe-60k-puff-ekran-led-do-ladowania-vape\/","og_site_name":"VapeMaison","article_modified_time":"2026-01-22T06:12:47+00:00","og_image":[{"width":1200,"height":1200,"url":"https:\/\/vapemaison.com\/wp-content\/uploads\/2025\/10\/waspe-3in1-60k-0.jpg","type":"image\/jpeg"}],"twitter_card":"summary_large_image","twitter_misc":{"Szacowany czas czytania":"3 minuty"},"schema":{"@context":"https:\/\/schema.org","@graph":[{"@type":"WebPage","@id":"https:\/\/vapemaison.com\/product\/waspe-60k-puffs-rechargeable-vape-led-screen\/","url":"https:\/\/vapemaison.com\/product\/waspe-60k-puffs-rechargeable-vape-led-screen\/","name":"WASPE AIVIOU 60k Puffs | 3 w 1 Smaki Jednorazowe Vape","isPartOf":{"@id":"https:\/\/vapemaison.com\/#website"},"primaryImageOfPage":{"@id":"https:\/\/vapemaison.com\/product\/waspe-60k-puffs-rechargeable-vape-led-screen\/#primaryimage"},"image":{"@id":"https:\/\/vapemaison.com\/product\/waspe-60k-puffs-rechargeable-vape-led-screen\/#primaryimage"},"thumbnailUrl":"https:\/\/vapemaison.com\/wp-content\/uploads\/2025\/10\/waspe-3in1-60k-0.jpg","datePublished":"2025-12-22T08:00:20+00:00","dateModified":"2026-01-22T06:12:47+00:00","description":"Odkryj WASPE AIVIOU 60k Puffs Disposable Vape.featuring 3 smaki w jednym urz\u0105dzeniu. Idealny dla hurtownik\u00f3w i sprzedawc\u00f3w vape w ca\u0142ej Europie.","breadcrumb":{"@id":"https:\/\/vapemaison.com\/product\/waspe-60k-puffs-rechargeable-vape-led-screen\/#breadcrumb"},"inLanguage":"pl-PL","potentialAction":[{"@type":"ReadAction","target":["https:\/\/vapemaison.com\/product\/waspe-60k-puffs-rechargeable-vape-led-screen\/"]}]},{"@type":"ImageObject","inLanguage":"pl-PL","@id":"https:\/\/vapemaison.com\/product\/waspe-60k-puffs-rechargeable-vape-led-screen\/#primaryimage","url":"https:\/\/vapemaison.com\/wp-content\/uploads\/2025\/10\/waspe-3in1-60k-0.jpg","contentUrl":"https:\/\/vapemaison.com\/wp-content\/uploads\/2025\/10\/waspe-3in1-60k-0.jpg","width":1200,"height":1200,"caption":"waspe-3in1-60k-0"},{"@type":"BreadcrumbList","@id":"https:\/\/vapemaison.com\/product\/waspe-60k-puffs-rechargeable-vape-led-screen\/#breadcrumb","itemListElement":[{"@type":"ListItem","position":1,"name":"\u9996\u9875","item":"https:\/\/vapemaison.com\/"},{"@type":"ListItem","position":2,"name":"Shop","item":"https:\/\/vapemaison.com\/shop\/"},{"@type":"ListItem","position":3,"name":"Waspe","item":"https:\/\/vapemaison.com\/brand\/waspe\/"},{"@type":"ListItem","position":4,"name":"WASPE AIVIOU 60k Puffs Disposable Vape \u2013 Triple Flavors"}]},{"@type":"WebSite","@id":"https:\/\/vapemaison.com\/#website","url":"https:\/\/vapemaison.com\/","name":"VapeMaison","description":"Wysokiej jako\u015bci urz\u0105dzenia i akcesoria do waporyzacji","publisher":{"@id":"https:\/\/vapemaison.com\/#organization"},"potentialAction":[{"@type":"SearchAction","target":{"@type":"EntryPoint","urlTemplate":"https:\/\/vapemaison.com\/?s={search_term_string}"},"query-input":{"@type":"PropertyValueSpecification","valueRequired":true,"valueName":"search_term_string"}}],"inLanguage":"pl-PL"},{"@type":"Organization","@id":"https:\/\/vapemaison.com\/#organization","name":"VapeMaison","url":"https:\/\/vapemaison.com\/","logo":{"@type":"ImageObject","inLanguage":"pl-PL","@id":"https:\/\/vapemaison.com\/#\/schema\/logo\/image\/","url":"https:\/\/vapemaison.com\/wp-content\/uploads\/2026\/01\/cropped-vapemaison-logo-g-2026.webp","contentUrl":"https:\/\/vapemaison.com\/wp-content\/uploads\/2026\/01\/cropped-vapemaison-logo-g-2026.webp","width":350,"height":280,"caption":"VapeMaison"},"image":{"@id":"https:\/\/vapemaison.com\/#\/schema\/logo\/image\/"},"sameAs":["https:\/\/www.youtube.com\/@VapeMaison"]}]}},"tiered_pricing_type":"fixed","tiered_pricing_fixed_rules":{"30":"11.99","50":"10.99","100":"9.98","200":"8.88"},"tiered_pricing_product_settings":{"layout":"default","base_unit_name":{"singular":null,"plural":null},"default_variation":null},"tiered_pricing_minimum_quantity":10,"tiered_pricing_roles_data":[],"tiered_pricing_percentage_rules":[],"tiered_pricing_maximum_quantity":null,"tiered_pricing_quantity_step":"10","_links":{"self":[{"href":"https:\/\/vapemaison.com\/pl\/wp-json\/wp\/v2\/product\/20241","targetHints":{"allow":["GET"]}}],"collection":[{"href":"https:\/\/vapemaison.com\/pl\/wp-json\/wp\/v2\/product"}],"about":[{"href":"https:\/\/vapemaison.com\/pl\/wp-json\/wp\/v2\/types\/product"}],"replies":[{"embeddable":true,"href":"https:\/\/vapemaison.com\/pl\/wp-json\/wp\/v2\/comments?post=20241"}],"version-history":[{"count":1,"href":"https:\/\/vapemaison.com\/pl\/wp-json\/wp\/v2\/product\/20241\/revisions"}],"predecessor-version":[{"id":26175,"href":"https:\/\/vapemaison.com\/pl\/wp-json\/wp\/v2\/product\/20241\/revisions\/26175"}],"wp:featuredmedia":[{"embeddable":true,"href":"https:\/\/vapemaison.com\/pl\/wp-json\/wp\/v2\/media\/7985"}],"wp:attachment":[{"href":"https:\/\/vapemaison.com\/pl\/wp-json\/wp\/v2\/media?parent=20241"}],"wp:term":[{"taxonomy":"product_brand","embeddable":true,"href":"https:\/\/vapemaison.com\/pl\/wp-json\/wp\/v2\/product_brand?post=20241"},{"taxonomy":"product_cat","embeddable":true,"href":"https:\/\/vapemaison.com\/pl\/wp-json\/wp\/v2\/product_cat?post=20241"},{"taxonomy":"product_tag","embeddable":true,"href":"https:\/\/vapemaison.com\/pl\/wp-json\/wp\/v2\/product_tag?post=20241"}],"curies":[{"name":"wp","href":"https:\/\/api.w.org\/{rel}","templated":true}]}}