

{"id":20396,"date":"2025-12-22T10:32:11","date_gmt":"2025-12-22T10:32:11","guid":{"rendered":"https:\/\/vapemaison.com\/?post_type=product&#038;p=20396"},"modified":"2026-02-27T09:43:22","modified_gmt":"2026-02-27T09:43:22","slug":"fumot-12k-love-66-vape-fumot-12000-sorten","status":"publish","type":"product","link":"https:\/\/vapemaison.com\/pl\/product\/fumot-12k-love-66-vape-fumot-12000-sorten\/","title":{"rendered":"Fumot 12k love 66 Vape | Fumot 12000 sorten"},"content":{"rendered":"<p>The <strong>fumot 12k love 66 flavor<\/strong> zapewnia egzotyczne po\u0142\u0105czenie s\u0142odkich owoc\u00f3w tropikalnych, delikatnych kwiat\u00f3w i subtelnego ch\u0142odz\u0105cego wyko\u0144czenia. G\u0142adki, aromatyczny i natychmiast rozpoznawalny, Love 66 oferuje wyrafinowane doznania podczas waporyzacji, kt\u00f3re przemawiaj\u0105 do u\u017cytkownik\u00f3w poszukuj\u0105cych czego\u015b wyj\u0105tkowego, a jednocze\u015bnie doskonale wywa\u017conego. Zaprojektowane z my\u015bl\u0105 o wydajno\u015bci i d\u0142ugowieczno\u015bci, urz\u0105dzenie to \u0142\u0105czy w sobie innowacyjn\u0105 technologi\u0119 z charakterystyczn\u0105 g\u0142\u0119bi\u0105 smaku.<\/p>\n\n\n\n<h2 class=\"wp-block-heading\">Kluczowe cechy<\/h2>\n\n\n\n<p><strong>Smak:<\/strong> Love 66 - s\u0142odki, egzotyczny i delikatnie orze\u017awiaj\u0105cy<br><strong>Liczba zaci\u0105gni\u0119\u0107:<\/strong> Do 12 000 zaci\u0105gni\u0119\u0107<br><strong>Pojemno\u015b\u0107 e-liquidu:<\/strong> Wst\u0119pnie nape\u0142niony 20 ml<br><strong>Opcje nikotyny:<\/strong> 0%, 2%, 3%, 5%<br><strong>Typ cewki:<\/strong> Siatkowa cewka 0,8\u03a9 zapewniaj\u0105ca r\u00f3wnomierne ogrzewanie i bogaty smak<br><strong>Bateria:<\/strong> Akumulator o pojemno\u015bci 550 mAh<br><strong>Projekt:<\/strong> Kompaktowy, trwa\u0142y i \u0142atwy w u\u017cyciu<\/p>\n\n\n\n<hr class=\"wp-block-separator has-alpha-channel-opacity\"\/>\n\n\n\n<h2 class=\"wp-block-heading\">Dlaczego warto wybra\u0107 Fumot 12k love 66?<\/h2>\n\n\n\n<p><strong>D\u0142ugotrwa\u0142a wydajno\u015b\u0107<\/strong> - Du\u017ca pojemno\u015b\u0107 dmuchawy w po\u0142\u0105czeniu z akumulatorem zapewnia d\u0142u\u017csz\u0105 przyjemno\u015b\u0107 z u\u017cytkowania.<\/p>\n\n\n\n<p><strong>Kultowy smak Love 66<\/strong> - Z\u0142o\u017cona mieszanka owocowej s\u0142odyczy i delikatnej \u015bwie\u017co\u015bci, g\u0142adka, ale nie przyt\u0142aczaj\u0105ca.<\/p>\n\n\n\n<p><strong>Opcje nikotyny z mo\u017cliwo\u015bci\u0105 dostosowania<\/strong> - Nadaje si\u0119 dla u\u017cytkownik\u00f3w bez nikotyny i tych, kt\u00f3rzy wol\u0105 mocniejsze uderzenie.<\/p>\n\n\n\n<p><strong>Zaawansowana technologia cewek siatkowych<\/strong> - Zapewnia sp\u00f3jn\u0105 par\u0119 i pe\u0142ny smak od pierwszego do ostatniego zaci\u0105gni\u0119cia.<\/p>\n\n\n\n<p><strong>Kompaktowa i trwa\u0142a konstrukcja<\/strong> - Idealny do codziennego u\u017cytku, zar\u00f3wno dla pocz\u0105tkuj\u0105cych, jak i do\u015bwiadczonych waper\u00f3w.<\/p>\n\n\n\n<h2 class=\"wp-block-heading\">Dlaczego warto kupowa\u0107 od Fumot?<\/h2>\n\n\n\n<p><strong>Szeroki wyb\u00f3r<\/strong> - Wybieraj spo\u015br\u00f3d 48 unikalnych smak\u00f3w w serii Fumot 12000.<\/p>\n\n\n\n<p><strong>Kompatybilno\u015b\u0107 akcesori\u00f3w<\/strong> - Bezproblemowa wsp\u00f3\u0142praca z akcesoriami serii RandM Tornado.<\/p>\n\n\n\n<p><strong>Szybka wysy\u0142ka<\/strong> - Bezpieczna p\u0142atno\u015b\u0107 i wysy\u0142ka w ci\u0105gu 24 godzin za po\u015brednictwem <strong><a href=\"https:\/\/vapemaison.com\/\">vapemaison.com<\/a><\/strong>.<\/p>\n\n\n\n<h2 class=\"wp-block-heading\">Najcz\u0119\u015bciej zadawane pytania<\/h2>\n\n\n\n<p><strong>Czy Love 66 nadaje si\u0119 do codziennego waporyzowania?<\/strong><br>Tak. Jego g\u0142adki, zr\u00f3wnowa\u017cony profil sprawia, \u017ce idealnie nadaje si\u0119 do ca\u0142odziennego u\u017cytkowania bez zm\u0119czenia smakiem.<\/p>\n\n\n\n<p><strong>Jak wypada Love 66 w por\u00f3wnaniu z owocowymi lub lodowymi smakami?<\/strong><br>Love 66 oferuje bardziej wielowarstwowe i aromatyczne doznania, \u0142\u0105cz\u0105c s\u0142odycz z subteln\u0105 \u015bwie\u017co\u015bci\u0105 zamiast ostrego lodu lub pojedynczych nut owocowych.<\/p>\n\n\n\n<p><strong>Dlaczego Fumot Digital Box 12000 jest uwa\u017cany za 10 najlepszych vape?<\/strong><br>Du\u017ca liczba zaci\u0105gni\u0119\u0107, kultowe opcje smakowe, takie jak Love 66, oraz zaawansowana technologia cewek siatkowych zapewniaj\u0105 niezawodn\u0105 wydajno\u015b\u0107 i doskona\u0142y smak.<\/p>","protected":false},"excerpt":{"rendered":"<p>The fumot 12k love 66 flavor delivers an exotic fusion of sweet tropical fruits, delicate florals, and a subtle cooling finish. Smooth, aromatic, and instantly recognizable, Love 66 offers a refined vaping experience that appeals to users seeking something unique yet perfectly balanced. Designed for performance and longevity, this device combines innovative technology with signature [&hellip;]<\/p>\n","protected":false},"featured_media":21207,"comment_status":"open","ping_status":"closed","template":"","meta":[],"product_brand":[58],"product_cat":[154,174,294],"product_tag":[],"class_list":{"0":"post-20396","1":"product","2":"type-product","3":"status-publish","4":"has-post-thumbnail","6":"product_brand-fumot","7":"product_cat-12k-puffs","8":"product_cat-fumot-12k","9":"product_cat-no-nicotine-vape","11":"first","12":"instock","13":"sale","14":"shipping-taxable","15":"purchasable","16":"product-type-variable"},"yoast_head":"<!-- This site is optimized with the Yoast SEO plugin v27.4 - https:\/\/yoast.com\/product\/yoast-seo-wordpress\/ -->\n<title>Fumot Digital Box | Fumot 12k love 66 \u2013 12.000 Z\u00fcge Exotic Vape<\/title>\n<meta name=\"description\" content=\"Fumot 12k love 66 mit exotischem Fruchtmix und sanfter Frische. 20ml Liquid, Mesh Coil, 12.000 Z\u00fcge, schnell verf\u00fcgbar.\" \/>\n<meta name=\"robots\" content=\"index, follow, max-snippet:-1, max-image-preview:large, max-video-preview:-1\" \/>\n<link rel=\"canonical\" href=\"https:\/\/vapemaison.com\/pl\/produkt\/fumot-12k-love-66-vape-fumot-12000-sorten\/\" \/>\n<meta property=\"og:locale\" content=\"pl_PL\" \/>\n<meta property=\"og:type\" content=\"article\" \/>\n<meta property=\"og:title\" content=\"Fumot Digital Box | Fumot 12k love 66 \u2013 12.000 Z\u00fcge Exotic Vape\" \/>\n<meta property=\"og:description\" content=\"Fumot 12k love 66 mit exotischem Fruchtmix und sanfter Frische. 20ml Liquid, Mesh Coil, 12.000 Z\u00fcge, schnell verf\u00fcgbar.\" \/>\n<meta property=\"og:url\" content=\"https:\/\/vapemaison.com\/pl\/produkt\/fumot-12k-love-66-vape-fumot-12000-sorten\/\" \/>\n<meta property=\"og:site_name\" content=\"VapeMaison\" \/>\n<meta property=\"article:modified_time\" content=\"2026-02-27T09:43:22+00:00\" \/>\n<meta property=\"og:image\" content=\"https:\/\/vapemaison.com\/wp-content\/uploads\/2025\/12\/Randm-Tornado-12000-Love-66.png\" \/>\n\t<meta property=\"og:image:width\" content=\"800\" \/>\n\t<meta property=\"og:image:height\" content=\"800\" \/>\n\t<meta property=\"og:image:type\" content=\"image\/png\" \/>\n<meta name=\"twitter:card\" content=\"summary_large_image\" \/>\n<meta name=\"twitter:label1\" content=\"Szacowany czas czytania\" \/>\n\t<meta name=\"twitter:data1\" content=\"2 minuty\" \/>\n<!-- \/ Yoast SEO plugin. -->","yoast_head_json":{"title":"Fumot Digital Box | Fumot 12k love 66 - 12.000 Z\u00fcge Exotic Vape","description":"Fumot 12k love 66 mit exotischem Fruchtmix und sanfter Frische. 20 ml p\u0142ynu, cewka siatkowa, 12 000 zwoj\u00f3w, szybka dost\u0119pno\u015b\u0107.","robots":{"index":"index","follow":"follow","max-snippet":"max-snippet:-1","max-image-preview":"max-image-preview:large","max-video-preview":"max-video-preview:-1"},"canonical":"https:\/\/vapemaison.com\/pl\/produkt\/fumot-12k-love-66-vape-fumot-12000-sorten\/","og_locale":"pl_PL","og_type":"article","og_title":"Fumot Digital Box | Fumot 12k love 66 \u2013 12.000 Z\u00fcge Exotic Vape","og_description":"Fumot 12k love 66 mit exotischem Fruchtmix und sanfter Frische. 20ml Liquid, Mesh Coil, 12.000 Z\u00fcge, schnell verf\u00fcgbar.","og_url":"https:\/\/vapemaison.com\/pl\/produkt\/fumot-12k-love-66-vape-fumot-12000-sorten\/","og_site_name":"VapeMaison","article_modified_time":"2026-02-27T09:43:22+00:00","og_image":[{"width":800,"height":800,"url":"https:\/\/vapemaison.com\/wp-content\/uploads\/2025\/12\/Randm-Tornado-12000-Love-66.png","type":"image\/png"}],"twitter_card":"summary_large_image","twitter_misc":{"Szacowany czas czytania":"2 minuty"},"schema":{"@context":"https:\/\/schema.org","@graph":[{"@type":"WebPage","@id":"https:\/\/vapemaison.com\/product\/fumot-12k-love-66-vape-fumot-12000-sorten\/","url":"https:\/\/vapemaison.com\/product\/fumot-12k-love-66-vape-fumot-12000-sorten\/","name":"Fumot Digital Box | Fumot 12k love 66 - 12.000 Z\u00fcge Exotic Vape","isPartOf":{"@id":"https:\/\/vapemaison.com\/#website"},"primaryImageOfPage":{"@id":"https:\/\/vapemaison.com\/product\/fumot-12k-love-66-vape-fumot-12000-sorten\/#primaryimage"},"image":{"@id":"https:\/\/vapemaison.com\/product\/fumot-12k-love-66-vape-fumot-12000-sorten\/#primaryimage"},"thumbnailUrl":"https:\/\/vapemaison.com\/wp-content\/uploads\/2025\/12\/Randm-Tornado-12000-Love-66.png","datePublished":"2025-12-22T10:32:11+00:00","dateModified":"2026-02-27T09:43:22+00:00","description":"Fumot 12k love 66 mit exotischem Fruchtmix und sanfter Frische. 20 ml p\u0142ynu, cewka siatkowa, 12 000 zwoj\u00f3w, szybka dost\u0119pno\u015b\u0107.","breadcrumb":{"@id":"https:\/\/vapemaison.com\/product\/fumot-12k-love-66-vape-fumot-12000-sorten\/#breadcrumb"},"inLanguage":"pl-PL","potentialAction":[{"@type":"ReadAction","target":["https:\/\/vapemaison.com\/product\/fumot-12k-love-66-vape-fumot-12000-sorten\/"]}]},{"@type":"ImageObject","inLanguage":"pl-PL","@id":"https:\/\/vapemaison.com\/product\/fumot-12k-love-66-vape-fumot-12000-sorten\/#primaryimage","url":"https:\/\/vapemaison.com\/wp-content\/uploads\/2025\/12\/Randm-Tornado-12000-Love-66.png","contentUrl":"https:\/\/vapemaison.com\/wp-content\/uploads\/2025\/12\/Randm-Tornado-12000-Love-66.png","width":800,"height":800,"caption":"Randm-Tornado-12000-Love-66"},{"@type":"BreadcrumbList","@id":"https:\/\/vapemaison.com\/product\/fumot-12k-love-66-vape-fumot-12000-sorten\/#breadcrumb","itemListElement":[{"@type":"ListItem","position":1,"name":"\u9996\u9875","item":"https:\/\/vapemaison.com\/"},{"@type":"ListItem","position":2,"name":"Shop","item":"https:\/\/vapemaison.com\/shop\/"},{"@type":"ListItem","position":3,"name":"Fumot","item":"https:\/\/vapemaison.com\/brand\/fumot\/"},{"@type":"ListItem","position":4,"name":"Fumot 12k love 66 Vape | Fumot 12000 sorten"}]},{"@type":"WebSite","@id":"https:\/\/vapemaison.com\/#website","url":"https:\/\/vapemaison.com\/","name":"VapeMaison","description":"Wysokiej jako\u015bci urz\u0105dzenia i akcesoria do waporyzacji","publisher":{"@id":"https:\/\/vapemaison.com\/#organization"},"potentialAction":[{"@type":"SearchAction","target":{"@type":"EntryPoint","urlTemplate":"https:\/\/vapemaison.com\/?s={search_term_string}"},"query-input":{"@type":"PropertyValueSpecification","valueRequired":true,"valueName":"search_term_string"}}],"inLanguage":"pl-PL"},{"@type":"Organization","@id":"https:\/\/vapemaison.com\/#organization","name":"VapeMaison","url":"https:\/\/vapemaison.com\/","logo":{"@type":"ImageObject","inLanguage":"pl-PL","@id":"https:\/\/vapemaison.com\/#\/schema\/logo\/image\/","url":"https:\/\/vapemaison.com\/wp-content\/uploads\/2026\/01\/cropped-vapemaison-logo-g-2026.webp","contentUrl":"https:\/\/vapemaison.com\/wp-content\/uploads\/2026\/01\/cropped-vapemaison-logo-g-2026.webp","width":350,"height":280,"caption":"VapeMaison"},"image":{"@id":"https:\/\/vapemaison.com\/#\/schema\/logo\/image\/"},"sameAs":["https:\/\/www.youtube.com\/@VapeMaison"]}]}},"tiered_pricing_type":"fixed","tiered_pricing_fixed_rules":{"30":"12.56","50":"10.78","100":"8.55","200":"7.98"},"tiered_pricing_product_settings":{"layout":"default","base_unit_name":{"singular":null,"plural":null},"default_variation":null},"tiered_pricing_minimum_quantity":10,"tiered_pricing_roles_data":[],"tiered_pricing_percentage_rules":[],"tiered_pricing_maximum_quantity":null,"tiered_pricing_quantity_step":"10","_links":{"self":[{"href":"https:\/\/vapemaison.com\/pl\/wp-json\/wp\/v2\/product\/20396","targetHints":{"allow":["GET"]}}],"collection":[{"href":"https:\/\/vapemaison.com\/pl\/wp-json\/wp\/v2\/product"}],"about":[{"href":"https:\/\/vapemaison.com\/pl\/wp-json\/wp\/v2\/types\/product"}],"replies":[{"embeddable":true,"href":"https:\/\/vapemaison.com\/pl\/wp-json\/wp\/v2\/comments?post=20396"}],"version-history":[{"count":1,"href":"https:\/\/vapemaison.com\/pl\/wp-json\/wp\/v2\/product\/20396\/revisions"}],"predecessor-version":[{"id":26645,"href":"https:\/\/vapemaison.com\/pl\/wp-json\/wp\/v2\/product\/20396\/revisions\/26645"}],"wp:featuredmedia":[{"embeddable":true,"href":"https:\/\/vapemaison.com\/pl\/wp-json\/wp\/v2\/media\/21207"}],"wp:attachment":[{"href":"https:\/\/vapemaison.com\/pl\/wp-json\/wp\/v2\/media?parent=20396"}],"wp:term":[{"taxonomy":"product_brand","embeddable":true,"href":"https:\/\/vapemaison.com\/pl\/wp-json\/wp\/v2\/product_brand?post=20396"},{"taxonomy":"product_cat","embeddable":true,"href":"https:\/\/vapemaison.com\/pl\/wp-json\/wp\/v2\/product_cat?post=20396"},{"taxonomy":"product_tag","embeddable":true,"href":"https:\/\/vapemaison.com\/pl\/wp-json\/wp\/v2\/product_tag?post=20396"}],"curies":[{"name":"wp","href":"https:\/\/api.w.org\/{rel}","templated":true}]}}