

{"id":20706,"date":"2025-12-23T02:20:04","date_gmt":"2025-12-23T02:20:04","guid":{"rendered":"https:\/\/vapemaison.com\/?post_type=product&#038;p=20706"},"modified":"2025-12-26T01:52:23","modified_gmt":"2025-12-26T01:52:23","slug":"vozol-gear-power-20000-jednorazowe-urzadzenie-vape-mango-ice-20000-puff","status":"publish","type":"product","link":"https:\/\/vapemaison.com\/pl\/product\/vozol-gear-power-20000-disposable-vape-mango-ice-20000-puff-device\/","title":{"rendered":"VOZOL Gear Power 20000 Jednorazowe urz\u0105dzenie Vape | Mango Ice | 20 000 zaci\u0105gni\u0119\u0107"},"content":{"rendered":"<p>The <strong>VOZOL Gear Power 20000 Jednorazowego u\u017cytku<\/strong> zosta\u0142 zaprojektowany tak, aby oferowa\u0107 najwy\u017cszej jako\u015bci doznania z waporyzacji dzi\u0119ki zaawansowanemu <strong>Technologia S.i.L.C.<\/strong> i dwa tryby zasilania. Z maksymalnie <strong>20 000 zaci\u0105gni\u0119\u0107<\/strong> w <strong>Tryb Eco<\/strong> lub <strong>12 000 zaci\u0105gni\u0119\u0107<\/strong> w <strong>Tryb zasilania<\/strong>, zapewnia d\u0142ugotrwa\u0142\u0105 przyjemno\u015b\u0107 bez po\u015bwi\u0119cania smaku lub wydajno\u015bci.<\/p>\n\n\n\n<p>Niezale\u017cnie od tego, czy jeste\u015b zwyk\u0142ym, czy do\u015bwiadczonym waporyzatorem <strong>Vozol Gear Power 20000<\/strong> zapewnia idealn\u0105 r\u00f3wnowag\u0119 mi\u0119dzy satysfakcj\u0105 i wygod\u0105. Wyposa\u017cony w <strong>System cewek z podw\u00f3jn\u0105 siatk\u0105<\/strong> oraz <strong>pe\u0142nowymiarowy wy\u015bwietlacz LED<\/strong>, Pozwala to na dostosowanie do\u015bwiadczenia u\u017cytkownika w oparciu o jego preferencje i potrzeby zwi\u0105zane z u\u017cytkowaniem.<\/p>\n\n\n\n<h3 class=\"wp-block-heading\">Dlaczego warto wybra\u0107 VOZOL Gear Power?<\/h3>\n\n\n\n<p>The <strong>VOZOL Gear Power 20K<\/strong> kombajny <strong>najnowocze\u015bniejsza technologia<\/strong> z <strong>materia\u0142y premium<\/strong> dostarczy\u0107 <strong>D\u0142ugotrwa\u0142e, konfigurowalne do\u015bwiadczenie waporyzacji<\/strong>. Z jego <strong>Dwa tryby zasilania<\/strong>, U\u017cytkownicy mog\u0105 wybra\u0107 odpowiedni tryb dla swoich preferencji, niezale\u017cnie od tego, czy priorytetem jest d\u0142u\u017csze u\u017cytkowanie, czy zwi\u0119kszona produkcja pary.<\/p>\n\n\n\n<p><strong>VOZOL Gear Power 20000<\/strong> jest idealny dla tych, kt\u00f3rzy chc\u0105 urz\u0105dzenia, kt\u00f3re pokonuje dystans, oferuj\u0105c zar\u00f3wno doskona\u0142e <strong>d\u0142ugowieczno\u015b\u0107<\/strong> oraz <strong>wydajno\u015b\u0107<\/strong>. The <strong>System cewek z podw\u00f3jn\u0105 siatk\u0105<\/strong> gwarantuje \u017cywe smaki i g\u0142adk\u0105 par\u0119, co czyni go idealnym wyborem dla waper\u00f3w, kt\u00f3rzy wymagaj\u0105 najlepszej wydajno\u015bci i smaku.<\/p>\n\n\n\n<h3 class=\"wp-block-heading\">Dost\u0119pne smaki<\/h3>\n\n\n\n<ul class=\"wp-block-list\">\n<li>Arbuzowy l\u00f3d<\/li>\n\n\n\n<li>L\u00f3d winogronowy<\/li>\n\n\n\n<li>Mango Ice<\/li>\n\n\n\n<li>Podw\u00f3jny l\u00f3d jab\u0142kowy<\/li>\n\n\n\n<li>Mi\u0119ta cytrynowa<\/li>\n\n\n\n<li>Tyto\u0144<\/li>\n\n\n\n<li>L\u00f3d brzoskwiniowy<\/li>\n\n\n\n<li>Arbuz truskawkowy<\/li>\n\n\n\n<li>Truskawka Kiwi<\/li>\n\n\n\n<li>Arbuz malinowy<\/li>\n\n\n\n<li>Blue Razz Ice<\/li>\n\n\n\n<li>Mango truskawkowe<\/li>\n\n\n\n<li>Lemon Lime<\/li>\n\n\n\n<li>Lemoniada wi\u015bniowa<\/li>\n\n\n\n<li>Jagody mieszane<\/li>\n\n\n\n<li>Smoczy owoc Banan Wi\u015bnia<\/li>\n\n\n\n<li>LavaFire<\/li>\n\n\n\n<li>Blueberry Storm<\/li>\n\n\n\n<li>Niebieskie Mojito<\/li>\n\n\n\n<li>Mango Ananas Grejpfrut<\/li>\n<\/ul>\n\n\n\n<h3 class=\"wp-block-heading\">Specyfikacje<\/h3>\n\n\n\n<figure class=\"wp-block-table\"><table class=\"has-fixed-layout\"><thead><tr><th>Pozycja<\/th><th>Szczeg\u00f3\u0142y<\/th><\/tr><\/thead><tbody><tr><td><strong>Pojemno\u015b\u0107 akumulatora<\/strong><\/td><td>650 mAh<\/td><\/tr><tr><td><strong>Pojemno\u015b\u0107 e-liquidu<\/strong><\/td><td>20 ml (wst\u0119pnie nape\u0142niony)<\/td><\/tr><tr><td><strong>Si\u0142a nikotyny<\/strong><\/td><td>5% (50 mg)<\/td><\/tr><tr><td><strong>Puff Count<\/strong><\/td><td>Do 20 000 (tryb Eco) \/ 12 000 (tryb Power)<\/td><\/tr><tr><td><strong>Typ cewki<\/strong><\/td><td>System podw\u00f3jnej cewki siatkowej (technologia S.i.L.C.)<\/td><\/tr><tr><td><strong>\u0141adowanie<\/strong><\/td><td>Nie wymaga \u0142adowania (jednorazowy)<\/td><\/tr><tr><td><strong>Tryby<\/strong><\/td><td>Tryb Eco \/ Tryb zasilania<\/td><\/tr><tr><td><strong>Wy\u015bwietlacz<\/strong><\/td><td>Ekran LED informuj\u0105cy o stanie baterii i e-liquidu<\/td><\/tr><tr><td><strong>Opcje smakowe<\/strong><\/td><td>20 dost\u0119pnych smak\u00f3w<\/td><\/tr><\/tbody><\/table><\/figure>\n\n\n\n<h3 class=\"wp-block-heading\">Jak korzysta\u0107 z jednorazowego urz\u0105dzenia VOZOL Gear Power 20000?<\/h3>\n\n\n\n<ol class=\"wp-block-list\">\n<li><strong>Aktywuj urz\u0105dzenie:<\/strong> Wystarczy wdycha\u0107, aby aktywowa\u0107; nie s\u0105 wymagane \u017cadne przyciski.<\/li>\n\n\n\n<li><strong>Monitoruj bateri\u0119 i e-ciecz:<\/strong> U\u017cyj <strong>Wy\u015bwietlacz LED<\/strong> aby sprawdzi\u0107 \u017cywotno\u015b\u0107 baterii i stan e-cieczy.<\/li>\n\n\n\n<li><strong>Prze\u0142\u0105czanie mi\u0119dzy trybami:<\/strong> Wybierz <strong>Tryb Eco<\/strong> do d\u0142u\u017cszego u\u017cytkowania lub <strong>Tryb zasilania<\/strong> dla silniejszej produkcji pary.<\/li>\n\n\n\n<li><strong>Ciesz si\u0119:<\/strong> Rozkoszuj si\u0119 do <strong>20 000 zaci\u0105gni\u0119\u0107<\/strong> z jednolitym smakiem i p\u0142ynnymi uderzeniami przez ca\u0142y czas.<\/li>\n<\/ol>\n\n\n\n<p>Odkryj pe\u0142n\u0105 gam\u0119 wysokiej jako\u015bci waporyzator\u00f3w jednorazowych i akcesori\u00f3w, zapoznaj\u0105c si\u0119 z nasz\u0105 ofert\u0105 <strong><a href=\"https:\/\/vapemaison.com\/\">Strona g\u0142\u00f3wna <\/a><\/strong>, gdzie mo\u017cna dowiedzie\u0107 si\u0119 wi\u0119cej o naszym zaanga\u017cowaniu w jako\u015b\u0107, autentyczno\u015b\u0107 i zadowolenie klienta. Je\u015bli jeste\u015b gotowy do zakupu, odwied\u017a nasz\u0105 stron\u0119 <strong><a href=\"https:\/\/vapemaison.com\/shop\/\">Sklep<\/a><\/strong> aby przejrze\u0107 najnowsze urz\u0105dzenia VOZOL, popularne smaki i ekskluzywne oferty dost\u0119pne do szybkiej wysy\u0142ki na ca\u0142y \u015bwiat. Aby uzyska\u0107 pe\u0142ny przegl\u0105d marki, w tym najlepiej sprzedaj\u0105ce si\u0119 modele i innowacje produktowe, sprawd\u017a dedykowan\u0105 stron\u0119 <strong><a href=\"https:\/\/vapemaison.com\/brand\/vozol\/\">VOZOL<\/a><\/strong>, gdzie wszystkie aktualne kolekcje VOZOL s\u0105 wygodnie zorganizowane w jednym miejscu.<\/p>","protected":false},"excerpt":{"rendered":"<p>The VOZOL Gear Power 20000 Disposable is engineered to offer a premium vaping experience with advanced S.i.L.C. Technology and dual power modes. With up to 20,000 puffs in Eco Mode or 12,000 puffs in Power Mode, it ensures long-lasting enjoyment without sacrificing flavor or performance. Whether you&#8217;re a casual or experienced vaper, the Vozol Gear [&hellip;]<\/p>\n","protected":false},"featured_media":12765,"comment_status":"open","ping_status":"closed","template":"","meta":[],"product_brand":[178],"product_cat":[133],"product_tag":[],"class_list":{"0":"post-20706","1":"product","2":"type-product","3":"status-publish","4":"has-post-thumbnail","6":"product_brand-vozol","7":"product_cat-20k-puffs","9":"first","10":"instock","11":"sale","12":"shipping-taxable","13":"purchasable","14":"product-type-variable"},"yoast_head":"<!-- This site is optimized with the Yoast SEO plugin v27.4 - https:\/\/yoast.com\/product\/yoast-seo-wordpress\/ -->\n<title>VOZOL Gear Power 20000 Disposable Vape | Mango Ice 20k Puffs<\/title>\n<meta name=\"description\" content=\"Buy Mango Ice VOZOL Gear Power 20000. Tropical mango meets a sharp chilling effect. 20mL pre-filled e-liquid with Type-C fast charging. Order today!\" \/>\n<meta name=\"robots\" content=\"index, follow, max-snippet:-1, max-image-preview:large, max-video-preview:-1\" \/>\n<link rel=\"canonical\" href=\"https:\/\/vapemaison.com\/pl\/produkt\/vozol-gear-power-20000-jednorazowe-urzadzenie-vape-mango-ice-20000-puff\/\" \/>\n<meta property=\"og:locale\" content=\"pl_PL\" \/>\n<meta property=\"og:type\" content=\"article\" \/>\n<meta property=\"og:title\" content=\"VOZOL Gear Power 20000 Disposable Vape | Mango Ice 20k Puffs\" \/>\n<meta property=\"og:description\" content=\"Buy Mango Ice VOZOL Gear Power 20000. Tropical mango meets a sharp chilling effect. 20mL pre-filled e-liquid with Type-C fast charging. Order today!\" \/>\n<meta property=\"og:url\" content=\"https:\/\/vapemaison.com\/pl\/produkt\/vozol-gear-power-20000-jednorazowe-urzadzenie-vape-mango-ice-20000-puff\/\" \/>\n<meta property=\"og:site_name\" content=\"VapeMaison\" \/>\n<meta property=\"article:modified_time\" content=\"2025-12-26T01:52:23+00:00\" \/>\n<meta property=\"og:image\" content=\"https:\/\/vapemaison.com\/wp-content\/uploads\/2025\/11\/mexican-mango-ice-vozol-gear-power-disposable-20000-puffs.webp\" \/>\n\t<meta property=\"og:image:width\" content=\"910\" \/>\n\t<meta property=\"og:image:height\" content=\"910\" \/>\n\t<meta property=\"og:image:type\" content=\"image\/webp\" \/>\n<meta name=\"twitter:card\" content=\"summary_large_image\" \/>\n<meta name=\"twitter:label1\" content=\"Szacowany czas czytania\" \/>\n\t<meta name=\"twitter:data1\" content=\"3 minuty\" \/>\n<!-- \/ Yoast SEO plugin. -->","yoast_head_json":{"title":"VOZOL Gear Power 20000 Jednorazowy Vape | Mango Ice 20k Puff\u00f3w","description":"Kup Mango Ice VOZOL Gear Power 20000. Tropikalne mango z ostrym efektem ch\u0142odzenia. 20 ml wst\u0119pnie nape\u0142nionego e-liquidu z szybkim \u0142adowaniem typu C. Zam\u00f3w ju\u017c dzi\u015b!","robots":{"index":"index","follow":"follow","max-snippet":"max-snippet:-1","max-image-preview":"max-image-preview:large","max-video-preview":"max-video-preview:-1"},"canonical":"https:\/\/vapemaison.com\/pl\/produkt\/vozol-gear-power-20000-jednorazowe-urzadzenie-vape-mango-ice-20000-puff\/","og_locale":"pl_PL","og_type":"article","og_title":"VOZOL Gear Power 20000 Disposable Vape | Mango Ice 20k Puffs","og_description":"Buy Mango Ice VOZOL Gear Power 20000. Tropical mango meets a sharp chilling effect. 20mL pre-filled e-liquid with Type-C fast charging. Order today!","og_url":"https:\/\/vapemaison.com\/pl\/produkt\/vozol-gear-power-20000-jednorazowe-urzadzenie-vape-mango-ice-20000-puff\/","og_site_name":"VapeMaison","article_modified_time":"2025-12-26T01:52:23+00:00","og_image":[{"width":910,"height":910,"url":"https:\/\/vapemaison.com\/wp-content\/uploads\/2025\/11\/mexican-mango-ice-vozol-gear-power-disposable-20000-puffs.webp","type":"image\/webp"}],"twitter_card":"summary_large_image","twitter_misc":{"Szacowany czas czytania":"3 minuty"},"schema":{"@context":"https:\/\/schema.org","@graph":[{"@type":"WebPage","@id":"https:\/\/vapemaison.com\/product\/vozol-gear-power-20000-disposable-vape-mango-ice-20000-puff-device\/","url":"https:\/\/vapemaison.com\/product\/vozol-gear-power-20000-disposable-vape-mango-ice-20000-puff-device\/","name":"VOZOL Gear Power 20000 Jednorazowy Vape | Mango Ice 20k Puff\u00f3w","isPartOf":{"@id":"https:\/\/vapemaison.com\/#website"},"primaryImageOfPage":{"@id":"https:\/\/vapemaison.com\/product\/vozol-gear-power-20000-disposable-vape-mango-ice-20000-puff-device\/#primaryimage"},"image":{"@id":"https:\/\/vapemaison.com\/product\/vozol-gear-power-20000-disposable-vape-mango-ice-20000-puff-device\/#primaryimage"},"thumbnailUrl":"https:\/\/vapemaison.com\/wp-content\/uploads\/2025\/11\/mexican-mango-ice-vozol-gear-power-disposable-20000-puffs.webp","datePublished":"2025-12-23T02:20:04+00:00","dateModified":"2025-12-26T01:52:23+00:00","description":"Kup Mango Ice VOZOL Gear Power 20000. Tropikalne mango z ostrym efektem ch\u0142odzenia. 20 ml wst\u0119pnie nape\u0142nionego e-liquidu z szybkim \u0142adowaniem typu C. Zam\u00f3w ju\u017c dzi\u015b!","breadcrumb":{"@id":"https:\/\/vapemaison.com\/product\/vozol-gear-power-20000-disposable-vape-mango-ice-20000-puff-device\/#breadcrumb"},"inLanguage":"pl-PL","potentialAction":[{"@type":"ReadAction","target":["https:\/\/vapemaison.com\/product\/vozol-gear-power-20000-disposable-vape-mango-ice-20000-puff-device\/"]}]},{"@type":"ImageObject","inLanguage":"pl-PL","@id":"https:\/\/vapemaison.com\/product\/vozol-gear-power-20000-disposable-vape-mango-ice-20000-puff-device\/#primaryimage","url":"https:\/\/vapemaison.com\/wp-content\/uploads\/2025\/11\/mexican-mango-ice-vozol-gear-power-disposable-20000-puffs.webp","contentUrl":"https:\/\/vapemaison.com\/wp-content\/uploads\/2025\/11\/mexican-mango-ice-vozol-gear-power-disposable-20000-puffs.webp","width":910,"height":910,"caption":"mexican-mango-ice-vozol-gear-power-disposable-20000-puffs"},{"@type":"BreadcrumbList","@id":"https:\/\/vapemaison.com\/product\/vozol-gear-power-20000-disposable-vape-mango-ice-20000-puff-device\/#breadcrumb","itemListElement":[{"@type":"ListItem","position":1,"name":"\u9996\u9875","item":"https:\/\/vapemaison.com\/"},{"@type":"ListItem","position":2,"name":"Shop","item":"https:\/\/vapemaison.com\/shop\/"},{"@type":"ListItem","position":3,"name":"Vozol","item":"https:\/\/vapemaison.com\/brand\/vozol\/"},{"@type":"ListItem","position":4,"name":"VOZOL Gear Power 20000 Disposable Vape | Mango Ice | 20,000 Puff Device"}]},{"@type":"WebSite","@id":"https:\/\/vapemaison.com\/#website","url":"https:\/\/vapemaison.com\/","name":"VapeMaison","description":"Wysokiej jako\u015bci urz\u0105dzenia i akcesoria do waporyzacji","publisher":{"@id":"https:\/\/vapemaison.com\/#organization"},"potentialAction":[{"@type":"SearchAction","target":{"@type":"EntryPoint","urlTemplate":"https:\/\/vapemaison.com\/?s={search_term_string}"},"query-input":{"@type":"PropertyValueSpecification","valueRequired":true,"valueName":"search_term_string"}}],"inLanguage":"pl-PL"},{"@type":"Organization","@id":"https:\/\/vapemaison.com\/#organization","name":"VapeMaison","url":"https:\/\/vapemaison.com\/","logo":{"@type":"ImageObject","inLanguage":"pl-PL","@id":"https:\/\/vapemaison.com\/#\/schema\/logo\/image\/","url":"https:\/\/vapemaison.com\/wp-content\/uploads\/2026\/01\/cropped-vapemaison-logo-g-2026.webp","contentUrl":"https:\/\/vapemaison.com\/wp-content\/uploads\/2026\/01\/cropped-vapemaison-logo-g-2026.webp","width":350,"height":280,"caption":"VapeMaison"},"image":{"@id":"https:\/\/vapemaison.com\/#\/schema\/logo\/image\/"},"sameAs":["https:\/\/www.youtube.com\/@VapeMaison"]}]}},"tiered_pricing_type":"fixed","tiered_pricing_fixed_rules":{"30":"11.24","50":"10.36","100":"9.56","200":"8.47"},"tiered_pricing_product_settings":{"layout":"default","base_unit_name":{"singular":null,"plural":null},"default_variation":null},"tiered_pricing_minimum_quantity":10,"tiered_pricing_roles_data":[],"tiered_pricing_percentage_rules":[],"tiered_pricing_maximum_quantity":null,"tiered_pricing_quantity_step":"10","_links":{"self":[{"href":"https:\/\/vapemaison.com\/pl\/wp-json\/wp\/v2\/product\/20706","targetHints":{"allow":["GET"]}}],"collection":[{"href":"https:\/\/vapemaison.com\/pl\/wp-json\/wp\/v2\/product"}],"about":[{"href":"https:\/\/vapemaison.com\/pl\/wp-json\/wp\/v2\/types\/product"}],"replies":[{"embeddable":true,"href":"https:\/\/vapemaison.com\/pl\/wp-json\/wp\/v2\/comments?post=20706"}],"version-history":[{"count":0,"href":"https:\/\/vapemaison.com\/pl\/wp-json\/wp\/v2\/product\/20706\/revisions"}],"wp:featuredmedia":[{"embeddable":true,"href":"https:\/\/vapemaison.com\/pl\/wp-json\/wp\/v2\/media\/12765"}],"wp:attachment":[{"href":"https:\/\/vapemaison.com\/pl\/wp-json\/wp\/v2\/media?parent=20706"}],"wp:term":[{"taxonomy":"product_brand","embeddable":true,"href":"https:\/\/vapemaison.com\/pl\/wp-json\/wp\/v2\/product_brand?post=20706"},{"taxonomy":"product_cat","embeddable":true,"href":"https:\/\/vapemaison.com\/pl\/wp-json\/wp\/v2\/product_cat?post=20706"},{"taxonomy":"product_tag","embeddable":true,"href":"https:\/\/vapemaison.com\/pl\/wp-json\/wp\/v2\/product_tag?post=20706"}],"curies":[{"name":"wp","href":"https:\/\/api.w.org\/{rel}","templated":true}]}}