

{"id":21847,"date":"2025-12-26T07:38:13","date_gmt":"2025-12-26T07:38:13","guid":{"rendered":"https:\/\/vapemaison.com\/?post_type=product&#038;p=21847"},"modified":"2025-12-26T07:39:23","modified_gmt":"2025-12-26T07:39:23","slug":"hifancy-storm-40000-puff-jednorazowy-vape","status":"publish","type":"product","link":"https:\/\/vapemaison.com\/pl\/product\/hifancy-storm-40000-puffs-disposable-vape\/","title":{"rendered":"HIFANCY STORM 40000 puff\u00f3w jednorazowych Vape"},"content":{"rendered":"<figure class=\"wp-block-image size-large\"><a href=\"https:\/\/vapemaison.com\/wp-content\/uploads\/2025\/12\/hifancy-storm-40000-banner-400-2-1-scaled-1.webp\"><img fetchpriority=\"high\" decoding=\"async\" width=\"1024\" height=\"213\" src=\"https:\/\/vapemaison.com\/wp-content\/uploads\/2025\/12\/hifancy-storm-40000-banner-400-2-1-scaled-1-1024x213.webp\" alt=\"hifancy-storm-40000-banner-400-2-1-scaled\" class=\"wp-image-21848\" srcset=\"https:\/\/vapemaison.com\/wp-content\/uploads\/2025\/12\/hifancy-storm-40000-banner-400-2-1-scaled-1-1024x213.webp 1024w, https:\/\/vapemaison.com\/wp-content\/uploads\/2025\/12\/hifancy-storm-40000-banner-400-2-1-scaled-1-300x62.webp 300w, https:\/\/vapemaison.com\/wp-content\/uploads\/2025\/12\/hifancy-storm-40000-banner-400-2-1-scaled-1-768x160.webp 768w, https:\/\/vapemaison.com\/wp-content\/uploads\/2025\/12\/hifancy-storm-40000-banner-400-2-1-scaled-1-1536x320.webp 1536w, https:\/\/vapemaison.com\/wp-content\/uploads\/2025\/12\/hifancy-storm-40000-banner-400-2-1-scaled-1-2048x426.webp 2048w, https:\/\/vapemaison.com\/wp-content\/uploads\/2025\/12\/hifancy-storm-40000-banner-400-2-1-scaled-1-18x4.webp 18w, https:\/\/vapemaison.com\/wp-content\/uploads\/2025\/12\/hifancy-storm-40000-banner-400-2-1-scaled-1-990x206.webp 990w, https:\/\/vapemaison.com\/wp-content\/uploads\/2025\/12\/hifancy-storm-40000-banner-400-2-1-scaled-1-441x92.webp 441w, https:\/\/vapemaison.com\/wp-content\/uploads\/2025\/12\/hifancy-storm-40000-banner-400-2-1-scaled-1-800x167.webp 800w, https:\/\/vapemaison.com\/wp-content\/uploads\/2025\/12\/hifancy-storm-40000-banner-400-2-1-scaled-1-150x31.webp 150w\" sizes=\"(max-width: 1024px) 100vw, 1024px\" \/><\/a><\/figure>\n\n\n\n<p>The <strong>HIFANCY STORM 40000<\/strong> jest przeznaczony dla vaper\u00f3w, kt\u00f3rzy wymagaj\u0105 <strong>d\u0142ugotrwa\u0142a wydajno\u015b\u0107, bogaty smak i konfigurowalne opcje waporyzacji<\/strong>. Dostarczanie do <strong>40 000 zaci\u0105gni\u0119\u0107<\/strong>, zasilany przez <strong>Akumulator o pojemno\u015bci 800 mAh<\/strong>, i zawieraj\u0105cy <strong>Technologia podw\u00f3jnej cewki siatkowej<\/strong> z <strong>podw\u00f3jne zbiorniki oleju<\/strong>, Zachowuje integralno\u015b\u0107 smaku, wytwarzaj\u0105c g\u0119st\u0105, satysfakcjonuj\u0105c\u0105 par\u0119.<\/p>\n\n\n\n<p>Z <strong>prze\u0142\u0105cznik dotykowy<\/strong>, <strong>Pe\u0142ny ekran<\/strong>, oraz <strong>regulowany stopie\u0144 oblodzenia<\/strong>, STORM 40000 oferuje intuicyjne, spersonalizowane do\u015bwiadczenie waporyzacji. A <strong>blokada przed dzie\u0107mi<\/strong> zapewnia dodatkowe bezpiecze\u0144stwo, czyni\u0105c to urz\u0105dzenie rozwi\u0105zaniem premium dla entuzjast\u00f3w, kt\u00f3rzy chc\u0105 <strong>Kontrola, wygoda i r\u00f3\u017cnorodno\u015b\u0107<\/strong> w jednym eleganckim urz\u0105dzeniu.<\/p>\n\n\n\n<h2 class=\"wp-block-heading\">Kluczowe cechy i specyfikacja<\/h2>\n\n\n\n<figure class=\"wp-block-table is-style-stripes\"><table class=\"has-fixed-layout\"><thead><tr><th>Cecha<\/th><th>Opis<\/th><\/tr><\/thead><tbody><tr><td>Pojemno\u015b\u0107 dmuchawy<\/td><td>Do <strong>40 000 zaci\u0105gni\u0119\u0107<\/strong><\/td><\/tr><tr><td>Bateria<\/td><td><strong>Akumulator o pojemno\u015bci 800 mAh<\/strong> bateria<\/td><\/tr><tr><td>Opcje nikotyny<\/td><td><strong>2% \/ 3% \/ 5% Nic Salt<\/strong><\/td><\/tr><tr><td>Pojemno\u015b\u0107 E-Liquid<\/td><td><strong>37 ml<\/strong><\/td><\/tr><tr><td>Typ cewki<\/td><td><strong>Cewka z podw\u00f3jn\u0105 siatk\u0105<\/strong> intensywny smak i g\u0119sta para<\/td><\/tr><tr><td>System aromat\u00f3w<\/td><td><strong>Podw\u00f3jne zbiorniki oleju<\/strong> dla oddzielnego zachowania smaku<\/td><\/tr><tr><td>Dzia\u0142anie<\/td><td><strong>Prze\u0142\u0105cznik dotykowy<\/strong> dla intuicyjnej kontroli<\/td><\/tr><tr><td>Wy\u015bwietlacz<\/td><td><strong>Pe\u0142ny ekran<\/strong> z informacjami na temat waporyzacji w czasie rzeczywistym<\/td><\/tr><tr><td>Bezpiecze\u0144stwo<\/td><td><strong>Blokada przed dzie\u0107mi<\/strong> dla dodatkowego bezpiecze\u0144stwa<\/td><\/tr><tr><td>Ch\u0142odzenie<\/td><td><strong>Regulowany stopie\u0144 oblodzenia<\/strong> dopasowane do Twojego gustu<\/td><\/tr><tr><td>Projekt<\/td><td>Elegancki, ergonomiczny i przeno\u015bny<\/td><\/tr><\/tbody><\/table><\/figure>\n\n\n\n<h2 class=\"wp-block-heading\">Dlaczego warto wybra\u0107 HIFANCY STORM 40000?<\/h2>\n\n\n\n<ul class=\"wp-block-list\">\n<li><strong>Bardzo d\u0142uga liczba zaci\u0105gni\u0119\u0107<\/strong> - Do 40 000 zaci\u0105gni\u0119\u0107 przy d\u0142u\u017cszym u\u017cytkowaniu<\/li>\n\n\n\n<li><strong>Technologia podw\u00f3jnej cewki siatkowej<\/strong> - Bogatszy smak i g\u0119stsza para<\/li>\n\n\n\n<li><strong>Podw\u00f3jne zbiorniki oleju<\/strong> - Zachowaj smaki oddzielnie dla czystego smaku<\/li>\n\n\n\n<li><strong>Intuicyjny wy\u015bwietlacz dotykowy<\/strong> - \u0141atwa obs\u0142uga z informacjami w czasie rzeczywistym<\/li>\n\n\n\n<li><strong>Konfigurowalne ch\u0142odzenie<\/strong> - Regulowany stopie\u0144 lodu dla preferowanego ch\u0142odzenia<\/li>\n\n\n\n<li><strong>Bezpiecze\u0144stwo Premium<\/strong> - Blokada przed dzie\u0107mi zapewniaj\u0105ca bezproblemowe u\u017cytkowanie<\/li>\n<\/ul>\n\n\n\n<h2 class=\"wp-block-heading\">Dost\u0119pne smaki<\/h2>\n\n\n\n<ol class=\"wp-block-list\">\n<li><strong>Strawberry Cherry Bubblegum<\/strong> - S\u0142odka jagoda \u0142\u0105czy si\u0119 z cukierkow\u0105 rozkosz\u0105<\/li>\n\n\n\n<li><strong>Brzoskwinia Mango Arbuz<\/strong> - Tropikalna mieszanka soczystych owoc\u00f3w<\/li>\n\n\n\n<li><strong>Passion Fruit Orange<\/strong> - Eksplozja egzotycznych cytrus\u00f3w<\/li>\n\n\n\n<li><strong>Blue Razz Lemon<\/strong> - Cierpka niebieska malina z cytrusow\u0105 nut\u0105<\/li>\n\n\n\n<li><strong>L\u00f3d jagodowo-malinowy<\/strong> - Ch\u0142odne, bogate po\u0142\u0105czenie jag\u00f3d<\/li>\n\n\n\n<li><strong>Sok jab\u0142kowo-brzoskwiniowy<\/strong> - Chrupi\u0105ce jab\u0142ko zmieszane z dojrza\u0142\u0105 brzoskwini\u0105<\/li>\n\n\n\n<li><strong>Lody bananowe<\/strong> - Kremowy banan z lodowym wyko\u0144czeniem<\/li>\n\n\n\n<li><strong>Mentol z czarnej porzeczki<\/strong> - Wyrazista czarna porzeczka z ch\u0142odz\u0105cym mentolem<\/li>\n\n\n\n<li><strong>Fizz Cola Ice<\/strong> - Smak sch\u0142odzonej coli z nutami gazowanymi<\/li>\n\n\n\n<li><strong>Winogrono truskawkowe<\/strong> - S\u0142odkie i soczyste po\u0142\u0105czenie jag\u00f3d<\/li>\n<\/ol>\n\n\n\n<p>Odkryj najlepsze wra\u017cenia z waporyzacji dzi\u0119ki\u00a0<strong>HIFANCY SPACE 50000<\/strong>. Zapoznaj si\u0119 z nasz\u0105 pe\u0142n\u0105 ofert\u0105 urz\u0105dze\u0144 premium na\u00a0<a href=\"https:\/\/vapemaison.com\/\"><strong>Strona g\u0142\u00f3wna<\/strong><\/a>\u00a0i przejrzyj wszystkie dost\u0119pne opcje w naszym\u00a0<a href=\"https:\/\/vapemaison.com\/shop\/\"><strong>Sklep<\/strong><\/a>. Wi\u0119cej produkt\u00f3w z tej samej linii mo\u017cna znale\u017a\u0107 na stronie\u00a0<a href=\"https:\/\/vapemaison.com\/brand\/hifancy\/\"><strong>Kolekcja marki HIFANCY<\/strong><\/a>\u00a0aby znale\u017a\u0107 sw\u00f3j nast\u0119pny ulubiony vape.<\/p>","protected":false},"excerpt":{"rendered":"<p>Do 40 000 zaci\u0105gni\u0119\u0107 dzi\u0119ki podw\u00f3jnym cewkom siatkowym, podw\u00f3jnym zbiornikom oleju i akumulatorowi 800 mAh - d\u0142ugotrwa\u0142y smak i g\u0119ste chmury w jednym eleganckim urz\u0105dzeniu.<\/p>","protected":false},"featured_media":21850,"comment_status":"open","ping_status":"closed","template":"","meta":[],"product_brand":[308],"product_cat":[135],"product_tag":[],"class_list":{"0":"post-21847","1":"product","2":"type-product","3":"status-publish","4":"has-post-thumbnail","6":"product_brand-hifancy","7":"product_cat-40k-puffs","9":"first","10":"instock","11":"sale","12":"shipping-taxable","13":"purchasable","14":"product-type-variable"},"yoast_head":"<!-- This site is optimized with the Yoast SEO plugin v27.4 - https:\/\/yoast.com\/product\/yoast-seo-wordpress\/ -->\n<title>HIFANCY STORM 40000 Puffs Disposable Vape | Dual Oil Tanks - VapeMaison<\/title>\n<meta name=\"description\" content=\"HIFANCY STORM 40000 disposable vape delivers up to 40,000 puffs with dual mesh coils, dual oil tanks, and an 800mAh rechargeable battery.\" \/>\n<meta name=\"robots\" content=\"index, follow, max-snippet:-1, max-image-preview:large, max-video-preview:-1\" \/>\n<link rel=\"canonical\" href=\"https:\/\/vapemaison.com\/pl\/produkt\/hifancy-storm-40000-puff-jednorazowy-vape\/\" \/>\n<meta property=\"og:locale\" content=\"pl_PL\" \/>\n<meta property=\"og:type\" content=\"article\" \/>\n<meta property=\"og:title\" content=\"HIFANCY STORM 40000 Puffs Disposable Vape | Dual Oil Tanks - VapeMaison\" \/>\n<meta property=\"og:description\" content=\"HIFANCY STORM 40000 disposable vape delivers up to 40,000 puffs with dual mesh coils, dual oil tanks, and an 800mAh rechargeable battery.\" \/>\n<meta property=\"og:url\" content=\"https:\/\/vapemaison.com\/pl\/produkt\/hifancy-storm-40000-puff-jednorazowy-vape\/\" \/>\n<meta property=\"og:site_name\" content=\"VapeMaison\" \/>\n<meta property=\"article:modified_time\" content=\"2025-12-26T07:39:23+00:00\" \/>\n<meta property=\"og:image\" content=\"https:\/\/vapemaison.com\/wp-content\/uploads\/2025\/12\/hifancy-storm-40000-puffs-display-1000-3.webp\" \/>\n\t<meta property=\"og:image:width\" content=\"2560\" \/>\n\t<meta property=\"og:image:height\" content=\"2560\" \/>\n\t<meta property=\"og:image:type\" content=\"image\/webp\" \/>\n<meta name=\"twitter:card\" content=\"summary_large_image\" \/>\n<meta name=\"twitter:label1\" content=\"Szacowany czas czytania\" \/>\n\t<meta name=\"twitter:data1\" content=\"2 minuty\" \/>\n<!-- \/ Yoast SEO plugin. -->","yoast_head_json":{"title":"HIFANCY STORM 40000 Puffs Jednorazowe zbiorniki Vape | Dual Oil - VapeMaison","description":"Jednorazowy waporyzator HIFANCY STORM 40000 zapewnia do 40 000 zaci\u0105gni\u0119\u0107 dzi\u0119ki podw\u00f3jnym cewkom siatkowym, dw\u00f3m zbiornikom na olej i akumulatorowi o pojemno\u015bci 800 mAh.","robots":{"index":"index","follow":"follow","max-snippet":"max-snippet:-1","max-image-preview":"max-image-preview:large","max-video-preview":"max-video-preview:-1"},"canonical":"https:\/\/vapemaison.com\/pl\/produkt\/hifancy-storm-40000-puff-jednorazowy-vape\/","og_locale":"pl_PL","og_type":"article","og_title":"HIFANCY STORM 40000 Puffs Disposable Vape | Dual Oil Tanks - VapeMaison","og_description":"HIFANCY STORM 40000 disposable vape delivers up to 40,000 puffs with dual mesh coils, dual oil tanks, and an 800mAh rechargeable battery.","og_url":"https:\/\/vapemaison.com\/pl\/produkt\/hifancy-storm-40000-puff-jednorazowy-vape\/","og_site_name":"VapeMaison","article_modified_time":"2025-12-26T07:39:23+00:00","og_image":[{"width":2560,"height":2560,"url":"https:\/\/vapemaison.com\/wp-content\/uploads\/2025\/12\/hifancy-storm-40000-puffs-display-1000-3.webp","type":"image\/webp"}],"twitter_card":"summary_large_image","twitter_misc":{"Szacowany czas czytania":"2 minuty"},"schema":{"@context":"https:\/\/schema.org","@graph":[{"@type":"WebPage","@id":"https:\/\/vapemaison.com\/product\/hifancy-storm-40000-puffs-disposable-vape\/","url":"https:\/\/vapemaison.com\/product\/hifancy-storm-40000-puffs-disposable-vape\/","name":"HIFANCY STORM 40000 Puffs Jednorazowe zbiorniki Vape | Dual Oil - VapeMaison","isPartOf":{"@id":"https:\/\/vapemaison.com\/#website"},"primaryImageOfPage":{"@id":"https:\/\/vapemaison.com\/product\/hifancy-storm-40000-puffs-disposable-vape\/#primaryimage"},"image":{"@id":"https:\/\/vapemaison.com\/product\/hifancy-storm-40000-puffs-disposable-vape\/#primaryimage"},"thumbnailUrl":"https:\/\/vapemaison.com\/wp-content\/uploads\/2025\/12\/hifancy-storm-40000-puffs-display-1000-3.webp","datePublished":"2025-12-26T07:38:13+00:00","dateModified":"2025-12-26T07:39:23+00:00","description":"Jednorazowy waporyzator HIFANCY STORM 40000 zapewnia do 40 000 zaci\u0105gni\u0119\u0107 dzi\u0119ki podw\u00f3jnym cewkom siatkowym, dw\u00f3m zbiornikom na olej i akumulatorowi o pojemno\u015bci 800 mAh.","breadcrumb":{"@id":"https:\/\/vapemaison.com\/product\/hifancy-storm-40000-puffs-disposable-vape\/#breadcrumb"},"inLanguage":"pl-PL","potentialAction":[{"@type":"ReadAction","target":["https:\/\/vapemaison.com\/product\/hifancy-storm-40000-puffs-disposable-vape\/"]}]},{"@type":"ImageObject","inLanguage":"pl-PL","@id":"https:\/\/vapemaison.com\/product\/hifancy-storm-40000-puffs-disposable-vape\/#primaryimage","url":"https:\/\/vapemaison.com\/wp-content\/uploads\/2025\/12\/hifancy-storm-40000-puffs-display-1000-3.webp","contentUrl":"https:\/\/vapemaison.com\/wp-content\/uploads\/2025\/12\/hifancy-storm-40000-puffs-display-1000-3.webp","width":2560,"height":2560,"caption":"hifancy-storm-40000-puffs-display-1000-3"},{"@type":"BreadcrumbList","@id":"https:\/\/vapemaison.com\/product\/hifancy-storm-40000-puffs-disposable-vape\/#breadcrumb","itemListElement":[{"@type":"ListItem","position":1,"name":"\u9996\u9875","item":"https:\/\/vapemaison.com\/"},{"@type":"ListItem","position":2,"name":"Shop","item":"https:\/\/vapemaison.com\/shop\/"},{"@type":"ListItem","position":3,"name":"HIFANCY","item":"https:\/\/vapemaison.com\/brand\/hifancy\/"},{"@type":"ListItem","position":4,"name":"HIFANCY STORM 40000 Puffs Disposable Vape"}]},{"@type":"WebSite","@id":"https:\/\/vapemaison.com\/#website","url":"https:\/\/vapemaison.com\/","name":"VapeMaison","description":"Wysokiej jako\u015bci urz\u0105dzenia i akcesoria do waporyzacji","publisher":{"@id":"https:\/\/vapemaison.com\/#organization"},"potentialAction":[{"@type":"SearchAction","target":{"@type":"EntryPoint","urlTemplate":"https:\/\/vapemaison.com\/?s={search_term_string}"},"query-input":{"@type":"PropertyValueSpecification","valueRequired":true,"valueName":"search_term_string"}}],"inLanguage":"pl-PL"},{"@type":"Organization","@id":"https:\/\/vapemaison.com\/#organization","name":"VapeMaison","url":"https:\/\/vapemaison.com\/","logo":{"@type":"ImageObject","inLanguage":"pl-PL","@id":"https:\/\/vapemaison.com\/#\/schema\/logo\/image\/","url":"https:\/\/vapemaison.com\/wp-content\/uploads\/2026\/01\/cropped-vapemaison-logo-g-2026.webp","contentUrl":"https:\/\/vapemaison.com\/wp-content\/uploads\/2026\/01\/cropped-vapemaison-logo-g-2026.webp","width":350,"height":280,"caption":"VapeMaison"},"image":{"@id":"https:\/\/vapemaison.com\/#\/schema\/logo\/image\/"},"sameAs":["https:\/\/www.youtube.com\/@VapeMaison"]}]}},"tiered_pricing_type":"fixed","tiered_pricing_fixed_rules":{"30":"12.63","50":"12.12","100":"11.58","200":"10.99"},"tiered_pricing_product_settings":{"layout":"default","base_unit_name":{"singular":null,"plural":null},"default_variation":null},"tiered_pricing_minimum_quantity":10,"tiered_pricing_roles_data":[],"tiered_pricing_percentage_rules":[],"tiered_pricing_maximum_quantity":null,"tiered_pricing_quantity_step":"10","_links":{"self":[{"href":"https:\/\/vapemaison.com\/pl\/wp-json\/wp\/v2\/product\/21847","targetHints":{"allow":["GET"]}}],"collection":[{"href":"https:\/\/vapemaison.com\/pl\/wp-json\/wp\/v2\/product"}],"about":[{"href":"https:\/\/vapemaison.com\/pl\/wp-json\/wp\/v2\/types\/product"}],"replies":[{"embeddable":true,"href":"https:\/\/vapemaison.com\/pl\/wp-json\/wp\/v2\/comments?post=21847"}],"version-history":[{"count":0,"href":"https:\/\/vapemaison.com\/pl\/wp-json\/wp\/v2\/product\/21847\/revisions"}],"wp:featuredmedia":[{"embeddable":true,"href":"https:\/\/vapemaison.com\/pl\/wp-json\/wp\/v2\/media\/21850"}],"wp:attachment":[{"href":"https:\/\/vapemaison.com\/pl\/wp-json\/wp\/v2\/media?parent=21847"}],"wp:term":[{"taxonomy":"product_brand","embeddable":true,"href":"https:\/\/vapemaison.com\/pl\/wp-json\/wp\/v2\/product_brand?post=21847"},{"taxonomy":"product_cat","embeddable":true,"href":"https:\/\/vapemaison.com\/pl\/wp-json\/wp\/v2\/product_cat?post=21847"},{"taxonomy":"product_tag","embeddable":true,"href":"https:\/\/vapemaison.com\/pl\/wp-json\/wp\/v2\/product_tag?post=21847"}],"curies":[{"name":"wp","href":"https:\/\/api.w.org\/{rel}","templated":true}]}}