

{"id":22112,"date":"2025-12-29T08:41:23","date_gmt":"2025-12-29T08:41:23","guid":{"rendered":"https:\/\/vapemaison.com\/?post_type=product&#038;p=22112"},"modified":"2025-12-29T08:50:34","modified_gmt":"2025-12-29T08:50:34","slug":"bang-leader-18k-vape-18000-puffow-vape-jednorazowe","status":"publish","type":"product","link":"https:\/\/vapemaison.com\/pl\/product\/bang-leader-18k-vape-18000-puffs-disposable-vapes\/","title":{"rendered":"BANG LEADER 18K Vape | 18000 Puff\u00f3w jednorazowych Vapes"},"content":{"rendered":"<p>The <strong>Bang Leader 18K<\/strong> to kompaktowy, jednorazowy vape o jednym smaku, stworzony dla u\u017cytkownik\u00f3w, kt\u00f3rzy ceni\u0105 sobie <strong>Prostota, przeno\u015bno\u015b\u0107 i niezmienny smak<\/strong>. Zamiast skomplikowanych ustawie\u0144 lub zbyt du\u017cej pary, koncentruje si\u0119 na <strong>ma\u0142e, g\u0142adkie dmuchni\u0119cie<\/strong> kt\u00f3ry zapewnia wygodne, papierosowe zaci\u0105ganie si\u0119 do codziennego u\u017cytku.<\/p>\n\n\n\n<p>Co wi\u0119cej, Bang Leader 18K zapewnia <strong>do 18 000 zaci\u0105gni\u0119\u0107<\/strong>, co sprawia, \u017ce jest niezawodny przy d\u0142u\u017cszym u\u017cytkowaniu bez utraty jako\u015bci smaku. Poniewa\u017c ka\u017cde urz\u0105dzenie zawiera tylko jeden dedykowany smak, u\u017cytkownicy ciesz\u0105 si\u0119 stabilnym i przewidywalnym smakiem od pierwszego do ostatniego zaci\u0105gni\u0119cia. W po\u0142\u0105czeniu z lekkim korpusem i technologi\u0105 cewki siatkowej, oferuje proste do\u015bwiadczenie waporyzacji, kt\u00f3re dzia\u0142a r\u00f3wnie dobrze dla pocz\u0105tkuj\u0105cych, jak i do\u015bwiadczonych u\u017cytkownik\u00f3w.<\/p>\n\n\n\n<h2 class=\"wp-block-heading\">Specyfikacje i kluczowe cechy produktu<\/h2>\n\n\n\n<figure class=\"wp-block-table is-style-stripes\"><table class=\"has-fixed-layout\"><thead><tr><th>Pozycja<\/th><th>Opis<\/th><\/tr><\/thead><tbody><tr><td>Typ produktu<\/td><td>Jednorazowy vape o jednym smaku<\/td><\/tr><tr><td>Maksymalna liczba zaci\u0105gni\u0119\u0107<\/td><td>Do 18 000 zaci\u0105gni\u0119\u0107<\/td><\/tr><tr><td>Flavor Design<\/td><td>Jeden dedykowany smak na urz\u0105dzenie<\/td><\/tr><tr><td>Wydajno\u015b\u0107 pary<\/td><td>Ma\u0142e, g\u0142adkie, kontrolowane zaci\u0105gni\u0119cie<\/td><\/tr><tr><td>Styl rysowania<\/td><td>Wygodny, papierosowy przep\u0142yw powietrza<\/td><\/tr><tr><td>Technologia cewek<\/td><td>Zaawansowana cewka siatkowa<\/td><\/tr><tr><td>Wydajno\u015b\u0107 smaku<\/td><td>Stabilny i sp\u00f3jny smak<\/td><\/tr><tr><td>Projekt<\/td><td>Kompaktowy i lekki<\/td><\/tr><tr><td>Konserwacja<\/td><td>Bez uzupe\u0142niania, bez wymiany cewki<\/td><\/tr><tr><td>Ochrona przed wyciekami<\/td><td>Odporna na przecieki struktura wewn\u0119trzna<\/td><\/tr><\/tbody><\/table><\/figure>\n\n\n\n<h2 class=\"wp-block-heading\">Dost\u0119pne smaki (jeden smak na urz\u0105dzenie)<\/h2>\n\n\n\n<p>Ka\u017cdy Bang Leader 18K zawiera <strong>tylko jeden smak<\/strong>. Dost\u0119pne opcje obejmuj\u0105:<\/p>\n\n\n\n<ul class=\"wp-block-list\">\n<li>Truskawka Kiwi<\/li>\n\n\n\n<li>Arbuz truskawkowy<\/li>\n\n\n\n<li>Red Bull<\/li>\n\n\n\n<li>Owoce mieszane<\/li>\n\n\n\n<li>Bor\u00f3wka Malina<\/li>\n\n\n\n<li>Arbuz jagodowy<\/li>\n\n\n\n<li>L\u00f3d winogronowy<\/li>\n\n\n\n<li>Raspberry Mojito Peach Ice<\/li>\n\n\n\n<li>Arbuzowy l\u00f3d<\/li>\n\n\n\n<li>Arbuz malinowy<\/li>\n\n\n\n<li>Cola Ice<\/li>\n\n\n\n<li>Mango Brzoskwinia Arbuz<\/li>\n<\/ul>\n\n\n\n<h2 class=\"wp-block-heading\">Cz\u0119sto zadawane pytania (FAQ)<\/h2>\n\n\n\n<h3 class=\"wp-block-heading\">Czym jest Bang Leader 18K?<\/h3>\n\n\n\n<p>Jest to <strong>Jednorazowy vape o jednym smaku<\/strong> Zaprojektowany dla u\u017cytkownik\u00f3w, kt\u00f3rzy preferuj\u0105 proste, sp\u00f3jne wra\u017cenia z waporyzacji z p\u0142ynnym przep\u0142ywem powietrza i ma\u0142\u0105 moc\u0105 zaci\u0105gania si\u0119.<\/p>\n\n\n\n<h3 class=\"wp-block-heading\">Ile zaci\u0105gni\u0119\u0107 zapewnia?<\/h3>\n\n\n\n<p>Urz\u0105dzenie zapewnia <strong>do 18 000 zaci\u0105gni\u0119\u0107<\/strong>, w zale\u017cno\u015bci od indywidualnych nawyk\u00f3w u\u017cytkowania.<\/p>\n\n\n\n<h3 class=\"wp-block-heading\">Czy ka\u017cde urz\u0105dzenie zawiera tylko jeden smak?<\/h3>\n\n\n\n<p>Tak.<br>Ka\u017cde urz\u0105dzenie skupia si\u0119 na <strong>jeden dedykowany smak<\/strong> aby zachowa\u0107 stabilny smak przez ca\u0142y okres u\u017cytkowania.<\/p>\n\n\n\n<h3 class=\"wp-block-heading\">Czy moc pary jest du\u017ca?<\/h3>\n\n\n\n<p>Nie.<br>Bang Leader 18K produkuje <strong>lekka, kontrolowana para<\/strong>, kt\u00f3ra jest g\u0142adka i wygodna w codziennym u\u017cytkowaniu.<\/p>\n\n\n\n<h3 class=\"wp-block-heading\">Czy musz\u0119 uzupe\u0142ni\u0107 lub wymieni\u0107 cewk\u0119?<\/h3>\n\n\n\n<p>Nie.<br>Urz\u0105dzenie jest gotowe do u\u017cycia i wymaga <strong>bez uzupe\u0142niania, bez konserwacji i bez wymiany cewki<\/strong>.<\/p>\n\n\n\n<h3 class=\"wp-block-heading\">Jakiego typu cewki u\u017cywa?<\/h3>\n\n\n\n<p>U\u017cywa <strong>cewka siatkowa<\/strong>, co poprawia klarowno\u015b\u0107 smaku i g\u0142adko\u015b\u0107 pary.<\/p>\n\n\n\n<h3 class=\"wp-block-heading\">Czy urz\u0105dzenie mo\u017cna \u0142adowa\u0107?<\/h3>\n\n\n\n<p>Ten model zosta\u0142 zaprojektowany jako urz\u0105dzenie jednorazowego u\u017cytku. Mo\u017cliwo\u015b\u0107 \u0142adowania mo\u017ce si\u0119 jednak r\u00f3\u017cni\u0107 w zale\u017cno\u015bci od partii lub wersji rynkowej.<\/p>\n\n\n\n<h3 class=\"wp-block-heading\">Czy smak z czasem os\u0142abnie?<\/h3>\n\n\n\n<p>Pod koniec okresu eksploatacji urz\u0105dzenia intensywno\u015b\u0107 smaku mo\u017ce stopniowo s\u0142abn\u0105\u0107. Jest to normalne zjawisko w przypadku jednorazowych waporyzator\u00f3w o du\u017cej mocy.<\/p>\n\n\n\n<h3 class=\"wp-block-heading\">Czy urz\u0105dzenie przecieka?<\/h3>\n\n\n\n<p>Wewn\u0119trzna struktura pomaga zapobiega\u0107 wyciekom i zapewnia czyste, niezawodne codzienne u\u017cytkowanie.<\/p>\n\n\n\n<h3 class=\"wp-block-heading\">Dla kogo przeznaczony jest ten produkt?<\/h3>\n\n\n\n<ul class=\"wp-block-list\">\n<li>Pocz\u0105tkuj\u0105cy<\/li>\n\n\n\n<li>U\u017cytkownicy od lekkich do umiarkowanych<\/li>\n\n\n\n<li>U\u017cytkownicy preferuj\u0105cy ma\u0142e zaci\u0105gni\u0119cia<\/li>\n\n\n\n<li>Klienci, kt\u00f3rzy chc\u0105 prostego, bezproblemowego waporyzatora<\/li>\n<\/ul>\n\n\n\n<h3 class=\"wp-block-heading\">Czy lodowe smaki s\u0105 bardzo mocne?<\/h3>\n\n\n\n<p>Nie.<br>Lodowate smaki pozostaj\u0105 g\u0142adkie i zr\u00f3wnowa\u017cone, a nie przyt\u0142aczaj\u0105ce.<\/p>\n\n\n\n<h3 class=\"wp-block-heading\">Jak nale\u017cy przechowywa\u0107 urz\u0105dzenie?<\/h3>\n\n\n\n<p>Przechowywa\u0107 w <strong>ch\u0142odne, suche miejsce<\/strong>, z dala od bezpo\u015bredniego \u015bwiat\u0142a s\u0142onecznego i ekstremalnego ciep\u0142a.<\/p>\n\n\n\n<p><\/p>","protected":false},"excerpt":{"rendered":"<p>The Bang Leader 18K is a compact, single-flavor disposable vape created for users who value simplicity, portability, and consistent taste. Instead of complex settings or oversized vapor, it focuses on a small, smooth puff output that delivers a comfortable, cigarette-like draw for everyday use. Moreover, the Bang Leader 18K provides up to 18,000 puffs, which [&hellip;]<\/p>\n","protected":false},"featured_media":22119,"comment_status":"open","ping_status":"closed","template":"","meta":[],"product_brand":[57],"product_cat":[175],"product_tag":[],"class_list":{"0":"post-22112","1":"product","2":"type-product","3":"status-publish","4":"has-post-thumbnail","6":"product_brand-bang","7":"product_cat-18k-puffs","9":"first","10":"instock","11":"sale","12":"shipping-taxable","13":"purchasable","14":"product-type-variable"},"yoast_head":"<!-- This site is optimized with the Yoast SEO plugin v27.4 - https:\/\/yoast.com\/product\/yoast-seo-wordpress\/ -->\n<title>Bang Leader 18K \u2013 Pocket-Friendly Single-Flavor Disposable Vape<\/title>\n<meta name=\"description\" content=\"Bang Leader 18K is a single-flavor disposable vape offering up to 18,000 puffs. Enjoy a compact, lightweight design, smooth airflow, and consistent, pure taste.\" \/>\n<meta name=\"robots\" content=\"index, follow, max-snippet:-1, max-image-preview:large, max-video-preview:-1\" \/>\n<link rel=\"canonical\" href=\"https:\/\/vapemaison.com\/pl\/produkt\/bang-leader-18k-vape-18000-puffow-vape-jednorazowe\/\" \/>\n<meta property=\"og:locale\" content=\"pl_PL\" \/>\n<meta property=\"og:type\" content=\"article\" \/>\n<meta property=\"og:title\" content=\"Bang Leader 18K \u2013 Pocket-Friendly Single-Flavor Disposable Vape\" \/>\n<meta property=\"og:description\" content=\"Bang Leader 18K is a single-flavor disposable vape offering up to 18,000 puffs. Enjoy a compact, lightweight design, smooth airflow, and consistent, pure taste.\" \/>\n<meta property=\"og:url\" content=\"https:\/\/vapemaison.com\/pl\/produkt\/bang-leader-18k-vape-18000-puffow-vape-jednorazowe\/\" \/>\n<meta property=\"og:site_name\" content=\"VapeMaison\" \/>\n<meta property=\"article:modified_time\" content=\"2025-12-29T08:50:34+00:00\" \/>\n<meta property=\"og:image\" content=\"https:\/\/vapemaison.com\/wp-content\/uploads\/2025\/12\/bang-leader-18k-random-flavors.jpg\" \/>\n\t<meta property=\"og:image:width\" content=\"600\" \/>\n\t<meta property=\"og:image:height\" content=\"600\" \/>\n\t<meta property=\"og:image:type\" content=\"image\/jpeg\" \/>\n<meta name=\"twitter:card\" content=\"summary_large_image\" \/>\n<meta name=\"twitter:label1\" content=\"Szacowany czas czytania\" \/>\n\t<meta name=\"twitter:data1\" content=\"3 minuty\" \/>\n<!-- \/ Yoast SEO plugin. -->","yoast_head_json":{"title":"Bang Leader 18K - kieszonkowy jednorazowy Vape o jednym smaku","description":"Bang Leader 18K to jednorazowy waporyzator o jednym smaku, oferuj\u0105cy do 18 000 zaci\u0105gni\u0119\u0107. Ciesz si\u0119 kompaktow\u0105, lekk\u0105 konstrukcj\u0105, p\u0142ynnym przep\u0142ywem powietrza i sp\u00f3jnym, czystym smakiem.","robots":{"index":"index","follow":"follow","max-snippet":"max-snippet:-1","max-image-preview":"max-image-preview:large","max-video-preview":"max-video-preview:-1"},"canonical":"https:\/\/vapemaison.com\/pl\/produkt\/bang-leader-18k-vape-18000-puffow-vape-jednorazowe\/","og_locale":"pl_PL","og_type":"article","og_title":"Bang Leader 18K \u2013 Pocket-Friendly Single-Flavor Disposable Vape","og_description":"Bang Leader 18K is a single-flavor disposable vape offering up to 18,000 puffs. Enjoy a compact, lightweight design, smooth airflow, and consistent, pure taste.","og_url":"https:\/\/vapemaison.com\/pl\/produkt\/bang-leader-18k-vape-18000-puffow-vape-jednorazowe\/","og_site_name":"VapeMaison","article_modified_time":"2025-12-29T08:50:34+00:00","og_image":[{"width":600,"height":600,"url":"https:\/\/vapemaison.com\/wp-content\/uploads\/2025\/12\/bang-leader-18k-random-flavors.jpg","type":"image\/jpeg"}],"twitter_card":"summary_large_image","twitter_misc":{"Szacowany czas czytania":"3 minuty"},"schema":{"@context":"https:\/\/schema.org","@graph":[{"@type":"WebPage","@id":"https:\/\/vapemaison.com\/product\/bang-leader-18k-vape-18000-puffs-disposable-vapes\/","url":"https:\/\/vapemaison.com\/product\/bang-leader-18k-vape-18000-puffs-disposable-vapes\/","name":"Bang Leader 18K - kieszonkowy jednorazowy Vape o jednym smaku","isPartOf":{"@id":"https:\/\/vapemaison.com\/#website"},"primaryImageOfPage":{"@id":"https:\/\/vapemaison.com\/product\/bang-leader-18k-vape-18000-puffs-disposable-vapes\/#primaryimage"},"image":{"@id":"https:\/\/vapemaison.com\/product\/bang-leader-18k-vape-18000-puffs-disposable-vapes\/#primaryimage"},"thumbnailUrl":"https:\/\/vapemaison.com\/wp-content\/uploads\/2025\/12\/bang-leader-18k-random-flavors.jpg","datePublished":"2025-12-29T08:41:23+00:00","dateModified":"2025-12-29T08:50:34+00:00","description":"Bang Leader 18K to jednorazowy waporyzator o jednym smaku, oferuj\u0105cy do 18 000 zaci\u0105gni\u0119\u0107. Ciesz si\u0119 kompaktow\u0105, lekk\u0105 konstrukcj\u0105, p\u0142ynnym przep\u0142ywem powietrza i sp\u00f3jnym, czystym smakiem.","breadcrumb":{"@id":"https:\/\/vapemaison.com\/product\/bang-leader-18k-vape-18000-puffs-disposable-vapes\/#breadcrumb"},"inLanguage":"pl-PL","potentialAction":[{"@type":"ReadAction","target":["https:\/\/vapemaison.com\/product\/bang-leader-18k-vape-18000-puffs-disposable-vapes\/"]}]},{"@type":"ImageObject","inLanguage":"pl-PL","@id":"https:\/\/vapemaison.com\/product\/bang-leader-18k-vape-18000-puffs-disposable-vapes\/#primaryimage","url":"https:\/\/vapemaison.com\/wp-content\/uploads\/2025\/12\/bang-leader-18k-random-flavors.jpg","contentUrl":"https:\/\/vapemaison.com\/wp-content\/uploads\/2025\/12\/bang-leader-18k-random-flavors.jpg","width":600,"height":600,"caption":"bang-leader-18k-random-flavors"},{"@type":"BreadcrumbList","@id":"https:\/\/vapemaison.com\/product\/bang-leader-18k-vape-18000-puffs-disposable-vapes\/#breadcrumb","itemListElement":[{"@type":"ListItem","position":1,"name":"\u9996\u9875","item":"https:\/\/vapemaison.com\/"},{"@type":"ListItem","position":2,"name":"Shop","item":"https:\/\/vapemaison.com\/shop\/"},{"@type":"ListItem","position":3,"name":"Bang","item":"https:\/\/vapemaison.com\/brand\/bang\/"},{"@type":"ListItem","position":4,"name":"BANG LEADER 18K Vape | 18000 Puffs Disposable Vapes"}]},{"@type":"WebSite","@id":"https:\/\/vapemaison.com\/#website","url":"https:\/\/vapemaison.com\/","name":"VapeMaison","description":"Wysokiej jako\u015bci urz\u0105dzenia i akcesoria do waporyzacji","publisher":{"@id":"https:\/\/vapemaison.com\/#organization"},"potentialAction":[{"@type":"SearchAction","target":{"@type":"EntryPoint","urlTemplate":"https:\/\/vapemaison.com\/?s={search_term_string}"},"query-input":{"@type":"PropertyValueSpecification","valueRequired":true,"valueName":"search_term_string"}}],"inLanguage":"pl-PL"},{"@type":"Organization","@id":"https:\/\/vapemaison.com\/#organization","name":"VapeMaison","url":"https:\/\/vapemaison.com\/","logo":{"@type":"ImageObject","inLanguage":"pl-PL","@id":"https:\/\/vapemaison.com\/#\/schema\/logo\/image\/","url":"https:\/\/vapemaison.com\/wp-content\/uploads\/2026\/01\/cropped-vapemaison-logo-g-2026.webp","contentUrl":"https:\/\/vapemaison.com\/wp-content\/uploads\/2026\/01\/cropped-vapemaison-logo-g-2026.webp","width":350,"height":280,"caption":"VapeMaison"},"image":{"@id":"https:\/\/vapemaison.com\/#\/schema\/logo\/image\/"},"sameAs":["https:\/\/www.youtube.com\/@VapeMaison"]}]}},"tiered_pricing_type":"fixed","tiered_pricing_fixed_rules":{"30":"6.98","50":"6.36","100":"5.88","200":"5.49"},"tiered_pricing_product_settings":{"layout":"default","base_unit_name":{"singular":null,"plural":null},"default_variation":null},"tiered_pricing_minimum_quantity":10,"tiered_pricing_roles_data":[],"tiered_pricing_percentage_rules":[],"tiered_pricing_maximum_quantity":null,"tiered_pricing_quantity_step":"10","_links":{"self":[{"href":"https:\/\/vapemaison.com\/pl\/wp-json\/wp\/v2\/product\/22112","targetHints":{"allow":["GET"]}}],"collection":[{"href":"https:\/\/vapemaison.com\/pl\/wp-json\/wp\/v2\/product"}],"about":[{"href":"https:\/\/vapemaison.com\/pl\/wp-json\/wp\/v2\/types\/product"}],"replies":[{"embeddable":true,"href":"https:\/\/vapemaison.com\/pl\/wp-json\/wp\/v2\/comments?post=22112"}],"version-history":[{"count":0,"href":"https:\/\/vapemaison.com\/pl\/wp-json\/wp\/v2\/product\/22112\/revisions"}],"wp:featuredmedia":[{"embeddable":true,"href":"https:\/\/vapemaison.com\/pl\/wp-json\/wp\/v2\/media\/22119"}],"wp:attachment":[{"href":"https:\/\/vapemaison.com\/pl\/wp-json\/wp\/v2\/media?parent=22112"}],"wp:term":[{"taxonomy":"product_brand","embeddable":true,"href":"https:\/\/vapemaison.com\/pl\/wp-json\/wp\/v2\/product_brand?post=22112"},{"taxonomy":"product_cat","embeddable":true,"href":"https:\/\/vapemaison.com\/pl\/wp-json\/wp\/v2\/product_cat?post=22112"},{"taxonomy":"product_tag","embeddable":true,"href":"https:\/\/vapemaison.com\/pl\/wp-json\/wp\/v2\/product_tag?post=22112"}],"curies":[{"name":"wp","href":"https:\/\/api.w.org\/{rel}","templated":true}]}}