

{"id":22371,"date":"2025-12-29T09:27:52","date_gmt":"2025-12-29T09:27:52","guid":{"rendered":"https:\/\/vapemaison.com\/?post_type=product&#038;p=22371"},"modified":"2025-12-29T09:29:56","modified_gmt":"2025-12-29T09:29:56","slug":"waspe-30000-30k-puff","status":"publish","type":"product","link":"https:\/\/vapemaison.com\/pl\/product\/waspe-30000-30k-puffs\/","title":{"rendered":"Waspe 30000 30K Puffs Wy\u015bwietlacz LCD Jednorazowy Vape"},"content":{"rendered":"<p>The <strong>Vape jednorazowego u\u017cytku Waspe 30000<\/strong> zosta\u0142 zaprojektowany dla vaper\u00f3w, kt\u00f3rzy wymagaj\u0105 d\u0142ugotrwa\u0142ej wydajno\u015bci, bogatego smaku i zaawansowanej funkcjonalno\u015bci w jednym kompaktowym urz\u0105dzeniu. Z maksymalnie <strong>30 000 zaci\u0105gni\u0119\u0107<\/strong>, Dzi\u0119ki dw\u00f3m trybom waporyzacji i wysokiej jako\u015bci systemowi cewek z podw\u00f3jn\u0105 siatk\u0105, Waspe 30000 wyznacza nowy punkt odniesienia dla jednorazowych waporyzator\u00f3w o du\u017cej pojemno\u015bci.<\/p>\n\n\n\n<p>Niezale\u017cnie od tego, czy jest to urz\u0105dzenie do u\u017cytku osobistego, czy do dystrybucji detalicznej, zapewnia ono niezawodno\u015b\u0107, mo\u017cliwo\u015b\u0107 dostosowania i du\u017c\u0105 atrakcyjno\u015b\u0107 rynkow\u0105.<\/p>\n\n\n\n<h3 class=\"wp-block-heading\">Wra\u017cenia z waporyzacji w dw\u00f3ch trybach<\/h3>\n\n\n\n<ul class=\"wp-block-list\">\n<li><strong>Tryb zwyk\u0142y<\/strong>: Zapewnia p\u0142ynne, sp\u00f3jne zaci\u0105ganie si\u0119 z maksymaln\u0105 wydajno\u015bci\u0105 zaci\u0105gania si\u0119 - idealna do ca\u0142odziennego wapowania.<\/li>\n\n\n\n<li><strong>Tryb impulsowy<\/strong>: Zwi\u0119ksza wydajno\u015b\u0107 pary i intensywno\u015b\u0107 smaku, zapewniaj\u0105c mocniejszy wdech.<\/li>\n<\/ul>\n\n\n\n<p>Ta dwutrybowa konstrukcja zapewnia u\u017cytkownikom elastyczno\u015b\u0107, jednocze\u015bnie maksymalizuj\u0105c \u017cywotno\u015b\u0107 urz\u0105dzenia.<\/p>\n\n\n\n<h3 class=\"wp-block-heading\">Zaawansowana technologia podw\u00f3jnej cewki siatkowej<\/h3>\n\n\n\n<p>Wyposa\u017cony w <strong>Podw\u00f3jne cewki siatkowe 1,0\u03a9<\/strong>, Waspe 30000 zapewnia:<\/p>\n\n\n\n<ul class=\"wp-block-list\">\n<li>R\u00f3wnomierne ogrzewanie<\/li>\n\n\n\n<li>Zwi\u0119kszona wyrazisto\u015b\u0107 smaku<\/li>\n\n\n\n<li>G\u0119sta, satysfakcjonuj\u0105ca produkcja pary<\/li>\n\n\n\n<li>Stabilna wydajno\u015b\u0107 od pierwszego do ostatniego zaci\u0105gni\u0119cia<\/li>\n<\/ul>\n\n\n\n<h3 class=\"wp-block-heading\">Zaprojektowany dla wygody i kontroli<\/h3>\n\n\n\n<ul class=\"wp-block-list\">\n<li><strong>Wy\u015bwietlacz LED<\/strong> Wyra\u017anie pokazuje stan baterii i u\u017cytkowania<\/li>\n\n\n\n<li><strong>Regulowany przep\u0142yw powietrza<\/strong> Umo\u017cliwia u\u017cytkownikom precyzyjne dostosowanie oporu rysowania<\/li>\n\n\n\n<li><strong>Akumulator typu C (850 mAh)<\/strong> zapewnia szybkie i wydajne \u0142adowanie<\/li>\n\n\n\n<li><strong>Kompaktowa i przeno\u015bna konstrukcja<\/strong>, nadaje si\u0119 do codziennego u\u017cytku<\/li>\n<\/ul>\n\n\n\n<h3 class=\"wp-block-heading\">Opcje nikotyny<\/h3>\n\n\n\n<p>Dost\u0119pne dla r\u00f3\u017cnych rynk\u00f3w i preferencji u\u017cytkownik\u00f3w:<\/p>\n\n\n\n<ul class=\"wp-block-list\">\n<li><strong>0% Nikotyna<\/strong><\/li>\n\n\n\n<li><strong>2% Nikotyna<\/strong><\/li>\n\n\n\n<li><strong>5% Nikotyna<\/strong><\/li>\n<\/ul>\n\n\n\n<h3 class=\"wp-block-heading\">Wyb\u00f3r smak\u00f3w (16 opcji)<\/h3>\n\n\n\n<p>Starannie wyselekcjonowana linia smak\u00f3w zaprojektowana z my\u015bl\u0105 o szerokim zainteresowaniu rynku:<\/p>\n\n\n\n<ul class=\"wp-block-list\">\n<li>Mango truskawkowe<\/li>\n\n\n\n<li>Mixed Berry<\/li>\n\n\n\n<li>Arbuzowy l\u00f3d<\/li>\n\n\n\n<li>Arbuz truskawkowy<\/li>\n\n\n\n<li>Truskawkowy Red Bull<\/li>\n\n\n\n<li>Kiwi Passion Fruit Guava<\/li>\n\n\n\n<li>L\u00f3d winogronowy<\/li>\n\n\n\n<li>Podw\u00f3jny l\u00f3d jab\u0142kowy<\/li>\n\n\n\n<li>Bor\u00f3wka Malina<\/li>\n\n\n\n<li>Arbuz Mango Brzoskwinia<\/li>\n\n\n\n<li>L\u00f3d jagodowy<\/li>\n\n\n\n<li>Peach Berry<\/li>\n\n\n\n<li>Truskawka Kiwi<\/li>\n\n\n\n<li>Cherry Ice<\/li>\n\n\n\n<li>Truskawka Malina Wi\u015bnia<\/li>\n\n\n\n<li>Arbuz Bubblegum<\/li>\n<\/ul>\n\n\n\n<h3 class=\"wp-block-heading\">Specyfikacje<\/h3>\n\n\n\n<figure class=\"wp-block-table is-style-stripes\"><table class=\"has-fixed-layout\"><thead><tr><th>Pozycja<\/th><th>Szczeg\u00f3\u0142y<\/th><\/tr><\/thead><tbody><tr><td>Puff Count<\/td><td>Regularny: 30,000 \/ Pulse: 15,000<\/td><\/tr><tr><td>Cewka<\/td><td>Podw\u00f3jna cewka siatkowa (1,0\u03a9 + 1,0\u03a9)<\/td><\/tr><tr><td>Pojemno\u015b\u0107 e-liquidu<\/td><td>28 ml<\/td><\/tr><tr><td>Si\u0142a nikotyny<\/td><td>0% \/ 2% \/ 5%<\/td><\/tr><tr><td>Bateria<\/td><td>Akumulator 850 mAh<\/td><\/tr><tr><td>\u0141adowanie<\/td><td>Typ-C<\/td><\/tr><tr><td>Przep\u0142yw powietrza<\/td><td>Regulowany<\/td><\/tr><tr><td>Wy\u015bwietlacz<\/td><td>Ekran LED<\/td><\/tr><\/tbody><\/table><\/figure>\n\n\n\n<h3 class=\"wp-block-heading\">Informacje o pakowaniu<\/h3>\n\n\n\n<ul class=\"wp-block-list\">\n<li><strong>10 sztuk \/ pude\u0142ko<\/strong><\/li>\n\n\n\n<li><strong>200 sztuk \/ karton<\/strong><\/li>\n\n\n\n<li><strong>Waga brutto:<\/strong> 23 kg<\/li>\n<\/ul>\n\n\n\n<p>Idealny dla hurtownik\u00f3w, dystrybutor\u00f3w i sprzedawc\u00f3w detalicznych poszukuj\u0105cych wysokomar\u017cowych jednorazowych produkt\u00f3w vape.<\/p>\n\n\n\n<h3 class=\"wp-block-heading\">Dlaczego warto wybra\u0107 Waspe 30000?<\/h3>\n\n\n\n<ul class=\"wp-block-list\">\n<li>Bardzo wysoka liczba dmuchni\u0119\u0107 zapewniaj\u0105ca d\u0142ugoterminow\u0105 warto\u015b\u0107<\/li>\n\n\n\n<li>Waporyzacja w dw\u00f3ch trybach zapewnia elastyczno\u015b\u0107<\/li>\n\n\n\n<li>Silna konsystencja smakowa<\/li>\n\n\n\n<li>Opakowanie gotowe do sprzeda\u017cy detalicznej<\/li>\n\n\n\n<li>Idealny zar\u00f3wno na rynek konsumencki, jak i hurtowy<\/li>\n<\/ul>\n\n\n\n<p><strong>Ulepsz swoj\u0105 lini\u0119 produkt\u00f3w dzi\u0119ki jednorazowemu waporyzatorowi Waspe 30000 - stworzonemu z my\u015bl\u0105 o wydajno\u015bci, smaku i wytrzyma\u0142o\u015bci.<\/strong><\/p>","protected":false},"excerpt":{"rendered":"<p>The Waspe 30000 Disposable Vape is engineered for vapers who demand long-lasting performance, rich flavor output, and advanced functionality in one compact device. With up to 30,000 puffs, dual vaping modes, and a premium dual mesh coil system, Waspe 30000 sets a new benchmark for high-capacity disposable vapes. Whether for personal enjoyment or retail distribution, [&hellip;]<\/p>\n","protected":false},"featured_media":22385,"comment_status":"open","ping_status":"closed","template":"","meta":[],"product_brand":[59],"product_cat":[134],"product_tag":[],"class_list":{"0":"post-22371","1":"product","2":"type-product","3":"status-publish","4":"has-post-thumbnail","6":"product_brand-waspe","7":"product_cat-30k-puffs","9":"first","10":"instock","11":"sale","12":"shipping-taxable","13":"purchasable","14":"product-type-variable"},"yoast_head":"<!-- This site is optimized with the Yoast SEO plugin v27.4 - https:\/\/yoast.com\/product\/yoast-seo-wordpress\/ -->\n<title>Waspe 30000 Puffs Disposable Vape | Dual Mode LED Display - VapeMaison<\/title>\n<meta name=\"description\" content=\"Waspe 30000 disposable vape delivers up to 30k puffs with dual modes, 28ml e-liquid, dual mesh coils, and multiple flavors. Ideal for retail and wholesale.\" \/>\n<meta name=\"robots\" content=\"index, follow, max-snippet:-1, max-image-preview:large, max-video-preview:-1\" \/>\n<link rel=\"canonical\" href=\"https:\/\/vapemaison.com\/pl\/produkt\/waspe-30000-30k-puff\/\" \/>\n<meta property=\"og:locale\" content=\"pl_PL\" \/>\n<meta property=\"og:type\" content=\"article\" \/>\n<meta property=\"og:title\" content=\"Waspe 30000 Puffs Disposable Vape | Dual Mode LED Display - VapeMaison\" \/>\n<meta property=\"og:description\" content=\"Waspe 30000 disposable vape delivers up to 30k puffs with dual modes, 28ml e-liquid, dual mesh coils, and multiple flavors. Ideal for retail and wholesale.\" \/>\n<meta property=\"og:url\" content=\"https:\/\/vapemaison.com\/pl\/produkt\/waspe-30000-30k-puff\/\" \/>\n<meta property=\"og:site_name\" content=\"VapeMaison\" \/>\n<meta property=\"article:modified_time\" content=\"2025-12-29T09:29:56+00:00\" \/>\n<meta property=\"og:image\" content=\"https:\/\/vapemaison.com\/wp-content\/uploads\/2025\/12\/vape-waspe-30000-puffs-waspe-30000-puffs.jpg.webp\" \/>\n\t<meta property=\"og:image:width\" content=\"1000\" \/>\n\t<meta property=\"og:image:height\" content=\"1000\" \/>\n\t<meta property=\"og:image:type\" content=\"image\/webp\" \/>\n<meta name=\"twitter:card\" content=\"summary_large_image\" \/>\n<meta name=\"twitter:label1\" content=\"Szacowany czas czytania\" \/>\n\t<meta name=\"twitter:data1\" content=\"2 minuty\" \/>\n<!-- \/ Yoast SEO plugin. -->","yoast_head_json":{"title":"Waspe 30000 Puffs Jednorazowy Vape | Dwutrybowy wy\u015bwietlacz LED - VapeMaison","description":"Jednorazowy vape Waspe 30000 zapewnia do 30 tys. zaci\u0105gni\u0119\u0107 dzi\u0119ki dw\u00f3m trybom, 28 ml e-liquidu, podw\u00f3jnym cewkom siatkowym i wielu smakom. Idealny do sprzeda\u017cy detalicznej i hurtowej.","robots":{"index":"index","follow":"follow","max-snippet":"max-snippet:-1","max-image-preview":"max-image-preview:large","max-video-preview":"max-video-preview:-1"},"canonical":"https:\/\/vapemaison.com\/pl\/produkt\/waspe-30000-30k-puff\/","og_locale":"pl_PL","og_type":"article","og_title":"Waspe 30000 Puffs Disposable Vape | Dual Mode LED Display - VapeMaison","og_description":"Waspe 30000 disposable vape delivers up to 30k puffs with dual modes, 28ml e-liquid, dual mesh coils, and multiple flavors. Ideal for retail and wholesale.","og_url":"https:\/\/vapemaison.com\/pl\/produkt\/waspe-30000-30k-puff\/","og_site_name":"VapeMaison","article_modified_time":"2025-12-29T09:29:56+00:00","og_image":[{"width":1000,"height":1000,"url":"https:\/\/vapemaison.com\/wp-content\/uploads\/2025\/12\/vape-waspe-30000-puffs-waspe-30000-puffs.jpg.webp","type":"image\/webp"}],"twitter_card":"summary_large_image","twitter_misc":{"Szacowany czas czytania":"2 minuty"},"schema":{"@context":"https:\/\/schema.org","@graph":[{"@type":"WebPage","@id":"https:\/\/vapemaison.com\/product\/waspe-30000-30k-puffs\/","url":"https:\/\/vapemaison.com\/product\/waspe-30000-30k-puffs\/","name":"Waspe 30000 Puffs Jednorazowy Vape | Dwutrybowy wy\u015bwietlacz LED - VapeMaison","isPartOf":{"@id":"https:\/\/vapemaison.com\/#website"},"primaryImageOfPage":{"@id":"https:\/\/vapemaison.com\/product\/waspe-30000-30k-puffs\/#primaryimage"},"image":{"@id":"https:\/\/vapemaison.com\/product\/waspe-30000-30k-puffs\/#primaryimage"},"thumbnailUrl":"https:\/\/vapemaison.com\/wp-content\/uploads\/2025\/12\/vape-waspe-30000-puffs-waspe-30000-puffs.jpg.webp","datePublished":"2025-12-29T09:27:52+00:00","dateModified":"2025-12-29T09:29:56+00:00","description":"Jednorazowy vape Waspe 30000 zapewnia do 30 tys. zaci\u0105gni\u0119\u0107 dzi\u0119ki dw\u00f3m trybom, 28 ml e-liquidu, podw\u00f3jnym cewkom siatkowym i wielu smakom. Idealny do sprzeda\u017cy detalicznej i hurtowej.","breadcrumb":{"@id":"https:\/\/vapemaison.com\/product\/waspe-30000-30k-puffs\/#breadcrumb"},"inLanguage":"pl-PL","potentialAction":[{"@type":"ReadAction","target":["https:\/\/vapemaison.com\/product\/waspe-30000-30k-puffs\/"]}]},{"@type":"ImageObject","inLanguage":"pl-PL","@id":"https:\/\/vapemaison.com\/product\/waspe-30000-30k-puffs\/#primaryimage","url":"https:\/\/vapemaison.com\/wp-content\/uploads\/2025\/12\/vape-waspe-30000-puffs-waspe-30000-puffs.jpg.webp","contentUrl":"https:\/\/vapemaison.com\/wp-content\/uploads\/2025\/12\/vape-waspe-30000-puffs-waspe-30000-puffs.jpg.webp","width":1000,"height":1000,"caption":"vape-waspe-30000-puffs-waspe-30000-puffs.jpg"},{"@type":"BreadcrumbList","@id":"https:\/\/vapemaison.com\/product\/waspe-30000-30k-puffs\/#breadcrumb","itemListElement":[{"@type":"ListItem","position":1,"name":"\u9996\u9875","item":"https:\/\/vapemaison.com\/"},{"@type":"ListItem","position":2,"name":"Shop","item":"https:\/\/vapemaison.com\/shop\/"},{"@type":"ListItem","position":3,"name":"Waspe","item":"https:\/\/vapemaison.com\/brand\/waspe\/"},{"@type":"ListItem","position":4,"name":"Waspe 30000 30K Puffs LCD Display Disposable Vape"}]},{"@type":"WebSite","@id":"https:\/\/vapemaison.com\/#website","url":"https:\/\/vapemaison.com\/","name":"VapeMaison","description":"Wysokiej jako\u015bci urz\u0105dzenia i akcesoria do waporyzacji","publisher":{"@id":"https:\/\/vapemaison.com\/#organization"},"potentialAction":[{"@type":"SearchAction","target":{"@type":"EntryPoint","urlTemplate":"https:\/\/vapemaison.com\/?s={search_term_string}"},"query-input":{"@type":"PropertyValueSpecification","valueRequired":true,"valueName":"search_term_string"}}],"inLanguage":"pl-PL"},{"@type":"Organization","@id":"https:\/\/vapemaison.com\/#organization","name":"VapeMaison","url":"https:\/\/vapemaison.com\/","logo":{"@type":"ImageObject","inLanguage":"pl-PL","@id":"https:\/\/vapemaison.com\/#\/schema\/logo\/image\/","url":"https:\/\/vapemaison.com\/wp-content\/uploads\/2026\/01\/cropped-vapemaison-logo-g-2026.webp","contentUrl":"https:\/\/vapemaison.com\/wp-content\/uploads\/2026\/01\/cropped-vapemaison-logo-g-2026.webp","width":350,"height":280,"caption":"VapeMaison"},"image":{"@id":"https:\/\/vapemaison.com\/#\/schema\/logo\/image\/"},"sameAs":["https:\/\/www.youtube.com\/@VapeMaison"]}]}},"tiered_pricing_type":"fixed","tiered_pricing_fixed_rules":{"30":"9.98","50":"9.45","100":"8.78","200":"8.32"},"tiered_pricing_product_settings":{"layout":"default","base_unit_name":{"singular":null,"plural":null},"default_variation":null},"tiered_pricing_minimum_quantity":10,"tiered_pricing_roles_data":[],"tiered_pricing_percentage_rules":[],"tiered_pricing_maximum_quantity":null,"tiered_pricing_quantity_step":"10","_links":{"self":[{"href":"https:\/\/vapemaison.com\/pl\/wp-json\/wp\/v2\/product\/22371","targetHints":{"allow":["GET"]}}],"collection":[{"href":"https:\/\/vapemaison.com\/pl\/wp-json\/wp\/v2\/product"}],"about":[{"href":"https:\/\/vapemaison.com\/pl\/wp-json\/wp\/v2\/types\/product"}],"replies":[{"embeddable":true,"href":"https:\/\/vapemaison.com\/pl\/wp-json\/wp\/v2\/comments?post=22371"}],"version-history":[{"count":0,"href":"https:\/\/vapemaison.com\/pl\/wp-json\/wp\/v2\/product\/22371\/revisions"}],"wp:featuredmedia":[{"embeddable":true,"href":"https:\/\/vapemaison.com\/pl\/wp-json\/wp\/v2\/media\/22385"}],"wp:attachment":[{"href":"https:\/\/vapemaison.com\/pl\/wp-json\/wp\/v2\/media?parent=22371"}],"wp:term":[{"taxonomy":"product_brand","embeddable":true,"href":"https:\/\/vapemaison.com\/pl\/wp-json\/wp\/v2\/product_brand?post=22371"},{"taxonomy":"product_cat","embeddable":true,"href":"https:\/\/vapemaison.com\/pl\/wp-json\/wp\/v2\/product_cat?post=22371"},{"taxonomy":"product_tag","embeddable":true,"href":"https:\/\/vapemaison.com\/pl\/wp-json\/wp\/v2\/product_tag?post=22371"}],"curies":[{"name":"wp","href":"https:\/\/api.w.org\/{rel}","templated":true}]}}