

{"id":22453,"date":"2025-12-29T09:48:40","date_gmt":"2025-12-29T09:48:40","guid":{"rendered":"https:\/\/vapemaison.com\/?post_type=product&#038;p=22453"},"modified":"2025-12-29T09:50:25","modified_gmt":"2025-12-29T09:50:25","slug":"waspe-25000-25k-puffs-oryginalna-edycja-jednorazowe-vape","status":"publish","type":"product","link":"https:\/\/vapemaison.com\/pl\/product\/waspe-25000-25k-puffs-original-edition-disposable-vape\/","title":{"rendered":"WASPE 25000 (25K) Puffs Original Edition jednorazowe Vape"},"content":{"rendered":"<p>The <strong>Vape jednorazowego u\u017cytku WASPE 25000<\/strong> to oryginalne urz\u0105dzenie o du\u017cej pojemno\u015bci, zaprojektowane z my\u015bl\u0105 o u\u017cytkownikach oczekuj\u0105cych d\u0142ugiego czasu u\u017cytkowania, niezmiennego smaku i praktycznej funkcjonalno\u015bci. Dzi\u0119ki pojemno\u015bci do <strong>25 000 zaci\u0105gni\u0119\u0107<\/strong>, zintegrowany <strong>Wy\u015bwietlacz LCD<\/strong>, i zaawansowane <strong>Technologia podw\u00f3jnej cewki siatkowej<\/strong>, Model ten zapewnia p\u0142ynn\u0105 i niezawodn\u0105 waporyzacj\u0119 od pocz\u0105tku do ko\u0144ca.<\/p>\n\n\n\n<p>Idealny zar\u00f3wno dla u\u017cytkownik\u00f3w indywidualnych, jak i dystrybucji hurtowej, WASPE 25000 \u0142\u0105czy w sobie trwa\u0142o\u015b\u0107, \u0142atwo\u015b\u0107 obs\u0142ugi i du\u017c\u0105 atrakcyjno\u015b\u0107 rynkow\u0105.<\/p>\n\n\n\n<h2 class=\"wp-block-heading\">Kluczowe cechy<\/h2>\n\n\n\n<ul class=\"wp-block-list\">\n<li>Do <strong>25 000 zaci\u0105gni\u0119\u0107<\/strong> do d\u0142ugotrwa\u0142ego u\u017cytkowania<\/li>\n\n\n\n<li><strong>Pojemno\u015b\u0107 25 ml e-liquidu<\/strong> Zmniejsza cz\u0119stotliwo\u015b\u0107 uzupe\u0142niania i wymiany<\/li>\n\n\n\n<li><strong>Podw\u00f3jna cewka siatkowa<\/strong> dla lepszego smaku i g\u0119stej pary<\/li>\n\n\n\n<li><strong>Wy\u015bwietlacz LCD<\/strong> informacje o u\u017cytkowaniu w czasie rzeczywistym<\/li>\n\n\n\n<li><strong>Akumulator o pojemno\u015bci 650 mAh<\/strong> z szybkim \u0142adowaniem typu C<\/li>\n\n\n\n<li>Wiele mocy nikotyny dostosowanych do r\u00f3\u017cnych rynk\u00f3w<\/li>\n<\/ul>\n\n\n\n<h2 class=\"wp-block-heading\">Specyfikacja produktu<\/h2>\n\n\n\n<figure class=\"wp-block-table\"><table class=\"has-fixed-layout\"><thead><tr><th>Cecha<\/th><th>Opis<\/th><\/tr><\/thead><tbody><tr><td>Nazwa produktu<\/td><td>WASPE 25000 Original Edition Vape jednorazowego u\u017cytku<\/td><\/tr><tr><td>Pojemno\u015b\u0107 dmuchawy<\/td><td>Do 25 000 zaci\u0105gni\u0119\u0107<\/td><\/tr><tr><td>Pojemno\u015b\u0107 e-liquidu<\/td><td>25 ml<\/td><\/tr><tr><td>Si\u0142a nikotyny<\/td><td>0% \/ 2% \/ 5%<\/td><\/tr><tr><td>Typ cewki<\/td><td>Cewka z podw\u00f3jn\u0105 siatk\u0105<\/td><\/tr><tr><td>Pojemno\u015b\u0107 akumulatora<\/td><td>650 mAh (akumulator)<\/td><\/tr><tr><td>Port \u0142adowania<\/td><td>Typ-C<\/td><\/tr><tr><td>Wy\u015bwietlacz<\/td><td>Ekran LCD<\/td><\/tr><tr><td>Dzia\u0142anie<\/td><td>Aktywowane rysowaniem<\/td><\/tr><tr><td>Dost\u0119pne smaki<\/td><td>10 opcji<\/td><\/tr><\/tbody><\/table><\/figure>\n\n\n\n<h2 class=\"wp-block-heading\">Zaawansowana wydajno\u015b\u0107 waporyzacji<\/h2>\n\n\n\n<p>The <strong>System cewek z podw\u00f3jn\u0105 siatk\u0105<\/strong> zapewnia r\u00f3wnomierne ogrzewanie i stabiln\u0105 produkcj\u0119 pary, dostarczaj\u0105c bogaty smak i p\u0142ynny przep\u0142yw powietrza przez ca\u0142y okres u\u017cytkowania urz\u0105dzenia. W po\u0142\u0105czeniu z du\u017c\u0105 pojemno\u015bci\u0105 e-liquidu, WASPE 25000 utrzymuje sp\u00f3jno\u015b\u0107 smaku od pierwszego do ostatniego zaci\u0105gni\u0119cia.<\/p>\n\n\n\n<h2 class=\"wp-block-heading\">Inteligentna i przyjazna dla u\u017cytkownika konstrukcja<\/h2>\n\n\n\n<p>Wbudowany <strong>Wy\u015bwietlacz LCD<\/strong> pozwala u\u017cytkownikom \u0142atwo monitorowa\u0107 kluczowe informacje podczas u\u017cytkowania, podczas gdy <strong>Port \u0142adowania typu C<\/strong> zapewnia szybkie i wydajne \u0142adowanie. Kompaktowa i ergonomiczna konstrukcja sprawia, \u017ce nadaje si\u0119 do codziennego noszenia i d\u0142ugotrwa\u0142ego u\u017cytkowania.<\/p>\n\n\n\n<h2 class=\"wp-block-heading\">Opcje smakowe<\/h2>\n\n\n\n<ul class=\"wp-block-list\">\n<li>Arbuzowy l\u00f3d<\/li>\n\n\n\n<li>Jagoda na lodzie<\/li>\n\n\n\n<li>Arbuz truskawkowy<\/li>\n\n\n\n<li>Lemoniada jagodowo-malinowa<\/li>\n\n\n\n<li>Cherry Ice<\/li>\n\n\n\n<li>Brzoskwinia Mango Arbuz<\/li>\n\n\n\n<li>Jagody mieszane<\/li>\n\n\n\n<li>L\u00f3d brzoskwiniowy<\/li>\n\n\n\n<li>Truskawka Kiwi<\/li>\n\n\n\n<li>L\u00f3d winogronowy<\/li>\n<\/ul>\n\n\n\n<h2 class=\"wp-block-heading\">Informacje dotycz\u0105ce pakowania i logistyki<\/h2>\n\n\n\n<figure class=\"wp-block-table is-style-stripes\"><table class=\"has-fixed-layout\"><thead><tr><th>Pozycja<\/th><th>Szczeg\u00f3\u0142y<\/th><\/tr><\/thead><tbody><tr><td>Jednostki w opakowaniu<\/td><td>-<\/td><\/tr><tr><td>Jednostki w kartonie<\/td><td>200 szt.<\/td><\/tr><tr><td>Waga kartonu<\/td><td>21 kg<\/td><\/tr><tr><td>Typ opakowania<\/td><td>Opakowanie gotowe do sprzeda\u017cy detalicznej<\/td><\/tr><\/tbody><\/table><\/figure>\n\n\n\n<h2 class=\"wp-block-heading\">Idealny dla<\/h2>\n\n\n\n<ul class=\"wp-block-list\">\n<li>Detaliczne sklepy vape<\/li>\n\n\n\n<li>Sklepy vape online<\/li>\n\n\n\n<li>Hurtownicy i dystrybutorzy<\/li>\n\n\n\n<li>Rynki jednorazowych urz\u0105dze\u0144 vape o wysokiej wydajno\u015bci<\/li>\n<\/ul>\n\n\n\n<h3 class=\"wp-block-heading\">Dlaczego warto wybra\u0107 WASPE 25000?<\/h3>\n\n\n\n<ul class=\"wp-block-list\">\n<li>Du\u017ca liczba zaci\u0105gni\u0119\u0107 przy stabilnej wydajno\u015bci<\/li>\n\n\n\n<li>Wy\u015bwietlacz LCD zwi\u0119ksza kontrol\u0119 u\u017cytkownika<\/li>\n\n\n\n<li>Konkurencyjne specyfikacje dla sprzeda\u017cy detalicznej i hurtowej<\/li>\n\n\n\n<li>Szeroki wyb\u00f3r smak\u00f3w o du\u017cej atrakcyjno\u015bci dla konsument\u00f3w<\/li>\n<\/ul>\n\n\n\n<p><strong>WASPE 25000 - niezawodny jednorazowy waporyzator o du\u017cej pojemno\u015bci zaprojektowany z my\u015bl\u0105 o wydajno\u015bci i sprzeda\u017cy.<\/strong><\/p>","protected":false},"excerpt":{"rendered":"<p>The <strong data-start=\"539\" data-end=\"599\">WASPE 25000 (25K) Puffs Original Edition jednorazowe Vape<\/strong> zosta\u0142 zaprojektowany z my\u015bl\u0105 o u\u017cytkownikach, kt\u00f3rzy ceni\u0105 sobie d\u0142ugotrwa\u0142\u0105 wydajno\u015b\u0107, stabilny smak i praktyczn\u0105 funkcjonalno\u015b\u0107. Dostarcza do <strong data-start=\"726\" data-end=\"742\">25 000 zaci\u0105gni\u0119\u0107<\/strong>, Ten jednorazowy vape o du\u017cej pojemno\u015bci znacznie zmniejsza cz\u0119stotliwo\u015b\u0107 wymiany, podczas gdy<\/p>","protected":false},"featured_media":22463,"comment_status":"open","ping_status":"closed","template":"","meta":[],"product_brand":[59],"product_cat":[144],"product_tag":[],"class_list":{"0":"post-22453","1":"product","2":"type-product","3":"status-publish","4":"has-post-thumbnail","6":"product_brand-waspe","7":"product_cat-25k-puffs","9":"first","10":"instock","11":"sale","12":"shipping-taxable","13":"purchasable","14":"product-type-variable"},"yoast_head":"<!-- This site is optimized with the Yoast SEO plugin v27.4 - https:\/\/yoast.com\/product\/yoast-seo-wordpress\/ -->\n<title>WASPE 25000 Puffs Disposable Vape | LCD Display, Dual Mesh<\/title>\n<meta name=\"description\" content=\"WASPE 25000 disposable vape delivers up to 25,000 puffs with 25ml e-liquid, dual mesh coil, LCD display, Type-C charging, and multiple flavors. Ideal for retail and wholesale.\" \/>\n<meta name=\"robots\" content=\"index, follow, max-snippet:-1, max-image-preview:large, max-video-preview:-1\" \/>\n<link rel=\"canonical\" href=\"https:\/\/vapemaison.com\/pl\/produkt\/waspe-25000-25k-puffs-oryginalna-edycja-jednorazowe-vape\/\" \/>\n<meta property=\"og:locale\" content=\"pl_PL\" \/>\n<meta property=\"og:type\" content=\"article\" \/>\n<meta property=\"og:title\" content=\"WASPE 25000 Puffs Disposable Vape | LCD Display, Dual Mesh\" \/>\n<meta property=\"og:description\" content=\"WASPE 25000 disposable vape delivers up to 25,000 puffs with 25ml e-liquid, dual mesh coil, LCD display, Type-C charging, and multiple flavors. Ideal for retail and wholesale.\" \/>\n<meta property=\"og:url\" content=\"https:\/\/vapemaison.com\/pl\/produkt\/waspe-25000-25k-puffs-oryginalna-edycja-jednorazowe-vape\/\" \/>\n<meta property=\"og:site_name\" content=\"VapeMaison\" \/>\n<meta property=\"article:modified_time\" content=\"2025-12-29T09:50:25+00:00\" \/>\n<meta property=\"og:image\" content=\"https:\/\/vapemaison.com\/wp-content\/uploads\/2025\/12\/vape-waspe-25000-puffs-waspe-25000.jpg.webp\" \/>\n\t<meta property=\"og:image:width\" content=\"800\" \/>\n\t<meta property=\"og:image:height\" content=\"800\" \/>\n\t<meta property=\"og:image:type\" content=\"image\/webp\" \/>\n<meta name=\"twitter:card\" content=\"summary_large_image\" \/>\n<meta name=\"twitter:label1\" content=\"Szacowany czas czytania\" \/>\n\t<meta name=\"twitter:data1\" content=\"2 minuty\" \/>\n<!-- \/ Yoast SEO plugin. -->","yoast_head_json":{"title":"WASPE 25000 Puffs Jednorazowy Vape | Wy\u015bwietlacz LCD, podw\u00f3jna siatka","description":"Jednorazowy vape WASPE 25000 zapewnia do 25 000 zaci\u0105gni\u0119\u0107 z 25 ml e-liquidu, podw\u00f3jn\u0105 cewk\u0105 siatkow\u0105, wy\u015bwietlaczem LCD, \u0142adowaniem typu C i wieloma smakami. Idealny do sprzeda\u017cy detalicznej i hurtowej.","robots":{"index":"index","follow":"follow","max-snippet":"max-snippet:-1","max-image-preview":"max-image-preview:large","max-video-preview":"max-video-preview:-1"},"canonical":"https:\/\/vapemaison.com\/pl\/produkt\/waspe-25000-25k-puffs-oryginalna-edycja-jednorazowe-vape\/","og_locale":"pl_PL","og_type":"article","og_title":"WASPE 25000 Puffs Disposable Vape | LCD Display, Dual Mesh","og_description":"WASPE 25000 disposable vape delivers up to 25,000 puffs with 25ml e-liquid, dual mesh coil, LCD display, Type-C charging, and multiple flavors. Ideal for retail and wholesale.","og_url":"https:\/\/vapemaison.com\/pl\/produkt\/waspe-25000-25k-puffs-oryginalna-edycja-jednorazowe-vape\/","og_site_name":"VapeMaison","article_modified_time":"2025-12-29T09:50:25+00:00","og_image":[{"width":800,"height":800,"url":"https:\/\/vapemaison.com\/wp-content\/uploads\/2025\/12\/vape-waspe-25000-puffs-waspe-25000.jpg.webp","type":"image\/webp"}],"twitter_card":"summary_large_image","twitter_misc":{"Szacowany czas czytania":"2 minuty"},"schema":{"@context":"https:\/\/schema.org","@graph":[{"@type":"WebPage","@id":"https:\/\/vapemaison.com\/product\/waspe-25000-25k-puffs-original-edition-disposable-vape\/","url":"https:\/\/vapemaison.com\/product\/waspe-25000-25k-puffs-original-edition-disposable-vape\/","name":"WASPE 25000 Puffs Jednorazowy Vape | Wy\u015bwietlacz LCD, podw\u00f3jna siatka","isPartOf":{"@id":"https:\/\/vapemaison.com\/#website"},"primaryImageOfPage":{"@id":"https:\/\/vapemaison.com\/product\/waspe-25000-25k-puffs-original-edition-disposable-vape\/#primaryimage"},"image":{"@id":"https:\/\/vapemaison.com\/product\/waspe-25000-25k-puffs-original-edition-disposable-vape\/#primaryimage"},"thumbnailUrl":"https:\/\/vapemaison.com\/wp-content\/uploads\/2025\/12\/vape-waspe-25000-puffs-waspe-25000.jpg.webp","datePublished":"2025-12-29T09:48:40+00:00","dateModified":"2025-12-29T09:50:25+00:00","description":"Jednorazowy vape WASPE 25000 zapewnia do 25 000 zaci\u0105gni\u0119\u0107 z 25 ml e-liquidu, podw\u00f3jn\u0105 cewk\u0105 siatkow\u0105, wy\u015bwietlaczem LCD, \u0142adowaniem typu C i wieloma smakami. Idealny do sprzeda\u017cy detalicznej i hurtowej.","breadcrumb":{"@id":"https:\/\/vapemaison.com\/product\/waspe-25000-25k-puffs-original-edition-disposable-vape\/#breadcrumb"},"inLanguage":"pl-PL","potentialAction":[{"@type":"ReadAction","target":["https:\/\/vapemaison.com\/product\/waspe-25000-25k-puffs-original-edition-disposable-vape\/"]}]},{"@type":"ImageObject","inLanguage":"pl-PL","@id":"https:\/\/vapemaison.com\/product\/waspe-25000-25k-puffs-original-edition-disposable-vape\/#primaryimage","url":"https:\/\/vapemaison.com\/wp-content\/uploads\/2025\/12\/vape-waspe-25000-puffs-waspe-25000.jpg.webp","contentUrl":"https:\/\/vapemaison.com\/wp-content\/uploads\/2025\/12\/vape-waspe-25000-puffs-waspe-25000.jpg.webp","width":800,"height":800,"caption":"vape-waspe-25000-puffs-waspe-25000.jpg"},{"@type":"BreadcrumbList","@id":"https:\/\/vapemaison.com\/product\/waspe-25000-25k-puffs-original-edition-disposable-vape\/#breadcrumb","itemListElement":[{"@type":"ListItem","position":1,"name":"\u9996\u9875","item":"https:\/\/vapemaison.com\/"},{"@type":"ListItem","position":2,"name":"Shop","item":"https:\/\/vapemaison.com\/shop\/"},{"@type":"ListItem","position":3,"name":"Waspe","item":"https:\/\/vapemaison.com\/brand\/waspe\/"},{"@type":"ListItem","position":4,"name":"WASPE 25000 (25K) Puffs Original Edition Disposable Vape"}]},{"@type":"WebSite","@id":"https:\/\/vapemaison.com\/#website","url":"https:\/\/vapemaison.com\/","name":"VapeMaison","description":"Wysokiej jako\u015bci urz\u0105dzenia i akcesoria do waporyzacji","publisher":{"@id":"https:\/\/vapemaison.com\/#organization"},"potentialAction":[{"@type":"SearchAction","target":{"@type":"EntryPoint","urlTemplate":"https:\/\/vapemaison.com\/?s={search_term_string}"},"query-input":{"@type":"PropertyValueSpecification","valueRequired":true,"valueName":"search_term_string"}}],"inLanguage":"pl-PL"},{"@type":"Organization","@id":"https:\/\/vapemaison.com\/#organization","name":"VapeMaison","url":"https:\/\/vapemaison.com\/","logo":{"@type":"ImageObject","inLanguage":"pl-PL","@id":"https:\/\/vapemaison.com\/#\/schema\/logo\/image\/","url":"https:\/\/vapemaison.com\/wp-content\/uploads\/2026\/01\/cropped-vapemaison-logo-g-2026.webp","contentUrl":"https:\/\/vapemaison.com\/wp-content\/uploads\/2026\/01\/cropped-vapemaison-logo-g-2026.webp","width":350,"height":280,"caption":"VapeMaison"},"image":{"@id":"https:\/\/vapemaison.com\/#\/schema\/logo\/image\/"},"sameAs":["https:\/\/www.youtube.com\/@VapeMaison"]}]}},"tiered_pricing_type":"fixed","tiered_pricing_fixed_rules":{"30":"9.12","50":"8.76","100":"8.24","200":"7.98"},"tiered_pricing_product_settings":{"layout":"default","base_unit_name":{"singular":null,"plural":null},"default_variation":null},"tiered_pricing_minimum_quantity":10,"tiered_pricing_roles_data":[],"tiered_pricing_percentage_rules":[],"tiered_pricing_maximum_quantity":null,"tiered_pricing_quantity_step":"10","_links":{"self":[{"href":"https:\/\/vapemaison.com\/pl\/wp-json\/wp\/v2\/product\/22453","targetHints":{"allow":["GET"]}}],"collection":[{"href":"https:\/\/vapemaison.com\/pl\/wp-json\/wp\/v2\/product"}],"about":[{"href":"https:\/\/vapemaison.com\/pl\/wp-json\/wp\/v2\/types\/product"}],"replies":[{"embeddable":true,"href":"https:\/\/vapemaison.com\/pl\/wp-json\/wp\/v2\/comments?post=22453"}],"version-history":[{"count":0,"href":"https:\/\/vapemaison.com\/pl\/wp-json\/wp\/v2\/product\/22453\/revisions"}],"wp:featuredmedia":[{"embeddable":true,"href":"https:\/\/vapemaison.com\/pl\/wp-json\/wp\/v2\/media\/22463"}],"wp:attachment":[{"href":"https:\/\/vapemaison.com\/pl\/wp-json\/wp\/v2\/media?parent=22453"}],"wp:term":[{"taxonomy":"product_brand","embeddable":true,"href":"https:\/\/vapemaison.com\/pl\/wp-json\/wp\/v2\/product_brand?post=22453"},{"taxonomy":"product_cat","embeddable":true,"href":"https:\/\/vapemaison.com\/pl\/wp-json\/wp\/v2\/product_cat?post=22453"},{"taxonomy":"product_tag","embeddable":true,"href":"https:\/\/vapemaison.com\/pl\/wp-json\/wp\/v2\/product_tag?post=22453"}],"curies":[{"name":"wp","href":"https:\/\/api.w.org\/{rel}","templated":true}]}}