

{"id":22514,"date":"2025-12-30T05:40:30","date_gmt":"2025-12-30T05:40:30","guid":{"rendered":"https:\/\/vapemaison.com\/?post_type=product&#038;p=22514"},"modified":"2026-02-27T09:42:04","modified_gmt":"2026-02-27T09:42:04","slug":"fumot-eco-2-in-1-50k-puffs-prefilled-pod-kit-black-ice-grape-ice-24ml","status":"publish","type":"product","link":"https:\/\/vapemaison.com\/pl\/product\/fumot-eco-2-in-1-50k-puffs-prefilled-pod-kit-black-ice-grape-ice-24ml\/","title":{"rendered":"Fumot Eco 2-w-1 50K Puffs Prefilled Pod Kit - Black Ice &amp; Grape Ice (24 ml)"},"content":{"rendered":"<p>Wystarczy jedno klikni\u0119cie, aby prze\u0142\u0105czy\u0107 si\u0119 mi\u0119dzy odwa\u017cn\u0105 ciemno\u015bci\u0105 a s\u0142odycz\u0105 winnicy. Zestaw Fumot 50K 2 w 1 jest przeznaczony dla mi\u0142o\u015bnik\u00f3w g\u0142\u0119bokich profili owocowych i lodowatych finisz\u00f3w.<\/p>\n\n\n\n<ul class=\"wp-block-list\">\n<li><strong>Black Ice:<\/strong> Wyrafinowana mieszanka ciemnych je\u017cyn i cierpkich czarnych porzeczek, zwie\u0144czona grub\u0105 warstw\u0105 kruszonego lodu. Jest odwa\u017cny, o\u017cywczy i doskonale zbalansowany.<\/li>\n\n\n\n<li><strong>Grape Ice:<\/strong> Poczuj eksplozj\u0119 dojrza\u0142ych w s\u0142o\u0144cu fioletowych winogron. Ten smak zapewnia cukierkow\u0105 s\u0142odycz w po\u0142\u0105czeniu z rze\u015bkim, ch\u0142odz\u0105cym mentolowym wydechem, kt\u00f3ry pi\u0119knie si\u0119 utrzymuje.<\/li>\n<\/ul>\n\n\n\n<h3 class=\"wp-block-heading\"><strong>Specyfikacja rdzenia<\/strong><\/h3>\n\n\n\n<figure class=\"wp-block-table is-style-stripes\"><table class=\"has-fixed-layout\"><thead><tr><td><strong>Cecha<\/strong><\/td><td><strong>Szczeg\u00f3\u0142y<\/strong><\/td><\/tr><\/thead><tbody><tr><td><strong>Maximum Puffs<\/strong><\/td><td>Do 50 000 zaci\u0105gni\u0119\u0107<\/td><\/tr><tr><td><strong>System aromat\u00f3w<\/strong><\/td><td>Podw\u00f3jny prze\u0142\u0105cznik smaku 2 w 1<\/td><\/tr><tr><td><strong>Pojemno\u015b\u0107 akumulatora<\/strong><\/td><td>Akumulator 950 mAh (typ C)<\/td><\/tr><tr><td><strong>Si\u0142a nikotyny<\/strong><\/td><td>2% (20mg) S\u00f3l nikotynowa<\/td><\/tr><tr><td><strong>Ca\u0142kowity E-liquid<\/strong><\/td><td>24 ml (2x 2 ml kapsu\u0142ki + 2x 10 ml pojemniki uzupe\u0142niaj\u0105ce)<\/td><\/tr><tr><td><strong>Wy\u015bwietlacz<\/strong><\/td><td>Inteligentny ekran cyfrowy LED<\/td><\/tr><tr><td><strong>Technologia cewek<\/strong><\/td><td>Cewka z podw\u00f3jn\u0105 siatk\u0105 dla maksymalnego aromatu<\/td><\/tr><tr><td><strong>Standard<\/strong><\/td><td>Zgodny z TPD \/ w pe\u0142ni legalny<\/td><\/tr><\/tbody><\/table><\/figure>\n\n\n\n<h3 class=\"wp-block-heading\"><strong>Najwa\u017cniejsze cechy produktu<\/strong><\/h3>\n\n\n\n<ul class=\"wp-block-list\">\n<li><strong>Bezkonkurencyjna liczba 50 000 zaci\u0105gni\u0119\u0107:<\/strong> Zaprojektowany z my\u015bl\u0105 o ekstremalnej trwa\u0142o\u015bci, Fumot Eco 50K \u0142\u0105czy modu\u0142owy system nape\u0142niania z wysokowydajnym zarz\u0105dzaniem bateri\u0105, aby zapewni\u0107 d\u0142u\u017csz\u0105 waporyzacj\u0119 ni\u017c jakakolwiek standardowa jednoraz\u00f3wka.<\/li>\n\n\n\n<li><strong>Natychmiastowa zmiana smaku:<\/strong> Zm\u0119czony tym samym smakiem? Innowacyjny system 2 w 1 umo\u017cliwia natychmiastowe prze\u0142\u0105czanie mi\u0119dzy Black Ice i Grape Ice, zapobiegaj\u0105c \u201cj\u0119zykowi wapera\u201d i utrzymuj\u0105c \u015bwie\u017co\u015b\u0107 podniebienia.<\/li>\n\n\n\n<li><strong>Inteligentne monitorowanie LED:<\/strong> Zintegrowany ekran o wysokiej rozdzielczo\u015bci zapewnia aktualizacje w czasie rzeczywistym na temat procentowego stanu baterii i poziomu e-liquidu, zapewniaj\u0105c, \u017ce zawsze jeste\u015b przygotowany.<\/li>\n\n\n\n<li><strong>Podw\u00f3jna cewka siatkowa Wydajno\u015b\u0107:<\/strong> Do\u015bwiadcz doskona\u0142ej produkcji pary. Podw\u00f3jne cewki siatkowe r\u00f3wnomiernie podgrzewaj\u0105 e-liquid, zapewniaj\u0105c bogaty, intensywny smak i g\u0142adkie chmury od pierwszego do 50 000 zaci\u0105gni\u0119cia.<\/li>\n\n\n\n<li><strong>Przyjazny dla \u015brodowiska i ekonomiczny:<\/strong> Dzi\u0119ki \u0142adowalnej bazie 950 mAh i systemowi modu\u0142owemu o du\u017cej pojemno\u015bci 24 ml, zestaw ten zmniejsza ilo\u015b\u0107 odpad\u00f3w \u015brodowiskowych, oferuj\u0105c jednocze\u015bnie znacznie lepszy stosunek jako\u015bci do ceny ni\u017c urz\u0105dzenia jednorazowego u\u017cytku.<\/li>\n<\/ul>\n\n\n\n<p>Wci\u0105\u017c badasz swoje mo\u017cliwo\u015bci? Mo\u017cesz dowiedzie\u0107 si\u0119 wi\u0119cej z naszego\u00a0<strong><a href=\"https:\/\/vapemaison.com\/brand\/fumot\/\">Kolekcja Fumot Vape<\/a><\/strong>, lub przegl\u0105da\u0107 inne\u00a0<strong><a href=\"https:\/\/vapemaison.com\/product-category\/puffs-count\/50k-puffs\/\">urz\u0105dzenia vape puff 50k<\/a><\/strong>\u00a0oraz\u00a0<strong><a href=\"https:\/\/vapemaison.com\/product-category\/puffs-count\/300k-puffs\/\">Jednorazowe akumulatory o wysokiej wydajno\u015bci<\/a><\/strong>\u00a0zaprojektowane z my\u015bl\u0105 o d\u0142ugotrwa\u0142ej wydajno\u015bci. Je\u015bli interesuj\u0105 Ci\u0119 s\u0142odkie profile, sprawd\u017a nasze waporyzatory o smaku cukierk\u00f3w i inspirowane napojami, aby uzyska\u0107 podobne odwa\u017cne doznania smakowe. Oferujemy r\u00f3wnie\u017c najlepsze urz\u0105dzenia od\u00a0<strong><a href=\"https:\/\/vapemaison.com\/brand\/elfbar\/\">Elf Bar<\/a><\/strong>,\u00a0<strong><a href=\"https:\/\/vapemaison.com\/brand\/humo-azul\/\">Humo Azul<\/a><\/strong>, oraz\u00a0<strong><a href=\"https:\/\/vapemaison.com\/brand\/airmez\/\">Airmez<\/a><\/strong>, zapewniaj\u0105c wi\u0119cej styl\u00f3w przep\u0142ywu powietrza, poziom\u00f3w s\u0142odyczy i g\u0119sto\u015bci pary do wyboru - dzi\u0119ki czemu mo\u017cna znale\u017a\u0107 konfiguracj\u0119, kt\u00f3ra pasuje do ca\u0142odziennych preferencji waporyzacji.<\/p>\n\n\n\n<h3 class=\"wp-block-heading\"><strong>Co znajduje si\u0119 w pude\u0142ku?<\/strong><\/h3>\n\n\n\n<ul class=\"wp-block-list\">\n<li>1 x urz\u0105dzenie 2 w 1 Fumot Eco (950 mAh)<\/li>\n\n\n\n<li>2 x fabrycznie nape\u0142nione kapsu\u0142ki (Black Ice i Grape Ice - 2 ml)<\/li>\n\n\n\n<li>2 x pojemniki uzupe\u0142niaj\u0105ce e-liquid (10 ml ka\u017cdy)<\/li>\n\n\n\n<li>1 x instrukcja obs\u0142ugi<\/li>\n<\/ul>","protected":false},"excerpt":{"rendered":"<p>Switch between bold darkness and vineyard sweetness with a simple click. Fumot 50K 2-in-1 pod set is designed for lovers of deep fruit profiles and icy finishes. Core Specifications Feature Details Maximum Puffs Up to 50,000 Puffs Flavor System 2-in-1 Dual Flavor Toggle Battery Capacity 950mAh Rechargeable (Type-C) Nicotine Strength 2% (20mg) Nicotine Salt Total [&hellip;]<\/p>\n","protected":false},"featured_media":22568,"comment_status":"open","ping_status":"closed","template":"","meta":[],"product_brand":[58],"product_cat":[136,294],"product_tag":[],"class_list":{"0":"post-22514","1":"product","2":"type-product","3":"status-publish","4":"has-post-thumbnail","6":"product_brand-fumot","7":"product_cat-50k-puffs","8":"product_cat-no-nicotine-vape","10":"first","11":"instock","12":"sale","13":"shipping-taxable","14":"purchasable","15":"product-type-variable"},"yoast_head":"<!-- This site is optimized with the Yoast SEO plugin v27.4 - https:\/\/yoast.com\/product\/yoast-seo-wordpress\/ -->\n<title>Fumot 50K Puffs Kit - Black Ice &amp; Grape Ice | Dual Flavor 2-in-1<\/title>\n<meta name=\"description\" content=\"Get 50,000 puffs with the Fumot Eco 2-in-1. Featuring Black Ice &amp; Grape Ice dual flavors, a 950mAh rechargeable battery, and a smart LED screen. Shop now!\" \/>\n<meta name=\"robots\" content=\"index, follow, max-snippet:-1, max-image-preview:large, max-video-preview:-1\" \/>\n<link rel=\"canonical\" href=\"https:\/\/vapemaison.com\/pl\/produkt\/fumot-eco-2-in-1-50k-puffs-prefilled-pod-kit-black-ice-grape-ice-24ml\/\" \/>\n<meta property=\"og:locale\" content=\"pl_PL\" \/>\n<meta property=\"og:type\" content=\"article\" \/>\n<meta property=\"og:title\" content=\"Fumot 50K Puffs Kit - Black Ice &amp; Grape Ice | Dual Flavor 2-in-1\" \/>\n<meta property=\"og:description\" content=\"Get 50,000 puffs with the Fumot Eco 2-in-1. Featuring Black Ice &amp; Grape Ice dual flavors, a 950mAh rechargeable battery, and a smart LED screen. Shop now!\" \/>\n<meta property=\"og:url\" content=\"https:\/\/vapemaison.com\/pl\/produkt\/fumot-eco-2-in-1-50k-puffs-prefilled-pod-kit-black-ice-grape-ice-24ml\/\" \/>\n<meta property=\"og:site_name\" content=\"VapeMaison\" \/>\n<meta property=\"article:modified_time\" content=\"2026-02-27T09:42:04+00:00\" \/>\n<meta property=\"og:image\" content=\"https:\/\/vapemaison.com\/wp-content\/uploads\/2025\/12\/fumot-50000-puffs-vape-flavor-black-ice-grape-ice-3.jpg\" \/>\n\t<meta property=\"og:image:width\" content=\"2000\" \/>\n\t<meta property=\"og:image:height\" content=\"2000\" \/>\n\t<meta property=\"og:image:type\" content=\"image\/jpeg\" \/>\n<meta name=\"twitter:card\" content=\"summary_large_image\" \/>\n<meta name=\"twitter:label1\" content=\"Szacowany czas czytania\" \/>\n\t<meta name=\"twitter:data1\" content=\"2 minuty\" \/>\n<!-- \/ Yoast SEO plugin. -->","yoast_head_json":{"title":"Zestaw Fumot 50K Puffs - Black Ice &amp; Grape Ice | Podw\u00f3jny smak 2 w 1","description":"Uzyskaj 50 000 zaci\u0105gni\u0119\u0107 dzi\u0119ki Fumot Eco 2-w-1. Wyposa\u017cony w podw\u00f3jne smaki Black Ice i Grape Ice, akumulator 950 mAh i inteligentny ekran LED. Kup teraz!","robots":{"index":"index","follow":"follow","max-snippet":"max-snippet:-1","max-image-preview":"max-image-preview:large","max-video-preview":"max-video-preview:-1"},"canonical":"https:\/\/vapemaison.com\/pl\/produkt\/fumot-eco-2-in-1-50k-puffs-prefilled-pod-kit-black-ice-grape-ice-24ml\/","og_locale":"pl_PL","og_type":"article","og_title":"Fumot 50K Puffs Kit - Black Ice & Grape Ice | Dual Flavor 2-in-1","og_description":"Get 50,000 puffs with the Fumot Eco 2-in-1. Featuring Black Ice & Grape Ice dual flavors, a 950mAh rechargeable battery, and a smart LED screen. Shop now!","og_url":"https:\/\/vapemaison.com\/pl\/produkt\/fumot-eco-2-in-1-50k-puffs-prefilled-pod-kit-black-ice-grape-ice-24ml\/","og_site_name":"VapeMaison","article_modified_time":"2026-02-27T09:42:04+00:00","og_image":[{"width":2000,"height":2000,"url":"https:\/\/vapemaison.com\/wp-content\/uploads\/2025\/12\/fumot-50000-puffs-vape-flavor-black-ice-grape-ice-3.jpg","type":"image\/jpeg"}],"twitter_card":"summary_large_image","twitter_misc":{"Szacowany czas czytania":"2 minuty"},"schema":{"@context":"https:\/\/schema.org","@graph":[{"@type":"WebPage","@id":"https:\/\/vapemaison.com\/product\/fumot-eco-2-in-1-50k-puffs-prefilled-pod-kit-black-ice-grape-ice-24ml\/","url":"https:\/\/vapemaison.com\/product\/fumot-eco-2-in-1-50k-puffs-prefilled-pod-kit-black-ice-grape-ice-24ml\/","name":"Zestaw Fumot 50K Puffs - Black Ice &amp; Grape Ice | Podw\u00f3jny smak 2 w 1","isPartOf":{"@id":"https:\/\/vapemaison.com\/#website"},"primaryImageOfPage":{"@id":"https:\/\/vapemaison.com\/product\/fumot-eco-2-in-1-50k-puffs-prefilled-pod-kit-black-ice-grape-ice-24ml\/#primaryimage"},"image":{"@id":"https:\/\/vapemaison.com\/product\/fumot-eco-2-in-1-50k-puffs-prefilled-pod-kit-black-ice-grape-ice-24ml\/#primaryimage"},"thumbnailUrl":"https:\/\/vapemaison.com\/wp-content\/uploads\/2025\/12\/fumot-50000-puffs-vape-flavor-black-ice-grape-ice-3.jpg","datePublished":"2025-12-30T05:40:30+00:00","dateModified":"2026-02-27T09:42:04+00:00","description":"Uzyskaj 50 000 zaci\u0105gni\u0119\u0107 dzi\u0119ki Fumot Eco 2-w-1. Wyposa\u017cony w podw\u00f3jne smaki Black Ice i Grape Ice, akumulator 950 mAh i inteligentny ekran LED. Kup teraz!","breadcrumb":{"@id":"https:\/\/vapemaison.com\/product\/fumot-eco-2-in-1-50k-puffs-prefilled-pod-kit-black-ice-grape-ice-24ml\/#breadcrumb"},"inLanguage":"pl-PL","potentialAction":[{"@type":"ReadAction","target":["https:\/\/vapemaison.com\/product\/fumot-eco-2-in-1-50k-puffs-prefilled-pod-kit-black-ice-grape-ice-24ml\/"]}]},{"@type":"ImageObject","inLanguage":"pl-PL","@id":"https:\/\/vapemaison.com\/product\/fumot-eco-2-in-1-50k-puffs-prefilled-pod-kit-black-ice-grape-ice-24ml\/#primaryimage","url":"https:\/\/vapemaison.com\/wp-content\/uploads\/2025\/12\/fumot-50000-puffs-vape-flavor-black-ice-grape-ice-3.jpg","contentUrl":"https:\/\/vapemaison.com\/wp-content\/uploads\/2025\/12\/fumot-50000-puffs-vape-flavor-black-ice-grape-ice-3.jpg","width":2000,"height":2000,"caption":"fumot-50000-puffs-vape-flavor-black-ice-grape-ice-3"},{"@type":"BreadcrumbList","@id":"https:\/\/vapemaison.com\/product\/fumot-eco-2-in-1-50k-puffs-prefilled-pod-kit-black-ice-grape-ice-24ml\/#breadcrumb","itemListElement":[{"@type":"ListItem","position":1,"name":"\u9996\u9875","item":"https:\/\/vapemaison.com\/"},{"@type":"ListItem","position":2,"name":"Shop","item":"https:\/\/vapemaison.com\/shop\/"},{"@type":"ListItem","position":3,"name":"Fumot","item":"https:\/\/vapemaison.com\/brand\/fumot\/"},{"@type":"ListItem","position":4,"name":"Fumot Eco 2-in-1 50K Puffs Prefilled Pod Kit \u2013 Black Ice &amp; Grape Ice (24ml)"}]},{"@type":"WebSite","@id":"https:\/\/vapemaison.com\/#website","url":"https:\/\/vapemaison.com\/","name":"VapeMaison","description":"Wysokiej jako\u015bci urz\u0105dzenia i akcesoria do waporyzacji","publisher":{"@id":"https:\/\/vapemaison.com\/#organization"},"potentialAction":[{"@type":"SearchAction","target":{"@type":"EntryPoint","urlTemplate":"https:\/\/vapemaison.com\/?s={search_term_string}"},"query-input":{"@type":"PropertyValueSpecification","valueRequired":true,"valueName":"search_term_string"}}],"inLanguage":"pl-PL"},{"@type":"Organization","@id":"https:\/\/vapemaison.com\/#organization","name":"VapeMaison","url":"https:\/\/vapemaison.com\/","logo":{"@type":"ImageObject","inLanguage":"pl-PL","@id":"https:\/\/vapemaison.com\/#\/schema\/logo\/image\/","url":"https:\/\/vapemaison.com\/wp-content\/uploads\/2026\/01\/cropped-vapemaison-logo-g-2026.webp","contentUrl":"https:\/\/vapemaison.com\/wp-content\/uploads\/2026\/01\/cropped-vapemaison-logo-g-2026.webp","width":350,"height":280,"caption":"VapeMaison"},"image":{"@id":"https:\/\/vapemaison.com\/#\/schema\/logo\/image\/"},"sameAs":["https:\/\/www.youtube.com\/@VapeMaison"]}]}},"tiered_pricing_type":"fixed","tiered_pricing_fixed_rules":{"30":"14.72","50":"13.35","100":"12.88","200":"12.34"},"tiered_pricing_product_settings":{"layout":"default","base_unit_name":{"singular":null,"plural":null},"default_variation":null},"tiered_pricing_minimum_quantity":10,"tiered_pricing_roles_data":[],"tiered_pricing_percentage_rules":[],"tiered_pricing_maximum_quantity":null,"tiered_pricing_quantity_step":"10","_links":{"self":[{"href":"https:\/\/vapemaison.com\/pl\/wp-json\/wp\/v2\/product\/22514","targetHints":{"allow":["GET"]}}],"collection":[{"href":"https:\/\/vapemaison.com\/pl\/wp-json\/wp\/v2\/product"}],"about":[{"href":"https:\/\/vapemaison.com\/pl\/wp-json\/wp\/v2\/types\/product"}],"replies":[{"embeddable":true,"href":"https:\/\/vapemaison.com\/pl\/wp-json\/wp\/v2\/comments?post=22514"}],"version-history":[{"count":4,"href":"https:\/\/vapemaison.com\/pl\/wp-json\/wp\/v2\/product\/22514\/revisions"}],"predecessor-version":[{"id":26502,"href":"https:\/\/vapemaison.com\/pl\/wp-json\/wp\/v2\/product\/22514\/revisions\/26502"}],"wp:featuredmedia":[{"embeddable":true,"href":"https:\/\/vapemaison.com\/pl\/wp-json\/wp\/v2\/media\/22568"}],"wp:attachment":[{"href":"https:\/\/vapemaison.com\/pl\/wp-json\/wp\/v2\/media?parent=22514"}],"wp:term":[{"taxonomy":"product_brand","embeddable":true,"href":"https:\/\/vapemaison.com\/pl\/wp-json\/wp\/v2\/product_brand?post=22514"},{"taxonomy":"product_cat","embeddable":true,"href":"https:\/\/vapemaison.com\/pl\/wp-json\/wp\/v2\/product_cat?post=22514"},{"taxonomy":"product_tag","embeddable":true,"href":"https:\/\/vapemaison.com\/pl\/wp-json\/wp\/v2\/product_tag?post=22514"}],"curies":[{"name":"wp","href":"https:\/\/api.w.org\/{rel}","templated":true}]}}