

{"id":22779,"date":"2025-12-31T03:28:15","date_gmt":"2025-12-31T03:28:15","guid":{"rendered":"https:\/\/vapemaison.com\/?post_type=product&#038;p=22779"},"modified":"2026-03-19T06:53:35","modified_gmt":"2026-03-19T06:53:35","slug":"bang-blaze-140k-puffs-3-w-1-jednorazowy-vape","status":"publish","type":"product","link":"https:\/\/vapemaison.com\/pl\/product\/bang-blaze-140k-puffs-3-in-1-disposable-vape\/","title":{"rendered":"Bang Blaze 140K Puffs - jednorazowy vape 3 w 1"},"content":{"rendered":"<p>Zbudowany z my\u015bl\u0105 o zwi\u0119kszonej wydajno\u015bci i r\u00f3\u017cnorodno\u015bci smak\u00f3w <strong>Bang Blaze 140K<\/strong> na nowo definiuje to, co mo\u017ce zapewni\u0107 jednorazowy waporyzator o du\u017cej pojemno\u015bci. Dzi\u0119ki niezwyk\u0142ej <strong>\u017bywotno\u015b\u0107 140 000 puff<\/strong> oraz <strong>Obrotowy system smakowy 3 w 1<\/strong>, To urz\u0105dzenie zosta\u0142o zaprojektowane w celu wyeliminowania zm\u0119czenia smakiem przy jednoczesnym zachowaniu sta\u0142ej jako\u015bci pary od pocz\u0105tku do ko\u0144ca.<\/p>\n\n\n\n<p>Zasilany przez zaawansowany <strong>Podw\u00f3jna cewka siatkowa<\/strong>, Bang Blaze zapewnia p\u0142ynniejsze zaci\u0105ganie, bogatszy smak i g\u0119ste, satysfakcjonuj\u0105ce chmury. A <strong>Akumulator o du\u017cej pojemno\u015bci<\/strong> z <strong>Szybkie \u0142adowanie typu C<\/strong> Gwarantuje to, \u017ce urz\u0105dzenie wytrzyma d\u0142ugotrwa\u0142e u\u017cytkowanie, dzi\u0119ki czemu jest niezawodnym wyborem dla u\u017cytkownik\u00f3w, kt\u00f3rzy chc\u0105 wytrzyma\u0142o\u015bci bez kompromis\u00f3w.<\/p>\n\n\n\n<p>Niezale\u017cnie od tego, czy wolisz zero nikotyny, czy mocniejsze uderzenie, Bang Blaze oferuje wiele mocy nikotyny, aby dopasowa\u0107 si\u0119 do twoich preferencji - a wszystko to w eleganckiej, automatycznej konstrukcji, gotowej do podr\u00f3\u017cy.<\/p>\n\n\n\n<h2 class=\"wp-block-heading\">Kluczowe cechy i specyfikacja<\/h2>\n\n\n\n<figure class=\"wp-block-table is-style-stripes\"><table class=\"has-fixed-layout\"><thead><tr><th>Cecha<\/th><th>Specyfikacja<\/th><\/tr><\/thead><tbody><tr><td>Pojemno\u015b\u0107 dmuchawy<\/td><td>Do <strong>140,000 Puffs<\/strong><\/td><\/tr><tr><td>System aromat\u00f3w<\/td><td><strong>Obrotowy smak 3 w 1<\/strong><\/td><\/tr><tr><td>Mocne strony nikotyny<\/td><td>0% \/ 2% \/ 3% \/ 5%<\/td><\/tr><tr><td>Technologia cewek<\/td><td><strong>Cewka z podw\u00f3jn\u0105 siatk\u0105<\/strong><\/td><\/tr><tr><td>Pojemno\u015b\u0107 akumulatora<\/td><td><strong>Akumulator 850 mAh<\/strong><\/td><\/tr><tr><td>\u0141adowanie<\/td><td><strong>Szybkie \u0142adowanie typu C<\/strong><\/td><\/tr><tr><td>Aktywacja<\/td><td>Czujnik automatycznego losowania<\/td><\/tr><tr><td>Wy\u015bwietlacz<\/td><td>Wska\u017anik LED baterii i dmuchania<\/td><\/tr><tr><td>Do\u015bwiadczenie<\/td><td>P\u0142ynny przep\u0142yw powietrza, g\u0119sta para, sp\u00f3jny smak<\/td><\/tr><\/tbody><\/table><\/figure>\n\n\n\n<h2 class=\"wp-block-heading\">Dlaczego warto wybra\u0107 Bang Blaze 140K?<\/h2>\n\n\n\n<ul class=\"wp-block-list\">\n<li><strong>Trzy smaki w jednym urz\u0105dzeniu<\/strong> - Natychmiastowe prze\u0142\u0105czanie bez mieszania smak\u00f3w<\/li>\n\n\n\n<li><strong>Technologia podw\u00f3jnej cewki siatkowej<\/strong> zwi\u0119kszona klarowno\u015b\u0107 smaku i g\u0119sto\u015b\u0107 chmur<\/li>\n\n\n\n<li><strong>Bardzo du\u017ca liczba zaci\u0105gni\u0119\u0107<\/strong> zmniejsza cz\u0119stotliwo\u015b\u0107 wymiany<\/li>\n\n\n\n<li><strong>Konstrukcja z mo\u017cliwo\u015bci\u0105 \u0142adowania<\/strong> dla maksymalnej warto\u015bci i zr\u00f3wnowa\u017conego rozwoju<\/li>\n\n\n\n<li><strong>Inteligentny wy\u015bwietlacz LED<\/strong> informuje u\u017cytkownika o \u017cywotno\u015bci i zu\u017cyciu baterii<\/li>\n<\/ul>\n\n\n\n<h2 class=\"wp-block-heading\">Dost\u0119pne kombinacje smak\u00f3w<\/h2>\n\n\n\n<ol class=\"wp-block-list\">\n<li>Watermelon Ice \/ Strawberry Lychee \/ Gummy Bears<\/li>\n\n\n\n<li>L\u00f3d brzoskwiniowy \/ Arbuz jagodowy \/ L\u00f3d truskawkowo-cytrynowy<\/li>\n\n\n\n<li>L\u00f3d winogronowy \/ Truskawka z mango \/ Mieszane jagody<\/li>\n\n\n\n<li>Blueberry Ice \/ Peach Mango Watermelon \/ Love 66<\/li>\n\n\n\n<li>Blueberry Raspberry \/ Kiwi Passion Fruit Guava \/ Pineapple Coconut<\/li>\n\n\n\n<li>Arbuz truskawkowy \/ Brzoskwinia jagodowa \/ Ananas lodowy z czarn\u0105 porzeczk\u0105<\/li>\n\n\n\n<li>Truskawka Kiwi \/ Arbuz Bubblegum \/ Jagoda Wi\u015bnia<\/li>\n\n\n\n<li>Black Dragon Ice \/ Strawberry Mamba \/ Raspberry Grape<\/li>\n\n\n\n<li>Mango Brzoskwinia \/ Jagoda Red Bull \/ Jab\u0142ko Winogrono<\/li>\n\n\n\n<li>Triple Mango \/ Raspberry Lemon \/ Blueberry Grape<\/li>\n\n\n\n<li>Cytryna Limonka \/ Aloes Mango Melon \/ Arbuz Smoczy owoc<\/li>\n\n\n\n<li>Lody bananowe \/ lody truskawkowe \/ arbuz jagodowy<\/li>\n<\/ol>","protected":false},"excerpt":{"rendered":"<p><strong data-start=\"1198\" data-end=\"1251\">Koniec ze zm\u0119czeniem smakiem. \u017badnych ci\u0105g\u0142ych wymian.<\/strong><br data-start=\"1251\" data-end=\"1254\" \/>Kombajny Bang Blaze 140K <strong data-start=\"1279\" data-end=\"1296\">trzy smaki<\/strong>, <strong data-start=\"1298\" data-end=\"1323\">Wydajno\u015b\u0107 podw\u00f3jnej siatki<\/strong>, oraz <strong data-start=\"1329\" data-end=\"1354\">Ogromna pojemno\u015b\u0107 puff<\/strong> w jednym jednorazowym akumulatorze - zaprojektowane z my\u015bl\u0105 o maksymalnej warto\u015bci i satysfakcji.<\/p>","protected":false},"featured_media":22852,"comment_status":"open","ping_status":"closed","template":"","meta":[],"product_brand":[57],"product_cat":[142,16],"product_tag":[],"class_list":{"0":"post-22779","1":"product","2":"type-product","3":"status-publish","4":"has-post-thumbnail","6":"product_brand-bang","7":"product_cat-eu-stock","8":"product_cat-uncategorized","10":"first","11":"instock","12":"sale","13":"featured","14":"shipping-taxable","15":"purchasable","16":"product-type-variable"},"yoast_head":"<!-- This site is optimized with the Yoast SEO plugin v27.4 - https:\/\/yoast.com\/product\/yoast-seo-wordpress\/ -->\n<title>Bang Blaze 140K Puffs 3-in-1 Disposable Vape | Dual Mesh Coil<\/title>\n<meta name=\"description\" content=\"Bang Blaze 140K disposable vape with 3-in-1 rotating flavors, dual mesh coil, rechargeable battery, and up to 140,000 puffs. Long-lasting, smooth, and powerful.\" \/>\n<meta name=\"robots\" content=\"index, follow, max-snippet:-1, max-image-preview:large, max-video-preview:-1\" \/>\n<link rel=\"canonical\" href=\"https:\/\/vapemaison.com\/pl\/produkt\/bang-blaze-140k-puffs-3-w-1-jednorazowy-vape\/\" \/>\n<meta property=\"og:locale\" content=\"pl_PL\" \/>\n<meta property=\"og:type\" content=\"article\" \/>\n<meta property=\"og:title\" content=\"Bang Blaze 140K Puffs 3-in-1 Disposable Vape | Dual Mesh Coil\" \/>\n<meta property=\"og:description\" content=\"Bang Blaze 140K disposable vape with 3-in-1 rotating flavors, dual mesh coil, rechargeable battery, and up to 140,000 puffs. Long-lasting, smooth, and powerful.\" \/>\n<meta property=\"og:url\" content=\"https:\/\/vapemaison.com\/pl\/produkt\/bang-blaze-140k-puffs-3-w-1-jednorazowy-vape\/\" \/>\n<meta property=\"og:site_name\" content=\"VapeMaison\" \/>\n<meta property=\"article:modified_time\" content=\"2026-03-19T06:53:35+00:00\" \/>\n<meta property=\"og:image\" content=\"https:\/\/vapemaison.com\/wp-content\/uploads\/2025\/12\/bang-blaze-140k-puffs-flavor-teiple-mango-raspberry-lemon-blueberry-grape.png\" \/>\n\t<meta property=\"og:image:width\" content=\"2363\" \/>\n\t<meta property=\"og:image:height\" content=\"2363\" \/>\n\t<meta property=\"og:image:type\" content=\"image\/png\" \/>\n<meta name=\"twitter:card\" content=\"summary_large_image\" \/>\n<meta name=\"twitter:label1\" content=\"Szacowany czas czytania\" \/>\n\t<meta name=\"twitter:data1\" content=\"2 minuty\" \/>\n<!-- \/ Yoast SEO plugin. -->","yoast_head_json":{"title":"Bang Blaze 140K Puffs 3-w-1 Jednorazowy Vape | Cewka z podw\u00f3jn\u0105 siatk\u0105","description":"Jednorazowy vape Bang Blaze 140K z obrotowymi smakami 3 w 1, podw\u00f3jn\u0105 cewk\u0105 siatkow\u0105, akumulatorem i do 140 000 zaci\u0105gni\u0119\u0107. D\u0142ugotrwa\u0142y, g\u0142adki i mocny.","robots":{"index":"index","follow":"follow","max-snippet":"max-snippet:-1","max-image-preview":"max-image-preview:large","max-video-preview":"max-video-preview:-1"},"canonical":"https:\/\/vapemaison.com\/pl\/produkt\/bang-blaze-140k-puffs-3-w-1-jednorazowy-vape\/","og_locale":"pl_PL","og_type":"article","og_title":"Bang Blaze 140K Puffs 3-in-1 Disposable Vape | Dual Mesh Coil","og_description":"Bang Blaze 140K disposable vape with 3-in-1 rotating flavors, dual mesh coil, rechargeable battery, and up to 140,000 puffs. Long-lasting, smooth, and powerful.","og_url":"https:\/\/vapemaison.com\/pl\/produkt\/bang-blaze-140k-puffs-3-w-1-jednorazowy-vape\/","og_site_name":"VapeMaison","article_modified_time":"2026-03-19T06:53:35+00:00","og_image":[{"width":2363,"height":2363,"url":"https:\/\/vapemaison.com\/wp-content\/uploads\/2025\/12\/bang-blaze-140k-puffs-flavor-teiple-mango-raspberry-lemon-blueberry-grape.png","type":"image\/png"}],"twitter_card":"summary_large_image","twitter_misc":{"Szacowany czas czytania":"2 minuty"},"schema":{"@context":"https:\/\/schema.org","@graph":[{"@type":"WebPage","@id":"https:\/\/vapemaison.com\/product\/bang-blaze-140k-puffs-3-in-1-disposable-vape\/","url":"https:\/\/vapemaison.com\/product\/bang-blaze-140k-puffs-3-in-1-disposable-vape\/","name":"Bang Blaze 140K Puffs 3-w-1 Jednorazowy Vape | Cewka z podw\u00f3jn\u0105 siatk\u0105","isPartOf":{"@id":"https:\/\/vapemaison.com\/#website"},"primaryImageOfPage":{"@id":"https:\/\/vapemaison.com\/product\/bang-blaze-140k-puffs-3-in-1-disposable-vape\/#primaryimage"},"image":{"@id":"https:\/\/vapemaison.com\/product\/bang-blaze-140k-puffs-3-in-1-disposable-vape\/#primaryimage"},"thumbnailUrl":"https:\/\/vapemaison.com\/wp-content\/uploads\/2025\/12\/bang-blaze-140k-puffs-flavor-teiple-mango-raspberry-lemon-blueberry-grape.png","datePublished":"2025-12-31T03:28:15+00:00","dateModified":"2026-03-19T06:53:35+00:00","description":"Jednorazowy vape Bang Blaze 140K z obrotowymi smakami 3 w 1, podw\u00f3jn\u0105 cewk\u0105 siatkow\u0105, akumulatorem i do 140 000 zaci\u0105gni\u0119\u0107. D\u0142ugotrwa\u0142y, g\u0142adki i mocny.","breadcrumb":{"@id":"https:\/\/vapemaison.com\/product\/bang-blaze-140k-puffs-3-in-1-disposable-vape\/#breadcrumb"},"inLanguage":"pl-PL","potentialAction":[{"@type":"ReadAction","target":["https:\/\/vapemaison.com\/product\/bang-blaze-140k-puffs-3-in-1-disposable-vape\/"]}]},{"@type":"ImageObject","inLanguage":"pl-PL","@id":"https:\/\/vapemaison.com\/product\/bang-blaze-140k-puffs-3-in-1-disposable-vape\/#primaryimage","url":"https:\/\/vapemaison.com\/wp-content\/uploads\/2025\/12\/bang-blaze-140k-puffs-flavor-teiple-mango-raspberry-lemon-blueberry-grape.png","contentUrl":"https:\/\/vapemaison.com\/wp-content\/uploads\/2025\/12\/bang-blaze-140k-puffs-flavor-teiple-mango-raspberry-lemon-blueberry-grape.png","width":2363,"height":2363,"caption":"bang-blaze-140k-puffs-flavor-teiple-mango-raspberry-lemon-blueberry-grape"},{"@type":"BreadcrumbList","@id":"https:\/\/vapemaison.com\/product\/bang-blaze-140k-puffs-3-in-1-disposable-vape\/#breadcrumb","itemListElement":[{"@type":"ListItem","position":1,"name":"\u9996\u9875","item":"https:\/\/vapemaison.com\/"},{"@type":"ListItem","position":2,"name":"Shop","item":"https:\/\/vapemaison.com\/shop\/"},{"@type":"ListItem","position":3,"name":"Bang","item":"https:\/\/vapemaison.com\/brand\/bang\/"},{"@type":"ListItem","position":4,"name":"Bang Blaze 140K Puffs \u2013 3-in-1 Disposable Vape"}]},{"@type":"WebSite","@id":"https:\/\/vapemaison.com\/#website","url":"https:\/\/vapemaison.com\/","name":"VapeMaison","description":"Wysokiej jako\u015bci urz\u0105dzenia i akcesoria do waporyzacji","publisher":{"@id":"https:\/\/vapemaison.com\/#organization"},"potentialAction":[{"@type":"SearchAction","target":{"@type":"EntryPoint","urlTemplate":"https:\/\/vapemaison.com\/?s={search_term_string}"},"query-input":{"@type":"PropertyValueSpecification","valueRequired":true,"valueName":"search_term_string"}}],"inLanguage":"pl-PL"},{"@type":"Organization","@id":"https:\/\/vapemaison.com\/#organization","name":"VapeMaison","url":"https:\/\/vapemaison.com\/","logo":{"@type":"ImageObject","inLanguage":"pl-PL","@id":"https:\/\/vapemaison.com\/#\/schema\/logo\/image\/","url":"https:\/\/vapemaison.com\/wp-content\/uploads\/2026\/01\/cropped-vapemaison-logo-g-2026.webp","contentUrl":"https:\/\/vapemaison.com\/wp-content\/uploads\/2026\/01\/cropped-vapemaison-logo-g-2026.webp","width":350,"height":280,"caption":"VapeMaison"},"image":{"@id":"https:\/\/vapemaison.com\/#\/schema\/logo\/image\/"},"sameAs":["https:\/\/www.youtube.com\/@VapeMaison"]}]}},"tiered_pricing_type":"fixed","tiered_pricing_fixed_rules":{"30":"11.98","50":"11.36","100":"10.21","200":"9.55"},"tiered_pricing_product_settings":{"layout":"default","base_unit_name":{"singular":null,"plural":null},"default_variation":null},"tiered_pricing_minimum_quantity":10,"tiered_pricing_roles_data":[],"tiered_pricing_percentage_rules":[],"tiered_pricing_maximum_quantity":null,"tiered_pricing_quantity_step":"10","_links":{"self":[{"href":"https:\/\/vapemaison.com\/pl\/wp-json\/wp\/v2\/product\/22779","targetHints":{"allow":["GET"]}}],"collection":[{"href":"https:\/\/vapemaison.com\/pl\/wp-json\/wp\/v2\/product"}],"about":[{"href":"https:\/\/vapemaison.com\/pl\/wp-json\/wp\/v2\/types\/product"}],"replies":[{"embeddable":true,"href":"https:\/\/vapemaison.com\/pl\/wp-json\/wp\/v2\/comments?post=22779"}],"version-history":[{"count":3,"href":"https:\/\/vapemaison.com\/pl\/wp-json\/wp\/v2\/product\/22779\/revisions"}],"predecessor-version":[{"id":22854,"href":"https:\/\/vapemaison.com\/pl\/wp-json\/wp\/v2\/product\/22779\/revisions\/22854"}],"wp:featuredmedia":[{"embeddable":true,"href":"https:\/\/vapemaison.com\/pl\/wp-json\/wp\/v2\/media\/22852"}],"wp:attachment":[{"href":"https:\/\/vapemaison.com\/pl\/wp-json\/wp\/v2\/media?parent=22779"}],"wp:term":[{"taxonomy":"product_brand","embeddable":true,"href":"https:\/\/vapemaison.com\/pl\/wp-json\/wp\/v2\/product_brand?post=22779"},{"taxonomy":"product_cat","embeddable":true,"href":"https:\/\/vapemaison.com\/pl\/wp-json\/wp\/v2\/product_cat?post=22779"},{"taxonomy":"product_tag","embeddable":true,"href":"https:\/\/vapemaison.com\/pl\/wp-json\/wp\/v2\/product_tag?post=22779"}],"curies":[{"name":"wp","href":"https:\/\/api.w.org\/{rel}","templated":true}]}}