

{"id":25109,"date":"2026-01-06T07:43:59","date_gmt":"2026-01-06T07:43:59","guid":{"rendered":"https:\/\/vapemaison.com\/?post_type=product&#038;p=25109"},"modified":"2026-01-06T09:02:14","modified_gmt":"2026-01-06T09:02:14","slug":"jnr-alien-10000-puffow-jednorazowy-vape","status":"publish","type":"product","link":"https:\/\/vapemaison.com\/pl\/product\/jnr-alien-10000-puffs-disposable-vape\/","title":{"rendered":"JNR Alien 10000 Puffs Vape jednorazowego u\u017cytku"},"content":{"rendered":"<p>The <strong>JNR Alien 10000 Puffs Vape jednorazowego u\u017cytku<\/strong> to najwy\u017cszej jako\u015bci jednorazowe urz\u0105dzenie wielokrotnego \u0142adowania stworzone dla vaper\u00f3w, kt\u00f3rzy szukaj\u0105 <strong>d\u0142ugotrwa\u0142a wydajno\u015b\u0107, bogaty smak i codzienna wygoda<\/strong>. Wyprodukowany przez zaufan\u0105 firm\u0119 <strong>Marka JNR<\/strong>, oferuje do <strong>10 000 zaci\u0105gni\u0119\u0107<\/strong>, zapewniaj\u0105c zauwa\u017calnie d\u0142u\u017csze doznania z waporyzacji ni\u017c standardowe urz\u0105dzenia jednorazowe.<\/p>\n\n\n\n<p>Zasilany przez niezawodny <strong>Akumulator 850 mAh<\/strong> z <strong>Szybkie \u0142adowanie przez USB typu C<\/strong>, JNR Alien zapewnia stabiln\u0105 moc wyj\u015bciow\u0105 i sta\u0142\u0105 produkcj\u0119 pary od pierwszego do ostatniego zaci\u0105gni\u0119cia. Jego <strong>Technologia cewki siatkowej 1,2\u03a9<\/strong> zapewnia r\u00f3wnomierne podgrzewanie, zwi\u0119kszon\u0105 wyrazisto\u015b\u0107 smaku, p\u0142ynne zaci\u0105ganie i g\u0119ste chmury pary.<\/p>\n\n\n\n<p>Wst\u0119pnie wype\u0142nione <strong>20 ml e-liquidu<\/strong>, JNR Alien 10K eliminuje potrzeb\u0119 uzupe\u0142niania i konserwacji, dzi\u0119ki czemu jest idealnym wyborem zar\u00f3wno do codziennego u\u017cytku, jak i d\u0142u\u017cszych sesji waporyzacji. Z <strong>Ponad 20 starannie opracowanych smak\u00f3w<\/strong>, zaspokaja szeroki zakres preferencji smakowych - od owocowych i lodowatych po s\u0142odkie i klasyczne profile.<\/p>\n\n\n\n<p>Przy <strong>VapeMaison<\/strong>, Jeste\u015bmy zaanga\u017cowani w oferowanie autentycznych, wysokiej jako\u015bci produkt\u00f3w do waporyzacji w konkurencyjnych cenach, wspieranych przez niezawodn\u0105 obs\u0142ug\u0119 i szybk\u0105 wysy\u0142k\u0119 w ca\u0142ej Europie.<\/p>\n\n\n\n<h2 class=\"wp-block-heading\"><strong>Specyfikacja produktu<\/strong><\/h2>\n\n\n\n<figure class=\"wp-block-table is-style-stripes\"><table class=\"has-fixed-layout\"><thead><tr><th>Cecha<\/th><th>Opis<\/th><\/tr><\/thead><tbody><tr><td>Pojemno\u015b\u0107 dmuchawy<\/td><td>Do 10 000 zaci\u0105gni\u0119\u0107<\/td><\/tr><tr><td>Pojemno\u015b\u0107 akumulatora<\/td><td>Akumulator 850 mAh<\/td><\/tr><tr><td>Port \u0142adowania<\/td><td>Szybkie \u0142adowanie przez USB typu C<\/td><\/tr><tr><td>Pojemno\u015b\u0107 e-liquidu<\/td><td>20 ml wst\u0119pnie nape\u0142niony<\/td><\/tr><tr><td>Typ cewki<\/td><td>Wysokiej jako\u015bci cewka siatkowa 1,2\u03a9<\/td><\/tr><tr><td>Opcje smakowe<\/td><td>Dost\u0119pnych jest ponad 20 smak\u00f3w<\/td><\/tr><tr><td>Projekt<\/td><td>Kompaktowa, ergonomiczna, futurystyczna konstrukcja<\/td><\/tr><tr><td>U\u017cycie<\/td><td>Jednorazowy, nie wymaga uzupe\u0142niania<\/td><\/tr><\/tbody><\/table><\/figure>\n\n\n\n<h2 class=\"wp-block-heading\"><strong>Najlepsze ceny JNR Alien 10000 Puffs w VapeMaison<\/strong><\/h2>\n\n\n\n<p>Przy <strong>VapeMaison<\/strong>, oferujemy <strong>JNR Alien 10000<\/strong> w wyj\u0105tkowej cenie <strong>\u20ac18.99<\/strong>, pozwalaj\u0105c cieszy\u0107 si\u0119 najwy\u017csz\u0105 wydajno\u015bci\u0105 waporyzacji bez nadmiernych wydatk\u00f3w.<\/p>\n\n\n\n<h3 class=\"wp-block-heading\"><strong>Oferty hurtowe - oszcz\u0119dzaj wi\u0119cej<\/strong><\/h3>\n\n\n\n<figure class=\"wp-block-table is-style-stripes\"><table class=\"has-fixed-layout\"><thead><tr><th>Oferta<\/th><th>Cena<\/th><th>Oszcz\u0119dno\u015bci<\/th><\/tr><\/thead><tbody><tr><td>Kup 3<\/td><td>\u20ac50.99<\/td><td>Zaoszcz\u0119d\u017a 5,98 \u20ac<\/td><\/tr><tr><td>Kup 5<\/td><td>\u20ac77.99<\/td><td>Zaoszcz\u0119d\u017a 16,96 \u20ac<\/td><\/tr><tr><td>Kup 10<\/td><td>\u20ac102.99<\/td><td>Zaoszcz\u0119d\u017a 86,91 \u20ac<\/td><\/tr><\/tbody><\/table><\/figure>\n\n\n\n<p>Te oferty hurtowe s\u0105 idealne dla regularnych vaper\u00f3w i kupuj\u0105cych hurtowo. <strong>Maksymalna warto\u015b\u0107 i d\u0142ugoterminowa wygoda<\/strong>.<\/p>\n\n\n\n<h2 class=\"wp-block-heading\"><strong>Najlepsze smaki JNR Alien 10000<\/strong><\/h2>\n\n\n\n<p>JNR Alien 10K oferuje zr\u00f3\u017cnicowany wyb\u00f3r smak\u00f3w zaprojektowanych z my\u015bl\u0105 o p\u0142ynnym, satysfakcjonuj\u0105cym i sp\u00f3jnym dostarczaniu smaku.<\/p>\n\n\n\n<p><strong>Popularne smaki obejmuj\u0105:<\/strong><\/p>\n\n\n\n<ul class=\"wp-block-list\">\n<li>Blue Razz Ice<\/li>\n\n\n\n<li>Jagoda na lodzie<\/li>\n\n\n\n<li>Fizzy Cherry Cola<\/li>\n\n\n\n<li>Jagoda Kiwi<\/li>\n\n\n\n<li>Cukierki brzoskwiniowo-jagodowe<\/li>\n\n\n\n<li>Arbuzowa guma balonowa<\/li>\n\n\n\n<li>Truskawkowy l\u00f3d arbuzowy<\/li>\n\n\n\n<li>Cytryna i limonka<\/li>\n\n\n\n<li>L\u00f3d truskawkowo-malinowo-wi\u015bniowy<\/li>\n\n\n\n<li>L\u00f3d brzoskwiniowy<\/li>\n<\/ul>","protected":false},"excerpt":{"rendered":"<p>The JNR Alien 10000 Puffs Disposable Vape is a premium rechargeable disposable device created for vapers who seek long-lasting performance, rich flavor, and everyday convenience. Produced by the trusted JNR brand, it offers up to 10,000 puffs, providing a noticeably longer vaping experience than standard disposable devices. Powered by a reliable 850 mAh rechargeable battery [&hellip;]<\/p>\n","protected":false},"featured_media":25116,"comment_status":"open","ping_status":"closed","template":"","meta":[],"product_brand":[168],"product_cat":[132],"product_tag":[],"class_list":{"0":"post-25109","1":"product","2":"type-product","3":"status-publish","4":"has-post-thumbnail","6":"product_brand-jnr","7":"product_cat-10k-puffs","9":"first","10":"instock","11":"sale","12":"shipping-taxable","13":"purchasable","14":"product-type-variable"},"yoast_head":"<!-- This site is optimized with the Yoast SEO plugin v27.4 - https:\/\/yoast.com\/product\/yoast-seo-wordpress\/ -->\n<title>JNR Alien 10000 Puffs Disposable Vape | Rechargeable 10K Vape<\/title>\n<meta name=\"description\" content=\"Buy JNR Alien 10000 Puffs Disposable Vape with 850mAh rechargeable battery, 20ml e-liquid and mesh coil for smooth, long-lasting flavor.\" \/>\n<meta name=\"robots\" content=\"index, follow, max-snippet:-1, max-image-preview:large, max-video-preview:-1\" \/>\n<link rel=\"canonical\" href=\"https:\/\/vapemaison.com\/pl\/produkt\/jnr-alien-10000-puffow-jednorazowy-vape\/\" \/>\n<meta property=\"og:locale\" content=\"pl_PL\" \/>\n<meta property=\"og:type\" content=\"article\" \/>\n<meta property=\"og:title\" content=\"JNR Alien 10000 Puffs Disposable Vape | Rechargeable 10K Vape\" \/>\n<meta property=\"og:description\" content=\"Buy JNR Alien 10000 Puffs Disposable Vape with 850mAh rechargeable battery, 20ml e-liquid and mesh coil for smooth, long-lasting flavor.\" \/>\n<meta property=\"og:url\" content=\"https:\/\/vapemaison.com\/pl\/produkt\/jnr-alien-10000-puffow-jednorazowy-vape\/\" \/>\n<meta property=\"og:site_name\" content=\"VapeMaison\" \/>\n<meta property=\"article:modified_time\" content=\"2026-01-06T09:02:14+00:00\" \/>\n<meta property=\"og:image\" content=\"https:\/\/vapemaison.com\/wp-content\/uploads\/2026\/01\/jnr-alien-10000-puffs-flavor-mixed-berry.webp\" \/>\n\t<meta property=\"og:image:width\" content=\"800\" \/>\n\t<meta property=\"og:image:height\" content=\"800\" \/>\n\t<meta property=\"og:image:type\" content=\"image\/webp\" \/>\n<meta name=\"twitter:card\" content=\"summary_large_image\" \/>\n<meta name=\"twitter:label1\" content=\"Szacowany czas czytania\" \/>\n\t<meta name=\"twitter:data1\" content=\"2 minuty\" \/>\n<!-- \/ Yoast SEO plugin. -->","yoast_head_json":{"title":"JNR Alien 10000 Puffs Jednorazowy Vape | Akumulator 10K Vape","description":"Kup JNR Alien 10000 Puffs Disposable Vape z akumulatorem 850 mAh, 20 ml e-liquidu i cewk\u0105 siatkow\u0105 zapewniaj\u0105c\u0105 g\u0142adki, d\u0142ugotrwa\u0142y smak.","robots":{"index":"index","follow":"follow","max-snippet":"max-snippet:-1","max-image-preview":"max-image-preview:large","max-video-preview":"max-video-preview:-1"},"canonical":"https:\/\/vapemaison.com\/pl\/produkt\/jnr-alien-10000-puffow-jednorazowy-vape\/","og_locale":"pl_PL","og_type":"article","og_title":"JNR Alien 10000 Puffs Disposable Vape | Rechargeable 10K Vape","og_description":"Buy JNR Alien 10000 Puffs Disposable Vape with 850mAh rechargeable battery, 20ml e-liquid and mesh coil for smooth, long-lasting flavor.","og_url":"https:\/\/vapemaison.com\/pl\/produkt\/jnr-alien-10000-puffow-jednorazowy-vape\/","og_site_name":"VapeMaison","article_modified_time":"2026-01-06T09:02:14+00:00","og_image":[{"width":800,"height":800,"url":"https:\/\/vapemaison.com\/wp-content\/uploads\/2026\/01\/jnr-alien-10000-puffs-flavor-mixed-berry.webp","type":"image\/webp"}],"twitter_card":"summary_large_image","twitter_misc":{"Szacowany czas czytania":"2 minuty"},"schema":{"@context":"https:\/\/schema.org","@graph":[{"@type":"WebPage","@id":"https:\/\/vapemaison.com\/product\/jnr-alien-10000-puffs-disposable-vape\/","url":"https:\/\/vapemaison.com\/product\/jnr-alien-10000-puffs-disposable-vape\/","name":"JNR Alien 10000 Puffs Jednorazowy Vape | Akumulator 10K Vape","isPartOf":{"@id":"https:\/\/vapemaison.com\/#website"},"primaryImageOfPage":{"@id":"https:\/\/vapemaison.com\/product\/jnr-alien-10000-puffs-disposable-vape\/#primaryimage"},"image":{"@id":"https:\/\/vapemaison.com\/product\/jnr-alien-10000-puffs-disposable-vape\/#primaryimage"},"thumbnailUrl":"https:\/\/vapemaison.com\/wp-content\/uploads\/2026\/01\/jnr-alien-10000-puffs-flavor-mixed-berry.webp","datePublished":"2026-01-06T07:43:59+00:00","dateModified":"2026-01-06T09:02:14+00:00","description":"Kup JNR Alien 10000 Puffs Disposable Vape z akumulatorem 850 mAh, 20 ml e-liquidu i cewk\u0105 siatkow\u0105 zapewniaj\u0105c\u0105 g\u0142adki, d\u0142ugotrwa\u0142y smak.","breadcrumb":{"@id":"https:\/\/vapemaison.com\/product\/jnr-alien-10000-puffs-disposable-vape\/#breadcrumb"},"inLanguage":"pl-PL","potentialAction":[{"@type":"ReadAction","target":["https:\/\/vapemaison.com\/product\/jnr-alien-10000-puffs-disposable-vape\/"]}]},{"@type":"ImageObject","inLanguage":"pl-PL","@id":"https:\/\/vapemaison.com\/product\/jnr-alien-10000-puffs-disposable-vape\/#primaryimage","url":"https:\/\/vapemaison.com\/wp-content\/uploads\/2026\/01\/jnr-alien-10000-puffs-flavor-mixed-berry.webp","contentUrl":"https:\/\/vapemaison.com\/wp-content\/uploads\/2026\/01\/jnr-alien-10000-puffs-flavor-mixed-berry.webp","width":800,"height":800,"caption":"jnr-alien-10000-puffs-flavor-mixed-berry"},{"@type":"BreadcrumbList","@id":"https:\/\/vapemaison.com\/product\/jnr-alien-10000-puffs-disposable-vape\/#breadcrumb","itemListElement":[{"@type":"ListItem","position":1,"name":"\u9996\u9875","item":"https:\/\/vapemaison.com\/"},{"@type":"ListItem","position":2,"name":"Shop","item":"https:\/\/vapemaison.com\/shop\/"},{"@type":"ListItem","position":3,"name":"JNR","item":"https:\/\/vapemaison.com\/brand\/jnr\/"},{"@type":"ListItem","position":4,"name":"JNR Alien 10000 Puffs Disposable Vape"}]},{"@type":"WebSite","@id":"https:\/\/vapemaison.com\/#website","url":"https:\/\/vapemaison.com\/","name":"VapeMaison","description":"Wysokiej jako\u015bci urz\u0105dzenia i akcesoria do waporyzacji","publisher":{"@id":"https:\/\/vapemaison.com\/#organization"},"potentialAction":[{"@type":"SearchAction","target":{"@type":"EntryPoint","urlTemplate":"https:\/\/vapemaison.com\/?s={search_term_string}"},"query-input":{"@type":"PropertyValueSpecification","valueRequired":true,"valueName":"search_term_string"}}],"inLanguage":"pl-PL"},{"@type":"Organization","@id":"https:\/\/vapemaison.com\/#organization","name":"VapeMaison","url":"https:\/\/vapemaison.com\/","logo":{"@type":"ImageObject","inLanguage":"pl-PL","@id":"https:\/\/vapemaison.com\/#\/schema\/logo\/image\/","url":"https:\/\/vapemaison.com\/wp-content\/uploads\/2026\/01\/cropped-vapemaison-logo-g-2026.webp","contentUrl":"https:\/\/vapemaison.com\/wp-content\/uploads\/2026\/01\/cropped-vapemaison-logo-g-2026.webp","width":350,"height":280,"caption":"VapeMaison"},"image":{"@id":"https:\/\/vapemaison.com\/#\/schema\/logo\/image\/"},"sameAs":["https:\/\/www.youtube.com\/@VapeMaison"]}]}},"tiered_pricing_type":"fixed","tiered_pricing_fixed_rules":{"30":"12.84","50":"12.11","100":"11.56","200":"10.99"},"tiered_pricing_product_settings":{"layout":"default","base_unit_name":{"singular":null,"plural":null},"default_variation":null},"tiered_pricing_minimum_quantity":10,"tiered_pricing_roles_data":[],"tiered_pricing_percentage_rules":[],"tiered_pricing_maximum_quantity":null,"tiered_pricing_quantity_step":"10","_links":{"self":[{"href":"https:\/\/vapemaison.com\/pl\/wp-json\/wp\/v2\/product\/25109","targetHints":{"allow":["GET"]}}],"collection":[{"href":"https:\/\/vapemaison.com\/pl\/wp-json\/wp\/v2\/product"}],"about":[{"href":"https:\/\/vapemaison.com\/pl\/wp-json\/wp\/v2\/types\/product"}],"replies":[{"embeddable":true,"href":"https:\/\/vapemaison.com\/pl\/wp-json\/wp\/v2\/comments?post=25109"}],"version-history":[{"count":1,"href":"https:\/\/vapemaison.com\/pl\/wp-json\/wp\/v2\/product\/25109\/revisions"}],"predecessor-version":[{"id":25122,"href":"https:\/\/vapemaison.com\/pl\/wp-json\/wp\/v2\/product\/25109\/revisions\/25122"}],"wp:featuredmedia":[{"embeddable":true,"href":"https:\/\/vapemaison.com\/pl\/wp-json\/wp\/v2\/media\/25116"}],"wp:attachment":[{"href":"https:\/\/vapemaison.com\/pl\/wp-json\/wp\/v2\/media?parent=25109"}],"wp:term":[{"taxonomy":"product_brand","embeddable":true,"href":"https:\/\/vapemaison.com\/pl\/wp-json\/wp\/v2\/product_brand?post=25109"},{"taxonomy":"product_cat","embeddable":true,"href":"https:\/\/vapemaison.com\/pl\/wp-json\/wp\/v2\/product_cat?post=25109"},{"taxonomy":"product_tag","embeddable":true,"href":"https:\/\/vapemaison.com\/pl\/wp-json\/wp\/v2\/product_tag?post=25109"}],"curies":[{"name":"wp","href":"https:\/\/api.w.org\/{rel}","templated":true}]}}