

{"id":25382,"date":"2026-01-06T08:22:29","date_gmt":"2026-01-06T08:22:29","guid":{"rendered":"https:\/\/vapemaison.com\/?post_type=product&#038;p=25382"},"modified":"2026-01-06T09:01:56","modified_gmt":"2026-01-06T09:01:56","slug":"jnr-mega-box-25000-puffow-jednorazowe-vape","status":"publish","type":"product","link":"https:\/\/vapemaison.com\/pl\/product\/jnr-mega-box-25000-puffs-disposable-vape\/","title":{"rendered":"JNR Mega Box 25000 puff\u00f3w jednorazowego u\u017cytku Vape"},"content":{"rendered":"<h2 class=\"wp-block-heading\"><strong>JNR Mega Box 25000 Puff\u00f3w jednorazowego u\u017cytku - Vaping Premium na nowo zdefiniowany<\/strong><\/h2>\n\n\n\n<p>The <strong>JNR Mega Box 25000 puff\u00f3w jednorazowego u\u017cytku Vape<\/strong> to urz\u0105dzenie klasy premium o du\u017cej pojemno\u015bci zaprojektowane dla waper\u00f3w, kt\u00f3rzy wymagaj\u0105 <strong>wyj\u0105tkowa trwa\u0142o\u015b\u0107, intensywny smak i niezawodne dzia\u0142anie<\/strong>. Dostarczanie do <strong>25 000 zaci\u0105gni\u0119\u0107<\/strong>, Znacznie przewy\u017csza standardowe waporyzatory jednorazowe, dzi\u0119ki czemu idealnie nadaje si\u0119 do d\u0142u\u017cszych i nieprzerwanych sesji waporyzacji.<\/p>\n\n\n\n<p>Zasilany przez solidny <strong>Akumulator 850 mAh<\/strong> z <strong>Szybkie \u0142adowanie przez USB typu C<\/strong>, JNR Mega Box 25000 zapewnia stabiln\u0105 moc i sta\u0142\u0105 produkcj\u0119 pary przez ca\u0142y okres u\u017cytkowania. Jego hojny <strong>Pojemno\u015b\u0107 nape\u0142nionego e-liquidu 30 ml<\/strong> zapewnia bogaty, pe\u0142ny smak przy ka\u017cdym zaci\u0105gni\u0119ciu, jednocze\u015bnie eliminuj\u0105c potrzeb\u0119 uzupe\u0142niania lub konserwacji.<\/p>\n\n\n\n<p>Wyposa\u017cony w <strong>Zaawansowana technologia dwurdzeniowej cewki siatkowej<\/strong>, To urz\u0105dzenie zapewnia r\u00f3wnomierne ogrzewanie, g\u0119ste chmury pary i p\u0142ynne, satysfakcjonuj\u0105ce wdechy od pierwszego do ostatniego zaci\u0105gni\u0119cia. Zaprojektowany z my\u015bl\u0105 o p\u0142ynnym dopasowaniu do codziennego \u017cycia, JNR Mega Box 25000 \u0142\u0105czy wygod\u0119, trwa\u0142o\u015b\u0107 i najwy\u017csz\u0105 wydajno\u015b\u0107 w jednym eleganckim urz\u0105dzeniu.<\/p>\n\n\n\n<p>Przy <strong>VapeMaison<\/strong>, Oferujemy wyselekcjonowany wyb\u00f3r autentycznych waporyzator\u00f3w jednorazowych JNR, w tym <strong>JNR Alien 10000, JNR Falcon X 18000, JNR Shisha Hookah 12000<\/strong>, oraz <strong>JNR Media Max 40000<\/strong>, zapewniaj\u0105c jako\u015b\u0107 i wyb\u00f3r dla ka\u017cdego preferuj\u0105cego waporyzacj\u0119.<\/p>\n\n\n\n<h2 class=\"wp-block-heading\"><strong>JNR Mega Box 25000 - specyfikacja<\/strong><\/h2>\n\n\n\n<figure class=\"wp-block-table is-style-stripes\"><table class=\"has-fixed-layout\"><thead><tr><th>Cecha<\/th><th>Opis<\/th><\/tr><\/thead><tbody><tr><td>Pojemno\u015b\u0107 dmuchawy<\/td><td>Do 25 000 zaci\u0105gni\u0119\u0107<\/td><\/tr><tr><td>Pojemno\u015b\u0107 e-liquidu<\/td><td>30 ml wst\u0119pnie nape\u0142niony<\/td><\/tr><tr><td>Pojemno\u015b\u0107 akumulatora<\/td><td>Akumulator 850 mAh<\/td><\/tr><tr><td>Port \u0142adowania<\/td><td>USB typu C<\/td><\/tr><tr><td>System cewek<\/td><td>Dwurdzeniowa cewka siatkowa<\/td><\/tr><tr><td>Wydajno\u015b\u0107 smaku<\/td><td>Czysty smak i intensywna satysfakcja<\/td><\/tr><tr><td>Opcje smakowe<\/td><td>Wiele smak\u00f3w premium<\/td><\/tr><tr><td>Projekt<\/td><td>Stylowy, kompaktowy i wytrzyma\u0142y<\/td><\/tr><tr><td>U\u017cycie<\/td><td>Jednorazowy, nie wymaga uzupe\u0142niania<\/td><\/tr><\/tbody><\/table><\/figure>\n\n\n\n<h2 class=\"wp-block-heading\"><strong>Stylowy i wygodny design<\/strong><\/h2>\n\n\n\n<p>The <strong>JNR Mega Box 25000<\/strong> \u0142\u0105czy nowoczesn\u0105 estetyk\u0119 z funkcjonalnym wzornictwem. Jego elegancka czarno-z\u0142ota obudowa zapewnia odwa\u017cny, wysokiej jako\u015bci wygl\u0105d, pozostaj\u0105c jednocze\u015bnie kompaktow\u0105 i \u0142atw\u0105 do przenoszenia. Lekki, ale wytrzyma\u0142y, wygodnie mie\u015bci si\u0119 w d\u0142oni lub kieszeni, dzi\u0119ki czemu idealnie nadaje si\u0119 do waporyzacji w podr\u00f3\u017cy.<\/p>\n\n\n\n<p>Niezale\u017cnie od tego, czy jeste\u015b pocz\u0105tkuj\u0105cym, czy do\u015bwiadczonym waporyzatorem, to urz\u0105dzenie oferuje \u0142atw\u0105 obs\u0142ug\u0119, niezawodn\u0105 wydajno\u015b\u0107 i wyrafinowany wygl\u0105d. To co\u015b wi\u0119cej ni\u017c tylko waporyzator, to wyraz stylu i pewno\u015bci siebie.<\/p>\n\n\n\n<h2 class=\"wp-block-heading\"><strong>Przyst\u0119pne ceny i oferty hurtowe w VapeMaison<\/strong><\/h2>\n\n\n\n<p>Po co p\u0142aci\u0107 wi\u0119cej, skoro mo\u017cna cieszy\u0107 si\u0119 wydajno\u015bci\u0105 klasy premium w konkurencyjnej cenie? W <strong>VapeMaison<\/strong>, w <strong>JNR Mega Box 25000<\/strong> jest dost\u0119pny za jedyne <strong>\u20ac27.99<\/strong>, odzwierciedlaj\u0105c nasze zaanga\u017cowanie w jako\u015b\u0107 i przyst\u0119pn\u0105 cen\u0119.<\/p>\n\n\n\n<h2 class=\"wp-block-heading\"><strong>JNR Mega Box 25000 smak\u00f3w<\/strong><\/h2>\n\n\n\n<p>JNR Mega Box 25000 jest dost\u0119pny w szerokiej gamie starannie opracowanych smak\u00f3w, kt\u00f3re zaspokoj\u0105 ka\u017cde podniebienie. Ka\u017cdy smak zapewnia p\u0142ynne, sp\u00f3jne dzia\u0142anie a\u017c do ostatniego zaci\u0105gni\u0119cia.<\/p>\n\n\n\n<p><strong>Dost\u0119pne smaki:<\/strong><\/p>\n\n\n\n<ul class=\"wp-block-list\">\n<li>Blue Razz Cherry - S\u0142odka niebieska malina z nutami dojrza\u0142ej wi\u015bni<\/li>\n\n\n\n<li>Juicy Peach - naturalna s\u0142odycz dojrza\u0142ej brzoskwini<\/li>\n\n\n\n<li>Cherry Berry - Bogata mieszanka wi\u015bni i mieszanych owoc\u00f3w jagodowych.<\/li>\n\n\n\n<li>Blueberry Sour Raspberry Strawberry - S\u0142odkie, kwa\u015bne i owocowe po\u0142\u0105czenie<\/li>\n\n\n\n<li>Strawberry Ice - \u015awie\u017ce truskawki z ch\u0142odnym lodowym wyko\u0144czeniem<\/li>\n\n\n\n<li>Blueberry Ice - soczyste jagody w po\u0142\u0105czeniu z orze\u017awiaj\u0105cym lodem<\/li>\n\n\n\n<li>Lemon &amp; Lime - Wyrazisty, pikantny duet cytrus\u00f3w<\/li>\n\n\n\n<li>Strawberry Banana - kremowy banan zmieszany z dojrza\u0142ymi truskawkami<\/li>\n\n\n\n<li>Fizzy Cherry Cola - klasyczna cola z dodatkiem s\u0142odkich wi\u015bni<\/li>\n\n\n\n<li>Sour Apple - wyrazisty, pikantny smak zielonego jab\u0142ka<\/li>\n<\/ul>\n\n\n\n<h2 class=\"wp-block-heading\"><strong>Cz\u0119sto zadawane pytania (FAQ)<\/strong><\/h2>\n\n\n\n<h3 class=\"wp-block-heading\"><strong>Czy JNR Mega Box 25000 mo\u017cna \u0142adowa\u0107?<\/strong><\/h3>\n\n\n\n<p>Tak, urz\u0105dzenie jest wyposa\u017cone w <strong>Akumulator 850 mAh<\/strong> oraz <strong>Port \u0142adowania USB typu C<\/strong>, umo\u017cliwiaj\u0105c szybkie i wygodne \u0142adowanie.<\/p>\n\n\n\n<h3 class=\"wp-block-heading\"><strong>Ile zaci\u0105gni\u0119\u0107 zapewnia JNR Mega Box 25000?<\/strong><\/h3>\n\n\n\n<p>JNR Mega Box zapewnia do <strong>25 000 sta\u0142ych zaci\u0105gni\u0119\u0107<\/strong>, dzi\u0119ki czemu idealnie nadaje si\u0119 do d\u0142ugotrwa\u0142ego u\u017cytkowania bez konieczno\u015bci cz\u0119stej wymiany.<\/p>\n\n\n\n<h3 class=\"wp-block-heading\"><strong>Co sprawia, \u017ce doznania smakowe s\u0105 wyj\u0105tkowe?<\/strong><\/h3>\n\n\n\n<p>Jego <strong>Technologia dwurdzeniowej cewki siatkowej<\/strong> Zapewnia r\u00f3wnomierne ogrzewanie i stabilny smak, dostarczaj\u0105c bogaty smak i g\u0142adk\u0105 par\u0119 nawet przy niskim poziomie na\u0142adowania baterii.<\/p>\n\n\n\n<h3 class=\"wp-block-heading\"><strong>Dlaczego warto kupowa\u0107 w VapeMaison?<\/strong><\/h3>\n\n\n\n<p>Przy <strong>VapeMaison<\/strong>, Skupiamy si\u0119 na autentycznych produktach, konkurencyjnych cenach, oszcz\u0119dno\u015bciach hurtowych i niezawodnej obs\u0142udze, dzi\u0119ki czemu jeste\u015bmy zaufanym miejscem docelowym dla jednorazowych waporyzator\u00f3w premium.<\/p>","protected":false},"excerpt":{"rendered":"<p>JNR Mega Box 25000 Puffs Disposable Vape \u2013 Premium Vaping Redefined The JNR Mega Box 25000 Puffs Disposable Vape is a high-capacity premium device designed for vapers who demand exceptional longevity, intense flavor, and reliable performance. Delivering up to 25,000 puffs, it significantly outperforms standard disposable vapes, making it ideal for extended and uninterrupted vaping [&hellip;]<\/p>\n","protected":false},"featured_media":25383,"comment_status":"open","ping_status":"closed","template":"","meta":[],"product_brand":[168],"product_cat":[144],"product_tag":[],"class_list":{"0":"post-25382","1":"product","2":"type-product","3":"status-publish","4":"has-post-thumbnail","6":"product_brand-jnr","7":"product_cat-25k-puffs","9":"first","10":"instock","11":"sale","12":"shipping-taxable","13":"purchasable","14":"product-type-variable"},"yoast_head":"<!-- This site is optimized with the Yoast SEO plugin v27.4 - https:\/\/yoast.com\/product\/yoast-seo-wordpress\/ -->\n<title>JNR Mega Box 25000 Puffs Disposable Vape | 25K Puffs<\/title>\n<meta name=\"description\" content=\"Shop JNR Mega Box 25000 Puffs Disposable Vape with 30ml e-liquid, 850mAh rechargeable battery, USB-C charging and dual mesh coil for rich, long-lasting flavor.\" \/>\n<meta name=\"robots\" content=\"index, follow, max-snippet:-1, max-image-preview:large, max-video-preview:-1\" \/>\n<link rel=\"canonical\" href=\"https:\/\/vapemaison.com\/pl\/produkt\/jnr-mega-box-25000-puffow-jednorazowe-vape\/\" \/>\n<meta property=\"og:locale\" content=\"pl_PL\" \/>\n<meta property=\"og:type\" content=\"article\" \/>\n<meta property=\"og:title\" content=\"JNR Mega Box 25000 Puffs Disposable Vape | 25K Puffs\" \/>\n<meta property=\"og:description\" content=\"Shop JNR Mega Box 25000 Puffs Disposable Vape with 30ml e-liquid, 850mAh rechargeable battery, USB-C charging and dual mesh coil for rich, long-lasting flavor.\" \/>\n<meta property=\"og:url\" content=\"https:\/\/vapemaison.com\/pl\/produkt\/jnr-mega-box-25000-puffow-jednorazowe-vape\/\" \/>\n<meta property=\"og:site_name\" content=\"VapeMaison\" \/>\n<meta property=\"article:modified_time\" content=\"2026-01-06T09:01:56+00:00\" \/>\n<meta property=\"og:image\" content=\"https:\/\/vapemaison.com\/wp-content\/uploads\/2026\/01\/jnr-mega-box-25000-puffs-23-hubba-bubba-60x.webp\" \/>\n\t<meta property=\"og:image:width\" content=\"560\" \/>\n\t<meta property=\"og:image:height\" content=\"560\" \/>\n\t<meta property=\"og:image:type\" content=\"image\/webp\" \/>\n<meta name=\"twitter:card\" content=\"summary_large_image\" \/>\n<meta name=\"twitter:label1\" content=\"Szacowany czas czytania\" \/>\n\t<meta name=\"twitter:data1\" content=\"3 minuty\" \/>\n<!-- \/ Yoast SEO plugin. -->","yoast_head_json":{"title":"JNR Mega Box 25000 Puffs Jednorazowe Vape | 25K Puffs","description":"Sklep JNR Mega Box 25000 Puffs Jednorazowy Vape z 30 ml e-liquidu, akumulatorem 850 mAh, \u0142adowaniem USB-C i podw\u00f3jn\u0105 cewk\u0105 siatkow\u0105 zapewniaj\u0105c\u0105 bogaty, d\u0142ugotrwa\u0142y smak.","robots":{"index":"index","follow":"follow","max-snippet":"max-snippet:-1","max-image-preview":"max-image-preview:large","max-video-preview":"max-video-preview:-1"},"canonical":"https:\/\/vapemaison.com\/pl\/produkt\/jnr-mega-box-25000-puffow-jednorazowe-vape\/","og_locale":"pl_PL","og_type":"article","og_title":"JNR Mega Box 25000 Puffs Disposable Vape | 25K Puffs","og_description":"Shop JNR Mega Box 25000 Puffs Disposable Vape with 30ml e-liquid, 850mAh rechargeable battery, USB-C charging and dual mesh coil for rich, long-lasting flavor.","og_url":"https:\/\/vapemaison.com\/pl\/produkt\/jnr-mega-box-25000-puffow-jednorazowe-vape\/","og_site_name":"VapeMaison","article_modified_time":"2026-01-06T09:01:56+00:00","og_image":[{"width":560,"height":560,"url":"https:\/\/vapemaison.com\/wp-content\/uploads\/2026\/01\/jnr-mega-box-25000-puffs-23-hubba-bubba-60x.webp","type":"image\/webp"}],"twitter_card":"summary_large_image","twitter_misc":{"Szacowany czas czytania":"3 minuty"},"schema":{"@context":"https:\/\/schema.org","@graph":[{"@type":"WebPage","@id":"https:\/\/vapemaison.com\/product\/jnr-mega-box-25000-puffs-disposable-vape\/","url":"https:\/\/vapemaison.com\/product\/jnr-mega-box-25000-puffs-disposable-vape\/","name":"JNR Mega Box 25000 Puffs Jednorazowe Vape | 25K Puffs","isPartOf":{"@id":"https:\/\/vapemaison.com\/#website"},"primaryImageOfPage":{"@id":"https:\/\/vapemaison.com\/product\/jnr-mega-box-25000-puffs-disposable-vape\/#primaryimage"},"image":{"@id":"https:\/\/vapemaison.com\/product\/jnr-mega-box-25000-puffs-disposable-vape\/#primaryimage"},"thumbnailUrl":"https:\/\/vapemaison.com\/wp-content\/uploads\/2026\/01\/jnr-mega-box-25000-puffs-23-hubba-bubba-60x.webp","datePublished":"2026-01-06T08:22:29+00:00","dateModified":"2026-01-06T09:01:56+00:00","description":"Sklep JNR Mega Box 25000 Puffs Jednorazowy Vape z 30 ml e-liquidu, akumulatorem 850 mAh, \u0142adowaniem USB-C i podw\u00f3jn\u0105 cewk\u0105 siatkow\u0105 zapewniaj\u0105c\u0105 bogaty, d\u0142ugotrwa\u0142y smak.","breadcrumb":{"@id":"https:\/\/vapemaison.com\/product\/jnr-mega-box-25000-puffs-disposable-vape\/#breadcrumb"},"inLanguage":"pl-PL","potentialAction":[{"@type":"ReadAction","target":["https:\/\/vapemaison.com\/product\/jnr-mega-box-25000-puffs-disposable-vape\/"]}]},{"@type":"ImageObject","inLanguage":"pl-PL","@id":"https:\/\/vapemaison.com\/product\/jnr-mega-box-25000-puffs-disposable-vape\/#primaryimage","url":"https:\/\/vapemaison.com\/wp-content\/uploads\/2026\/01\/jnr-mega-box-25000-puffs-23-hubba-bubba-60x.webp","contentUrl":"https:\/\/vapemaison.com\/wp-content\/uploads\/2026\/01\/jnr-mega-box-25000-puffs-23-hubba-bubba-60x.webp","width":560,"height":560,"caption":"jnr-mega-box-25000-puffs-23-hubba-bubba-60x"},{"@type":"BreadcrumbList","@id":"https:\/\/vapemaison.com\/product\/jnr-mega-box-25000-puffs-disposable-vape\/#breadcrumb","itemListElement":[{"@type":"ListItem","position":1,"name":"\u9996\u9875","item":"https:\/\/vapemaison.com\/"},{"@type":"ListItem","position":2,"name":"Shop","item":"https:\/\/vapemaison.com\/shop\/"},{"@type":"ListItem","position":3,"name":"JNR","item":"https:\/\/vapemaison.com\/brand\/jnr\/"},{"@type":"ListItem","position":4,"name":"JNR Mega Box 25000 Puffs Disposable Vape"}]},{"@type":"WebSite","@id":"https:\/\/vapemaison.com\/#website","url":"https:\/\/vapemaison.com\/","name":"VapeMaison","description":"Wysokiej jako\u015bci urz\u0105dzenia i akcesoria do waporyzacji","publisher":{"@id":"https:\/\/vapemaison.com\/#organization"},"potentialAction":[{"@type":"SearchAction","target":{"@type":"EntryPoint","urlTemplate":"https:\/\/vapemaison.com\/?s={search_term_string}"},"query-input":{"@type":"PropertyValueSpecification","valueRequired":true,"valueName":"search_term_string"}}],"inLanguage":"pl-PL"},{"@type":"Organization","@id":"https:\/\/vapemaison.com\/#organization","name":"VapeMaison","url":"https:\/\/vapemaison.com\/","logo":{"@type":"ImageObject","inLanguage":"pl-PL","@id":"https:\/\/vapemaison.com\/#\/schema\/logo\/image\/","url":"https:\/\/vapemaison.com\/wp-content\/uploads\/2026\/01\/cropped-vapemaison-logo-g-2026.webp","contentUrl":"https:\/\/vapemaison.com\/wp-content\/uploads\/2026\/01\/cropped-vapemaison-logo-g-2026.webp","width":350,"height":280,"caption":"VapeMaison"},"image":{"@id":"https:\/\/vapemaison.com\/#\/schema\/logo\/image\/"},"sameAs":["https:\/\/www.youtube.com\/@VapeMaison"]}]}},"tiered_pricing_type":"fixed","tiered_pricing_fixed_rules":{"30":"12.54","50":"12.11","100":"11.43","200":"10.78"},"tiered_pricing_product_settings":{"layout":"default","base_unit_name":{"singular":null,"plural":null},"default_variation":null},"tiered_pricing_minimum_quantity":10,"tiered_pricing_roles_data":[],"tiered_pricing_percentage_rules":[],"tiered_pricing_maximum_quantity":null,"tiered_pricing_quantity_step":"10","_links":{"self":[{"href":"https:\/\/vapemaison.com\/pl\/wp-json\/wp\/v2\/product\/25382","targetHints":{"allow":["GET"]}}],"collection":[{"href":"https:\/\/vapemaison.com\/pl\/wp-json\/wp\/v2\/product"}],"about":[{"href":"https:\/\/vapemaison.com\/pl\/wp-json\/wp\/v2\/types\/product"}],"replies":[{"embeddable":true,"href":"https:\/\/vapemaison.com\/pl\/wp-json\/wp\/v2\/comments?post=25382"}],"version-history":[{"count":1,"href":"https:\/\/vapemaison.com\/pl\/wp-json\/wp\/v2\/product\/25382\/revisions"}],"predecessor-version":[{"id":25479,"href":"https:\/\/vapemaison.com\/pl\/wp-json\/wp\/v2\/product\/25382\/revisions\/25479"}],"wp:featuredmedia":[{"embeddable":true,"href":"https:\/\/vapemaison.com\/pl\/wp-json\/wp\/v2\/media\/25383"}],"wp:attachment":[{"href":"https:\/\/vapemaison.com\/pl\/wp-json\/wp\/v2\/media?parent=25382"}],"wp:term":[{"taxonomy":"product_brand","embeddable":true,"href":"https:\/\/vapemaison.com\/pl\/wp-json\/wp\/v2\/product_brand?post=25382"},{"taxonomy":"product_cat","embeddable":true,"href":"https:\/\/vapemaison.com\/pl\/wp-json\/wp\/v2\/product_cat?post=25382"},{"taxonomy":"product_tag","embeddable":true,"href":"https:\/\/vapemaison.com\/pl\/wp-json\/wp\/v2\/product_tag?post=25382"}],"curies":[{"name":"wp","href":"https:\/\/api.w.org\/{rel}","templated":true}]}}