

{"id":25491,"date":"2026-01-07T02:58:30","date_gmt":"2026-01-07T02:58:30","guid":{"rendered":"https:\/\/vapemaison.com\/?post_type=product&#038;p=25491"},"modified":"2026-01-22T07:36:34","modified_gmt":"2026-01-22T07:36:34","slug":"fihp-120k-puffs-120000-6-w-1-hurtowy-jednorazowy-ekran-led-vape-shop","status":"publish","type":"product","link":"https:\/\/vapemaison.com\/pl\/product\/fihp-120k-puffs-120000-6-in-1-wholesale-disposable-vape-shop-led-screen\/","title":{"rendered":"FIHP 120K Puffs 120000 6 w 1 Hurtowy jednorazowy ekran LED Vape Shop"},"content":{"rendered":"<h2 class=\"wp-block-heading\">FIHP 120K Puffs 6-w-1 jednorazowy Vape z ekranem LED (120 000 zaci\u0105gni\u0119\u0107)<\/h2>\n\n\n\n<p>The <strong>FIHP 120K Puffs 6 w 1 jednorazowy Vape<\/strong> zosta\u0142 zaprojektowany dla u\u017cytkownik\u00f3w, kt\u00f3rzy oczekuj\u0105 ekstremalnej trwa\u0142o\u015bci, r\u00f3\u017cnorodno\u015bci smak\u00f3w i najwy\u017cszej wydajno\u015bci w jednym urz\u0105dzeniu. Dzi\u0119ki imponuj\u0105cej <strong>Pojemno\u015b\u0107 120 000 puff\u00f3w<\/strong>, Ten wysokiej klasy jednorazowy waporyzator eliminuje konieczno\u015b\u0107 cz\u0119stej wymiany, zapewniaj\u0105c jednocze\u015bnie sta\u0142\u0105, satysfakcjonuj\u0105c\u0105 par\u0119 od pocz\u0105tku do ko\u0144ca.<\/p>\n\n\n\n<p>To, co naprawd\u0119 wyr\u00f3\u017cnia to urz\u0105dzenie, to jego <strong>System aromat\u00f3w 6 w 1<\/strong>, umo\u017cliwiaj\u0105c u\u017cytkownikom prze\u0142\u0105czanie si\u0119 mi\u0119dzy sze\u015bcioma r\u00f3\u017cnymi smakami bez konieczno\u015bci zmiany urz\u0105dzenia. Zasilany przez <strong>Technologia podw\u00f3jnej cewki siatkowej<\/strong>, FIHP zwi\u0119ksza intensywno\u015b\u0107 smaku i produkcj\u0119 pary, zapewniaj\u0105c g\u0142adkie i bogate chmury przy ka\u017cdym zaci\u0105gni\u0119ciu.<\/p>\n\n\n\n<p>A <strong>Inteligentny wy\u015bwietlacz LED<\/strong> zapewnia widoczno\u015b\u0107 poziomu baterii i e-liquidu w czasie rzeczywistym, dzi\u0119ki czemu u\u017cytkownicy zawsze maj\u0105 kontrol\u0119. Wbudowany <strong>Akumulator o pojemno\u015bci 650 mAh<\/strong>, w po\u0142\u0105czeniu z szybkim <strong>\u0141adowanie przez USB typu C<\/strong>, Dzi\u0119ki temu urz\u0105dzenie jest gotowe do u\u017cycia w dowolnym miejscu i czasie. Sprawia to, \u017ce FIHP 120K jest idealnym wyborem zar\u00f3wno dla klient\u00f3w detalicznych, jak i hurtowych poszukuj\u0105cych wysokiej jako\u015bci, trwa\u0142ego jednorazowego waporyzatora.<\/p>\n\n\n\n<hr class=\"wp-block-separator has-alpha-channel-opacity\"\/>\n\n\n\n<h2 class=\"wp-block-heading\">Kluczowe specyfikacje i funkcje<\/h2>\n\n\n\n<figure class=\"wp-block-table\"><table class=\"has-fixed-layout\"><thead><tr><th>Cecha<\/th><th>Opis<\/th><\/tr><\/thead><tbody><tr><td>Pojemno\u015b\u0107 dmuchawy<\/td><td>Do <strong>120 000 zaci\u0105gni\u0119\u0107<\/strong><\/td><\/tr><tr><td>System aromat\u00f3w<\/td><td><strong>6 smak\u00f3w w 1 urz\u0105dzeniu<\/strong>, swobodnie prze\u0142\u0105cza\u0107<\/td><\/tr><tr><td>Pojemno\u015b\u0107 E-Liquid<\/td><td><strong>64 ml wst\u0119pnie nape\u0142nionego e-liquidu<\/strong><\/td><\/tr><tr><td>Si\u0142a nikotyny<\/td><td><strong>Dost\u0119pne opcje nikotyny 2% \/ 5%<\/strong><\/td><\/tr><tr><td>Technologia cewek<\/td><td><strong>Podw\u00f3jne cewki siatkowe<\/strong> dla lepszego smaku i pary<\/td><\/tr><tr><td>Pojemno\u015b\u0107 akumulatora<\/td><td><strong>Akumulator o pojemno\u015bci 650 mAh<\/strong><\/td><\/tr><tr><td>Port \u0142adowania<\/td><td><strong>USB typu C<\/strong>, szybkie \u0142adowanie (oko\u0142o 30 minut)<\/td><\/tr><tr><td>Wy\u015bwietlacz<\/td><td><strong>Inteligentny ekran LED<\/strong> Wy\u015bwietlanie poziomu baterii i e-cieczy<\/td><\/tr><tr><td>Typ u\u017cytkowania<\/td><td>Jednorazowe, \u0142adowalne<\/td><\/tr><tr><td>Rynek docelowy<\/td><td>Klienci hurtowi i detaliczni vape<\/td><\/tr><\/tbody><\/table><\/figure>\n\n\n\n<hr class=\"wp-block-separator has-alpha-channel-opacity\"\/>\n\n\n\n<h2 class=\"wp-block-heading\">Dost\u0119pne kombinacje smak\u00f3w<\/h2>\n\n\n\n<p>Watermelon Ice - Red Bull - Strawberry Kiwi - Blueberry Ice - Lemon Lime - Strawberry Watermelon<\/p>\n\n\n\n<p>Truskawka Banan - Podw\u00f3jne Jab\u0142ko - Malina Arbuz - Kwa\u015bne Mango Ananas - Owoce Tropikalne - Cytryna Brzoskwinia<\/p>\n\n\n\n<p>Kokos z ananasem - Blue Razz - Mieszane jagody - Brzoskwinia z mango - Malina z jagodami - Waniliowa cola truskawkowa<\/p>\n\n\n\n<p>Peach Berry - Triple Melon - Grape Ice - Black Dragon Ice - Fizzy Cherry Ice - Gummy Bear<\/p>\n\n\n\n<p>Rainbow Candy - Cherry Cola Ice - Love 666 - Mango Ice - Blueberry Cotton Candy - Peach Ice<\/p>\n\n\n\n<p>Aloe Lychee Ice - Pink Lemon - Glacier Ice - Pine Needle Mint - Black Currant Ice - Watermelon Lemon<\/p>\n\n\n\n<p><\/p>","protected":false},"excerpt":{"rendered":"<p data-start=\"650\" data-end=\"997\">The <strong data-start=\"654\" data-end=\"696\">FIHP 120K Puffs 6 w 1 jednorazowy Vape<\/strong> zapewnia wyj\u0105tkow\u0105 trwa\u0142o\u015b\u0107 do <strong data-start=\"739\" data-end=\"756\">120 000 zaci\u0105gni\u0119\u0107<\/strong> w jednym urz\u0105dzeniu. Funkcje <strong data-start=\"782\" data-end=\"808\">sze\u015b\u0107 prze\u0142\u0105czanych smak\u00f3w<\/strong>, <strong data-start=\"810\" data-end=\"839\">Technologia podw\u00f3jnej cewki siatkowej<\/strong>, a <strong data-start=\"843\" data-end=\"863\">Inteligentny ekran LED<\/strong>, oraz <strong data-start=\"871\" data-end=\"908\">Akumulator USB-C o pojemno\u015bci 650 mAh<\/strong>, Oferuje pot\u0119\u017cn\u0105 wydajno\u015b\u0107 i wygod\u0119 zar\u00f3wno dla klient\u00f3w detalicznych, jak i hurtowych.<\/p>","protected":false},"featured_media":25510,"comment_status":"open","ping_status":"closed","template":"","meta":[],"product_brand":[59],"product_cat":[153],"product_tag":[],"class_list":{"0":"post-25491","1":"product","2":"type-product","3":"status-publish","4":"has-post-thumbnail","6":"product_brand-waspe","7":"product_cat-120k-puffs","9":"first","10":"instock","11":"sale","12":"shipping-taxable","13":"purchasable","14":"product-type-variable"},"yoast_head":"<!-- This site is optimized with the Yoast SEO plugin v27.4 - https:\/\/yoast.com\/product\/yoast-seo-wordpress\/ -->\n<title>FIHP 120K Puffs Disposable Vape | 6-in-1 Flavors, LED Screen<\/title>\n<meta name=\"description\" content=\"FIHP 120K Puffs disposable vape with 6-in-1 flavors, dual mesh coils, LED screen, and 650mAh rechargeable battery. Available in 2% &amp; 5% nicotine.\" \/>\n<meta name=\"robots\" content=\"index, follow, max-snippet:-1, max-image-preview:large, max-video-preview:-1\" \/>\n<link rel=\"canonical\" href=\"https:\/\/vapemaison.com\/pl\/produkt\/fihp-120k-puffs-120000-6-w-1-hurtowy-jednorazowy-ekran-led-vape-shop\/\" \/>\n<meta property=\"og:locale\" content=\"pl_PL\" \/>\n<meta property=\"og:type\" content=\"article\" \/>\n<meta property=\"og:title\" content=\"FIHP 120K Puffs Disposable Vape | 6-in-1 Flavors, LED Screen\" \/>\n<meta property=\"og:description\" content=\"FIHP 120K Puffs disposable vape with 6-in-1 flavors, dual mesh coils, LED screen, and 650mAh rechargeable battery. Available in 2% &amp; 5% nicotine.\" \/>\n<meta property=\"og:url\" content=\"https:\/\/vapemaison.com\/pl\/produkt\/fihp-120k-puffs-120000-6-w-1-hurtowy-jednorazowy-ekran-led-vape-shop\/\" \/>\n<meta property=\"og:site_name\" content=\"VapeMaison\" \/>\n<meta property=\"article:modified_time\" content=\"2026-01-22T07:36:34+00:00\" \/>\n<meta property=\"og:image\" content=\"https:\/\/vapemaison.com\/wp-content\/uploads\/2026\/01\/FIHP-120K-Puffs-8.webp\" \/>\n\t<meta property=\"og:image:width\" content=\"807\" \/>\n\t<meta property=\"og:image:height\" content=\"807\" \/>\n\t<meta property=\"og:image:type\" content=\"image\/webp\" \/>\n<meta name=\"twitter:card\" content=\"summary_large_image\" \/>\n<meta name=\"twitter:label1\" content=\"Szacowany czas czytania\" \/>\n\t<meta name=\"twitter:data1\" content=\"2 minuty\" \/>\n<!-- \/ Yoast SEO plugin. -->","yoast_head_json":{"title":"FIHP 120K Puffs Jednorazowe Vape | 6 smak\u00f3w w 1, ekran LED","description":"Jednorazowy vape FIHP 120K Puffs z 6 smakami w 1, podw\u00f3jnymi cewkami siatkowymi, ekranem LED i akumulatorem 650 mAh. Dost\u0119pny w wersjach 2% i 5% nikotyny.","robots":{"index":"index","follow":"follow","max-snippet":"max-snippet:-1","max-image-preview":"max-image-preview:large","max-video-preview":"max-video-preview:-1"},"canonical":"https:\/\/vapemaison.com\/pl\/produkt\/fihp-120k-puffs-120000-6-w-1-hurtowy-jednorazowy-ekran-led-vape-shop\/","og_locale":"pl_PL","og_type":"article","og_title":"FIHP 120K Puffs Disposable Vape | 6-in-1 Flavors, LED Screen","og_description":"FIHP 120K Puffs disposable vape with 6-in-1 flavors, dual mesh coils, LED screen, and 650mAh rechargeable battery. Available in 2% & 5% nicotine.","og_url":"https:\/\/vapemaison.com\/pl\/produkt\/fihp-120k-puffs-120000-6-w-1-hurtowy-jednorazowy-ekran-led-vape-shop\/","og_site_name":"VapeMaison","article_modified_time":"2026-01-22T07:36:34+00:00","og_image":[{"width":807,"height":807,"url":"https:\/\/vapemaison.com\/wp-content\/uploads\/2026\/01\/FIHP-120K-Puffs-8.webp","type":"image\/webp"}],"twitter_card":"summary_large_image","twitter_misc":{"Szacowany czas czytania":"2 minuty"},"schema":{"@context":"https:\/\/schema.org","@graph":[{"@type":"WebPage","@id":"https:\/\/vapemaison.com\/product\/fihp-120k-puffs-120000-6-in-1-wholesale-disposable-vape-shop-led-screen\/","url":"https:\/\/vapemaison.com\/product\/fihp-120k-puffs-120000-6-in-1-wholesale-disposable-vape-shop-led-screen\/","name":"FIHP 120K Puffs Jednorazowe Vape | 6 smak\u00f3w w 1, ekran LED","isPartOf":{"@id":"https:\/\/vapemaison.com\/#website"},"primaryImageOfPage":{"@id":"https:\/\/vapemaison.com\/product\/fihp-120k-puffs-120000-6-in-1-wholesale-disposable-vape-shop-led-screen\/#primaryimage"},"image":{"@id":"https:\/\/vapemaison.com\/product\/fihp-120k-puffs-120000-6-in-1-wholesale-disposable-vape-shop-led-screen\/#primaryimage"},"thumbnailUrl":"https:\/\/vapemaison.com\/wp-content\/uploads\/2026\/01\/FIHP-120K-Puffs-8.webp","datePublished":"2026-01-07T02:58:30+00:00","dateModified":"2026-01-22T07:36:34+00:00","description":"Jednorazowy vape FIHP 120K Puffs z 6 smakami w 1, podw\u00f3jnymi cewkami siatkowymi, ekranem LED i akumulatorem 650 mAh. Dost\u0119pny w wersjach 2% i 5% nikotyny.","breadcrumb":{"@id":"https:\/\/vapemaison.com\/product\/fihp-120k-puffs-120000-6-in-1-wholesale-disposable-vape-shop-led-screen\/#breadcrumb"},"inLanguage":"pl-PL","potentialAction":[{"@type":"ReadAction","target":["https:\/\/vapemaison.com\/product\/fihp-120k-puffs-120000-6-in-1-wholesale-disposable-vape-shop-led-screen\/"]}]},{"@type":"ImageObject","inLanguage":"pl-PL","@id":"https:\/\/vapemaison.com\/product\/fihp-120k-puffs-120000-6-in-1-wholesale-disposable-vape-shop-led-screen\/#primaryimage","url":"https:\/\/vapemaison.com\/wp-content\/uploads\/2026\/01\/FIHP-120K-Puffs-8.webp","contentUrl":"https:\/\/vapemaison.com\/wp-content\/uploads\/2026\/01\/FIHP-120K-Puffs-8.webp","width":807,"height":807,"caption":"FIHP-120K-Puffs-8"},{"@type":"BreadcrumbList","@id":"https:\/\/vapemaison.com\/product\/fihp-120k-puffs-120000-6-in-1-wholesale-disposable-vape-shop-led-screen\/#breadcrumb","itemListElement":[{"@type":"ListItem","position":1,"name":"\u9996\u9875","item":"https:\/\/vapemaison.com\/"},{"@type":"ListItem","position":2,"name":"Shop","item":"https:\/\/vapemaison.com\/shop\/"},{"@type":"ListItem","position":3,"name":"Waspe","item":"https:\/\/vapemaison.com\/brand\/waspe\/"},{"@type":"ListItem","position":4,"name":"FIHP 120K Puffs 120000 6 in 1 Wholesale Disposable Vape Shop LED Screen"}]},{"@type":"WebSite","@id":"https:\/\/vapemaison.com\/#website","url":"https:\/\/vapemaison.com\/","name":"VapeMaison","description":"Wysokiej jako\u015bci urz\u0105dzenia i akcesoria do waporyzacji","publisher":{"@id":"https:\/\/vapemaison.com\/#organization"},"potentialAction":[{"@type":"SearchAction","target":{"@type":"EntryPoint","urlTemplate":"https:\/\/vapemaison.com\/?s={search_term_string}"},"query-input":{"@type":"PropertyValueSpecification","valueRequired":true,"valueName":"search_term_string"}}],"inLanguage":"pl-PL"},{"@type":"Organization","@id":"https:\/\/vapemaison.com\/#organization","name":"VapeMaison","url":"https:\/\/vapemaison.com\/","logo":{"@type":"ImageObject","inLanguage":"pl-PL","@id":"https:\/\/vapemaison.com\/#\/schema\/logo\/image\/","url":"https:\/\/vapemaison.com\/wp-content\/uploads\/2026\/01\/cropped-vapemaison-logo-g-2026.webp","contentUrl":"https:\/\/vapemaison.com\/wp-content\/uploads\/2026\/01\/cropped-vapemaison-logo-g-2026.webp","width":350,"height":280,"caption":"VapeMaison"},"image":{"@id":"https:\/\/vapemaison.com\/#\/schema\/logo\/image\/"},"sameAs":["https:\/\/www.youtube.com\/@VapeMaison"]}]}},"tiered_pricing_type":"fixed","tiered_pricing_fixed_rules":{"30":"12.85","50":"12.10","100":"11.46","199":"10.99"},"tiered_pricing_product_settings":{"layout":"default","base_unit_name":{"singular":null,"plural":null},"default_variation":null},"tiered_pricing_minimum_quantity":10,"tiered_pricing_roles_data":[],"tiered_pricing_percentage_rules":[],"tiered_pricing_maximum_quantity":null,"tiered_pricing_quantity_step":"10","_links":{"self":[{"href":"https:\/\/vapemaison.com\/pl\/wp-json\/wp\/v2\/product\/25491","targetHints":{"allow":["GET"]}}],"collection":[{"href":"https:\/\/vapemaison.com\/pl\/wp-json\/wp\/v2\/product"}],"about":[{"href":"https:\/\/vapemaison.com\/pl\/wp-json\/wp\/v2\/types\/product"}],"replies":[{"embeddable":true,"href":"https:\/\/vapemaison.com\/pl\/wp-json\/wp\/v2\/comments?post=25491"}],"version-history":[{"count":2,"href":"https:\/\/vapemaison.com\/pl\/wp-json\/wp\/v2\/product\/25491\/revisions"}],"predecessor-version":[{"id":25505,"href":"https:\/\/vapemaison.com\/pl\/wp-json\/wp\/v2\/product\/25491\/revisions\/25505"}],"wp:featuredmedia":[{"embeddable":true,"href":"https:\/\/vapemaison.com\/pl\/wp-json\/wp\/v2\/media\/25510"}],"wp:attachment":[{"href":"https:\/\/vapemaison.com\/pl\/wp-json\/wp\/v2\/media?parent=25491"}],"wp:term":[{"taxonomy":"product_brand","embeddable":true,"href":"https:\/\/vapemaison.com\/pl\/wp-json\/wp\/v2\/product_brand?post=25491"},{"taxonomy":"product_cat","embeddable":true,"href":"https:\/\/vapemaison.com\/pl\/wp-json\/wp\/v2\/product_cat?post=25491"},{"taxonomy":"product_tag","embeddable":true,"href":"https:\/\/vapemaison.com\/pl\/wp-json\/wp\/v2\/product_tag?post=25491"}],"curies":[{"name":"wp","href":"https:\/\/api.w.org\/{rel}","templated":true}]}}