

{"id":25514,"date":"2026-01-07T06:21:26","date_gmt":"2026-01-07T06:21:26","guid":{"rendered":"https:\/\/vapemaison.com\/?post_type=product&#038;p=25514"},"modified":"2026-03-28T07:01:00","modified_gmt":"2026-03-28T07:01:00","slug":"razz-bar-30000-puffow-jednorazowy-vape","status":"publish","type":"product","link":"https:\/\/vapemaison.com\/pl\/product\/razz-bar-30000-puffs-disposable-vape\/","title":{"rendered":"RAZZ BAR 30000 puff\u00f3w jednorazowego u\u017cytku Vape"},"content":{"rendered":"<h3 class=\"wp-block-heading\">Zwi\u0119ksz swoje do\u015bwiadczenie w sprzeda\u017cy hurtowej z zaufanym europejskim dystrybutorem<\/h3>\n\n\n\n<p>Przez ponad <strong>8 lat<\/strong>, <strong>vapemaison<\/strong> jest zaufanym partnerem hurtowym w zakresie jednorazowych waporyzator\u00f3w premium w ca\u0142ej Europie, obs\u0142uguj\u0105cym sprzedawc\u00f3w detalicznych i hurtowych w <strong>Niemcy, Holandia, Belgia, Hiszpania, Francja, Portugalia, Polska, W\u0142ochy<\/strong>, i nie tylko.<\/p>\n\n\n\n<p>Jako do\u015bwiadczony dystrybutor uznanych na ca\u0142ym \u015bwiecie marek vape, vapemaison \u0142\u0105czy g\u0142\u0119bok\u0105 wiedz\u0119 bran\u017cow\u0105 ze \u015bcis\u0142\u0105 kontrol\u0105 jako\u015bci, aby zapewni\u0107, \u017ce ka\u017cdy produkt spe\u0142nia europejskie standardy rynkowe w zakresie <strong>wydajno\u015b\u0107, sp\u00f3jno\u015b\u0107 i bezpiecze\u0144stwo<\/strong>.<br>Z dum\u0105 prezentujemy <strong>RAZZ BAR 30000 puff\u00f3w jednorazowego u\u017cytku Vape<\/strong>-Wydajne urz\u0105dzenie zaprojektowane z my\u015bl\u0105 o niezawodno\u015bci, trwa\u0142o\u015bci i du\u017cym popycie detalicznym.<\/p>\n\n\n\n<h2 class=\"wp-block-heading\">RAZZ BAR 30000 Puffs - stworzony z my\u015bl\u0105 o sp\u00f3jno\u015bci i wydajno\u015bci<\/h2>\n\n\n\n<p>Zaprojektowany dla wymagaj\u0105cych europejskich konsument\u00f3w <strong>RAZZ BAR 30000 puff\u00f3w jednorazowego u\u017cytku Vape<\/strong> zapewnia p\u0142ynne i stabilne wra\u017cenia z waporyzacji od pierwszego do ostatniego zaci\u0105gni\u0119cia.<\/p>\n\n\n\n<p>Wyposa\u017cony w <strong>Akumulator o pojemno\u015bci 650 mAh<\/strong> oraz <strong>Szybkie \u0142adowanie typu C<\/strong>, Urz\u0105dzenie to eliminuje przestoje, co jest istotn\u0105 zalet\u0105 w por\u00f3wnaniu z tradycyjnymi urz\u0105dzeniami jednorazowymi. Urz\u0105dzenie <strong>Zaawansowana technologia cewek siatkowych<\/strong> zapewnia sta\u0142\u0105 moc pary, lepsz\u0105 klarowno\u015b\u0107 smaku i mniejsze przegrzewanie, ustanawiaj\u0105c nowy punkt odniesienia w zakresie d\u0142ugotrwa\u0142ych waporyzator\u00f3w jednorazowych.<\/p>\n\n\n\n<h2 class=\"wp-block-heading\">Kluczowe specyfikacje i zalety sprzeda\u017cy hurtowej<\/h2>\n\n\n\n<figure class=\"wp-block-table is-style-stripes\"><table class=\"has-fixed-layout\"><thead><tr><th>Cecha<\/th><th>Szczeg\u00f3\u0142y<\/th><\/tr><\/thead><tbody><tr><td>Pojemno\u015b\u0107 dmuchawy<\/td><td>Do <strong>30 000 zaci\u0105gni\u0119\u0107<\/strong><\/td><\/tr><tr><td>Bateria<\/td><td><strong>Akumulator o pojemno\u015bci 650 mAh<\/strong><\/td><\/tr><tr><td>\u0141adowanie<\/td><td><strong>Szybkie \u0142adowanie przez USB typu C<\/strong><\/td><\/tr><tr><td>Typ cewki<\/td><td><strong>Siatka cewki<\/strong> Stabilna para i bogaty smak<\/td><\/tr><tr><td>Opcje nikotyny<\/td><td><strong>2% \/ 5% s\u00f3l nikotynowa<\/strong><\/td><\/tr><tr><td>Smaki<\/td><td><strong>16 opcji smakowych premium<\/strong><\/td><\/tr><tr><td>Opakowanie<\/td><td><strong>200 sztuk w kartonie<\/strong><\/td><\/tr><tr><td>Rozmiar kartonu<\/td><td><strong>45,5 \u00d7 45,5 \u00d7 27,5 cm<\/strong><\/td><\/tr><tr><td>Waga kartonu<\/td><td><strong>25 kg<\/strong><\/td><\/tr><tr><td>Rynek docelowy<\/td><td>Sprzeda\u017c hurtowa i detaliczna w UE<\/td><\/tr><\/tbody><\/table><\/figure>\n\n\n\n<h3 class=\"wp-block-heading\">Dlaczego dobrze si\u0119 sprzedaje<\/h3>\n\n\n\n<ul class=\"wp-block-list\">\n<li><strong>Du\u017ca liczba zaci\u0105gni\u0119\u0107<\/strong> Zwi\u0119ksza zadowolenie klient\u00f3w i ponowne zakupy<\/li>\n\n\n\n<li><strong>Elastyczno\u015b\u0107 nikotyny<\/strong> obejmuje zar\u00f3wno lekkich, jak i ci\u0119\u017ckich u\u017cytkownik\u00f3w<\/li>\n\n\n\n<li><strong>Zoptymalizowane opakowanie zbiorcze<\/strong> Zmniejsza koszty wysy\u0142ki i przechowywania<\/li>\n\n\n\n<li><strong>Szeroki zakres smak\u00f3w<\/strong> poprawia konwersj\u0119 i obr\u00f3t na p\u00f3\u0142ce<\/li>\n<\/ul>\n\n\n\n<h2 class=\"wp-block-heading\">Wyb\u00f3r smak\u00f3w - 16 sprawdzonych opcji<\/h2>\n\n\n\n<p><strong>Potr\u00f3jny melon<\/strong> - Kantalupa, mi\u00f3d spadziowy i arbuz po\u0142\u0105czone w orze\u017awiaj\u0105c\u0105 letni\u0105 mieszank\u0119.<br><strong>L\u00f3d truskawkowy<\/strong> - S\u0142odkie dojrza\u0142e truskawki z chrupi\u0105cym lodowym wyko\u0144czeniem<br><strong>Kwa\u015bne jab\u0142ko<\/strong> - Wyraziste zielone jab\u0142ko z pikantnym, cukierkowym posmakiem<br><strong>Mango Brzoskwinia Arbuz<\/strong> - Tropikalne mango, delikatna brzoskwinia i soczysty arbuz<br><strong>Banan truskawkowy<\/strong> - Kremowy banan zr\u00f3wnowa\u017cony s\u0142odkimi truskawkami<br><strong>L\u00f3d jagodowy<\/strong> - Soczyste jagody w po\u0142\u0105czeniu z orze\u017awiaj\u0105cym ch\u0142odem<br><strong>Soczysty brzoskwiniowy l\u00f3d<\/strong> - Dojrza\u0142y brzoskwiniowy smak z g\u0142adk\u0105 lodow\u0105 nut\u0105<br><strong>Truskawka Kiwi<\/strong> - S\u0142odka truskawka \u0142\u0105czy si\u0119 z pikantnym kiwi<br><strong>Arbuzowy l\u00f3d<\/strong> - Czysty, orze\u017awiaj\u0105cy arbuz z lekkim ch\u0142odzeniem<br><strong>Letni sen<\/strong> - Jasna cytrusowa mieszanka z nutami cytryny i limonki<br><strong>Arbuz truskawkowy<\/strong> - Zr\u00f3wnowa\u017cone po\u0142\u0105czenie dw\u00f3ch klasycznych owoc\u00f3w<br><strong>Jagody mieszane<\/strong> - Harmonia malin, jag\u00f3d i je\u017cyn<br><strong>Blue Razz Ice<\/strong> - Cukierkowa niebieska malina z ch\u0142odnym wyko\u0144czeniem<br><strong>Lemon Lime<\/strong> - Ostry, orze\u017awiaj\u0105cy cytrusowy zapach<br><strong>Cola Ice<\/strong> - Klasyczny smak coli z lodow\u0105 nut\u0105<br><strong>Blackberry Ice<\/strong> - G\u0142\u0119boka s\u0142odycz je\u017cyn z subtelnym ch\u0142odzeniem<\/p>\n\n\n\n<h2 class=\"wp-block-heading\">Dlaczego warto wsp\u00f3\u0142pracowa\u0107 z vapemaison<\/h2>\n\n\n\n<p><strong>vapemaison<\/strong> to wi\u0119cej ni\u017c dostawca - jeste\u015bmy d\u0142ugoterminowym partnerem hurtowym dla europejskich firm vape.<\/p>\n\n\n\n<ul class=\"wp-block-list\">\n<li><strong>Konkurencyjne ceny hurtowe<\/strong> - Bezpo\u015brednie zaopatrzenie fabryczne z przejrzystymi cenami<\/li>\n\n\n\n<li><strong>Szybka i ubezpieczona wysy\u0142ka na terenie UE<\/strong> - Niezawodna dostawa na terenie ca\u0142ej Europy<\/li>\n\n\n\n<li><strong>Elastyczne metody p\u0142atno\u015bci<\/strong> - PayPal, karty kredytowe, przelewy SEPA, iDEAL, Bancontact<\/li>\n\n\n\n<li><strong>Zweryfikowana kontrola jako\u015bci<\/strong> - Produkty przetestowane pod k\u0105tem zgodno\u015bci z normami UE<\/li>\n\n\n\n<li><strong>Profesjonalne wsparcie posprzeda\u017cowe<\/strong> - Dedykowana us\u0142uga dla klient\u00f3w hurtowych<\/li>\n<\/ul>\n\n\n\n<h2 class=\"wp-block-heading\">Ulepsz sw\u00f3j ekwipunek za pomoc\u0105 RAZZ BAR 30000 Puff\u00f3w<\/h2>\n\n\n\n<p>The <strong>RAZZ BAR 30000 puff\u00f3w jednorazowego u\u017cytku Vape<\/strong> to sprawdzona si\u0142a nap\u0119dowa przychod\u00f3w - \u0142\u0105cz\u0105ca d\u0142ug\u0105 \u017cywotno\u015b\u0107, wysokiej jako\u015bci smaki i du\u017cy popyt konsument\u00f3w.<\/p>\n\n\n\n<p>Niezale\u017cnie od tego, czy jeste\u015b <strong>sprzedawca detaliczny, dystrybutor lub nabywca hurtowy<\/strong>, vapemaison zapewnia ceny, logistyk\u0119 i niezawodno\u015b\u0107 produkt\u00f3w potrzebne do rozwoju na rynku europejskim.<\/p>\n\n\n\n<p><strong>Skontaktuj si\u0119 z vapemaison ju\u017c dzi\u015b, aby uzyska\u0107 dost\u0119p do cen hurtowych i zabezpieczy\u0107 swoje zapasy.<\/strong><\/p>","protected":false},"excerpt":{"rendered":"<p>The <strong data-start=\"767\" data-end=\"807\">RAZZ BAR 30000 puff\u00f3w jednorazowego u\u017cytku Vape<\/strong> wyposa\u017cony jest w akumulator 650 mAh, technologi\u0119 cewki siatkowej i do 30 000 zaci\u0105gni\u0119\u0107. Dost\u0119pny w 16 smakach z nikotyn\u0105 2% lub 5%, idealny dla odbiorc\u00f3w hurtowych w UE.<\/p>","protected":false},"featured_media":25526,"comment_status":"open","ping_status":"closed","template":"","meta":[],"product_brand":[313],"product_cat":[134],"product_tag":[],"class_list":{"0":"post-25514","1":"product","2":"type-product","3":"status-publish","4":"has-post-thumbnail","6":"product_brand-razz-bar","7":"product_cat-30k-puffs","9":"first","10":"instock","11":"sale","12":"shipping-taxable","13":"purchasable","14":"product-type-variable"},"yoast_head":"<!-- This site is optimized with the Yoast SEO plugin v27.4 - https:\/\/yoast.com\/product\/yoast-seo-wordpress\/ -->\n<title>RAZZ BAR 30000 Puffs Disposable Vape | Wholesale Europe<\/title>\n<meta name=\"description\" content=\"RAZZ BAR 30000 Puffs disposable vape with mesh coil, 650mAh rechargeable battery and 16 flavors. Available in 2% &amp; 5% nicotine.\" \/>\n<meta name=\"robots\" content=\"index, follow, max-snippet:-1, max-image-preview:large, max-video-preview:-1\" \/>\n<link rel=\"canonical\" href=\"https:\/\/vapemaison.com\/pl\/produkt\/razz-bar-30000-puffow-jednorazowy-vape\/\" \/>\n<meta property=\"og:locale\" content=\"pl_PL\" \/>\n<meta property=\"og:type\" content=\"article\" \/>\n<meta property=\"og:title\" content=\"RAZZ BAR 30000 Puffs Disposable Vape | Wholesale Europe\" \/>\n<meta property=\"og:description\" content=\"RAZZ BAR 30000 Puffs disposable vape with mesh coil, 650mAh rechargeable battery and 16 flavors. Available in 2% &amp; 5% nicotine.\" \/>\n<meta property=\"og:url\" content=\"https:\/\/vapemaison.com\/pl\/produkt\/razz-bar-30000-puffow-jednorazowy-vape\/\" \/>\n<meta property=\"og:site_name\" content=\"VapeMaison\" \/>\n<meta property=\"article:modified_time\" content=\"2026-03-28T07:01:00+00:00\" \/>\n<meta property=\"og:image\" content=\"https:\/\/vapemaison.com\/wp-content\/uploads\/2026\/01\/wholesale-razz-bar-30000-puffs-authentic-disposable-vape-device-low-nicotine-bulk-purchase-5.webp\" \/>\n\t<meta property=\"og:image:width\" content=\"2000\" \/>\n\t<meta property=\"og:image:height\" content=\"2000\" \/>\n\t<meta property=\"og:image:type\" content=\"image\/webp\" \/>\n<meta name=\"twitter:card\" content=\"summary_large_image\" \/>\n<meta name=\"twitter:label1\" content=\"Szacowany czas czytania\" \/>\n\t<meta name=\"twitter:data1\" content=\"3 minuty\" \/>\n<!-- \/ Yoast SEO plugin. -->","yoast_head_json":{"title":"RAZZ BAR 30000 Puffs Jednorazowe Vape | Sprzeda\u017c hurtowa Europa","description":"Jednorazowy vape RAZZ BAR 30000 Puffs z cewk\u0105 siatkow\u0105, akumulatorem 650 mAh i 16 smakami. Dost\u0119pne w wersjach 2% i 5% nikotyny.","robots":{"index":"index","follow":"follow","max-snippet":"max-snippet:-1","max-image-preview":"max-image-preview:large","max-video-preview":"max-video-preview:-1"},"canonical":"https:\/\/vapemaison.com\/pl\/produkt\/razz-bar-30000-puffow-jednorazowy-vape\/","og_locale":"pl_PL","og_type":"article","og_title":"RAZZ BAR 30000 Puffs Disposable Vape | Wholesale Europe","og_description":"RAZZ BAR 30000 Puffs disposable vape with mesh coil, 650mAh rechargeable battery and 16 flavors. Available in 2% & 5% nicotine.","og_url":"https:\/\/vapemaison.com\/pl\/produkt\/razz-bar-30000-puffow-jednorazowy-vape\/","og_site_name":"VapeMaison","article_modified_time":"2026-03-28T07:01:00+00:00","og_image":[{"width":2000,"height":2000,"url":"https:\/\/vapemaison.com\/wp-content\/uploads\/2026\/01\/wholesale-razz-bar-30000-puffs-authentic-disposable-vape-device-low-nicotine-bulk-purchase-5.webp","type":"image\/webp"}],"twitter_card":"summary_large_image","twitter_misc":{"Szacowany czas czytania":"3 minuty"},"schema":{"@context":"https:\/\/schema.org","@graph":[{"@type":"WebPage","@id":"https:\/\/vapemaison.com\/product\/razz-bar-30000-puffs-disposable-vape\/","url":"https:\/\/vapemaison.com\/product\/razz-bar-30000-puffs-disposable-vape\/","name":"RAZZ BAR 30000 Puffs Jednorazowe Vape | Sprzeda\u017c hurtowa Europa","isPartOf":{"@id":"https:\/\/vapemaison.com\/#website"},"primaryImageOfPage":{"@id":"https:\/\/vapemaison.com\/product\/razz-bar-30000-puffs-disposable-vape\/#primaryimage"},"image":{"@id":"https:\/\/vapemaison.com\/product\/razz-bar-30000-puffs-disposable-vape\/#primaryimage"},"thumbnailUrl":"https:\/\/vapemaison.com\/wp-content\/uploads\/2026\/01\/wholesale-razz-bar-30000-puffs-authentic-disposable-vape-device-low-nicotine-bulk-purchase-5.webp","datePublished":"2026-01-07T06:21:26+00:00","dateModified":"2026-03-28T07:01:00+00:00","description":"Jednorazowy vape RAZZ BAR 30000 Puffs z cewk\u0105 siatkow\u0105, akumulatorem 650 mAh i 16 smakami. Dost\u0119pne w wersjach 2% i 5% nikotyny.","breadcrumb":{"@id":"https:\/\/vapemaison.com\/product\/razz-bar-30000-puffs-disposable-vape\/#breadcrumb"},"inLanguage":"pl-PL","potentialAction":[{"@type":"ReadAction","target":["https:\/\/vapemaison.com\/product\/razz-bar-30000-puffs-disposable-vape\/"]}]},{"@type":"ImageObject","inLanguage":"pl-PL","@id":"https:\/\/vapemaison.com\/product\/razz-bar-30000-puffs-disposable-vape\/#primaryimage","url":"https:\/\/vapemaison.com\/wp-content\/uploads\/2026\/01\/wholesale-razz-bar-30000-puffs-authentic-disposable-vape-device-low-nicotine-bulk-purchase-5.webp","contentUrl":"https:\/\/vapemaison.com\/wp-content\/uploads\/2026\/01\/wholesale-razz-bar-30000-puffs-authentic-disposable-vape-device-low-nicotine-bulk-purchase-5.webp","width":2000,"height":2000,"caption":"wholesale-razz-bar-30000-puffs-authentic-disposable-vape-device-low-nicotine-bulk-purchase-5"},{"@type":"BreadcrumbList","@id":"https:\/\/vapemaison.com\/product\/razz-bar-30000-puffs-disposable-vape\/#breadcrumb","itemListElement":[{"@type":"ListItem","position":1,"name":"\u9996\u9875","item":"https:\/\/vapemaison.com\/"},{"@type":"ListItem","position":2,"name":"Shop","item":"https:\/\/vapemaison.com\/shop\/"},{"@type":"ListItem","position":3,"name":"Razz Bar","item":"https:\/\/vapemaison.com\/brand\/razz-bar\/"},{"@type":"ListItem","position":4,"name":"RAZZ BAR 30000 Puffs\u00a0Disposable Vape"}]},{"@type":"WebSite","@id":"https:\/\/vapemaison.com\/#website","url":"https:\/\/vapemaison.com\/","name":"VapeMaison","description":"Wysokiej jako\u015bci urz\u0105dzenia i akcesoria do waporyzacji","publisher":{"@id":"https:\/\/vapemaison.com\/#organization"},"potentialAction":[{"@type":"SearchAction","target":{"@type":"EntryPoint","urlTemplate":"https:\/\/vapemaison.com\/?s={search_term_string}"},"query-input":{"@type":"PropertyValueSpecification","valueRequired":true,"valueName":"search_term_string"}}],"inLanguage":"pl-PL"},{"@type":"Organization","@id":"https:\/\/vapemaison.com\/#organization","name":"VapeMaison","url":"https:\/\/vapemaison.com\/","logo":{"@type":"ImageObject","inLanguage":"pl-PL","@id":"https:\/\/vapemaison.com\/#\/schema\/logo\/image\/","url":"https:\/\/vapemaison.com\/wp-content\/uploads\/2026\/01\/cropped-vapemaison-logo-g-2026.webp","contentUrl":"https:\/\/vapemaison.com\/wp-content\/uploads\/2026\/01\/cropped-vapemaison-logo-g-2026.webp","width":350,"height":280,"caption":"VapeMaison"},"image":{"@id":"https:\/\/vapemaison.com\/#\/schema\/logo\/image\/"},"sameAs":["https:\/\/www.youtube.com\/@VapeMaison"]}]}},"tiered_pricing_type":"fixed","tiered_pricing_fixed_rules":{"100":"10.21","200":"9.40","500":"8.82","1000":"8.41"},"tiered_pricing_product_settings":{"layout":"default","base_unit_name":{"singular":null,"plural":null},"default_variation":null},"tiered_pricing_minimum_quantity":50,"tiered_pricing_roles_data":[],"tiered_pricing_percentage_rules":[],"tiered_pricing_maximum_quantity":null,"tiered_pricing_quantity_step":"10","_links":{"self":[{"href":"https:\/\/vapemaison.com\/pl\/wp-json\/wp\/v2\/product\/25514","targetHints":{"allow":["GET"]}}],"collection":[{"href":"https:\/\/vapemaison.com\/pl\/wp-json\/wp\/v2\/product"}],"about":[{"href":"https:\/\/vapemaison.com\/pl\/wp-json\/wp\/v2\/types\/product"}],"replies":[{"embeddable":true,"href":"https:\/\/vapemaison.com\/pl\/wp-json\/wp\/v2\/comments?post=25514"}],"version-history":[{"count":4,"href":"https:\/\/vapemaison.com\/pl\/wp-json\/wp\/v2\/product\/25514\/revisions"}],"predecessor-version":[{"id":27863,"href":"https:\/\/vapemaison.com\/pl\/wp-json\/wp\/v2\/product\/25514\/revisions\/27863"}],"wp:featuredmedia":[{"embeddable":true,"href":"https:\/\/vapemaison.com\/pl\/wp-json\/wp\/v2\/media\/25526"}],"wp:attachment":[{"href":"https:\/\/vapemaison.com\/pl\/wp-json\/wp\/v2\/media?parent=25514"}],"wp:term":[{"taxonomy":"product_brand","embeddable":true,"href":"https:\/\/vapemaison.com\/pl\/wp-json\/wp\/v2\/product_brand?post=25514"},{"taxonomy":"product_cat","embeddable":true,"href":"https:\/\/vapemaison.com\/pl\/wp-json\/wp\/v2\/product_cat?post=25514"},{"taxonomy":"product_tag","embeddable":true,"href":"https:\/\/vapemaison.com\/pl\/wp-json\/wp\/v2\/product_tag?post=25514"}],"curies":[{"name":"wp","href":"https:\/\/api.w.org\/{rel}","templated":true}]}}