

{"id":25622,"date":"2026-01-08T07:10:16","date_gmt":"2026-01-08T07:10:16","guid":{"rendered":"https:\/\/vapemaison.com\/?post_type=product&#038;p=25622"},"modified":"2026-01-15T02:29:34","modified_gmt":"2026-01-15T02:29:34","slug":"razz-bar-15000-puff-ewolucja-waporyzacji-o-wysokiej-wydajnosci","status":"publish","type":"product","link":"https:\/\/vapemaison.com\/pl\/product\/razz-bar-15000-puffs-the-evolution-of-high-capacity-vaping\/","title":{"rendered":"RAZZ BAR 15000 Puffs: Ewolucja wapowania o du\u017cej pojemno\u015bci"},"content":{"rendered":"<p>The <strong>RAZZ BAR 15000 Puff\u00f3w<\/strong> jednorazowe vape obecnie rewolucjonizuje rynek europejski. Zaspokaja rosn\u0105ce zapotrzebowanie na wysokowydajne, zgodne z przepisami i zorientowane na u\u017cytkownika rozwi\u0105zania do waporyzacji. <strong>Ponadto<\/strong>, Zaprojektowali\u015bmy to urz\u0105dzenie zar\u00f3wno dla odbiorc\u00f3w detalicznych, jak i hurtowych, \u0142\u0105cz\u0105c najnowocze\u015bniejsz\u0105 technologi\u0119 z szerokim portfolio smak\u00f3w.<\/p>\n\n\n\n<p><strong>Opr\u00f3cz<\/strong> Dzi\u0119ki eleganckiej konstrukcji RAZZ BAR mo\u017ce pochwali\u0107 si\u0119 imponuj\u0105c\u0105 wydajno\u015bci\u0105 15 000 zaci\u0105gni\u0119\u0107. Ta wysoka wydajno\u015b\u0107 zapewnia d\u0142ugotrwa\u0142e u\u017cytkowanie i zmniejsza potrzeb\u0119 cz\u0119stej wymiany. <strong>W konsekwencji<\/strong>, Nabywcy zwracaj\u0105cy uwag\u0119 na koszty zyskuj\u0105 znaczn\u0105 przewag\u0119. <strong>Ponadto<\/strong>, Akumulator o pojemno\u015bci 650 mAh i port \u0142adowania typu C s\u0105 odpowiedzi\u0105 na trosk\u0119 o zr\u00f3wnowa\u017cony rozw\u00f3j, oferuj\u0105c jednocze\u015bnie nieprzerwan\u0105 przyjemno\u015b\u0107 z u\u017cytkowania. <strong>Wreszcie<\/strong>, Technologia Mesh Coil gwarantuje sta\u0142\u0105 produkcj\u0119 pary i dostarczanie bogatego smaku, co wyznacza nowy standard dla jednorazowych waporyzator\u00f3w w 2026 roku.<\/p>\n\n\n\n<h3 class=\"wp-block-heading\">Specyfikacja techniczna: Zaprojektowany dla doskona\u0142o\u015bci<\/h3>\n\n\n\n<p>Podczas gdy wiele urz\u0105dze\u0144 idzie na kompromis w kwestii mocy, RAZZ BAR k\u0142adzie nacisk na wydajno\u015b\u0107 dzi\u0119ki precyzyjnej in\u017cynierii.<\/p>\n\n\n\n<ul class=\"wp-block-list\">\n<li><strong>Moc nikotyny:<\/strong> U\u017cytkownicy mog\u0105 wybiera\u0107 pomi\u0119dzy opcjami z sol\u0105 nikotynow\u0105 2% i 5%. <strong>W rezultacie<\/strong>, Produkt jest zgodny z przepisami UE TPD, a jednocze\u015bnie jest przeznaczony zar\u00f3wno dla lekkich, jak i ci\u0119\u017ckich u\u017cytkownik\u00f3w.<\/li>\n\n\n\n<li><strong>Pojemno\u015b\u0107 dmuchawy:<\/strong> Urz\u0105dzenie zapewnia 15 000 zaci\u0105gni\u0119\u0107, co zapewnia d\u0142ugotrwa\u0142\u0105 wydajno\u015b\u0107 przy d\u0142u\u017cszym u\u017cytkowaniu.<\/li>\n\n\n\n<li><strong>Zasilanie bateryjne:<\/strong> Akumulator o pojemno\u015bci 650 mAh zapewnia zr\u00f3wnowa\u017cony rozw\u00f3j. <strong>Tymczasem<\/strong>, Port typu C zapewnia szybkie i wygodne \u0142adowanie.<\/li>\n\n\n\n<li><strong>Technologia cewki:<\/strong> Siatkowa cewka zwi\u0119ksza dok\u0142adno\u015b\u0107 smaku i wytwarza g\u0142adk\u0105 par\u0119.<\/li>\n\n\n\n<li><strong>Logistyka:<\/strong> Pakujemy 200 sztuk w karton, aby zoptymalizowa\u0107 wysy\u0142k\u0119. <strong>W szczeg\u00f3lno\u015bci<\/strong>, Wymiary (45,5\u00d745,5\u00d724,6 cm) i waga (21,6 kg) pozwalaj\u0105 na efektywne przechowywanie.<\/li>\n<\/ul>\n\n\n\n<h3 class=\"wp-block-heading\">Profil smakowy: Symfonia europejskich smak\u00f3w<\/h3>\n\n\n\n<p>Linia smak\u00f3w pokazuje nasze oddanie autentyczno\u015bci. <strong>W szczeg\u00f3lno\u015bci<\/strong>, Czerpiemy inspiracj\u0119 z bogatego dziedzictwa kulinarnego Europy i \u015bwiatowych trend\u00f3w.<\/p>\n\n\n\n<ul class=\"wp-block-list\">\n<li><strong>Kr\u00f3wka malinowa:<\/strong> Luksusowa mieszanka, kt\u00f3ra oferuje s\u0142odko-cierpk\u0105 r\u00f3wnowag\u0119 z aksamitnym wyko\u0144czeniem.<\/li>\n\n\n\n<li><strong>L\u00f3d truskawkowy:<\/strong> Soczyste truskawki \u0142\u0105cz\u0105 si\u0119 z orze\u017awiaj\u0105cym mentolem. <strong>W efekcie<\/strong>, przywo\u0142uje na my\u015bl letnie dni na francuskiej wsi.<\/li>\n\n\n\n<li><strong>Red Bull Ice:<\/strong> Ta pikantna mieszanka na\u015bladuje kultowy nap\u00f3j. <strong>Dlatego<\/strong>, Jest to idealne rozwi\u0105zanie dla os\u00f3b b\u0119d\u0105cych w ci\u0105g\u0142ym ruchu.<\/li>\n\n\n\n<li><strong>Kiwi Passion Fruit Guava:<\/strong> Tropikalne nuty przenosz\u0105 u\u017cytkownik\u00f3w na \u015br\u00f3dziemnomorskie pla\u017ce.<\/li>\n\n\n\n<li><strong>Mamba:<\/strong> Odwa\u017cne po\u0142\u0105czenie egzotycznych owoc\u00f3w, kt\u00f3re zapewnia pikantne doznania. <strong>Podobnie<\/strong>, <strong>L\u00f3d jagodowy<\/strong> oferuje ch\u0142odne, jagodowe doznania.<\/li>\n\n\n\n<li><strong>Brzoskwinia Mango Ananas:<\/strong> Ta mieszanka odzwierciedla zami\u0142owanie Europy do egzotycznych owoc\u00f3w. <strong>Z drugiej strony<\/strong>, <strong>Podw\u00f3jne jab\u0142ko<\/strong> zapewnia bogaty, aromatyczny i ponadczasowy klasyk.<\/li>\n<\/ul>\n\n\n\n<h3 class=\"wp-block-heading\">Zgodno\u015b\u0107 z przepisami i zapewnienie jako\u015bci<\/h3>\n\n\n\n<p>Naszym priorytetem jest zgodno\u015b\u0107 z przepisami europejskimi. <strong>Na przyk\u0142ad<\/strong>, RAZZ BAR 15000 Puffs jest \u015bci\u015ble zgodny z dyrektyw\u0105 UE w sprawie wyrob\u00f3w tytoniowych (TPD). <strong>Poniewa\u017c<\/strong> wsp\u00f3\u0142pracujemy z autoryzowanymi przedstawicielami UE (EU REP), gwarantujemy zgodno\u015b\u0107 z najnowszymi wymogami regulacyjnymi 2026. <strong>Dodatkowo<\/strong>, Ka\u017cdy produkt przechodzi rygorystyczne testy w celu spe\u0142nienia norm bezpiecze\u0144stwa. <strong>Dlatego<\/strong>, Hurtownicy i u\u017cytkownicy ko\u0144cowi mog\u0105 cieszy\u0107 si\u0119 ca\u0142kowitym spokojem.<\/p>\n\n\n\n<h3 class=\"wp-block-heading\">Zalety sprzeda\u017cy hurtowej: Dlaczego warto z nami wsp\u00f3\u0142pracowa\u0107?<\/h3>\n\n\n\n<p>Wyb\u00f3r odpowiedniego dostawcy ma kluczowe znaczenie dla rozwoju firmy. <strong>W konsekwencji<\/strong>, Oferujemy kilka kluczowych korzy\u015bci:<\/p>\n\n\n\n<ol start=\"1\" class=\"wp-block-list\">\n<li><strong>Konkurencyjne ceny:<\/strong> Korzystasz z rabat\u00f3w hurtowych i naszej gwarancji najni\u017cszej ceny. <strong>Tak wi\u0119c<\/strong>, maksymalizujesz rentowno\u015b\u0107 swojej firmy.<\/li>\n\n\n\n<li><strong>R\u00f3\u017cnorodne opcje p\u0142atno\u015bci:<\/strong> Zabezpieczamy transakcje za po\u015brednictwem PayPal, kart kredytowych, iDEAL, Bancontact i SEPA. <strong>Odpowiednio<\/strong>, Dostosowujemy si\u0119 do wszystkich preferencji regionalnych.<\/li>\n\n\n\n<li><strong>Szybka wysy\u0142ka:<\/strong> Nasze magazyny w UE zapewniaj\u0105 szybk\u0105 dostaw\u0119. <strong>W rezultacie<\/strong>, Minimalizujemy czas realizacji i utrzymujemy \u015bwie\u017co\u015b\u0107 zapas\u00f3w.<\/li>\n\n\n\n<li><strong>Dedykowane wsparcie:<\/strong> Nasz ca\u0142odobowy zesp\u00f3\u0142 obs\u0142ugi klienta zapewnia spersonalizowan\u0105 pomoc. <strong>Czy<\/strong> Je\u015bli potrzebujesz pomocy w z\u0142o\u017ceniu zam\u00f3wienia lub wsparcia posprzeda\u017cowego, jeste\u015bmy tutaj, aby Ci pom\u00f3c.<\/li>\n<\/ol>\n\n\n\n<h3 class=\"wp-block-heading\">Podsumowanie: Podnie\u015b sw\u00f3j biznes<\/h3>\n\n\n\n<p>Na rynku nap\u0119dzanym przez innowacje <strong>RAZZ BAR 15000 Puff\u00f3w<\/strong> wyr\u00f3\u017cnia si\u0119 jako wszechstronne rozwi\u0105zanie wysokiej jako\u015bci. <strong>Czy<\/strong> Ten produkt zapewnia doskona\u0142o\u015b\u0107 na wszystkich frontach, niezale\u017cnie od tego, czy jest skierowany do konsument\u00f3w dbaj\u0105cych o zdrowie, czy entuzjast\u00f3w smaku.<\/p>","protected":false},"excerpt":{"rendered":"<p>RAZZ BAR 15000 Puffs zapewnia wyj\u0105tkow\u0105 warto\u015b\u0107 dzi\u0119ki d\u0142ugotrwa\u0142ej pojemno\u015bci i zaawansowanej technologii Mesh Coil. Dzi\u0119ki portowi \u0142adowania typu C i pe\u0142nej zgodno\u015bci z TPD, urz\u0105dzenie to stanowi niezawodne, wysokowydajne rozwi\u0105zanie dla ka\u017cdego sprzedawcy detalicznego. Dzi\u0119ki temu mo\u017cesz zapewni\u0107 swoim klientom najwy\u017cszej jako\u015bci smak i wygod\u0119 w jednym eleganckim opakowaniu.<\/p>","protected":false},"featured_media":25668,"comment_status":"open","ping_status":"closed","template":"","meta":[],"product_brand":[313],"product_cat":[167],"product_tag":[],"class_list":{"0":"post-25622","1":"product","2":"type-product","3":"status-publish","4":"has-post-thumbnail","6":"product_brand-razz-bar","7":"product_cat-15k-puffs","9":"first","10":"instock","11":"sale","12":"shipping-taxable","13":"purchasable","14":"product-type-variable"},"yoast_head":"<!-- This site is optimized with the Yoast SEO plugin v27.4 - https:\/\/yoast.com\/product\/yoast-seo-wordpress\/ -->\n<title>RAZZ BAR 15000 Puffs | TPD Compliant Wholesale Vape<\/title>\n<meta name=\"description\" content=\"The RAZZ BAR 15000 Puffs offers TPD compliance, Mesh Coil technology, and 16 premium flavors. Shop now for exclusive wholesale pricing and fast EU shipping!\" \/>\n<meta name=\"robots\" content=\"index, follow, max-snippet:-1, max-image-preview:large, max-video-preview:-1\" \/>\n<link rel=\"canonical\" href=\"https:\/\/vapemaison.com\/pl\/produkt\/razz-bar-15000-puff-ewolucja-waporyzacji-o-wysokiej-wydajnosci\/\" \/>\n<meta property=\"og:locale\" content=\"pl_PL\" \/>\n<meta property=\"og:type\" content=\"article\" \/>\n<meta property=\"og:title\" content=\"RAZZ BAR 15000 Puffs | TPD Compliant Wholesale Vape\" \/>\n<meta property=\"og:description\" content=\"The RAZZ BAR 15000 Puffs offers TPD compliance, Mesh Coil technology, and 16 premium flavors. Shop now for exclusive wholesale pricing and fast EU shipping!\" \/>\n<meta property=\"og:url\" content=\"https:\/\/vapemaison.com\/pl\/produkt\/razz-bar-15000-puff-ewolucja-waporyzacji-o-wysokiej-wydajnosci\/\" \/>\n<meta property=\"og:site_name\" content=\"VapeMaison\" \/>\n<meta property=\"article:modified_time\" content=\"2026-01-15T02:29:34+00:00\" \/>\n<meta property=\"og:image\" content=\"https:\/\/vapemaison.com\/wp-content\/uploads\/2026\/01\/razz-bar-15000-puffs-product-display.jpg\" \/>\n\t<meta property=\"og:image:width\" content=\"1800\" \/>\n\t<meta property=\"og:image:height\" content=\"1800\" \/>\n\t<meta property=\"og:image:type\" content=\"image\/jpeg\" \/>\n<meta name=\"twitter:card\" content=\"summary_large_image\" \/>\n<meta name=\"twitter:label1\" content=\"Szacowany czas czytania\" \/>\n\t<meta name=\"twitter:data1\" content=\"3 minuty\" \/>\n<!-- \/ Yoast SEO plugin. -->","yoast_head_json":{"title":"RAZZ BAR 15000 Puffs | Hurtownia Vape zgodna z TPD","description":"RAZZ BAR 15000 Puffs oferuje zgodno\u015b\u0107 z TPD, technologi\u0119 Mesh Coil i 16 smak\u00f3w premium. Kup teraz, aby uzyska\u0107 ekskluzywne ceny hurtowe i szybk\u0105 wysy\u0142k\u0119 do UE!","robots":{"index":"index","follow":"follow","max-snippet":"max-snippet:-1","max-image-preview":"max-image-preview:large","max-video-preview":"max-video-preview:-1"},"canonical":"https:\/\/vapemaison.com\/pl\/produkt\/razz-bar-15000-puff-ewolucja-waporyzacji-o-wysokiej-wydajnosci\/","og_locale":"pl_PL","og_type":"article","og_title":"RAZZ BAR 15000 Puffs | TPD Compliant Wholesale Vape","og_description":"The RAZZ BAR 15000 Puffs offers TPD compliance, Mesh Coil technology, and 16 premium flavors. Shop now for exclusive wholesale pricing and fast EU shipping!","og_url":"https:\/\/vapemaison.com\/pl\/produkt\/razz-bar-15000-puff-ewolucja-waporyzacji-o-wysokiej-wydajnosci\/","og_site_name":"VapeMaison","article_modified_time":"2026-01-15T02:29:34+00:00","og_image":[{"width":1800,"height":1800,"url":"https:\/\/vapemaison.com\/wp-content\/uploads\/2026\/01\/razz-bar-15000-puffs-product-display.jpg","type":"image\/jpeg"}],"twitter_card":"summary_large_image","twitter_misc":{"Szacowany czas czytania":"3 minuty"},"schema":{"@context":"https:\/\/schema.org","@graph":[{"@type":"WebPage","@id":"https:\/\/vapemaison.com\/product\/razz-bar-15000-puffs-the-evolution-of-high-capacity-vaping\/","url":"https:\/\/vapemaison.com\/product\/razz-bar-15000-puffs-the-evolution-of-high-capacity-vaping\/","name":"RAZZ BAR 15000 Puffs | Hurtownia Vape zgodna z TPD","isPartOf":{"@id":"https:\/\/vapemaison.com\/#website"},"primaryImageOfPage":{"@id":"https:\/\/vapemaison.com\/product\/razz-bar-15000-puffs-the-evolution-of-high-capacity-vaping\/#primaryimage"},"image":{"@id":"https:\/\/vapemaison.com\/product\/razz-bar-15000-puffs-the-evolution-of-high-capacity-vaping\/#primaryimage"},"thumbnailUrl":"https:\/\/vapemaison.com\/wp-content\/uploads\/2026\/01\/razz-bar-15000-puffs-product-display.jpg","datePublished":"2026-01-08T07:10:16+00:00","dateModified":"2026-01-15T02:29:34+00:00","description":"RAZZ BAR 15000 Puffs oferuje zgodno\u015b\u0107 z TPD, technologi\u0119 Mesh Coil i 16 smak\u00f3w premium. Kup teraz, aby uzyska\u0107 ekskluzywne ceny hurtowe i szybk\u0105 wysy\u0142k\u0119 do UE!","breadcrumb":{"@id":"https:\/\/vapemaison.com\/product\/razz-bar-15000-puffs-the-evolution-of-high-capacity-vaping\/#breadcrumb"},"inLanguage":"pl-PL","potentialAction":[{"@type":"ReadAction","target":["https:\/\/vapemaison.com\/product\/razz-bar-15000-puffs-the-evolution-of-high-capacity-vaping\/"]}]},{"@type":"ImageObject","inLanguage":"pl-PL","@id":"https:\/\/vapemaison.com\/product\/razz-bar-15000-puffs-the-evolution-of-high-capacity-vaping\/#primaryimage","url":"https:\/\/vapemaison.com\/wp-content\/uploads\/2026\/01\/razz-bar-15000-puffs-product-display.jpg","contentUrl":"https:\/\/vapemaison.com\/wp-content\/uploads\/2026\/01\/razz-bar-15000-puffs-product-display.jpg","width":1800,"height":1800,"caption":"razz-bar-15000-puffs-product-display"},{"@type":"BreadcrumbList","@id":"https:\/\/vapemaison.com\/product\/razz-bar-15000-puffs-the-evolution-of-high-capacity-vaping\/#breadcrumb","itemListElement":[{"@type":"ListItem","position":1,"name":"\u9996\u9875","item":"https:\/\/vapemaison.com\/"},{"@type":"ListItem","position":2,"name":"Shop","item":"https:\/\/vapemaison.com\/shop\/"},{"@type":"ListItem","position":3,"name":"Razz Bar","item":"https:\/\/vapemaison.com\/brand\/razz-bar\/"},{"@type":"ListItem","position":4,"name":"RAZZ BAR 15000 Puffs: The Evolution of High-Capacity Vaping"}]},{"@type":"WebSite","@id":"https:\/\/vapemaison.com\/#website","url":"https:\/\/vapemaison.com\/","name":"VapeMaison","description":"Wysokiej jako\u015bci urz\u0105dzenia i akcesoria do waporyzacji","publisher":{"@id":"https:\/\/vapemaison.com\/#organization"},"potentialAction":[{"@type":"SearchAction","target":{"@type":"EntryPoint","urlTemplate":"https:\/\/vapemaison.com\/?s={search_term_string}"},"query-input":{"@type":"PropertyValueSpecification","valueRequired":true,"valueName":"search_term_string"}}],"inLanguage":"pl-PL"},{"@type":"Organization","@id":"https:\/\/vapemaison.com\/#organization","name":"VapeMaison","url":"https:\/\/vapemaison.com\/","logo":{"@type":"ImageObject","inLanguage":"pl-PL","@id":"https:\/\/vapemaison.com\/#\/schema\/logo\/image\/","url":"https:\/\/vapemaison.com\/wp-content\/uploads\/2026\/01\/cropped-vapemaison-logo-g-2026.webp","contentUrl":"https:\/\/vapemaison.com\/wp-content\/uploads\/2026\/01\/cropped-vapemaison-logo-g-2026.webp","width":350,"height":280,"caption":"VapeMaison"},"image":{"@id":"https:\/\/vapemaison.com\/#\/schema\/logo\/image\/"},"sameAs":["https:\/\/www.youtube.com\/@VapeMaison"]}]}},"tiered_pricing_type":"fixed","tiered_pricing_fixed_rules":{"100":"9.58","200":"8.73","500":"8.21"},"tiered_pricing_product_settings":{"layout":"default","base_unit_name":{"singular":null,"plural":null},"default_variation":null},"tiered_pricing_minimum_quantity":50,"tiered_pricing_roles_data":[],"tiered_pricing_percentage_rules":[],"tiered_pricing_maximum_quantity":null,"tiered_pricing_quantity_step":"10","_links":{"self":[{"href":"https:\/\/vapemaison.com\/pl\/wp-json\/wp\/v2\/product\/25622","targetHints":{"allow":["GET"]}}],"collection":[{"href":"https:\/\/vapemaison.com\/pl\/wp-json\/wp\/v2\/product"}],"about":[{"href":"https:\/\/vapemaison.com\/pl\/wp-json\/wp\/v2\/types\/product"}],"replies":[{"embeddable":true,"href":"https:\/\/vapemaison.com\/pl\/wp-json\/wp\/v2\/comments?post=25622"}],"version-history":[{"count":3,"href":"https:\/\/vapemaison.com\/pl\/wp-json\/wp\/v2\/product\/25622\/revisions"}],"predecessor-version":[{"id":25664,"href":"https:\/\/vapemaison.com\/pl\/wp-json\/wp\/v2\/product\/25622\/revisions\/25664"}],"wp:featuredmedia":[{"embeddable":true,"href":"https:\/\/vapemaison.com\/pl\/wp-json\/wp\/v2\/media\/25668"}],"wp:attachment":[{"href":"https:\/\/vapemaison.com\/pl\/wp-json\/wp\/v2\/media?parent=25622"}],"wp:term":[{"taxonomy":"product_brand","embeddable":true,"href":"https:\/\/vapemaison.com\/pl\/wp-json\/wp\/v2\/product_brand?post=25622"},{"taxonomy":"product_cat","embeddable":true,"href":"https:\/\/vapemaison.com\/pl\/wp-json\/wp\/v2\/product_cat?post=25622"},{"taxonomy":"product_tag","embeddable":true,"href":"https:\/\/vapemaison.com\/pl\/wp-json\/wp\/v2\/product_tag?post=25622"}],"curies":[{"name":"wp","href":"https:\/\/api.w.org\/{rel}","templated":true}]}}