

{"id":25624,"date":"2026-01-08T08:20:18","date_gmt":"2026-01-08T08:20:18","guid":{"rendered":"https:\/\/vapemaison.com\/?post_type=product&#038;p=25624"},"modified":"2026-01-15T02:29:02","modified_gmt":"2026-01-15T02:29:02","slug":"razz-bar-10000-puffow-akumulator-vape","status":"publish","type":"product","link":"https:\/\/vapemaison.com\/pl\/product\/razz-bar-10000-puffs-rechargeable-vape\/","title":{"rendered":"RAZZ BAR 10000 Puffs Vape z mo\u017cliwo\u015bci\u0105 \u0142adowania"},"content":{"rendered":"<p>The <strong>RAZZ BAR 10000 Puffs<\/strong> reprezentuje idealn\u0105 r\u00f3wnowag\u0119 mi\u0119dzy nowoczesn\u0105 technologi\u0105 a codzienn\u0105 wygod\u0105. <strong>W szczeg\u00f3lno\u015bci<\/strong>, To wysokiej jako\u015bci urz\u0105dzenie akumulatorowe oferuje do 10 000 p\u0142ynnych zaci\u0105gni\u0119\u0107 i jest dost\u0119pne w 16 r\u00f3\u017cnych smakach. <strong>Poniewa\u017c<\/strong> Charakteryzuje si\u0119 kompaktow\u0105 konstrukcj\u0105 i intuicyjn\u0105 obs\u0142ug\u0105, dzi\u0119ki czemu idealnie pasuje do Twojego stylu \u017cycia, niezale\u017cnie od tego, czy podr\u00f3\u017cujesz, czy odpoczywasz w domu. <strong>Ponadto<\/strong>, Pot\u0119\u017cna bateria 650 mAh obs\u0142uguje szybkie \u0142adowanie typu C, aby zapewni\u0107 niezawodn\u0105 wydajno\u015b\u0107 i g\u0119st\u0105 par\u0119 bez kompromis\u00f3w.<\/p>\n\n\n\n<p>\u0141\u0105cz\u0105c innowacyjn\u0105 technologi\u0119 Mesh Coil z przeno\u015bn\u0105 ram\u0105, RAZZ BAR zapewnia intensywny smak i r\u00f3wnomiern\u0105 produkcj\u0119 pary przy ka\u017cdym zaci\u0105gni\u0119ciu. <strong>W konsekwencji<\/strong>, Dzi\u0119ki temu mo\u017cesz cieszy\u0107 si\u0119 najwy\u017cszej jako\u015bci do\u015bwiadczeniem, kt\u00f3re dostosowuje si\u0119 do Twoich osobistych preferencji. <strong>Ponadto<\/strong>, Pojemny 20 ml zbiornik e-liquidu i elastyczne opcje nikotyny (2% lub 5%) sprawiaj\u0105, \u017ce urz\u0105dzenie to jest zr\u00f3wnowa\u017conym i wszechstronnym wyborem w por\u00f3wnaniu z tradycyjnymi jednorazowymi alternatywami.<\/p>\n\n\n\n<h3 class=\"wp-block-heading\">Specyfikacja techniczna: Precyzja i moc<\/h3>\n\n\n\n<ul class=\"wp-block-list\">\n<li><strong>Moc nikotyny:<\/strong> U\u017cytkownicy mog\u0105 wybiera\u0107 pomi\u0119dzy <strong>S\u00f3l nikotynowa 2% i 5%<\/strong>. <strong>W rezultacie<\/strong>, Mo\u017cesz dostosowa\u0107 swoje doznania, aby uzyska\u0107 \u0142agodne uderzenie w gard\u0142o lub bardziej intensywne doznania.<\/li>\n\n\n\n<li><strong>Pojemno\u015b\u0107 dmuchawy:<\/strong> Urz\u0105dzenie zapewnia do <strong>10 000 zaci\u0105gni\u0119\u0107<\/strong>. <strong>Dlatego<\/strong>, Jest to jedna z najtrwalszych opcji na rynku dla aktywnych u\u017cytkownik\u00f3w.<\/li>\n\n\n\n<li><strong>Zaawansowana bateria:<\/strong> Zintegrowany <strong>Akumulator o pojemno\u015bci 650 mAh<\/strong> wspiera codzienne potrzeby. <strong>Tymczasem<\/strong>, w <strong>Port typu C<\/strong> minimalizuje przestoje dzi\u0119ki szybkiemu \u0142adowaniu.<\/li>\n\n\n\n<li><strong>Innowacyjna cewka siatkowa:<\/strong> Technologia ta r\u00f3wnomiernie podgrzewa e-ciecz. <strong>W szczeg\u00f3lno\u015bci<\/strong>, Produkuje bogatsze aromaty i bardziej sp\u00f3jn\u0105 par\u0119 ni\u017c tradycyjne cewki.+1<\/li>\n\n\n\n<li><strong>Opakowanie hurtowe:<\/strong> Pakujemy <strong>200 sztuk w kartonie<\/strong> aby zapewni\u0107 efektywne przechowywanie i dystrybucj\u0119 dla nabywc\u00f3w hurtowych.<\/li>\n<\/ul>\n\n\n\n<h3 class=\"wp-block-heading\">Symfonia smak\u00f3w: 16 opcji premium<\/h3>\n\n\n\n<p>RAZZ BAR 10000 Puffs oferuje szeroki wyb\u00f3r smak\u00f3w, aby zapewni\u0107 ekscytuj\u0105ce doznania podczas waporyzacji. <strong>Czy<\/strong> Je\u015bli wolisz nuty owocowe, s\u0142odkie lub lodowate, w naszej ofercie znajdziesz co\u015b dla siebie:<\/p>\n\n\n\n<ul class=\"wp-block-list\">\n<li><strong>Fruit Classics:<\/strong> Truskawka Kiwi, Brzoskwinia Mango Ananas i Mieszane Jagody.<\/li>\n\n\n\n<li><strong>Lodowate orze\u017awienie:<\/strong> Watermelon Ice, Peach Ice i Blueberry Ice.<\/li>\n\n\n\n<li><strong>Unikalne mieszanki:<\/strong> Kiwi Passion Fruit Guava, Mamba i Blue Razz Lemonade.<\/li>\n\n\n\n<li><strong>Candy &amp; Soda:<\/strong> Gummy Bear i Cola Ice.<\/li>\n<\/ul>\n\n\n\n<h3 class=\"wp-block-heading\">Dlaczego warto wybra\u0107 RAZZ BAR 10kPuffs?<\/h3>\n\n\n\n<p><strong>Pierwszy<\/strong>, Urz\u0105dzenie to zmniejsza ilo\u015b\u0107 odpad\u00f3w \u015brodowiskowych, poniewa\u017c akumulator dzia\u0142a d\u0142u\u017cej ni\u017c standardowe jednorazowe baterie. <strong>Drugi<\/strong>, Zbiornik e-liquidu o du\u017cej pojemno\u015bci sprawia, \u017ce rzadko trzeba go wymienia\u0107. <strong>Wreszcie<\/strong>, Nasze rygorystyczne standardy jako\u015bci gwarantuj\u0105, \u017ce ka\u017cde urz\u0105dzenie jest bezpieczne, higieniczne i przyjazne dla u\u017cytkownika. <strong>W konsekwencji<\/strong>, Otrzymujesz produkt premium, kt\u00f3ry usprawnia Twoj\u0105 podr\u00f3\u017c waporyzacyjn\u0105, oferuj\u0105c jednocze\u015bnie niesamowit\u0105 warto\u015b\u0107.<\/p>","protected":false},"excerpt":{"rendered":"<p>RAZZ BAR 10000 Puffs \u0142\u0105czy w sobie ogromn\u0105 pojemno\u015b\u0107 20 ml z zaawansowan\u0105 technologi\u0105 Mesh Coil, zapewniaj\u0105c doskona\u0142e doznania smakowe. Dzi\u0119ki akumulatorowi o pojemno\u015bci 650 mAh i szybkiemu \u0142adowaniu typu C, urz\u0105dzenie to gwarantuje, \u017ce nigdy nie b\u0119dziesz musia\u0142 rezygnowa\u0107 z wydajno\u015bci. W rezultacie jest to idealne, d\u0142ugotrwa\u0142e rozwi\u0105zanie dla vaper\u00f3w, kt\u00f3rzy wymagaj\u0105 jako\u015bci i wygody.<\/p>","protected":false},"featured_media":25711,"comment_status":"open","ping_status":"closed","template":"","meta":[],"product_brand":[313],"product_cat":[132],"product_tag":[],"class_list":{"0":"post-25624","1":"product","2":"type-product","3":"status-publish","4":"has-post-thumbnail","6":"product_brand-razz-bar","7":"product_cat-10k-puffs","9":"first","10":"instock","11":"sale","12":"shipping-taxable","13":"purchasable","14":"product-type-variable"},"yoast_head":"<!-- This site is optimized with the Yoast SEO plugin v27.4 - https:\/\/yoast.com\/product\/yoast-seo-wordpress\/ -->\n<title>RAZZ BAR 10000 Puffs | Rechargeable Disposable Vape<\/title>\n<meta name=\"description\" content=\"The RAZZ BAR 10000 Puffs features 16 premium flavors, a rechargeable 650mAh battery. Shop now for the best wholesale prices and fast shipping!\" \/>\n<meta name=\"robots\" content=\"index, follow, max-snippet:-1, max-image-preview:large, max-video-preview:-1\" \/>\n<link rel=\"canonical\" href=\"https:\/\/vapemaison.com\/pl\/produkt\/razz-bar-10000-puffow-akumulator-vape\/\" \/>\n<meta property=\"og:locale\" content=\"pl_PL\" \/>\n<meta property=\"og:type\" content=\"article\" \/>\n<meta property=\"og:title\" content=\"RAZZ BAR 10000 Puffs | Rechargeable Disposable Vape\" \/>\n<meta property=\"og:description\" content=\"The RAZZ BAR 10000 Puffs features 16 premium flavors, a rechargeable 650mAh battery. Shop now for the best wholesale prices and fast shipping!\" \/>\n<meta property=\"og:url\" content=\"https:\/\/vapemaison.com\/pl\/produkt\/razz-bar-10000-puffow-akumulator-vape\/\" \/>\n<meta property=\"og:site_name\" content=\"VapeMaison\" \/>\n<meta property=\"article:modified_time\" content=\"2026-01-15T02:29:02+00:00\" \/>\n<meta property=\"og:image\" content=\"https:\/\/vapemaison.com\/wp-content\/uploads\/2026\/01\/razz-bar-10000-puffs-product-display.jpg\" \/>\n\t<meta property=\"og:image:width\" content=\"1800\" \/>\n\t<meta property=\"og:image:height\" content=\"1800\" \/>\n\t<meta property=\"og:image:type\" content=\"image\/jpeg\" \/>\n<meta name=\"twitter:card\" content=\"summary_large_image\" \/>\n<meta name=\"twitter:label1\" content=\"Szacowany czas czytania\" \/>\n\t<meta name=\"twitter:data1\" content=\"2 minuty\" \/>\n<!-- \/ Yoast SEO plugin. -->","yoast_head_json":{"title":"RAZZ BAR 10000 Puffs | Jednorazowy akumulator Vape","description":"RAZZ BAR 10000 Puffs oferuje 16 smak\u00f3w premium, akumulator 650 mAh. Kup teraz, aby uzyska\u0107 najlepsze ceny hurtowe i szybk\u0105 wysy\u0142k\u0119!","robots":{"index":"index","follow":"follow","max-snippet":"max-snippet:-1","max-image-preview":"max-image-preview:large","max-video-preview":"max-video-preview:-1"},"canonical":"https:\/\/vapemaison.com\/pl\/produkt\/razz-bar-10000-puffow-akumulator-vape\/","og_locale":"pl_PL","og_type":"article","og_title":"RAZZ BAR 10000 Puffs | Rechargeable Disposable Vape","og_description":"The RAZZ BAR 10000 Puffs features 16 premium flavors, a rechargeable 650mAh battery. Shop now for the best wholesale prices and fast shipping!","og_url":"https:\/\/vapemaison.com\/pl\/produkt\/razz-bar-10000-puffow-akumulator-vape\/","og_site_name":"VapeMaison","article_modified_time":"2026-01-15T02:29:02+00:00","og_image":[{"width":1800,"height":1800,"url":"https:\/\/vapemaison.com\/wp-content\/uploads\/2026\/01\/razz-bar-10000-puffs-product-display.jpg","type":"image\/jpeg"}],"twitter_card":"summary_large_image","twitter_misc":{"Szacowany czas czytania":"2 minuty"},"schema":{"@context":"https:\/\/schema.org","@graph":[{"@type":"WebPage","@id":"https:\/\/vapemaison.com\/product\/razz-bar-10000-puffs-rechargeable-vape\/","url":"https:\/\/vapemaison.com\/product\/razz-bar-10000-puffs-rechargeable-vape\/","name":"RAZZ BAR 10000 Puffs | Jednorazowy akumulator Vape","isPartOf":{"@id":"https:\/\/vapemaison.com\/#website"},"primaryImageOfPage":{"@id":"https:\/\/vapemaison.com\/product\/razz-bar-10000-puffs-rechargeable-vape\/#primaryimage"},"image":{"@id":"https:\/\/vapemaison.com\/product\/razz-bar-10000-puffs-rechargeable-vape\/#primaryimage"},"thumbnailUrl":"https:\/\/vapemaison.com\/wp-content\/uploads\/2026\/01\/razz-bar-10000-puffs-product-display.jpg","datePublished":"2026-01-08T08:20:18+00:00","dateModified":"2026-01-15T02:29:02+00:00","description":"RAZZ BAR 10000 Puffs oferuje 16 smak\u00f3w premium, akumulator 650 mAh. Kup teraz, aby uzyska\u0107 najlepsze ceny hurtowe i szybk\u0105 wysy\u0142k\u0119!","breadcrumb":{"@id":"https:\/\/vapemaison.com\/product\/razz-bar-10000-puffs-rechargeable-vape\/#breadcrumb"},"inLanguage":"pl-PL","potentialAction":[{"@type":"ReadAction","target":["https:\/\/vapemaison.com\/product\/razz-bar-10000-puffs-rechargeable-vape\/"]}]},{"@type":"ImageObject","inLanguage":"pl-PL","@id":"https:\/\/vapemaison.com\/product\/razz-bar-10000-puffs-rechargeable-vape\/#primaryimage","url":"https:\/\/vapemaison.com\/wp-content\/uploads\/2026\/01\/razz-bar-10000-puffs-product-display.jpg","contentUrl":"https:\/\/vapemaison.com\/wp-content\/uploads\/2026\/01\/razz-bar-10000-puffs-product-display.jpg","width":1800,"height":1800,"caption":"razz-bar-10000-puffs-product-display"},{"@type":"BreadcrumbList","@id":"https:\/\/vapemaison.com\/product\/razz-bar-10000-puffs-rechargeable-vape\/#breadcrumb","itemListElement":[{"@type":"ListItem","position":1,"name":"\u9996\u9875","item":"https:\/\/vapemaison.com\/"},{"@type":"ListItem","position":2,"name":"Shop","item":"https:\/\/vapemaison.com\/shop\/"},{"@type":"ListItem","position":3,"name":"Razz Bar","item":"https:\/\/vapemaison.com\/brand\/razz-bar\/"},{"@type":"ListItem","position":4,"name":"RAZZ BAR 10000 Puffs Rechargeable Vape"}]},{"@type":"WebSite","@id":"https:\/\/vapemaison.com\/#website","url":"https:\/\/vapemaison.com\/","name":"VapeMaison","description":"Wysokiej jako\u015bci urz\u0105dzenia i akcesoria do waporyzacji","publisher":{"@id":"https:\/\/vapemaison.com\/#organization"},"potentialAction":[{"@type":"SearchAction","target":{"@type":"EntryPoint","urlTemplate":"https:\/\/vapemaison.com\/?s={search_term_string}"},"query-input":{"@type":"PropertyValueSpecification","valueRequired":true,"valueName":"search_term_string"}}],"inLanguage":"pl-PL"},{"@type":"Organization","@id":"https:\/\/vapemaison.com\/#organization","name":"VapeMaison","url":"https:\/\/vapemaison.com\/","logo":{"@type":"ImageObject","inLanguage":"pl-PL","@id":"https:\/\/vapemaison.com\/#\/schema\/logo\/image\/","url":"https:\/\/vapemaison.com\/wp-content\/uploads\/2026\/01\/cropped-vapemaison-logo-g-2026.webp","contentUrl":"https:\/\/vapemaison.com\/wp-content\/uploads\/2026\/01\/cropped-vapemaison-logo-g-2026.webp","width":350,"height":280,"caption":"VapeMaison"},"image":{"@id":"https:\/\/vapemaison.com\/#\/schema\/logo\/image\/"},"sameAs":["https:\/\/www.youtube.com\/@VapeMaison"]}]}},"tiered_pricing_type":"fixed","tiered_pricing_fixed_rules":{"100":"11.72","200":"8.45","500":"7.68"},"tiered_pricing_product_settings":{"layout":"default","base_unit_name":{"singular":null,"plural":null},"default_variation":null},"tiered_pricing_minimum_quantity":50,"tiered_pricing_roles_data":[],"tiered_pricing_percentage_rules":[],"tiered_pricing_maximum_quantity":null,"tiered_pricing_quantity_step":"10","_links":{"self":[{"href":"https:\/\/vapemaison.com\/pl\/wp-json\/wp\/v2\/product\/25624","targetHints":{"allow":["GET"]}}],"collection":[{"href":"https:\/\/vapemaison.com\/pl\/wp-json\/wp\/v2\/product"}],"about":[{"href":"https:\/\/vapemaison.com\/pl\/wp-json\/wp\/v2\/types\/product"}],"replies":[{"embeddable":true,"href":"https:\/\/vapemaison.com\/pl\/wp-json\/wp\/v2\/comments?post=25624"}],"version-history":[{"count":2,"href":"https:\/\/vapemaison.com\/pl\/wp-json\/wp\/v2\/product\/25624\/revisions"}],"predecessor-version":[{"id":25671,"href":"https:\/\/vapemaison.com\/pl\/wp-json\/wp\/v2\/product\/25624\/revisions\/25671"}],"wp:featuredmedia":[{"embeddable":true,"href":"https:\/\/vapemaison.com\/pl\/wp-json\/wp\/v2\/media\/25711"}],"wp:attachment":[{"href":"https:\/\/vapemaison.com\/pl\/wp-json\/wp\/v2\/media?parent=25624"}],"wp:term":[{"taxonomy":"product_brand","embeddable":true,"href":"https:\/\/vapemaison.com\/pl\/wp-json\/wp\/v2\/product_brand?post=25624"},{"taxonomy":"product_cat","embeddable":true,"href":"https:\/\/vapemaison.com\/pl\/wp-json\/wp\/v2\/product_cat?post=25624"},{"taxonomy":"product_tag","embeddable":true,"href":"https:\/\/vapemaison.com\/pl\/wp-json\/wp\/v2\/product_tag?post=25624"}],"curies":[{"name":"wp","href":"https:\/\/api.w.org\/{rel}","templated":true}]}}