

{"id":25626,"date":"2026-01-08T10:42:46","date_gmt":"2026-01-08T10:42:46","guid":{"rendered":"https:\/\/vapemaison.com\/?post_type=product&#038;p=25626"},"modified":"2026-01-15T02:27:26","modified_gmt":"2026-01-15T02:27:26","slug":"razz-bar-12000-puff-12k-22ml-5-nic-salt","status":"publish","type":"product","link":"https:\/\/vapemaison.com\/pl\/product\/razz-bar-12000-puff-12k-22ml-5-nic-salt\/","title":{"rendered":"Razz bar 12000 puff 12K 22mL, 5% Nic Salt"},"content":{"rendered":"<p>The <strong>RAZZ BAR 12000 Puff\u00f3w<\/strong> reprezentuje szczyt nowoczesnej technologii waporyzacji. <strong>W szczeg\u00f3lno\u015bci<\/strong>, To flagowe urz\u0105dzenie zapewnia bardziej autentyczny smak i silniejsz\u0105 produkcj\u0119 pary ni\u017c jakikolwiek poprzedni model. <strong>Poniewa\u017c<\/strong> Posiada pot\u0119\u017cn\u0105 moc wyj\u015bciow\u0105 22 W ze zintegrowan\u0105 kontrol\u0105 napi\u0119cia i przep\u0142ywu powietrza, oferuje w pe\u0142ni konfigurowalne wra\u017cenia. <strong>Ponadto<\/strong>, Ogromna pojemno\u015b\u0107 22 ml e-liquidu i akumulator 650 mAh zapewniaj\u0105, \u017ce urz\u0105dzenie spe\u0142nia wszelkie oczekiwania dotycz\u0105ce solidno\u015bci i jednolito\u015bci.<\/p>\n\n\n\n<p><strong>Opr\u00f3cz<\/strong> RAZZ BAR 12000 charakteryzuje si\u0119 wysok\u0105 wydajno\u015bci\u0105, osza\u0142amiaj\u0105c\u0105 p\u00f3\u0142przezroczyst\u0105 obudow\u0105 i wyrafinowanym wzornictwem. Ta przyci\u0105gaj\u0105ca wzrok estetyka wyznacza nowe standardy w bran\u017cy. <strong>W konsekwencji<\/strong>, RAZZ BAR 12000 Puffs to najlepsze rozwi\u0105zanie dla tych, kt\u00f3rzy chc\u0105 podnie\u015b\u0107 poziom swoich do\u015bwiadcze\u0144 z e-papierosami.<\/p>\n\n\n\n<h3 class=\"wp-block-heading\">Specyfikacja techniczna: Zaprojektowany dla mocy<\/h3>\n\n\n\n<ul class=\"wp-block-list\">\n<li><strong>Pojemno\u015b\u0107 dmuchawy:<\/strong> Dostarcza do <strong>12 000 zaci\u0105gni\u0119\u0107<\/strong>, zapewniaj\u0105c d\u0142ugoterminow\u0105 warto\u015b\u0107 dla ka\u017cdego u\u017cytkownika.<\/li>\n\n\n\n<li><strong>Ogromna pojemno\u015b\u0107:<\/strong> Ka\u017cde urz\u0105dzenie zawiera <strong>22 ml najwy\u017cszej jako\u015bci e-liquidu<\/strong>. <strong>Dlatego<\/strong>, pozwala cieszy\u0107 si\u0119 tygodniami nieprzerwanego u\u017cytkowania.<\/li>\n\n\n\n<li><strong>Zmienna moc:<\/strong> The <strong>Moc wyj\u015bciowa 22 W<\/strong> w po\u0142\u0105czeniu z <strong>Kontrola przep\u0142ywu powietrza<\/strong> umo\u017cliwia precyzyjne dostosowanie g\u0119sto\u015bci pary.<\/li>\n\n\n\n<li><strong>Opcje nikotyny:<\/strong> Dost\u0119pne w <strong>2% i 5% s\u00f3l nikotyny<\/strong> aby dostosowa\u0107 si\u0119 do r\u00f3\u017cnych preferencji u\u017cytkownik\u00f3w i regulacji rynkowych.<\/li>\n\n\n\n<li><strong>Inteligentne funkcje:<\/strong> Zintegrowany <strong>O\u015bwietlenie RGB<\/strong> dodaje nowoczesnego akcentu, podczas gdy <strong>Port typu C<\/strong> zapewnia szybkie \u0142adowanie.<\/li>\n\n\n\n<li><strong>Zaawansowana cewka siatkowa:<\/strong> Technologia ta r\u00f3wnomiernie podgrzewa ciecz. <strong>W szczeg\u00f3lno\u015bci<\/strong>, Gwarantuje g\u0142adkie uderzenie w gard\u0142o i autentyczny smak od pierwszego do ostatniego zaci\u0105gni\u0119cia.<\/li>\n<\/ul>\n\n\n\n<h3 class=\"wp-block-heading\">Wyb\u00f3r smak\u00f3w premium: 16 mieszanek Elite<\/h3>\n\n\n\n<p>Linia RAZZ BAR 12000 oferuje szerok\u0105 gam\u0119 smak\u00f3w. <strong>Czy<\/strong> Je\u015bli wolisz lodowate orze\u017awienie lub s\u0142odkie mieszanki s\u0142odyczy, nasza kolekcja zaspokoi ka\u017cde podniebienie:<\/p>\n\n\n\n<ul class=\"wp-block-list\">\n<li><strong>Owoce i l\u00f3d:<\/strong> Peach Ice, Watermelon Ice, Mango Ice i Blueberry Ice.<\/li>\n\n\n\n<li><strong>Egzotyczne fuzje:<\/strong> Kiwi Passion Fruit Guava, Mamba i Blueberry Raspberry.<\/li>\n\n\n\n<li><strong>Klasyczne s\u0142odycze:<\/strong> Truskawkowo-arbuzowa guma balonowa i jagodowa guma balonowa.<\/li>\n\n\n\n<li><strong>Inspirowane napojami:<\/strong> Red Bull Ice i Blue Razz Lemonade.<\/li>\n<\/ul>\n\n\n\n<h3 class=\"wp-block-heading\">Zalety sprzeda\u017cy hurtowej i detalicznej<\/h3>\n\n\n\n<p><strong>Wyb\u00f3r<\/strong> Nasze produkty zapewniaj\u0105 przewag\u0119 konkurencyjn\u0105 na lokalnym rynku. <strong>Odpowiednio<\/strong>, Zapewniamy zoptymalizowan\u0105 logistyk\u0119 dla wszystkich partner\u00f3w biznesowych:<\/p>\n\n\n\n<ul class=\"wp-block-list\">\n<li><strong>Wy\u015bwietlacz gotowy:<\/strong> Ka\u017cde pude\u0142ko ekspozycyjne zawiera 10 sztuk.<\/li>\n\n\n\n<li><strong>Opakowanie zbiorcze:<\/strong> Pakujemy 200 sztuk w karton, aby zapewni\u0107 efektywne przechowywanie.<\/li>\n\n\n\n<li><strong>Gwarantowane bezpiecze\u0144stwo:<\/strong> Ka\u017cda jednostka przechodzi \u015bcis\u0142\u0105 kontrol\u0119 jako\u015bci, aby spe\u0142ni\u0107 mi\u0119dzynarodowe standardy. <strong>Tak wi\u0119c<\/strong>, mo\u017cesz sprzedawa\u0107 z ca\u0142kowit\u0105 pewno\u015bci\u0105.<\/li>\n<\/ul>\n\n\n\n<h3 class=\"wp-block-heading\">Cz\u0119sto zadawane pytania (FAQ)<\/h3>\n\n\n\n<p><strong>1. Czy mog\u0119 regulowa\u0107 przep\u0142yw powietrza?<\/strong> Tak, urz\u0105dzenie jest wyposa\u017cone w <strong>Kontrola przep\u0142ywu powietrza<\/strong> zaw\u00f3r. <strong>W konsekwencji<\/strong>, Mo\u017cesz prze\u0142\u0105cza\u0107 si\u0119 mi\u0119dzy ciasnym rysunkiem a bardziej otwartym, ci\u0119\u017ckim doznaniem.<\/p>\n\n\n\n<p><strong>2. Jak d\u0142ugo wystarcza pojemno\u015b\u0107 12 000 puszek?<\/strong> Przy normalnym u\u017cytkowaniu zbiornik o pojemno\u015bci 22 ml wystarcza na kilka tygodni. <strong>Jednak\u017ce<\/strong>, Dok\u0142adny czas pracy zale\u017cy od preferowanej mocy i ustawie\u0144 przep\u0142ywu powietrza.<\/p>\n\n\n\n<p><strong>3. Czy bateri\u0119 mo\u017cna \u0142adowa\u0107?<\/strong> Absolutnie. <strong>Od<\/strong> Zawiera bateri\u0119 650 mAh i port typu C, dzi\u0119ki czemu mo\u017cna w pe\u0142ni wykorzysta\u0107 ka\u017cd\u0105 kropl\u0119 e-liquidu.<\/p>\n\n\n\n<p><\/p>","protected":false},"excerpt":{"rendered":"<p>RAZZ BAR 12000 Puffs \u0142\u0105czy w sobie ogromn\u0105 pojemno\u015b\u0107 22 ml e-liquidu z pot\u0119\u017cn\u0105 regulowan\u0105 moc\u0105 wyj\u015bciow\u0105 22W. Dzi\u0119ki regulacji przep\u0142ywu powietrza i akumulatorowi typu C, urz\u0105dzenie to zapewnia dopasowane i d\u0142ugotrwa\u0142e doznania podczas waporyzacji. W rezultacie jest to najlepszy wyb\u00f3r dla os\u00f3b poszukuj\u0105cych doskona\u0142ego smaku i nowoczesnego wzornictwa.<\/p>","protected":false},"featured_media":25778,"comment_status":"open","ping_status":"closed","template":"","meta":[],"product_brand":[313],"product_cat":[154],"product_tag":[],"class_list":{"0":"post-25626","1":"product","2":"type-product","3":"status-publish","4":"has-post-thumbnail","6":"product_brand-razz-bar","7":"product_cat-12k-puffs","9":"first","10":"instock","11":"sale","12":"shipping-taxable","13":"purchasable","14":"product-type-variable"},"yoast_head":"<!-- This site is optimized with the Yoast SEO plugin v27.4 - https:\/\/yoast.com\/product\/yoast-seo-wordpress\/ -->\n<title>RAZZ BAR 12000 Puffs Adjustable Airflow Disposable Vape<\/title>\n<meta name=\"description\" content=\"Discover the RAZZ BAR 12000 Puffs. Features 22ml capacity, 22W power control, RGB lights, and Mesh Coil technology. Shop wholesale now for the best prices!\" \/>\n<meta name=\"robots\" content=\"index, follow, max-snippet:-1, max-image-preview:large, max-video-preview:-1\" \/>\n<link rel=\"canonical\" href=\"https:\/\/vapemaison.com\/pl\/produkt\/razz-bar-12000-puff-12k-22ml-5-nic-salt\/\" \/>\n<meta property=\"og:locale\" content=\"pl_PL\" \/>\n<meta property=\"og:type\" content=\"article\" \/>\n<meta property=\"og:title\" content=\"RAZZ BAR 12000 Puffs Adjustable Airflow Disposable Vape\" \/>\n<meta property=\"og:description\" content=\"Discover the RAZZ BAR 12000 Puffs. Features 22ml capacity, 22W power control, RGB lights, and Mesh Coil technology. Shop wholesale now for the best prices!\" \/>\n<meta property=\"og:url\" content=\"https:\/\/vapemaison.com\/pl\/produkt\/razz-bar-12000-puff-12k-22ml-5-nic-salt\/\" \/>\n<meta property=\"og:site_name\" content=\"VapeMaison\" \/>\n<meta property=\"article:modified_time\" content=\"2026-01-15T02:27:26+00:00\" \/>\n<meta property=\"og:image\" content=\"https:\/\/vapemaison.com\/wp-content\/uploads\/2026\/01\/razz-bar-12000-puffs-vape-product-display.webp\" \/>\n\t<meta property=\"og:image:width\" content=\"640\" \/>\n\t<meta property=\"og:image:height\" content=\"640\" \/>\n\t<meta property=\"og:image:type\" content=\"image\/webp\" \/>\n<meta name=\"twitter:card\" content=\"summary_large_image\" \/>\n<meta name=\"twitter:label1\" content=\"Szacowany czas czytania\" \/>\n\t<meta name=\"twitter:data1\" content=\"3 minuty\" \/>\n<!-- \/ Yoast SEO plugin. -->","yoast_head_json":{"title":"RAZZ BAR 12000 Puffs Regulowany przep\u0142yw powietrza Jednorazowy Vape","description":"Odkryj RAZZ BAR 12000 Puffs. Charakteryzuje si\u0119 pojemno\u015bci\u0105 22 ml, regulacj\u0105 mocy 22 W, o\u015bwietleniem RGB i technologi\u0105 Mesh Coil. Kupuj hurtowo, aby uzyska\u0107 najlepsze ceny!","robots":{"index":"index","follow":"follow","max-snippet":"max-snippet:-1","max-image-preview":"max-image-preview:large","max-video-preview":"max-video-preview:-1"},"canonical":"https:\/\/vapemaison.com\/pl\/produkt\/razz-bar-12000-puff-12k-22ml-5-nic-salt\/","og_locale":"pl_PL","og_type":"article","og_title":"RAZZ BAR 12000 Puffs Adjustable Airflow Disposable Vape","og_description":"Discover the RAZZ BAR 12000 Puffs. Features 22ml capacity, 22W power control, RGB lights, and Mesh Coil technology. Shop wholesale now for the best prices!","og_url":"https:\/\/vapemaison.com\/pl\/produkt\/razz-bar-12000-puff-12k-22ml-5-nic-salt\/","og_site_name":"VapeMaison","article_modified_time":"2026-01-15T02:27:26+00:00","og_image":[{"width":640,"height":640,"url":"https:\/\/vapemaison.com\/wp-content\/uploads\/2026\/01\/razz-bar-12000-puffs-vape-product-display.webp","type":"image\/webp"}],"twitter_card":"summary_large_image","twitter_misc":{"Szacowany czas czytania":"3 minuty"},"schema":{"@context":"https:\/\/schema.org","@graph":[{"@type":"WebPage","@id":"https:\/\/vapemaison.com\/product\/razz-bar-12000-puff-12k-22ml-5-nic-salt\/","url":"https:\/\/vapemaison.com\/product\/razz-bar-12000-puff-12k-22ml-5-nic-salt\/","name":"RAZZ BAR 12000 Puffs Regulowany przep\u0142yw powietrza Jednorazowy Vape","isPartOf":{"@id":"https:\/\/vapemaison.com\/#website"},"primaryImageOfPage":{"@id":"https:\/\/vapemaison.com\/product\/razz-bar-12000-puff-12k-22ml-5-nic-salt\/#primaryimage"},"image":{"@id":"https:\/\/vapemaison.com\/product\/razz-bar-12000-puff-12k-22ml-5-nic-salt\/#primaryimage"},"thumbnailUrl":"https:\/\/vapemaison.com\/wp-content\/uploads\/2026\/01\/razz-bar-12000-puffs-vape-product-display.webp","datePublished":"2026-01-08T10:42:46+00:00","dateModified":"2026-01-15T02:27:26+00:00","description":"Odkryj RAZZ BAR 12000 Puffs. Charakteryzuje si\u0119 pojemno\u015bci\u0105 22 ml, regulacj\u0105 mocy 22 W, o\u015bwietleniem RGB i technologi\u0105 Mesh Coil. Kupuj hurtowo, aby uzyska\u0107 najlepsze ceny!","breadcrumb":{"@id":"https:\/\/vapemaison.com\/product\/razz-bar-12000-puff-12k-22ml-5-nic-salt\/#breadcrumb"},"inLanguage":"pl-PL","potentialAction":[{"@type":"ReadAction","target":["https:\/\/vapemaison.com\/product\/razz-bar-12000-puff-12k-22ml-5-nic-salt\/"]}]},{"@type":"ImageObject","inLanguage":"pl-PL","@id":"https:\/\/vapemaison.com\/product\/razz-bar-12000-puff-12k-22ml-5-nic-salt\/#primaryimage","url":"https:\/\/vapemaison.com\/wp-content\/uploads\/2026\/01\/razz-bar-12000-puffs-vape-product-display.webp","contentUrl":"https:\/\/vapemaison.com\/wp-content\/uploads\/2026\/01\/razz-bar-12000-puffs-vape-product-display.webp","width":640,"height":640,"caption":"razz-bar-12000-puffs-vape-product-display"},{"@type":"BreadcrumbList","@id":"https:\/\/vapemaison.com\/product\/razz-bar-12000-puff-12k-22ml-5-nic-salt\/#breadcrumb","itemListElement":[{"@type":"ListItem","position":1,"name":"\u9996\u9875","item":"https:\/\/vapemaison.com\/"},{"@type":"ListItem","position":2,"name":"Shop","item":"https:\/\/vapemaison.com\/shop\/"},{"@type":"ListItem","position":3,"name":"Razz Bar","item":"https:\/\/vapemaison.com\/brand\/razz-bar\/"},{"@type":"ListItem","position":4,"name":"Razz bar 12000 puff 12K 22mL, 5% Nic Salt"}]},{"@type":"WebSite","@id":"https:\/\/vapemaison.com\/#website","url":"https:\/\/vapemaison.com\/","name":"VapeMaison","description":"Wysokiej jako\u015bci urz\u0105dzenia i akcesoria do waporyzacji","publisher":{"@id":"https:\/\/vapemaison.com\/#organization"},"potentialAction":[{"@type":"SearchAction","target":{"@type":"EntryPoint","urlTemplate":"https:\/\/vapemaison.com\/?s={search_term_string}"},"query-input":{"@type":"PropertyValueSpecification","valueRequired":true,"valueName":"search_term_string"}}],"inLanguage":"pl-PL"},{"@type":"Organization","@id":"https:\/\/vapemaison.com\/#organization","name":"VapeMaison","url":"https:\/\/vapemaison.com\/","logo":{"@type":"ImageObject","inLanguage":"pl-PL","@id":"https:\/\/vapemaison.com\/#\/schema\/logo\/image\/","url":"https:\/\/vapemaison.com\/wp-content\/uploads\/2026\/01\/cropped-vapemaison-logo-g-2026.webp","contentUrl":"https:\/\/vapemaison.com\/wp-content\/uploads\/2026\/01\/cropped-vapemaison-logo-g-2026.webp","width":350,"height":280,"caption":"VapeMaison"},"image":{"@id":"https:\/\/vapemaison.com\/#\/schema\/logo\/image\/"},"sameAs":["https:\/\/www.youtube.com\/@VapeMaison"]}]}},"tiered_pricing_type":"fixed","tiered_pricing_fixed_rules":{"100":"11.13","200":"10.24","500":"9.45"},"tiered_pricing_product_settings":{"layout":"default","base_unit_name":{"singular":null,"plural":null},"default_variation":null},"tiered_pricing_minimum_quantity":50,"tiered_pricing_roles_data":[],"tiered_pricing_percentage_rules":[],"tiered_pricing_maximum_quantity":null,"tiered_pricing_quantity_step":"10","_links":{"self":[{"href":"https:\/\/vapemaison.com\/pl\/wp-json\/wp\/v2\/product\/25626","targetHints":{"allow":["GET"]}}],"collection":[{"href":"https:\/\/vapemaison.com\/pl\/wp-json\/wp\/v2\/product"}],"about":[{"href":"https:\/\/vapemaison.com\/pl\/wp-json\/wp\/v2\/types\/product"}],"replies":[{"embeddable":true,"href":"https:\/\/vapemaison.com\/pl\/wp-json\/wp\/v2\/comments?post=25626"}],"version-history":[{"count":2,"href":"https:\/\/vapemaison.com\/pl\/wp-json\/wp\/v2\/product\/25626\/revisions"}],"predecessor-version":[{"id":25821,"href":"https:\/\/vapemaison.com\/pl\/wp-json\/wp\/v2\/product\/25626\/revisions\/25821"}],"wp:featuredmedia":[{"embeddable":true,"href":"https:\/\/vapemaison.com\/pl\/wp-json\/wp\/v2\/media\/25778"}],"wp:attachment":[{"href":"https:\/\/vapemaison.com\/pl\/wp-json\/wp\/v2\/media?parent=25626"}],"wp:term":[{"taxonomy":"product_brand","embeddable":true,"href":"https:\/\/vapemaison.com\/pl\/wp-json\/wp\/v2\/product_brand?post=25626"},{"taxonomy":"product_cat","embeddable":true,"href":"https:\/\/vapemaison.com\/pl\/wp-json\/wp\/v2\/product_cat?post=25626"},{"taxonomy":"product_tag","embeddable":true,"href":"https:\/\/vapemaison.com\/pl\/wp-json\/wp\/v2\/product_tag?post=25626"}],"curies":[{"name":"wp","href":"https:\/\/api.w.org\/{rel}","templated":true}]}}