

{"id":25629,"date":"2026-01-08T09:57:26","date_gmt":"2026-01-08T09:57:26","guid":{"rendered":"https:\/\/vapemaison.com\/?post_type=product&#038;p=25629"},"modified":"2026-01-15T02:27:37","modified_gmt":"2026-01-15T02:27:37","slug":"razz-bar-40000-puffow-do-waporyzacji-o-dwoch-smakach","status":"publish","type":"product","link":"https:\/\/vapemaison.com\/pl\/product\/razz-bar-40000-puffs-dual-flavor-vaping\/","title":{"rendered":"RAZZ BAR 40000 Puffs: Dual-Flavor Vaping"},"content":{"rendered":"<p>The <strong>RAZZ BAR 40000 Puff\u00f3w<\/strong> jest prawdziwym tytanem na rynku jednorazowych e-papieros\u00f3w. <strong>W szczeg\u00f3lno\u015bci<\/strong>, Zapewnia on bezprecedensowe 40 000 zaci\u0105gni\u0119\u0107 i jest wyposa\u017cony w innowacyjny system dw\u00f3ch zbiornik\u00f3w, kt\u00f3ry umo\u017cliwia dostosowanie go do w\u0142asnych potrzeb.<sup><\/sup> <strong>Poniewa\u017c<\/strong> Zaprojektowali\u015bmy to urz\u0105dzenie z my\u015bl\u0105 o maksymalnej trwa\u0142o\u015bci, dzi\u0119ki czemu jest idealnym towarzyszem codziennego \u017cycia. <strong>Ponadto<\/strong>, Konstrukcja o du\u017cej pojemno\u015bci zapewnia doskona\u0142\u0105 jako\u015b\u0107 pary bez konieczno\u015bci ci\u0105g\u0142ej wymiany.<sup><\/sup>+1<\/p>\n\n\n\n<p>Urz\u0105dzenie to doskonale \u0142\u0105czy estetyk\u0119 z wysokiej klasy funkcjonalno\u015bci\u0105. <strong>Na przyk\u0142ad<\/strong>, zintegrowany <strong>Wy\u015bwietlacz LED<\/strong> zapewnia aktualizacje poziomu na\u0142adowania baterii i e-cieczy w czasie rzeczywistym.<sup><\/sup> <strong>Tymczasem<\/strong>, Zaawansowana technologia Mesh Coil zapewnia sp\u00f3jny, intensywny smak przy ka\u017cdym zaci\u0105gni\u0119ciu. <strong>W konsekwencji<\/strong>, RAZZ BAR 40000 sta\u0142 si\u0119 najlepszym wyborem dla waper\u00f3w, kt\u00f3rzy stawiaj\u0105 na r\u00f3\u017cnorodno\u015b\u0107, wydajno\u015b\u0107 i \u0142atwo\u015b\u0107 obs\u0142ugi.<\/p>\n\n\n\n<h3 class=\"wp-block-heading\">Specyfikacja techniczna: Doskona\u0142o\u015b\u0107 w ka\u017cdym zaci\u0105gni\u0119ciu<\/h3>\n\n\n\n<ul class=\"wp-block-list\">\n<li><strong>Ogromna pojemno\u015b\u0107 dmuchawy:<\/strong> RAZZ BAR zapewnia do <strong>40 000 zaci\u0105gni\u0119\u0107<\/strong>. <strong>W rezultacie<\/strong>, To urz\u0105dzenie mo\u017ce dzia\u0142a\u0107 przez tygodnie, a nawet miesi\u0105ce, w zale\u017cno\u015bci od osobistych nawyk\u00f3w u\u017cytkowania.<\/li>\n\n\n\n<li><strong>Innowacyjny podw\u00f3jny smak:<\/strong> Ka\u017cde urz\u0105dzenie zawiera <strong>System z dwoma zbiornikami<\/strong>. <strong>Dlatego<\/strong>, Mo\u017cesz prze\u0142\u0105cza\u0107 si\u0119 mi\u0119dzy dwoma r\u00f3\u017cnymi smakami, po prostu obracaj\u0105c ustnik.<\/li>\n\n\n\n<li><strong>Inteligentne monitorowanie:<\/strong> Wbudowany <strong>Ekran LED<\/strong> \u015bledzi \u017cywotno\u015b\u0107 baterii i poziom p\u0142yn\u00f3w. <strong>Odpowiednio<\/strong>, Dzi\u0119ki temu mo\u017cesz zaplanowa\u0107 sw\u00f3j dzie\u0144, nie martwi\u0105c si\u0119 o nieoczekiwan\u0105 utrat\u0119 zasilania.<\/li>\n\n\n\n<li><strong>Elastyczno\u015b\u0107 nikotyny:<\/strong> Oferujemy <strong>2% i 5% s\u00f3l nikotyny<\/strong> opcje. <strong>W szczeg\u00f3lno\u015bci<\/strong>, S\u0142ona nikotyna zapewnia g\u0142adkie uderzenie w gard\u0142o i szybsze wch\u0142anianie, zapewniaj\u0105c satysfakcjonuj\u0105ce doznania.+1<\/li>\n\n\n\n<li><strong>Zasilanie i \u0142adowanie:<\/strong> The <strong>Akumulator o pojemno\u015bci 650 mAh<\/strong> wykorzystuje <strong>Szybkie \u0142adowanie typu C<\/strong>. <strong>Tak wi\u0119c<\/strong>, Pozwala to zminimalizowa\u0107 przestoje i utrzyma\u0107 bardziej zr\u00f3wnowa\u017cony nawyk waporyzacji.<\/li>\n\n\n\n<li><strong>Wydajno\u015b\u0107 hurtowa:<\/strong> Pakujemy <strong>200 sztuk w kartonie<\/strong> aby wspiera\u0107 usprawnion\u0105 logistyk\u0119 dla sprzedawc\u00f3w detalicznych i hurtowych.<\/li>\n<\/ul>\n\n\n\n<h3 class=\"wp-block-heading\">Kombinacje dw\u00f3ch smak\u00f3w: Podw\u00f3jna przyjemno\u015b\u0107<\/h3>\n\n\n\n<p>RAZZ BAR 40000 oferuje 10 unikalnych kombinacji \u201cpodw\u00f3jnego aromatu\u201d. <strong>Czy<\/strong> Je\u015bli masz ochot\u0119 na owocow\u0105 s\u0142odycz lub lodowate orze\u017awienie, te po\u0142\u0105czenia zapewni\u0105 Ci ekscytuj\u0105ce doznania:<\/p>\n\n\n\n<ul class=\"wp-block-list\">\n<li><strong>Lemon Lime \/ Lush Ice<\/strong><\/li>\n\n\n\n<li><strong>L\u00f3d truskawkowy \/ mieszane jagody<\/strong><\/li>\n\n\n\n<li><strong>Blue Razz Ice \/ Truskawkowa guma balonowa z arbuzem<\/strong><\/li>\n\n\n\n<li><strong>Banan truskawkowy \/ Red Bull Ice<\/strong><\/li>\n\n\n\n<li><strong>Blueberry Ice \/ Love 66<\/strong><\/li>\n\n\n\n<li><strong>L\u00f3d arbuzowy \/ l\u00f3d colowy<\/strong><\/li>\n\n\n\n<li><strong>Arbuz truskawkowy \/ L\u00f3d winogronowy<\/strong><\/li>\n<\/ul>\n\n\n\n<h3 class=\"wp-block-heading\">Najcz\u0119\u015bciej zadawane pytania dotycz\u0105ce Razz Bar 40000 Puffs<\/h3>\n\n\n\n<p><strong>1. Jak prze\u0142\u0105cza\u0107 si\u0119 mi\u0119dzy tymi dwoma smakami?<\/strong> <strong>Po prostu<\/strong> Obr\u00f3\u0107 ustnik, aby prze\u0142\u0105cza\u0107 si\u0119 mi\u0119dzy dwoma wewn\u0119trznymi zbiornikami. <strong>W konsekwencji<\/strong>, Dzi\u0119ki temu mo\u017cna cieszy\u0107 si\u0119 dwoma r\u00f3\u017cnymi smakami bez konieczno\u015bci noszenia ze sob\u0105 wielu urz\u0105dze\u0144.<\/p>\n\n\n\n<p><strong>2. Jak dok\u0142adny jest wy\u015bwietlacz LED?<\/strong> Wy\u015bwietlacz monitoruje poziom baterii i e-cieczy w czasie rzeczywistym.<sup><\/sup> <strong>Dlatego<\/strong>, Dzi\u0119ki temu zawsze dok\u0142adnie wiesz, kiedy nale\u017cy na\u0142adowa\u0107 lub wymieni\u0107 urz\u0105dzenie.<\/p>\n\n\n\n<p><strong>3. Czy liczba 40 000 puff\u00f3w jest gwarantowana?<\/strong> Urz\u0105dzenie zapewnia do 40 000 zaci\u0105gni\u0119\u0107 przy standardowym u\u017cytkowaniu.<sup><\/sup> <strong>Jednak\u017ce<\/strong>, Indywidualna liczba zaci\u0105gni\u0119\u0107 mo\u017ce si\u0119 r\u00f3\u017cni\u0107 w zale\u017cno\u015bci od d\u0142ugo\u015bci i intensywno\u015bci zaci\u0105gni\u0119\u0107.<\/p>\n\n\n\n<p><strong>4. Dlaczego technologia Mesh Coil jest wa\u017cna?<\/strong> Siatkowa cewka zwi\u0119ksza powierzchni\u0119 grzewcz\u0105.<sup><\/sup> <strong>W rezultacie<\/strong>, Wytwarza znacznie bardziej intensywny smak i g\u0142adsz\u0105 par\u0119 ni\u017c tradycyjne cewki druciane.<\/p>","protected":false},"excerpt":{"rendered":"<p>RAZZ BAR 40000 Puffs na nowo definiuje wytrzyma\u0142o\u015b\u0107 dzi\u0119ki ogromnej pojemno\u015bci i unikalnemu prze\u0142\u0105cznikowi dw\u00f3ch smak\u00f3w. Dzi\u0119ki ekranowi monitoruj\u0105cemu LED i szybkiemu \u0142adowaniu typu C, urz\u0105dzenie to oferuje najwygodniejsze i najbardziej przejrzyste do\u015bwiadczenie na rynku. W zwi\u0105zku z tym zapewnia bezkonkurencyjn\u0105 warto\u015b\u0107 zar\u00f3wno dla sprzedawc\u00f3w detalicznych, jak i vaper\u00f3w o wysokiej intensywno\u015bci.<\/p>","protected":false},"featured_media":25751,"comment_status":"open","ping_status":"closed","template":"","meta":[],"product_brand":[313],"product_cat":[135],"product_tag":[],"class_list":{"0":"post-25629","1":"product","2":"type-product","3":"status-publish","4":"has-post-thumbnail","6":"product_brand-razz-bar","7":"product_cat-40k-puffs","9":"first","10":"instock","11":"sale","12":"shipping-taxable","13":"purchasable","14":"product-type-variable"},"yoast_head":"<!-- This site is optimized with the Yoast SEO plugin v27.4 - https:\/\/yoast.com\/product\/yoast-seo-wordpress\/ -->\n<title>RAZZ BAR 40000 Puffs | Dual-Flavor Smart Disposable Vape<\/title>\n<meta name=\"description\" content=\"Experience 40k puffs with the RAZZ BAR Dual-Tank Vape. Featuring an LED display, and 10 double-flavor blends. Shop wholesale with fast EU shipping!\" \/>\n<meta name=\"robots\" content=\"index, follow, max-snippet:-1, max-image-preview:large, max-video-preview:-1\" \/>\n<link rel=\"canonical\" href=\"https:\/\/vapemaison.com\/pl\/produkt\/razz-bar-40000-puffow-do-waporyzacji-o-dwoch-smakach\/\" \/>\n<meta property=\"og:locale\" content=\"pl_PL\" \/>\n<meta property=\"og:type\" content=\"article\" \/>\n<meta property=\"og:title\" content=\"RAZZ BAR 40000 Puffs | Dual-Flavor Smart Disposable Vape\" \/>\n<meta property=\"og:description\" content=\"Experience 40k puffs with the RAZZ BAR Dual-Tank Vape. Featuring an LED display, and 10 double-flavor blends. Shop wholesale with fast EU shipping!\" \/>\n<meta property=\"og:url\" content=\"https:\/\/vapemaison.com\/pl\/produkt\/razz-bar-40000-puffow-do-waporyzacji-o-dwoch-smakach\/\" \/>\n<meta property=\"og:site_name\" content=\"VapeMaison\" \/>\n<meta property=\"article:modified_time\" content=\"2026-01-15T02:27:37+00:00\" \/>\n<meta property=\"og:image\" content=\"https:\/\/vapemaison.com\/wp-content\/uploads\/2026\/01\/razz-bar-40000-puffs-vape-product-display-3.jpg\" \/>\n\t<meta property=\"og:image:width\" content=\"800\" \/>\n\t<meta property=\"og:image:height\" content=\"800\" \/>\n\t<meta property=\"og:image:type\" content=\"image\/jpeg\" \/>\n<meta name=\"twitter:card\" content=\"summary_large_image\" \/>\n<meta name=\"twitter:label1\" content=\"Szacowany czas czytania\" \/>\n\t<meta name=\"twitter:data1\" content=\"3 minuty\" \/>\n<!-- \/ Yoast SEO plugin. -->","yoast_head_json":{"title":"RAZZ BAR 40000 Puffs | Inteligentny jednorazowy Vape o dw\u00f3ch smakach","description":"Do\u015bwiadcz 40 tysi\u0119cy zaci\u0105gni\u0119\u0107 dzi\u0119ki RAZZ BAR Dual-Tank Vape. Wyposa\u017cony w wy\u015bwietlacz LED i 10 podw\u00f3jnych mieszanek smakowych. Zakup hurtowy z szybk\u0105 wysy\u0142k\u0105 na terenie UE!","robots":{"index":"index","follow":"follow","max-snippet":"max-snippet:-1","max-image-preview":"max-image-preview:large","max-video-preview":"max-video-preview:-1"},"canonical":"https:\/\/vapemaison.com\/pl\/produkt\/razz-bar-40000-puffow-do-waporyzacji-o-dwoch-smakach\/","og_locale":"pl_PL","og_type":"article","og_title":"RAZZ BAR 40000 Puffs | Dual-Flavor Smart Disposable Vape","og_description":"Experience 40k puffs with the RAZZ BAR Dual-Tank Vape. Featuring an LED display, and 10 double-flavor blends. Shop wholesale with fast EU shipping!","og_url":"https:\/\/vapemaison.com\/pl\/produkt\/razz-bar-40000-puffow-do-waporyzacji-o-dwoch-smakach\/","og_site_name":"VapeMaison","article_modified_time":"2026-01-15T02:27:37+00:00","og_image":[{"width":800,"height":800,"url":"https:\/\/vapemaison.com\/wp-content\/uploads\/2026\/01\/razz-bar-40000-puffs-vape-product-display-3.jpg","type":"image\/jpeg"}],"twitter_card":"summary_large_image","twitter_misc":{"Szacowany czas czytania":"3 minuty"},"schema":{"@context":"https:\/\/schema.org","@graph":[{"@type":"WebPage","@id":"https:\/\/vapemaison.com\/product\/razz-bar-40000-puffs-dual-flavor-vaping\/","url":"https:\/\/vapemaison.com\/product\/razz-bar-40000-puffs-dual-flavor-vaping\/","name":"RAZZ BAR 40000 Puffs | Inteligentny jednorazowy Vape o dw\u00f3ch smakach","isPartOf":{"@id":"https:\/\/vapemaison.com\/#website"},"primaryImageOfPage":{"@id":"https:\/\/vapemaison.com\/product\/razz-bar-40000-puffs-dual-flavor-vaping\/#primaryimage"},"image":{"@id":"https:\/\/vapemaison.com\/product\/razz-bar-40000-puffs-dual-flavor-vaping\/#primaryimage"},"thumbnailUrl":"https:\/\/vapemaison.com\/wp-content\/uploads\/2026\/01\/razz-bar-40000-puffs-vape-product-display-3.jpg","datePublished":"2026-01-08T09:57:26+00:00","dateModified":"2026-01-15T02:27:37+00:00","description":"Do\u015bwiadcz 40 tysi\u0119cy zaci\u0105gni\u0119\u0107 dzi\u0119ki RAZZ BAR Dual-Tank Vape. Wyposa\u017cony w wy\u015bwietlacz LED i 10 podw\u00f3jnych mieszanek smakowych. Zakup hurtowy z szybk\u0105 wysy\u0142k\u0105 na terenie UE!","breadcrumb":{"@id":"https:\/\/vapemaison.com\/product\/razz-bar-40000-puffs-dual-flavor-vaping\/#breadcrumb"},"inLanguage":"pl-PL","potentialAction":[{"@type":"ReadAction","target":["https:\/\/vapemaison.com\/product\/razz-bar-40000-puffs-dual-flavor-vaping\/"]}]},{"@type":"ImageObject","inLanguage":"pl-PL","@id":"https:\/\/vapemaison.com\/product\/razz-bar-40000-puffs-dual-flavor-vaping\/#primaryimage","url":"https:\/\/vapemaison.com\/wp-content\/uploads\/2026\/01\/razz-bar-40000-puffs-vape-product-display-3.jpg","contentUrl":"https:\/\/vapemaison.com\/wp-content\/uploads\/2026\/01\/razz-bar-40000-puffs-vape-product-display-3.jpg","width":800,"height":800,"caption":"razz-bar-40000-puffs-vape-product-display-3"},{"@type":"BreadcrumbList","@id":"https:\/\/vapemaison.com\/product\/razz-bar-40000-puffs-dual-flavor-vaping\/#breadcrumb","itemListElement":[{"@type":"ListItem","position":1,"name":"\u9996\u9875","item":"https:\/\/vapemaison.com\/"},{"@type":"ListItem","position":2,"name":"Shop","item":"https:\/\/vapemaison.com\/shop\/"},{"@type":"ListItem","position":3,"name":"Razz Bar","item":"https:\/\/vapemaison.com\/brand\/razz-bar\/"},{"@type":"ListItem","position":4,"name":"RAZZ BAR 40000 Puffs: Dual-Flavor Vaping"}]},{"@type":"WebSite","@id":"https:\/\/vapemaison.com\/#website","url":"https:\/\/vapemaison.com\/","name":"VapeMaison","description":"Wysokiej jako\u015bci urz\u0105dzenia i akcesoria do waporyzacji","publisher":{"@id":"https:\/\/vapemaison.com\/#organization"},"potentialAction":[{"@type":"SearchAction","target":{"@type":"EntryPoint","urlTemplate":"https:\/\/vapemaison.com\/?s={search_term_string}"},"query-input":{"@type":"PropertyValueSpecification","valueRequired":true,"valueName":"search_term_string"}}],"inLanguage":"pl-PL"},{"@type":"Organization","@id":"https:\/\/vapemaison.com\/#organization","name":"VapeMaison","url":"https:\/\/vapemaison.com\/","logo":{"@type":"ImageObject","inLanguage":"pl-PL","@id":"https:\/\/vapemaison.com\/#\/schema\/logo\/image\/","url":"https:\/\/vapemaison.com\/wp-content\/uploads\/2026\/01\/cropped-vapemaison-logo-g-2026.webp","contentUrl":"https:\/\/vapemaison.com\/wp-content\/uploads\/2026\/01\/cropped-vapemaison-logo-g-2026.webp","width":350,"height":280,"caption":"VapeMaison"},"image":{"@id":"https:\/\/vapemaison.com\/#\/schema\/logo\/image\/"},"sameAs":["https:\/\/www.youtube.com\/@VapeMaison"]}]}},"tiered_pricing_type":"fixed","tiered_pricing_fixed_rules":{"100":"9.56","200":"8.78","500":"7.99"},"tiered_pricing_product_settings":{"layout":"default","base_unit_name":{"singular":null,"plural":null},"default_variation":null},"tiered_pricing_minimum_quantity":50,"tiered_pricing_roles_data":[],"tiered_pricing_percentage_rules":[],"tiered_pricing_maximum_quantity":null,"tiered_pricing_quantity_step":"10","_links":{"self":[{"href":"https:\/\/vapemaison.com\/pl\/wp-json\/wp\/v2\/product\/25629","targetHints":{"allow":["GET"]}}],"collection":[{"href":"https:\/\/vapemaison.com\/pl\/wp-json\/wp\/v2\/product"}],"about":[{"href":"https:\/\/vapemaison.com\/pl\/wp-json\/wp\/v2\/types\/product"}],"replies":[{"embeddable":true,"href":"https:\/\/vapemaison.com\/pl\/wp-json\/wp\/v2\/comments?post=25629"}],"version-history":[{"count":4,"href":"https:\/\/vapemaison.com\/pl\/wp-json\/wp\/v2\/product\/25629\/revisions"}],"predecessor-version":[{"id":25777,"href":"https:\/\/vapemaison.com\/pl\/wp-json\/wp\/v2\/product\/25629\/revisions\/25777"}],"wp:featuredmedia":[{"embeddable":true,"href":"https:\/\/vapemaison.com\/pl\/wp-json\/wp\/v2\/media\/25751"}],"wp:attachment":[{"href":"https:\/\/vapemaison.com\/pl\/wp-json\/wp\/v2\/media?parent=25629"}],"wp:term":[{"taxonomy":"product_brand","embeddable":true,"href":"https:\/\/vapemaison.com\/pl\/wp-json\/wp\/v2\/product_brand?post=25629"},{"taxonomy":"product_cat","embeddable":true,"href":"https:\/\/vapemaison.com\/pl\/wp-json\/wp\/v2\/product_cat?post=25629"},{"taxonomy":"product_tag","embeddable":true,"href":"https:\/\/vapemaison.com\/pl\/wp-json\/wp\/v2\/product_tag?post=25629"}],"curies":[{"name":"wp","href":"https:\/\/api.w.org\/{rel}","templated":true}]}}