

{"id":25630,"date":"2026-01-08T09:24:19","date_gmt":"2026-01-08T09:24:19","guid":{"rendered":"https:\/\/vapemaison.com\/?post_type=product&#038;p=25630"},"modified":"2026-01-15T02:28:10","modified_gmt":"2026-01-15T02:28:10","slug":"razz-bar-16000-16k-puff-20ml-jednorazowy-e-papieros","status":"publish","type":"product","link":"https:\/\/vapemaison.com\/pl\/product\/razz-bar-16000-16k-puffs-20ml-disposable-e-cigarette\/","title":{"rendered":"Jednorazowy e-papieros Razz Bar 16000 16K Puffs 20ml"},"content":{"rendered":"<p>The <strong>RAZZ BAR 16000 Puff\u00f3w<\/strong> to wysokowydajny jednorazowy e-papieros zaprojektowany z my\u015bl\u0105 o d\u0142ugotrwa\u0142ej przyjemno\u015bci i intensywnym smaku. <strong>W szczeg\u00f3lno\u015bci<\/strong>, Zapewnia on do 16 000 zaci\u0105gni\u0119\u0107 i ma du\u017c\u0105 pojemno\u015b\u0107 20 ml e-liquidu.<sup><\/sup> <strong>Poniewa\u017c<\/strong> stawiamy na jako\u015b\u0107, to urz\u0105dzenie jest niezawodn\u0105 opcj\u0105 dla vaper\u00f3w, kt\u00f3rzy ceni\u0105 sobie zar\u00f3wno d\u0142ugowieczno\u015b\u0107, jak i wygod\u0119. <strong>Czy<\/strong> Podczas podr\u00f3\u017cy lub relaksu ten waporyzator zapewnia sta\u0142\u0105 wydajno\u015b\u0107, kt\u00f3ra sprawia, \u017ce ka\u017cde zaci\u0105gni\u0119cie jest atrakcj\u0105. <strong>Ponadto<\/strong>, Nasze wieloletnie do\u015bwiadczenie w bran\u017cy gwarantuje, \u017ce ka\u017cde urz\u0105dzenie spe\u0142nia najwy\u017csze standardy bezpiecze\u0144stwa.<\/p>\n\n\n\n<p>Urz\u0105dzenie to wyr\u00f3\u017cnia si\u0119 przyjazn\u0105 dla u\u017cytkownika obs\u0142ug\u0105 i nowoczesn\u0105 technologi\u0105. <strong>Na przyk\u0142ad<\/strong>, Zintegrowana cewka Mesh Coil zapewnia bogaty smak i g\u0119ste chmury pary. <strong>Tymczasem<\/strong>, Akumulator o pojemno\u015bci 650 mAh z portem USB typu C umo\u017cliwia szybkie \u0142adowanie.<sup><\/sup> <strong>W konsekwencji<\/strong>, RAZZ BAR jest idealny zar\u00f3wno dla pocz\u0105tkuj\u0105cych, jak i do\u015bwiadczonych waper\u00f3w, kt\u00f3rzy chc\u0105 d\u0142ugotrwa\u0142ych wra\u017ce\u0144 bez konieczno\u015bci uzupe\u0142niania.<\/p>\n\n\n\n<h3 class=\"wp-block-heading\">Specyfikacja techniczna: Zbudowany dla w\u0142adzy<\/h3>\n\n\n\n<ul class=\"wp-block-list\">\n<li><strong>Wyj\u0105tkowa liczba zaci\u0105gni\u0119\u0107:<\/strong> RAZZ BAR zapewnia imponuj\u0105cy <strong>16 000 zaci\u0105gni\u0119\u0107<\/strong> na urz\u0105dzenie. <strong>W rezultacie<\/strong>, Dzi\u0119ki temu mo\u017cesz cieszy\u0107 si\u0119 tygodniami u\u017cytkowania, jednocze\u015bnie znacznie zmniejszaj\u0105c ilo\u015b\u0107 odpad\u00f3w \u015brodowiskowych.<\/li>\n\n\n\n<li><strong>Mo\u017cliwo\u015b\u0107 dostosowania nikotyny:<\/strong> Oferujemy <strong>2% i 5% s\u00f3l nikotyny<\/strong> opcje. <strong>Dlatego<\/strong>, Urz\u0105dzenie dostosowuje si\u0119 do potrzeb u\u017cytkownika, zapewniaj\u0105c g\u0142adkie uderzenie w gard\u0142o i szybkie wch\u0142anianie.<\/li>\n\n\n\n<li><strong>Ogromna pojemno\u015b\u0107 e-p\u0142ynu:<\/strong> Ka\u017cda jednostka jest fabrycznie nape\u0142niona <strong>20 ml najwy\u017cszej jako\u015bci e-liquidu<\/strong>. <strong>Odpowiednio<\/strong>, Dzi\u0119ki temu mo\u017cesz cieszy\u0107 si\u0119 niezmiennym smakiem od pierwszego do ostatniego zaci\u0105gni\u0119cia.<\/li>\n\n\n\n<li><strong>Zaawansowana cewka siatkowa:<\/strong> Technologia ta r\u00f3wnomiernie podgrzewa ciecz. <strong>W szczeg\u00f3lno\u015bci<\/strong>, Wzmacnia autentyczny aromat i zwi\u0119ksza wydajno\u015b\u0107 pary w por\u00f3wnaniu do standardowych cewek.+1<\/li>\n\n\n\n<li><strong>Szybkie \u0142adowanie:<\/strong> The <strong>Z\u0142\u0105cze USB typu C<\/strong> zapewnia, \u017ce urz\u0105dzenie jest gotowe do u\u017cycia w mgnieniu oka. <strong>Tak wi\u0119c<\/strong>, Nigdy nie musisz d\u0142ugo czeka\u0107 na kolejn\u0105 sesj\u0119.<\/li>\n\n\n\n<li><strong>Optymalizacja sprzeda\u017cy hurtowej:<\/strong> Wysy\u0142amy <strong>200 sztuk w kartonie<\/strong>, co u\u0142atwia sprzedawcom detalicznym wydajne przechowywanie i dystrybucj\u0119.<\/li>\n<\/ul>\n\n\n\n<h3 class=\"wp-block-heading\">Menu smak\u00f3w: 12 charakterystycznych mieszanek<\/h3>\n\n\n\n<p>Zoptymalizowali\u015bmy nasz wyb\u00f3r smak\u00f3w w oparciu o obszerne opinie u\u017cytkownik\u00f3w, aby zapewni\u0107, \u017ce ka\u017cde podniebienie znajdzie sw\u00f3j ulubiony:<\/p>\n\n\n\n<ul class=\"wp-block-list\">\n<li><strong>L\u00f3d brzoskwiniowy \/ L\u00f3d arbuzowy:<\/strong> Wyra\u017ane nuty owocowe zako\u0144czone orze\u017awiaj\u0105cym lodowym podmuchem.<\/li>\n\n\n\n<li><strong>Guma balonowa Strawberry Watermelon:<\/strong> Nostalgiczne i s\u0142odkie trio smak\u00f3w.<\/li>\n\n\n\n<li><strong>Red Bull Grape:<\/strong> Energetyczna fuzja winogron inspirowana klasycznymi napojami energetycznymi.<\/li>\n\n\n\n<li><strong>Kiwi Passion Fruit Guava:<\/strong> T\u0119tni\u0105ca \u017cyciem tropikalna mieszanka, kt\u00f3ra przeniesie Ci\u0119 na wyspy.<\/li>\n\n\n\n<li><strong>Brzoskwinia Mango Arbuz:<\/strong> Z\u0142o\u017cona, owocowa mieszanka zapewniaj\u0105ca naprawd\u0119 satysfakcjonuj\u0105ce doznania.<\/li>\n<\/ul>\n\n\n\n<h3 class=\"wp-block-heading\">Cz\u0119sto zadawane pytania (FAQ)<\/h3>\n\n\n\n<p><strong>1. Jaka jest minimalna ilo\u015b\u0107 zam\u00f3wienia (MOQ)?<\/strong> Nasze minimalne zam\u00f3wienie zaczyna si\u0119 od <strong>50 sztuk<\/strong>. <strong>Ta elastyczno\u015b\u0107<\/strong> pozwala sprzedawcom detalicznym przetestowa\u0107 asortyment przed z\u0142o\u017ceniem wi\u0119kszych zam\u00f3wie\u0144 hurtowych.<\/p>\n\n\n\n<p><strong>2. Jak szybka jest wysy\u0142ka?<\/strong> Wysy\u0142amy bezpo\u015brednio z naszego <strong>Magazyn europejski<\/strong>. <strong>Zazwyczaj<\/strong>, Dostawa trwa zaledwie 3-7 dni, dzi\u0119ki czemu towar dociera szybko i niezawodnie.<\/p>\n\n\n\n<p><strong>3. Czy urz\u0105dzenie jest przyjazne dla \u015brodowiska?<\/strong> <strong>Poniewa\u017c<\/strong> RAZZ BAR 16000 jest wyposa\u017cony w akumulator o pojemno\u015bci 650 mAh, kt\u00f3ry dzia\u0142a znacznie d\u0142u\u017cej ni\u017c standardowe jednoraz\u00f3wki. <strong>Dlatego<\/strong>, pomaga zmniejszy\u0107 og\u00f3ln\u0105 ilo\u015b\u0107 odpad\u00f3w elektronicznych.<\/p>\n\n\n\n<p><strong>4. Dlaczego cewka Mesh jest lepsza?<\/strong> Technologia Mesh Coil zapewnia wi\u0119ksz\u0105 powierzchni\u0119 grzewcz\u0105.<sup><\/sup> <strong>W konsekwencji<\/strong>, Zapewnia znacznie g\u0142\u0119bszy smak i p\u0142ynniejsz\u0105 produkcj\u0119 pary ni\u017c tradycyjne cewki.<\/p>","protected":false},"excerpt":{"rendered":"<p>RAZZ BAR 16000 Puffs zapewnia wiod\u0105c\u0105 w bran\u017cy pojemno\u015b\u0107 dzi\u0119ki wst\u0119pnie nape\u0142nionemu zbiornikowi o pojemno\u015bci 20 ml i zaawansowanej technologii Mesh Coil. Dzi\u0119ki akumulatorowi o pojemno\u015bci 650 mAh i portowi typu C, urz\u0105dzenie to zapewnia d\u0142ugotrwa\u0142\u0105 wydajno\u015b\u0107 bez utraty smaku. W rezultacie jest to najbardziej niezawodny wyb\u00f3r dla vaper\u00f3w, kt\u00f3rzy wymagaj\u0105 najwy\u017cszej jako\u015bci i wygody w jednym eleganckim opakowaniu.<\/p>","protected":false},"featured_media":25745,"comment_status":"open","ping_status":"closed","template":"","meta":[],"product_brand":[313],"product_cat":[135],"product_tag":[],"class_list":{"0":"post-25630","1":"product","2":"type-product","3":"status-publish","4":"has-post-thumbnail","6":"product_brand-razz-bar","7":"product_cat-40k-puffs","9":"first","10":"instock","11":"sale","12":"shipping-taxable","13":"purchasable","14":"product-type-variable"},"yoast_head":"<!-- This site is optimized with the Yoast SEO plugin v27.4 - https:\/\/yoast.com\/product\/yoast-seo-wordpress\/ -->\n<title>RAZZ BAR 16000 Puffs | Bulk Wholesale Disposable Vape | 20ml<\/title>\n<meta name=\"description\" content=\"Looking for the best wholesale deal on RAZZ BAR 16000 Puffs? Featuring a 20ml tank, Mesh Coil technology, and 12 premium flavors. Consequently, we offer fast EU shipping and 2%\/5% nicotine options. Order today!\" \/>\n<meta name=\"robots\" content=\"index, follow, max-snippet:-1, max-image-preview:large, max-video-preview:-1\" \/>\n<link rel=\"canonical\" href=\"https:\/\/vapemaison.com\/pl\/produkt\/razz-bar-16000-16k-puff-20ml-jednorazowy-e-papieros\/\" \/>\n<meta property=\"og:locale\" content=\"pl_PL\" \/>\n<meta property=\"og:type\" content=\"article\" \/>\n<meta property=\"og:title\" content=\"RAZZ BAR 16000 Puffs | Bulk Wholesale Disposable Vape | 20ml\" \/>\n<meta property=\"og:description\" content=\"Looking for the best wholesale deal on RAZZ BAR 16000 Puffs? Featuring a 20ml tank, Mesh Coil technology, and 12 premium flavors. Consequently, we offer fast EU shipping and 2%\/5% nicotine options. Order today!\" \/>\n<meta property=\"og:url\" content=\"https:\/\/vapemaison.com\/pl\/produkt\/razz-bar-16000-16k-puff-20ml-jednorazowy-e-papieros\/\" \/>\n<meta property=\"og:site_name\" content=\"VapeMaison\" \/>\n<meta property=\"article:modified_time\" content=\"2026-01-15T02:28:10+00:00\" \/>\n<meta property=\"og:image\" content=\"https:\/\/vapemaison.com\/wp-content\/uploads\/2026\/01\/razz-bar-16000-puffs-vape-product.jpg\" \/>\n\t<meta property=\"og:image:width\" content=\"800\" \/>\n\t<meta property=\"og:image:height\" content=\"800\" \/>\n\t<meta property=\"og:image:type\" content=\"image\/jpeg\" \/>\n<meta name=\"twitter:card\" content=\"summary_large_image\" \/>\n<meta name=\"twitter:label1\" content=\"Szacowany czas czytania\" \/>\n\t<meta name=\"twitter:data1\" content=\"3 minuty\" \/>\n<!-- \/ Yoast SEO plugin. -->","yoast_head_json":{"title":"RAZZ BAR 16000 Puff\u00f3w | Hurtowa sprzeda\u017c jednorazowych Vape | 20ml","description":"Szukasz najlepszej oferty hurtowej na RAZZ BAR 16000 Puffs? Wyposa\u017cony w zbiornik o pojemno\u015bci 20 ml, technologi\u0119 Mesh Coil i 12 smak\u00f3w premium. W zwi\u0105zku z tym oferujemy szybk\u0105 wysy\u0142k\u0119 do UE i opcje nikotyny 2%\/5%. Zam\u00f3w ju\u017c dzi\u015b!","robots":{"index":"index","follow":"follow","max-snippet":"max-snippet:-1","max-image-preview":"max-image-preview:large","max-video-preview":"max-video-preview:-1"},"canonical":"https:\/\/vapemaison.com\/pl\/produkt\/razz-bar-16000-16k-puff-20ml-jednorazowy-e-papieros\/","og_locale":"pl_PL","og_type":"article","og_title":"RAZZ BAR 16000 Puffs | Bulk Wholesale Disposable Vape | 20ml","og_description":"Looking for the best wholesale deal on RAZZ BAR 16000 Puffs? Featuring a 20ml tank, Mesh Coil technology, and 12 premium flavors. Consequently, we offer fast EU shipping and 2%\/5% nicotine options. Order today!","og_url":"https:\/\/vapemaison.com\/pl\/produkt\/razz-bar-16000-16k-puff-20ml-jednorazowy-e-papieros\/","og_site_name":"VapeMaison","article_modified_time":"2026-01-15T02:28:10+00:00","og_image":[{"width":800,"height":800,"url":"https:\/\/vapemaison.com\/wp-content\/uploads\/2026\/01\/razz-bar-16000-puffs-vape-product.jpg","type":"image\/jpeg"}],"twitter_card":"summary_large_image","twitter_misc":{"Szacowany czas czytania":"3 minuty"},"schema":{"@context":"https:\/\/schema.org","@graph":[{"@type":"WebPage","@id":"https:\/\/vapemaison.com\/product\/razz-bar-16000-16k-puffs-20ml-disposable-e-cigarette\/","url":"https:\/\/vapemaison.com\/product\/razz-bar-16000-16k-puffs-20ml-disposable-e-cigarette\/","name":"RAZZ BAR 16000 Puff\u00f3w | Hurtowa sprzeda\u017c jednorazowych Vape | 20ml","isPartOf":{"@id":"https:\/\/vapemaison.com\/#website"},"primaryImageOfPage":{"@id":"https:\/\/vapemaison.com\/product\/razz-bar-16000-16k-puffs-20ml-disposable-e-cigarette\/#primaryimage"},"image":{"@id":"https:\/\/vapemaison.com\/product\/razz-bar-16000-16k-puffs-20ml-disposable-e-cigarette\/#primaryimage"},"thumbnailUrl":"https:\/\/vapemaison.com\/wp-content\/uploads\/2026\/01\/razz-bar-16000-puffs-vape-product.jpg","datePublished":"2026-01-08T09:24:19+00:00","dateModified":"2026-01-15T02:28:10+00:00","description":"Szukasz najlepszej oferty hurtowej na RAZZ BAR 16000 Puffs? Wyposa\u017cony w zbiornik o pojemno\u015bci 20 ml, technologi\u0119 Mesh Coil i 12 smak\u00f3w premium. W zwi\u0105zku z tym oferujemy szybk\u0105 wysy\u0142k\u0119 do UE i opcje nikotyny 2%\/5%. Zam\u00f3w ju\u017c dzi\u015b!","breadcrumb":{"@id":"https:\/\/vapemaison.com\/product\/razz-bar-16000-16k-puffs-20ml-disposable-e-cigarette\/#breadcrumb"},"inLanguage":"pl-PL","potentialAction":[{"@type":"ReadAction","target":["https:\/\/vapemaison.com\/product\/razz-bar-16000-16k-puffs-20ml-disposable-e-cigarette\/"]}]},{"@type":"ImageObject","inLanguage":"pl-PL","@id":"https:\/\/vapemaison.com\/product\/razz-bar-16000-16k-puffs-20ml-disposable-e-cigarette\/#primaryimage","url":"https:\/\/vapemaison.com\/wp-content\/uploads\/2026\/01\/razz-bar-16000-puffs-vape-product.jpg","contentUrl":"https:\/\/vapemaison.com\/wp-content\/uploads\/2026\/01\/razz-bar-16000-puffs-vape-product.jpg","width":800,"height":800,"caption":"razz-bar-16000-puffs-vape-product"},{"@type":"BreadcrumbList","@id":"https:\/\/vapemaison.com\/product\/razz-bar-16000-16k-puffs-20ml-disposable-e-cigarette\/#breadcrumb","itemListElement":[{"@type":"ListItem","position":1,"name":"\u9996\u9875","item":"https:\/\/vapemaison.com\/"},{"@type":"ListItem","position":2,"name":"Shop","item":"https:\/\/vapemaison.com\/shop\/"},{"@type":"ListItem","position":3,"name":"Razz Bar","item":"https:\/\/vapemaison.com\/brand\/razz-bar\/"},{"@type":"ListItem","position":4,"name":"Razz Bar 16000 16K Puffs 20ml Disposable E-cigarette"}]},{"@type":"WebSite","@id":"https:\/\/vapemaison.com\/#website","url":"https:\/\/vapemaison.com\/","name":"VapeMaison","description":"Wysokiej jako\u015bci urz\u0105dzenia i akcesoria do waporyzacji","publisher":{"@id":"https:\/\/vapemaison.com\/#organization"},"potentialAction":[{"@type":"SearchAction","target":{"@type":"EntryPoint","urlTemplate":"https:\/\/vapemaison.com\/?s={search_term_string}"},"query-input":{"@type":"PropertyValueSpecification","valueRequired":true,"valueName":"search_term_string"}}],"inLanguage":"pl-PL"},{"@type":"Organization","@id":"https:\/\/vapemaison.com\/#organization","name":"VapeMaison","url":"https:\/\/vapemaison.com\/","logo":{"@type":"ImageObject","inLanguage":"pl-PL","@id":"https:\/\/vapemaison.com\/#\/schema\/logo\/image\/","url":"https:\/\/vapemaison.com\/wp-content\/uploads\/2026\/01\/cropped-vapemaison-logo-g-2026.webp","contentUrl":"https:\/\/vapemaison.com\/wp-content\/uploads\/2026\/01\/cropped-vapemaison-logo-g-2026.webp","width":350,"height":280,"caption":"VapeMaison"},"image":{"@id":"https:\/\/vapemaison.com\/#\/schema\/logo\/image\/"},"sameAs":["https:\/\/www.youtube.com\/@VapeMaison"]}]}},"tiered_pricing_type":"fixed","tiered_pricing_fixed_rules":{"100":"9.99","200":"8.75","500":"7.36"},"tiered_pricing_product_settings":{"layout":"default","base_unit_name":{"singular":null,"plural":null},"default_variation":null},"tiered_pricing_minimum_quantity":50,"tiered_pricing_roles_data":[],"tiered_pricing_percentage_rules":[],"tiered_pricing_maximum_quantity":null,"tiered_pricing_quantity_step":"10","_links":{"self":[{"href":"https:\/\/vapemaison.com\/pl\/wp-json\/wp\/v2\/product\/25630","targetHints":{"allow":["GET"]}}],"collection":[{"href":"https:\/\/vapemaison.com\/pl\/wp-json\/wp\/v2\/product"}],"about":[{"href":"https:\/\/vapemaison.com\/pl\/wp-json\/wp\/v2\/types\/product"}],"replies":[{"embeddable":true,"href":"https:\/\/vapemaison.com\/pl\/wp-json\/wp\/v2\/comments?post=25630"}],"version-history":[{"count":4,"href":"https:\/\/vapemaison.com\/pl\/wp-json\/wp\/v2\/product\/25630\/revisions"}],"predecessor-version":[{"id":25747,"href":"https:\/\/vapemaison.com\/pl\/wp-json\/wp\/v2\/product\/25630\/revisions\/25747"}],"wp:featuredmedia":[{"embeddable":true,"href":"https:\/\/vapemaison.com\/pl\/wp-json\/wp\/v2\/media\/25745"}],"wp:attachment":[{"href":"https:\/\/vapemaison.com\/pl\/wp-json\/wp\/v2\/media?parent=25630"}],"wp:term":[{"taxonomy":"product_brand","embeddable":true,"href":"https:\/\/vapemaison.com\/pl\/wp-json\/wp\/v2\/product_brand?post=25630"},{"taxonomy":"product_cat","embeddable":true,"href":"https:\/\/vapemaison.com\/pl\/wp-json\/wp\/v2\/product_cat?post=25630"},{"taxonomy":"product_tag","embeddable":true,"href":"https:\/\/vapemaison.com\/pl\/wp-json\/wp\/v2\/product_tag?post=25630"}],"curies":[{"name":"wp","href":"https:\/\/api.w.org\/{rel}","templated":true}]}}