

{"id":25829,"date":"2026-01-12T07:31:52","date_gmt":"2026-01-12T07:31:52","guid":{"rendered":"https:\/\/vapemaison.com\/?post_type=product&#038;p=25829"},"modified":"2026-04-15T07:03:00","modified_gmt":"2026-04-15T07:03:00","slug":"razz-bar-60k-puffs-crystal-jednorazowe-vape-16-smakow","status":"publish","type":"product","link":"https:\/\/vapemaison.com\/pl\/product\/razz-bar-60k-puffs-crystal-disposable-vape-16-flavors\/","title":{"rendered":"Razz Bar 60K Puffs Crystal jednorazowy Vape | 16 smak\u00f3w"},"content":{"rendered":"<p>The <strong>Razz Bar 60K Puffs Crystal jednorazowy Vape<\/strong> kombajny <strong>Elegancki design przypominaj\u0105cy kryszta\u0142<\/strong> z <strong>wysoka wytrzyma\u0142o\u015b\u0107<\/strong>, oferuj\u0105c do <strong>60 000 zaci\u0105gni\u0119\u0107<\/strong> z jego <strong>Wst\u0119pnie nape\u0142niony zbiornik e-liquidu o pojemno\u015bci 20 ml<\/strong>. Jego <strong>przezroczysta pow\u0142oka premium<\/strong> z naklejkami specyficznymi dla smaku sprawia, \u017ce wyr\u00f3\u017cnia si\u0119 na ka\u017cdej p\u00f3\u0142ce, podczas gdy <strong>zaawansowana cewka siatkowa<\/strong> zapewnia g\u0142adk\u0105, aromatyczn\u0105 par\u0119 od pierwszego do ostatniego zaci\u0105gni\u0119cia.<\/p>\n\n\n\n<p>Zaprojektowany z my\u015bl\u0105 o wygodzie i niezawodno\u015bci <strong>Akumulator o pojemno\u015bci 650 mAh<\/strong> z <strong>\u0141adowanie typu C<\/strong> sprawia, \u017ce urz\u0105dzenie to jest idealne dla doros\u0142ych u\u017cytkownik\u00f3w i sprzedawc\u00f3w detalicznych poszukuj\u0105cych wysokiej jako\u015bci, gotowych do wysy\u0142ki produkt\u00f3w dost\u0119pnych w UE.<\/p>\n\n\n\n<h3 class=\"wp-block-heading\">Kluczowe cechy<\/h3>\n\n\n\n<figure class=\"wp-block-table is-style-stripes\"><table class=\"has-fixed-layout\"><thead><tr><th>Cecha<\/th><th>Opis<\/th><\/tr><\/thead><tbody><tr><td><strong>Puff Count<\/strong><\/td><td>Do 60 000 zaci\u0105gni\u0119\u0107 przy d\u0142u\u017cszym u\u017cytkowaniu<\/td><\/tr><tr><td><strong>Pojemno\u015b\u0107 E-Liquid<\/strong><\/td><td>Wst\u0119pnie nape\u0142niony zbiornik 20 ml<\/td><\/tr><tr><td><strong>Bateria<\/strong><\/td><td>Akumulator 650 mAh z mo\u017cliwo\u015bci\u0105 \u0142adowania przez Type-C<\/td><\/tr><tr><td><strong>Typ cewki<\/strong><\/td><td>Zaawansowana cewka siatkowa zapewnia g\u0142adk\u0105 i sp\u00f3jn\u0105 par\u0119<\/td><\/tr><tr><td><strong>Projekt<\/strong><\/td><td>Kryszta\u0142owy, bezszwowy korpus z naklejkami specyficznymi dla smaku<\/td><\/tr><tr><td><strong>Opcje nikotyny<\/strong><\/td><td>2% (20 mg) \/ 5% (50 mg) s\u00f3l nikotyny<\/td><\/tr><tr><td><strong>Smaki<\/strong><\/td><td>16 popularnych i unikalnych smak\u00f3w (pe\u0142na lista poni\u017cej)<\/td><\/tr><tr><td><strong>MOQ<\/strong><\/td><td>100 szt.<\/td><\/tr><\/tbody><\/table><\/figure>\n\n\n\n<h3 class=\"wp-block-heading\">Dost\u0119pne smaki<\/h3>\n\n\n\n<ol class=\"wp-block-list\">\n<li>Banan truskawkowy<\/li>\n\n\n\n<li>Soczysty brzoskwiniowy l\u00f3d<\/li>\n\n\n\n<li>Coco Loco<\/li>\n\n\n\n<li>Kwa\u015bna malina z jagodami<\/li>\n\n\n\n<li>Wata cukrowa<\/li>\n\n\n\n<li>Gummy Bear<\/li>\n\n\n\n<li>Arbuz jagodowy<\/li>\n\n\n\n<li>Cytryna Brzoskwinia Marakuja<\/li>\n\n\n\n<li>Black Ice Dragon Fruit Strawberry<\/li>\n\n\n\n<li>Jagody mieszane<\/li>\n\n\n\n<li>Love 66<\/li>\n\n\n\n<li>Truskawka Kiwi<\/li>\n\n\n\n<li>Owoce tropikalne<\/li>\n\n\n\n<li>Truskawkowo-waniliowa cola<\/li>\n\n\n\n<li>Lemon Lime<\/li>\n\n\n\n<li>Letni sen<\/li>\n<\/ol>\n\n\n\n<h3 class=\"wp-block-heading\">Dlaczego warto wybra\u0107 Razz Bar 60K?<\/h3>\n\n\n\n<ul class=\"wp-block-list\">\n<li><strong>D\u0142ugotrwa\u0142a wydajno\u015b\u0107:<\/strong> Mniej wymian dzi\u0119ki du\u017cej liczbie zaci\u0105gni\u0119\u0107 i du\u017cemu zbiornikowi e-liquidu.<\/li>\n\n\n\n<li><strong>Prezentacja Premium:<\/strong> Kryszta\u0142owa konstrukcja zwi\u0119ksza atrakcyjno\u015b\u0107 p\u00f3\u0142ki.<\/li>\n\n\n\n<li><strong>Sp\u00f3jna para:<\/strong> Technologia cewki siatkowej zapewnia r\u00f3wnomierne ogrzewanie i bogaty smak.<\/li>\n\n\n\n<li><strong>Wygodna obs\u0142uga:<\/strong> Akumulator z portem typu C.<\/li>\n\n\n\n<li><strong>R\u00f3\u017cnorodno\u015b\u0107 dla klient\u00f3w:<\/strong> 16 smak\u00f3w i dwie opcje nikotyny.<\/li>\n<\/ul>\n\n\n\n<h3 class=\"wp-block-heading\">Wa\u017cne powiadomienie<\/h3>\n\n\n\n<p>Ten produkt jest przeznaczony do <strong>Tylko dla doros\u0142ych (18+)<\/strong>. Prosimy o przestrzeganie <strong>lokalne prawa i przepisy<\/strong> dotycz\u0105ce produkt\u00f3w do waporyzacji.<\/p>","protected":false},"excerpt":{"rendered":"<p>Kryszta\u0142owa konstrukcja premium + <strong data-start=\"119\" data-end=\"135\">60 000 zaci\u0105gni\u0119\u0107<\/strong> + akumulator. G\u0142adki, aromatyczny i gotowy do u\u017cycia.<\/p>","protected":false},"featured_media":25872,"comment_status":"open","ping_status":"closed","template":"","meta":[],"product_brand":[313],"product_cat":[137],"product_tag":[],"class_list":{"0":"post-25829","1":"product","2":"type-product","3":"status-publish","4":"has-post-thumbnail","6":"product_brand-razz-bar","7":"product_cat-60k-puffs","9":"first","10":"instock","11":"sale","12":"shipping-taxable","13":"purchasable","14":"product-type-variable"},"yoast_head":"<!-- This site is optimized with the Yoast SEO plugin v27.4 - https:\/\/yoast.com\/product\/yoast-seo-wordpress\/ -->\n<title>Razz Bar 60K Puffs Crystal Disposable Vape | 16 Flavors<\/title>\n<meta name=\"description\" content=\"Explore the Razz Bar 60K Puffs Crystal Disposable Vape with a 650mAh rechargeable battery, mesh coil, adjustable airflow, and 16 unique flavors.\" \/>\n<meta name=\"robots\" content=\"index, follow, max-snippet:-1, max-image-preview:large, max-video-preview:-1\" \/>\n<link rel=\"canonical\" href=\"https:\/\/vapemaison.com\/pl\/produkt\/razz-bar-60k-puffs-crystal-jednorazowe-vape-16-smakow\/\" \/>\n<meta property=\"og:locale\" content=\"pl_PL\" \/>\n<meta property=\"og:type\" content=\"article\" \/>\n<meta property=\"og:title\" content=\"Razz Bar 60K Puffs Crystal Disposable Vape | 16 Flavors\" \/>\n<meta property=\"og:description\" content=\"Explore the Razz Bar 60K Puffs Crystal Disposable Vape with a 650mAh rechargeable battery, mesh coil, adjustable airflow, and 16 unique flavors.\" \/>\n<meta property=\"og:url\" content=\"https:\/\/vapemaison.com\/pl\/produkt\/razz-bar-60k-puffs-crystal-jednorazowe-vape-16-smakow\/\" \/>\n<meta property=\"og:site_name\" content=\"VapeMaison\" \/>\n<meta property=\"article:modified_time\" content=\"2026-04-15T07:03:00+00:00\" \/>\n<meta property=\"og:image\" content=\"https:\/\/vapemaison.com\/wp-content\/uploads\/2026\/01\/vapemaison-razz-bar-60000-puffs-flavor-15.png\" \/>\n\t<meta property=\"og:image:width\" content=\"1200\" \/>\n\t<meta property=\"og:image:height\" content=\"1200\" \/>\n\t<meta property=\"og:image:type\" content=\"image\/png\" \/>\n<meta name=\"twitter:card\" content=\"summary_large_image\" \/>\n<meta name=\"twitter:label1\" content=\"Szacowany czas czytania\" \/>\n\t<meta name=\"twitter:data1\" content=\"2 minuty\" \/>\n<!-- \/ Yoast SEO plugin. -->","yoast_head_json":{"title":"Razz Bar 60K Puffs Crystal jednorazowy Vape | 16 smak\u00f3w","description":"Poznaj Razz Bar 60K Puffs Crystal Disposable Vape z akumulatorem 650 mAh, cewk\u0105 siatkow\u0105, regulowanym przep\u0142ywem powietrza i 16 unikalnymi smakami.","robots":{"index":"index","follow":"follow","max-snippet":"max-snippet:-1","max-image-preview":"max-image-preview:large","max-video-preview":"max-video-preview:-1"},"canonical":"https:\/\/vapemaison.com\/pl\/produkt\/razz-bar-60k-puffs-crystal-jednorazowe-vape-16-smakow\/","og_locale":"pl_PL","og_type":"article","og_title":"Razz Bar 60K Puffs Crystal Disposable Vape | 16 Flavors","og_description":"Explore the Razz Bar 60K Puffs Crystal Disposable Vape with a 650mAh rechargeable battery, mesh coil, adjustable airflow, and 16 unique flavors.","og_url":"https:\/\/vapemaison.com\/pl\/produkt\/razz-bar-60k-puffs-crystal-jednorazowe-vape-16-smakow\/","og_site_name":"VapeMaison","article_modified_time":"2026-04-15T07:03:00+00:00","og_image":[{"width":1200,"height":1200,"url":"https:\/\/vapemaison.com\/wp-content\/uploads\/2026\/01\/vapemaison-razz-bar-60000-puffs-flavor-15.png","type":"image\/png"}],"twitter_card":"summary_large_image","twitter_misc":{"Szacowany czas czytania":"2 minuty"},"schema":{"@context":"https:\/\/schema.org","@graph":[{"@type":"WebPage","@id":"https:\/\/vapemaison.com\/product\/razz-bar-60k-puffs-crystal-disposable-vape-16-flavors\/","url":"https:\/\/vapemaison.com\/product\/razz-bar-60k-puffs-crystal-disposable-vape-16-flavors\/","name":"Razz Bar 60K Puffs Crystal jednorazowy Vape | 16 smak\u00f3w","isPartOf":{"@id":"https:\/\/vapemaison.com\/#website"},"primaryImageOfPage":{"@id":"https:\/\/vapemaison.com\/product\/razz-bar-60k-puffs-crystal-disposable-vape-16-flavors\/#primaryimage"},"image":{"@id":"https:\/\/vapemaison.com\/product\/razz-bar-60k-puffs-crystal-disposable-vape-16-flavors\/#primaryimage"},"thumbnailUrl":"https:\/\/vapemaison.com\/wp-content\/uploads\/2026\/01\/vapemaison-razz-bar-60000-puffs-flavor-15.png","datePublished":"2026-01-12T07:31:52+00:00","dateModified":"2026-04-15T07:03:00+00:00","description":"Poznaj Razz Bar 60K Puffs Crystal Disposable Vape z akumulatorem 650 mAh, cewk\u0105 siatkow\u0105, regulowanym przep\u0142ywem powietrza i 16 unikalnymi smakami.","breadcrumb":{"@id":"https:\/\/vapemaison.com\/product\/razz-bar-60k-puffs-crystal-disposable-vape-16-flavors\/#breadcrumb"},"inLanguage":"pl-PL","potentialAction":[{"@type":"ReadAction","target":["https:\/\/vapemaison.com\/product\/razz-bar-60k-puffs-crystal-disposable-vape-16-flavors\/"]}]},{"@type":"ImageObject","inLanguage":"pl-PL","@id":"https:\/\/vapemaison.com\/product\/razz-bar-60k-puffs-crystal-disposable-vape-16-flavors\/#primaryimage","url":"https:\/\/vapemaison.com\/wp-content\/uploads\/2026\/01\/vapemaison-razz-bar-60000-puffs-flavor-15.png","contentUrl":"https:\/\/vapemaison.com\/wp-content\/uploads\/2026\/01\/vapemaison-razz-bar-60000-puffs-flavor-15.png","width":1200,"height":1200,"caption":"vapemaison-razz-bar-60000-puffs-flavor-15"},{"@type":"BreadcrumbList","@id":"https:\/\/vapemaison.com\/product\/razz-bar-60k-puffs-crystal-disposable-vape-16-flavors\/#breadcrumb","itemListElement":[{"@type":"ListItem","position":1,"name":"\u9996\u9875","item":"https:\/\/vapemaison.com\/"},{"@type":"ListItem","position":2,"name":"Shop","item":"https:\/\/vapemaison.com\/shop\/"},{"@type":"ListItem","position":3,"name":"Razz Bar","item":"https:\/\/vapemaison.com\/brand\/razz-bar\/"},{"@type":"ListItem","position":4,"name":"Razz Bar 60K Puffs Crystal Disposable Vape | 16 Flavors"}]},{"@type":"WebSite","@id":"https:\/\/vapemaison.com\/#website","url":"https:\/\/vapemaison.com\/","name":"VapeMaison","description":"Wysokiej jako\u015bci urz\u0105dzenia i akcesoria do waporyzacji","publisher":{"@id":"https:\/\/vapemaison.com\/#organization"},"potentialAction":[{"@type":"SearchAction","target":{"@type":"EntryPoint","urlTemplate":"https:\/\/vapemaison.com\/?s={search_term_string}"},"query-input":{"@type":"PropertyValueSpecification","valueRequired":true,"valueName":"search_term_string"}}],"inLanguage":"pl-PL"},{"@type":"Organization","@id":"https:\/\/vapemaison.com\/#organization","name":"VapeMaison","url":"https:\/\/vapemaison.com\/","logo":{"@type":"ImageObject","inLanguage":"pl-PL","@id":"https:\/\/vapemaison.com\/#\/schema\/logo\/image\/","url":"https:\/\/vapemaison.com\/wp-content\/uploads\/2026\/01\/cropped-vapemaison-logo-g-2026.webp","contentUrl":"https:\/\/vapemaison.com\/wp-content\/uploads\/2026\/01\/cropped-vapemaison-logo-g-2026.webp","width":350,"height":280,"caption":"VapeMaison"},"image":{"@id":"https:\/\/vapemaison.com\/#\/schema\/logo\/image\/"},"sameAs":["https:\/\/www.youtube.com\/@VapeMaison"]}]}},"tiered_pricing_type":"fixed","tiered_pricing_fixed_rules":{"100":"9.56","200":"9.22","500":"8.78"},"tiered_pricing_product_settings":{"layout":"default","base_unit_name":{"singular":null,"plural":null},"default_variation":null},"tiered_pricing_minimum_quantity":50,"tiered_pricing_roles_data":[],"tiered_pricing_percentage_rules":[],"tiered_pricing_maximum_quantity":null,"tiered_pricing_quantity_step":"10","_links":{"self":[{"href":"https:\/\/vapemaison.com\/pl\/wp-json\/wp\/v2\/product\/25829","targetHints":{"allow":["GET"]}}],"collection":[{"href":"https:\/\/vapemaison.com\/pl\/wp-json\/wp\/v2\/product"}],"about":[{"href":"https:\/\/vapemaison.com\/pl\/wp-json\/wp\/v2\/types\/product"}],"replies":[{"embeddable":true,"href":"https:\/\/vapemaison.com\/pl\/wp-json\/wp\/v2\/comments?post=25829"}],"version-history":[{"count":4,"href":"https:\/\/vapemaison.com\/pl\/wp-json\/wp\/v2\/product\/25829\/revisions"}],"predecessor-version":[{"id":27862,"href":"https:\/\/vapemaison.com\/pl\/wp-json\/wp\/v2\/product\/25829\/revisions\/27862"}],"wp:featuredmedia":[{"embeddable":true,"href":"https:\/\/vapemaison.com\/pl\/wp-json\/wp\/v2\/media\/25872"}],"wp:attachment":[{"href":"https:\/\/vapemaison.com\/pl\/wp-json\/wp\/v2\/media?parent=25829"}],"wp:term":[{"taxonomy":"product_brand","embeddable":true,"href":"https:\/\/vapemaison.com\/pl\/wp-json\/wp\/v2\/product_brand?post=25829"},{"taxonomy":"product_cat","embeddable":true,"href":"https:\/\/vapemaison.com\/pl\/wp-json\/wp\/v2\/product_cat?post=25829"},{"taxonomy":"product_tag","embeddable":true,"href":"https:\/\/vapemaison.com\/pl\/wp-json\/wp\/v2\/product_tag?post=25829"}],"curies":[{"name":"wp","href":"https:\/\/api.w.org\/{rel}","templated":true}]}}