

{"id":25911,"date":"2026-01-12T11:04:05","date_gmt":"2026-01-12T11:04:05","guid":{"rendered":"https:\/\/vapemaison.com\/?post_type=product&#038;p=25911"},"modified":"2026-04-15T10:43:54","modified_gmt":"2026-04-15T10:43:54","slug":"fihp-multi-120k-puff-6-w-1-smakach-akumulator-led-jednorazowy-vape","status":"publish","type":"product","link":"https:\/\/vapemaison.com\/pl\/product\/fihp-multi-120k-puffs-6-in-1-flavors-rechargeable-led-disposable-vape\/","title":{"rendered":"FIHP MULTI 120K Puffs 6 w 1 Smaki Akumulator LED Jednorazowe Vape"},"content":{"rendered":"<p>The <strong>FIHP MULTI 120K<\/strong> zosta\u0142 zaprojektowany dla vaper\u00f3w, kt\u00f3rzy oczekuj\u0105 d\u0142ugotrwa\u0142ej wydajno\u015bci, wszechstronnych smak\u00f3w i zaawansowanych funkcji w jednym eleganckim urz\u0105dzeniu. Dzi\u0119ki maksymalnie <strong><a href=\"https:\/\/vapemaison.com\/product-category\/puffs-count\/12k-puffs\/\" type=\"link\" id=\"https:\/\/vapemaison.com\/product-category\/puffs-count\/12k-puffs\/\">120 tys. puff\u00f3w<\/a><\/strong>, Zapewnia bardzo d\u0142ugi czas waporyzacji bez konieczno\u015bci cz\u0119stej wymiany. Wtyczka <strong>Wy\u015bwietlacz LED<\/strong> wyra\u017anie pokazuje \u017cywotno\u015b\u0107 baterii i stan u\u017cytkowania, zapewniaj\u0105c, \u017ce ka\u017cde zaci\u0105gni\u0119cie jest p\u0142ynne i satysfakcjonuj\u0105ce.<\/p>\n\n\n\n<p>P\u0142ynne prze\u0142\u0105czanie mi\u0119dzy <strong>6 regulowanych smak\u00f3w<\/strong> aby dopasowa\u0107 si\u0119 do Twojego nastroju w dowolnym momencie. The <strong>Podw\u00f3jna cewka siatkowa<\/strong> poprawia konsystencj\u0119 smaku i g\u0119sto\u015b\u0107 pary, zapewniaj\u0105c bogate, czyste i d\u0142ugotrwa\u0142e uderzenia przy ka\u017cdym zaci\u0105gni\u0119ciu.<\/p>\n\n\n\n<p>Zasilany przez <strong>Akumulator o pojemno\u015bci 650 mAh<\/strong> z <strong>Szybkie \u0142adowanie typu C<\/strong> i hojny <strong>Pojemno\u015b\u0107 64 ml e-liquidu<\/strong>, FIHP MULTI utrzymuje smak d\u0142u\u017cej. Pakowane <strong>10 sztuk w opakowaniu<\/strong>, Jest idealny do u\u017cytku osobistego lub hurtowego. \u0141\u0105cz\u0105c w sobie wydajno\u015b\u0107, technologi\u0119 i styl, waporyzator ten wyznacza nowy standard dla jednorazowych urz\u0105dze\u0144 wielokrotnego \u0142adowania.<\/p>\n\n\n\n<h2 class=\"wp-block-heading\"><strong>Specyfikacja produktu<\/strong><\/h2>\n\n\n\n<ul class=\"wp-block-list\">\n<li><strong>Puffy:<\/strong> Do 120 000<\/li>\n\n\n\n<li><strong>Moc nikotyny:<\/strong> 2% \/ 5%<\/li>\n\n\n\n<li><strong>Pojemno\u015b\u0107 E-Liquid:<\/strong> 64 ml<\/li>\n\n\n\n<li><strong>Smaki:<\/strong> 6 Regulowany<\/li>\n\n\n\n<li><strong>Typ cewki:<\/strong> Cewka z podw\u00f3jn\u0105 siatk\u0105<\/li>\n\n\n\n<li><strong>Bateria:<\/strong> Akumulator 650 mAh<\/li>\n\n\n\n<li><strong>Wy\u015bwietlacz:<\/strong> LED<\/li>\n\n\n\n<li><strong>\u0141adowanie:<\/strong> Szybkie \u0142adowanie typu C<\/li>\n\n\n\n<li><strong>Opakowanie:<\/strong> 10 sztuk\/pude\u0142ko<\/li>\n<\/ul>\n\n\n\n<h2 class=\"wp-block-heading\"><strong>Kombinacje smak\u00f3w<\/strong><\/h2>\n\n\n\n<ul class=\"wp-block-list\">\n<li>Arbuz truskawkowy, Arbuz lodowy, Red Bull, Kiwi truskawkowe, L\u00f3d jagodowy, Limonka cytrynowa<\/li>\n\n\n\n<li>Brzoskwinia z cytryn\u0105, banan z truskawk\u0105, podw\u00f3jne jab\u0142ko, arbuz z malin\u0105, ananas z kwa\u015bnym mango, owoce tropikalne<\/li>\n\n\n\n<li>Truskawkowo-waniliowa cola, ananasowo-kokosowy, Blue Razz, mieszane jagody, mango-brzoskwinia, jagodowo-malinowy<\/li>\n\n\n\n<li>Gummy Bear, Peach Berry, Triple Melon, Grape Ice, Black Dragon Ice, Fizzy Cherry Ice<\/li>\n\n\n\n<li>Peach Ice, Rainbow Candy, Cherry Cola Ice, Love 666, Mango Ice, Blueberry Cotton Candy<\/li>\n\n\n\n<li>Watermelon Lemon, Aloe Lychee Ice, Pink Lemon, Glacier Ice, Pine Needle Mint, Black Currant Ice<\/li>\n<\/ul>\n\n\n\n<p><\/p>","protected":false},"excerpt":{"rendered":"<p data-start=\"613\" data-end=\"994\">Do\u015bwiadczenie <strong data-start=\"628\" data-end=\"647\">FIHP MULTI 120K<\/strong>, Jednorazowy waporyzator wielokrotnego \u0142adowania zaprojektowany z my\u015bl\u0105 o d\u0142ugotrwa\u0142ej przyjemno\u015bci. Prze\u0142\u0105czanie mi\u0119dzy <strong data-start=\"732\" data-end=\"745\">6 smak\u00f3w<\/strong>, \u015bledzi\u0107 bateri\u0119 i zu\u017cycie za pomoc\u0105 <strong data-start=\"780\" data-end=\"795\">Wy\u015bwietlacz LED<\/strong>, i ciesz si\u0119 bogat\u0105, sp\u00f3jn\u0105 par\u0105 dzi\u0119ki <strong data-start=\"844\" data-end=\"862\">Podw\u00f3jna cewka siatkowa<\/strong>. Z <strong data-start=\"869\" data-end=\"886\">64 ml e-liquidu<\/strong> oraz <strong data-start=\"891\" data-end=\"915\">Szybkie \u0142adowanie typu C<\/strong>, Ten waporyzator zapewnia wygod\u0119, wydajno\u015b\u0107 i styl w jednym eleganckim urz\u0105dzeniu.<\/p>","protected":false},"featured_media":25912,"comment_status":"open","ping_status":"closed","template":"","meta":[],"product_brand":[59],"product_cat":[153],"product_tag":[],"class_list":{"0":"post-25911","1":"product","2":"type-product","3":"status-publish","4":"has-post-thumbnail","6":"product_brand-waspe","7":"product_cat-120k-puffs","9":"first","10":"instock","11":"sale","12":"shipping-taxable","13":"purchasable","14":"product-type-variable"},"yoast_head":"<!-- This site is optimized with the Yoast SEO plugin v27.4 - https:\/\/yoast.com\/product\/yoast-seo-wordpress\/ -->\n<title>FIHP MULTI 120K Puffs Rechargeable Disposable Vape<\/title>\n<meta name=\"description\" content=\"Discover the FIHP MULTI 120K disposable vape with up to 120,000 puffs, 6 adjustable flavors, LED display, dual mesh coil, and 650mAh rechargeable battery.\" \/>\n<meta name=\"robots\" content=\"index, follow, max-snippet:-1, max-image-preview:large, max-video-preview:-1\" \/>\n<link rel=\"canonical\" href=\"https:\/\/vapemaison.com\/pl\/produkt\/fihp-multi-120k-puff-6-w-1-smakach-akumulator-led-jednorazowy-vape\/\" \/>\n<meta property=\"og:locale\" content=\"pl_PL\" \/>\n<meta property=\"og:type\" content=\"article\" \/>\n<meta property=\"og:title\" content=\"FIHP MULTI 120K Puffs Rechargeable Disposable Vape\" \/>\n<meta property=\"og:description\" content=\"Discover the FIHP MULTI 120K disposable vape with up to 120,000 puffs, 6 adjustable flavors, LED display, dual mesh coil, and 650mAh rechargeable battery.\" \/>\n<meta property=\"og:url\" content=\"https:\/\/vapemaison.com\/pl\/produkt\/fihp-multi-120k-puff-6-w-1-smakach-akumulator-led-jednorazowy-vape\/\" \/>\n<meta property=\"og:site_name\" content=\"VapeMaison\" \/>\n<meta property=\"article:modified_time\" content=\"2026-04-15T10:43:54+00:00\" \/>\n<meta property=\"og:image\" content=\"https:\/\/vapemaison.com\/wp-content\/uploads\/2026\/01\/features.jpg.webp\" \/>\n\t<meta property=\"og:image:width\" content=\"800\" \/>\n\t<meta property=\"og:image:height\" content=\"800\" \/>\n\t<meta property=\"og:image:type\" content=\"image\/webp\" \/>\n<meta name=\"twitter:card\" content=\"summary_large_image\" \/>\n<meta name=\"twitter:label1\" content=\"Szacowany czas czytania\" \/>\n\t<meta name=\"twitter:data1\" content=\"2 minuty\" \/>\n<!-- \/ Yoast SEO plugin. -->","yoast_head_json":{"title":"FIHP MULTI 120K Puffs Akumulator jednorazowy Vape","description":"Odkryj jednorazowy waporyzator FIHP MULTI 120K z nawet 120 000 zaci\u0105gni\u0119\u0107, 6 regulowanymi smakami, wy\u015bwietlaczem LED, podw\u00f3jn\u0105 cewk\u0105 siatkow\u0105 i akumulatorem 650 mAh.","robots":{"index":"index","follow":"follow","max-snippet":"max-snippet:-1","max-image-preview":"max-image-preview:large","max-video-preview":"max-video-preview:-1"},"canonical":"https:\/\/vapemaison.com\/pl\/produkt\/fihp-multi-120k-puff-6-w-1-smakach-akumulator-led-jednorazowy-vape\/","og_locale":"pl_PL","og_type":"article","og_title":"FIHP MULTI 120K Puffs Rechargeable Disposable Vape","og_description":"Discover the FIHP MULTI 120K disposable vape with up to 120,000 puffs, 6 adjustable flavors, LED display, dual mesh coil, and 650mAh rechargeable battery.","og_url":"https:\/\/vapemaison.com\/pl\/produkt\/fihp-multi-120k-puff-6-w-1-smakach-akumulator-led-jednorazowy-vape\/","og_site_name":"VapeMaison","article_modified_time":"2026-04-15T10:43:54+00:00","og_image":[{"width":800,"height":800,"url":"https:\/\/vapemaison.com\/wp-content\/uploads\/2026\/01\/features.jpg.webp","type":"image\/webp"}],"twitter_card":"summary_large_image","twitter_misc":{"Szacowany czas czytania":"2 minuty"},"schema":{"@context":"https:\/\/schema.org","@graph":[{"@type":"WebPage","@id":"https:\/\/vapemaison.com\/product\/fihp-multi-120k-puffs-6-in-1-flavors-rechargeable-led-disposable-vape\/","url":"https:\/\/vapemaison.com\/product\/fihp-multi-120k-puffs-6-in-1-flavors-rechargeable-led-disposable-vape\/","name":"FIHP MULTI 120K Puffs Akumulator jednorazowy Vape","isPartOf":{"@id":"https:\/\/vapemaison.com\/#website"},"primaryImageOfPage":{"@id":"https:\/\/vapemaison.com\/product\/fihp-multi-120k-puffs-6-in-1-flavors-rechargeable-led-disposable-vape\/#primaryimage"},"image":{"@id":"https:\/\/vapemaison.com\/product\/fihp-multi-120k-puffs-6-in-1-flavors-rechargeable-led-disposable-vape\/#primaryimage"},"thumbnailUrl":"https:\/\/vapemaison.com\/wp-content\/uploads\/2026\/01\/features.jpg.webp","datePublished":"2026-01-12T11:04:05+00:00","dateModified":"2026-04-15T10:43:54+00:00","description":"Odkryj jednorazowy waporyzator FIHP MULTI 120K z nawet 120 000 zaci\u0105gni\u0119\u0107, 6 regulowanymi smakami, wy\u015bwietlaczem LED, podw\u00f3jn\u0105 cewk\u0105 siatkow\u0105 i akumulatorem 650 mAh.","breadcrumb":{"@id":"https:\/\/vapemaison.com\/product\/fihp-multi-120k-puffs-6-in-1-flavors-rechargeable-led-disposable-vape\/#breadcrumb"},"inLanguage":"pl-PL","potentialAction":[{"@type":"ReadAction","target":["https:\/\/vapemaison.com\/product\/fihp-multi-120k-puffs-6-in-1-flavors-rechargeable-led-disposable-vape\/"]}]},{"@type":"ImageObject","inLanguage":"pl-PL","@id":"https:\/\/vapemaison.com\/product\/fihp-multi-120k-puffs-6-in-1-flavors-rechargeable-led-disposable-vape\/#primaryimage","url":"https:\/\/vapemaison.com\/wp-content\/uploads\/2026\/01\/features.jpg.webp","contentUrl":"https:\/\/vapemaison.com\/wp-content\/uploads\/2026\/01\/features.jpg.webp","width":800,"height":800,"caption":"Features.jpg Disposable Vape Device"},{"@type":"BreadcrumbList","@id":"https:\/\/vapemaison.com\/product\/fihp-multi-120k-puffs-6-in-1-flavors-rechargeable-led-disposable-vape\/#breadcrumb","itemListElement":[{"@type":"ListItem","position":1,"name":"\u9996\u9875","item":"https:\/\/vapemaison.com\/"},{"@type":"ListItem","position":2,"name":"Shop","item":"https:\/\/vapemaison.com\/shop\/"},{"@type":"ListItem","position":3,"name":"Waspe","item":"https:\/\/vapemaison.com\/brand\/waspe\/"},{"@type":"ListItem","position":4,"name":"FIHP MULTI 120K Puffs 6-in-1 Flavors Rechargeable LED Disposable Vape"}]},{"@type":"WebSite","@id":"https:\/\/vapemaison.com\/#website","url":"https:\/\/vapemaison.com\/","name":"VapeMaison","description":"Wysokiej jako\u015bci urz\u0105dzenia i akcesoria do waporyzacji","publisher":{"@id":"https:\/\/vapemaison.com\/#organization"},"potentialAction":[{"@type":"SearchAction","target":{"@type":"EntryPoint","urlTemplate":"https:\/\/vapemaison.com\/?s={search_term_string}"},"query-input":{"@type":"PropertyValueSpecification","valueRequired":true,"valueName":"search_term_string"}}],"inLanguage":"pl-PL"},{"@type":"Organization","@id":"https:\/\/vapemaison.com\/#organization","name":"VapeMaison","url":"https:\/\/vapemaison.com\/","logo":{"@type":"ImageObject","inLanguage":"pl-PL","@id":"https:\/\/vapemaison.com\/#\/schema\/logo\/image\/","url":"https:\/\/vapemaison.com\/wp-content\/uploads\/2026\/01\/cropped-vapemaison-logo-g-2026.webp","contentUrl":"https:\/\/vapemaison.com\/wp-content\/uploads\/2026\/01\/cropped-vapemaison-logo-g-2026.webp","width":350,"height":280,"caption":"VapeMaison"},"image":{"@id":"https:\/\/vapemaison.com\/#\/schema\/logo\/image\/"},"sameAs":["https:\/\/www.youtube.com\/@VapeMaison"]}]}},"tiered_pricing_type":"fixed","tiered_pricing_fixed_rules":{"30":"10.56","50":"9.99","100":"9.12","200":"8.37"},"tiered_pricing_product_settings":{"layout":"default","base_unit_name":{"singular":null,"plural":null},"default_variation":null},"tiered_pricing_minimum_quantity":10,"tiered_pricing_roles_data":[],"tiered_pricing_percentage_rules":[],"tiered_pricing_maximum_quantity":null,"tiered_pricing_quantity_step":"10","_links":{"self":[{"href":"https:\/\/vapemaison.com\/pl\/wp-json\/wp\/v2\/product\/25911","targetHints":{"allow":["GET"]}}],"collection":[{"href":"https:\/\/vapemaison.com\/pl\/wp-json\/wp\/v2\/product"}],"about":[{"href":"https:\/\/vapemaison.com\/pl\/wp-json\/wp\/v2\/types\/product"}],"replies":[{"embeddable":true,"href":"https:\/\/vapemaison.com\/pl\/wp-json\/wp\/v2\/comments?post=25911"}],"version-history":[{"count":3,"href":"https:\/\/vapemaison.com\/pl\/wp-json\/wp\/v2\/product\/25911\/revisions"}],"predecessor-version":[{"id":29460,"href":"https:\/\/vapemaison.com\/pl\/wp-json\/wp\/v2\/product\/25911\/revisions\/29460"}],"wp:featuredmedia":[{"embeddable":true,"href":"https:\/\/vapemaison.com\/pl\/wp-json\/wp\/v2\/media\/25912"}],"wp:attachment":[{"href":"https:\/\/vapemaison.com\/pl\/wp-json\/wp\/v2\/media?parent=25911"}],"wp:term":[{"taxonomy":"product_brand","embeddable":true,"href":"https:\/\/vapemaison.com\/pl\/wp-json\/wp\/v2\/product_brand?post=25911"},{"taxonomy":"product_cat","embeddable":true,"href":"https:\/\/vapemaison.com\/pl\/wp-json\/wp\/v2\/product_cat?post=25911"},{"taxonomy":"product_tag","embeddable":true,"href":"https:\/\/vapemaison.com\/pl\/wp-json\/wp\/v2\/product_tag?post=25911"}],"curies":[{"name":"wp","href":"https:\/\/api.w.org\/{rel}","templated":true}]}}