

{"id":26029,"date":"2026-01-17T09:31:59","date_gmt":"2026-01-17T09:31:59","guid":{"rendered":"https:\/\/vapemaison.com\/?post_type=product&#038;p=26029"},"modified":"2026-01-20T07:13:40","modified_gmt":"2026-01-20T07:13:40","slug":"bang-moze-miec-60000-zaciagniec-jednorazowym-plynem-vape-36mle","status":"publish","type":"product","link":"https:\/\/vapemaison.com\/pl\/product\/bang-can-be-olied-60000-puffs-disposable-vape-36mle-liquid\/","title":{"rendered":"Bang Can be olied 60 000 puff\u00f3w czystej satysfakcji"},"content":{"rendered":"<p>Podnie\u015b poziom swojej waporyzacji dzi\u0119ki naszemu najnowszemu flagowemu urz\u0105dzeniu jednorazowemu. Zaprojektowali\u015bmy to pot\u0119\u017cne urz\u0105dzenie specjalnie dla tych, kt\u00f3rzy wymagaj\u0105 d\u0142ugowieczno\u015bci bez kompromis\u00f3w w zakresie jako\u015bci. W zwi\u0105zku z tym zapewnia on niespotykan\u0105 dot\u0105d trwa\u0142o\u015b\u0107 60 000 zaci\u0105gni\u0119\u0107, co czyni go najlepszym towarzyszem zar\u00f3wno dla mi\u0142o\u015bnik\u00f3w chmur, jak i koneser\u00f3w smak\u00f3w.<\/p>\n\n\n\n<p>Ponadto zintegrowali\u015bmy ogromn\u0105 <strong>Pojemno\u015b\u0107 36 ml e-liquidu<\/strong> z wysok\u0105 wydajno\u015bci\u0105 <strong>Siatkowa cewka 1,0\u03a9<\/strong>. W rezultacie ka\u017cde uderzenie jest r\u00f3wnie g\u0142adkie i aromatyczne jak pierwsze. Elegancka, ergonomiczna konstrukcja idealnie le\u017cy w d\u0142oni, a system \u0142adowania typu C zapewnia cieszenie si\u0119 ka\u017cd\u0105 kropl\u0105 soku premium. W ko\u0144cu mo\u017cesz po\u017cegna\u0107 si\u0119 z cz\u0119stymi wymianami i cieszy\u0107 si\u0119 najbardziej zr\u00f3wnowa\u017conym jednorazowym do\u015bwiadczeniem na rynku.<\/p>\n\n\n\n<h3 class=\"wp-block-heading\">Specyfikacja rdzenia<\/h3>\n\n\n\n<figure class=\"wp-block-table is-style-stripes\"><table class=\"has-fixed-layout\"><thead><tr><td><strong>Cecha<\/strong><\/td><td><strong>Specyfikacja<\/strong><\/td><\/tr><\/thead><tbody><tr><td><strong>Max Puffs<\/strong><\/td><td>60,000 Puffs<\/td><\/tr><tr><td><strong>Pojemno\u015b\u0107 E-Liquid<\/strong><\/td><td>36 ml (wst\u0119pnie nape\u0142niony)<\/td><\/tr><tr><td><strong>Pojemno\u015b\u0107 akumulatora<\/strong><\/td><td>550 mAh (kobalt o wysokiej g\u0119sto\u015bci)<\/td><\/tr><tr><td><strong>Element grzejny<\/strong><\/td><td>Siatkowa cewka 1,0\u03a9 (wzmocniony smak)<\/td><\/tr><tr><td><strong>Port \u0142adowania<\/strong><\/td><td>Typ-C (szybkie \u0142adowanie)<\/td><\/tr><tr><td><strong>Dzia\u0142anie<\/strong><\/td><td>Aktywowany rysikiem \/ \u0142adowalny<\/td><\/tr><tr><td><strong>Projekt<\/strong><\/td><td>Ergonomiczna przeno\u015bna obudowa<\/td><\/tr><\/tbody><\/table><\/figure>\n\n\n\n<h3 class=\"wp-block-heading\">Kluczowe cechy i korzy\u015bci<\/h3>\n\n\n\n<ul class=\"wp-block-list\">\n<li><strong>Niezr\u00f3wnana trwa\u0142o\u015b\u0107:<\/strong> Poniewa\u017c to urz\u0105dzenie oferuje osza\u0142amiaj\u0105c\u0105 liczb\u0119 60 000 zaci\u0105gni\u0119\u0107, z \u0142atwo\u015bci\u0105 przewy\u017csza konkurencj\u0119. W rezultacie pojedyncza jednostka zapewnia tygodnie ci\u0105g\u0142ego u\u017cytkowania.<\/li>\n\n\n\n<li><strong>Zaawansowana technologia cewek siatkowych:<\/strong> Siatkowa cewka 1,0\u03a9 znacznie zwi\u0119ksza powierzchni\u0119 grzewcz\u0105. Dlatego te\u017c urz\u0105dzenie zapewnia bogatsz\u0105 produkcj\u0119 pary i sp\u00f3jne uderzenie w gard\u0142o za ka\u017cdym razem.<\/li>\n\n\n\n<li><strong>Ekologiczne \u0142adowanie:<\/strong> Port typu C u\u0142atwia szybkie \u0142adowanie akumulatora o pojemno\u015bci 550 mAh. Gwarantuje to, \u017ce nigdy nie zabraknie ci energii przed zako\u0144czeniem e-liquidu.<\/li>\n\n\n\n<li><strong>Synergia dw\u00f3ch smak\u00f3w:<\/strong> Dodatkowo, nasi eksperci po\u0142\u0105czyli ka\u017cdy profil smakowy, aby zapewni\u0107 warstwowe, wielowymiarowe doznania smakowe.<\/li>\n<\/ul>\n\n\n\n<h3 class=\"wp-block-heading\">Menu smak\u00f3w premium<\/h3>\n\n\n\n<p>Wybieraj spo\u015br\u00f3d naszych 12 mistrzowskich kombinacji smakowych. Ka\u017cda opcja zawiera orze\u017awiaj\u0105ce lodowe wyko\u0144czenia i \u017cywe owocowe fuzje, kt\u00f3re zaspokoj\u0105 Tw\u00f3j apetyt.<\/p>\n\n\n\n<ul class=\"wp-block-list\">\n<li><strong>Arbuz i arbuz truskawkowy<\/strong><\/li>\n\n\n\n<li><strong>Mango i truskawka z mango<\/strong><\/li>\n\n\n\n<li><strong>Peach Ice &amp; Mango Peach<\/strong><\/li>\n\n\n\n<li><strong>Arbuz i arbuz z jagodami<\/strong><\/li>\n\n\n\n<li><strong>Mieszane owoce i potr\u00f3jne jagody<\/strong><\/li>\n\n\n\n<li><strong>L\u00f3d truskawkowy i banan truskawkowy<\/strong><\/li>\n\n\n\n<li><strong>Blueberry Ice &amp; Blueberry Raspberry<\/strong><\/li>\n\n\n\n<li><strong>Arbuzowa wi\u015bnia i wi\u015bniowa cola<\/strong><\/li>\n\n\n\n<li><strong>L\u00f3d jagodowy i mi\u0119ta jagodowa<\/strong><\/li>\n\n\n\n<li><strong>L\u00f3d ananasowo-kokosowy i ananasowy<\/strong><\/li>\n\n\n\n<li><strong>Nap\u00f3j energetyczny i l\u00f3d arbuzowy<\/strong><\/li>\n\n\n\n<li><strong>Grape Ice &amp; Blueberry Grape<\/strong><\/li>\n<\/ul>\n\n\n\n<h3 class=\"wp-block-heading\">Dlaczego warto dokona\u0107 aktualizacji ju\u017c dzi\u015b?<\/h3>\n\n\n\n<p>Podsumowuj\u0105c, Bang Blaze 60,000 \u0142\u0105czy w sobie ogromn\u0105 pojemno\u015b\u0107 z elitarn\u0105 technologi\u0105. <strong>Ponadto<\/strong>, Aktywne zarz\u0105dzanie energi\u0105 i doskona\u0142a konstrukcja cewki oznaczaj\u0105, \u017ce otrzymujesz wi\u0119cej za swoje pieni\u0105dze. <strong>Zamiast tego<\/strong> Zamiast nosi\u0107 ze sob\u0105 wiele urz\u0105dze\u0144, mo\u017cesz polega\u0107 na tym pojedynczym, wysokowydajnym urz\u0105dzeniu, kt\u00f3re spe\u0142ni wszystkie Twoje potrzeby.<\/p>","protected":false},"excerpt":{"rendered":"<p>Przesta\u0144 zadowala\u0107 si\u0119 ci\u0105g\u0142ymi wymianami i przesi\u0105d\u017a si\u0119 na Bang Blaze 60,000 na tygodnie nieprzerwanej satysfakcji. Co wi\u0119cej, nasza zaawansowana technologia 1.0\u03a9 Mesh Coil maksymalizuje ka\u017cd\u0105 kropl\u0119 z ogromnego zbiornika 36 ml, aby zapewni\u0107 niezmiennie wyrazisty smak. W rezultacie cieszysz si\u0119 bardziej zr\u00f3wnowa\u017conym i wysokiej jako\u015bci do\u015bwiadczeniem, oszcz\u0119dzaj\u0105c czas i pieni\u0105dze przy ka\u017cdym zaci\u0105gni\u0119ciu.<\/p>","protected":false},"featured_media":26040,"comment_status":"open","ping_status":"closed","template":"","meta":[],"product_brand":[57],"product_cat":[137],"product_tag":[],"class_list":{"0":"post-26029","1":"product","2":"type-product","3":"status-publish","4":"has-post-thumbnail","6":"product_brand-bang","7":"product_cat-60k-puffs","9":"first","10":"instock","11":"sale","12":"shipping-taxable","13":"purchasable","14":"product-type-variable"},"yoast_head":"<!-- This site is optimized with the Yoast SEO plugin v27.4 - https:\/\/yoast.com\/product\/yoast-seo-wordpress\/ -->\n<title>Bang Can Be Olied 60000 Puffs Disposable Vape \u2013 36ml E-Liquid,<\/title>\n<meta name=\"description\" content=\"Discover the latest Bang Can Be Olied 60000 Puffs Disposable Vape with 36ml e-liquid and a 600mAh battery. Shop now for Bang&#039;s newest premium disposable vape!\" \/>\n<meta name=\"robots\" content=\"index, follow, max-snippet:-1, max-image-preview:large, max-video-preview:-1\" \/>\n<link rel=\"canonical\" href=\"https:\/\/vapemaison.com\/pl\/produkt\/bang-moze-miec-60000-zaciagniec-jednorazowym-plynem-vape-36mle\/\" \/>\n<meta property=\"og:locale\" content=\"pl_PL\" \/>\n<meta property=\"og:type\" content=\"article\" \/>\n<meta property=\"og:title\" content=\"Bang Can Be Olied 60000 Puffs Disposable Vape \u2013 36ml E-Liquid,\" \/>\n<meta property=\"og:description\" content=\"Discover the latest Bang Can Be Olied 60000 Puffs Disposable Vape with 36ml e-liquid and a 600mAh battery. Shop now for Bang&#039;s newest premium disposable vape!\" \/>\n<meta property=\"og:url\" content=\"https:\/\/vapemaison.com\/pl\/produkt\/bang-moze-miec-60000-zaciagniec-jednorazowym-plynem-vape-36mle\/\" \/>\n<meta property=\"og:site_name\" content=\"VapeMaison\" \/>\n<meta property=\"article:modified_time\" content=\"2026-01-20T07:13:40+00:00\" \/>\n<meta property=\"og:image\" content=\"https:\/\/vapemaison.com\/wp-content\/uploads\/2026\/01\/bang-can-be-lied-60000-puffs-disposable-vape-picture-display-6.png\" \/>\n\t<meta property=\"og:image:width\" content=\"712\" \/>\n\t<meta property=\"og:image:height\" content=\"800\" \/>\n\t<meta property=\"og:image:type\" content=\"image\/png\" \/>\n<meta name=\"twitter:card\" content=\"summary_large_image\" \/>\n<meta name=\"twitter:label1\" content=\"Szacowany czas czytania\" \/>\n\t<meta name=\"twitter:data1\" content=\"2 minuty\" \/>\n<!-- \/ Yoast SEO plugin. -->","yoast_head_json":{"title":"Bang Can Be Olied 60000 Puffs Jednorazowy Vape - 36 ml E-Liquidu,","description":"Odkryj najnowszy jednorazowy waporyzator Bang Can Be Olied 60000 Puffs z 36 ml e-liquidu i bateri\u0105 600 mAh. Kup teraz najnowszy jednorazowy vape Bang klasy premium!","robots":{"index":"index","follow":"follow","max-snippet":"max-snippet:-1","max-image-preview":"max-image-preview:large","max-video-preview":"max-video-preview:-1"},"canonical":"https:\/\/vapemaison.com\/pl\/produkt\/bang-moze-miec-60000-zaciagniec-jednorazowym-plynem-vape-36mle\/","og_locale":"pl_PL","og_type":"article","og_title":"Bang Can Be Olied 60000 Puffs Disposable Vape \u2013 36ml E-Liquid,","og_description":"Discover the latest Bang Can Be Olied 60000 Puffs Disposable Vape with 36ml e-liquid and a 600mAh battery. Shop now for Bang's newest premium disposable vape!","og_url":"https:\/\/vapemaison.com\/pl\/produkt\/bang-moze-miec-60000-zaciagniec-jednorazowym-plynem-vape-36mle\/","og_site_name":"VapeMaison","article_modified_time":"2026-01-20T07:13:40+00:00","og_image":[{"width":712,"height":800,"url":"https:\/\/vapemaison.com\/wp-content\/uploads\/2026\/01\/bang-can-be-lied-60000-puffs-disposable-vape-picture-display-6.png","type":"image\/png"}],"twitter_card":"summary_large_image","twitter_misc":{"Szacowany czas czytania":"2 minuty"},"schema":{"@context":"https:\/\/schema.org","@graph":[{"@type":"WebPage","@id":"https:\/\/vapemaison.com\/product\/bang-can-be-olied-60000-puffs-disposable-vape-36mle-liquid\/","url":"https:\/\/vapemaison.com\/product\/bang-can-be-olied-60000-puffs-disposable-vape-36mle-liquid\/","name":"Bang Can Be Olied 60000 Puffs Jednorazowy Vape - 36 ml E-Liquidu,","isPartOf":{"@id":"https:\/\/vapemaison.com\/#website"},"primaryImageOfPage":{"@id":"https:\/\/vapemaison.com\/product\/bang-can-be-olied-60000-puffs-disposable-vape-36mle-liquid\/#primaryimage"},"image":{"@id":"https:\/\/vapemaison.com\/product\/bang-can-be-olied-60000-puffs-disposable-vape-36mle-liquid\/#primaryimage"},"thumbnailUrl":"https:\/\/vapemaison.com\/wp-content\/uploads\/2026\/01\/bang-can-be-lied-60000-puffs-disposable-vape-picture-display-6.png","datePublished":"2026-01-17T09:31:59+00:00","dateModified":"2026-01-20T07:13:40+00:00","description":"Odkryj najnowszy jednorazowy waporyzator Bang Can Be Olied 60000 Puffs z 36 ml e-liquidu i bateri\u0105 600 mAh. Kup teraz najnowszy jednorazowy vape Bang klasy premium!","breadcrumb":{"@id":"https:\/\/vapemaison.com\/product\/bang-can-be-olied-60000-puffs-disposable-vape-36mle-liquid\/#breadcrumb"},"inLanguage":"pl-PL","potentialAction":[{"@type":"ReadAction","target":["https:\/\/vapemaison.com\/product\/bang-can-be-olied-60000-puffs-disposable-vape-36mle-liquid\/"]}]},{"@type":"ImageObject","inLanguage":"pl-PL","@id":"https:\/\/vapemaison.com\/product\/bang-can-be-olied-60000-puffs-disposable-vape-36mle-liquid\/#primaryimage","url":"https:\/\/vapemaison.com\/wp-content\/uploads\/2026\/01\/bang-can-be-lied-60000-puffs-disposable-vape-picture-display-6.png","contentUrl":"https:\/\/vapemaison.com\/wp-content\/uploads\/2026\/01\/bang-can-be-lied-60000-puffs-disposable-vape-picture-display-6.png","width":712,"height":800,"caption":"Bang Can Be Lied Puffs Disposable Vape Picture Display"},{"@type":"BreadcrumbList","@id":"https:\/\/vapemaison.com\/product\/bang-can-be-olied-60000-puffs-disposable-vape-36mle-liquid\/#breadcrumb","itemListElement":[{"@type":"ListItem","position":1,"name":"\u9996\u9875","item":"https:\/\/vapemaison.com\/"},{"@type":"ListItem","position":2,"name":"Shop","item":"https:\/\/vapemaison.com\/shop\/"},{"@type":"ListItem","position":3,"name":"Bang","item":"https:\/\/vapemaison.com\/brand\/bang\/"},{"@type":"ListItem","position":4,"name":"Bang Can be olied 60,000 Puffs of Pure Satisfaction"}]},{"@type":"WebSite","@id":"https:\/\/vapemaison.com\/#website","url":"https:\/\/vapemaison.com\/","name":"VapeMaison","description":"Wysokiej jako\u015bci urz\u0105dzenia i akcesoria do waporyzacji","publisher":{"@id":"https:\/\/vapemaison.com\/#organization"},"potentialAction":[{"@type":"SearchAction","target":{"@type":"EntryPoint","urlTemplate":"https:\/\/vapemaison.com\/?s={search_term_string}"},"query-input":{"@type":"PropertyValueSpecification","valueRequired":true,"valueName":"search_term_string"}}],"inLanguage":"pl-PL"},{"@type":"Organization","@id":"https:\/\/vapemaison.com\/#organization","name":"VapeMaison","url":"https:\/\/vapemaison.com\/","logo":{"@type":"ImageObject","inLanguage":"pl-PL","@id":"https:\/\/vapemaison.com\/#\/schema\/logo\/image\/","url":"https:\/\/vapemaison.com\/wp-content\/uploads\/2026\/01\/cropped-vapemaison-logo-g-2026.webp","contentUrl":"https:\/\/vapemaison.com\/wp-content\/uploads\/2026\/01\/cropped-vapemaison-logo-g-2026.webp","width":350,"height":280,"caption":"VapeMaison"},"image":{"@id":"https:\/\/vapemaison.com\/#\/schema\/logo\/image\/"},"sameAs":["https:\/\/www.youtube.com\/@VapeMaison"]}]}},"tiered_pricing_type":"fixed","tiered_pricing_fixed_rules":{"30":"12.63","50":"11.87","100":"11.23","200":"10.24"},"tiered_pricing_product_settings":{"layout":"default","base_unit_name":{"singular":null,"plural":null},"default_variation":null},"tiered_pricing_minimum_quantity":10,"tiered_pricing_roles_data":[],"tiered_pricing_percentage_rules":[],"tiered_pricing_maximum_quantity":null,"tiered_pricing_quantity_step":"10","_links":{"self":[{"href":"https:\/\/vapemaison.com\/pl\/wp-json\/wp\/v2\/product\/26029","targetHints":{"allow":["GET"]}}],"collection":[{"href":"https:\/\/vapemaison.com\/pl\/wp-json\/wp\/v2\/product"}],"about":[{"href":"https:\/\/vapemaison.com\/pl\/wp-json\/wp\/v2\/types\/product"}],"replies":[{"embeddable":true,"href":"https:\/\/vapemaison.com\/pl\/wp-json\/wp\/v2\/comments?post=26029"}],"version-history":[{"count":5,"href":"https:\/\/vapemaison.com\/pl\/wp-json\/wp\/v2\/product\/26029\/revisions"}],"predecessor-version":[{"id":26130,"href":"https:\/\/vapemaison.com\/pl\/wp-json\/wp\/v2\/product\/26029\/revisions\/26130"}],"wp:featuredmedia":[{"embeddable":true,"href":"https:\/\/vapemaison.com\/pl\/wp-json\/wp\/v2\/media\/26040"}],"wp:attachment":[{"href":"https:\/\/vapemaison.com\/pl\/wp-json\/wp\/v2\/media?parent=26029"}],"wp:term":[{"taxonomy":"product_brand","embeddable":true,"href":"https:\/\/vapemaison.com\/pl\/wp-json\/wp\/v2\/product_brand?post=26029"},{"taxonomy":"product_cat","embeddable":true,"href":"https:\/\/vapemaison.com\/pl\/wp-json\/wp\/v2\/product_cat?post=26029"},{"taxonomy":"product_tag","embeddable":true,"href":"https:\/\/vapemaison.com\/pl\/wp-json\/wp\/v2\/product_tag?post=26029"}],"curies":[{"name":"wp","href":"https:\/\/api.w.org\/{rel}","templated":true}]}}