

{"id":26202,"date":"2026-01-23T03:54:38","date_gmt":"2026-01-23T03:54:38","guid":{"rendered":"https:\/\/vapemaison.com\/?post_type=product&#038;p=26202"},"modified":"2026-01-30T08:19:47","modified_gmt":"2026-01-30T08:19:47","slug":"airmez-lux-60k-jednorazowe-vape-2026-vape","status":"publish","type":"product","link":"https:\/\/vapemaison.com\/pl\/product\/airmez-lux-60k-disposable-vape-2026-vape\/","title":{"rendered":"Airmez lux 60k jednorazowy Vape | 2026 Vape"},"content":{"rendered":"<figure class=\"wp-block-image size-large\"><a href=\"https:\/\/vapemaison.com\/wp-content\/uploads\/2026\/01\/airmez-lux-60000-puffs-display-banner-scaled.webp\"><img fetchpriority=\"high\" decoding=\"async\" width=\"1024\" height=\"436\" src=\"https:\/\/vapemaison.com\/wp-content\/uploads\/2026\/01\/airmez-lux-60000-puffs-display-banner-1024x436.webp\" alt=\"\" class=\"wp-image-26204\" srcset=\"https:\/\/vapemaison.com\/wp-content\/uploads\/2026\/01\/airmez-lux-60000-puffs-display-banner-1024x436.webp 1024w, https:\/\/vapemaison.com\/wp-content\/uploads\/2026\/01\/airmez-lux-60000-puffs-display-banner-300x128.webp 300w, https:\/\/vapemaison.com\/wp-content\/uploads\/2026\/01\/airmez-lux-60000-puffs-display-banner-768x327.webp 768w, https:\/\/vapemaison.com\/wp-content\/uploads\/2026\/01\/airmez-lux-60000-puffs-display-banner-1536x654.webp 1536w, https:\/\/vapemaison.com\/wp-content\/uploads\/2026\/01\/airmez-lux-60000-puffs-display-banner-2048x872.webp 2048w, https:\/\/vapemaison.com\/wp-content\/uploads\/2026\/01\/airmez-lux-60000-puffs-display-banner-18x8.webp 18w, https:\/\/vapemaison.com\/wp-content\/uploads\/2026\/01\/airmez-lux-60000-puffs-display-banner-990x422.webp 990w, https:\/\/vapemaison.com\/wp-content\/uploads\/2026\/01\/airmez-lux-60000-puffs-display-banner-441x188.webp 441w, https:\/\/vapemaison.com\/wp-content\/uploads\/2026\/01\/airmez-lux-60000-puffs-display-banner-800x341.webp 800w, https:\/\/vapemaison.com\/wp-content\/uploads\/2026\/01\/airmez-lux-60000-puffs-display-banner-150x64.webp 150w\" sizes=\"(max-width: 1024px) 100vw, 1024px\" \/><\/a><\/figure>\n\n\n\n<p>The <strong>Vape jednorazowe Airmez Lux 60K<\/strong> zosta\u0142 zaprojektowany z my\u015bl\u0105 o u\u017cytkownikach, dla kt\u00f3rych priorytetem jest d\u0142ugotrwa\u0142e u\u017cytkowanie, stabilna wydajno\u015b\u0107 i sp\u00f3jne dostarczanie smaku. Dzi\u0119ki du\u017cej pojemno\u015bci <strong>System nape\u0142niania e-liquidem o pojemno\u015bci 30 ml<\/strong> oraz <strong>\u017bywotno\u015b\u0107 60 000 dmuchni\u0119\u0107<\/strong>, Urz\u0105dzenie to doskonale nadaje si\u0119 zar\u00f3wno do u\u017cytku osobistego, jak i do masowej dystrybucji.<\/p>\n\n\n\n<p>Wyposa\u017cony w <strong>system grzewczy z w\u0119\u017cownic\u0105 siatkow\u0105<\/strong>, Airmez Lux zapewnia r\u00f3wnomiern\u0105 atomizacj\u0119 i niezawodny smak przez ca\u0142y cykl \u017cycia urz\u0105dzenia. Zintegrowany <strong>Akumulator o pojemno\u015bci 650 mAh<\/strong>, w po\u0142\u0105czeniu z <strong>\u0141adowanie typu C<\/strong>, Zapewnia niezawodne zarz\u0105dzanie energi\u0105 i minimalizuje przestoje podczas d\u0142ugotrwa\u0142ego u\u017cytkowania.<\/p>\n\n\n\n<p>Jego zr\u00f3wnowa\u017cona konstrukcja koncentruje si\u0119 na praktyczno\u015bci, przeno\u015bno\u015bci i trwa\u0142o\u015bci, co czyni go solidn\u0105 opcj\u0105 dla klient\u00f3w poszukuj\u0105cych jednorazowego urz\u0105dzenia o du\u017cej pojemno\u015bci bez zb\u0119dnej z\u0142o\u017cono\u015bci.<\/p>\n\n\n\n<h2 class=\"wp-block-heading\">Kluczowe cechy produktu<\/h2>\n\n\n\n<figure class=\"wp-block-table is-style-stripes\"><table class=\"has-fixed-layout\"><thead><tr><th>Cecha<\/th><th>Opis<\/th><\/tr><\/thead><tbody><tr><td>Pojemno\u015b\u0107 dmuchawy<\/td><td>Do 60 000 zaci\u0105gni\u0119\u0107<\/td><\/tr><tr><td>Pojemno\u015b\u0107 e-liquidu<\/td><td>Wst\u0119pnie nape\u0142niony 30 ml<\/td><\/tr><tr><td>Typ cewki<\/td><td>Siatkowa cewka zapewniaj\u0105ca sta\u0142\u0105 produkcj\u0119 pary<\/td><\/tr><tr><td>Pojemno\u015b\u0107 akumulatora<\/td><td>Akumulator 650 mAh<\/td><\/tr><tr><td>Port \u0142adowania<\/td><td>USB typu C<\/td><\/tr><tr><td>Aktywacja<\/td><td>Aktywowane rysowaniem<\/td><\/tr><tr><td>Typ u\u017cytkowania<\/td><td>Jednorazowe, \u0142adowalne<\/td><\/tr><tr><td>Opakowanie<\/td><td>10 sztuk w pude\u0142ku ekspozycyjnym<\/td><\/tr><tr><td>Ilo\u015b\u0107 w kartonie<\/td><td>200 sztuk w kartonie<\/td><\/tr><\/tbody><\/table><\/figure>\n\n\n\n<h2 class=\"wp-block-heading\">Najwa\u017cniejsze cechy wydajno\u015bci i konstrukcji<\/h2>\n\n\n\n<ul class=\"wp-block-list\">\n<li><strong>System E-liquid o du\u017cej pojemno\u015bci<\/strong><br>Zbiornik o pojemno\u015bci 30 ml zapewnia d\u0142ugotrwa\u0142e u\u017cytkowanie, zmniejszaj\u0105c potrzeb\u0119 cz\u0119stej wymiany i poprawiaj\u0105c og\u00f3ln\u0105 efektywno\u015b\u0107 kosztow\u0105.<\/li>\n\n\n\n<li><strong>Technologia cewki siatkowej<\/strong><br>Zapewnia stabilne ogrzewanie, p\u0142ynniejsz\u0105 produkcj\u0119 pary i bardziej sp\u00f3jne dostarczanie smaku w por\u00f3wnaniu z tradycyjnymi cewkami.<\/li>\n\n\n\n<li><strong>Akumulator z portem typu C<\/strong><br>Zapewnia niezawodn\u0105 moc wyj\u015bciow\u0105 w ca\u0142ym zakresie nadmuchu, obs\u0142uguj\u0105c jednocze\u015bnie nowoczesne standardy szybkiego \u0142adowania.<\/li>\n\n\n\n<li><strong>Praktyczne opakowania detaliczne i hurtowe<\/strong><br>Dostarczane w 10-cz\u0119\u015bciowych pude\u0142kach ekspozycyjnych i 200-cz\u0119\u015bciowych kartonach, odpowiednie zar\u00f3wno na p\u00f3\u0142ki sklepowe, jak i do dystrybucji masowej.<\/li>\n<\/ul>\n\n\n\n<h2 class=\"wp-block-heading\">Dost\u0119pne smaki<\/h2>\n\n\n\n<ol class=\"wp-block-list\">\n<li>L\u00f3d truskawkowy<\/li>\n\n\n\n<li>Arbuzowy l\u00f3d<\/li>\n\n\n\n<li>Jagody mieszane<\/li>\n\n\n\n<li>Passion Fruit Kiwi<\/li>\n\n\n\n<li>Dr Blue<\/li>\n\n\n\n<li>Love 66<\/li>\n\n\n\n<li>Potr\u00f3jne Mango<\/li>\n\n\n\n<li>Cherry Cola<\/li>\n\n\n\n<li>Bingo Crush<\/li>\n\n\n\n<li>R\u00f3\u017cowa Lemoniada<\/li>\n<\/ol>\n\n\n\n<p>Ka\u017cdy smak zosta\u0142 opracowany tak, aby zapewni\u0107 czysty, zr\u00f3wnowa\u017cony profil smakowy ze stabiln\u0105 moc\u0105 od pierwszego do ostatniego zaci\u0105gni\u0119cia.<\/p>\n\n\n\n<p>Wi\u0119cej informacji <strong>Jednorazowe waporyzatory Airmez o du\u017cej pojemno\u015bci<\/strong> i kompletny sk\u0142ad z <strong><a href=\"https:\/\/vapemaison.com\/product-category\/puffs-count\/30k-puffs\/\">Puff 30k<\/a> do <a href=\"https:\/\/vapemaison.com\/product-category\/puffs-count\/120k-puffs\/\">Puff 120k<\/a><\/strong>, zapoznaj si\u0119 z nasz\u0105 <a href=\"https:\/\/vapemaison.com\/brand\/airmez\/\">Marka Airmez<\/a> strona i <strong><a href=\"https:\/\/vapemaison.com\/product-category\/puffs-count\/60k-puffs\/\">Puff 60k<\/a><\/strong> aby znale\u017a\u0107 idealne urz\u0105dzenie i kombinacj\u0119 smak\u00f3w.<\/p>\n\n\n\n<p><\/p>","protected":false},"excerpt":{"rendered":"<p>The <strong data-start=\"2464\" data-end=\"2482\">Airmez Lux 60K<\/strong> <strong>Puffy<\/strong> to jednorazowy waporyzator o du\u017cej pojemno\u015bci, zaprojektowany z my\u015bl\u0105 o d\u0142ugowieczno\u015bci, sp\u00f3jno\u015bci i \u0142atwo\u015bci u\u017cytkowania. Po\u0142\u0105czenie du\u017cej obj\u0119to\u015bci e-liquidu, systemu zasilania wielokrotnego \u0142adowania i technologii cewek siatkowych sprawia, \u017ce jest to niezawodna opcja dla klient\u00f3w, kt\u00f3rzy ceni\u0105 sobie d\u0142u\u017csz\u0105 wydajno\u015b\u0107 i prost\u0105 obs\u0142ug\u0119.<\/p>","protected":false},"featured_media":26212,"comment_status":"open","ping_status":"closed","template":"","meta":[],"product_brand":[314],"product_cat":[137],"product_tag":[],"class_list":{"0":"post-26202","1":"product","2":"type-product","3":"status-publish","4":"has-post-thumbnail","6":"product_brand-airmez","7":"product_cat-60k-puffs","9":"first","10":"instock","11":"sale","12":"shipping-taxable","13":"purchasable","14":"product-type-variable"},"yoast_head":"<!-- This site is optimized with the Yoast SEO plugin v27.4 - https:\/\/yoast.com\/product\/yoast-seo-wordpress\/ -->\n<title>Airmez Lux 60K Puffs Disposable Vape | Type-C Rechargeable<\/title>\n<meta name=\"description\" content=\"Airmez Lux 60K disposable vape features mesh coil, 650mAh rechargeable battery and Type-C charging. Up to 60,000 puffs with multiple flavors available.\" \/>\n<meta name=\"robots\" content=\"index, follow, max-snippet:-1, max-image-preview:large, max-video-preview:-1\" \/>\n<link rel=\"canonical\" href=\"https:\/\/vapemaison.com\/pl\/produkt\/airmez-lux-60k-jednorazowe-vape-2026-vape\/\" \/>\n<meta property=\"og:locale\" content=\"pl_PL\" \/>\n<meta property=\"og:type\" content=\"article\" \/>\n<meta property=\"og:title\" content=\"Airmez Lux 60K Puffs Disposable Vape | Type-C Rechargeable\" \/>\n<meta property=\"og:description\" content=\"Airmez Lux 60K disposable vape features mesh coil, 650mAh rechargeable battery and Type-C charging. Up to 60,000 puffs with multiple flavors available.\" \/>\n<meta property=\"og:url\" content=\"https:\/\/vapemaison.com\/pl\/produkt\/airmez-lux-60k-jednorazowe-vape-2026-vape\/\" \/>\n<meta property=\"og:site_name\" content=\"VapeMaison\" \/>\n<meta property=\"article:modified_time\" content=\"2026-01-30T08:19:47+00:00\" \/>\n<meta property=\"og:image\" content=\"https:\/\/vapemaison.com\/wp-content\/uploads\/2026\/01\/Airmez-lux-60000-puffs-flavor-product-1.webp\" \/>\n\t<meta property=\"og:image:width\" content=\"2048\" \/>\n\t<meta property=\"og:image:height\" content=\"2048\" \/>\n\t<meta property=\"og:image:type\" content=\"image\/webp\" \/>\n<meta name=\"twitter:card\" content=\"summary_large_image\" \/>\n<meta name=\"twitter:label1\" content=\"Szacowany czas czytania\" \/>\n\t<meta name=\"twitter:data1\" content=\"2 minuty\" \/>\n<!-- \/ Yoast SEO plugin. -->","yoast_head_json":{"title":"Airmez Lux 60K Puffs Jednorazowy Vape | Akumulator typu C","description":"Jednorazowy waporyzator Airmez Lux 60K wyposa\u017cony jest w cewk\u0119 siatkow\u0105, akumulator 650 mAh i \u0142adowanie typu C. Do 60 000 zaci\u0105gni\u0119\u0107 w wielu dost\u0119pnych smakach.","robots":{"index":"index","follow":"follow","max-snippet":"max-snippet:-1","max-image-preview":"max-image-preview:large","max-video-preview":"max-video-preview:-1"},"canonical":"https:\/\/vapemaison.com\/pl\/produkt\/airmez-lux-60k-jednorazowe-vape-2026-vape\/","og_locale":"pl_PL","og_type":"article","og_title":"Airmez Lux 60K Puffs Disposable Vape | Type-C Rechargeable","og_description":"Airmez Lux 60K disposable vape features mesh coil, 650mAh rechargeable battery and Type-C charging. Up to 60,000 puffs with multiple flavors available.","og_url":"https:\/\/vapemaison.com\/pl\/produkt\/airmez-lux-60k-jednorazowe-vape-2026-vape\/","og_site_name":"VapeMaison","article_modified_time":"2026-01-30T08:19:47+00:00","og_image":[{"width":2048,"height":2048,"url":"https:\/\/vapemaison.com\/wp-content\/uploads\/2026\/01\/Airmez-lux-60000-puffs-flavor-product-1.webp","type":"image\/webp"}],"twitter_card":"summary_large_image","twitter_misc":{"Szacowany czas czytania":"2 minuty"},"schema":{"@context":"https:\/\/schema.org","@graph":[{"@type":"WebPage","@id":"https:\/\/vapemaison.com\/product\/airmez-lux-60k-disposable-vape-2026-vape\/","url":"https:\/\/vapemaison.com\/product\/airmez-lux-60k-disposable-vape-2026-vape\/","name":"Airmez Lux 60K Puffs Jednorazowy Vape | Akumulator typu C","isPartOf":{"@id":"https:\/\/vapemaison.com\/#website"},"primaryImageOfPage":{"@id":"https:\/\/vapemaison.com\/product\/airmez-lux-60k-disposable-vape-2026-vape\/#primaryimage"},"image":{"@id":"https:\/\/vapemaison.com\/product\/airmez-lux-60k-disposable-vape-2026-vape\/#primaryimage"},"thumbnailUrl":"https:\/\/vapemaison.com\/wp-content\/uploads\/2026\/01\/Airmez-lux-60000-puffs-flavor-product-1.webp","datePublished":"2026-01-23T03:54:38+00:00","dateModified":"2026-01-30T08:19:47+00:00","description":"Jednorazowy waporyzator Airmez Lux 60K wyposa\u017cony jest w cewk\u0119 siatkow\u0105, akumulator 650 mAh i \u0142adowanie typu C. Do 60 000 zaci\u0105gni\u0119\u0107 w wielu dost\u0119pnych smakach.","breadcrumb":{"@id":"https:\/\/vapemaison.com\/product\/airmez-lux-60k-disposable-vape-2026-vape\/#breadcrumb"},"inLanguage":"pl-PL","potentialAction":[{"@type":"ReadAction","target":["https:\/\/vapemaison.com\/product\/airmez-lux-60k-disposable-vape-2026-vape\/"]}]},{"@type":"ImageObject","inLanguage":"pl-PL","@id":"https:\/\/vapemaison.com\/product\/airmez-lux-60k-disposable-vape-2026-vape\/#primaryimage","url":"https:\/\/vapemaison.com\/wp-content\/uploads\/2026\/01\/Airmez-lux-60000-puffs-flavor-product-1.webp","contentUrl":"https:\/\/vapemaison.com\/wp-content\/uploads\/2026\/01\/Airmez-lux-60000-puffs-flavor-product-1.webp","width":2048,"height":2048,"caption":"Airmez Lux Puffs Flavor Product Disposable Vape Device design"},{"@type":"BreadcrumbList","@id":"https:\/\/vapemaison.com\/product\/airmez-lux-60k-disposable-vape-2026-vape\/#breadcrumb","itemListElement":[{"@type":"ListItem","position":1,"name":"\u9996\u9875","item":"https:\/\/vapemaison.com\/"},{"@type":"ListItem","position":2,"name":"Shop","item":"https:\/\/vapemaison.com\/shop\/"},{"@type":"ListItem","position":3,"name":"Airmez","item":"https:\/\/vapemaison.com\/brand\/airmez\/"},{"@type":"ListItem","position":4,"name":"Airmez lux 60k Disposable Vape | 2026 Vape"}]},{"@type":"WebSite","@id":"https:\/\/vapemaison.com\/#website","url":"https:\/\/vapemaison.com\/","name":"VapeMaison","description":"Wysokiej jako\u015bci urz\u0105dzenia i akcesoria do waporyzacji","publisher":{"@id":"https:\/\/vapemaison.com\/#organization"},"potentialAction":[{"@type":"SearchAction","target":{"@type":"EntryPoint","urlTemplate":"https:\/\/vapemaison.com\/?s={search_term_string}"},"query-input":{"@type":"PropertyValueSpecification","valueRequired":true,"valueName":"search_term_string"}}],"inLanguage":"pl-PL"},{"@type":"Organization","@id":"https:\/\/vapemaison.com\/#organization","name":"VapeMaison","url":"https:\/\/vapemaison.com\/","logo":{"@type":"ImageObject","inLanguage":"pl-PL","@id":"https:\/\/vapemaison.com\/#\/schema\/logo\/image\/","url":"https:\/\/vapemaison.com\/wp-content\/uploads\/2026\/01\/cropped-vapemaison-logo-g-2026.webp","contentUrl":"https:\/\/vapemaison.com\/wp-content\/uploads\/2026\/01\/cropped-vapemaison-logo-g-2026.webp","width":350,"height":280,"caption":"VapeMaison"},"image":{"@id":"https:\/\/vapemaison.com\/#\/schema\/logo\/image\/"},"sameAs":["https:\/\/www.youtube.com\/@VapeMaison"]}]}},"tiered_pricing_type":"fixed","tiered_pricing_fixed_rules":{"30":"10.66","50":"10.12","100":"9.78","200":"9.32"},"tiered_pricing_product_settings":{"layout":"default","base_unit_name":{"singular":null,"plural":null},"default_variation":null},"tiered_pricing_minimum_quantity":10,"tiered_pricing_roles_data":[],"tiered_pricing_percentage_rules":[],"tiered_pricing_maximum_quantity":null,"tiered_pricing_quantity_step":"10","_links":{"self":[{"href":"https:\/\/vapemaison.com\/pl\/wp-json\/wp\/v2\/product\/26202","targetHints":{"allow":["GET"]}}],"collection":[{"href":"https:\/\/vapemaison.com\/pl\/wp-json\/wp\/v2\/product"}],"about":[{"href":"https:\/\/vapemaison.com\/pl\/wp-json\/wp\/v2\/types\/product"}],"replies":[{"embeddable":true,"href":"https:\/\/vapemaison.com\/pl\/wp-json\/wp\/v2\/comments?post=26202"}],"version-history":[{"count":7,"href":"https:\/\/vapemaison.com\/pl\/wp-json\/wp\/v2\/product\/26202\/revisions"}],"predecessor-version":[{"id":26554,"href":"https:\/\/vapemaison.com\/pl\/wp-json\/wp\/v2\/product\/26202\/revisions\/26554"}],"wp:featuredmedia":[{"embeddable":true,"href":"https:\/\/vapemaison.com\/pl\/wp-json\/wp\/v2\/media\/26212"}],"wp:attachment":[{"href":"https:\/\/vapemaison.com\/pl\/wp-json\/wp\/v2\/media?parent=26202"}],"wp:term":[{"taxonomy":"product_brand","embeddable":true,"href":"https:\/\/vapemaison.com\/pl\/wp-json\/wp\/v2\/product_brand?post=26202"},{"taxonomy":"product_cat","embeddable":true,"href":"https:\/\/vapemaison.com\/pl\/wp-json\/wp\/v2\/product_cat?post=26202"},{"taxonomy":"product_tag","embeddable":true,"href":"https:\/\/vapemaison.com\/pl\/wp-json\/wp\/v2\/product_tag?post=26202"}],"curies":[{"name":"wp","href":"https:\/\/api.w.org\/{rel}","templated":true}]}}