

{"id":26265,"date":"2026-01-23T09:20:07","date_gmt":"2026-01-23T09:20:07","guid":{"rendered":"https:\/\/vapemaison.com\/?post_type=product&#038;p=26265"},"modified":"2026-04-11T06:41:14","modified_gmt":"2026-04-11T06:41:14","slug":"airmez-fox-120k-puff-4-w-1-smaki-jednorazowe-vape-eu-warehouse","status":"publish","type":"product","link":"https:\/\/vapemaison.com\/pl\/product\/airmez-fox-120k-puffs-4-in-1-flavors-disposable-vape-eu-warehouse\/","title":{"rendered":"Airmez Fox 120K Puffs 4 w 1 Smaki Jednorazowe Vape EU Warehouse"},"content":{"rendered":"<p>Do\u015bwiadcz niezr\u00f3wnanej wydajno\u015bci waporyzacji dzi\u0119ki <strong>Airmez Fox 120K Puffs<\/strong>, zaprojektowany z my\u015bl\u0105 o d\u0142ugotrwa\u0142ym u\u017cytkowaniu i mo\u017cliwo\u015bci dostosowania smaku. Ten innowacyjny jednorazowy waporyzator z mo\u017cliwo\u015bci\u0105 wielokrotnego \u0142adowania oferuje cztery regulowane tryby smakowe, pozwalaj\u0105ce bez wysi\u0142ku prze\u0142\u0105cza\u0107 smaki i cieszy\u0107 si\u0119 dostosowanym do potrzeb do\u015bwiadczeniem waporyzacji.<\/p>\n\n\n\n<p>Wyposa\u017cony w <strong>System e-liquid o du\u017cej pojemno\u015bci<\/strong> oraz <strong>wysokowydajna cewka siatkowa<\/strong>, Airmez Fox wytwarza bogat\u0105, g\u0142adk\u0105 par\u0119 z g\u0119stymi chmurami. Jego <strong>Akumulator o pojemno\u015bci 850 mAh<\/strong> zapewnia d\u0142u\u017csze u\u017cytkowanie, podczas gdy zintegrowany <strong>Wy\u015bwietlacz LED<\/strong> zapewnia informacje w czasie rzeczywistym na temat \u017cywotno\u015bci baterii i stanu waporyzacji. Z <strong>szybkie \u0142adowanie przez USB typu C<\/strong> i wygodne opakowanie, to urz\u0105dzenie jest idealne dla u\u017cytkownik\u00f3w poszukuj\u0105cych po\u0142\u0105czenia mocy, r\u00f3\u017cnorodno\u015bci smak\u00f3w i nowoczesnego designu.<\/p>\n\n\n\n<h3 class=\"wp-block-heading\">Specyfikacje<\/h3>\n\n\n\n<figure class=\"wp-block-table is-style-stripes\"><table class=\"has-fixed-layout\"><thead><tr><th>Cecha<\/th><th>Opis<\/th><\/tr><\/thead><tbody><tr><td>Puff Count<\/td><td>120,000 Puffs<\/td><\/tr><tr><td>Pojemno\u015b\u0107 E-Liquid<\/td><td>15 ml \u00d7 4 zbiorniki<\/td><\/tr><tr><td>Tryby smaku<\/td><td>4 regulowane tryby smaku<\/td><\/tr><tr><td>Typ cewki<\/td><td>Cewka o oczkach 1,0\u03a9<\/td><\/tr><tr><td>Bateria<\/td><td>Akumulator 850 mAh<\/td><\/tr><tr><td>Wy\u015bwietlacz<\/td><td>Ekran LED baterii i statusu<\/td><\/tr><tr><td>\u0141adowanie<\/td><td>Szybkie \u0142adowanie przez USB typu C<\/td><\/tr><tr><td>Opakowanie<\/td><td>10 sztuk w opakowaniu<\/td><\/tr><tr><td>Dost\u0119pne smaki<\/td><td>Ponad 40 smak\u00f3w w wielu kombinacjach<\/td><\/tr><\/tbody><\/table><\/figure>\n\n\n\n<h2 class=\"wp-block-heading\">Smak<\/h2>\n\n\n\n<ol class=\"wp-block-list\">\n<li>Truskawka Malina &amp; Truskawka Kiwi &amp; Truskawka L\u00f3d &amp; Brzoskwinia Mango Arbuz<\/li>\n\n\n\n<li>Watermelon Ice &amp; Strawberry Watermelon &amp; Raspberry Watermelon &amp; Blueberry Raspberry<\/li>\n\n\n\n<li>Pink Lemonade &amp; Passion Kiss &amp; Mixed Berries &amp; Triple Berry<\/li>\n\n\n\n<li>Cherry &amp; Love 66 &amp; Berry Lemonade &amp; Grape Ice<\/li>\n\n\n\n<li>Mango Brzoskwinia &amp; Owoce Tropikalne &amp; L\u00f3d Brzoskwiniowy &amp; Kwa\u015bne Mango Ananas<\/li>\n\n\n\n<li>Grape Ice &amp; Love 66 &amp; Blueberry On Ice &amp; Dragonfruit Ice<\/li>\n\n\n\n<li>Love 66 &amp; Cherry &amp; Blueberry On Ice &amp; Kiwi Passion Fruit Guava<\/li>\n\n\n\n<li>Peach Ice &amp; Pink Lemonade &amp; Watermelon Ice &amp; Dr Blue<\/li>\n\n\n\n<li>Red Mojito &amp; Love 66 &amp; Mixed Berries &amp; Strawberry Watermelon<\/li>\n\n\n\n<li>Peach Mango Watermelon &amp; Blueberry Cherry &amp; Watermelon Dragon Fruit &amp; Passion Kiss<\/li>\n<\/ol>\n\n\n\n<p>Je\u015bli szukasz wi\u0119cej opcji poza <strong>AiRMEZ FOX 120K<\/strong>, ale jest jeszcze wiele do odkrycia. Mo\u017cesz przegl\u0105da\u0107 nasze pe\u0142ne <strong><a href=\"https:\/\/vapemaison.com\/shop\/\" type=\"link\" id=\"https:\/\/vapemaison.com\/shop\/\">Kolekcja sklepu<\/a><\/strong> aby znale\u017a\u0107 szerok\u0105 gam\u0119 wysokowydajnych waporyzator\u00f3w jednorazowych o r\u00f3\u017cnych liczbach zaci\u0105gni\u0119\u0107, funkcjach i profilach smakowych dostosowanych do Twoich preferencji.<\/p>\n\n\n\n<p>Je\u015bli podoba Ci si\u0119 design i innowacyjno\u015b\u0107 tego urz\u0105dzenia, zalecamy r\u00f3wnie\u017c sprawdzenie innych produkt\u00f3w z oferty <strong><a href=\"https:\/\/vapemaison.com\/brand\/airmez\/\" type=\"link\" id=\"https:\/\/vapemaison.com\/brand\/airmez\/\">Sk\u0142ad Airmez<\/a><\/strong>, gdzie znajdziesz podobnie zaawansowane modele z unikalnymi funkcjami i najwy\u017csz\u0105 jako\u015bci\u0105 wykonania.<\/p>\n\n\n\n<p>Dla tych, kt\u00f3rzy s\u0105 szczeg\u00f3lnie zainteresowani trwa\u0142ymi urz\u0105dzeniami, nie przegap naszej oferty <strong><a href=\"https:\/\/vapemaison.com\/product-category\/puffs-count\/120k-puffs\/\" type=\"link\" id=\"https:\/\/vapemaison.com\/product-category\/puffs-count\/120k-puffs\/\">120K Puffs<\/a><\/strong> waporyzatory jednorazowe. Opcje te oferuj\u0105 d\u0142u\u017csze u\u017cytkowanie, bogaty smak i doskona\u0142\u0105 warto\u015b\u0107 dla u\u017cytkownik\u00f3w, kt\u00f3rzy chc\u0105 rzadziej wymienia\u0107 tyto\u0144 bez uszczerbku dla wydajno\u015bci.<\/p>\n\n\n\n<p>Dowiedz si\u0119 wi\u0119cej i znajd\u017a idealny vape, kt\u00f3ry pasuje do Twojego stylu i potrzeb.<\/p>","protected":false},"excerpt":{"rendered":"<p>Experience unparalleled vaping performance with the Airmez Fox 120K Puffs, designed for long-lasting use and customizable flavor enjoyment. This innovative rechargeable disposable vape features four adjustable flavor modes, allowing you to switch flavors effortlessly and enjoy a tailored vaping experience. Equipped with a large-capacity e-liquid system and a high-efficiency mesh coil, the Airmez Fox produces [&hellip;]<\/p>\n","protected":false},"featured_media":26307,"comment_status":"open","ping_status":"closed","template":"","meta":[],"product_brand":[314],"product_cat":[153],"product_tag":[],"class_list":{"0":"post-26265","1":"product","2":"type-product","3":"status-publish","4":"has-post-thumbnail","6":"product_brand-airmez","7":"product_cat-120k-puffs","9":"first","10":"instock","11":"sale","12":"shipping-taxable","13":"purchasable","14":"product-type-variable"},"yoast_head":"<!-- This site is optimized with the Yoast SEO plugin v27.4 - https:\/\/yoast.com\/product\/yoast-seo-wordpress\/ -->\n<title>Airmez Fox 120K Puffs \u2013 Rechargeable Disposable Vape 4 Flavors<\/title>\n<meta name=\"description\" content=\"Airmez Fox 120K Puffs features 4 adjustable flavors, 120,000 puffs, 15ml\u00d74 tanks, 850mAh rechargeable battery &amp; USB-C charging for smooth vaping.\" \/>\n<meta name=\"robots\" content=\"index, follow, max-snippet:-1, max-image-preview:large, max-video-preview:-1\" \/>\n<link rel=\"canonical\" href=\"https:\/\/vapemaison.com\/pl\/produkt\/airmez-fox-120k-puff-4-w-1-smaki-jednorazowe-vape-eu-warehouse\/\" \/>\n<meta property=\"og:locale\" content=\"pl_PL\" \/>\n<meta property=\"og:type\" content=\"article\" \/>\n<meta property=\"og:title\" content=\"Airmez Fox 120K Puffs \u2013 Rechargeable Disposable Vape 4 Flavors\" \/>\n<meta property=\"og:description\" content=\"Airmez Fox 120K Puffs features 4 adjustable flavors, 120,000 puffs, 15ml\u00d74 tanks, 850mAh rechargeable battery &amp; USB-C charging for smooth vaping.\" \/>\n<meta property=\"og:url\" content=\"https:\/\/vapemaison.com\/pl\/produkt\/airmez-fox-120k-puff-4-w-1-smaki-jednorazowe-vape-eu-warehouse\/\" \/>\n<meta property=\"og:site_name\" content=\"VapeMaison\" \/>\n<meta property=\"article:modified_time\" content=\"2026-04-11T06:41:14+00:00\" \/>\n<meta property=\"og:image\" content=\"https:\/\/vapemaison.com\/wp-content\/uploads\/2026\/01\/airmez-fox-120000-puffs-7.webp\" \/>\n\t<meta property=\"og:image:width\" content=\"805\" \/>\n\t<meta property=\"og:image:height\" content=\"805\" \/>\n\t<meta property=\"og:image:type\" content=\"image\/webp\" \/>\n<meta name=\"twitter:card\" content=\"summary_large_image\" \/>\n<meta name=\"twitter:label1\" content=\"Szacowany czas czytania\" \/>\n\t<meta name=\"twitter:data1\" content=\"2 minuty\" \/>\n<!-- \/ Yoast SEO plugin. -->","yoast_head_json":{"title":"Airmez Fox 120K Puffs - akumulator jednorazowy Vape 4 smaki","description":"Airmez Fox 120K Puffs oferuje 4 regulowane smaki, 120 000 zaci\u0105gni\u0119\u0107, zbiorniki 15 ml \u00d7 4, akumulator 850 mAh i \u0142adowanie USB-C dla p\u0142ynnego waporyzacji.","robots":{"index":"index","follow":"follow","max-snippet":"max-snippet:-1","max-image-preview":"max-image-preview:large","max-video-preview":"max-video-preview:-1"},"canonical":"https:\/\/vapemaison.com\/pl\/produkt\/airmez-fox-120k-puff-4-w-1-smaki-jednorazowe-vape-eu-warehouse\/","og_locale":"pl_PL","og_type":"article","og_title":"Airmez Fox 120K Puffs \u2013 Rechargeable Disposable Vape 4 Flavors","og_description":"Airmez Fox 120K Puffs features 4 adjustable flavors, 120,000 puffs, 15ml\u00d74 tanks, 850mAh rechargeable battery & USB-C charging for smooth vaping.","og_url":"https:\/\/vapemaison.com\/pl\/produkt\/airmez-fox-120k-puff-4-w-1-smaki-jednorazowe-vape-eu-warehouse\/","og_site_name":"VapeMaison","article_modified_time":"2026-04-11T06:41:14+00:00","og_image":[{"width":805,"height":805,"url":"https:\/\/vapemaison.com\/wp-content\/uploads\/2026\/01\/airmez-fox-120000-puffs-7.webp","type":"image\/webp"}],"twitter_card":"summary_large_image","twitter_misc":{"Szacowany czas czytania":"2 minuty"},"schema":{"@context":"https:\/\/schema.org","@graph":[{"@type":"WebPage","@id":"https:\/\/vapemaison.com\/product\/airmez-fox-120k-puffs-4-in-1-flavors-disposable-vape-eu-warehouse\/","url":"https:\/\/vapemaison.com\/product\/airmez-fox-120k-puffs-4-in-1-flavors-disposable-vape-eu-warehouse\/","name":"Airmez Fox 120K Puffs - akumulator jednorazowy Vape 4 smaki","isPartOf":{"@id":"https:\/\/vapemaison.com\/#website"},"primaryImageOfPage":{"@id":"https:\/\/vapemaison.com\/product\/airmez-fox-120k-puffs-4-in-1-flavors-disposable-vape-eu-warehouse\/#primaryimage"},"image":{"@id":"https:\/\/vapemaison.com\/product\/airmez-fox-120k-puffs-4-in-1-flavors-disposable-vape-eu-warehouse\/#primaryimage"},"thumbnailUrl":"https:\/\/vapemaison.com\/wp-content\/uploads\/2026\/01\/airmez-fox-120000-puffs-7.webp","datePublished":"2026-01-23T09:20:07+00:00","dateModified":"2026-04-11T06:41:14+00:00","description":"Airmez Fox 120K Puffs oferuje 4 regulowane smaki, 120 000 zaci\u0105gni\u0119\u0107, zbiorniki 15 ml \u00d7 4, akumulator 850 mAh i \u0142adowanie USB-C dla p\u0142ynnego waporyzacji.","breadcrumb":{"@id":"https:\/\/vapemaison.com\/product\/airmez-fox-120k-puffs-4-in-1-flavors-disposable-vape-eu-warehouse\/#breadcrumb"},"inLanguage":"pl-PL","potentialAction":[{"@type":"ReadAction","target":["https:\/\/vapemaison.com\/product\/airmez-fox-120k-puffs-4-in-1-flavors-disposable-vape-eu-warehouse\/"]}]},{"@type":"ImageObject","inLanguage":"pl-PL","@id":"https:\/\/vapemaison.com\/product\/airmez-fox-120k-puffs-4-in-1-flavors-disposable-vape-eu-warehouse\/#primaryimage","url":"https:\/\/vapemaison.com\/wp-content\/uploads\/2026\/01\/airmez-fox-120000-puffs-7.webp","contentUrl":"https:\/\/vapemaison.com\/wp-content\/uploads\/2026\/01\/airmez-fox-120000-puffs-7.webp","width":805,"height":805,"caption":"Airmez Fox Puffs Disposable Vape Device detail"},{"@type":"BreadcrumbList","@id":"https:\/\/vapemaison.com\/product\/airmez-fox-120k-puffs-4-in-1-flavors-disposable-vape-eu-warehouse\/#breadcrumb","itemListElement":[{"@type":"ListItem","position":1,"name":"\u9996\u9875","item":"https:\/\/vapemaison.com\/"},{"@type":"ListItem","position":2,"name":"Shop","item":"https:\/\/vapemaison.com\/shop\/"},{"@type":"ListItem","position":3,"name":"Airmez","item":"https:\/\/vapemaison.com\/brand\/airmez\/"},{"@type":"ListItem","position":4,"name":"Airmez Fox 120K Puffs 4 in 1 Flavors Disposable Vape EU Warehouse"}]},{"@type":"WebSite","@id":"https:\/\/vapemaison.com\/#website","url":"https:\/\/vapemaison.com\/","name":"VapeMaison","description":"Wysokiej jako\u015bci urz\u0105dzenia i akcesoria do waporyzacji","publisher":{"@id":"https:\/\/vapemaison.com\/#organization"},"potentialAction":[{"@type":"SearchAction","target":{"@type":"EntryPoint","urlTemplate":"https:\/\/vapemaison.com\/?s={search_term_string}"},"query-input":{"@type":"PropertyValueSpecification","valueRequired":true,"valueName":"search_term_string"}}],"inLanguage":"pl-PL"},{"@type":"Organization","@id":"https:\/\/vapemaison.com\/#organization","name":"VapeMaison","url":"https:\/\/vapemaison.com\/","logo":{"@type":"ImageObject","inLanguage":"pl-PL","@id":"https:\/\/vapemaison.com\/#\/schema\/logo\/image\/","url":"https:\/\/vapemaison.com\/wp-content\/uploads\/2026\/01\/cropped-vapemaison-logo-g-2026.webp","contentUrl":"https:\/\/vapemaison.com\/wp-content\/uploads\/2026\/01\/cropped-vapemaison-logo-g-2026.webp","width":350,"height":280,"caption":"VapeMaison"},"image":{"@id":"https:\/\/vapemaison.com\/#\/schema\/logo\/image\/"},"sameAs":["https:\/\/www.youtube.com\/@VapeMaison"]}]}},"tiered_pricing_type":"fixed","tiered_pricing_fixed_rules":{"30":"11.73","50":"11.12","100":"10.65","200":"9.99"},"tiered_pricing_product_settings":{"layout":"default","base_unit_name":{"singular":null,"plural":null},"default_variation":null},"tiered_pricing_minimum_quantity":10,"tiered_pricing_roles_data":[],"tiered_pricing_percentage_rules":[],"tiered_pricing_maximum_quantity":null,"tiered_pricing_quantity_step":"10","_links":{"self":[{"href":"https:\/\/vapemaison.com\/pl\/wp-json\/wp\/v2\/product\/26265","targetHints":{"allow":["GET"]}}],"collection":[{"href":"https:\/\/vapemaison.com\/pl\/wp-json\/wp\/v2\/product"}],"about":[{"href":"https:\/\/vapemaison.com\/pl\/wp-json\/wp\/v2\/types\/product"}],"replies":[{"embeddable":true,"href":"https:\/\/vapemaison.com\/pl\/wp-json\/wp\/v2\/comments?post=26265"}],"version-history":[{"count":3,"href":"https:\/\/vapemaison.com\/pl\/wp-json\/wp\/v2\/product\/26265\/revisions"}],"predecessor-version":[{"id":29283,"href":"https:\/\/vapemaison.com\/pl\/wp-json\/wp\/v2\/product\/26265\/revisions\/29283"}],"wp:featuredmedia":[{"embeddable":true,"href":"https:\/\/vapemaison.com\/pl\/wp-json\/wp\/v2\/media\/26307"}],"wp:attachment":[{"href":"https:\/\/vapemaison.com\/pl\/wp-json\/wp\/v2\/media?parent=26265"}],"wp:term":[{"taxonomy":"product_brand","embeddable":true,"href":"https:\/\/vapemaison.com\/pl\/wp-json\/wp\/v2\/product_brand?post=26265"},{"taxonomy":"product_cat","embeddable":true,"href":"https:\/\/vapemaison.com\/pl\/wp-json\/wp\/v2\/product_cat?post=26265"},{"taxonomy":"product_tag","embeddable":true,"href":"https:\/\/vapemaison.com\/pl\/wp-json\/wp\/v2\/product_tag?post=26265"}],"curies":[{"name":"wp","href":"https:\/\/api.w.org\/{rel}","templated":true}]}}