

{"id":26314,"date":"2026-01-26T08:14:17","date_gmt":"2026-01-26T08:14:17","guid":{"rendered":"https:\/\/vapemaison.com\/?post_type=product&#038;p=26314"},"modified":"2026-04-11T06:41:29","modified_gmt":"2026-04-11T06:41:29","slug":"airmez-fox-6-w-1-140k","status":"publish","type":"product","link":"https:\/\/vapemaison.com\/pl\/product\/airmez-fox-6-in-1-140k\/","title":{"rendered":"Airmez FOX 6 IN 1 140K\u00a0"},"content":{"rendered":"<p>The <strong>Airmez FOX 6 IN 1<\/strong> jest przeznaczony dla u\u017cytkownik\u00f3w, kt\u00f3rzy chc\u0105 r\u00f3\u017cnorodno\u015bci, sp\u00f3jno\u015bci i d\u0142ugotrwa\u0142ej wydajno\u015bci w jednym urz\u0105dzeniu jednorazowego u\u017cytku. Wyposa\u017cony w <strong>System aromat\u00f3w 6 w 1<\/strong>, Dzi\u0119ki du\u017cej pojemno\u015bci e-liquidu i niezawodnej cewce siatkowej zapewnia g\u0142adk\u0105 par\u0119 i bogaty smak od pierwszego do ostatniego zaci\u0105gni\u0119cia.<\/p>\n\n\n\n<p>Dzi\u0119ki nowoczesnemu wzornictwu, akumulatorowi typu C i starannie dobranym kombinacjom smak\u00f3w, FOX 6 IN 1 jest idealny zar\u00f3wno do ekspozycji detalicznej, jak i dystrybucji hurtowej.<\/p>\n\n\n\n<h2 class=\"wp-block-heading\">Kluczowe cechy<\/h2>\n\n\n\n<figure class=\"wp-block-table is-style-stripes\"><table class=\"has-cyan-bluish-gray-background-color has-background has-fixed-layout\"><thead><tr><th>Cecha<\/th><th>Opis<\/th><\/tr><\/thead><tbody><tr><td>System aromat\u00f3w 6 w 1<\/td><td>Jedno urz\u0105dzenie zapewnia sze\u015b\u0107 r\u00f3\u017cnych dozna\u0144 smakowych dla wi\u0119kszej r\u00f3\u017cnorodno\u015bci i d\u0142u\u017cszej przyjemno\u015bci.<\/td><\/tr><tr><td>Pojemno\u015b\u0107 15 ml \u00d7 3 E-Liquid<\/td><td>Du\u017ca ca\u0142kowita pojemno\u015b\u0107 zapewnia d\u0142u\u017csze u\u017cytkowanie przy mniejszej liczbie wymian<\/td><\/tr><tr><td>Zaawansowana cewka siatkowa<\/td><td>Zapewnia r\u00f3wnomierne podgrzewanie, wi\u0119ksz\u0105 wyrazisto\u015b\u0107 smaku i p\u0142ynniejsz\u0105 produkcj\u0119 pary.<\/td><\/tr><tr><td>Akumulator 650 mAh<\/td><td>Stabilna moc wyj\u015bciowa z wygodnym \u0142adowaniem typu C<\/td><\/tr><tr><td>Kompaktowa i przyjazna dla u\u017cytkownika konstrukcja<\/td><td>Nie wymaga \u017cadnych przycisk\u00f3w ani konfiguracji - po prostu wdychaj, aby aktywowa\u0107<\/td><\/tr><\/tbody><\/table><\/figure>\n\n\n\n<h2 class=\"wp-block-heading\">Specyfikacja techniczna<\/h2>\n\n\n\n<figure class=\"wp-block-table is-style-stripes\"><table class=\"has-cyan-bluish-gray-background-color has-background has-fixed-layout\"><thead><tr><th>Specyfikacja<\/th><th>Szczeg\u00f3\u0142y<\/th><\/tr><\/thead><tbody><tr><td>Nazwa produktu<\/td><td>Airmez FOX 6 IN 1<\/td><\/tr><tr><td>Pojemno\u015b\u0107 E-Liquid<\/td><td>15 ml \u00d7 3<\/td><\/tr><tr><td>Typ cewki<\/td><td>Siatkowa cewka<\/td><\/tr><tr><td>Pojemno\u015b\u0107 akumulatora<\/td><td>650 mAh<\/td><\/tr><tr><td>Port \u0142adowania<\/td><td>Typ-C<\/td><\/tr><tr><td>Dzia\u0142anie<\/td><td>Aktywowany rysowaniem<\/td><\/tr><tr><td>System aromat\u00f3w<\/td><td>6 w 1<\/td><\/tr><tr><td>Typ urz\u0105dzenia<\/td><td>Akumulator jednorazowy<\/td><\/tr><\/tbody><\/table><\/figure>\n\n\n\n<h3 class=\"wp-block-heading\">Opcje smakowe<\/h3>\n\n\n\n<p>Ka\u017cda wersja zawiera <strong>6 starannie dobranych smak\u00f3w<\/strong> aby dopasowa\u0107 si\u0119 do r\u00f3\u017cnych preferencji:<\/p>\n\n\n\n<ol class=\"wp-block-list\">\n<li><strong>LOVE 66 \/ Berry Lemonade \/ Fizzy Cherry<\/strong><\/li>\n\n\n\n<li><strong>Mixed Berries \/ Blue Razz Lemonade \/ Cherry Berry<\/strong><\/li>\n\n\n\n<li><strong>Dragonfruit Ice \/ Fruity Fusion \/ Raspberry Watermelon<\/strong><\/li>\n\n\n\n<li><strong>Cherry \/ Cola Ice \/ Mango Ice<\/strong><\/li>\n\n\n\n<li><strong>Peach Ice \/ Mango Ice \/ Dr Blue<\/strong><\/li>\n\n\n\n<li><strong>Truskawka Banan \/ Vimto \/ Jagoda Wi\u015bnia \u017burawina<\/strong><\/li>\n\n\n\n<li><strong>Strawberry Ice \/ Pink Lemonade \/ Bingo Crush<\/strong><\/li>\n\n\n\n<li><strong>LOVE 66 \/ Truskawka Kiwi \/ Brzoskwinia Mango<\/strong><\/li>\n\n\n\n<li><strong>Truskawkowy arbuz \/ Potr\u00f3jny melon \/ L\u00f3d Blue Razz<\/strong><\/li>\n\n\n\n<li><strong>L\u00f3d arbuzowy \/ Bingo Crush \/ Mieszane jagody<\/strong><\/li>\n<\/ol>\n\n\n\n<h3 class=\"wp-block-heading\">Szczeg\u00f3\u0142y dotycz\u0105ce opakowania<\/h3>\n\n\n\n<ul class=\"wp-block-list\">\n<li><strong>10 sztuk w pude\u0142ku ekspozycyjnym<\/strong><\/li>\n\n\n\n<li><strong>100 sztuk w kartonie<\/strong><\/li>\n\n\n\n<li>Zaprojektowany z my\u015bl\u0105 o \u0142atwej prezentacji na p\u00f3\u0142ce i wydajno\u015bci wysy\u0142ki masowej<\/li>\n<\/ul>\n\n\n\n<h3 class=\"wp-block-heading\">Dlaczego warto wybra\u0107 Airmez FOX 6 IN 1?<\/h3>\n\n\n\n<ul class=\"wp-block-list\">\n<li>Wiele smak\u00f3w w jednym urz\u0105dzeniu zwi\u0119ksza retencj\u0119 u\u017cytkownik\u00f3w<\/li>\n\n\n\n<li>Technologia cewek siatkowych zapewnia niezmienny smak<\/li>\n\n\n\n<li>Du\u017ca pojemno\u015b\u0107 e-cieczy zmniejsza cz\u0119stotliwo\u015b\u0107 wymiany<\/li>\n\n\n\n<li>Idealny dla sklep\u00f3w detalicznych, dystrybutor\u00f3w i hurtownik\u00f3w<\/li>\n<\/ul>\n\n\n\n<p>Je\u015bli szukasz wi\u0119cej opcji poza <strong>AiRMEZ 140K<\/strong>, ale jest jeszcze wiele do odkrycia. Mo\u017cesz przegl\u0105da\u0107 nasze pe\u0142ne <strong><a href=\"https:\/\/vapemaison.com\/shop\/\" type=\"link\" id=\"https:\/\/vapemaison.com\/shop\/\">Kolekcja sklepu<\/a><\/strong> aby znale\u017a\u0107 szerok\u0105 gam\u0119 wysokowydajnych waporyzator\u00f3w jednorazowych o r\u00f3\u017cnych liczbach zaci\u0105gni\u0119\u0107, funkcjach i profilach smakowych dostosowanych do Twoich preferencji.<\/p>\n\n\n\n<p>Je\u015bli podoba Ci si\u0119 design i innowacyjno\u015b\u0107 tego urz\u0105dzenia, zalecamy r\u00f3wnie\u017c sprawdzenie innych produkt\u00f3w z oferty <strong><a href=\"https:\/\/vapemaison.com\/brand\/airmez\/\" type=\"link\" id=\"https:\/\/vapemaison.com\/brand\/airmez\/\">Sk\u0142ad Airmez<\/a><\/strong>, gdzie znajdziesz podobnie zaawansowane modele z unikalnymi funkcjami i najwy\u017csz\u0105 jako\u015bci\u0105 wykonania.<\/p>\n\n\n\n<p>Dla tych, kt\u00f3rzy s\u0105 szczeg\u00f3lnie zainteresowani trwa\u0142ymi urz\u0105dzeniami, nie przegap naszej oferty <strong><a href=\"https:\/\/vapemaison.com\/product-category\/puffs-count\/140k-puffs\/\" type=\"link\" id=\"https:\/\/vapemaison.com\/product-category\/puffs-count\/140k-puffs\/\">140K Puffs<\/a><\/strong> waporyzatory jednorazowe. Opcje te oferuj\u0105 d\u0142u\u017csze u\u017cytkowanie, bogaty smak i doskona\u0142\u0105 warto\u015b\u0107 dla u\u017cytkownik\u00f3w, kt\u00f3rzy chc\u0105 rzadziej wymienia\u0107 tyto\u0144 bez uszczerbku dla wydajno\u015bci.<\/p>\n\n\n\n<p>Dowiedz si\u0119 wi\u0119cej i znajd\u017a idealny vape, kt\u00f3ry pasuje do Twojego stylu i potrzeb.<\/p>","protected":false},"excerpt":{"rendered":"<p>The Airmez FOX 6 IN 1 is designed for users who want variety, consistency, and long-lasting performance in a single disposable device. Featuring a 6-in-1 flavor system, high-capacity e-liquid, and a reliable mesh coil, it delivers smooth vapor and rich flavor from the first puff to the last. With a modern design, Type-C rechargeable battery, [&hellip;]<\/p>\n","protected":false},"featured_media":26323,"comment_status":"open","ping_status":"closed","template":"","meta":[],"product_brand":[314],"product_cat":[16],"product_tag":[],"class_list":{"0":"post-26314","1":"product","2":"type-product","3":"status-publish","4":"has-post-thumbnail","6":"product_brand-airmez","7":"product_cat-uncategorized","9":"first","10":"instock","11":"sale","12":"shipping-taxable","13":"purchasable","14":"product-type-variable"},"yoast_head":"<!-- This site is optimized with the Yoast SEO plugin v27.4 - https:\/\/yoast.com\/product\/yoast-seo-wordpress\/ -->\n<title>Airmez FOX 6 IN 1 Disposable Vape | 6-Flavor System<\/title>\n<meta name=\"description\" content=\"Discover Airmez FOX 6 IN 1 disposable vape featuring a 6-in-1 flavor system, 15ml\u00d73 e-liquid capacity, mesh coil. Ideal for retail and wholesale.\" \/>\n<meta name=\"robots\" content=\"index, follow, max-snippet:-1, max-image-preview:large, max-video-preview:-1\" \/>\n<link rel=\"canonical\" href=\"https:\/\/vapemaison.com\/pl\/produkt\/airmez-fox-6-w-1-140k\/\" \/>\n<meta property=\"og:locale\" content=\"pl_PL\" \/>\n<meta property=\"og:type\" content=\"article\" \/>\n<meta property=\"og:title\" content=\"Airmez FOX 6 IN 1 Disposable Vape | 6-Flavor System\" \/>\n<meta property=\"og:description\" content=\"Discover Airmez FOX 6 IN 1 disposable vape featuring a 6-in-1 flavor system, 15ml\u00d73 e-liquid capacity, mesh coil. Ideal for retail and wholesale.\" \/>\n<meta property=\"og:url\" content=\"https:\/\/vapemaison.com\/pl\/produkt\/airmez-fox-6-w-1-140k\/\" \/>\n<meta property=\"og:site_name\" content=\"VapeMaison\" \/>\n<meta property=\"article:modified_time\" content=\"2026-04-11T06:41:29+00:00\" \/>\n<meta property=\"og:image\" content=\"https:\/\/vapemaison.com\/wp-content\/uploads\/2026\/01\/airmez-fox-6-in-1-140000-puff-flavor-8.webp\" \/>\n\t<meta property=\"og:image:width\" content=\"2327\" \/>\n\t<meta property=\"og:image:height\" content=\"2327\" \/>\n\t<meta property=\"og:image:type\" content=\"image\/webp\" \/>\n<meta name=\"twitter:card\" content=\"summary_large_image\" \/>\n<meta name=\"twitter:label1\" content=\"Szacowany czas czytania\" \/>\n\t<meta name=\"twitter:data1\" content=\"3 minuty\" \/>\n<!-- \/ Yoast SEO plugin. -->","yoast_head_json":{"title":"Airmez FOX 6 IN 1 Jednorazowy system Vape | 6 smak\u00f3w","description":"Odkryj jednorazowy vape Airmez FOX 6 IN 1 z systemem smakowym 6 w 1, pojemno\u015bci\u0105 e-liquidu 15 ml \u00d7 3, cewk\u0105 siatkow\u0105. Idealny do sprzeda\u017cy detalicznej i hurtowej.","robots":{"index":"index","follow":"follow","max-snippet":"max-snippet:-1","max-image-preview":"max-image-preview:large","max-video-preview":"max-video-preview:-1"},"canonical":"https:\/\/vapemaison.com\/pl\/produkt\/airmez-fox-6-w-1-140k\/","og_locale":"pl_PL","og_type":"article","og_title":"Airmez FOX 6 IN 1 Disposable Vape | 6-Flavor System","og_description":"Discover Airmez FOX 6 IN 1 disposable vape featuring a 6-in-1 flavor system, 15ml\u00d73 e-liquid capacity, mesh coil. Ideal for retail and wholesale.","og_url":"https:\/\/vapemaison.com\/pl\/produkt\/airmez-fox-6-w-1-140k\/","og_site_name":"VapeMaison","article_modified_time":"2026-04-11T06:41:29+00:00","og_image":[{"width":2327,"height":2327,"url":"https:\/\/vapemaison.com\/wp-content\/uploads\/2026\/01\/airmez-fox-6-in-1-140000-puff-flavor-8.webp","type":"image\/webp"}],"twitter_card":"summary_large_image","twitter_misc":{"Szacowany czas czytania":"3 minuty"},"schema":{"@context":"https:\/\/schema.org","@graph":[{"@type":"WebPage","@id":"https:\/\/vapemaison.com\/product\/airmez-fox-6-in-1-140k\/","url":"https:\/\/vapemaison.com\/product\/airmez-fox-6-in-1-140k\/","name":"Airmez FOX 6 IN 1 Jednorazowy system Vape | 6 smak\u00f3w","isPartOf":{"@id":"https:\/\/vapemaison.com\/#website"},"primaryImageOfPage":{"@id":"https:\/\/vapemaison.com\/product\/airmez-fox-6-in-1-140k\/#primaryimage"},"image":{"@id":"https:\/\/vapemaison.com\/product\/airmez-fox-6-in-1-140k\/#primaryimage"},"thumbnailUrl":"https:\/\/vapemaison.com\/wp-content\/uploads\/2026\/01\/airmez-fox-6-in-1-140000-puff-flavor-8.webp","datePublished":"2026-01-26T08:14:17+00:00","dateModified":"2026-04-11T06:41:29+00:00","description":"Odkryj jednorazowy vape Airmez FOX 6 IN 1 z systemem smakowym 6 w 1, pojemno\u015bci\u0105 e-liquidu 15 ml \u00d7 3, cewk\u0105 siatkow\u0105. Idealny do sprzeda\u017cy detalicznej i hurtowej.","breadcrumb":{"@id":"https:\/\/vapemaison.com\/product\/airmez-fox-6-in-1-140k\/#breadcrumb"},"inLanguage":"pl-PL","potentialAction":[{"@type":"ReadAction","target":["https:\/\/vapemaison.com\/product\/airmez-fox-6-in-1-140k\/"]}]},{"@type":"ImageObject","inLanguage":"pl-PL","@id":"https:\/\/vapemaison.com\/product\/airmez-fox-6-in-1-140k\/#primaryimage","url":"https:\/\/vapemaison.com\/wp-content\/uploads\/2026\/01\/airmez-fox-6-in-1-140000-puff-flavor-8.webp","contentUrl":"https:\/\/vapemaison.com\/wp-content\/uploads\/2026\/01\/airmez-fox-6-in-1-140000-puff-flavor-8.webp","width":2327,"height":2327,"caption":"Airmez Fox 6 In 1 Puff Flavor Disposable Vape Device view"},{"@type":"BreadcrumbList","@id":"https:\/\/vapemaison.com\/product\/airmez-fox-6-in-1-140k\/#breadcrumb","itemListElement":[{"@type":"ListItem","position":1,"name":"\u9996\u9875","item":"https:\/\/vapemaison.com\/"},{"@type":"ListItem","position":2,"name":"Shop","item":"https:\/\/vapemaison.com\/shop\/"},{"@type":"ListItem","position":3,"name":"Airmez","item":"https:\/\/vapemaison.com\/brand\/airmez\/"},{"@type":"ListItem","position":4,"name":"Airmez FOX 6 IN 1 140K\u00a0"}]},{"@type":"WebSite","@id":"https:\/\/vapemaison.com\/#website","url":"https:\/\/vapemaison.com\/","name":"VapeMaison","description":"Wysokiej jako\u015bci urz\u0105dzenia i akcesoria do waporyzacji","publisher":{"@id":"https:\/\/vapemaison.com\/#organization"},"potentialAction":[{"@type":"SearchAction","target":{"@type":"EntryPoint","urlTemplate":"https:\/\/vapemaison.com\/?s={search_term_string}"},"query-input":{"@type":"PropertyValueSpecification","valueRequired":true,"valueName":"search_term_string"}}],"inLanguage":"pl-PL"},{"@type":"Organization","@id":"https:\/\/vapemaison.com\/#organization","name":"VapeMaison","url":"https:\/\/vapemaison.com\/","logo":{"@type":"ImageObject","inLanguage":"pl-PL","@id":"https:\/\/vapemaison.com\/#\/schema\/logo\/image\/","url":"https:\/\/vapemaison.com\/wp-content\/uploads\/2026\/01\/cropped-vapemaison-logo-g-2026.webp","contentUrl":"https:\/\/vapemaison.com\/wp-content\/uploads\/2026\/01\/cropped-vapemaison-logo-g-2026.webp","width":350,"height":280,"caption":"VapeMaison"},"image":{"@id":"https:\/\/vapemaison.com\/#\/schema\/logo\/image\/"},"sameAs":["https:\/\/www.youtube.com\/@VapeMaison"]}]}},"tiered_pricing_type":"fixed","tiered_pricing_fixed_rules":{"30":"12.24","50":"11.99","100":"11.38","200":"10.99"},"tiered_pricing_product_settings":{"layout":"default","base_unit_name":{"singular":null,"plural":null},"default_variation":null},"tiered_pricing_minimum_quantity":10,"tiered_pricing_roles_data":[],"tiered_pricing_percentage_rules":[],"tiered_pricing_maximum_quantity":null,"tiered_pricing_quantity_step":"10","_links":{"self":[{"href":"https:\/\/vapemaison.com\/pl\/wp-json\/wp\/v2\/product\/26314","targetHints":{"allow":["GET"]}}],"collection":[{"href":"https:\/\/vapemaison.com\/pl\/wp-json\/wp\/v2\/product"}],"about":[{"href":"https:\/\/vapemaison.com\/pl\/wp-json\/wp\/v2\/types\/product"}],"replies":[{"embeddable":true,"href":"https:\/\/vapemaison.com\/pl\/wp-json\/wp\/v2\/comments?post=26314"}],"version-history":[{"count":3,"href":"https:\/\/vapemaison.com\/pl\/wp-json\/wp\/v2\/product\/26314\/revisions"}],"predecessor-version":[{"id":29284,"href":"https:\/\/vapemaison.com\/pl\/wp-json\/wp\/v2\/product\/26314\/revisions\/29284"}],"wp:featuredmedia":[{"embeddable":true,"href":"https:\/\/vapemaison.com\/pl\/wp-json\/wp\/v2\/media\/26323"}],"wp:attachment":[{"href":"https:\/\/vapemaison.com\/pl\/wp-json\/wp\/v2\/media?parent=26314"}],"wp:term":[{"taxonomy":"product_brand","embeddable":true,"href":"https:\/\/vapemaison.com\/pl\/wp-json\/wp\/v2\/product_brand?post=26314"},{"taxonomy":"product_cat","embeddable":true,"href":"https:\/\/vapemaison.com\/pl\/wp-json\/wp\/v2\/product_cat?post=26314"},{"taxonomy":"product_tag","embeddable":true,"href":"https:\/\/vapemaison.com\/pl\/wp-json\/wp\/v2\/product_tag?post=26314"}],"curies":[{"name":"wp","href":"https:\/\/api.w.org\/{rel}","templated":true}]}}