

{"id":26368,"date":"2026-01-26T08:48:03","date_gmt":"2026-01-26T08:48:03","guid":{"rendered":"https:\/\/vapemaison.com\/?post_type=product&#038;p=26368"},"modified":"2026-04-11T06:34:02","modified_gmt":"2026-04-11T06:34:02","slug":"airmez-matrix-30k-jednorazowy-vape","status":"publish","type":"product","link":"https:\/\/vapemaison.com\/pl\/product\/airmez-matrix-30k-disposable-vape\/","title":{"rendered":"Airmez Matrix 30K Vape jednorazowego u\u017cytku"},"content":{"rendered":"<p>The <strong>Airmez Matrix 30K<\/strong> podnosi poziom jednorazowej waporyzacji dzi\u0119ki doskona\u0142emu po\u0142\u0105czeniu inteligentnej technologii, wysokiej wydajno\u015bci i nowoczesnego wzornictwa. Wyposa\u017cony w <strong>Du\u017cy ekran o przek\u0105tnej 2,1 cala<\/strong>, <strong>czu\u0142y panel dotykowy<\/strong>, oraz <strong>regulowany system przep\u0142ywu powietrza<\/strong>, Zapewnia w pe\u0142ni konfigurowalne i interaktywne wra\u017cenia z waporyzacji.<\/p>\n\n\n\n<p>Zasilany przez <strong>Wst\u0119pnie nape\u0142niony e-liquid o pojemno\u015bci 22 ml<\/strong>, <strong>Podw\u00f3jna cewka siatkowa<\/strong>, oraz <strong>Akumulator o pojemno\u015bci 800 mAh<\/strong>, To urz\u0105dzenie zosta\u0142o zaprojektowane z my\u015bl\u0105 o u\u017cytkownikach, kt\u00f3rzy oczekuj\u0105 zar\u00f3wno wydajno\u015bci, jak i stylu w jednym urz\u0105dzeniu jednorazowym klasy premium.<\/p>\n\n\n\n<h2 class=\"wp-block-heading\">Kluczowe cechy<\/h2>\n\n\n\n<figure class=\"wp-block-table is-style-regular has-x-small-font-size\" style=\"line-height:1\"><table class=\"has-background has-fixed-layout\" style=\"background:linear-gradient(135deg,rgb(197,213,224) 0%,rgb(155,81,224) 100%)\"><thead><tr><th>Cecha<\/th><th>Opis<\/th><\/tr><\/thead><tbody><tr><td>Do 30 000 zaci\u0105gni\u0119\u0107<\/td><td>Zaprojektowany do d\u0142ugotrwa\u0142ego u\u017cytkowania z wydajnym zarz\u0105dzaniem e-ciecz\u0105 i energi\u0105<\/td><\/tr><tr><td>Du\u017cy ekran o przek\u0105tnej 2,1 cala<\/td><td>Zapewnia monitorowanie stanu baterii i e-cieczy w czasie rzeczywistym za pomoc\u0105 wysokiej jako\u015bci interfejsu wizualnego.<\/td><\/tr><tr><td>Responsywny panel dotykowy<\/td><td>Umo\u017cliwia p\u0142ynn\u0105 i intuicyjn\u0105 interakcj\u0119, zapewniaj\u0105c nowoczesne wra\u017cenia u\u017cytkownika.<\/td><\/tr><tr><td>Podw\u00f3jna cewka siatkowa (1,2\u03a9)<\/td><td>Zapewnia szybsze nagrzewanie, bogatsze warstwy smakowe i sta\u0142\u0105 moc pary<\/td><\/tr><tr><td>Regulowany przep\u0142yw powietrza<\/td><td>Umo\u017cliwia u\u017cytkownikom dostosowanie oporu zaci\u0105gania w celu uzyskania spersonalizowanych wra\u017ce\u0144 z waporyzacji.<\/td><\/tr><tr><td>22 ml wst\u0119pnie nape\u0142nionego p\u0142ynu E-Liquid<\/td><td>Du\u017ca pojemno\u015b\u0107 zmniejsza potrzeb\u0119 cz\u0119stej wymiany<\/td><\/tr><tr><td>Akumulator 800 mAh (typ C)<\/td><td>Zapewnia niezawodne zasilanie z wygodn\u0105 obs\u0142ug\u0105 szybkiego \u0142adowania<\/td><\/tr><tr><td>Funkcja gry Lucky Room<\/td><td>Wbudowana funkcja interaktywna, kt\u00f3ra zwi\u0119ksza zaanga\u017cowanie i wyj\u0105tkowo\u015b\u0107 produktu<\/td><\/tr><\/tbody><\/table><\/figure>\n\n\n\n<h2 class=\"wp-block-heading\">Dost\u0119pne smaki<\/h2>\n\n\n\n<ul class=\"wp-block-list\">\n<li>Arbuzowy l\u00f3d<\/li>\n\n\n\n<li>Jagoda na lodzie<\/li>\n\n\n\n<li style=\"border-top-left-radius:0px;border-top-right-radius:0px;border-bottom-left-radius:0px;border-bottom-right-radius:0px\">Bor\u00f3wka Malina<\/li>\n\n\n\n<li>L\u00f3d truskawkowy<\/li>\n\n\n\n<li>L\u00f3d winogronowy<\/li>\n\n\n\n<li>Mixed Berry<\/li>\n\n\n\n<li>Smoczy owoc<\/li>\n\n\n\n<li>Truskawka Kiwi<\/li>\n\n\n\n<li>Kiwi Passion Fruit Guava<\/li>\n\n\n\n<li>Niebieska kwa\u015bna malina<\/li>\n\n\n\n<li>Cherry Cola<\/li>\n\n\n\n<li>Cytryna i limonka<\/li>\n<\/ul>\n\n\n\n<h2 class=\"wp-block-heading\">Informacje o opakowaniu<\/h2>\n\n\n\n<ul class=\"wp-block-list\">\n<li><strong>5 sztuk \/ pude\u0142ko ekspozycyjne<\/strong><\/li>\n\n\n\n<li><strong>200 sztuk \/ karton<\/strong><\/li>\n\n\n\n<li>Idealny na p\u00f3\u0142ki sklepowe i do dystrybucji hurtowej<\/li>\n<\/ul>\n\n\n\n<h2 class=\"wp-block-heading\">Dlaczego warto wybra\u0107 Airmez Matrix 30K?<\/h2>\n\n\n\n<p>Inteligentny ekran dotykowy + funkcje interaktywne<br>D\u0142ugotrwa\u0142a wydajno\u015b\u0107 z du\u017c\u0105 liczb\u0105 zaci\u0105gni\u0119\u0107<br>Sta\u0142y smak dzi\u0119ki podw\u00f3jnej cewce siatkowej<br>Regulowany przep\u0142yw powietrza dla spersonalizowanej waporyzacji<br>\u2714 Wzornictwo premium dla wyr\u00f3\u017cnienia si\u0119 w sprzeda\u017cy detalicznej<\/p>\n\n\n\n<h2 class=\"wp-block-heading\">Poznaj wi\u0119cej opcji<\/h2>\n\n\n\n<p>Szukasz wi\u0119cej opcji poza Airmez Matrix 30K? Mo\u017cesz zapozna\u0107 si\u0119 z nasz\u0105 pe\u0142n\u0105 kolekcj\u0105 w <a href=\"https:\/\/vapemaison.com\/shop\/\" type=\"link\" id=\"https:\/\/vapemaison.com\/shop\/\"><strong>Sklep<\/strong><\/a> aby odkry\u0107 szerok\u0105 gam\u0119 jednorazowych waporyzator\u00f3w o r\u00f3\u017cnych funkcjach, wzorach i pojemno\u015bciach.<\/p>\n\n\n\n<p>Je\u015bli jeste\u015b zainteresowany podobnymi innowacyjnymi urz\u0105dzeniami, sprawd\u017a wi\u0119cej produkt\u00f3w od <strong><a href=\"https:\/\/vapemaison.com\/brand\/airmez\/\" type=\"link\" id=\"https:\/\/vapemaison.com\/brand\/airmez\/\">Seria Airmez<\/a><\/strong>, gdzie zaawansowana technologia \u0142\u0105czy si\u0119 z nowoczesnym wzornictwem.<\/p>\n\n\n\n<p>Dla u\u017cytkownik\u00f3w, kt\u00f3rzy preferuj\u0105 d\u0142ugotrwa\u0142\u0105 wydajno\u015b\u0107, oferujemy r\u00f3wnie\u017c szereg <strong><a href=\"https:\/\/vapemaison.com\/product-category\/puffs-count\/30k-puffs\/\" type=\"link\" id=\"https:\/\/vapemaison.com\/product-category\/puffs-count\/30k-puffs\/\">30 tys. zaci\u0105gni\u0119\u0107<\/a> vape jednorazowe<\/strong>, zapewniaj\u0105c wi\u0119cej opcji przy d\u0142u\u017cszym u\u017cytkowaniu i doskona\u0142ej warto\u015bci.<\/p>\n\n\n\n<p>Przejrzyj wi\u0119cej i znajd\u017a idealne urz\u0105dzenie, kt\u00f3re odpowiada Twoim potrzebom.<\/p>","protected":false},"excerpt":{"rendered":"<p>The Airmez Matrix 30K elevates disposable vaping with a perfect blend of smart technology, high-capacity performance, and modern design. Featuring a 2.1-inch large screen, responsive touch pad, and adjustable airflow system, it delivers a fully customizable and interactive vaping experience. Powered by a 22ml pre-filled e-liquid, dual mesh coil, and an 800mAh rechargeable battery, this [&hellip;]<\/p>\n","protected":false},"featured_media":26373,"comment_status":"open","ping_status":"closed","template":"","meta":[],"product_brand":[314],"product_cat":[134],"product_tag":[],"class_list":{"0":"post-26368","1":"product","2":"type-product","3":"status-publish","4":"has-post-thumbnail","6":"product_brand-airmez","7":"product_cat-30k-puffs","9":"first","10":"instock","11":"sale","12":"shipping-taxable","13":"purchasable","14":"product-type-variable"},"yoast_head":"<!-- This site is optimized with the Yoast SEO plugin v27.4 - https:\/\/yoast.com\/product\/yoast-seo-wordpress\/ -->\n<title>Airmez Matrix 30K Disposable Vape | 22ml, 5% Nicotine<\/title>\n<meta name=\"description\" content=\"Airmez Matrix 30K disposable vape features 22ml e-liquid, 5% nicotine, dual mesh coil, adjustable airflow, 2.1-inch big screen, touch pad.\" \/>\n<meta name=\"robots\" content=\"index, follow, max-snippet:-1, max-image-preview:large, max-video-preview:-1\" \/>\n<link rel=\"canonical\" href=\"https:\/\/vapemaison.com\/pl\/produkt\/airmez-matrix-30k-jednorazowy-vape\/\" \/>\n<meta property=\"og:locale\" content=\"pl_PL\" \/>\n<meta property=\"og:type\" content=\"article\" \/>\n<meta property=\"og:title\" content=\"Airmez Matrix 30K Disposable Vape | 22ml, 5% Nicotine\" \/>\n<meta property=\"og:description\" content=\"Airmez Matrix 30K disposable vape features 22ml e-liquid, 5% nicotine, dual mesh coil, adjustable airflow, 2.1-inch big screen, touch pad.\" \/>\n<meta property=\"og:url\" content=\"https:\/\/vapemaison.com\/pl\/produkt\/airmez-matrix-30k-jednorazowy-vape\/\" \/>\n<meta property=\"og:site_name\" content=\"VapeMaison\" \/>\n<meta property=\"article:modified_time\" content=\"2026-04-11T06:34:02+00:00\" \/>\n<meta property=\"og:image\" content=\"https:\/\/vapemaison.com\/wp-content\/uploads\/2026\/01\/Airmez-Matrix-Pro-30000-Puffs-8.webp\" \/>\n\t<meta property=\"og:image:width\" content=\"800\" \/>\n\t<meta property=\"og:image:height\" content=\"800\" \/>\n\t<meta property=\"og:image:type\" content=\"image\/webp\" \/>\n<meta name=\"twitter:card\" content=\"summary_large_image\" \/>\n<meta name=\"twitter:label1\" content=\"Szacowany czas czytania\" \/>\n\t<meta name=\"twitter:data1\" content=\"2 minuty\" \/>\n<!-- \/ Yoast SEO plugin. -->","yoast_head_json":{"title":"Airmez Matrix 30K Jednorazowy Vape | 22ml, 5% Nikotyna","description":"Jednorazowy waporyzator Airmez Matrix 30K oferuje 22 ml e-liquidu, nikotyn\u0119 5%, podw\u00f3jn\u0105 cewk\u0119 siatkow\u0105, regulowany przep\u0142yw powietrza, 2,1-calowy du\u017cy ekran, panel dotykowy.","robots":{"index":"index","follow":"follow","max-snippet":"max-snippet:-1","max-image-preview":"max-image-preview:large","max-video-preview":"max-video-preview:-1"},"canonical":"https:\/\/vapemaison.com\/pl\/produkt\/airmez-matrix-30k-jednorazowy-vape\/","og_locale":"pl_PL","og_type":"article","og_title":"Airmez Matrix 30K Disposable Vape | 22ml, 5% Nicotine","og_description":"Airmez Matrix 30K disposable vape features 22ml e-liquid, 5% nicotine, dual mesh coil, adjustable airflow, 2.1-inch big screen, touch pad.","og_url":"https:\/\/vapemaison.com\/pl\/produkt\/airmez-matrix-30k-jednorazowy-vape\/","og_site_name":"VapeMaison","article_modified_time":"2026-04-11T06:34:02+00:00","og_image":[{"width":800,"height":800,"url":"https:\/\/vapemaison.com\/wp-content\/uploads\/2026\/01\/Airmez-Matrix-Pro-30000-Puffs-8.webp","type":"image\/webp"}],"twitter_card":"summary_large_image","twitter_misc":{"Szacowany czas czytania":"2 minuty"},"schema":{"@context":"https:\/\/schema.org","@graph":[{"@type":"WebPage","@id":"https:\/\/vapemaison.com\/product\/airmez-matrix-30k-disposable-vape\/","url":"https:\/\/vapemaison.com\/product\/airmez-matrix-30k-disposable-vape\/","name":"Airmez Matrix 30K Jednorazowy Vape | 22ml, 5% Nikotyna","isPartOf":{"@id":"https:\/\/vapemaison.com\/#website"},"primaryImageOfPage":{"@id":"https:\/\/vapemaison.com\/product\/airmez-matrix-30k-disposable-vape\/#primaryimage"},"image":{"@id":"https:\/\/vapemaison.com\/product\/airmez-matrix-30k-disposable-vape\/#primaryimage"},"thumbnailUrl":"https:\/\/vapemaison.com\/wp-content\/uploads\/2026\/01\/Airmez-Matrix-Pro-30000-Puffs-8.webp","datePublished":"2026-01-26T08:48:03+00:00","dateModified":"2026-04-11T06:34:02+00:00","description":"Jednorazowy waporyzator Airmez Matrix 30K oferuje 22 ml e-liquidu, nikotyn\u0119 5%, podw\u00f3jn\u0105 cewk\u0119 siatkow\u0105, regulowany przep\u0142yw powietrza, 2,1-calowy du\u017cy ekran, panel dotykowy.","breadcrumb":{"@id":"https:\/\/vapemaison.com\/product\/airmez-matrix-30k-disposable-vape\/#breadcrumb"},"inLanguage":"pl-PL","potentialAction":[{"@type":"ReadAction","target":["https:\/\/vapemaison.com\/product\/airmez-matrix-30k-disposable-vape\/"]}]},{"@type":"ImageObject","inLanguage":"pl-PL","@id":"https:\/\/vapemaison.com\/product\/airmez-matrix-30k-disposable-vape\/#primaryimage","url":"https:\/\/vapemaison.com\/wp-content\/uploads\/2026\/01\/Airmez-Matrix-Pro-30000-Puffs-8.webp","contentUrl":"https:\/\/vapemaison.com\/wp-content\/uploads\/2026\/01\/Airmez-Matrix-Pro-30000-Puffs-8.webp","width":800,"height":800,"caption":"Airmez Matrix Pro Puffs Disposable Vape Device detail"},{"@type":"BreadcrumbList","@id":"https:\/\/vapemaison.com\/product\/airmez-matrix-30k-disposable-vape\/#breadcrumb","itemListElement":[{"@type":"ListItem","position":1,"name":"\u9996\u9875","item":"https:\/\/vapemaison.com\/"},{"@type":"ListItem","position":2,"name":"Shop","item":"https:\/\/vapemaison.com\/shop\/"},{"@type":"ListItem","position":3,"name":"Airmez","item":"https:\/\/vapemaison.com\/brand\/airmez\/"},{"@type":"ListItem","position":4,"name":"Airmez Matrix 30K Disposable Vape"}]},{"@type":"WebSite","@id":"https:\/\/vapemaison.com\/#website","url":"https:\/\/vapemaison.com\/","name":"VapeMaison","description":"Wysokiej jako\u015bci urz\u0105dzenia i akcesoria do waporyzacji","publisher":{"@id":"https:\/\/vapemaison.com\/#organization"},"potentialAction":[{"@type":"SearchAction","target":{"@type":"EntryPoint","urlTemplate":"https:\/\/vapemaison.com\/?s={search_term_string}"},"query-input":{"@type":"PropertyValueSpecification","valueRequired":true,"valueName":"search_term_string"}}],"inLanguage":"pl-PL"},{"@type":"Organization","@id":"https:\/\/vapemaison.com\/#organization","name":"VapeMaison","url":"https:\/\/vapemaison.com\/","logo":{"@type":"ImageObject","inLanguage":"pl-PL","@id":"https:\/\/vapemaison.com\/#\/schema\/logo\/image\/","url":"https:\/\/vapemaison.com\/wp-content\/uploads\/2026\/01\/cropped-vapemaison-logo-g-2026.webp","contentUrl":"https:\/\/vapemaison.com\/wp-content\/uploads\/2026\/01\/cropped-vapemaison-logo-g-2026.webp","width":350,"height":280,"caption":"VapeMaison"},"image":{"@id":"https:\/\/vapemaison.com\/#\/schema\/logo\/image\/"},"sameAs":["https:\/\/www.youtube.com\/@VapeMaison"]}]}},"tiered_pricing_type":"fixed","tiered_pricing_fixed_rules":{"30":"12.76","50":"12.24","100":"11.88","200":"11.46"},"tiered_pricing_product_settings":{"layout":"default","base_unit_name":{"singular":null,"plural":null},"default_variation":null},"tiered_pricing_minimum_quantity":10,"tiered_pricing_roles_data":[],"tiered_pricing_percentage_rules":[],"tiered_pricing_maximum_quantity":null,"tiered_pricing_quantity_step":"10","_links":{"self":[{"href":"https:\/\/vapemaison.com\/pl\/wp-json\/wp\/v2\/product\/26368","targetHints":{"allow":["GET"]}}],"collection":[{"href":"https:\/\/vapemaison.com\/pl\/wp-json\/wp\/v2\/product"}],"about":[{"href":"https:\/\/vapemaison.com\/pl\/wp-json\/wp\/v2\/types\/product"}],"replies":[{"embeddable":true,"href":"https:\/\/vapemaison.com\/pl\/wp-json\/wp\/v2\/comments?post=26368"}],"version-history":[{"count":4,"href":"https:\/\/vapemaison.com\/pl\/wp-json\/wp\/v2\/product\/26368\/revisions"}],"predecessor-version":[{"id":29277,"href":"https:\/\/vapemaison.com\/pl\/wp-json\/wp\/v2\/product\/26368\/revisions\/29277"}],"wp:featuredmedia":[{"embeddable":true,"href":"https:\/\/vapemaison.com\/pl\/wp-json\/wp\/v2\/media\/26373"}],"wp:attachment":[{"href":"https:\/\/vapemaison.com\/pl\/wp-json\/wp\/v2\/media?parent=26368"}],"wp:term":[{"taxonomy":"product_brand","embeddable":true,"href":"https:\/\/vapemaison.com\/pl\/wp-json\/wp\/v2\/product_brand?post=26368"},{"taxonomy":"product_cat","embeddable":true,"href":"https:\/\/vapemaison.com\/pl\/wp-json\/wp\/v2\/product_cat?post=26368"},{"taxonomy":"product_tag","embeddable":true,"href":"https:\/\/vapemaison.com\/pl\/wp-json\/wp\/v2\/product_tag?post=26368"}],"curies":[{"name":"wp","href":"https:\/\/api.w.org\/{rel}","templated":true}]}}