

{"id":26402,"date":"2026-01-28T03:39:58","date_gmt":"2026-01-28T03:39:58","guid":{"rendered":"https:\/\/vapemaison.com\/?post_type=product&#038;p=26402"},"modified":"2026-05-05T03:13:02","modified_gmt":"2026-05-05T03:13:02","slug":"azul-vape-24k-puff-2-o-niskiej-zawartosci-nikotyny-hurtowo-kupuje-jednorazowe-pioro-vapes-do-wielokrotnego-ladowania","status":"publish","type":"product","link":"https:\/\/vapemaison.com\/pl\/product\/azul-vape-24k-puff-2-low-nicotine-bulk-buy-rechargeable-disposable-vapes-pen-wholesale\/","title":{"rendered":"Azul vape 24K Puff 2% Niska zawarto\u015b\u0107 nikotyny Kupuj hurtowo jednorazowe pi\u00f3ro Vapes do wielokrotnego \u0142adowania Hurtownia"},"content":{"rendered":"<p>Odkryj kolejny poziom wydajno\u015bci dzi\u0119ki <strong>Azul Vape 24K jednorazowego u\u017cytku<\/strong>, zaprojektowany dla vaper\u00f3w, kt\u00f3rzy chc\u0105 <strong>D\u0142ugotrwa\u0142e u\u017cytkowanie, mocne dostarczanie smaku i niezawodny sprz\u0119t<\/strong> w jednym urz\u0105dzeniu. Z <strong>do 24 000 zaci\u0105gni\u0119\u0107<\/strong>, a <strong>system cewek siatkowych<\/strong>, oraz <strong>Akumulator typu C<\/strong>,Humo Azul 24K zosta\u0142 stworzony z my\u015bl\u0105 o d\u0142ugotrwa\u0142ej satysfakcji bez po\u015bwi\u0119cania sp\u00f3jno\u015bci.<\/p>\n\n\n\n<p>Niezale\u017cnie od tego, czy jeste\u015b regularnym u\u017cytkownikiem, czy kim\u015b, kto preferuje urz\u0105dzenia o du\u017cej pojemno\u015bci, humo azul zapewnia trwa\u0142o\u015b\u0107, intensywno\u015b\u0107 smaku i p\u0142ynn\u0105 przyjemno\u015b\u0107 z nikotyny przy ka\u017cdym zaci\u0105gni\u0119ciu.<\/p>\n\n\n\n<h3 class=\"wp-block-heading\"><strong>Dlaczego warto wybra\u0107 Azul Vape 24K Disposable?<\/strong><\/h3>\n\n\n\n<h4 class=\"wp-block-heading\"><strong>Bardzo wysoka pojemno\u015b\u0107 dmuchawy<\/strong><\/h4>\n\n\n\n<p>The <strong>humo azul 24K<\/strong> oferty <strong>do <a href=\"https:\/\/vapemaison.com\/product-category\/puffs-count\/24k-puffs\/\" type=\"link\" id=\"https:\/\/vapemaison.com\/product-category\/puffs-count\/24k-puffs\/\">24-karatowe pufy<\/a><\/strong>, co plasuje go w\u015br\u00f3d dost\u0119pnych waporyzator\u00f3w jednorazowych o najwi\u0119kszej pojemno\u015bci. Mniejsza liczba wymian, d\u0142u\u017csze cykle u\u017cytkowania i wi\u0119ksza wygoda dla intensywnych lub cz\u0119stych u\u017cytkownik\u00f3w.<\/p>\n\n\n\n<h4 class=\"wp-block-heading\"><strong>Zaawansowana technologia cewek siatkowych<\/strong><\/h4>\n\n\n\n<p>Wyposa\u017cony w <strong>ogrzewanie cewki siatkowej<\/strong>,humo azul zapewnia:<\/p>\n\n\n\n<ul class=\"wp-block-list\">\n<li>R\u00f3wnomierna waporyzacja e-cieczy<\/li>\n\n\n\n<li>Zwi\u0119kszona wyrazisto\u015b\u0107 smaku<\/li>\n\n\n\n<li>P\u0142ynna i sp\u00f3jna produkcja pary<br>Tradycyjne cewki mog\u0105 powodowa\u0107 nier\u00f3wnomierne nagrzewanie - <strong>Struktura siatki Azul Vape<\/strong> utrzymuje stabiln\u0105 wydajno\u015b\u0107 od pierwszego do ostatniego zaci\u0105gni\u0119cia.<\/li>\n<\/ul>\n\n\n\n<h4 class=\"wp-block-heading\"><strong>Akumulator o d\u0142ugiej \u017cywotno\u015bci<\/strong><\/h4>\n\n\n\n<p>Wbudowany <strong>Bateria 600 mAh<\/strong> obs\u0142uguje du\u017c\u0105 pojemno\u015b\u0107 e-liquidu urz\u0105dzenia. W tym <strong>Port \u0142adowania typu C<\/strong> umo\u017cliwia szybkie i wygodne \u0142adowanie, skracaj\u0105c czas przestoju i utrzymuj\u0105c urz\u0105dzenie w gotowo\u015bci.<\/p>\n\n\n\n<h4 class=\"wp-block-heading\"><strong>Si\u0142a nikotyny Smooth 2%<\/strong><\/h4>\n\n\n\n<p>Zawiera <strong>Nikotyna 2%<\/strong>, Humo Azul zapewnia zr\u00f3wnowa\u017cone uderzenie w gard\u0142o i sta\u0142\u0105 satysfakcj\u0119 przy jednoczesnym zachowaniu p\u0142ynnego wdechu.<\/p>\n\n\n\n<h2 class=\"wp-block-heading\"><strong>Kluczowe cechy<\/strong><\/h2>\n\n\n\n<figure class=\"wp-block-table is-style-stripes\"><table class=\"has-fixed-layout\"><thead><tr><th>Cecha<\/th><th>Specyfikacja<\/th><\/tr><\/thead><tbody><tr><td>Puff Count<\/td><td>Do <strong>24,000 Puffs<\/strong><\/td><\/tr><tr><td>Typ cewki<\/td><td><strong>Siatkowy system cewek<\/strong><\/td><\/tr><tr><td>Bateria<\/td><td><strong>Akumulator 600 mAh<\/strong><\/td><\/tr><tr><td>Port \u0142adowania<\/td><td><strong>USB typu C<\/strong><\/td><\/tr><tr><td>Si\u0142a nikotyny<\/td><td><strong>2%<\/strong><\/td><\/tr><tr><td>Typ urz\u0105dzenia<\/td><td>Jednorazowe (bez mo\u017cliwo\u015bci ponownego nape\u0142nienia)<\/td><\/tr><\/tbody><\/table><\/figure>\n\n\n\n<h2 class=\"wp-block-heading\"><strong>Dost\u0119pne smaki Azul Vape<\/strong><\/h2>\n\n\n\n<p>L\u00f3d brzoskwiniowy<br>L\u00f3d jagodowy<br>L\u00f3d winogronowy<br>Je\u017cyna Dragonfruit<br>Melon Ice<br>Truskawka Arbuz Winogrono<br>Lemon Lime<br>Arbuzowy l\u00f3d<br>Truskawka \u017burawina Wi\u015bnia<br>Blue Razz Ice<br>Marakuja Kiwi Guawa<\/p>\n\n\n\n<p>Ka\u017cdy smak jest stworzony tak, aby utrzyma\u0107 intensywno\u015b\u0107 przez ca\u0142y okres u\u017cytkowania urz\u0105dzenia dzi\u0119ki <strong>System cewek siatkowych Azul Vape<\/strong>.<\/p>\n\n\n\n<h2 class=\"wp-block-heading\"><strong>Azul Vape 24K najcz\u0119\u015bciej zadawane pytania<\/strong><\/h2>\n\n\n\n<p><strong>1. Jak d\u0142ugo dzia\u0142a Azul Vape 24K?<\/strong><br>Urz\u0105dzenie mo\u017ce dostarczy\u0107 do <strong>24 000 zaci\u0105gni\u0119\u0107<\/strong>. Rzeczywisty czas trwania zale\u017cy od indywidualnej cz\u0119stotliwo\u015bci u\u017cytkowania i d\u0142ugo\u015bci pufy.<\/p>\n\n\n\n<p><strong>2. Czas \u0142adowania?<\/strong><br>Bateria o pojemno\u015bci 600 mAh zazwyczaj wymaga <strong>35-45 minut<\/strong> dla pe\u0142nego na\u0142adowania przez Type-C.<\/p>\n\n\n\n<p><strong>3. Sk\u0105d mam wiedzie\u0107, kiedy urz\u0105dzenie jest gotowe?<\/strong><br>Zanik smaku, zmniejszona produkcja pary lub jej brak wskazuj\u0105 na wyczerpanie e-liquidu.<\/p>\n\n\n\n<p><strong>4. Czy Azul Vape mo\u017cna ponownie nape\u0142ni\u0107?<\/strong><br>Nie. <strong>Azul Vape 24K<\/strong> jest szczelnym urz\u0105dzeniem jednorazowego u\u017cytku i nie jest przeznaczone do ponownego nape\u0142niania.<\/p>\n\n\n\n<p><strong>5. Odpowiedni dla pocz\u0105tkuj\u0105cych?<\/strong><br>Tak. System aktywowany losowaniem nie wymaga \u017cadnych przycisk\u00f3w ani ustawie\u0144.<\/p>\n\n\n\n<p><strong>6. Informacje o wysy\u0142ce<\/strong><br>Zam\u00f3wienia s\u0105 wysy\u0142ane w ci\u0105gu 24 godzin od potwierdzenia p\u0142atno\u015bci.<\/p>\n\n\n\n<ul class=\"wp-block-list\">\n<li><strong>Niemcy:<\/strong> 3-5 dni roboczych<\/li>\n\n\n\n<li><strong>Europa:<\/strong> 5-7 dni roboczych<\/li>\n\n\n\n<li><strong>Poza Europ\u0105:<\/strong> Wysy\u0142ka z Chin, ok. 10-15 dni roboczych<\/li>\n<\/ul>\n\n\n\n<p>Czas dostawy mo\u017ce si\u0119 r\u00f3\u017cni\u0107 ze wzgl\u0119du na procedury celne lub lokaln\u0105 logistyk\u0119.<\/p>\n\n\n\n<h3 class=\"wp-block-heading\"><strong>Poznaj wi\u0119cej urz\u0105dze\u0144 Azul Vape<\/strong><\/h3>\n\n\n\n<p>Przegl\u0105daj nasz\u0105 pe\u0142n\u0105 kolekcj\u0119 <strong><a href=\"https:\/\/vapemaison.com\/brand\/humo-azul\/\" type=\"link\" id=\"https:\/\/vapemaison.com\/brand\/humo-azul\/\">Azul Vape<\/a><\/strong> i innych urz\u0105dze\u0144 jednorazowych o du\u017cej pojemno\u015bci, aby znale\u017a\u0107 idealny smak i wydajno\u015b\u0107 dopasowane do Twoich preferencji.<\/p>\n\n\n\n<p><\/p>","protected":false},"excerpt":{"rendered":"<p>Do\u015bwiadcz mocy <strong data-start=\"317\" data-end=\"345\">Azul Vape 24K jednorazowego u\u017cytku<\/strong> z maksymalnie 24 000 zaci\u0105gni\u0119\u0107, zaawansowan\u0105 technologi\u0105 cewki siatkowej, akumulatorem 600 mAh i p\u0142ynn\u0105 nikotyn\u0105 2%. D\u0142ugotrwa\u0142a wydajno\u015b\u0107, bogaty smak i szybkie \u0142adowanie typu C w jednym urz\u0105dzeniu o du\u017cej pojemno\u015bci.<\/p>","protected":false},"featured_media":26405,"comment_status":"open","ping_status":"closed","template":"","meta":[],"product_brand":[166],"product_cat":[292],"product_tag":[],"class_list":{"0":"post-26402","1":"product","2":"type-product","3":"status-publish","4":"has-post-thumbnail","6":"product_brand-humo-azul","7":"product_cat-24k-puffs","9":"first","10":"instock","11":"sale","12":"shipping-taxable","13":"purchasable","14":"product-type-variable"},"yoast_head":"<!-- This site is optimized with the Yoast SEO plugin v27.4 - https:\/\/yoast.com\/product\/yoast-seo-wordpress\/ -->\n<title>Azul Vape 24K Disposable \u2013 24000 Puffs Rechargeable Vape<\/title>\n<meta name=\"description\" content=\"Azul Vape 24K Disposable \u2013 up to 24,000 puffs, mesh coil, 600mAh battery, Type-C charging, smooth 2% nicotine for long-lasting vaping.\" \/>\n<meta name=\"robots\" content=\"index, follow, max-snippet:-1, max-image-preview:large, max-video-preview:-1\" \/>\n<link rel=\"canonical\" href=\"https:\/\/vapemaison.com\/pl\/produkt\/azul-vape-24k-puff-2-o-niskiej-zawartosci-nikotyny-hurtowo-kupuje-jednorazowe-pioro-vapes-do-wielokrotnego-ladowania\/\" \/>\n<meta property=\"og:locale\" content=\"pl_PL\" \/>\n<meta property=\"og:type\" content=\"article\" \/>\n<meta property=\"og:title\" content=\"Azul Vape 24K Disposable \u2013 24000 Puffs Rechargeable Vape\" \/>\n<meta property=\"og:description\" content=\"Azul Vape 24K Disposable \u2013 up to 24,000 puffs, mesh coil, 600mAh battery, Type-C charging, smooth 2% nicotine for long-lasting vaping.\" \/>\n<meta property=\"og:url\" content=\"https:\/\/vapemaison.com\/pl\/produkt\/azul-vape-24k-puff-2-o-niskiej-zawartosci-nikotyny-hurtowo-kupuje-jednorazowe-pioro-vapes-do-wielokrotnego-ladowania\/\" \/>\n<meta property=\"og:site_name\" content=\"VapeMaison\" \/>\n<meta property=\"article:modified_time\" content=\"2026-05-05T03:13:02+00:00\" \/>\n<meta property=\"og:image\" content=\"https:\/\/vapemaison.com\/wp-content\/uploads\/2026\/01\/azul-vape-24000-puffs-vape.webp\" \/>\n\t<meta property=\"og:image:width\" content=\"1444\" \/>\n\t<meta property=\"og:image:height\" content=\"1366\" \/>\n\t<meta property=\"og:image:type\" content=\"image\/webp\" \/>\n<meta name=\"twitter:card\" content=\"summary_large_image\" \/>\n<meta name=\"twitter:label1\" content=\"Szacowany czas czytania\" \/>\n\t<meta name=\"twitter:data1\" content=\"3 minuty\" \/>\n<!-- \/ Yoast SEO plugin. -->","yoast_head_json":{"title":"Azul Vape 24K Jednorazowy - 24000 zaci\u0105gni\u0119\u0107 Vape na akumulator","description":"Azul Vape 24K Disposable - do 24 000 zaci\u0105gni\u0119\u0107, cewka siatkowa, bateria 600 mAh, \u0142adowanie typu C, p\u0142ynna nikotyna 2% zapewniaj\u0105ca d\u0142ugotrwa\u0142e waporyzowanie.","robots":{"index":"index","follow":"follow","max-snippet":"max-snippet:-1","max-image-preview":"max-image-preview:large","max-video-preview":"max-video-preview:-1"},"canonical":"https:\/\/vapemaison.com\/pl\/produkt\/azul-vape-24k-puff-2-o-niskiej-zawartosci-nikotyny-hurtowo-kupuje-jednorazowe-pioro-vapes-do-wielokrotnego-ladowania\/","og_locale":"pl_PL","og_type":"article","og_title":"Azul Vape 24K Disposable \u2013 24000 Puffs Rechargeable Vape","og_description":"Azul Vape 24K Disposable \u2013 up to 24,000 puffs, mesh coil, 600mAh battery, Type-C charging, smooth 2% nicotine for long-lasting vaping.","og_url":"https:\/\/vapemaison.com\/pl\/produkt\/azul-vape-24k-puff-2-o-niskiej-zawartosci-nikotyny-hurtowo-kupuje-jednorazowe-pioro-vapes-do-wielokrotnego-ladowania\/","og_site_name":"VapeMaison","article_modified_time":"2026-05-05T03:13:02+00:00","og_image":[{"width":1444,"height":1366,"url":"https:\/\/vapemaison.com\/wp-content\/uploads\/2026\/01\/azul-vape-24000-puffs-vape.webp","type":"image\/webp"}],"twitter_card":"summary_large_image","twitter_misc":{"Szacowany czas czytania":"3 minuty"},"schema":{"@context":"https:\/\/schema.org","@graph":[{"@type":"WebPage","@id":"https:\/\/vapemaison.com\/product\/azul-vape-24k-puff-2-low-nicotine-bulk-buy-rechargeable-disposable-vapes-pen-wholesale\/","url":"https:\/\/vapemaison.com\/product\/azul-vape-24k-puff-2-low-nicotine-bulk-buy-rechargeable-disposable-vapes-pen-wholesale\/","name":"Azul Vape 24K Jednorazowy - 24000 zaci\u0105gni\u0119\u0107 Vape na akumulator","isPartOf":{"@id":"https:\/\/vapemaison.com\/#website"},"primaryImageOfPage":{"@id":"https:\/\/vapemaison.com\/product\/azul-vape-24k-puff-2-low-nicotine-bulk-buy-rechargeable-disposable-vapes-pen-wholesale\/#primaryimage"},"image":{"@id":"https:\/\/vapemaison.com\/product\/azul-vape-24k-puff-2-low-nicotine-bulk-buy-rechargeable-disposable-vapes-pen-wholesale\/#primaryimage"},"thumbnailUrl":"https:\/\/vapemaison.com\/wp-content\/uploads\/2026\/01\/azul-vape-24000-puffs-vape.webp","datePublished":"2026-01-28T03:39:58+00:00","dateModified":"2026-05-05T03:13:02+00:00","description":"Azul Vape 24K Disposable - do 24 000 zaci\u0105gni\u0119\u0107, cewka siatkowa, bateria 600 mAh, \u0142adowanie typu C, p\u0142ynna nikotyna 2% zapewniaj\u0105ca d\u0142ugotrwa\u0142e waporyzowanie.","breadcrumb":{"@id":"https:\/\/vapemaison.com\/product\/azul-vape-24k-puff-2-low-nicotine-bulk-buy-rechargeable-disposable-vapes-pen-wholesale\/#breadcrumb"},"inLanguage":"pl-PL","potentialAction":[{"@type":"ReadAction","target":["https:\/\/vapemaison.com\/product\/azul-vape-24k-puff-2-low-nicotine-bulk-buy-rechargeable-disposable-vapes-pen-wholesale\/"]}]},{"@type":"ImageObject","inLanguage":"pl-PL","@id":"https:\/\/vapemaison.com\/product\/azul-vape-24k-puff-2-low-nicotine-bulk-buy-rechargeable-disposable-vapes-pen-wholesale\/#primaryimage","url":"https:\/\/vapemaison.com\/wp-content\/uploads\/2026\/01\/azul-vape-24000-puffs-vape.webp","contentUrl":"https:\/\/vapemaison.com\/wp-content\/uploads\/2026\/01\/azul-vape-24000-puffs-vape.webp","width":1444,"height":1366,"caption":"Azul Vape Puffs"},{"@type":"BreadcrumbList","@id":"https:\/\/vapemaison.com\/product\/azul-vape-24k-puff-2-low-nicotine-bulk-buy-rechargeable-disposable-vapes-pen-wholesale\/#breadcrumb","itemListElement":[{"@type":"ListItem","position":1,"name":"\u9996\u9875","item":"https:\/\/vapemaison.com\/"},{"@type":"ListItem","position":2,"name":"Shop","item":"https:\/\/vapemaison.com\/shop\/"},{"@type":"ListItem","position":3,"name":"Humo Azul","item":"https:\/\/vapemaison.com\/brand\/humo-azul\/"},{"@type":"ListItem","position":4,"name":"Azul vape 24K Puff 2% Low Nicotine Bulk Buy Rechargeable Disposable Vapes Pen Wholesale"}]},{"@type":"WebSite","@id":"https:\/\/vapemaison.com\/#website","url":"https:\/\/vapemaison.com\/","name":"VapeMaison","description":"Wysokiej jako\u015bci urz\u0105dzenia i akcesoria do waporyzacji","publisher":{"@id":"https:\/\/vapemaison.com\/#organization"},"potentialAction":[{"@type":"SearchAction","target":{"@type":"EntryPoint","urlTemplate":"https:\/\/vapemaison.com\/?s={search_term_string}"},"query-input":{"@type":"PropertyValueSpecification","valueRequired":true,"valueName":"search_term_string"}}],"inLanguage":"pl-PL"},{"@type":"Organization","@id":"https:\/\/vapemaison.com\/#organization","name":"VapeMaison","url":"https:\/\/vapemaison.com\/","logo":{"@type":"ImageObject","inLanguage":"pl-PL","@id":"https:\/\/vapemaison.com\/#\/schema\/logo\/image\/","url":"https:\/\/vapemaison.com\/wp-content\/uploads\/2026\/01\/cropped-vapemaison-logo-g-2026.webp","contentUrl":"https:\/\/vapemaison.com\/wp-content\/uploads\/2026\/01\/cropped-vapemaison-logo-g-2026.webp","width":350,"height":280,"caption":"VapeMaison"},"image":{"@id":"https:\/\/vapemaison.com\/#\/schema\/logo\/image\/"},"sameAs":["https:\/\/www.youtube.com\/@VapeMaison"]}]}},"tiered_pricing_type":"fixed","tiered_pricing_fixed_rules":{"30":"8.48","50":"7.99","100":"7.34","200":"6.78"},"tiered_pricing_product_settings":{"layout":"default","base_unit_name":{"singular":null,"plural":null},"default_variation":null},"tiered_pricing_minimum_quantity":10,"tiered_pricing_roles_data":[],"tiered_pricing_percentage_rules":[],"tiered_pricing_maximum_quantity":null,"tiered_pricing_quantity_step":"10","_links":{"self":[{"href":"https:\/\/vapemaison.com\/pl\/wp-json\/wp\/v2\/product\/26402","targetHints":{"allow":["GET"]}}],"collection":[{"href":"https:\/\/vapemaison.com\/pl\/wp-json\/wp\/v2\/product"}],"about":[{"href":"https:\/\/vapemaison.com\/pl\/wp-json\/wp\/v2\/types\/product"}],"replies":[{"embeddable":true,"href":"https:\/\/vapemaison.com\/pl\/wp-json\/wp\/v2\/comments?post=26402"}],"version-history":[{"count":6,"href":"https:\/\/vapemaison.com\/pl\/wp-json\/wp\/v2\/product\/26402\/revisions"}],"predecessor-version":[{"id":29403,"href":"https:\/\/vapemaison.com\/pl\/wp-json\/wp\/v2\/product\/26402\/revisions\/29403"}],"wp:featuredmedia":[{"embeddable":true,"href":"https:\/\/vapemaison.com\/pl\/wp-json\/wp\/v2\/media\/26405"}],"wp:attachment":[{"href":"https:\/\/vapemaison.com\/pl\/wp-json\/wp\/v2\/media?parent=26402"}],"wp:term":[{"taxonomy":"product_brand","embeddable":true,"href":"https:\/\/vapemaison.com\/pl\/wp-json\/wp\/v2\/product_brand?post=26402"},{"taxonomy":"product_cat","embeddable":true,"href":"https:\/\/vapemaison.com\/pl\/wp-json\/wp\/v2\/product_cat?post=26402"},{"taxonomy":"product_tag","embeddable":true,"href":"https:\/\/vapemaison.com\/pl\/wp-json\/wp\/v2\/product_tag?post=26402"}],"curies":[{"name":"wp","href":"https:\/\/api.w.org\/{rel}","templated":true}]}}