

{"id":26566,"date":"2026-01-31T05:50:19","date_gmt":"2026-01-31T05:50:19","guid":{"rendered":"https:\/\/vapemaison.com\/?post_type=product&#038;p=26566"},"modified":"2026-04-14T07:28:24","modified_gmt":"2026-04-14T07:28:24","slug":"elf-bar-18000-kiwi-ananas-lod","status":"publish","type":"product","link":"https:\/\/vapemaison.com\/pl\/product\/elf-bar-18000-kiwi-pineapple-ice\/","title":{"rendered":"ELF BAR 18000 Kiwi Pineapple Ice"},"content":{"rendered":"<p>The <strong>elf bar 18000<\/strong> jest przeznaczony dla u\u017cytkownik\u00f3w, kt\u00f3rzy oczekuj\u0105 <strong>mocny smak, stabilna wydajno\u015b\u0107 i d\u0142ugotrwa\u0142e dzia\u0142anie<\/strong> w kompaktowym urz\u0105dzeniu. Zapewnia p\u0142ynne zaci\u0105ganie, sta\u0142\u0105 produkcj\u0119 pary i nowoczesny design, kt\u00f3ry doskonale le\u017cy w d\u0142oni. Je\u015bli chcesz wygody bez po\u015bwi\u0119cania jako\u015bci, to urz\u0105dzenie idealnie pasuje do tej roli.<\/p>\n\n\n\n<h3 class=\"wp-block-heading\"><strong>Kompaktowa konstrukcja klasy premium<\/strong><\/h3>\n\n\n\n<p>FS18000 jest wyposa\u017cony w <strong>Elegancka, ergonomiczna obudowa (47 \u00d7 24 \u00d7 101 mm)<\/strong> kt\u00f3ry wygodnie le\u017cy w d\u0142oni i \u0142atwo mie\u015bci si\u0119 w kieszeni lub torbie. Minimalistyczny wygl\u0105d zewn\u0119trzny nadaje mu czysty, nowoczesny wygl\u0105d, a solidna jako\u015b\u0107 wykonania zapewnia niezawodno\u015b\u0107 i wysok\u0105 jako\u015b\u0107.<\/p>\n\n\n\n<h3 class=\"wp-block-heading\"><strong>Gotowy do u\u017cycia - bez k\u0142opot\u00f3w<\/strong><\/h3>\n\n\n\n<p>Zaprojektowane z my\u015bl\u0105 o prostocie urz\u0105dzenie dzia\u0142a <strong>prosto z pude\u0142ka<\/strong>.<\/p>\n\n\n\n<ul class=\"wp-block-list\">\n<li>Bez uzupe\u0142niania<\/li>\n\n\n\n<li>Brak zmian cewki<\/li>\n\n\n\n<li>Brak konserwacji<\/li>\n<\/ul>\n\n\n\n<p>The <strong>System aktywowany losowaniem<\/strong> zapewnia naturalny i bezwysi\u0142kowy wdech za ka\u017cdym razem. A <strong>boczny inteligentny wy\u015bwietlacz<\/strong> pokazuje zar\u00f3wno <strong>poziom na\u0142adowania baterii<\/strong> oraz <strong>Poziom e-cieczy<\/strong>, Dzi\u0119ki temu zawsze wiadomo, kiedy nale\u017cy na\u0142adowa\u0107 lub wymieni\u0107 akumulator.<\/p>\n\n\n\n<h3 class=\"wp-block-heading\"><strong>Mocny smak i stabilna wydajno\u015b\u0107<\/strong><\/h3>\n\n\n\n<p>G\u0142\u00f3wnym elementem FS18000 jest <strong>System cewek z potr\u00f3jn\u0105 siatk\u0105<\/strong> kt\u00f3ry zapewnia:<\/p>\n\n\n\n<ul class=\"wp-block-list\">\n<li>Bogaty, pe\u0142ny smak<\/li>\n\n\n\n<li>R\u00f3wnomierne ogrzewanie<\/li>\n\n\n\n<li>P\u0142ynna produkcja pary<\/li>\n<\/ul>\n\n\n\n<p>Z <strong>22 ml e-liquidu<\/strong> i <strong>Akumulator 850 mAh<\/strong>, urz\u0105dzenie zapewnia <strong>do 18 000 zaci\u0105gni\u0119\u0107<\/strong>. Wydajno\u015b\u0107 pozostaje niezmienna od pierwszego do ostatniego zaci\u0105gni\u0119cia, bez przypalonego smaku lub spadku aromatu.<\/p>\n\n\n\n<h3 class=\"wp-block-heading\"><strong>Dlaczego warto wybra\u0107 elf bar 18000<\/strong><\/h3>\n\n\n\n<p>Silny i stabilny smak wyj\u015bciowy<br>D\u0142ugotrwa\u0142a wydajno\u015b\u0107 dmuchania<br>Mo\u017cliwo\u015b\u0107 \u0142adowania dla pe\u0142nego wykorzystania e-liquidu<br>Inteligentna bateria i ciek\u0142y wy\u015bwietlacz<br>Kompaktowa, przyjazna w podr\u00f3\u017cy konstrukcja<br>P\u0142ynne rysowanie bez konieczno\u015bci konserwacji<\/p>\n\n\n\n<p>\u0141\u0105czy w sobie \u0142atwo\u015b\u0107 jednorazowego u\u017cytku z wydajno\u015bci\u0105 systemu kapsu\u0142kowego.<\/p>\n\n\n\n<h3 class=\"wp-block-heading\"><strong>Sklep elf bar 18000<\/strong><\/h3>\n\n\n\n<p>Wybierz preferowany smak i poznaj urz\u0105dzenie, kt\u00f3re oferuje <strong>Czysta wydajno\u015b\u0107, niezawodne dzia\u0142anie i \u0142atwe u\u017cytkowanie<\/strong>. Dostarczamy <strong>autentyczne produkty<\/strong>, Szybkie przetwarzanie zam\u00f3wie\u0144 i niezawodne wsparcie zapewniaj\u0105 p\u0142ynny zakup za ka\u017cdym razem.<\/p>\n\n\n\n<p>Ciesz si\u0119 sta\u0142\u0105 satysfakcj\u0105 z ka\u017cdego zaci\u0105gni\u0119cia.<\/p>\n\n\n\n<p>Odkryj wi\u0119cej z naszej kolekcji, aby znale\u017a\u0107 idealny vape dla swoich potrzeb. Przegl\u0105daj nasz\u0105 pe\u0142n\u0105 ofert\u0119 na <strong><a href=\"https:\/\/vapemaison.com\/\" type=\"link\" id=\"https:\/\/vapemaison.com\/\">Strona g\u0142\u00f3wna<\/a><\/strong>, Odkryj podobne urz\u0105dzenia o wysokiej wydajno\u015bci na <strong><a href=\"https:\/\/vapemaison.com\/shop\/\" type=\"link\" id=\"https:\/\/vapemaison.com\/shop\/\">Sklep Vape jednorazowego u\u017cytku<\/a><\/strong>, lub dowiedzie\u0107 si\u0119 wi\u0119cej o zaufanej jako\u015bci <strong><a href=\"https:\/\/vapemaison.com\/brand\/elfbar\/\" type=\"link\" id=\"https:\/\/vapemaison.com\/brand\/elfbar\/\">Marka Elfbar<\/a><\/strong>.<\/p>\n\n\n\n<p>Je\u015bli por\u00f3wnujesz r\u00f3\u017cne poziomy u\u017cytkowania, sprawd\u017a nasz\u0105 ofert\u0119 <strong><a href=\"https:\/\/vapemaison.com\/product-category\/puffs-count\/18k-puffs\/\" type=\"link\" id=\"https:\/\/vapemaison.com\/product-category\/puffs-count\/30k-puffs\/\">18K Puffs<\/a><\/strong> aby znale\u017a\u0107 urz\u0105dzenia, kt\u00f3re pasuj\u0105 do preferowanej pojemno\u015bci - od opcji kompaktowych po modele o bardzo wysokiej wydajno\u015bci.<\/p>","protected":false},"excerpt":{"rendered":"<p>The elf bar 18000 is built for users who expect strong flavor, stable output, and long-lasting performance in a compact device. It delivers a smooth draw, consistent vapor production, and a modern design that feels premium in hand. If you want convenience without sacrificing quality, this device fits the role perfectly. Compact, Premium Design The [&hellip;]<\/p>\n","protected":false},"featured_media":13955,"comment_status":"open","ping_status":"closed","template":"","meta":[],"product_brand":[177],"product_cat":[175],"product_tag":[],"class_list":{"0":"post-26566","1":"product","2":"type-product","3":"status-publish","4":"has-post-thumbnail","6":"product_brand-elfbar","7":"product_cat-18k-puffs","9":"first","10":"instock","11":"sale","12":"shipping-taxable","13":"purchasable","14":"product-type-variable"},"yoast_head":"<!-- This site is optimized with the Yoast SEO plugin v27.4 - https:\/\/yoast.com\/product\/yoast-seo-wordpress\/ -->\n<title>Elf bar 18000 Disposable Vape \u2013 Smooth Draw<\/title>\n<meta name=\"description\" content=\"Experience the elf bar 18000k th rich flavor, up to 18k puff, and a sleek, portable design. Enjoy smooth, consistent performance with zero maintenance.\" \/>\n<meta name=\"robots\" content=\"index, follow, max-snippet:-1, max-image-preview:large, max-video-preview:-1\" \/>\n<link rel=\"canonical\" href=\"https:\/\/vapemaison.com\/pl\/produkt\/elf-bar-18000-kiwi-ananas-lod\/\" \/>\n<meta property=\"og:locale\" content=\"pl_PL\" \/>\n<meta property=\"og:type\" content=\"article\" \/>\n<meta property=\"og:title\" content=\"Elf bar 18000 Disposable Vape \u2013 Smooth Draw\" \/>\n<meta property=\"og:description\" content=\"Experience the elf bar 18000k th rich flavor, up to 18k puff, and a sleek, portable design. Enjoy smooth, consistent performance with zero maintenance.\" \/>\n<meta property=\"og:url\" content=\"https:\/\/vapemaison.com\/pl\/produkt\/elf-bar-18000-kiwi-ananas-lod\/\" \/>\n<meta property=\"og:site_name\" content=\"VapeMaison\" \/>\n<meta property=\"article:modified_time\" content=\"2026-04-14T07:28:24+00:00\" \/>\n<meta property=\"og:image\" content=\"https:\/\/vapemaison.com\/wp-content\/uploads\/2025\/11\/elf-bar-fs18000-kiwi-pineapple-ice-disposable-pod-vape-50mg.webp\" \/>\n\t<meta property=\"og:image:width\" content=\"536\" \/>\n\t<meta property=\"og:image:height\" content=\"536\" \/>\n\t<meta property=\"og:image:type\" content=\"image\/webp\" \/>\n<meta name=\"twitter:card\" content=\"summary_large_image\" \/>\n<meta name=\"twitter:label1\" content=\"Szacowany czas czytania\" \/>\n\t<meta name=\"twitter:data1\" content=\"2 minuty\" \/>\n<!-- \/ Yoast SEO plugin. -->","yoast_head_json":{"title":"Vape jednorazowe Elf bar 18000 - g\u0142adki ci\u0105g","description":"elf bar 18000k to bogaty smak, do 18 tys. puff\u00f3w i elegancka, przeno\u015bna konstrukcja. Ciesz si\u0119 p\u0142ynn\u0105, sta\u0142\u0105 wydajno\u015bci\u0105 przy zerowej konserwacji.","robots":{"index":"index","follow":"follow","max-snippet":"max-snippet:-1","max-image-preview":"max-image-preview:large","max-video-preview":"max-video-preview:-1"},"canonical":"https:\/\/vapemaison.com\/pl\/produkt\/elf-bar-18000-kiwi-ananas-lod\/","og_locale":"pl_PL","og_type":"article","og_title":"Elf bar 18000 Disposable Vape \u2013 Smooth Draw","og_description":"Experience the elf bar 18000k th rich flavor, up to 18k puff, and a sleek, portable design. Enjoy smooth, consistent performance with zero maintenance.","og_url":"https:\/\/vapemaison.com\/pl\/produkt\/elf-bar-18000-kiwi-ananas-lod\/","og_site_name":"VapeMaison","article_modified_time":"2026-04-14T07:28:24+00:00","og_image":[{"width":536,"height":536,"url":"https:\/\/vapemaison.com\/wp-content\/uploads\/2025\/11\/elf-bar-fs18000-kiwi-pineapple-ice-disposable-pod-vape-50mg.webp","type":"image\/webp"}],"twitter_card":"summary_large_image","twitter_misc":{"Szacowany czas czytania":"2 minuty"},"schema":{"@context":"https:\/\/schema.org","@graph":[{"@type":"WebPage","@id":"https:\/\/vapemaison.com\/product\/elf-bar-18000-kiwi-pineapple-ice\/","url":"https:\/\/vapemaison.com\/product\/elf-bar-18000-kiwi-pineapple-ice\/","name":"Vape jednorazowe Elf bar 18000 - g\u0142adki ci\u0105g","isPartOf":{"@id":"https:\/\/vapemaison.com\/#website"},"primaryImageOfPage":{"@id":"https:\/\/vapemaison.com\/product\/elf-bar-18000-kiwi-pineapple-ice\/#primaryimage"},"image":{"@id":"https:\/\/vapemaison.com\/product\/elf-bar-18000-kiwi-pineapple-ice\/#primaryimage"},"thumbnailUrl":"https:\/\/vapemaison.com\/wp-content\/uploads\/2025\/11\/elf-bar-fs18000-kiwi-pineapple-ice-disposable-pod-vape-50mg.webp","datePublished":"2026-01-31T05:50:19+00:00","dateModified":"2026-04-14T07:28:24+00:00","description":"elf bar 18000k to bogaty smak, do 18 tys. puff\u00f3w i elegancka, przeno\u015bna konstrukcja. Ciesz si\u0119 p\u0142ynn\u0105, sta\u0142\u0105 wydajno\u015bci\u0105 przy zerowej konserwacji.","breadcrumb":{"@id":"https:\/\/vapemaison.com\/product\/elf-bar-18000-kiwi-pineapple-ice\/#breadcrumb"},"inLanguage":"pl-PL","potentialAction":[{"@type":"ReadAction","target":["https:\/\/vapemaison.com\/product\/elf-bar-18000-kiwi-pineapple-ice\/"]}]},{"@type":"ImageObject","inLanguage":"pl-PL","@id":"https:\/\/vapemaison.com\/product\/elf-bar-18000-kiwi-pineapple-ice\/#primaryimage","url":"https:\/\/vapemaison.com\/wp-content\/uploads\/2025\/11\/elf-bar-fs18000-kiwi-pineapple-ice-disposable-pod-vape-50mg.webp","contentUrl":"https:\/\/vapemaison.com\/wp-content\/uploads\/2025\/11\/elf-bar-fs18000-kiwi-pineapple-ice-disposable-pod-vape-50mg.webp","width":536,"height":536,"caption":"Elf Bar Fs Kiwi Pineapple Ice Disposable Vape Pod 50mg"},{"@type":"BreadcrumbList","@id":"https:\/\/vapemaison.com\/product\/elf-bar-18000-kiwi-pineapple-ice\/#breadcrumb","itemListElement":[{"@type":"ListItem","position":1,"name":"\u9996\u9875","item":"https:\/\/vapemaison.com\/"},{"@type":"ListItem","position":2,"name":"Shop","item":"https:\/\/vapemaison.com\/shop\/"},{"@type":"ListItem","position":3,"name":"Elfbar","item":"https:\/\/vapemaison.com\/brand\/elfbar\/"},{"@type":"ListItem","position":4,"name":"ELF BAR 18000 Kiwi Pineapple Ice"}]},{"@type":"WebSite","@id":"https:\/\/vapemaison.com\/#website","url":"https:\/\/vapemaison.com\/","name":"VapeMaison","description":"Wysokiej jako\u015bci urz\u0105dzenia i akcesoria do waporyzacji","publisher":{"@id":"https:\/\/vapemaison.com\/#organization"},"potentialAction":[{"@type":"SearchAction","target":{"@type":"EntryPoint","urlTemplate":"https:\/\/vapemaison.com\/?s={search_term_string}"},"query-input":{"@type":"PropertyValueSpecification","valueRequired":true,"valueName":"search_term_string"}}],"inLanguage":"pl-PL"},{"@type":"Organization","@id":"https:\/\/vapemaison.com\/#organization","name":"VapeMaison","url":"https:\/\/vapemaison.com\/","logo":{"@type":"ImageObject","inLanguage":"pl-PL","@id":"https:\/\/vapemaison.com\/#\/schema\/logo\/image\/","url":"https:\/\/vapemaison.com\/wp-content\/uploads\/2026\/01\/cropped-vapemaison-logo-g-2026.webp","contentUrl":"https:\/\/vapemaison.com\/wp-content\/uploads\/2026\/01\/cropped-vapemaison-logo-g-2026.webp","width":350,"height":280,"caption":"VapeMaison"},"image":{"@id":"https:\/\/vapemaison.com\/#\/schema\/logo\/image\/"},"sameAs":["https:\/\/www.youtube.com\/@VapeMaison"]}]}},"tiered_pricing_type":"fixed","tiered_pricing_fixed_rules":{"30":"15.42","50":"14.12","100":"12.78","200":"11.98"},"tiered_pricing_product_settings":{"layout":"default","base_unit_name":{"singular":null,"plural":null},"default_variation":null},"tiered_pricing_minimum_quantity":10,"tiered_pricing_roles_data":[],"tiered_pricing_percentage_rules":[],"tiered_pricing_maximum_quantity":null,"tiered_pricing_quantity_step":"10","_links":{"self":[{"href":"https:\/\/vapemaison.com\/pl\/wp-json\/wp\/v2\/product\/26566","targetHints":{"allow":["GET"]}}],"collection":[{"href":"https:\/\/vapemaison.com\/pl\/wp-json\/wp\/v2\/product"}],"about":[{"href":"https:\/\/vapemaison.com\/pl\/wp-json\/wp\/v2\/types\/product"}],"replies":[{"embeddable":true,"href":"https:\/\/vapemaison.com\/pl\/wp-json\/wp\/v2\/comments?post=26566"}],"version-history":[{"count":2,"href":"https:\/\/vapemaison.com\/pl\/wp-json\/wp\/v2\/product\/26566\/revisions"}],"predecessor-version":[{"id":29395,"href":"https:\/\/vapemaison.com\/pl\/wp-json\/wp\/v2\/product\/26566\/revisions\/29395"}],"wp:featuredmedia":[{"embeddable":true,"href":"https:\/\/vapemaison.com\/pl\/wp-json\/wp\/v2\/media\/13955"}],"wp:attachment":[{"href":"https:\/\/vapemaison.com\/pl\/wp-json\/wp\/v2\/media?parent=26566"}],"wp:term":[{"taxonomy":"product_brand","embeddable":true,"href":"https:\/\/vapemaison.com\/pl\/wp-json\/wp\/v2\/product_brand?post=26566"},{"taxonomy":"product_cat","embeddable":true,"href":"https:\/\/vapemaison.com\/pl\/wp-json\/wp\/v2\/product_cat?post=26566"},{"taxonomy":"product_tag","embeddable":true,"href":"https:\/\/vapemaison.com\/pl\/wp-json\/wp\/v2\/product_tag?post=26566"}],"curies":[{"name":"wp","href":"https:\/\/api.w.org\/{rel}","templated":true}]}}