

{"id":26604,"date":"2026-01-31T07:30:36","date_gmt":"2026-01-31T07:30:36","guid":{"rendered":"https:\/\/vapemaison.com\/?post_type=product&#038;p=26604"},"modified":"2026-03-24T07:43:39","modified_gmt":"2026-03-24T07:43:39","slug":"solaris-tequila-don-leon-1942-30000-zaciagniec-jednorazowy-vape","status":"publish","type":"product","link":"https:\/\/vapemaison.com\/pl\/product\/solaris-tequila-don-leon-1942-30000-puffs-disposable-vape\/","title":{"rendered":"Solaris Tequila Don Leon 1942 - 30000 zaci\u0105gni\u0119\u0107 jednorazowego u\u017cytku Vape"},"content":{"rendered":"<p>The <strong>Solaris Tequila Don Leon 1942<\/strong> wyr\u00f3\u017cnia si\u0119 designem inspirowanym kultow\u0105 butelk\u0105 tequili z 1942 roku. \u0141\u0105czy on charakterystyczny, luksusowy wygl\u0105d z praktyczn\u0105 wydajno\u015bci\u0105, kt\u00f3rej u\u017cytkownicy oczekuj\u0105 od urz\u0105dzenia o du\u017cej pojemno\u015bci. Rezultatem jest waporyzator, kt\u00f3ry wygl\u0105da wyj\u0105tkowo, a jednocze\u015bnie jest niezawodny w codziennym u\u017cytkowaniu.<\/p>\n\n\n\n<p>Wbudowany <strong>wy\u015bwietlacz akumulatora<\/strong> Zwi\u0119ksza wygod\u0119, umo\u017cliwiaj\u0105c sprawdzenie poziomu mocy na pierwszy rzut oka i unikni\u0119cie nieoczekiwanych przestoj\u00f3w.<\/p>\n\n\n\n<h3 class=\"wp-block-heading\"><strong>Zaprojektowany do d\u0142ugiego u\u017cytkowania<\/strong><\/h3>\n\n\n\n<p>To urz\u0105dzenie jest przeznaczone dla u\u017cytkownik\u00f3w, kt\u00f3rzy preferuj\u0105 rzadsze wymiany i d\u0142u\u017cszy czas u\u017cytkowania.<\/p>\n\n\n\n<ul class=\"wp-block-list\">\n<li><strong>Do 30 000 zaci\u0105gni\u0119\u0107<\/strong><\/li>\n\n\n\n<li><strong>Pojemno\u015b\u0107 e-liquidu 24 ml<\/strong><\/li>\n<\/ul>\n\n\n\n<p>Du\u017ca obj\u0119to\u015b\u0107 e-liquidu i wydajna struktura wewn\u0119trzna pomagaj\u0105 utrzyma\u0107 stabiln\u0105 wydajno\u015b\u0107 przez d\u0142u\u017cszy czas, dzi\u0119ki czemu nadaje si\u0119 dla regularnych u\u017cytkownik\u00f3w.<\/p>\n\n\n\n<h3 class=\"wp-block-heading\"><strong>G\u0142adki i sp\u00f3jny smak<\/strong><\/h3>\n\n\n\n<p>Wyposa\u017cony w <strong>Cewka o oczkach 1,2\u03a9<\/strong>, Solaris 1942 koncentruje si\u0119 na stabilnej produkcji pary i wyra\u017anym dostarczaniu smaku. Technologia cewki siatkowej pomaga r\u00f3wnomiernie podgrza\u0107 e-ciecz, wspieraj\u0105c:<\/p>\n\n\n\n<ul class=\"wp-block-list\">\n<li>P\u0142ynniejsze rysowanie<\/li>\n\n\n\n<li>Bardziej zdefiniowany smak<\/li>\n\n\n\n<li>Niezawodna wydajno\u015b\u0107 przez ca\u0142y okres u\u017cytkowania<\/li>\n<\/ul>\n\n\n\n<h3 class=\"wp-block-heading\"><strong>Mo\u017cliwo\u015b\u0107 \u0142adowania dla pe\u0142nego wykorzystania<\/strong><\/h3>\n\n\n\n<p>Urz\u0105dzenie zawiera <strong>Akumulator 650 mAh<\/strong> z <strong>\u0141adowanie typu C<\/strong>, umo\u017cliwiaj\u0105c \u0142adowanie w razie potrzeby zamiast przedwczesnego wyrzucania urz\u0105dzenia. Pomaga to zapewni\u0107 efektywne wykorzystanie e-liquidu przy jednoczesnym zachowaniu prostoty codziennej obs\u0142ugi.<\/p>\n\n\n\n<p><strong>Moc nikotyny:<\/strong> 2%<br>Zapewnia zr\u00f3wnowa\u017cone uderzenie w gard\u0142o dla u\u017cytkownik\u00f3w preferuj\u0105cych umiarkowany poziom nikotyny.<\/p>\n\n\n\n<h3 class=\"wp-block-heading\"><strong>Kluczowe cechy<\/strong><\/h3>\n\n\n\n<figure class=\"wp-block-table is-style-stripes\"><table class=\"has-fixed-layout\"><thead><tr><th><strong>Specyfikacja<\/strong><\/th><th><strong>Szczeg\u00f3\u0142y<\/strong><\/th><\/tr><\/thead><tbody><tr><td><strong>Nazwa produktu<\/strong><\/td><td>Solaris Tequila Don Leon 1942 Vape jednorazowego u\u017cytku<\/td><\/tr><tr><td><strong>Pojemno\u015b\u0107 dmuchawy<\/strong><\/td><td>Do <a href=\"https:\/\/vapemaison.com\/product-category\/puffs-count\/30k-puffs\/\">30000 zaci\u0105gni\u0119\u0107<\/a><\/td><\/tr><tr><td><strong>Si\u0142a nikotyny<\/strong><\/td><td>2%<\/td><\/tr><tr><td><strong>Pojemno\u015b\u0107 E-Liquid<\/strong><\/td><td>24 ml<\/td><\/tr><tr><td><strong>Typ cewki<\/strong><\/td><td>Siatkowa cewka 1,2\u03a9<\/td><\/tr><tr><td><strong>Pojemno\u015b\u0107 akumulatora<\/strong><\/td><td>Akumulator 650 mAh<\/td><\/tr><tr><td><strong>Port \u0142adowania<\/strong><\/td><td>Typ-C<\/td><\/tr><tr><td><strong>Wy\u015bwietlacz<\/strong><\/td><td>Wy\u015bwietlacz poziomu na\u0142adowania akumulatora<\/td><\/tr><tr><td><strong>Styl projektowania<\/strong><\/td><td>1942 Projekt inspirowany butelk\u0105 tequili<\/td><\/tr><tr><td><strong>Typ u\u017cytkowania<\/strong><\/td><td>Jednorazowego u\u017cytku (akumulator)<\/td><\/tr><tr><td><strong>Opakowanie<\/strong><\/td><td>10 sztuk w opakowaniu<\/td><\/tr><\/tbody><\/table><\/figure>\n\n\n\n<h3 class=\"wp-block-heading\"><strong>Dost\u0119pne smaki<\/strong><\/h3>\n\n\n\n<ul class=\"wp-block-list\">\n<li>Arbuzowy l\u00f3d<\/li>\n\n\n\n<li>Truskawka Kiwi<\/li>\n\n\n\n<li>Soczysta brzoskwinia<\/li>\n\n\n\n<li>Arbuz truskawkowy<\/li>\n\n\n\n<li>Czerwony szampan brzoskwiniowy<\/li>\n\n\n\n<li>Blue Razz<\/li>\n\n\n\n<li>L\u00f3d jagodowy<\/li>\n\n\n\n<li>Jagody mieszane<\/li>\n\n\n\n<li>Mango z owocami m\u0119czennicy<\/li>\n\n\n\n<li>Cherry Dragon Fruit<\/li>\n<\/ul>\n\n\n\n<p>Ka\u017cdy smak zosta\u0142 opracowany tak, aby zapewni\u0107 wyra\u017any i przyjemny profil smakowy, umo\u017cliwiaj\u0105c u\u017cytkownikom wyb\u00f3r w oparciu o ich preferencje dotycz\u0105ce owoc\u00f3w, lodu lub nut mieszanych.<\/p>\n\n\n\n<h3 class=\"wp-block-heading\"><strong>Dla kogo przeznaczone jest to urz\u0105dzenie<\/strong><\/h3>\n\n\n\n<p>Solaris Tequila Don Leon 1942 jest odpowiedni dla u\u017cytkownik\u00f3w, kt\u00f3rzy chc\u0105:<\/p>\n\n\n\n<ul class=\"wp-block-list\">\n<li>Urz\u0105dzenie wyr\u00f3\u017cniaj\u0105ce si\u0119 wizualnie<\/li>\n\n\n\n<li>Wysoka wydajno\u015b\u0107 nadmuchu<\/li>\n\n\n\n<li>Wygoda \u0142adowania<\/li>\n\n\n\n<li>Stabilna wydajno\u015b\u0107 na co dzie\u0144<\/li>\n<\/ul>\n\n\n\n<p>Sprawdza si\u0119 r\u00f3wnie\u017c w przypadku sprzedawc\u00f3w detalicznych i hurtowych poszukuj\u0105cych produktu, kt\u00f3ry \u0142\u0105czy w sobie atrakcyjno\u015b\u0107 na p\u00f3\u0142ce z praktycznymi specyfikacjami.<\/p>\n\n\n\n<p>Zobacz podobne produkty, <a href=\"https:\/\/vapemaison.com\/product\/solaris-champagne-30k-puffs-rechargeable-disposable-vape\/\">Szampan 30 tys.<\/a><\/p>\n\n\n\n<p><\/p>","protected":false},"excerpt":{"rendered":"<p>Zbudowany z my\u015bl\u0105 o d\u0142u\u017cszym u\u017cytkowaniu z du\u017c\u0105 pojemno\u015bci\u0105 zaci\u0105gania si\u0119, co zapewnia wi\u0119cej sesji przed konieczno\u015bci\u0105 wymiany. G\u0142adki smak cewki siatkowej i wyr\u00f3\u017cniaj\u0105cy si\u0119 design sprawiaj\u0105, \u017ce jest on zar\u00f3wno praktyczny, jak i przyci\u0105gaj\u0105cy wzrok.<\/p>","protected":false},"featured_media":26610,"comment_status":"open","ping_status":"closed","template":"","meta":[],"product_brand":[],"product_cat":[16],"product_tag":[],"class_list":{"0":"post-26604","1":"product","2":"type-product","3":"status-publish","4":"has-post-thumbnail","6":"product_cat-uncategorized","8":"first","9":"instock","10":"sale","11":"shipping-taxable","12":"purchasable","13":"product-type-variable"},"yoast_head":"<!-- This site is optimized with the Yoast SEO plugin v27.4 - https:\/\/yoast.com\/product\/yoast-seo-wordpress\/ -->\n<title>Solaris Tequila Don Leon 1942 30K Disposable Vape \u2013 30000 Puff<\/title>\n<meta name=\"description\" content=\"Solaris Tequila Don Leon 1942 disposable vape with up to 30,000 puffs, 24mL e-liquid, mesh coil, rechargeable battery, and unique bottle design.\" \/>\n<meta name=\"robots\" content=\"index, follow, max-snippet:-1, max-image-preview:large, max-video-preview:-1\" \/>\n<link rel=\"canonical\" href=\"https:\/\/vapemaison.com\/pl\/produkt\/solaris-tequila-don-leon-1942-30000-zaciagniec-jednorazowy-vape\/\" \/>\n<meta property=\"og:locale\" content=\"pl_PL\" \/>\n<meta property=\"og:type\" content=\"article\" \/>\n<meta property=\"og:title\" content=\"Solaris Tequila Don Leon 1942 30K Disposable Vape \u2013 30000 Puff\" \/>\n<meta property=\"og:description\" content=\"Solaris Tequila Don Leon 1942 disposable vape with up to 30,000 puffs, 24mL e-liquid, mesh coil, rechargeable battery, and unique bottle design.\" \/>\n<meta property=\"og:url\" content=\"https:\/\/vapemaison.com\/pl\/produkt\/solaris-tequila-don-leon-1942-30000-zaciagniec-jednorazowy-vape\/\" \/>\n<meta property=\"og:site_name\" content=\"VapeMaison\" \/>\n<meta property=\"article:modified_time\" content=\"2026-03-24T07:43:39+00:00\" \/>\n<meta property=\"og:image\" content=\"https:\/\/vapemaison.com\/wp-content\/uploads\/2026\/01\/solaris-tequila-don-leon-1942-30000-30k-puffs-main-image.jpg.webp\" \/>\n\t<meta property=\"og:image:width\" content=\"2048\" \/>\n\t<meta property=\"og:image:height\" content=\"2048\" \/>\n\t<meta property=\"og:image:type\" content=\"image\/webp\" \/>\n<meta name=\"twitter:card\" content=\"summary_large_image\" \/>\n<meta name=\"twitter:label1\" content=\"Szacowany czas czytania\" \/>\n\t<meta name=\"twitter:data1\" content=\"2 minuty\" \/>\n<!-- \/ Yoast SEO plugin. -->","yoast_head_json":{"title":"Solaris Tequila Don Leon 1942 30K jednorazowy Vape - 30000 zaci\u0105gni\u0119\u0107","description":"Jednorazowy waporyzator Solaris Tequila Don Leon 1942 oferuje do 30 000 zaci\u0105gni\u0119\u0107, 24 ml e-liquidu, cewk\u0119 siatkow\u0105, akumulator i unikalny design butelki.","robots":{"index":"index","follow":"follow","max-snippet":"max-snippet:-1","max-image-preview":"max-image-preview:large","max-video-preview":"max-video-preview:-1"},"canonical":"https:\/\/vapemaison.com\/pl\/produkt\/solaris-tequila-don-leon-1942-30000-zaciagniec-jednorazowy-vape\/","og_locale":"pl_PL","og_type":"article","og_title":"Solaris Tequila Don Leon 1942 30K Disposable Vape \u2013 30000 Puff","og_description":"Solaris Tequila Don Leon 1942 disposable vape with up to 30,000 puffs, 24mL e-liquid, mesh coil, rechargeable battery, and unique bottle design.","og_url":"https:\/\/vapemaison.com\/pl\/produkt\/solaris-tequila-don-leon-1942-30000-zaciagniec-jednorazowy-vape\/","og_site_name":"VapeMaison","article_modified_time":"2026-03-24T07:43:39+00:00","og_image":[{"width":2048,"height":2048,"url":"https:\/\/vapemaison.com\/wp-content\/uploads\/2026\/01\/solaris-tequila-don-leon-1942-30000-30k-puffs-main-image.jpg.webp","type":"image\/webp"}],"twitter_card":"summary_large_image","twitter_misc":{"Szacowany czas czytania":"2 minuty"},"schema":{"@context":"https:\/\/schema.org","@graph":[{"@type":"WebPage","@id":"https:\/\/vapemaison.com\/product\/solaris-tequila-don-leon-1942-30000-puffs-disposable-vape\/","url":"https:\/\/vapemaison.com\/product\/solaris-tequila-don-leon-1942-30000-puffs-disposable-vape\/","name":"Solaris Tequila Don Leon 1942 30K jednorazowy Vape - 30000 zaci\u0105gni\u0119\u0107","isPartOf":{"@id":"https:\/\/vapemaison.com\/#website"},"primaryImageOfPage":{"@id":"https:\/\/vapemaison.com\/product\/solaris-tequila-don-leon-1942-30000-puffs-disposable-vape\/#primaryimage"},"image":{"@id":"https:\/\/vapemaison.com\/product\/solaris-tequila-don-leon-1942-30000-puffs-disposable-vape\/#primaryimage"},"thumbnailUrl":"https:\/\/vapemaison.com\/wp-content\/uploads\/2026\/01\/solaris-tequila-don-leon-1942-30000-30k-puffs-main-image.jpg.webp","datePublished":"2026-01-31T07:30:36+00:00","dateModified":"2026-03-24T07:43:39+00:00","description":"Jednorazowy waporyzator Solaris Tequila Don Leon 1942 oferuje do 30 000 zaci\u0105gni\u0119\u0107, 24 ml e-liquidu, cewk\u0119 siatkow\u0105, akumulator i unikalny design butelki.","breadcrumb":{"@id":"https:\/\/vapemaison.com\/product\/solaris-tequila-don-leon-1942-30000-puffs-disposable-vape\/#breadcrumb"},"inLanguage":"pl-PL","potentialAction":[{"@type":"ReadAction","target":["https:\/\/vapemaison.com\/product\/solaris-tequila-don-leon-1942-30000-puffs-disposable-vape\/"]}]},{"@type":"ImageObject","inLanguage":"pl-PL","@id":"https:\/\/vapemaison.com\/product\/solaris-tequila-don-leon-1942-30000-puffs-disposable-vape\/#primaryimage","url":"https:\/\/vapemaison.com\/wp-content\/uploads\/2026\/01\/solaris-tequila-don-leon-1942-30000-30k-puffs-main-image.jpg.webp","contentUrl":"https:\/\/vapemaison.com\/wp-content\/uploads\/2026\/01\/solaris-tequila-don-leon-1942-30000-30k-puffs-main-image.jpg.webp","width":2048,"height":2048,"caption":"Solaris Tequila Don Leon 30k Puffs Main Image.jpg Disposable Vape Device"},{"@type":"BreadcrumbList","@id":"https:\/\/vapemaison.com\/product\/solaris-tequila-don-leon-1942-30000-puffs-disposable-vape\/#breadcrumb","itemListElement":[{"@type":"ListItem","position":1,"name":"\u9996\u9875","item":"https:\/\/vapemaison.com\/"},{"@type":"ListItem","position":2,"name":"Shop","item":"https:\/\/vapemaison.com\/shop\/"},{"@type":"ListItem","position":3,"name":"Solaris Tequila Don Leon 1942 \u2013 30000 Puffs Disposable Vape"}]},{"@type":"WebSite","@id":"https:\/\/vapemaison.com\/#website","url":"https:\/\/vapemaison.com\/","name":"VapeMaison","description":"Wysokiej jako\u015bci urz\u0105dzenia i akcesoria do waporyzacji","publisher":{"@id":"https:\/\/vapemaison.com\/#organization"},"potentialAction":[{"@type":"SearchAction","target":{"@type":"EntryPoint","urlTemplate":"https:\/\/vapemaison.com\/?s={search_term_string}"},"query-input":{"@type":"PropertyValueSpecification","valueRequired":true,"valueName":"search_term_string"}}],"inLanguage":"pl-PL"},{"@type":"Organization","@id":"https:\/\/vapemaison.com\/#organization","name":"VapeMaison","url":"https:\/\/vapemaison.com\/","logo":{"@type":"ImageObject","inLanguage":"pl-PL","@id":"https:\/\/vapemaison.com\/#\/schema\/logo\/image\/","url":"https:\/\/vapemaison.com\/wp-content\/uploads\/2026\/01\/cropped-vapemaison-logo-g-2026.webp","contentUrl":"https:\/\/vapemaison.com\/wp-content\/uploads\/2026\/01\/cropped-vapemaison-logo-g-2026.webp","width":350,"height":280,"caption":"VapeMaison"},"image":{"@id":"https:\/\/vapemaison.com\/#\/schema\/logo\/image\/"},"sameAs":["https:\/\/www.youtube.com\/@VapeMaison"]}]}},"tiered_pricing_type":"fixed","tiered_pricing_fixed_rules":{"30":"9.63","50":"9.12","100":"8.84","200":"8.26"},"tiered_pricing_product_settings":{"layout":"default","base_unit_name":{"singular":null,"plural":null},"default_variation":null},"tiered_pricing_minimum_quantity":10,"tiered_pricing_roles_data":[],"tiered_pricing_percentage_rules":[],"tiered_pricing_maximum_quantity":null,"tiered_pricing_quantity_step":"10","_links":{"self":[{"href":"https:\/\/vapemaison.com\/pl\/wp-json\/wp\/v2\/product\/26604","targetHints":{"allow":["GET"]}}],"collection":[{"href":"https:\/\/vapemaison.com\/pl\/wp-json\/wp\/v2\/product"}],"about":[{"href":"https:\/\/vapemaison.com\/pl\/wp-json\/wp\/v2\/types\/product"}],"replies":[{"embeddable":true,"href":"https:\/\/vapemaison.com\/pl\/wp-json\/wp\/v2\/comments?post=26604"}],"version-history":[{"count":4,"href":"https:\/\/vapemaison.com\/pl\/wp-json\/wp\/v2\/product\/26604\/revisions"}],"predecessor-version":[{"id":28411,"href":"https:\/\/vapemaison.com\/pl\/wp-json\/wp\/v2\/product\/26604\/revisions\/28411"}],"wp:featuredmedia":[{"embeddable":true,"href":"https:\/\/vapemaison.com\/pl\/wp-json\/wp\/v2\/media\/26610"}],"wp:attachment":[{"href":"https:\/\/vapemaison.com\/pl\/wp-json\/wp\/v2\/media?parent=26604"}],"wp:term":[{"taxonomy":"product_brand","embeddable":true,"href":"https:\/\/vapemaison.com\/pl\/wp-json\/wp\/v2\/product_brand?post=26604"},{"taxonomy":"product_cat","embeddable":true,"href":"https:\/\/vapemaison.com\/pl\/wp-json\/wp\/v2\/product_cat?post=26604"},{"taxonomy":"product_tag","embeddable":true,"href":"https:\/\/vapemaison.com\/pl\/wp-json\/wp\/v2\/product_tag?post=26604"}],"curies":[{"name":"wp","href":"https:\/\/api.w.org\/{rel}","templated":true}]}}